{"id":1031,"date":"2020-09-16T16:32:41","date_gmt":"2020-09-16T19:32:41","guid":{"rendered":"https:\/\/museudofutebol.org.br\/teste\/?page_id=1031"},"modified":"2024-09-16T15:34:29","modified_gmt":"2024-09-16T18:34:29","slug":"auditorio-armando-nogueira","status":"publish","type":"page","link":"https:\/\/museudofutebol.org.br\/teste\/seu-evento-aqui\/auditorio-armando-nogueira\/","title":{"rendered":"Audit\u00f3rio Armando Nogueira"},"content":{"rendered":"<div class=\"wpb-content-wrapper\"><p>[vc_row][vc_column width=&#8221;2\/3&#8243;][vc_column_text]Um espa\u00e7o aconchegante usado para palestras, lan\u00e7amentos de produtos, <em>workshops, <\/em>entre outros eventos. Oferece \u00e1rea de recep\u00e7\u00e3o, cabine de som e luz, duas salas para tradu\u00e7\u00e3o simult\u00e2nea e <em>backstage<\/em>.<\/p>\n<ul>\n<li>174 cadeiras fixas<\/li>\n<li>4 espa\u00e7os para cadeirantes<\/li>\n<li>Equipamento de \u00e1udio, v\u00eddeo e ilumina\u00e7\u00e3o.<\/li>\n<\/ul>\n<p>[\/vc_column_text][\/vc_column][vc_column width=&#8221;1\/3&#8243;][vc_wp_custommenu nav_menu=&#8221;25&#8243;][\/vc_column][\/vc_row][vc_row el_class=&#8221;bloco-galeria&#8221;][vc_column][vc_custom_heading text=&#8221;Galeria&#8221; font_container=&#8221;tag:h3|text_align:left&#8221; use_theme_fonts=&#8221;yes&#8221; el_id=&#8221;Galeria&#8221; el_class=&#8221;header-secao&#8221;][vc_masonry_media_grid style=&#8221;load-more&#8221; items_per_page=&#8221;4&#8243; element_width=&#8221;3&#8243; gap=&#8221;3&#8243; btn_title=&#8221;MAIS&#8221; btn_shape=&#8221;square&#8221; btn_color=&#8221;black&#8221; btn_size=&#8221;sm&#8221; grid_id=&#8221;vc_gid:1726511718927-76e3b23b-e5a7-0&#8243; include=&#8221;1046,1047,1048,1049,1050,1051,1052,1053,1054,1544,1545&#8243;][\/vc_column][\/vc_row][vc_row][vc_column][vc_custom_heading text=&#8221;Contato&#8221; font_container=&#8221;tag:h3|text_align:left&#8221; use_theme_fonts=&#8221;yes&#8221; el_class=&#8221;header-secao&#8221;][vc_column_text]Agende uma visita t\u00e9cnica e\/ou solicite um or\u00e7amento:<\/p>\n<p>eventos@museudofutebol.org.br\/teste | 11 3664-3855[\/vc_column_text][\/vc_column][\/vc_row]<\/p>\n<\/div>","protected":false},"excerpt":{"rendered":"<p>[vc_row][vc_column width=&#8221;2\/3&#8243;][vc_column_text]Um espa\u00e7o aconchegante usado para palestras, lan\u00e7amentos de produtos, workshops, entre outros eventos. Oferece \u00e1rea de recep\u00e7\u00e3o, cabine de som e luz, duas salas para<span class=\"excerpt-hellip\"> [\u2026]<\/span><\/p>\n","protected":false},"author":4,"featured_media":0,"parent":94,"menu_order":0,"comment_status":"closed","ping_status":"closed","template":"","meta":[],"acf":[],"yoast_head":"<!-- This site is optimized with the Yoast SEO plugin v20.8 - https:\/\/yoast.com\/wordpress\/plugins\/seo\/ -->\n<title>Audit\u00f3rio Armando Nogueira - Museu do Futebol<\/title>\n<meta name=\"robots\" content=\"index, follow, max-snippet:-1, max-image-preview:large, max-video-preview:-1\" \/>\n<link rel=\"canonical\" href=\"https:\/\/museudofutebol.org.br\/teste\/seu-evento-aqui\/auditorio-armando-nogueira\/\" \/>\n<meta property=\"og:locale\" content=\"pt_BR\" \/>\n<meta property=\"og:type\" content=\"article\" \/>\n<meta property=\"og:title\" content=\"Audit\u00f3rio Armando Nogueira - Museu do Futebol\" \/>\n<meta property=\"og:description\" content=\"[vc_row][vc_column width=&#8221;2\/3&#8243;][vc_column_text]Um espa\u00e7o aconchegante usado para palestras, lan\u00e7amentos de produtos, workshops, entre outros eventos. Oferece \u00e1rea de recep\u00e7\u00e3o, cabine de som e luz, duas salas para [\u2026]\" \/>\n<meta property=\"og:url\" content=\"https:\/\/museudofutebol.org.br\/teste\/seu-evento-aqui\/auditorio-armando-nogueira\/\" \/>\n<meta property=\"og:site_name\" content=\"Museu do Futebol\" \/>\n<meta property=\"article:publisher\" content=\"https:\/\/www.facebook.com\/museudofutebol\" \/>\n<meta property=\"article:modified_time\" content=\"2024-09-16T18:34:29+00:00\" \/>\n<meta name=\"twitter:card\" content=\"summary_large_image\" \/>\n<meta name=\"twitter:site\" content=\"@museudofutebol\" \/>\n<meta name=\"twitter:label1\" content=\"Est. tempo de leitura\" \/>\n\t<meta name=\"twitter:data1\" content=\"1 minuto\" \/>\n<script type=\"application\/ld+json\" class=\"yoast-schema-graph\">{\"@context\":\"https:\/\/schema.org\",\"@graph\":[{\"@type\":\"WebPage\",\"@id\":\"https:\/\/museudofutebol.org.br\/teste\/seu-evento-aqui\/auditorio-armando-nogueira\/\",\"url\":\"https:\/\/museudofutebol.org.br\/teste\/seu-evento-aqui\/auditorio-armando-nogueira\/\",\"name\":\"Audit\u00f3rio Armando Nogueira - Museu do Futebol\",\"isPartOf\":{\"@id\":\"https:\/\/museudofutebol.org.br\/teste\/#website\"},\"datePublished\":\"2020-09-16T19:32:41+00:00\",\"dateModified\":\"2024-09-16T18:34:29+00:00\",\"breadcrumb\":{\"@id\":\"https:\/\/museudofutebol.org.br\/teste\/seu-evento-aqui\/auditorio-armando-nogueira\/#breadcrumb\"},\"inLanguage\":\"pt-BR\",\"potentialAction\":[{\"@type\":\"ReadAction\",\"target\":[\"https:\/\/museudofutebol.org.br\/teste\/seu-evento-aqui\/auditorio-armando-nogueira\/\"]}]},{\"@type\":\"BreadcrumbList\",\"@id\":\"https:\/\/museudofutebol.org.br\/teste\/seu-evento-aqui\/auditorio-armando-nogueira\/#breadcrumb\",\"itemListElement\":[{\"@type\":\"ListItem\",\"position\":1,\"name\":\"In\u00edcio\",\"item\":\"https:\/\/museudofutebol.org.br\/teste\/\"},{\"@type\":\"ListItem\",\"position\":2,\"name\":\"Fa\u00e7a seu evento\",\"item\":\"https:\/\/museudofutebol.org.br\/teste\/seu-evento-aqui\/\"},{\"@type\":\"ListItem\",\"position\":3,\"name\":\"Audit\u00f3rio Armando Nogueira\"}]},{\"@type\":\"WebSite\",\"@id\":\"https:\/\/museudofutebol.org.br\/teste\/#website\",\"url\":\"https:\/\/museudofutebol.org.br\/teste\/\",\"name\":\"Museu do Futebol\",\"description\":\"\",\"potentialAction\":[{\"@type\":\"SearchAction\",\"target\":{\"@type\":\"EntryPoint\",\"urlTemplate\":\"https:\/\/museudofutebol.org.br\/teste\/?s={search_term_string}\"},\"query-input\":\"required name=search_term_string\"}],\"inLanguage\":\"pt-BR\"}]}<\/script>\n<!-- \/ Yoast SEO plugin. -->","yoast_head_json":{"title":"Audit\u00f3rio Armando Nogueira - Museu do Futebol","robots":{"index":"index","follow":"follow","max-snippet":"max-snippet:-1","max-image-preview":"max-image-preview:large","max-video-preview":"max-video-preview:-1"},"canonical":"https:\/\/museudofutebol.org.br\/teste\/seu-evento-aqui\/auditorio-armando-nogueira\/","og_locale":"pt_BR","og_type":"article","og_title":"Audit\u00f3rio Armando Nogueira - Museu do Futebol","og_description":"[vc_row][vc_column width=&#8221;2\/3&#8243;][vc_column_text]Um espa\u00e7o aconchegante usado para palestras, lan\u00e7amentos de produtos, workshops, entre outros eventos. Oferece \u00e1rea de recep\u00e7\u00e3o, cabine de som e luz, duas salas para [\u2026]","og_url":"https:\/\/museudofutebol.org.br\/teste\/seu-evento-aqui\/auditorio-armando-nogueira\/","og_site_name":"Museu do Futebol","article_publisher":"https:\/\/www.facebook.com\/museudofutebol","article_modified_time":"2024-09-16T18:34:29+00:00","twitter_card":"summary_large_image","twitter_site":"@museudofutebol","twitter_misc":{"Est. tempo de leitura":"1 minuto"},"schema":{"@context":"https:\/\/schema.org","@graph":[{"@type":"WebPage","@id":"https:\/\/museudofutebol.org.br\/teste\/seu-evento-aqui\/auditorio-armando-nogueira\/","url":"https:\/\/museudofutebol.org.br\/teste\/seu-evento-aqui\/auditorio-armando-nogueira\/","name":"Audit\u00f3rio Armando Nogueira - Museu do Futebol","isPartOf":{"@id":"https:\/\/museudofutebol.org.br\/teste\/#website"},"datePublished":"2020-09-16T19:32:41+00:00","dateModified":"2024-09-16T18:34:29+00:00","breadcrumb":{"@id":"https:\/\/museudofutebol.org.br\/teste\/seu-evento-aqui\/auditorio-armando-nogueira\/#breadcrumb"},"inLanguage":"pt-BR","potentialAction":[{"@type":"ReadAction","target":["https:\/\/museudofutebol.org.br\/teste\/seu-evento-aqui\/auditorio-armando-nogueira\/"]}]},{"@type":"BreadcrumbList","@id":"https:\/\/museudofutebol.org.br\/teste\/seu-evento-aqui\/auditorio-armando-nogueira\/#breadcrumb","itemListElement":[{"@type":"ListItem","position":1,"name":"In\u00edcio","item":"https:\/\/museudofutebol.org.br\/teste\/"},{"@type":"ListItem","position":2,"name":"Fa\u00e7a seu evento","item":"https:\/\/museudofutebol.org.br\/teste\/seu-evento-aqui\/"},{"@type":"ListItem","position":3,"name":"Audit\u00f3rio Armando Nogueira"}]},{"@type":"WebSite","@id":"https:\/\/museudofutebol.org.br\/teste\/#website","url":"https:\/\/museudofutebol.org.br\/teste\/","name":"Museu do Futebol","description":"","potentialAction":[{"@type":"SearchAction","target":{"@type":"EntryPoint","urlTemplate":"https:\/\/museudofutebol.org.br\/teste\/?s={search_term_string}"},"query-input":"required name=search_term_string"}],"inLanguage":"pt-BR"}]}},"_links":{"self":[{"href":"https:\/\/museudofutebol.org.br\/teste\/wp-json\/wp\/v2\/pages\/1031"}],"collection":[{"href":"https:\/\/museudofutebol.org.br\/teste\/wp-json\/wp\/v2\/pages"}],"about":[{"href":"https:\/\/museudofutebol.org.br\/teste\/wp-json\/wp\/v2\/types\/page"}],"author":[{"embeddable":true,"href":"https:\/\/museudofutebol.org.br\/teste\/wp-json\/wp\/v2\/users\/4"}],"replies":[{"embeddable":true,"href":"https:\/\/museudofutebol.org.br\/teste\/wp-json\/wp\/v2\/comments?post=1031"}],"version-history":[{"count":16,"href":"https:\/\/museudofutebol.org.br\/teste\/wp-json\/wp\/v2\/pages\/1031\/revisions"}],"predecessor-version":[{"id":13615,"href":"https:\/\/museudofutebol.org.br\/teste\/wp-json\/wp\/v2\/pages\/1031\/revisions\/13615"}],"up":[{"embeddable":true,"href":"https:\/\/museudofutebol.org.br\/teste\/wp-json\/wp\/v2\/pages\/94"}],"wp:attachment":[{"href":"https:\/\/museudofutebol.org.br\/teste\/wp-json\/wp\/v2\/media?parent=1031"}],"curies":[{"name":"wp","href":"https:\/\/api.w.org\/{rel}","templated":true}]}}