{"id":1093,"date":"2020-09-18T12:56:28","date_gmt":"2020-09-18T15:56:28","guid":{"rendered":"https:\/\/museudofutebol.org.br\/teste\/?page_id=1093"},"modified":"2024-10-23T11:25:44","modified_gmt":"2024-10-23T14:25:44","slug":"sala-jogo-de-corpo","status":"publish","type":"page","link":"https:\/\/museudofutebol.org.br\/teste\/seu-evento-aqui\/sala-jogo-de-corpo\/","title":{"rendered":"Sala Jogo de Corpo"},"content":{"rendered":"<div class=\"wpb-content-wrapper\"><p>[vc_row][vc_column width=&#8221;2\/3&#8243;][vc_column_text]\u00c9 a \u00faltima sala da exposi\u00e7\u00e3o principal do Museu do Futebol. Com estrutura audiovisual, oferece uma experi\u00eancia l\u00fadica e impactante.<\/p>\n<ul>\n<li>644 m\u00b2 de \u00e1rea<\/li>\n<li>Tel\u00e3o de 195 polegadas<\/li>\n<li>Capacidade para 100 pessoas<\/li>\n<li>Mini arquibancada<\/li>\n<li>Chute a gol contra goleiro virtual<\/li>\n<li>Campinho virtual<\/li>\n<li>Jogo da velha virtual com bola<\/li>\n<li>Pinball<\/li>\n<\/ul>\n<p>[\/vc_column_text][\/vc_column][vc_column width=&#8221;1\/3&#8243;][vc_wp_custommenu nav_menu=&#8221;25&#8243;][\/vc_column][\/vc_row][vc_row][vc_column][vc_custom_heading text=&#8221;Galeria&#8221; font_container=&#8221;tag:h3|text_align:left&#8221; use_theme_fonts=&#8221;yes&#8221; el_class=&#8221;header-secao&#8221;][vc_masonry_media_grid style=&#8221;load-more&#8221; items_per_page=&#8221;4&#8243; element_width=&#8221;3&#8243; gap=&#8221;3&#8243; btn_title=&#8221;MAIS&#8221; btn_shape=&#8221;square&#8221; btn_color=&#8221;black&#8221; btn_size=&#8221;sm&#8221; grid_id=&#8221;vc_gid:1729693436833-024718ef-7545-5&#8243; include=&#8221;14087,14086,14085,14083,14082,14081,14080,14079,14078,14077,14076,14075&#8243;][\/vc_column][\/vc_row][vc_row][vc_column][vc_custom_heading text=&#8221;Contato&#8221; font_container=&#8221;tag:h3|text_align:left&#8221; use_theme_fonts=&#8221;yes&#8221; el_class=&#8221;header-secao&#8221;][vc_column_text]Agende uma visita t\u00e9cnica e\/ou solicite um or\u00e7amento:<\/p>\n<p>eventos@museudofutebol.org.br\/teste | 11 3664-3855[\/vc_column_text][\/vc_column][\/vc_row]<\/p>\n<\/div>","protected":false},"excerpt":{"rendered":"<p>[vc_row][vc_column width=&#8221;2\/3&#8243;][vc_column_text]\u00c9 a \u00faltima sala da exposi\u00e7\u00e3o principal do Museu do Futebol. Com estrutura audiovisual, oferece uma experi\u00eancia l\u00fadica e impactante. 644 m\u00b2 de \u00e1rea Tel\u00e3o<span class=\"excerpt-hellip\"> [\u2026]<\/span><\/p>\n","protected":false},"author":4,"featured_media":0,"parent":94,"menu_order":0,"comment_status":"closed","ping_status":"closed","template":"","meta":[],"acf":[],"yoast_head":"<!-- This site is optimized with the Yoast SEO plugin v20.8 - https:\/\/yoast.com\/wordpress\/plugins\/seo\/ -->\n<title>Sala Jogo de Corpo - Museu do Futebol<\/title>\n<meta name=\"robots\" content=\"index, follow, max-snippet:-1, max-image-preview:large, max-video-preview:-1\" \/>\n<link rel=\"canonical\" href=\"https:\/\/museudofutebol.org.br\/teste\/seu-evento-aqui\/sala-jogo-de-corpo\/\" \/>\n<meta property=\"og:locale\" content=\"pt_BR\" \/>\n<meta property=\"og:type\" content=\"article\" \/>\n<meta property=\"og:title\" content=\"Sala Jogo de Corpo - Museu do Futebol\" \/>\n<meta property=\"og:description\" content=\"[vc_row][vc_column width=&#8221;2\/3&#8243;][vc_column_text]\u00c9 a \u00faltima sala da exposi\u00e7\u00e3o principal do Museu do Futebol. Com estrutura audiovisual, oferece uma experi\u00eancia l\u00fadica e impactante. 644 m\u00b2 de \u00e1rea Tel\u00e3o [\u2026]\" \/>\n<meta property=\"og:url\" content=\"https:\/\/museudofutebol.org.br\/teste\/seu-evento-aqui\/sala-jogo-de-corpo\/\" \/>\n<meta property=\"og:site_name\" content=\"Museu do Futebol\" \/>\n<meta property=\"article:publisher\" content=\"https:\/\/www.facebook.com\/museudofutebol\" \/>\n<meta property=\"article:modified_time\" content=\"2024-10-23T14:25:44+00:00\" \/>\n<meta name=\"twitter:card\" content=\"summary_large_image\" \/>\n<meta name=\"twitter:site\" content=\"@museudofutebol\" \/>\n<meta name=\"twitter:label1\" content=\"Est. tempo de leitura\" \/>\n\t<meta name=\"twitter:data1\" content=\"1 minuto\" \/>\n<script type=\"application\/ld+json\" class=\"yoast-schema-graph\">{\"@context\":\"https:\/\/schema.org\",\"@graph\":[{\"@type\":\"WebPage\",\"@id\":\"https:\/\/museudofutebol.org.br\/teste\/seu-evento-aqui\/sala-jogo-de-corpo\/\",\"url\":\"https:\/\/museudofutebol.org.br\/teste\/seu-evento-aqui\/sala-jogo-de-corpo\/\",\"name\":\"Sala Jogo de Corpo - Museu do Futebol\",\"isPartOf\":{\"@id\":\"https:\/\/museudofutebol.org.br\/teste\/#website\"},\"datePublished\":\"2020-09-18T15:56:28+00:00\",\"dateModified\":\"2024-10-23T14:25:44+00:00\",\"breadcrumb\":{\"@id\":\"https:\/\/museudofutebol.org.br\/teste\/seu-evento-aqui\/sala-jogo-de-corpo\/#breadcrumb\"},\"inLanguage\":\"pt-BR\",\"potentialAction\":[{\"@type\":\"ReadAction\",\"target\":[\"https:\/\/museudofutebol.org.br\/teste\/seu-evento-aqui\/sala-jogo-de-corpo\/\"]}]},{\"@type\":\"BreadcrumbList\",\"@id\":\"https:\/\/museudofutebol.org.br\/teste\/seu-evento-aqui\/sala-jogo-de-corpo\/#breadcrumb\",\"itemListElement\":[{\"@type\":\"ListItem\",\"position\":1,\"name\":\"In\u00edcio\",\"item\":\"https:\/\/museudofutebol.org.br\/teste\/\"},{\"@type\":\"ListItem\",\"position\":2,\"name\":\"Fa\u00e7a seu evento\",\"item\":\"https:\/\/museudofutebol.org.br\/teste\/seu-evento-aqui\/\"},{\"@type\":\"ListItem\",\"position\":3,\"name\":\"Sala Jogo de Corpo\"}]},{\"@type\":\"WebSite\",\"@id\":\"https:\/\/museudofutebol.org.br\/teste\/#website\",\"url\":\"https:\/\/museudofutebol.org.br\/teste\/\",\"name\":\"Museu do Futebol\",\"description\":\"\",\"potentialAction\":[{\"@type\":\"SearchAction\",\"target\":{\"@type\":\"EntryPoint\",\"urlTemplate\":\"https:\/\/museudofutebol.org.br\/teste\/?s={search_term_string}\"},\"query-input\":\"required name=search_term_string\"}],\"inLanguage\":\"pt-BR\"}]}<\/script>\n<!-- \/ Yoast SEO plugin. -->","yoast_head_json":{"title":"Sala Jogo de Corpo - Museu do Futebol","robots":{"index":"index","follow":"follow","max-snippet":"max-snippet:-1","max-image-preview":"max-image-preview:large","max-video-preview":"max-video-preview:-1"},"canonical":"https:\/\/museudofutebol.org.br\/teste\/seu-evento-aqui\/sala-jogo-de-corpo\/","og_locale":"pt_BR","og_type":"article","og_title":"Sala Jogo de Corpo - Museu do Futebol","og_description":"[vc_row][vc_column width=&#8221;2\/3&#8243;][vc_column_text]\u00c9 a \u00faltima sala da exposi\u00e7\u00e3o principal do Museu do Futebol. Com estrutura audiovisual, oferece uma experi\u00eancia l\u00fadica e impactante. 644 m\u00b2 de \u00e1rea Tel\u00e3o [\u2026]","og_url":"https:\/\/museudofutebol.org.br\/teste\/seu-evento-aqui\/sala-jogo-de-corpo\/","og_site_name":"Museu do Futebol","article_publisher":"https:\/\/www.facebook.com\/museudofutebol","article_modified_time":"2024-10-23T14:25:44+00:00","twitter_card":"summary_large_image","twitter_site":"@museudofutebol","twitter_misc":{"Est. tempo de leitura":"1 minuto"},"schema":{"@context":"https:\/\/schema.org","@graph":[{"@type":"WebPage","@id":"https:\/\/museudofutebol.org.br\/teste\/seu-evento-aqui\/sala-jogo-de-corpo\/","url":"https:\/\/museudofutebol.org.br\/teste\/seu-evento-aqui\/sala-jogo-de-corpo\/","name":"Sala Jogo de Corpo - Museu do Futebol","isPartOf":{"@id":"https:\/\/museudofutebol.org.br\/teste\/#website"},"datePublished":"2020-09-18T15:56:28+00:00","dateModified":"2024-10-23T14:25:44+00:00","breadcrumb":{"@id":"https:\/\/museudofutebol.org.br\/teste\/seu-evento-aqui\/sala-jogo-de-corpo\/#breadcrumb"},"inLanguage":"pt-BR","potentialAction":[{"@type":"ReadAction","target":["https:\/\/museudofutebol.org.br\/teste\/seu-evento-aqui\/sala-jogo-de-corpo\/"]}]},{"@type":"BreadcrumbList","@id":"https:\/\/museudofutebol.org.br\/teste\/seu-evento-aqui\/sala-jogo-de-corpo\/#breadcrumb","itemListElement":[{"@type":"ListItem","position":1,"name":"In\u00edcio","item":"https:\/\/museudofutebol.org.br\/teste\/"},{"@type":"ListItem","position":2,"name":"Fa\u00e7a seu evento","item":"https:\/\/museudofutebol.org.br\/teste\/seu-evento-aqui\/"},{"@type":"ListItem","position":3,"name":"Sala Jogo de Corpo"}]},{"@type":"WebSite","@id":"https:\/\/museudofutebol.org.br\/teste\/#website","url":"https:\/\/museudofutebol.org.br\/teste\/","name":"Museu do Futebol","description":"","potentialAction":[{"@type":"SearchAction","target":{"@type":"EntryPoint","urlTemplate":"https:\/\/museudofutebol.org.br\/teste\/?s={search_term_string}"},"query-input":"required name=search_term_string"}],"inLanguage":"pt-BR"}]}},"_links":{"self":[{"href":"https:\/\/museudofutebol.org.br\/teste\/wp-json\/wp\/v2\/pages\/1093"}],"collection":[{"href":"https:\/\/museudofutebol.org.br\/teste\/wp-json\/wp\/v2\/pages"}],"about":[{"href":"https:\/\/museudofutebol.org.br\/teste\/wp-json\/wp\/v2\/types\/page"}],"author":[{"embeddable":true,"href":"https:\/\/museudofutebol.org.br\/teste\/wp-json\/wp\/v2\/users\/4"}],"replies":[{"embeddable":true,"href":"https:\/\/museudofutebol.org.br\/teste\/wp-json\/wp\/v2\/comments?post=1093"}],"version-history":[{"count":10,"href":"https:\/\/museudofutebol.org.br\/teste\/wp-json\/wp\/v2\/pages\/1093\/revisions"}],"predecessor-version":[{"id":14091,"href":"https:\/\/museudofutebol.org.br\/teste\/wp-json\/wp\/v2\/pages\/1093\/revisions\/14091"}],"up":[{"embeddable":true,"href":"https:\/\/museudofutebol.org.br\/teste\/wp-json\/wp\/v2\/pages\/94"}],"wp:attachment":[{"href":"https:\/\/museudofutebol.org.br\/teste\/wp-json\/wp\/v2\/media?parent=1093"}],"curies":[{"name":"wp","href":"https:\/\/api.w.org\/{rel}","templated":true}]}}