{"id":1293,"date":"2020-09-23T16:13:12","date_gmt":"2020-09-23T19:13:12","guid":{"rendered":"https:\/\/museudofutebol.org.br\/teste\/?page_id=1293"},"modified":"2024-01-29T17:25:51","modified_gmt":"2024-01-29T20:25:51","slug":"perguntas-frequentes","status":"publish","type":"page","link":"https:\/\/museudofutebol.org.br\/teste\/institucional-pt\/perguntas-frequentes\/","title":{"rendered":"Perguntas frequentes"},"content":{"rendered":"<div class=\"wpb-content-wrapper\"><p>[vc_row][vc_column width=&#8221;2\/3&#8243;][vc_toggle title=&#8221;Agendamento de escolas e grupos&#8221; style=&#8221;simple&#8221; color=&#8221;black&#8221; size=&#8221;lg&#8221; custom_font_container=&#8221;tag:h3|text_align:left&#8221; custom_use_theme_fonts=&#8221;yes&#8221; use_custom_heading=&#8221;true&#8221;]Confira na p\u00e1gina <a href=\"https:\/\/museudofutebol.org.br\/teste\/horarios-e-ingressos\/\">Hor\u00e1rios e Ingressos<\/a> as instru\u00e7\u00f5es atualiadas para agendamento e solicita\u00e7\u00e3o de gratuidade para grupos (v\u00e1lido para escolas p\u00fablicas e entidades sociais sem fins lucrativos queu realizem atendimento a grupos vulner\u00e1veis).[\/vc_toggle][vc_toggle title=&#8221;Fotos e grava\u00e7\u00f5es dentro do museu&#8221; style=&#8221;simple&#8221; color=&#8221;black&#8221; size=&#8221;lg&#8221; custom_font_container=&#8221;tag:h3|text_align:left&#8221; custom_use_theme_fonts=&#8221;yes&#8221; use_custom_heading=&#8221;true&#8221;]<strong>\u00c9 permitido fotografar dentro do Museu do Futebol?<br \/>\n<\/strong>Sim. Pedimos apenas que n\u00e3o use flash e esteja sempre atento para n\u00e3o atrapalhar os outros visitantes.<\/p>\n<p><strong><br \/>\nPosso fazer um book\/ensaio fotogr\u00e1fico dentro do Museu?<br \/>\n<\/strong>Sim, se for exclusivamente de uso pessoal. Mas n\u00e3o permitimos montagem de cen\u00e1rios nem uso de trip\u00e9s, ilumina\u00e7\u00e3o extra, decora\u00e7\u00e3o ou qualquer outro item ou equipamento que possa atrapalhar a visita\u00e7\u00e3o de outras pessoas. Fa\u00e7a o agendamento e autoriza\u00e7\u00e3o pelo email <a href=\"mailto:contato@museudofutebol.org.br\/teste\">contato@museudofutebol.org.br\/teste<\/a>.<\/p>\n<p>Para realiza\u00e7\u00e3o de book\/ensaio com finalidade comercial, entre em contato com <a href=\"mailto:eventos@museudofutebol.org.br\/teste\">eventos@museudofutebol.org.br\/teste<\/a>.[\/vc_toggle][vc_toggle title=&#8221;Acervo&#8221; style=&#8221;simple&#8221; color=&#8221;black&#8221; size=&#8221;lg&#8221; custom_font_container=&#8221;tag:h3|text_align:left&#8221; custom_use_theme_fonts=&#8221;yes&#8221; use_custom_heading=&#8221;true&#8221;]<strong>O Museu recebe ou compra objetos para compor seu acervo?<br \/>\n<\/strong>O Museu do Futebol n\u00e3o tem estrutura para guarda e preserva\u00e7\u00e3o de itens materiais, mas oferece a digitaliza\u00e7\u00e3o de fotos e documentos relacionados com a hist\u00f3ria do futebol no Brasil. Entre em contato com <a href=\"mailto:cfrb@museudofutebol.org.br\/teste\">cfrb@museudofutebol.org.br\/teste<\/a>.<\/p>\n<p><strong>\u00a0<\/strong><\/p>\n<p><strong>O Museu atesta a autenticidade de objetos?<br \/>\n<\/strong>N\u00e3o realizamos este servi\u00e7o.<\/p>\n<p><strong><br \/>\n<\/strong><strong>O Museu realiza conserva\u00e7\u00e3o de objetos?<br \/>\n<\/strong>N\u00e3o, mas temos uma cartilha com \u00f3timas dicas para ajudar na manuten\u00e7\u00e3o de itens como camisas, revistas, dentre outros objetos de colecionismo. <a href=\"https:\/\/www.museudofutebol.org.br\/teste\/media\/files\/preserve%20seu%20acervo%20VOL3.pdf\" target=\"_blank\" rel=\"noopener noreferrer\">Baixe aqui<\/a>.[\/vc_toggle][vc_toggle title=&#8221;Loca\u00e7\u00e3o para eventos&#8221; style=&#8221;simple&#8221; color=&#8221;black&#8221; size=&#8221;lg&#8221; custom_font_container=&#8221;tag:h3|text_align:left&#8221; custom_use_theme_fonts=&#8221;yes&#8221; use_custom_heading=&#8221;true&#8221;]<strong>\u00c9 poss\u00edvel realizar eventos no Museu do Futebol?<br \/>\n<\/strong>Sim, e esta \u00e9 uma das formas pelas quais voc\u00ea pode apoiar a gest\u00e3o do museu. Temos cinco espa\u00e7os dispon\u00edveis para loca\u00e7\u00e3o e oferecemos tamb\u00e9m visitas exclusivas para eventos corporativos. Confira os detalhes <a href=\"https:\/\/museudofutebol.org.br\/teste\/seu-evento-aqui\/\" target=\"_blank\" rel=\"noopener noreferrer\">nesta p\u00e1gina<\/a>. Para solicitar um\u00a0 or\u00e7amento ou agendar uma visita t\u00e9cnica entre em contato com <a href=\"mailto:eventos@museudofutebol.org.br\/teste\">eventos@museudofutebol.org.br\/teste<\/a>.<\/p>\n<p>[\/vc_toggle][vc_toggle title=&#8221;Imprensa e influenciadores digitais&#8221; style=&#8221;simple&#8221; color=&#8221;black&#8221; size=&#8221;lg&#8221; custom_font_container=&#8221;tag:h3|text_align:left&#8221; custom_use_theme_fonts=&#8221;yes&#8221; use_custom_heading=&#8221;true&#8221;]<strong>Como agendar realiza\u00e7\u00e3o de mat\u00e9rias e entrevistas no Museu do Futebol?<br \/>\n<\/strong>\u00c9 obrigat\u00f3rio o agendamento pr\u00e9vio com a Assessoria de Imprensa do Museu, pelo email <a href=\"mailto:contato@museudofutebol.org.br\/teste\">contato@museudofutebol.org.br\/teste<\/a>, em tempo h\u00e1bil. Informe o ve\u00edculo, o motivo da pauta, qual o perfil do porta-voz desejado e o deadline. Em caso de grava\u00e7\u00e3o, indique tamb\u00e9m o tamanho da equipe e o tempo de dura\u00e7\u00e3o.<\/p>\n<p><strong><br \/>\nSou influenciador. Posso gravar dentro do Museu para o meu canal digital?<br \/>\n<\/strong>Sim, desde que voc\u00ea entre em contato previamente com a Assessoria de Imprensa do Museu, pelo email <a href=\"mailto:contato@museudofutebol.org.br\/teste\">contato@museudofutebol.org.br\/teste<\/a>, em tempo h\u00e1bil. Informe o endere\u00e7o do seu canal, o perfil, qual a ideia da pauta e o dia\/hor\u00e1rio desejado para a visita. Nossa equipe ir\u00e1 avaliar a proposta e dar\u00e1 um retorno.<\/p>\n<p><strong><br \/>\nO Museu do Futebol faz parceria com influenciadores?<br \/>\n<\/strong>Sim. Envie sua proposta de parceria para contato@museudofutebol.org.br\/teste. N\u00e3o esque\u00e7a de informar o endere\u00e7o do seu canal, qual o perfil de postagens e de p\u00fablico, dentre outras informa\u00e7\u00f5es que considerar relevantes.[\/vc_toggle][vc_toggle title=&#8221;Trabalhar e fornecer servi\u00e7os para o museu&#8221; style=&#8221;simple&#8221; color=&#8221;black&#8221; size=&#8221;lg&#8221; custom_font_container=&#8221;tag:h3|text_align:left&#8221; custom_use_theme_fonts=&#8221;yes&#8221; use_custom_heading=&#8221;true&#8221;]<strong>Como me candidato a uma vaga de trabalho no Museu do Futebol?<br \/>\n<\/strong>Todas as oportunidades de trabalho s\u00e3o publicadas no <a href=\"http:\/\/idbr.org.br\/category\/vagas-disponiveis\/\" target=\"_blank\" rel=\"noopener noreferrer\">site do IDBrasil<\/a>, organiza\u00e7\u00e3o social gestora do Museu do Futebol. Caso n\u00e3o exista uma vaga dispon\u00edvel, voc\u00ea pode mesmo assim cadastrar seu curr\u00edculo <a href=\"http:\/\/idbr.org.br\/trabalhe-conosco\/\" target=\"_blank\" rel=\"noopener noreferrer\">neste link<\/a>.<\/p>\n<p><strong>Como fico sabendo das oportunidades de contrata\u00e7\u00e3o de servi\u00e7os?<br \/>\n<\/strong>Os processos de aquisi\u00e7\u00e3o de bens e servi\u00e7os seguem o <a href=\"http:\/\/idbr.org.br\/wp-content\/uploads\/2019\/01\/REGULAMENTO-DE-COMPRAS-IDBrasil.pdf\" target=\"_blank\" rel=\"noopener noreferrer\"><u>regulamento de compras<\/u> do IDBrasil<\/a>. Nos casos em que \u00e9 obrigat\u00f3ria a realiza\u00e7\u00e3o de concorr\u00eancia, as oportunidades s\u00e3o publicadas <a href=\"http:\/\/idbr.org.br\/category\/compras\/\" target=\"_blank\" rel=\"noopener noreferrer\">aqui<\/a>.<\/p>\n<p>Para se cadastrar como fornecedor, voc\u00ea deve preencher o formul\u00e1rio dispon\u00edvel <a href=\"http:\/\/idbr.org.br\/formularios\/\">neste link<\/a> e envi\u00e1-lo para compras@idbr.org.br.[\/vc_toggle][\/vc_column][vc_column width=&#8221;1\/3&#8243;][\/vc_column][\/vc_row]<\/p>\n<\/div>","protected":false},"excerpt":{"rendered":"<p>[vc_row][vc_column width=&#8221;2\/3&#8243;][vc_toggle title=&#8221;Agendamento de escolas e grupos&#8221; style=&#8221;simple&#8221; color=&#8221;black&#8221; size=&#8221;lg&#8221; custom_font_container=&#8221;tag:h3|text_align:left&#8221; custom_use_theme_fonts=&#8221;yes&#8221; use_custom_heading=&#8221;true&#8221;]Confira na p\u00e1gina Hor\u00e1rios e Ingressos as instru\u00e7\u00f5es atualiadas para agendamento e solicita\u00e7\u00e3o de<span class=\"excerpt-hellip\"> [\u2026]<\/span><\/p>\n","protected":false},"author":4,"featured_media":0,"parent":79,"menu_order":0,"comment_status":"closed","ping_status":"closed","template":"","meta":[],"acf":[],"yoast_head":"<!-- This site is optimized with the Yoast SEO plugin v20.8 - https:\/\/yoast.com\/wordpress\/plugins\/seo\/ -->\n<title>Perguntas frequentes - Museu do Futebol<\/title>\n<meta name=\"robots\" content=\"index, follow, max-snippet:-1, max-image-preview:large, max-video-preview:-1\" \/>\n<link rel=\"canonical\" href=\"https:\/\/museudofutebol.org.br\/teste\/institucional-pt\/perguntas-frequentes\/\" \/>\n<meta property=\"og:locale\" content=\"pt_BR\" \/>\n<meta property=\"og:type\" content=\"article\" \/>\n<meta property=\"og:title\" content=\"Perguntas frequentes - Museu do Futebol\" \/>\n<meta property=\"og:description\" content=\"[vc_row][vc_column width=&#8221;2\/3&#8243;][vc_toggle title=&#8221;Agendamento de escolas e grupos&#8221; style=&#8221;simple&#8221; color=&#8221;black&#8221; size=&#8221;lg&#8221; custom_font_container=&#8221;tag:h3|text_align:left&#8221; custom_use_theme_fonts=&#8221;yes&#8221; use_custom_heading=&#8221;true&#8221;]Confira na p\u00e1gina Hor\u00e1rios e Ingressos as instru\u00e7\u00f5es atualiadas para agendamento e solicita\u00e7\u00e3o de [\u2026]\" \/>\n<meta property=\"og:url\" content=\"https:\/\/museudofutebol.org.br\/teste\/institucional-pt\/perguntas-frequentes\/\" \/>\n<meta property=\"og:site_name\" content=\"Museu do Futebol\" \/>\n<meta property=\"article:publisher\" content=\"https:\/\/www.facebook.com\/museudofutebol\" \/>\n<meta property=\"article:modified_time\" content=\"2024-01-29T20:25:51+00:00\" \/>\n<meta name=\"twitter:card\" content=\"summary_large_image\" \/>\n<meta name=\"twitter:site\" content=\"@museudofutebol\" \/>\n<meta name=\"twitter:label1\" content=\"Est. tempo de leitura\" \/>\n\t<meta name=\"twitter:data1\" content=\"4 minutos\" \/>\n<script type=\"application\/ld+json\" class=\"yoast-schema-graph\">{\"@context\":\"https:\/\/schema.org\",\"@graph\":[{\"@type\":\"WebPage\",\"@id\":\"https:\/\/museudofutebol.org.br\/teste\/institucional-pt\/perguntas-frequentes\/\",\"url\":\"https:\/\/museudofutebol.org.br\/teste\/institucional-pt\/perguntas-frequentes\/\",\"name\":\"Perguntas frequentes - Museu do Futebol\",\"isPartOf\":{\"@id\":\"https:\/\/museudofutebol.org.br\/teste\/#website\"},\"datePublished\":\"2020-09-23T19:13:12+00:00\",\"dateModified\":\"2024-01-29T20:25:51+00:00\",\"breadcrumb\":{\"@id\":\"https:\/\/museudofutebol.org.br\/teste\/institucional-pt\/perguntas-frequentes\/#breadcrumb\"},\"inLanguage\":\"pt-BR\",\"potentialAction\":[{\"@type\":\"ReadAction\",\"target\":[\"https:\/\/museudofutebol.org.br\/teste\/institucional-pt\/perguntas-frequentes\/\"]}]},{\"@type\":\"BreadcrumbList\",\"@id\":\"https:\/\/museudofutebol.org.br\/teste\/institucional-pt\/perguntas-frequentes\/#breadcrumb\",\"itemListElement\":[{\"@type\":\"ListItem\",\"position\":1,\"name\":\"In\u00edcio\",\"item\":\"https:\/\/museudofutebol.org.br\/teste\/\"},{\"@type\":\"ListItem\",\"position\":2,\"name\":\"Institucional\",\"item\":\"https:\/\/museudofutebol.org.br\/teste\/institucional-pt\/\"},{\"@type\":\"ListItem\",\"position\":3,\"name\":\"Perguntas frequentes\"}]},{\"@type\":\"WebSite\",\"@id\":\"https:\/\/museudofutebol.org.br\/teste\/#website\",\"url\":\"https:\/\/museudofutebol.org.br\/teste\/\",\"name\":\"Museu do Futebol\",\"description\":\"\",\"potentialAction\":[{\"@type\":\"SearchAction\",\"target\":{\"@type\":\"EntryPoint\",\"urlTemplate\":\"https:\/\/museudofutebol.org.br\/teste\/?s={search_term_string}\"},\"query-input\":\"required name=search_term_string\"}],\"inLanguage\":\"pt-BR\"}]}<\/script>\n<!-- \/ Yoast SEO plugin. -->","yoast_head_json":{"title":"Perguntas frequentes - Museu do Futebol","robots":{"index":"index","follow":"follow","max-snippet":"max-snippet:-1","max-image-preview":"max-image-preview:large","max-video-preview":"max-video-preview:-1"},"canonical":"https:\/\/museudofutebol.org.br\/teste\/institucional-pt\/perguntas-frequentes\/","og_locale":"pt_BR","og_type":"article","og_title":"Perguntas frequentes - Museu do Futebol","og_description":"[vc_row][vc_column width=&#8221;2\/3&#8243;][vc_toggle title=&#8221;Agendamento de escolas e grupos&#8221; style=&#8221;simple&#8221; color=&#8221;black&#8221; size=&#8221;lg&#8221; custom_font_container=&#8221;tag:h3|text_align:left&#8221; custom_use_theme_fonts=&#8221;yes&#8221; use_custom_heading=&#8221;true&#8221;]Confira na p\u00e1gina Hor\u00e1rios e Ingressos as instru\u00e7\u00f5es atualiadas para agendamento e solicita\u00e7\u00e3o de [\u2026]","og_url":"https:\/\/museudofutebol.org.br\/teste\/institucional-pt\/perguntas-frequentes\/","og_site_name":"Museu do Futebol","article_publisher":"https:\/\/www.facebook.com\/museudofutebol","article_modified_time":"2024-01-29T20:25:51+00:00","twitter_card":"summary_large_image","twitter_site":"@museudofutebol","twitter_misc":{"Est. tempo de leitura":"4 minutos"},"schema":{"@context":"https:\/\/schema.org","@graph":[{"@type":"WebPage","@id":"https:\/\/museudofutebol.org.br\/teste\/institucional-pt\/perguntas-frequentes\/","url":"https:\/\/museudofutebol.org.br\/teste\/institucional-pt\/perguntas-frequentes\/","name":"Perguntas frequentes - Museu do Futebol","isPartOf":{"@id":"https:\/\/museudofutebol.org.br\/teste\/#website"},"datePublished":"2020-09-23T19:13:12+00:00","dateModified":"2024-01-29T20:25:51+00:00","breadcrumb":{"@id":"https:\/\/museudofutebol.org.br\/teste\/institucional-pt\/perguntas-frequentes\/#breadcrumb"},"inLanguage":"pt-BR","potentialAction":[{"@type":"ReadAction","target":["https:\/\/museudofutebol.org.br\/teste\/institucional-pt\/perguntas-frequentes\/"]}]},{"@type":"BreadcrumbList","@id":"https:\/\/museudofutebol.org.br\/teste\/institucional-pt\/perguntas-frequentes\/#breadcrumb","itemListElement":[{"@type":"ListItem","position":1,"name":"In\u00edcio","item":"https:\/\/museudofutebol.org.br\/teste\/"},{"@type":"ListItem","position":2,"name":"Institucional","item":"https:\/\/museudofutebol.org.br\/teste\/institucional-pt\/"},{"@type":"ListItem","position":3,"name":"Perguntas frequentes"}]},{"@type":"WebSite","@id":"https:\/\/museudofutebol.org.br\/teste\/#website","url":"https:\/\/museudofutebol.org.br\/teste\/","name":"Museu do Futebol","description":"","potentialAction":[{"@type":"SearchAction","target":{"@type":"EntryPoint","urlTemplate":"https:\/\/museudofutebol.org.br\/teste\/?s={search_term_string}"},"query-input":"required name=search_term_string"}],"inLanguage":"pt-BR"}]}},"_links":{"self":[{"href":"https:\/\/museudofutebol.org.br\/teste\/wp-json\/wp\/v2\/pages\/1293"}],"collection":[{"href":"https:\/\/museudofutebol.org.br\/teste\/wp-json\/wp\/v2\/pages"}],"about":[{"href":"https:\/\/museudofutebol.org.br\/teste\/wp-json\/wp\/v2\/types\/page"}],"author":[{"embeddable":true,"href":"https:\/\/museudofutebol.org.br\/teste\/wp-json\/wp\/v2\/users\/4"}],"replies":[{"embeddable":true,"href":"https:\/\/museudofutebol.org.br\/teste\/wp-json\/wp\/v2\/comments?post=1293"}],"version-history":[{"count":6,"href":"https:\/\/museudofutebol.org.br\/teste\/wp-json\/wp\/v2\/pages\/1293\/revisions"}],"predecessor-version":[{"id":11260,"href":"https:\/\/museudofutebol.org.br\/teste\/wp-json\/wp\/v2\/pages\/1293\/revisions\/11260"}],"up":[{"embeddable":true,"href":"https:\/\/museudofutebol.org.br\/teste\/wp-json\/wp\/v2\/pages\/79"}],"wp:attachment":[{"href":"https:\/\/museudofutebol.org.br\/teste\/wp-json\/wp\/v2\/media?parent=1293"}],"curies":[{"name":"wp","href":"https:\/\/api.w.org\/{rel}","templated":true}]}}