{"id":13678,"date":"2024-09-20T17:31:10","date_gmt":"2024-09-20T20:31:10","guid":{"rendered":"https:\/\/museudofutebol.org.br\/teste\/?page_id=13678"},"modified":"2024-09-20T17:31:10","modified_gmt":"2024-09-20T20:31:10","slug":"ouvidoria","status":"publish","type":"page","link":"https:\/\/museudofutebol.org.br\/teste\/ouvidoria\/","title":{"rendered":"Ouvidoria"},"content":{"rendered":"<div><b>Governo do Estado de S\u00e3o Paulo<br \/>\nSecretaria da Cultura, Economia e Ind\u00fastria Criativas<\/p>\n<p>Fa\u00e7a sua sugest\u00e3o ou reclama\u00e7\u00e3o<\/p>\n<p><\/b><\/div>\n<div>Atendimento pessoal ou carta:<\/div>\n<div>Rua Mau\u00e1, 51 &#8211; Sobreloja<br \/>\nLuz &#8211; S\u00e3o Paulo-SP<br \/>\nCEP: 01028-900<\/div>\n<div>\nFuncionamento:<br \/>\nSegunda a sexta-feira, das 10h \u00e0s 17h\n<\/div>\n<div>Telefone: (11) 3339-8057<\/div>\n<div>Endere\u00e7o eletr\u00f4nico: <a id=\"OWAd3e08cdd-03fd-40b0-824d-be1739168c4a\" href=\"https:\/\/fala.sp.gov.br\/\" target=\"_blank\" rel=\"noopener noreferrer\" data-auth=\"NotApplicable\" data-linkindex=\"0\">https:\/\/fala.sp.gov.br\/<\/a><\/div>\n<div>E-mail: <u><a id=\"OWA5d1c88b9-6920-c2d5-72a0-a6391e842dd4\" href=\"mailto:ouvidoria@cultura.sp.gov.br\" data-linkindex=\"1\">ouvidoria@cultura.sp.gov.br<\/a><\/u><\/div>\n","protected":false},"excerpt":{"rendered":"<p>Governo do Estado de S\u00e3o Paulo Secretaria da Cultura, Economia e Ind\u00fastria Criativas Fa\u00e7a sua sugest\u00e3o ou reclama\u00e7\u00e3o Atendimento pessoal ou carta: Rua Mau\u00e1, 51 &#8211;<span class=\"excerpt-hellip\"> [\u2026]<\/span><\/p>\n","protected":false},"author":13,"featured_media":0,"parent":0,"menu_order":0,"comment_status":"closed","ping_status":"closed","template":"","meta":[],"acf":[],"yoast_head":"<!-- This site is optimized with the Yoast SEO plugin v20.8 - https:\/\/yoast.com\/wordpress\/plugins\/seo\/ -->\n<title>Ouvidoria - Museu do Futebol<\/title>\n<meta name=\"robots\" content=\"index, follow, max-snippet:-1, max-image-preview:large, max-video-preview:-1\" \/>\n<link rel=\"canonical\" href=\"https:\/\/museudofutebol.org.br\/teste\/ouvidoria\/\" \/>\n<meta property=\"og:locale\" content=\"pt_BR\" \/>\n<meta property=\"og:type\" content=\"article\" \/>\n<meta property=\"og:title\" content=\"Ouvidoria - Museu do Futebol\" \/>\n<meta property=\"og:description\" content=\"Governo do Estado de S\u00e3o Paulo Secretaria da Cultura, Economia e Ind\u00fastria Criativas Fa\u00e7a sua sugest\u00e3o ou reclama\u00e7\u00e3o Atendimento pessoal ou carta: Rua Mau\u00e1, 51 &#8211; [\u2026]\" \/>\n<meta property=\"og:url\" content=\"https:\/\/museudofutebol.org.br\/teste\/ouvidoria\/\" \/>\n<meta property=\"og:site_name\" content=\"Museu do Futebol\" \/>\n<meta property=\"article:publisher\" content=\"https:\/\/www.facebook.com\/museudofutebol\" \/>\n<meta name=\"twitter:card\" content=\"summary_large_image\" \/>\n<meta name=\"twitter:site\" content=\"@museudofutebol\" \/>\n<meta name=\"twitter:label1\" content=\"Est. tempo de leitura\" \/>\n\t<meta name=\"twitter:data1\" content=\"1 minuto\" \/>\n<script type=\"application\/ld+json\" class=\"yoast-schema-graph\">{\"@context\":\"https:\/\/schema.org\",\"@graph\":[{\"@type\":\"WebPage\",\"@id\":\"https:\/\/museudofutebol.org.br\/teste\/ouvidoria\/\",\"url\":\"https:\/\/museudofutebol.org.br\/teste\/ouvidoria\/\",\"name\":\"Ouvidoria - Museu do Futebol\",\"isPartOf\":{\"@id\":\"https:\/\/museudofutebol.org.br\/teste\/#website\"},\"datePublished\":\"2024-09-20T20:31:10+00:00\",\"dateModified\":\"2024-09-20T20:31:10+00:00\",\"breadcrumb\":{\"@id\":\"https:\/\/museudofutebol.org.br\/teste\/ouvidoria\/#breadcrumb\"},\"inLanguage\":\"pt-BR\",\"potentialAction\":[{\"@type\":\"ReadAction\",\"target\":[\"https:\/\/museudofutebol.org.br\/teste\/ouvidoria\/\"]}]},{\"@type\":\"BreadcrumbList\",\"@id\":\"https:\/\/museudofutebol.org.br\/teste\/ouvidoria\/#breadcrumb\",\"itemListElement\":[{\"@type\":\"ListItem\",\"position\":1,\"name\":\"In\u00edcio\",\"item\":\"https:\/\/museudofutebol.org.br\/teste\/\"},{\"@type\":\"ListItem\",\"position\":2,\"name\":\"Ouvidoria\"}]},{\"@type\":\"WebSite\",\"@id\":\"https:\/\/museudofutebol.org.br\/teste\/#website\",\"url\":\"https:\/\/museudofutebol.org.br\/teste\/\",\"name\":\"Museu do Futebol\",\"description\":\"\",\"potentialAction\":[{\"@type\":\"SearchAction\",\"target\":{\"@type\":\"EntryPoint\",\"urlTemplate\":\"https:\/\/museudofutebol.org.br\/teste\/?s={search_term_string}\"},\"query-input\":\"required name=search_term_string\"}],\"inLanguage\":\"pt-BR\"}]}<\/script>\n<!-- \/ Yoast SEO plugin. -->","yoast_head_json":{"title":"Ouvidoria - Museu do Futebol","robots":{"index":"index","follow":"follow","max-snippet":"max-snippet:-1","max-image-preview":"max-image-preview:large","max-video-preview":"max-video-preview:-1"},"canonical":"https:\/\/museudofutebol.org.br\/teste\/ouvidoria\/","og_locale":"pt_BR","og_type":"article","og_title":"Ouvidoria - Museu do Futebol","og_description":"Governo do Estado de S\u00e3o Paulo Secretaria da Cultura, Economia e Ind\u00fastria Criativas Fa\u00e7a sua sugest\u00e3o ou reclama\u00e7\u00e3o Atendimento pessoal ou carta: Rua Mau\u00e1, 51 &#8211; [\u2026]","og_url":"https:\/\/museudofutebol.org.br\/teste\/ouvidoria\/","og_site_name":"Museu do Futebol","article_publisher":"https:\/\/www.facebook.com\/museudofutebol","twitter_card":"summary_large_image","twitter_site":"@museudofutebol","twitter_misc":{"Est. tempo de leitura":"1 minuto"},"schema":{"@context":"https:\/\/schema.org","@graph":[{"@type":"WebPage","@id":"https:\/\/museudofutebol.org.br\/teste\/ouvidoria\/","url":"https:\/\/museudofutebol.org.br\/teste\/ouvidoria\/","name":"Ouvidoria - Museu do Futebol","isPartOf":{"@id":"https:\/\/museudofutebol.org.br\/teste\/#website"},"datePublished":"2024-09-20T20:31:10+00:00","dateModified":"2024-09-20T20:31:10+00:00","breadcrumb":{"@id":"https:\/\/museudofutebol.org.br\/teste\/ouvidoria\/#breadcrumb"},"inLanguage":"pt-BR","potentialAction":[{"@type":"ReadAction","target":["https:\/\/museudofutebol.org.br\/teste\/ouvidoria\/"]}]},{"@type":"BreadcrumbList","@id":"https:\/\/museudofutebol.org.br\/teste\/ouvidoria\/#breadcrumb","itemListElement":[{"@type":"ListItem","position":1,"name":"In\u00edcio","item":"https:\/\/museudofutebol.org.br\/teste\/"},{"@type":"ListItem","position":2,"name":"Ouvidoria"}]},{"@type":"WebSite","@id":"https:\/\/museudofutebol.org.br\/teste\/#website","url":"https:\/\/museudofutebol.org.br\/teste\/","name":"Museu do Futebol","description":"","potentialAction":[{"@type":"SearchAction","target":{"@type":"EntryPoint","urlTemplate":"https:\/\/museudofutebol.org.br\/teste\/?s={search_term_string}"},"query-input":"required name=search_term_string"}],"inLanguage":"pt-BR"}]}},"_links":{"self":[{"href":"https:\/\/museudofutebol.org.br\/teste\/wp-json\/wp\/v2\/pages\/13678"}],"collection":[{"href":"https:\/\/museudofutebol.org.br\/teste\/wp-json\/wp\/v2\/pages"}],"about":[{"href":"https:\/\/museudofutebol.org.br\/teste\/wp-json\/wp\/v2\/types\/page"}],"author":[{"embeddable":true,"href":"https:\/\/museudofutebol.org.br\/teste\/wp-json\/wp\/v2\/users\/13"}],"replies":[{"embeddable":true,"href":"https:\/\/museudofutebol.org.br\/teste\/wp-json\/wp\/v2\/comments?post=13678"}],"version-history":[{"count":1,"href":"https:\/\/museudofutebol.org.br\/teste\/wp-json\/wp\/v2\/pages\/13678\/revisions"}],"predecessor-version":[{"id":13679,"href":"https:\/\/museudofutebol.org.br\/teste\/wp-json\/wp\/v2\/pages\/13678\/revisions\/13679"}],"wp:attachment":[{"href":"https:\/\/museudofutebol.org.br\/teste\/wp-json\/wp\/v2\/media?parent=13678"}],"curies":[{"name":"wp","href":"https:\/\/api.w.org\/{rel}","templated":true}]}}