{"id":14404,"date":"2024-11-27T15:21:58","date_gmt":"2024-11-27T18:21:58","guid":{"rendered":"https:\/\/museudofutebol.org.br\/teste\/?page_id=14404"},"modified":"2024-12-02T15:21:31","modified_gmt":"2024-12-02T18:21:31","slug":"amigos-do-museu-do-futebol","status":"publish","type":"page","link":"https:\/\/museudofutebol.org.br\/teste\/amigos-do-museu-do-futebol\/","title":{"rendered":"Amigos do Museu do Futebol"},"content":{"rendered":"<div class=\"wpb-content-wrapper\"><p>[vc_row][vc_column width=&#8221;2\/3&#8243;][vc_single_image image=&#8221;14406&#8243; img_size=&#8221;full&#8221; css=&#8221;&#8221;][vc_column_text css=&#8221;&#8221;]O Museu do Futebol \u00e9 um lugar incr\u00edvel para aprender sobre a\u00a0 hist\u00f3ria e a cultura do Brasil de uma maneira envolvente e divertida. E voc\u00ea pode ajudar a tornar essa experi\u00eancia acess\u00edvel a turmas de escolas\u00a0 p\u00fablicas e pessoas em situa\u00e7\u00e3o de vulnerabiliza\u00e7\u00e3o social.<\/p>\n<p>Por meio do programa <strong>Amigos do Museu do Futebol<\/strong>, voc\u00ea pode fazer uma <strong>doa\u00e7\u00e3o a partir de R$ 40,00 <\/strong><span data-contrast=\"auto\">para viabilizar <strong>transporte e lanche <\/strong>a estes grupos. O ingresso gratuito j\u00e1 \u00e9 por nossa conta!\u00a0\u00a0<\/span><\/p>\n<p>De quebra, os Amigos do Museu do Futebol t\u00eam acesso a uma <strong>s\u00e9rie de benef\u00edcios<\/strong> oferecidos por n\u00f3s e por nossos parceiros. Confira:<\/p>\n<p><strong>R$ 40,00 &#8211; Jovem Amigo (at\u00e9 25 anos) ou<br \/>\nR$ 80,00 &#8211; Amigo<\/strong><\/p>\n<ul>\n<li>Carteirinha Digital para entrada gratuita nas seguintes institui\u00e7\u00f5es*:\n<ul>\n<li>Museu do Futebol (para Amigo e 1 acompanhante)<\/li>\n<li>Museu da L\u00edngua Portuguesa (para Amigo e 1 acompanhante)<\/li>\n<li>Museu de Arte de S\u00e3o Paulo \u2013 MASP<\/li>\n<li>Museu de Arte Moderna de S\u00e3o Paulo \u2013 MAM<\/li>\n<\/ul>\n<\/li>\n<li>Recebimento de Relat\u00f3rio Anual digital com as realiza\u00e7\u00f5es do Museu<\/li>\n<\/ul>\n<p>&nbsp;<\/p>\n<p><strong>R$ 500,00 &#8211; Mega Amigo<\/strong><\/p>\n<p>Todos os benef\u00edcios acima, e mais:<\/p>\n<ul>\n<li>Entrada gratuita no Museu do Futebol (para Amigo e 3 acompanhantes)<\/li>\n<li>Entrada gratuita no Museu da L\u00edngua Portuguesa (para Amigo e 3 acompanhantes)<\/li>\n<li style=\"font-weight: 400;\">Uma caneca do Museu do Futebol**<\/li>\n<li style=\"font-weight: 400;\">Uma ecobag do Museu do Futebol**<\/li>\n<\/ul>\n<p>*<em> Rela\u00e7\u00e3o de institui\u00e7\u00f5es culturais sujeita a altera\u00e7\u00f5es.<br \/>\n** A equipe do Museu entrar\u00e1 em contato para retirada na bilheteria\u00a0<\/em><\/p>\n<p><strong>Voc\u00ea tamb\u00e9m tem a op\u00e7\u00e3o de doar outros valores!<\/strong>[\/vc_column_text][vc_custom_heading text=&#8221;Doar \u00e9 muito f\u00e1cil!&#8221; font_container=&#8221;tag:h3|text_align:left&#8221; use_theme_fonts=&#8221;yes&#8221; el_class=&#8221;header-secao&#8221;][vc_column_text css=&#8221;&#8221;]A ades\u00e3o ao programa <strong>Amigos do Museu do Futebol<\/strong> \u00e9 realizada on-line por meio da plataforma <a href=\"https:\/\/www.evoe.cc\/parceiro\/museu-do-futebol\">Evo\u00e9<\/a>. O pagamento pode ser feito em <strong>cart\u00e3o de cr\u00e9dito<\/strong>, <strong>boleto<\/strong> ou <strong>pix<\/strong>![\/vc_column_text][vc_btn title=&#8221;FA\u00c7A SUA DOA\u00c7\u00c3O AQUI&#8221; color=&#8221;warning&#8221; size=&#8221;lg&#8221; align=&#8221;left&#8221; i_icon_fontawesome=&#8221;fas fa-hand-holding-usd&#8221; css=&#8221;&#8221; add_icon=&#8221;true&#8221; link=&#8221;url:https%3A%2F%2Fwww.evoe.cc%2Fparceiro%2Fmuseu-do-futebol&#8221;][\/vc_column][vc_column width=&#8221;1\/3&#8243;][vc_wp_custommenu nav_menu=&#8221;26&#8243;][\/vc_column][\/vc_row]<\/p>\n<\/div>","protected":false},"excerpt":{"rendered":"<p>[vc_row][vc_column width=&#8221;2\/3&#8243;][vc_single_image image=&#8221;14406&#8243; img_size=&#8221;full&#8221; css=&#8221;&#8221;][vc_column_text css=&#8221;&#8221;]O Museu do Futebol \u00e9 um lugar incr\u00edvel para aprender sobre a\u00a0 hist\u00f3ria e a cultura do Brasil de uma maneira<span class=\"excerpt-hellip\"> [\u2026]<\/span><\/p>\n","protected":false},"author":13,"featured_media":0,"parent":0,"menu_order":0,"comment_status":"closed","ping_status":"closed","template":"","meta":[],"acf":[],"yoast_head":"<!-- This site is optimized with the Yoast SEO plugin v20.8 - https:\/\/yoast.com\/wordpress\/plugins\/seo\/ -->\n<title>Amigos do Museu do Futebol - Museu do Futebol<\/title>\n<meta name=\"robots\" content=\"index, follow, max-snippet:-1, max-image-preview:large, max-video-preview:-1\" \/>\n<link rel=\"canonical\" href=\"https:\/\/museudofutebol.org.br\/teste\/amigos-do-museu-do-futebol\/\" \/>\n<meta property=\"og:locale\" content=\"pt_BR\" \/>\n<meta property=\"og:type\" content=\"article\" \/>\n<meta property=\"og:title\" content=\"Amigos do Museu do Futebol - Museu do Futebol\" \/>\n<meta property=\"og:description\" content=\"[vc_row][vc_column width=&#8221;2\/3&#8243;][vc_single_image image=&#8221;14406&#8243; img_size=&#8221;full&#8221; css=&#8221;&#8221;][vc_column_text css=&#8221;&#8221;]O Museu do Futebol \u00e9 um lugar incr\u00edvel para aprender sobre a\u00a0 hist\u00f3ria e a cultura do Brasil de uma maneira [\u2026]\" \/>\n<meta property=\"og:url\" content=\"https:\/\/museudofutebol.org.br\/teste\/amigos-do-museu-do-futebol\/\" \/>\n<meta property=\"og:site_name\" content=\"Museu do Futebol\" \/>\n<meta property=\"article:publisher\" content=\"https:\/\/www.facebook.com\/museudofutebol\" \/>\n<meta property=\"article:modified_time\" content=\"2024-12-02T18:21:31+00:00\" \/>\n<meta name=\"twitter:card\" content=\"summary_large_image\" \/>\n<meta name=\"twitter:site\" content=\"@museudofutebol\" \/>\n<meta name=\"twitter:label1\" content=\"Est. tempo de leitura\" \/>\n\t<meta name=\"twitter:data1\" content=\"2 minutos\" \/>\n<script type=\"application\/ld+json\" class=\"yoast-schema-graph\">{\"@context\":\"https:\/\/schema.org\",\"@graph\":[{\"@type\":\"WebPage\",\"@id\":\"https:\/\/museudofutebol.org.br\/teste\/amigos-do-museu-do-futebol\/\",\"url\":\"https:\/\/museudofutebol.org.br\/teste\/amigos-do-museu-do-futebol\/\",\"name\":\"Amigos do Museu do Futebol - Museu do Futebol\",\"isPartOf\":{\"@id\":\"https:\/\/museudofutebol.org.br\/teste\/#website\"},\"datePublished\":\"2024-11-27T18:21:58+00:00\",\"dateModified\":\"2024-12-02T18:21:31+00:00\",\"breadcrumb\":{\"@id\":\"https:\/\/museudofutebol.org.br\/teste\/amigos-do-museu-do-futebol\/#breadcrumb\"},\"inLanguage\":\"pt-BR\",\"potentialAction\":[{\"@type\":\"ReadAction\",\"target\":[\"https:\/\/museudofutebol.org.br\/teste\/amigos-do-museu-do-futebol\/\"]}]},{\"@type\":\"BreadcrumbList\",\"@id\":\"https:\/\/museudofutebol.org.br\/teste\/amigos-do-museu-do-futebol\/#breadcrumb\",\"itemListElement\":[{\"@type\":\"ListItem\",\"position\":1,\"name\":\"In\u00edcio\",\"item\":\"https:\/\/museudofutebol.org.br\/teste\/\"},{\"@type\":\"ListItem\",\"position\":2,\"name\":\"Amigos do Museu do Futebol\"}]},{\"@type\":\"WebSite\",\"@id\":\"https:\/\/museudofutebol.org.br\/teste\/#website\",\"url\":\"https:\/\/museudofutebol.org.br\/teste\/\",\"name\":\"Museu do Futebol\",\"description\":\"\",\"potentialAction\":[{\"@type\":\"SearchAction\",\"target\":{\"@type\":\"EntryPoint\",\"urlTemplate\":\"https:\/\/museudofutebol.org.br\/teste\/?s={search_term_string}\"},\"query-input\":\"required name=search_term_string\"}],\"inLanguage\":\"pt-BR\"}]}<\/script>\n<!-- \/ Yoast SEO plugin. -->","yoast_head_json":{"title":"Amigos do Museu do Futebol - Museu do Futebol","robots":{"index":"index","follow":"follow","max-snippet":"max-snippet:-1","max-image-preview":"max-image-preview:large","max-video-preview":"max-video-preview:-1"},"canonical":"https:\/\/museudofutebol.org.br\/teste\/amigos-do-museu-do-futebol\/","og_locale":"pt_BR","og_type":"article","og_title":"Amigos do Museu do Futebol - Museu do Futebol","og_description":"[vc_row][vc_column width=&#8221;2\/3&#8243;][vc_single_image image=&#8221;14406&#8243; img_size=&#8221;full&#8221; css=&#8221;&#8221;][vc_column_text css=&#8221;&#8221;]O Museu do Futebol \u00e9 um lugar incr\u00edvel para aprender sobre a\u00a0 hist\u00f3ria e a cultura do Brasil de uma maneira [\u2026]","og_url":"https:\/\/museudofutebol.org.br\/teste\/amigos-do-museu-do-futebol\/","og_site_name":"Museu do Futebol","article_publisher":"https:\/\/www.facebook.com\/museudofutebol","article_modified_time":"2024-12-02T18:21:31+00:00","twitter_card":"summary_large_image","twitter_site":"@museudofutebol","twitter_misc":{"Est. tempo de leitura":"2 minutos"},"schema":{"@context":"https:\/\/schema.org","@graph":[{"@type":"WebPage","@id":"https:\/\/museudofutebol.org.br\/teste\/amigos-do-museu-do-futebol\/","url":"https:\/\/museudofutebol.org.br\/teste\/amigos-do-museu-do-futebol\/","name":"Amigos do Museu do Futebol - Museu do Futebol","isPartOf":{"@id":"https:\/\/museudofutebol.org.br\/teste\/#website"},"datePublished":"2024-11-27T18:21:58+00:00","dateModified":"2024-12-02T18:21:31+00:00","breadcrumb":{"@id":"https:\/\/museudofutebol.org.br\/teste\/amigos-do-museu-do-futebol\/#breadcrumb"},"inLanguage":"pt-BR","potentialAction":[{"@type":"ReadAction","target":["https:\/\/museudofutebol.org.br\/teste\/amigos-do-museu-do-futebol\/"]}]},{"@type":"BreadcrumbList","@id":"https:\/\/museudofutebol.org.br\/teste\/amigos-do-museu-do-futebol\/#breadcrumb","itemListElement":[{"@type":"ListItem","position":1,"name":"In\u00edcio","item":"https:\/\/museudofutebol.org.br\/teste\/"},{"@type":"ListItem","position":2,"name":"Amigos do Museu do Futebol"}]},{"@type":"WebSite","@id":"https:\/\/museudofutebol.org.br\/teste\/#website","url":"https:\/\/museudofutebol.org.br\/teste\/","name":"Museu do Futebol","description":"","potentialAction":[{"@type":"SearchAction","target":{"@type":"EntryPoint","urlTemplate":"https:\/\/museudofutebol.org.br\/teste\/?s={search_term_string}"},"query-input":"required name=search_term_string"}],"inLanguage":"pt-BR"}]}},"_links":{"self":[{"href":"https:\/\/museudofutebol.org.br\/teste\/wp-json\/wp\/v2\/pages\/14404"}],"collection":[{"href":"https:\/\/museudofutebol.org.br\/teste\/wp-json\/wp\/v2\/pages"}],"about":[{"href":"https:\/\/museudofutebol.org.br\/teste\/wp-json\/wp\/v2\/types\/page"}],"author":[{"embeddable":true,"href":"https:\/\/museudofutebol.org.br\/teste\/wp-json\/wp\/v2\/users\/13"}],"replies":[{"embeddable":true,"href":"https:\/\/museudofutebol.org.br\/teste\/wp-json\/wp\/v2\/comments?post=14404"}],"version-history":[{"count":5,"href":"https:\/\/museudofutebol.org.br\/teste\/wp-json\/wp\/v2\/pages\/14404\/revisions"}],"predecessor-version":[{"id":14468,"href":"https:\/\/museudofutebol.org.br\/teste\/wp-json\/wp\/v2\/pages\/14404\/revisions\/14468"}],"wp:attachment":[{"href":"https:\/\/museudofutebol.org.br\/teste\/wp-json\/wp\/v2\/media?parent=14404"}],"curies":[{"name":"wp","href":"https:\/\/api.w.org\/{rel}","templated":true}]}}