{"id":1910,"date":"2020-11-16T15:17:47","date_gmt":"2020-11-16T18:17:47","guid":{"rendered":"https:\/\/museudofutebol.org.br\/teste\/?page_id=1910"},"modified":"2024-09-09T15:23:54","modified_gmt":"2024-09-09T18:23:54","slug":"institucional-es","status":"publish","type":"page","link":"https:\/\/museudofutebol.org.br\/teste\/es\/institucional-es\/","title":{"rendered":"Institucional"},"content":{"rendered":"<div class=\"wpb-content-wrapper\"><p>[vc_row][vc_column width=&#8221;2\/3&#8243;][vc_column_text]<img decoding=\"async\" loading=\"lazy\" class=\"alignnone wp-image-2795 size-large\" src=\"https:\/\/museudofutebol.org.br\/teste\/wp-content\/uploads\/2020\/09\/MF_0168-Marcos-LopesRED-1024x682.png\" alt=\"\" width=\"1024\" height=\"682\" srcset=\"https:\/\/museudofutebol.org.br\/teste\/wp-content\/uploads\/2020\/09\/MF_0168-Marcos-LopesRED-1024x682.png 1024w, https:\/\/museudofutebol.org.br\/teste\/wp-content\/uploads\/2020\/09\/MF_0168-Marcos-LopesRED-300x200.png 300w, https:\/\/museudofutebol.org.br\/teste\/wp-content\/uploads\/2020\/09\/MF_0168-Marcos-LopesRED-768x512.png 768w, https:\/\/museudofutebol.org.br\/teste\/wp-content\/uploads\/2020\/09\/MF_0168-Marcos-LopesRED-219x146.png 219w, https:\/\/museudofutebol.org.br\/teste\/wp-content\/uploads\/2020\/09\/MF_0168-Marcos-LopesRED-50x33.png 50w, https:\/\/museudofutebol.org.br\/teste\/wp-content\/uploads\/2020\/09\/MF_0168-Marcos-LopesRED-113x75.png 113w, https:\/\/museudofutebol.org.br\/teste\/wp-content\/uploads\/2020\/09\/MF_0168-Marcos-LopesRED.png 1124w\" sizes=\"(max-width:767px) 480px, (max-width:1024px) 100vw, 1024px\" \/><\/p>\n<p>Localizado en un \u00e1rea de 6.900 m\u00b2 en el lado contrario de las tribunas del Estadio Municipal Paulo Machado de Carvalho \u2013 el Pacaembu, el Museo del F\u00fatbol fue inaugurado el 29 de septiembre de 2008.<\/p>\n<p>La exposici\u00f3n principal, distribuida en 15 salas tem\u00e1ticas, narra de forma l\u00fadica e interactiva como el f\u00fatbol lleg\u00f3 a Brasil y se volvi\u00f3 parte de nuestra historia y nuestra cultura. Es un museo, por lo tanto, abierto al convivir de todos los p\u00fablicos, amantes o no del deporte m\u00e1s popular del planeta. El servicio al visitante es prioridad en las acciones educativas del Museo, que tambi\u00e9n piensa y desarrolla exposiciones temporales e itinerantes, adem\u00e1s de diversificada programaci\u00f3n cultural.<\/p>\n<p>El Museo es totalmente accesible al p\u00fablico de personas con deficiencia y extranjeros, dispone de recursos variados, tanto de accesibilidad f\u00edsica (escaleras mec\u00e1nicas, ascensores, piso podot\u00e1ctil, silla de ruedas) como de accesibilidad comunicacional (audiogu\u00edas en ingl\u00e9s, espa\u00f1ol y para ciegos, maquetas t\u00e1ctiles, materiales sensoriales, etc.). En 2013, inaugur\u00f3 el Centro de Referencia del F\u00fatbol Brasile\u00f1o, que posee la primera biblioteca p\u00fablica especializada en f\u00fatbol en el pa\u00eds, con m\u00e1s de 3 mil t\u00edtulos nacionales y extranjeros.<\/p>\n<p>Desde la inauguraci\u00f3n, el Museo del F\u00fatbol es administrado por la Organizaci\u00f3n Social de Cultura IDBrasil Cultura, Educaci\u00f3n y Deporte, entidad privada sin \u00e1nimo de lucro que presta servicio p\u00fablico de inter\u00e9s de la comunidad. Parte de los recursos disponibles para la administraci\u00f3n del Museo del F\u00fatbol proviene del Estado y parte proviene de captaciones realizadas por la propia entidad (entradas, locaciones, patrocinios, etc.). Se trata de un modelo de gesti\u00f3n de equipos culturales vigente en el Estado de S\u00e3o Paulo desde 2005 y que ha mostrado resultados positivos. Adem\u00e1s de garantizar la calidad en el servicio al p\u00fablico, las organizaciones sociales vienen oxigenando las acciones del Estado en el \u00e1rea de la cultura y garantizando una exitosa alianza entre poder p\u00fablico y sociedad civil organizada.<\/p>\n<p>La OS tiene la funci\u00f3n de mantener los equipos y los instrumentos necesarios para la realizaci\u00f3n de los servicios contratados, as\u00ed como la integridad f\u00edsica de la edificaci\u00f3n ocupada por el Museo. Tambi\u00e9n se compromete en generar acciones y contenidos coherentes con las especificaciones de la instituci\u00f3n que administra, al mismo tiempo en el que les divulga buscando alcanzar y dar acceso al mayor n\u00famero posible de personas.[\/vc_column_text][\/vc_column][vc_column width=&#8221;1\/3&#8243;][vc_wp_custommenu nav_menu=&#8221;98&#8243;][\/vc_column][\/vc_row]<\/p>\n<\/div>","protected":false},"excerpt":{"rendered":"<p>[vc_row][vc_column width=&#8221;2\/3&#8243;][vc_column_text] Localizado en un \u00e1rea de 6.900 m\u00b2 en el lado contrario de las tribunas del Estadio Municipal Paulo Machado de Carvalho \u2013 el Pacaembu,<span class=\"excerpt-hellip\"> [\u2026]<\/span><\/p>\n","protected":false},"author":13,"featured_media":0,"parent":0,"menu_order":0,"comment_status":"closed","ping_status":"closed","template":"","meta":[],"acf":[],"yoast_head":"<!-- This site is optimized with the Yoast SEO plugin v20.8 - https:\/\/yoast.com\/wordpress\/plugins\/seo\/ -->\n<title>Institucional - Museu do Futebol<\/title>\n<meta name=\"robots\" content=\"index, follow, max-snippet:-1, max-image-preview:large, max-video-preview:-1\" \/>\n<link rel=\"canonical\" href=\"https:\/\/museudofutebol.org.br\/teste\/es\/institucional-es\/\" \/>\n<meta property=\"og:locale\" content=\"pt_BR\" \/>\n<meta property=\"og:type\" content=\"article\" \/>\n<meta property=\"og:title\" content=\"Institucional - Museu do Futebol\" \/>\n<meta property=\"og:description\" content=\"[vc_row][vc_column width=&#8221;2\/3&#8243;][vc_column_text] Localizado en un \u00e1rea de 6.900 m\u00b2 en el lado contrario de las tribunas del Estadio Municipal Paulo Machado de Carvalho \u2013 el Pacaembu, [\u2026]\" \/>\n<meta property=\"og:url\" content=\"https:\/\/museudofutebol.org.br\/teste\/es\/institucional-es\/\" \/>\n<meta property=\"og:site_name\" content=\"Museu do Futebol\" \/>\n<meta property=\"article:publisher\" content=\"https:\/\/www.facebook.com\/museudofutebol\" \/>\n<meta property=\"article:modified_time\" content=\"2024-09-09T18:23:54+00:00\" \/>\n<meta property=\"og:image\" content=\"https:\/\/museudofutebol.org.br\/teste\/wp-content\/uploads\/2020\/09\/MF_0168-Marcos-LopesRED-1024x682.png\" \/>\n<meta name=\"twitter:card\" content=\"summary_large_image\" \/>\n<meta name=\"twitter:site\" content=\"@museudofutebol\" \/>\n<meta name=\"twitter:label1\" content=\"Est. tempo de leitura\" \/>\n\t<meta name=\"twitter:data1\" content=\"3 minutos\" \/>\n<script type=\"application\/ld+json\" class=\"yoast-schema-graph\">{\"@context\":\"https:\/\/schema.org\",\"@graph\":[{\"@type\":\"WebPage\",\"@id\":\"https:\/\/museudofutebol.org.br\/teste\/es\/institucional-es\/\",\"url\":\"https:\/\/museudofutebol.org.br\/teste\/es\/institucional-es\/\",\"name\":\"Institucional - Museu do Futebol\",\"isPartOf\":{\"@id\":\"https:\/\/museudofutebol.org.br\/teste\/#website\"},\"datePublished\":\"2020-11-16T18:17:47+00:00\",\"dateModified\":\"2024-09-09T18:23:54+00:00\",\"breadcrumb\":{\"@id\":\"https:\/\/museudofutebol.org.br\/teste\/es\/institucional-es\/#breadcrumb\"},\"inLanguage\":\"pt-BR\",\"potentialAction\":[{\"@type\":\"ReadAction\",\"target\":[\"https:\/\/museudofutebol.org.br\/teste\/es\/institucional-es\/\"]}]},{\"@type\":\"BreadcrumbList\",\"@id\":\"https:\/\/museudofutebol.org.br\/teste\/es\/institucional-es\/#breadcrumb\",\"itemListElement\":[{\"@type\":\"ListItem\",\"position\":1,\"name\":\"In\u00edcio\",\"item\":\"https:\/\/museudofutebol.org.br\/teste\/\"},{\"@type\":\"ListItem\",\"position\":2,\"name\":\"Institucional\"}]},{\"@type\":\"WebSite\",\"@id\":\"https:\/\/museudofutebol.org.br\/teste\/#website\",\"url\":\"https:\/\/museudofutebol.org.br\/teste\/\",\"name\":\"Museu do Futebol\",\"description\":\"\",\"potentialAction\":[{\"@type\":\"SearchAction\",\"target\":{\"@type\":\"EntryPoint\",\"urlTemplate\":\"https:\/\/museudofutebol.org.br\/teste\/?s={search_term_string}\"},\"query-input\":\"required name=search_term_string\"}],\"inLanguage\":\"pt-BR\"}]}<\/script>\n<!-- \/ Yoast SEO plugin. -->","yoast_head_json":{"title":"Institucional - Museu do Futebol","robots":{"index":"index","follow":"follow","max-snippet":"max-snippet:-1","max-image-preview":"max-image-preview:large","max-video-preview":"max-video-preview:-1"},"canonical":"https:\/\/museudofutebol.org.br\/teste\/es\/institucional-es\/","og_locale":"pt_BR","og_type":"article","og_title":"Institucional - Museu do Futebol","og_description":"[vc_row][vc_column width=&#8221;2\/3&#8243;][vc_column_text] Localizado en un \u00e1rea de 6.900 m\u00b2 en el lado contrario de las tribunas del Estadio Municipal Paulo Machado de Carvalho \u2013 el Pacaembu, [\u2026]","og_url":"https:\/\/museudofutebol.org.br\/teste\/es\/institucional-es\/","og_site_name":"Museu do Futebol","article_publisher":"https:\/\/www.facebook.com\/museudofutebol","article_modified_time":"2024-09-09T18:23:54+00:00","og_image":[{"url":"https:\/\/museudofutebol.org.br\/teste\/wp-content\/uploads\/2020\/09\/MF_0168-Marcos-LopesRED-1024x682.png"}],"twitter_card":"summary_large_image","twitter_site":"@museudofutebol","twitter_misc":{"Est. tempo de leitura":"3 minutos"},"schema":{"@context":"https:\/\/schema.org","@graph":[{"@type":"WebPage","@id":"https:\/\/museudofutebol.org.br\/teste\/es\/institucional-es\/","url":"https:\/\/museudofutebol.org.br\/teste\/es\/institucional-es\/","name":"Institucional - Museu do Futebol","isPartOf":{"@id":"https:\/\/museudofutebol.org.br\/teste\/#website"},"datePublished":"2020-11-16T18:17:47+00:00","dateModified":"2024-09-09T18:23:54+00:00","breadcrumb":{"@id":"https:\/\/museudofutebol.org.br\/teste\/es\/institucional-es\/#breadcrumb"},"inLanguage":"pt-BR","potentialAction":[{"@type":"ReadAction","target":["https:\/\/museudofutebol.org.br\/teste\/es\/institucional-es\/"]}]},{"@type":"BreadcrumbList","@id":"https:\/\/museudofutebol.org.br\/teste\/es\/institucional-es\/#breadcrumb","itemListElement":[{"@type":"ListItem","position":1,"name":"In\u00edcio","item":"https:\/\/museudofutebol.org.br\/teste\/"},{"@type":"ListItem","position":2,"name":"Institucional"}]},{"@type":"WebSite","@id":"https:\/\/museudofutebol.org.br\/teste\/#website","url":"https:\/\/museudofutebol.org.br\/teste\/","name":"Museu do Futebol","description":"","potentialAction":[{"@type":"SearchAction","target":{"@type":"EntryPoint","urlTemplate":"https:\/\/museudofutebol.org.br\/teste\/?s={search_term_string}"},"query-input":"required name=search_term_string"}],"inLanguage":"pt-BR"}]}},"_links":{"self":[{"href":"https:\/\/museudofutebol.org.br\/teste\/wp-json\/wp\/v2\/pages\/1910"}],"collection":[{"href":"https:\/\/museudofutebol.org.br\/teste\/wp-json\/wp\/v2\/pages"}],"about":[{"href":"https:\/\/museudofutebol.org.br\/teste\/wp-json\/wp\/v2\/types\/page"}],"author":[{"embeddable":true,"href":"https:\/\/museudofutebol.org.br\/teste\/wp-json\/wp\/v2\/users\/13"}],"replies":[{"embeddable":true,"href":"https:\/\/museudofutebol.org.br\/teste\/wp-json\/wp\/v2\/comments?post=1910"}],"version-history":[{"count":4,"href":"https:\/\/museudofutebol.org.br\/teste\/wp-json\/wp\/v2\/pages\/1910\/revisions"}],"predecessor-version":[{"id":11759,"href":"https:\/\/museudofutebol.org.br\/teste\/wp-json\/wp\/v2\/pages\/1910\/revisions\/11759"}],"wp:attachment":[{"href":"https:\/\/museudofutebol.org.br\/teste\/wp-json\/wp\/v2\/media?parent=1910"}],"curies":[{"name":"wp","href":"https:\/\/api.w.org\/{rel}","templated":true}]}}