{"id":1923,"date":"2020-11-16T16:12:23","date_gmt":"2020-11-16T19:12:23","guid":{"rendered":"https:\/\/museudofutebol.org.br\/teste\/?page_id=1923"},"modified":"2024-09-09T15:48:33","modified_gmt":"2024-09-09T18:48:33","slug":"preguntas-frecuentes","status":"publish","type":"page","link":"https:\/\/museudofutebol.org.br\/teste\/es\/institucional-es\/preguntas-frecuentes\/","title":{"rendered":"Preguntas frecuentes"},"content":{"rendered":"<div class=\"wpb-content-wrapper\"><p>[vc_row][vc_column width=&#8221;2\/3&#8243;][vc_toggle title=&#8221;Marcar hora y d\u00eda de escuelas y grupos&#8221; style=&#8221;simple&#8221; color=&#8221;black&#8221; size=&#8221;lg&#8221; custom_font_container=&#8221;tag:h3|text_align:left&#8221; custom_use_theme_fonts=&#8221;yes&#8221; use_custom_heading=&#8221;true&#8221;]Consulta la p\u00e1gina de <a href=\"https:\/\/museudofutebol.org.br\/teste\/es\/horas-y-entradas\/\">Horas y Entradas<\/a> para obtener instrucciones actualizadas para programar y solicitar entrada gratuita para grupos (v\u00e1lido para colegios p\u00fablicos y entidades sociales sin \u00e1nimo de lucro que prestan servicios a colectivos vulnerables).[\/vc_toggle][vc_toggle title=&#8221;Fotos y grabaciones dentro del museo&#8221; style=&#8221;simple&#8221; color=&#8221;black&#8221; size=&#8221;lg&#8221; custom_font_container=&#8221;tag:h3|text_align:left&#8221; custom_use_theme_fonts=&#8221;yes&#8221; use_custom_heading=&#8221;true&#8221;]<strong>\u00bfEs permitido fotografiar dentro del Museo del F\u00fatbol?<br \/>\n<\/strong>S\u00ed. Pedimos apenas que no use flash y est\u00e9 siempre atento para no estorbar los otros visitantes.<\/p>\n<p><strong>\u00bfPuedo hacer un book\/ensayo fotogr\u00e1fico dentro del Museo?<br \/>\n<\/strong>S\u00ed, se fuera exclusivamente de uso personal. Pero no permitimos montaje de escenarios ni uso de tripi\u00e9s, iluminaci\u00f3n extra, decoraci\u00f3n o cualquier otro apartado o equipo que pueda estorbar la visitaci\u00f3n de otras personas. Marque hora y d\u00eda y autorizaci\u00f3n por el email contato@museudofutebol.org.br\/teste.<\/p>\n<p>Para realizaci\u00f3n de book\/ensayo con finalidad comercial, entre en contacto con eventos@museudofutebol.org.br\/teste.[\/vc_toggle][vc_toggle title=&#8221;Acervo&#8221; style=&#8221;simple&#8221; color=&#8221;black&#8221; size=&#8221;lg&#8221; custom_font_container=&#8221;tag:h3|text_align:left&#8221; custom_use_theme_fonts=&#8221;yes&#8221; use_custom_heading=&#8221;true&#8221;]<strong>\u00bfEl Museo recibe o compra objetos para componer su acervo?<br \/>\n<\/strong>El Museo del F\u00fatbol no tiene estructura para guardar y preservar objetos materiales, pero ofrece la digitalizaci\u00f3n de fotos y documentos relacionados con la historia del f\u00fatbol en Brasil. Entre en contacto con cfrb@museudofutebol.org.br\/teste.<\/p>\n<p><strong>\u00bfEl Museo testifica la autenticidad de objetos?<\/strong><br \/>\nNo realizamos este servicio.<\/p>\n<p><strong><br \/>\n\u00bfEl Museo realiza conservaci\u00f3n de objetos?<br \/>\n<\/strong>No, pero tenemos una cartilla con \u00f3ptimas informaciones para ayudar en el mantenimiento de apartados como camisas, revistas, entre otros objetos de colecci\u00f3n. <a href=\"https:\/\/educar.museudofutebol.org.br\/teste\/2020\/03\/21\/preserve-seu-acervo\/\">Descargue aqu\u00ed<\/a> (en Portugu\u00e9s).[\/vc_toggle][vc_toggle title=&#8221;Locaci\u00f3n para eventos&#8221; style=&#8221;simple&#8221; color=&#8221;black&#8221; size=&#8221;lg&#8221; custom_font_container=&#8221;tag:h3|text_align:left&#8221; custom_use_theme_fonts=&#8221;yes&#8221; use_custom_heading=&#8221;true&#8221;]<strong>\u00bfEs posible realizar eventos en el Museo del F\u00fatbol?<br \/>\n<\/strong>S\u00ed, y esta es una de las formas por las cuales usted puede apoyar la gesti\u00f3n del museo. Tenemos cinco espacios disponibles para locaci\u00f3n y ofrecemos tambi\u00e9n visitas exclusivas para eventos corporativos. Vea los detalles en esta p\u00e1gina. Para pedir un presupuesto o marcar una visita t\u00e9cnica entre en contacto con eventos@museudofutebol.org.br\/teste.[\/vc_toggle][vc_toggle title=&#8221;Prensa e influenciadores digitales&#8221; style=&#8221;simple&#8221; color=&#8221;black&#8221; size=&#8221;lg&#8221; custom_font_container=&#8221;tag:h3|text_align:left&#8221; custom_use_theme_fonts=&#8221;yes&#8221; use_custom_heading=&#8221;true&#8221;]<strong>\u00bfC\u00f3mo marcar la realizaci\u00f3n de materias y entrevistas en el Museo del F\u00fatbol?<br \/>\n<\/strong>Es obligatorio marcar antes con la Asesor\u00eda de Prensa del Museo, por el email contato@museudofutebol.org.br\/teste, en tiempo h\u00e1bil. Informe el veh\u00edculo, el motivo de la pauta, cual el perfil del portavoz deseado y el deadline. En caso de grabaci\u00f3n, indique tambi\u00e9n el tama\u00f1o del equipo y el tiempo de duraci\u00f3n.<\/p>\n<p><strong>Soy influenciador. \u00bfPuedo grabar dentro del Museo para mi canal digital?<br \/>\n<\/strong>S\u00ed, desde que usted entre en contacto antes con la Asesor\u00eda de Prensa del Museo, por el email contato@museudofutebol.org.br\/teste, en tiempo h\u00e1bil. Informe la direcci\u00f3n de su canal, el perfil, cual la idea de la pauta y el d\u00eda\/hora deseados para la visita. Nuestro equipo va a evaluar la propuesta y dar\u00e1 un retorno.<\/p>\n<p><strong><br \/>\n\u00bfEl Museo del F\u00fatbol hace alianza con influenciadores?<br \/>\n<\/strong>S\u00ed. Env\u00ede su propuesta de alianza para contato@museudofutebol.org.br\/teste. No se olvide de informar la direcci\u00f3n de su canal, cual es el perfil de posts y de p\u00fablico, entre otras informaciones que considere relevantes.[\/vc_toggle][vc_toggle title=&#8221;Trabajar y suministrar servicios para el museo&#8221; style=&#8221;simple&#8221; color=&#8221;black&#8221; size=&#8221;lg&#8221; custom_font_container=&#8221;tag:h3|text_align:left&#8221; custom_use_theme_fonts=&#8221;yes&#8221; use_custom_heading=&#8221;true&#8221;]<strong>\u00bfC\u00f3mo me candidato a una plaza de trabajo en el Museo del F\u00fatbol?<br \/>\n<\/strong>Todas las oportunidades de trabajo son publicadas en el sitio del IDBrasil, organizaci\u00f3n social gestora del Museo del F\u00fatbol. Caso no exista una plaza disponible, puede registrar su curr\u00edculo en este enlace.<\/p>\n<p><strong>\u00bfC\u00f3mo me entero de las oportunidades de contrataci\u00f3n de servicios?<br \/>\n<\/strong>Los procesos de adquisici\u00f3n de objetos y servicios siguen el reglamento de compra del IDBrasil. En los casos en los que es obligatoria la realizaci\u00f3n de licitaci\u00f3n, las oportunidades son publicadas aqu\u00ed.<\/p>\n<p>Para registrarse como proveedor, debe llenar el formulario disponible en este enlace y enviarlo para <a href=\"mailto:compras@idbr.org.br\">compras@idbr.org.br<\/a>.[\/vc_toggle][\/vc_column][vc_column width=&#8221;1\/3&#8243;][\/vc_column][\/vc_row]<\/p>\n<\/div>","protected":false},"excerpt":{"rendered":"<p>[vc_row][vc_column width=&#8221;2\/3&#8243;][vc_toggle title=&#8221;Marcar hora y d\u00eda de escuelas y grupos&#8221; style=&#8221;simple&#8221; color=&#8221;black&#8221; size=&#8221;lg&#8221; custom_font_container=&#8221;tag:h3|text_align:left&#8221; custom_use_theme_fonts=&#8221;yes&#8221; use_custom_heading=&#8221;true&#8221;]Consulta la p\u00e1gina de Horas y Entradas para obtener instrucciones actualizadas<span class=\"excerpt-hellip\"> [\u2026]<\/span><\/p>\n","protected":false},"author":13,"featured_media":0,"parent":1910,"menu_order":0,"comment_status":"closed","ping_status":"closed","template":"","meta":[],"acf":[],"yoast_head":"<!-- This site is optimized with the Yoast SEO plugin v20.8 - https:\/\/yoast.com\/wordpress\/plugins\/seo\/ -->\n<title>Preguntas frecuentes - Museu do Futebol<\/title>\n<meta name=\"robots\" content=\"index, follow, max-snippet:-1, max-image-preview:large, max-video-preview:-1\" \/>\n<link rel=\"canonical\" href=\"https:\/\/museudofutebol.org.br\/teste\/es\/institucional-es\/preguntas-frecuentes\/\" \/>\n<meta property=\"og:locale\" content=\"pt_BR\" \/>\n<meta property=\"og:type\" content=\"article\" \/>\n<meta property=\"og:title\" content=\"Preguntas frecuentes - Museu do Futebol\" \/>\n<meta property=\"og:description\" content=\"[vc_row][vc_column width=&#8221;2\/3&#8243;][vc_toggle title=&#8221;Marcar hora y d\u00eda de escuelas y grupos&#8221; style=&#8221;simple&#8221; color=&#8221;black&#8221; size=&#8221;lg&#8221; custom_font_container=&#8221;tag:h3|text_align:left&#8221; custom_use_theme_fonts=&#8221;yes&#8221; use_custom_heading=&#8221;true&#8221;]Consulta la p\u00e1gina de Horas y Entradas para obtener instrucciones actualizadas [\u2026]\" \/>\n<meta property=\"og:url\" content=\"https:\/\/museudofutebol.org.br\/teste\/es\/institucional-es\/preguntas-frecuentes\/\" \/>\n<meta property=\"og:site_name\" content=\"Museu do Futebol\" \/>\n<meta property=\"article:publisher\" content=\"https:\/\/www.facebook.com\/museudofutebol\" \/>\n<meta property=\"article:modified_time\" content=\"2024-09-09T18:48:33+00:00\" \/>\n<meta name=\"twitter:card\" content=\"summary_large_image\" \/>\n<meta name=\"twitter:site\" content=\"@museudofutebol\" \/>\n<meta name=\"twitter:label1\" content=\"Est. tempo de leitura\" \/>\n\t<meta name=\"twitter:data1\" content=\"4 minutos\" \/>\n<script type=\"application\/ld+json\" class=\"yoast-schema-graph\">{\"@context\":\"https:\/\/schema.org\",\"@graph\":[{\"@type\":\"WebPage\",\"@id\":\"https:\/\/museudofutebol.org.br\/teste\/es\/institucional-es\/preguntas-frecuentes\/\",\"url\":\"https:\/\/museudofutebol.org.br\/teste\/es\/institucional-es\/preguntas-frecuentes\/\",\"name\":\"Preguntas frecuentes - Museu do Futebol\",\"isPartOf\":{\"@id\":\"https:\/\/museudofutebol.org.br\/teste\/#website\"},\"datePublished\":\"2020-11-16T19:12:23+00:00\",\"dateModified\":\"2024-09-09T18:48:33+00:00\",\"breadcrumb\":{\"@id\":\"https:\/\/museudofutebol.org.br\/teste\/es\/institucional-es\/preguntas-frecuentes\/#breadcrumb\"},\"inLanguage\":\"pt-BR\",\"potentialAction\":[{\"@type\":\"ReadAction\",\"target\":[\"https:\/\/museudofutebol.org.br\/teste\/es\/institucional-es\/preguntas-frecuentes\/\"]}]},{\"@type\":\"BreadcrumbList\",\"@id\":\"https:\/\/museudofutebol.org.br\/teste\/es\/institucional-es\/preguntas-frecuentes\/#breadcrumb\",\"itemListElement\":[{\"@type\":\"ListItem\",\"position\":1,\"name\":\"In\u00edcio\",\"item\":\"https:\/\/museudofutebol.org.br\/teste\/\"},{\"@type\":\"ListItem\",\"position\":2,\"name\":\"Institucional\",\"item\":\"https:\/\/museudofutebol.org.br\/teste\/es\/institucional-es\/\"},{\"@type\":\"ListItem\",\"position\":3,\"name\":\"Preguntas frecuentes\"}]},{\"@type\":\"WebSite\",\"@id\":\"https:\/\/museudofutebol.org.br\/teste\/#website\",\"url\":\"https:\/\/museudofutebol.org.br\/teste\/\",\"name\":\"Museu do Futebol\",\"description\":\"\",\"potentialAction\":[{\"@type\":\"SearchAction\",\"target\":{\"@type\":\"EntryPoint\",\"urlTemplate\":\"https:\/\/museudofutebol.org.br\/teste\/?s={search_term_string}\"},\"query-input\":\"required name=search_term_string\"}],\"inLanguage\":\"pt-BR\"}]}<\/script>\n<!-- \/ Yoast SEO plugin. -->","yoast_head_json":{"title":"Preguntas frecuentes - Museu do Futebol","robots":{"index":"index","follow":"follow","max-snippet":"max-snippet:-1","max-image-preview":"max-image-preview:large","max-video-preview":"max-video-preview:-1"},"canonical":"https:\/\/museudofutebol.org.br\/teste\/es\/institucional-es\/preguntas-frecuentes\/","og_locale":"pt_BR","og_type":"article","og_title":"Preguntas frecuentes - Museu do Futebol","og_description":"[vc_row][vc_column width=&#8221;2\/3&#8243;][vc_toggle title=&#8221;Marcar hora y d\u00eda de escuelas y grupos&#8221; style=&#8221;simple&#8221; color=&#8221;black&#8221; size=&#8221;lg&#8221; custom_font_container=&#8221;tag:h3|text_align:left&#8221; custom_use_theme_fonts=&#8221;yes&#8221; use_custom_heading=&#8221;true&#8221;]Consulta la p\u00e1gina de Horas y Entradas para obtener instrucciones actualizadas [\u2026]","og_url":"https:\/\/museudofutebol.org.br\/teste\/es\/institucional-es\/preguntas-frecuentes\/","og_site_name":"Museu do Futebol","article_publisher":"https:\/\/www.facebook.com\/museudofutebol","article_modified_time":"2024-09-09T18:48:33+00:00","twitter_card":"summary_large_image","twitter_site":"@museudofutebol","twitter_misc":{"Est. tempo de leitura":"4 minutos"},"schema":{"@context":"https:\/\/schema.org","@graph":[{"@type":"WebPage","@id":"https:\/\/museudofutebol.org.br\/teste\/es\/institucional-es\/preguntas-frecuentes\/","url":"https:\/\/museudofutebol.org.br\/teste\/es\/institucional-es\/preguntas-frecuentes\/","name":"Preguntas frecuentes - Museu do Futebol","isPartOf":{"@id":"https:\/\/museudofutebol.org.br\/teste\/#website"},"datePublished":"2020-11-16T19:12:23+00:00","dateModified":"2024-09-09T18:48:33+00:00","breadcrumb":{"@id":"https:\/\/museudofutebol.org.br\/teste\/es\/institucional-es\/preguntas-frecuentes\/#breadcrumb"},"inLanguage":"pt-BR","potentialAction":[{"@type":"ReadAction","target":["https:\/\/museudofutebol.org.br\/teste\/es\/institucional-es\/preguntas-frecuentes\/"]}]},{"@type":"BreadcrumbList","@id":"https:\/\/museudofutebol.org.br\/teste\/es\/institucional-es\/preguntas-frecuentes\/#breadcrumb","itemListElement":[{"@type":"ListItem","position":1,"name":"In\u00edcio","item":"https:\/\/museudofutebol.org.br\/teste\/"},{"@type":"ListItem","position":2,"name":"Institucional","item":"https:\/\/museudofutebol.org.br\/teste\/es\/institucional-es\/"},{"@type":"ListItem","position":3,"name":"Preguntas frecuentes"}]},{"@type":"WebSite","@id":"https:\/\/museudofutebol.org.br\/teste\/#website","url":"https:\/\/museudofutebol.org.br\/teste\/","name":"Museu do Futebol","description":"","potentialAction":[{"@type":"SearchAction","target":{"@type":"EntryPoint","urlTemplate":"https:\/\/museudofutebol.org.br\/teste\/?s={search_term_string}"},"query-input":"required name=search_term_string"}],"inLanguage":"pt-BR"}]}},"_links":{"self":[{"href":"https:\/\/museudofutebol.org.br\/teste\/wp-json\/wp\/v2\/pages\/1923"}],"collection":[{"href":"https:\/\/museudofutebol.org.br\/teste\/wp-json\/wp\/v2\/pages"}],"about":[{"href":"https:\/\/museudofutebol.org.br\/teste\/wp-json\/wp\/v2\/types\/page"}],"author":[{"embeddable":true,"href":"https:\/\/museudofutebol.org.br\/teste\/wp-json\/wp\/v2\/users\/13"}],"replies":[{"embeddable":true,"href":"https:\/\/museudofutebol.org.br\/teste\/wp-json\/wp\/v2\/comments?post=1923"}],"version-history":[{"count":3,"href":"https:\/\/museudofutebol.org.br\/teste\/wp-json\/wp\/v2\/pages\/1923\/revisions"}],"predecessor-version":[{"id":13535,"href":"https:\/\/museudofutebol.org.br\/teste\/wp-json\/wp\/v2\/pages\/1923\/revisions\/13535"}],"up":[{"embeddable":true,"href":"https:\/\/museudofutebol.org.br\/teste\/wp-json\/wp\/v2\/pages\/1910"}],"wp:attachment":[{"href":"https:\/\/museudofutebol.org.br\/teste\/wp-json\/wp\/v2\/media?parent=1923"}],"curies":[{"name":"wp","href":"https:\/\/api.w.org\/{rel}","templated":true}]}}