{"id":1942,"date":"2020-11-18T11:39:46","date_gmt":"2020-11-18T14:39:46","guid":{"rendered":"https:\/\/museudofutebol.org.br\/teste\/?page_id=1942"},"modified":"2024-09-09T15:29:02","modified_gmt":"2024-09-09T18:29:02","slug":"transparency","status":"publish","type":"page","link":"https:\/\/museudofutebol.org.br\/teste\/en\/institutional\/transparency\/","title":{"rendered":"Transparency"},"content":{"rendered":"<div class=\"wpb-content-wrapper\"><p>[vc_row][vc_column width=&#8221;2\/3&#8243;][vc_column_text]As a principle of good governance, the Football Museum management is based on the transparency of its processes and results. The Museum is managed by means of contracts signed between the OS and the State Department of Culture and Creative Economy of the Government of the State of S\u00e3o Paulo. Since its inauguration, three contracts have been signed, with periods of 3 and 5 years. Every year, an addendum to the respective contract is signed by the parties in order to align the goals and budget for the period of one year. The management contracts and their respective attachments and annual addendums are found below.<\/p>\n<p>The main institutional documents related to the management of the Football Museum are provided below (all documents are in Portuguese).[\/vc_column_text][vc_toggle title=&#8221;Documents related to the IDBrasil Social Cultural Organization&#8221; use_custom_heading=&#8221;true&#8221;]<\/p>\n<ul>\n<li><a href=\"http:\/\/idbr.org.br\/wp-content\/uploads\/2017\/03\/ESTATUTO-IDBR.pdf\" target=\"_blank\" rel=\"noopener noreferrer\">Estatuto do IDBrasil<\/a><\/li>\n<li><a href=\"http:\/\/idbr.org.br\/wp-content\/uploads\/2020\/01\/PCS_IDBR_2020.pdf\" target=\"_blank\" rel=\"noopener noreferrer\">Plano de cargos, sal\u00e1rios e benef\u00edcios<\/a><\/li>\n<li><a href=\"http:\/\/idbr.org.br\/plano-de-cargos-salario-e-beneficios-anexos\/\" target=\"_blank\" rel=\"noopener noreferrer\">Plano de cargos, sal\u00e1rios e benef\u00edcios &#8211; ANEXOS<\/a><\/li>\n<li><a href=\"http:\/\/idbr.org.br\/wp-content\/uploads\/2019\/10\/REG_INT_2019.pdf\" target=\"_blank\" rel=\"noopener noreferrer\">Regimento Interno do IDBrasil<\/a><\/li>\n<li><a href=\"http:\/\/idbr.org.br\/wp-content\/uploads\/2019\/01\/REGULAMENTO-DE-COMPRAS-IDBrasil.pdf\" target=\"_blank\" rel=\"noopener noreferrer\">Regulamento de Compra<\/a><\/li>\n<\/ul>\n<p>[\/vc_toggle][vc_toggle title=&#8221;Management Contract No. 28\/2008&#8243; use_custom_heading=&#8221;true&#8221;]<\/p>\n<ul>\n<li><a href=\"http:\/\/idbr.org.br\/wp-content\/uploads\/2017\/04\/CONTRATO-DE-GESTAO-MDF-28-2008.pdf\" target=\"_blank\" rel=\"noopener noreferrer\">Contrato de Gest\u00e3o n\u00ba 28\/2008<\/a><\/li>\n<\/ul>\n<p>[\/vc_toggle][vc_toggle title=&#8221;Management Contract No. 5\/2011&#8243; use_custom_heading=&#8221;true&#8221;]<strong>Contrato\u00a0<\/strong><\/p>\n<ul>\n<li><a href=\"http:\/\/idbr.org.br\/wp-content\/uploads\/2017\/04\/CONTRATO-DE-GESTAO-MDF-05-2011.pdf\" target=\"_blank\" rel=\"noopener noreferrer\">Contrato de Gest\u00e3o n\u00ba 05\/2011<\/a><\/li>\n<li><a href=\"http:\/\/idbr.org.br\/wp-content\/uploads\/2017\/04\/Anexo-I-CG05.pdf\" target=\"_blank\" rel=\"noopener noreferrer\">Contrato de Gest\u00e3o n\u00ba 05\/2011 (ANEXO I)<\/a><\/li>\n<li><a href=\"http:\/\/idbr.org.br\/wp-content\/uploads\/2017\/04\/Anexo-II-CG05.pdf\" target=\"_blank\" rel=\"noopener noreferrer\">Contrato de Gest\u00e3o n\u00ba 05\/2011 (ANEXO II)<\/a><\/li>\n<li><a href=\"http:\/\/idbr.org.br\/wp-content\/uploads\/2017\/04\/Anexo-III-CG05.pdf\" target=\"_blank\" rel=\"noopener noreferrer\">Contrato de Gest\u00e3o n\u00ba 05\/2011 (ANEXO III)<\/a><\/li>\n<\/ul>\n<p>&nbsp;<\/p>\n<p><strong>Aditamentos<\/strong><\/p>\n<ul>\n<li><a href=\"http:\/\/idbr.org.br\/wp-content\/uploads\/2017\/04\/1-aditamento-CG-05.2011.pdf\" target=\"_blank\" rel=\"noopener noreferrer\">1\u00ba Aditamento CG n\u00ba 05\/2011<\/a><\/li>\n<li><a href=\"http:\/\/idbr.org.br\/wp-content\/uploads\/2017\/04\/2-aditamento-CG-05.2011.pdf\" target=\"_blank\" rel=\"noopener noreferrer\">2\u00ba Aditamento CG n\u00ba 05\/2011<\/a><\/li>\n<li><a href=\"http:\/\/idbr.org.br\/wp-content\/uploads\/2017\/04\/3-aditamento-CG-05.2011.pdf\" target=\"_blank\" rel=\"noopener noreferrer\">3\u00ba Aditamento CG n\u00ba 05\/2011<\/a><\/li>\n<li><a href=\"http:\/\/idbr.org.br\/wp-content\/uploads\/2017\/04\/4-aditamento-CG-05.2011.pdf\" target=\"_blank\" rel=\"noopener noreferrer\">4\u00ba Aditamento CG n\u00ba 05\/2011<\/a><\/li>\n<li><a href=\"http:\/\/idbr.org.br\/wp-content\/uploads\/2017\/04\/5-aditamento-CG-05.2011.pdf\" target=\"_blank\" rel=\"noopener noreferrer\">5\u00ba Aditamento CG n\u00ba 05\/2011<\/a><\/li>\n<li><a href=\"http:\/\/idbr.org.br\/wp-content\/uploads\/2017\/04\/6-aditamento-CG-05.2011.pdf\" target=\"_blank\" rel=\"noopener noreferrer\">6\u00ba Aditamento CG n\u00ba 05\/2011<\/a><\/li>\n<\/ul>\n<p>&nbsp;<\/p>\n<p><strong>Relat\u00f3rios anuais<\/strong><\/p>\n<ul>\n<li><a href=\"http:\/\/idbr.org.br\/wp-content\/uploads\/2017\/04\/RELATORIO-ANUAL-MDF-2012.pdf\" target=\"_blank\" rel=\"noopener noreferrer\">Relat\u00f3rio Anual MF &#8211; 2012<\/a><\/li>\n<li><a href=\"http:\/\/idbr.org.br\/wp-content\/uploads\/2017\/04\/RELATORIO-ANUAL-MDF-2013.pdf\" target=\"_blank\" rel=\"noopener noreferrer\">Relat\u00f3rio Anual MF \u2013 2013<\/a><\/li>\n<li><a href=\"http:\/\/idbr.org.br\/wp-content\/uploads\/2017\/04\/RELATORIO-ANUAL-MDF-2014.pdf\" target=\"_blank\" rel=\"noopener noreferrer\">Relat\u00f3rio Anual MF \u2013 2014<\/a><\/li>\n<li><a href=\"http:\/\/idbr.org.br\/wp-content\/uploads\/2017\/04\/REL_ANUAL_MF_2015.pdf\" target=\"_blank\" rel=\"noopener noreferrer\">Relat\u00f3rio Anual MF \u2013 2015<\/a><\/li>\n<\/ul>\n<p>[\/vc_toggle][vc_toggle title=&#8221;Management Contract No. 4\/2016&#8243; use_custom_heading=&#8221;true&#8221;]<\/p>\n<ul>\n<li><a href=\"http:\/\/idbr.org.br\/wp-content\/uploads\/2017\/04\/CG_0416.pdf\" target=\"_blank\" rel=\"noopener noreferrer\">Contrato de Gest\u00e3o n\u00ba 04\/2016<\/a><\/li>\n<li><a href=\"http:\/\/idbr.org.br\/wp-content\/uploads\/2017\/04\/Anexo-I-CG-04-2016.pdf\" target=\"_blank\" rel=\"noopener noreferrer\">Contrato de Gest\u00e3o n\u00ba 04\/2016 (ANEXO I)<\/a><\/li>\n<li><a href=\"http:\/\/idbr.org.br\/wp-content\/uploads\/2017\/04\/Anexo-II-CG-04-2016.pdf\" target=\"_blank\" rel=\"noopener noreferrer\">Contrato de Gest\u00e3o n\u00ba 04\/2016 (ANEXO II)<\/a><\/li>\n<li><a href=\"http:\/\/idbr.org.br\/wp-content\/uploads\/2017\/04\/Anexo-III-CG-04-2016.pdf\" target=\"_blank\" rel=\"noopener noreferrer\">Contrato de Gest\u00e3o n\u00ba 04\/2016 (ANEXO III)<\/a><\/li>\n<li><a href=\"http:\/\/idbr.org.br\/wp-content\/uploads\/2017\/04\/Anexo-IV-CG-04-2016.pdf\" target=\"_blank\" rel=\"noopener noreferrer\">Contrato de Gest\u00e3o n\u00ba 04\/2016 (ANEXO IV)<\/a><\/li>\n<li><a href=\"http:\/\/idbr.org.br\/wp-content\/uploads\/2017\/04\/Anexo-V-CG-04-2016.pdf\" target=\"_blank\" rel=\"noopener noreferrer\">Contrato de Gest\u00e3o n\u00ba 04\/2016 (ANEXO V)<\/a><\/li>\n<li><a href=\"http:\/\/idbr.org.br\/wp-content\/uploads\/2018\/03\/Anexo-VI-CG-04.2016-1.pdf\" target=\"_blank\" rel=\"noopener noreferrer\">Contrato de Gest\u00e3o n\u00ba 04\/2016 (ANEXO VI)<\/a><\/li>\n<\/ul>\n<p>&nbsp;<\/p>\n<p><strong>Aditamentos<\/strong><\/p>\n<ul>\n<li><a href=\"http:\/\/idbr.org.br\/wp-content\/uploads\/2017\/04\/1-ADITAMENTO-CG-04_2016.pdf\" target=\"_blank\" rel=\"noopener noreferrer\">1\u00ba Aditamento CG n\u00ba 04\/2016<\/a><\/li>\n<li><a href=\"http:\/\/idbr.org.br\/wp-content\/uploads\/2019\/11\/2_ADIT_042016.pdf\" target=\"_blank\" rel=\"noopener noreferrer\">2\u00ba Aditamento CG n\u00ba 04\/2016<\/a><\/li>\n<li><a href=\"http:\/\/idbr.org.br\/wp-content\/uploads\/2019\/11\/3_ADIT_042016.pdf\" target=\"_blank\" rel=\"noopener noreferrer\">3\u00ba Aditamento CG n\u00ba 04\/2016<\/a><\/li>\n<li><a href=\"http:\/\/idbr.org.br\/wp-content\/uploads\/2020\/01\/4_ADIT_CG0406.pdf\" target=\"_blank\" rel=\"noopener noreferrer\">4\u00ba Aditamento CG n\u00ba 04\/2016<\/a><\/li>\n<li><a href=\"http:\/\/idbr.org.br\/wp-content\/uploads\/2020\/06\/5_ADIT_CG04-2016.pdf\" target=\"_blank\" rel=\"noopener noreferrer\">5\u00ba Aditamento CG n\u00ba 04\/2016<\/a><\/li>\n<\/ul>\n<p>&nbsp;<\/p>\n<p><strong>Relat\u00f3rios anuais\u00a0<\/strong><\/p>\n<ul>\n<li><a href=\"http:\/\/idbr.org.br\/wp-content\/uploads\/2017\/04\/REL_ANUAL_MF_2016.pdf\" target=\"_blank\" rel=\"noopener noreferrer\">Relat\u00f3rio Anual MF \u2013 2016<\/a><\/li>\n<li><a href=\"http:\/\/idbr.org.br\/wp-content\/uploads\/2018\/03\/REL_ANUAL_2017MF.pdf\" target=\"_blank\" rel=\"noopener noreferrer\">Relat\u00f3rio Anual MF \u2013 2017<\/a><\/li>\n<li><a href=\"http:\/\/idbr.org.br\/wp-content\/uploads\/2019\/03\/RA_2018.pdf\" target=\"_blank\" rel=\"noopener noreferrer\">Relat\u00f3rio Anual MF \u2013 2018<\/a><\/li>\n<li><a href=\"http:\/\/idbr.org.br\/wp-content\/uploads\/2020\/05\/RA_MF_2019.pdf\" target=\"_blank\" rel=\"noopener noreferrer\">Relat\u00f3rio Anual MF \u2013 2019<\/a><\/li>\n<\/ul>\n<p>&nbsp;<\/p>\n<p><strong>Relat\u00f3rios trimestrais<\/strong><\/p>\n<ul>\n<li><a href=\"http:\/\/idbr.org.br\/wp-content\/uploads\/2017\/05\/REL_1TRI_MF-2016.pdf\" target=\"_blank\" rel=\"noopener noreferrer\">Relat\u00f3rio 1\u00ba trimestre \u2013 2016<\/a><\/li>\n<li><a href=\"http:\/\/idbr.org.br\/wp-content\/uploads\/2017\/04\/REL-2-trimestre-MF-20161.pdf\" target=\"_blank\" rel=\"noopener noreferrer\">Relat\u00f3rio 2\u00ba trimestre \u2013 2016<\/a><\/li>\n<li><a href=\"http:\/\/idbr.org.br\/wp-content\/uploads\/2017\/05\/REL_3TRI_MF-2016.pdf\" target=\"_blank\" rel=\"noopener noreferrer\">Relat\u00f3rio 3\u00ba trimestre \u2013 2016<\/a><\/li>\n<li><a href=\"http:\/\/idbr.org.br\/wp-content\/uploads\/2017\/05\/REL_1_TRI_2017-MDF.pdf\" target=\"_blank\" rel=\"noopener noreferrer\">Relat\u00f3rio 1\u00ba trimestre \u2013 2017<\/a><\/li>\n<li><a href=\"http:\/\/idbr.org.br\/wp-content\/uploads\/2017\/08\/REL_2_TRI2017_MF.pdf\" target=\"_blank\" rel=\"noopener noreferrer\">Relat\u00f3rio 2\u00ba trimestre \u2013 2017<\/a><\/li>\n<li><a href=\"http:\/\/idbr.org.br\/wp-content\/uploads\/2017\/10\/TRI3_MDF.pdf\" target=\"_blank\" rel=\"noopener noreferrer\">Relat\u00f3rio 3\u00ba trimestre \u2013 2017<\/a><\/li>\n<li><a href=\"http:\/\/idbr.org.br\/wp-content\/uploads\/2018\/06\/REL_TRI_2018_MF.pdf\" target=\"_blank\" rel=\"noopener noreferrer\">Relat\u00f3rio 1\u00ba trimestre \u2013 2018<\/a><\/li>\n<li><a href=\"http:\/\/idbr.org.br\/wp-content\/uploads\/2019\/01\/MF_REL_2_TRIM_2018.pdf\" target=\"_blank\" rel=\"noopener noreferrer\">Relat\u00f3rio 2\u00ba trimestre \u2013 2018<\/a><\/li>\n<li><a href=\"http:\/\/idbr.org.br\/wp-content\/uploads\/2019\/01\/MF_REL_3_TRIM_2018.pdf\" target=\"_blank\" rel=\"noopener noreferrer\">Relat\u00f3rio 3\u00ba trimestre \u2013 2018<\/a><\/li>\n<li><a href=\"http:\/\/idbr.org.br\/wp-content\/uploads\/2019\/07\/REL_TRI_MF_1_2019.pdf\" target=\"_blank\" rel=\"noopener noreferrer\">Relat\u00f3rio 1\u00ba trimestre \u2013 2019<\/a><\/li>\n<li><a href=\"http:\/\/idbr.org.br\/wp-content\/uploads\/2019\/07\/REL_TRI_MF_2_2019.pdf\" target=\"_blank\" rel=\"noopener noreferrer\">Relat\u00f3rio 2\u00ba trimestre \u2013 2019<\/a><\/li>\n<li><a href=\"http:\/\/idbr.org.br\/wp-content\/uploads\/2019\/10\/REL_3_TRI_MF_2019.pdf\" target=\"_blank\" rel=\"noopener noreferrer\">Relat\u00f3rio 3\u00ba trimestre \u2013 2019<\/a><\/li>\n<li><a href=\"http:\/\/idbr.org.br\/wp-content\/uploads\/2020\/06\/REL_1TRI_MF_2020.pdf\" target=\"_blank\" rel=\"noopener noreferrer\">Relat\u00f3rio 1\u00ba trimestre \u2013 2020<\/a><\/li>\n<li><a href=\"http:\/\/idbr.org.br\/wp-content\/uploads\/2020\/07\/REL_2_TRIM_MF.pdf\" target=\"_blank\" rel=\"noopener noreferrer\">Relat\u00f3rio 2\u00ba trimestre \u2013 2020<\/a><\/li>\n<li><a href=\"https:\/\/museudofutebol.org.br\/teste\/wp-content\/uploads\/2020\/10\/REL_3TRIM_MF.pdf\" target=\"_blank\" rel=\"noopener noreferrer\">Relat\u00f3rio 3\u00ba trimestre \u2013 2020<\/a><\/li>\n<\/ul>\n<p>[\/vc_toggle][vc_toggle title=&#8221;Financial statements&#8221; use_custom_heading=&#8221;true&#8221;]<\/p>\n<ul>\n<li><a href=\"http:\/\/idbr.org.br\/wp-content\/uploads\/2017\/04\/DEMONSTRATIVO-CONTABIL-MF-2015.pdf\" target=\"_blank\" rel=\"noopener noreferrer\">Publica\u00e7\u00e3o em DO &#8211; Balan\u00e7o Patrimonial &#8211; 2015 e 2014<\/a><\/li>\n<li><a href=\"http:\/\/idbr.org.br\/wp-content\/uploads\/2017\/06\/PATR_2016_2015.pdf\" target=\"_blank\" rel=\"noopener noreferrer\">Publica\u00e7\u00e3o em DO &#8211; Balan\u00e7o Patrimonial &#8211; 2016 e 2015<\/a><\/li>\n<li><a href=\"http:\/\/idbr.org.br\/wp-content\/uploads\/2018\/03\/PATRIMONIAL-IDBRASIL-2017-2016.pdf\" target=\"_blank\" rel=\"noopener noreferrer\">Publica\u00e7\u00e3o em DO &#8211; Balan\u00e7o Patrimonial &#8211; 2017 e 2016<\/a><\/li>\n<li><a href=\"http:\/\/idbr.org.br\/wp-content\/uploads\/2019\/03\/BAL_PATR_2018.pdf\" target=\"_blank\" rel=\"noopener noreferrer\">Publica\u00e7\u00e3o em DO &#8211; Balan\u00e7o Patrimonial &#8211; 2018 e 2017<\/a><\/li>\n<li><a href=\"http:\/\/idbr.org.br\/wp-content\/uploads\/2020\/05\/BAL_PATR_2019.pdf.pdf\" target=\"_blank\" rel=\"noopener noreferrer\">Publica\u00e7\u00e3o em DO &#8211; Balan\u00e7o Patrimonial &#8211; 2019 e 2018<\/a><\/li>\n<\/ul>\n<p>[\/vc_toggle][vc_toggle title=&#8221;Financial reports&#8221; use_custom_heading=&#8221;true&#8221;]<\/p>\n<ul>\n<li><a href=\"http:\/\/idbr.org.br\/wp-content\/uploads\/2017\/04\/DEMONSTRACOES-FINANCEIRAS-2013-20121.pdf\" target=\"_blank\" rel=\"noopener noreferrer\">Demonstra\u00e7\u00f5es Financeiras &#8211; 2013-2012<\/a><\/li>\n<li><a href=\"http:\/\/idbr.org.br\/wp-content\/uploads\/2017\/04\/DEMONSTRACOES-FINANCEIRAS-2014-20131.pdf\" target=\"_blank\" rel=\"noopener noreferrer\">Demonstra\u00e7\u00f5es Financeiras &#8211; 2014-2013<\/a><\/li>\n<li><a href=\"http:\/\/idbr.org.br\/wp-content\/uploads\/2017\/04\/DEMONSTRACOES-FINANCEIRAS-2015-2014.pdf\" target=\"_blank\" rel=\"noopener noreferrer\">Demonstra\u00e7\u00f5es Financeiras &#8211; 2015-2014<\/a><\/li>\n<li><a href=\"http:\/\/idbr.org.br\/wp-content\/uploads\/2017\/03\/FINAC_2016_2015.pdf\" target=\"_blank\" rel=\"noopener noreferrer\">Demonstra\u00e7\u00f5es Financeiras &#8211; 2016-2015<\/a><\/li>\n<li><a href=\"http:\/\/idbr.org.br\/wp-content\/uploads\/2018\/03\/FINANCEIRAS%202017-2016.pdf\" target=\"_blank\" rel=\"noopener noreferrer\">Demonstra\u00e7\u00f5es Financeiras &#8211; 2017-2016<\/a><\/li>\n<li><a href=\"http:\/\/idbr.org.br\/wp-content\/uploads\/2019\/03\/DEM_FIN_2018.pdf\" target=\"_blank\" rel=\"noopener noreferrer\">Demonstra\u00e7\u00f5es Financeiras &#8211; 2018-2017<\/a><\/li>\n<li><a href=\"http:\/\/idbr.org.br\/wp-content\/uploads\/2020\/02\/DEMO_FINANC_2019_2018.pdf\" target=\"_blank\" rel=\"noopener noreferrer\">Demonstra\u00e7\u00f5es Financeiras &#8211; 2019-2018<\/a><\/li>\n<\/ul>\n<p>[\/vc_toggle][vc_toggle title=&#8221;Revenues and Expenses&#8221; use_custom_heading=&#8221;true&#8221;]<\/p>\n<ul>\n<li><a href=\"http:\/\/idbr.org.br\/wp-content\/uploads\/2020\/05\/Anexo-1_Rel-Gerencial_MDF_2018-1.pdf\" target=\"_blank\" rel=\"noopener noreferrer\">Receitas e Despesas &#8211; 2018<\/a><\/li>\n<li><a href=\"http:\/\/idbr.org.br\/wp-content\/uploads\/2020\/05\/Anexo-1_-Rel-Gerencial_MDF_2019-1.pdf\" target=\"_blank\" rel=\"noopener noreferrer\">Receitas e Despesas &#8211; 2019<\/a><\/li>\n<\/ul>\n<p>[\/vc_toggle][\/vc_column][vc_column width=&#8221;1\/3&#8243;][vc_wp_custommenu nav_menu=&#8221;97&#8243;][\/vc_column][\/vc_row]<\/p>\n<\/div>","protected":false},"excerpt":{"rendered":"<p>[vc_row][vc_column width=&#8221;2\/3&#8243;][vc_column_text]As a principle of good governance, the Football Museum management is based on the transparency of its processes and results. The Museum is managed by<span class=\"excerpt-hellip\"> [\u2026]<\/span><\/p>\n","protected":false},"author":13,"featured_media":0,"parent":1906,"menu_order":0,"comment_status":"closed","ping_status":"closed","template":"","meta":[],"acf":[],"yoast_head":"<!-- This site is optimized with the Yoast SEO plugin v20.8 - https:\/\/yoast.com\/wordpress\/plugins\/seo\/ -->\n<title>Transparency - Museu do Futebol<\/title>\n<meta name=\"robots\" content=\"index, follow, max-snippet:-1, max-image-preview:large, max-video-preview:-1\" \/>\n<link rel=\"canonical\" href=\"https:\/\/museudofutebol.org.br\/teste\/en\/institutional\/transparency\/\" \/>\n<meta property=\"og:locale\" content=\"pt_BR\" \/>\n<meta property=\"og:type\" content=\"article\" \/>\n<meta property=\"og:title\" content=\"Transparency - Museu do Futebol\" \/>\n<meta property=\"og:description\" content=\"[vc_row][vc_column width=&#8221;2\/3&#8243;][vc_column_text]As a principle of good governance, the Football Museum management is based on the transparency of its processes and results. The Museum is managed by [\u2026]\" \/>\n<meta property=\"og:url\" content=\"https:\/\/museudofutebol.org.br\/teste\/en\/institutional\/transparency\/\" \/>\n<meta property=\"og:site_name\" content=\"Museu do Futebol\" \/>\n<meta property=\"article:publisher\" content=\"https:\/\/www.facebook.com\/museudofutebol\" \/>\n<meta property=\"article:modified_time\" content=\"2024-09-09T18:29:02+00:00\" \/>\n<meta name=\"twitter:card\" content=\"summary_large_image\" \/>\n<meta name=\"twitter:site\" content=\"@museudofutebol\" \/>\n<meta name=\"twitter:label1\" content=\"Est. tempo de leitura\" \/>\n\t<meta name=\"twitter:data1\" content=\"3 minutos\" \/>\n<script type=\"application\/ld+json\" class=\"yoast-schema-graph\">{\"@context\":\"https:\/\/schema.org\",\"@graph\":[{\"@type\":\"WebPage\",\"@id\":\"https:\/\/museudofutebol.org.br\/teste\/en\/institutional\/transparency\/\",\"url\":\"https:\/\/museudofutebol.org.br\/teste\/en\/institutional\/transparency\/\",\"name\":\"Transparency - Museu do Futebol\",\"isPartOf\":{\"@id\":\"https:\/\/museudofutebol.org.br\/teste\/#website\"},\"datePublished\":\"2020-11-18T14:39:46+00:00\",\"dateModified\":\"2024-09-09T18:29:02+00:00\",\"breadcrumb\":{\"@id\":\"https:\/\/museudofutebol.org.br\/teste\/en\/institutional\/transparency\/#breadcrumb\"},\"inLanguage\":\"pt-BR\",\"potentialAction\":[{\"@type\":\"ReadAction\",\"target\":[\"https:\/\/museudofutebol.org.br\/teste\/en\/institutional\/transparency\/\"]}]},{\"@type\":\"BreadcrumbList\",\"@id\":\"https:\/\/museudofutebol.org.br\/teste\/en\/institutional\/transparency\/#breadcrumb\",\"itemListElement\":[{\"@type\":\"ListItem\",\"position\":1,\"name\":\"In\u00edcio\",\"item\":\"https:\/\/museudofutebol.org.br\/teste\/\"},{\"@type\":\"ListItem\",\"position\":2,\"name\":\"Institutional\",\"item\":\"https:\/\/museudofutebol.org.br\/teste\/en\/institutional\/\"},{\"@type\":\"ListItem\",\"position\":3,\"name\":\"Transparency\"}]},{\"@type\":\"WebSite\",\"@id\":\"https:\/\/museudofutebol.org.br\/teste\/#website\",\"url\":\"https:\/\/museudofutebol.org.br\/teste\/\",\"name\":\"Museu do Futebol\",\"description\":\"\",\"potentialAction\":[{\"@type\":\"SearchAction\",\"target\":{\"@type\":\"EntryPoint\",\"urlTemplate\":\"https:\/\/museudofutebol.org.br\/teste\/?s={search_term_string}\"},\"query-input\":\"required name=search_term_string\"}],\"inLanguage\":\"pt-BR\"}]}<\/script>\n<!-- \/ Yoast SEO plugin. -->","yoast_head_json":{"title":"Transparency - Museu do Futebol","robots":{"index":"index","follow":"follow","max-snippet":"max-snippet:-1","max-image-preview":"max-image-preview:large","max-video-preview":"max-video-preview:-1"},"canonical":"https:\/\/museudofutebol.org.br\/teste\/en\/institutional\/transparency\/","og_locale":"pt_BR","og_type":"article","og_title":"Transparency - Museu do Futebol","og_description":"[vc_row][vc_column width=&#8221;2\/3&#8243;][vc_column_text]As a principle of good governance, the Football Museum management is based on the transparency of its processes and results. The Museum is managed by [\u2026]","og_url":"https:\/\/museudofutebol.org.br\/teste\/en\/institutional\/transparency\/","og_site_name":"Museu do Futebol","article_publisher":"https:\/\/www.facebook.com\/museudofutebol","article_modified_time":"2024-09-09T18:29:02+00:00","twitter_card":"summary_large_image","twitter_site":"@museudofutebol","twitter_misc":{"Est. tempo de leitura":"3 minutos"},"schema":{"@context":"https:\/\/schema.org","@graph":[{"@type":"WebPage","@id":"https:\/\/museudofutebol.org.br\/teste\/en\/institutional\/transparency\/","url":"https:\/\/museudofutebol.org.br\/teste\/en\/institutional\/transparency\/","name":"Transparency - Museu do Futebol","isPartOf":{"@id":"https:\/\/museudofutebol.org.br\/teste\/#website"},"datePublished":"2020-11-18T14:39:46+00:00","dateModified":"2024-09-09T18:29:02+00:00","breadcrumb":{"@id":"https:\/\/museudofutebol.org.br\/teste\/en\/institutional\/transparency\/#breadcrumb"},"inLanguage":"pt-BR","potentialAction":[{"@type":"ReadAction","target":["https:\/\/museudofutebol.org.br\/teste\/en\/institutional\/transparency\/"]}]},{"@type":"BreadcrumbList","@id":"https:\/\/museudofutebol.org.br\/teste\/en\/institutional\/transparency\/#breadcrumb","itemListElement":[{"@type":"ListItem","position":1,"name":"In\u00edcio","item":"https:\/\/museudofutebol.org.br\/teste\/"},{"@type":"ListItem","position":2,"name":"Institutional","item":"https:\/\/museudofutebol.org.br\/teste\/en\/institutional\/"},{"@type":"ListItem","position":3,"name":"Transparency"}]},{"@type":"WebSite","@id":"https:\/\/museudofutebol.org.br\/teste\/#website","url":"https:\/\/museudofutebol.org.br\/teste\/","name":"Museu do Futebol","description":"","potentialAction":[{"@type":"SearchAction","target":{"@type":"EntryPoint","urlTemplate":"https:\/\/museudofutebol.org.br\/teste\/?s={search_term_string}"},"query-input":"required name=search_term_string"}],"inLanguage":"pt-BR"}]}},"_links":{"self":[{"href":"https:\/\/museudofutebol.org.br\/teste\/wp-json\/wp\/v2\/pages\/1942"}],"collection":[{"href":"https:\/\/museudofutebol.org.br\/teste\/wp-json\/wp\/v2\/pages"}],"about":[{"href":"https:\/\/museudofutebol.org.br\/teste\/wp-json\/wp\/v2\/types\/page"}],"author":[{"embeddable":true,"href":"https:\/\/museudofutebol.org.br\/teste\/wp-json\/wp\/v2\/users\/13"}],"replies":[{"embeddable":true,"href":"https:\/\/museudofutebol.org.br\/teste\/wp-json\/wp\/v2\/comments?post=1942"}],"version-history":[{"count":3,"href":"https:\/\/museudofutebol.org.br\/teste\/wp-json\/wp\/v2\/pages\/1942\/revisions"}],"predecessor-version":[{"id":7759,"href":"https:\/\/museudofutebol.org.br\/teste\/wp-json\/wp\/v2\/pages\/1942\/revisions\/7759"}],"up":[{"embeddable":true,"href":"https:\/\/museudofutebol.org.br\/teste\/wp-json\/wp\/v2\/pages\/1906"}],"wp:attachment":[{"href":"https:\/\/museudofutebol.org.br\/teste\/wp-json\/wp\/v2\/media?parent=1942"}],"curies":[{"name":"wp","href":"https:\/\/api.w.org\/{rel}","templated":true}]}}