{"id":1974,"date":"2020-11-23T15:58:23","date_gmt":"2020-11-23T18:58:23","guid":{"rendered":"https:\/\/museudofutebol.org.br\/teste\/?page_id=1974"},"modified":"2024-09-16T16:13:24","modified_gmt":"2024-09-16T19:13:24","slug":"foyer-2","status":"publish","type":"page","link":"https:\/\/museudofutebol.org.br\/teste\/es\/foyer-2\/","title":{"rendered":"Foyer"},"content":{"rendered":"<div class=\"wpb-content-wrapper\"><p>[vc_row][vc_column width=&#8221;2\/3&#8243;][vc_column_text]El Foyer Paulo Machado de Carvalho es un espacio vers\u00e1til e informal en la fachada hist\u00f3rica del Estadio del Pacaembu. Un \u00e1rea perfecta para montajes creativos en ambiente externo, inusitado y lleno de personalidad. Comporta food trucks, estructuras autoportantes y muestra de productos, incluso coches, stands y mucho m\u00e1s.<\/p>\n<ul>\n<li>250 m\u00b2 de \u00e1rea.<\/li>\n<li>Capacidad para 250 personas<\/li>\n<li>Puede ser cerrado con decoraci\u00f3n y proyecto escenogr\u00e1fico.<\/li>\n<\/ul>\n<p>[\/vc_column_text][\/vc_column][vc_column width=&#8221;1\/3&#8243;][vc_wp_custommenu nav_menu=&#8221;25&#8243;][\/vc_column][\/vc_row][vc_row][vc_column][vc_custom_heading text=&#8221;Galer\u00eda&#8221; font_container=&#8221;tag:h3|text_align:left&#8221; use_theme_fonts=&#8221;yes&#8221; el_class=&#8221;header-secao&#8221;][vc_masonry_media_grid style=&#8221;load-more&#8221; items_per_page=&#8221;4&#8243; element_width=&#8221;3&#8243; gap=&#8221;3&#8243; btn_title=&#8221;MAIS&#8221; btn_shape=&#8221;square&#8221; btn_color=&#8221;black&#8221; btn_size=&#8221;sm&#8221; grid_id=&#8221;vc_gid:1726514116925-958a7e57-6bac-5&#8243; include=&#8221;1071,1063,1068,1062,1069,1064,1065,1066,1067,1070,1072,1548&#8243;][\/vc_column][\/vc_row][vc_row][vc_column][vc_custom_heading text=&#8221;Contacto&#8221; font_container=&#8221;tag:h3|text_align:left&#8221; use_theme_fonts=&#8221;yes&#8221; el_class=&#8221;header-secao&#8221;][vc_column_text]Marque una visita t\u00e9cnica o pida un presupuesto:<\/p>\n<p>eventos@museudofutebol.org.br\/teste | +55 11 3664-3855[\/vc_column_text][\/vc_column][\/vc_row]<\/p>\n<\/div>","protected":false},"excerpt":{"rendered":"<p>[vc_row][vc_column width=&#8221;2\/3&#8243;][vc_column_text]El Foyer Paulo Machado de Carvalho es un espacio vers\u00e1til e informal en la fachada hist\u00f3rica del Estadio del Pacaembu. Un \u00e1rea perfecta para montajes<span class=\"excerpt-hellip\"> [\u2026]<\/span><\/p>\n","protected":false},"author":13,"featured_media":0,"parent":0,"menu_order":0,"comment_status":"closed","ping_status":"closed","template":"","meta":[],"acf":[],"yoast_head":"<!-- This site is optimized with the Yoast SEO plugin v20.8 - https:\/\/yoast.com\/wordpress\/plugins\/seo\/ -->\n<title>Foyer - Museu do Futebol<\/title>\n<meta name=\"robots\" content=\"index, follow, max-snippet:-1, max-image-preview:large, max-video-preview:-1\" \/>\n<link rel=\"canonical\" href=\"https:\/\/museudofutebol.org.br\/teste\/es\/foyer-2\/\" \/>\n<meta property=\"og:locale\" content=\"pt_BR\" \/>\n<meta property=\"og:type\" content=\"article\" \/>\n<meta property=\"og:title\" content=\"Foyer - Museu do Futebol\" \/>\n<meta property=\"og:description\" content=\"[vc_row][vc_column width=&#8221;2\/3&#8243;][vc_column_text]El Foyer Paulo Machado de Carvalho es un espacio vers\u00e1til e informal en la fachada hist\u00f3rica del Estadio del Pacaembu. Un \u00e1rea perfecta para montajes [\u2026]\" \/>\n<meta property=\"og:url\" content=\"https:\/\/museudofutebol.org.br\/teste\/es\/foyer-2\/\" \/>\n<meta property=\"og:site_name\" content=\"Museu do Futebol\" \/>\n<meta property=\"article:publisher\" content=\"https:\/\/www.facebook.com\/museudofutebol\" \/>\n<meta property=\"article:modified_time\" content=\"2024-09-16T19:13:24+00:00\" \/>\n<meta name=\"twitter:card\" content=\"summary_large_image\" \/>\n<meta name=\"twitter:site\" content=\"@museudofutebol\" \/>\n<meta name=\"twitter:label1\" content=\"Est. tempo de leitura\" \/>\n\t<meta name=\"twitter:data1\" content=\"1 minuto\" \/>\n<script type=\"application\/ld+json\" class=\"yoast-schema-graph\">{\"@context\":\"https:\/\/schema.org\",\"@graph\":[{\"@type\":\"WebPage\",\"@id\":\"https:\/\/museudofutebol.org.br\/teste\/es\/foyer-2\/\",\"url\":\"https:\/\/museudofutebol.org.br\/teste\/es\/foyer-2\/\",\"name\":\"Foyer - Museu do Futebol\",\"isPartOf\":{\"@id\":\"https:\/\/museudofutebol.org.br\/teste\/#website\"},\"datePublished\":\"2020-11-23T18:58:23+00:00\",\"dateModified\":\"2024-09-16T19:13:24+00:00\",\"breadcrumb\":{\"@id\":\"https:\/\/museudofutebol.org.br\/teste\/es\/foyer-2\/#breadcrumb\"},\"inLanguage\":\"pt-BR\",\"potentialAction\":[{\"@type\":\"ReadAction\",\"target\":[\"https:\/\/museudofutebol.org.br\/teste\/es\/foyer-2\/\"]}]},{\"@type\":\"BreadcrumbList\",\"@id\":\"https:\/\/museudofutebol.org.br\/teste\/es\/foyer-2\/#breadcrumb\",\"itemListElement\":[{\"@type\":\"ListItem\",\"position\":1,\"name\":\"In\u00edcio\",\"item\":\"https:\/\/museudofutebol.org.br\/teste\/\"},{\"@type\":\"ListItem\",\"position\":2,\"name\":\"Foyer\"}]},{\"@type\":\"WebSite\",\"@id\":\"https:\/\/museudofutebol.org.br\/teste\/#website\",\"url\":\"https:\/\/museudofutebol.org.br\/teste\/\",\"name\":\"Museu do Futebol\",\"description\":\"\",\"potentialAction\":[{\"@type\":\"SearchAction\",\"target\":{\"@type\":\"EntryPoint\",\"urlTemplate\":\"https:\/\/museudofutebol.org.br\/teste\/?s={search_term_string}\"},\"query-input\":\"required name=search_term_string\"}],\"inLanguage\":\"pt-BR\"}]}<\/script>\n<!-- \/ Yoast SEO plugin. -->","yoast_head_json":{"title":"Foyer - Museu do Futebol","robots":{"index":"index","follow":"follow","max-snippet":"max-snippet:-1","max-image-preview":"max-image-preview:large","max-video-preview":"max-video-preview:-1"},"canonical":"https:\/\/museudofutebol.org.br\/teste\/es\/foyer-2\/","og_locale":"pt_BR","og_type":"article","og_title":"Foyer - Museu do Futebol","og_description":"[vc_row][vc_column width=&#8221;2\/3&#8243;][vc_column_text]El Foyer Paulo Machado de Carvalho es un espacio vers\u00e1til e informal en la fachada hist\u00f3rica del Estadio del Pacaembu. Un \u00e1rea perfecta para montajes [\u2026]","og_url":"https:\/\/museudofutebol.org.br\/teste\/es\/foyer-2\/","og_site_name":"Museu do Futebol","article_publisher":"https:\/\/www.facebook.com\/museudofutebol","article_modified_time":"2024-09-16T19:13:24+00:00","twitter_card":"summary_large_image","twitter_site":"@museudofutebol","twitter_misc":{"Est. tempo de leitura":"1 minuto"},"schema":{"@context":"https:\/\/schema.org","@graph":[{"@type":"WebPage","@id":"https:\/\/museudofutebol.org.br\/teste\/es\/foyer-2\/","url":"https:\/\/museudofutebol.org.br\/teste\/es\/foyer-2\/","name":"Foyer - Museu do Futebol","isPartOf":{"@id":"https:\/\/museudofutebol.org.br\/teste\/#website"},"datePublished":"2020-11-23T18:58:23+00:00","dateModified":"2024-09-16T19:13:24+00:00","breadcrumb":{"@id":"https:\/\/museudofutebol.org.br\/teste\/es\/foyer-2\/#breadcrumb"},"inLanguage":"pt-BR","potentialAction":[{"@type":"ReadAction","target":["https:\/\/museudofutebol.org.br\/teste\/es\/foyer-2\/"]}]},{"@type":"BreadcrumbList","@id":"https:\/\/museudofutebol.org.br\/teste\/es\/foyer-2\/#breadcrumb","itemListElement":[{"@type":"ListItem","position":1,"name":"In\u00edcio","item":"https:\/\/museudofutebol.org.br\/teste\/"},{"@type":"ListItem","position":2,"name":"Foyer"}]},{"@type":"WebSite","@id":"https:\/\/museudofutebol.org.br\/teste\/#website","url":"https:\/\/museudofutebol.org.br\/teste\/","name":"Museu do Futebol","description":"","potentialAction":[{"@type":"SearchAction","target":{"@type":"EntryPoint","urlTemplate":"https:\/\/museudofutebol.org.br\/teste\/?s={search_term_string}"},"query-input":"required name=search_term_string"}],"inLanguage":"pt-BR"}]}},"_links":{"self":[{"href":"https:\/\/museudofutebol.org.br\/teste\/wp-json\/wp\/v2\/pages\/1974"}],"collection":[{"href":"https:\/\/museudofutebol.org.br\/teste\/wp-json\/wp\/v2\/pages"}],"about":[{"href":"https:\/\/museudofutebol.org.br\/teste\/wp-json\/wp\/v2\/types\/page"}],"author":[{"embeddable":true,"href":"https:\/\/museudofutebol.org.br\/teste\/wp-json\/wp\/v2\/users\/13"}],"replies":[{"embeddable":true,"href":"https:\/\/museudofutebol.org.br\/teste\/wp-json\/wp\/v2\/comments?post=1974"}],"version-history":[{"count":4,"href":"https:\/\/museudofutebol.org.br\/teste\/wp-json\/wp\/v2\/pages\/1974\/revisions"}],"predecessor-version":[{"id":13636,"href":"https:\/\/museudofutebol.org.br\/teste\/wp-json\/wp\/v2\/pages\/1974\/revisions\/13636"}],"wp:attachment":[{"href":"https:\/\/museudofutebol.org.br\/teste\/wp-json\/wp\/v2\/media?parent=1974"}],"curies":[{"name":"wp","href":"https:\/\/api.w.org\/{rel}","templated":true}]}}