{"id":1979,"date":"2020-11-23T16:06:28","date_gmt":"2020-11-23T19:06:28","guid":{"rendered":"https:\/\/museudofutebol.org.br\/teste\/?page_id=1979"},"modified":"2024-09-16T16:10:30","modified_gmt":"2024-09-16T19:10:30","slug":"sala-grande-area","status":"publish","type":"page","link":"https:\/\/museudofutebol.org.br\/teste\/es\/sala-grande-area\/","title":{"rendered":"Sala Grande \u00c1rea"},"content":{"rendered":"<div class=\"wpb-content-wrapper\"><p>[vc_row][vc_column width=&#8221;2\/3&#8243;][vc_column_text]Es la primera sala expositiva del Museo del F\u00fatbol, en la cual es retratada la pasi\u00f3n del brasile\u00f1o por el deporte. Sus paredes est\u00e1n colmadas de im\u00e1genes de objetos que marcaron \u00e9poca, como botones, tarjetas postales, estampillas, mascotas y figuras que aluden a los clubes brasile\u00f1os y a la Selecci\u00f3n.<\/p>\n<p>Est\u00e1 localizada en el lado contrario de las tribunas del monumental Pacaembu. Comporta los m\u00e1s variados tipos de eventos, como shows, c\u00f3cteles y recepciones, entre otros.<\/p>\n<ul>\n<li>270 m\u00b2 de \u00e1rea.<\/li>\n<li>Capacidad para 100 personas<\/li>\n<\/ul>\n<p>.[\/vc_column_text][\/vc_column][vc_column width=&#8221;1\/3&#8243;][vc_wp_custommenu nav_menu=&#8221;25&#8243;][\/vc_column][\/vc_row][vc_row][vc_column][vc_custom_heading text=&#8221;Galer\u00eda&#8221; font_container=&#8221;tag:h3|text_align:left&#8221; use_theme_fonts=&#8221;yes&#8221; el_class=&#8221;header-secao&#8221;][vc_masonry_media_grid style=&#8221;load-more&#8221; items_per_page=&#8221;4&#8243; element_width=&#8221;3&#8243; gap=&#8221;3&#8243; btn_title=&#8221;MAIS&#8221; btn_shape=&#8221;square&#8221; btn_color=&#8221;black&#8221; btn_size=&#8221;sm&#8221; grid_id=&#8221;vc_gid:1726513791199-32ade931-386d-10&#8243; include=&#8221;1088,1089,1087,1086,1085,1084,1083,1550,1551,1552&#8243;][\/vc_column][\/vc_row][vc_row][vc_column][vc_custom_heading text=&#8221;Contacto&#8221; font_container=&#8221;tag:h3|text_align:left&#8221; use_theme_fonts=&#8221;yes&#8221; el_class=&#8221;header-secao&#8221;][vc_column_text]Marque una visita t\u00e9cnica o pida un presupuesto:<\/p>\n<p>eventos@museudofutebol.org.br\/teste | +55 11 3664-3855[\/vc_column_text][\/vc_column][\/vc_row]<\/p>\n<\/div>","protected":false},"excerpt":{"rendered":"<p>[vc_row][vc_column width=&#8221;2\/3&#8243;][vc_column_text]Es la primera sala expositiva del Museo del F\u00fatbol, en la cual es retratada la pasi\u00f3n del brasile\u00f1o por el deporte. Sus paredes est\u00e1n colmadas<span class=\"excerpt-hellip\"> [\u2026]<\/span><\/p>\n","protected":false},"author":13,"featured_media":0,"parent":0,"menu_order":0,"comment_status":"closed","ping_status":"closed","template":"","meta":[],"acf":[],"yoast_head":"<!-- This site is optimized with the Yoast SEO plugin v20.8 - https:\/\/yoast.com\/wordpress\/plugins\/seo\/ -->\n<title>Sala Grande \u00c1rea - Museu do Futebol<\/title>\n<meta name=\"robots\" content=\"index, follow, max-snippet:-1, max-image-preview:large, max-video-preview:-1\" \/>\n<link rel=\"canonical\" href=\"https:\/\/museudofutebol.org.br\/teste\/es\/sala-grande-area\/\" \/>\n<meta property=\"og:locale\" content=\"pt_BR\" \/>\n<meta property=\"og:type\" content=\"article\" \/>\n<meta property=\"og:title\" content=\"Sala Grande \u00c1rea - Museu do Futebol\" \/>\n<meta property=\"og:description\" content=\"[vc_row][vc_column width=&#8221;2\/3&#8243;][vc_column_text]Es la primera sala expositiva del Museo del F\u00fatbol, en la cual es retratada la pasi\u00f3n del brasile\u00f1o por el deporte. Sus paredes est\u00e1n colmadas [\u2026]\" \/>\n<meta property=\"og:url\" content=\"https:\/\/museudofutebol.org.br\/teste\/es\/sala-grande-area\/\" \/>\n<meta property=\"og:site_name\" content=\"Museu do Futebol\" \/>\n<meta property=\"article:publisher\" content=\"https:\/\/www.facebook.com\/museudofutebol\" \/>\n<meta property=\"article:modified_time\" content=\"2024-09-16T19:10:30+00:00\" \/>\n<meta name=\"twitter:card\" content=\"summary_large_image\" \/>\n<meta name=\"twitter:site\" content=\"@museudofutebol\" \/>\n<meta name=\"twitter:label1\" content=\"Est. tempo de leitura\" \/>\n\t<meta name=\"twitter:data1\" content=\"1 minuto\" \/>\n<script type=\"application\/ld+json\" class=\"yoast-schema-graph\">{\"@context\":\"https:\/\/schema.org\",\"@graph\":[{\"@type\":\"WebPage\",\"@id\":\"https:\/\/museudofutebol.org.br\/teste\/es\/sala-grande-area\/\",\"url\":\"https:\/\/museudofutebol.org.br\/teste\/es\/sala-grande-area\/\",\"name\":\"Sala Grande \u00c1rea - Museu do Futebol\",\"isPartOf\":{\"@id\":\"https:\/\/museudofutebol.org.br\/teste\/#website\"},\"datePublished\":\"2020-11-23T19:06:28+00:00\",\"dateModified\":\"2024-09-16T19:10:30+00:00\",\"breadcrumb\":{\"@id\":\"https:\/\/museudofutebol.org.br\/teste\/es\/sala-grande-area\/#breadcrumb\"},\"inLanguage\":\"pt-BR\",\"potentialAction\":[{\"@type\":\"ReadAction\",\"target\":[\"https:\/\/museudofutebol.org.br\/teste\/es\/sala-grande-area\/\"]}]},{\"@type\":\"BreadcrumbList\",\"@id\":\"https:\/\/museudofutebol.org.br\/teste\/es\/sala-grande-area\/#breadcrumb\",\"itemListElement\":[{\"@type\":\"ListItem\",\"position\":1,\"name\":\"In\u00edcio\",\"item\":\"https:\/\/museudofutebol.org.br\/teste\/\"},{\"@type\":\"ListItem\",\"position\":2,\"name\":\"Sala Grande \u00c1rea\"}]},{\"@type\":\"WebSite\",\"@id\":\"https:\/\/museudofutebol.org.br\/teste\/#website\",\"url\":\"https:\/\/museudofutebol.org.br\/teste\/\",\"name\":\"Museu do Futebol\",\"description\":\"\",\"potentialAction\":[{\"@type\":\"SearchAction\",\"target\":{\"@type\":\"EntryPoint\",\"urlTemplate\":\"https:\/\/museudofutebol.org.br\/teste\/?s={search_term_string}\"},\"query-input\":\"required name=search_term_string\"}],\"inLanguage\":\"pt-BR\"}]}<\/script>\n<!-- \/ Yoast SEO plugin. -->","yoast_head_json":{"title":"Sala Grande \u00c1rea - Museu do Futebol","robots":{"index":"index","follow":"follow","max-snippet":"max-snippet:-1","max-image-preview":"max-image-preview:large","max-video-preview":"max-video-preview:-1"},"canonical":"https:\/\/museudofutebol.org.br\/teste\/es\/sala-grande-area\/","og_locale":"pt_BR","og_type":"article","og_title":"Sala Grande \u00c1rea - Museu do Futebol","og_description":"[vc_row][vc_column width=&#8221;2\/3&#8243;][vc_column_text]Es la primera sala expositiva del Museo del F\u00fatbol, en la cual es retratada la pasi\u00f3n del brasile\u00f1o por el deporte. Sus paredes est\u00e1n colmadas [\u2026]","og_url":"https:\/\/museudofutebol.org.br\/teste\/es\/sala-grande-area\/","og_site_name":"Museu do Futebol","article_publisher":"https:\/\/www.facebook.com\/museudofutebol","article_modified_time":"2024-09-16T19:10:30+00:00","twitter_card":"summary_large_image","twitter_site":"@museudofutebol","twitter_misc":{"Est. tempo de leitura":"1 minuto"},"schema":{"@context":"https:\/\/schema.org","@graph":[{"@type":"WebPage","@id":"https:\/\/museudofutebol.org.br\/teste\/es\/sala-grande-area\/","url":"https:\/\/museudofutebol.org.br\/teste\/es\/sala-grande-area\/","name":"Sala Grande \u00c1rea - Museu do Futebol","isPartOf":{"@id":"https:\/\/museudofutebol.org.br\/teste\/#website"},"datePublished":"2020-11-23T19:06:28+00:00","dateModified":"2024-09-16T19:10:30+00:00","breadcrumb":{"@id":"https:\/\/museudofutebol.org.br\/teste\/es\/sala-grande-area\/#breadcrumb"},"inLanguage":"pt-BR","potentialAction":[{"@type":"ReadAction","target":["https:\/\/museudofutebol.org.br\/teste\/es\/sala-grande-area\/"]}]},{"@type":"BreadcrumbList","@id":"https:\/\/museudofutebol.org.br\/teste\/es\/sala-grande-area\/#breadcrumb","itemListElement":[{"@type":"ListItem","position":1,"name":"In\u00edcio","item":"https:\/\/museudofutebol.org.br\/teste\/"},{"@type":"ListItem","position":2,"name":"Sala Grande \u00c1rea"}]},{"@type":"WebSite","@id":"https:\/\/museudofutebol.org.br\/teste\/#website","url":"https:\/\/museudofutebol.org.br\/teste\/","name":"Museu do Futebol","description":"","potentialAction":[{"@type":"SearchAction","target":{"@type":"EntryPoint","urlTemplate":"https:\/\/museudofutebol.org.br\/teste\/?s={search_term_string}"},"query-input":"required name=search_term_string"}],"inLanguage":"pt-BR"}]}},"_links":{"self":[{"href":"https:\/\/museudofutebol.org.br\/teste\/wp-json\/wp\/v2\/pages\/1979"}],"collection":[{"href":"https:\/\/museudofutebol.org.br\/teste\/wp-json\/wp\/v2\/pages"}],"about":[{"href":"https:\/\/museudofutebol.org.br\/teste\/wp-json\/wp\/v2\/types\/page"}],"author":[{"embeddable":true,"href":"https:\/\/museudofutebol.org.br\/teste\/wp-json\/wp\/v2\/users\/13"}],"replies":[{"embeddable":true,"href":"https:\/\/museudofutebol.org.br\/teste\/wp-json\/wp\/v2\/comments?post=1979"}],"version-history":[{"count":3,"href":"https:\/\/museudofutebol.org.br\/teste\/wp-json\/wp\/v2\/pages\/1979\/revisions"}],"predecessor-version":[{"id":13634,"href":"https:\/\/museudofutebol.org.br\/teste\/wp-json\/wp\/v2\/pages\/1979\/revisions\/13634"}],"wp:attachment":[{"href":"https:\/\/museudofutebol.org.br\/teste\/wp-json\/wp\/v2\/media?parent=1979"}],"curies":[{"name":"wp","href":"https:\/\/api.w.org\/{rel}","templated":true}]}}