{"id":1991,"date":"2020-11-23T16:31:00","date_gmt":"2020-11-23T19:31:00","guid":{"rendered":"https:\/\/museudofutebol.org.br\/teste\/?page_id=1991"},"modified":"2024-09-16T15:53:01","modified_gmt":"2024-09-16T18:53:01","slug":"visitas-exclusivas","status":"publish","type":"page","link":"https:\/\/museudofutebol.org.br\/teste\/es\/visitas-exclusivas\/","title":{"rendered":"Visitas exclusivas"},"content":{"rendered":"<div class=\"wpb-content-wrapper\"><p>[vc_row][vc_column width=&#8221;2\/3&#8243;][vc_column_text]Visitar el Museo del F\u00fatbol es recorrer la historia del f\u00fatbol brasile\u00f1o, con diversi\u00f3n y emoci\u00f3n, dentro de un estadio \u00fanico y lleno de historia, por donde pasaron grandes atletas y personalidades del deporte.<\/p>\n<p>Las visitas exclusivas ocurren cuando el Museo est\u00e1 cerrado al p\u00fablico, proporcionan una experiencia \u00fanica y agradable a los invitados de su evento. Pueden ser marcadas:<\/p>\n<ul>\n<li>De martes a domingo, de las 9:00 a las 12:00 o a partir de las 18:00.<\/li>\n<li>Lunes en cualquier momento.<\/li>\n<\/ul>\n<p><em>*\u00c9stos son horas diferenciadas para visitas exclusivas mientras el Museo est\u00e9 en operaci\u00f3n especial debido al Covid-19.<\/em>[\/vc_column_text][\/vc_column][vc_column width=&#8221;1\/3&#8243;][vc_wp_custommenu nav_menu=&#8221;25&#8243;][\/vc_column][\/vc_row][vc_row][vc_column][vc_custom_heading text=&#8221;Galer\u00eda&#8221; font_container=&#8221;tag:h3|text_align:left&#8221; use_theme_fonts=&#8221;yes&#8221; el_class=&#8221;header-secao&#8221;][vc_masonry_media_grid style=&#8221;load-more&#8221; items_per_page=&#8221;4&#8243; element_width=&#8221;3&#8243; gap=&#8221;3&#8243; btn_title=&#8221;MAIS&#8221; btn_shape=&#8221;square&#8221; btn_color=&#8221;black&#8221; btn_size=&#8221;sm&#8221; grid_id=&#8221;vc_gid:1726512918121-44bf81c1-a350-3&#8243; include=&#8221;1124,1131,1125,1130,1132,1126,1127,1128,1134,1129,1135&#8243;][\/vc_column][\/vc_row][vc_row][vc_column][vc_custom_heading text=&#8221;Contacto&#8221; font_container=&#8221;tag:h3|text_align:left&#8221; use_theme_fonts=&#8221;yes&#8221; el_class=&#8221;header-secao&#8221;][vc_column_text]Marque una visita t\u00e9cnica o pida un presupuesto:<\/p>\n<p>eventos@museudofutebol.org.br\/teste | +55 11 3664-3855[\/vc_column_text][\/vc_column][\/vc_row]<\/p>\n<\/div>","protected":false},"excerpt":{"rendered":"<p>[vc_row][vc_column width=&#8221;2\/3&#8243;][vc_column_text]Visitar el Museo del F\u00fatbol es recorrer la historia del f\u00fatbol brasile\u00f1o, con diversi\u00f3n y emoci\u00f3n, dentro de un estadio \u00fanico y lleno de historia,<span class=\"excerpt-hellip\"> [\u2026]<\/span><\/p>\n","protected":false},"author":13,"featured_media":0,"parent":0,"menu_order":0,"comment_status":"closed","ping_status":"closed","template":"","meta":[],"acf":[],"yoast_head":"<!-- This site is optimized with the Yoast SEO plugin v20.8 - https:\/\/yoast.com\/wordpress\/plugins\/seo\/ -->\n<title>Visitas exclusivas - Museu do Futebol<\/title>\n<meta name=\"robots\" content=\"index, follow, max-snippet:-1, max-image-preview:large, max-video-preview:-1\" \/>\n<link rel=\"canonical\" href=\"https:\/\/museudofutebol.org.br\/teste\/es\/visitas-exclusivas\/\" \/>\n<meta property=\"og:locale\" content=\"pt_BR\" \/>\n<meta property=\"og:type\" content=\"article\" \/>\n<meta property=\"og:title\" content=\"Visitas exclusivas - Museu do Futebol\" \/>\n<meta property=\"og:description\" content=\"[vc_row][vc_column width=&#8221;2\/3&#8243;][vc_column_text]Visitar el Museo del F\u00fatbol es recorrer la historia del f\u00fatbol brasile\u00f1o, con diversi\u00f3n y emoci\u00f3n, dentro de un estadio \u00fanico y lleno de historia, [\u2026]\" \/>\n<meta property=\"og:url\" content=\"https:\/\/museudofutebol.org.br\/teste\/es\/visitas-exclusivas\/\" \/>\n<meta property=\"og:site_name\" content=\"Museu do Futebol\" \/>\n<meta property=\"article:publisher\" content=\"https:\/\/www.facebook.com\/museudofutebol\" \/>\n<meta property=\"article:modified_time\" content=\"2024-09-16T18:53:01+00:00\" \/>\n<meta name=\"twitter:card\" content=\"summary_large_image\" \/>\n<meta name=\"twitter:site\" content=\"@museudofutebol\" \/>\n<meta name=\"twitter:label1\" content=\"Est. tempo de leitura\" \/>\n\t<meta name=\"twitter:data1\" content=\"1 minuto\" \/>\n<script type=\"application\/ld+json\" class=\"yoast-schema-graph\">{\"@context\":\"https:\/\/schema.org\",\"@graph\":[{\"@type\":\"WebPage\",\"@id\":\"https:\/\/museudofutebol.org.br\/teste\/es\/visitas-exclusivas\/\",\"url\":\"https:\/\/museudofutebol.org.br\/teste\/es\/visitas-exclusivas\/\",\"name\":\"Visitas exclusivas - Museu do Futebol\",\"isPartOf\":{\"@id\":\"https:\/\/museudofutebol.org.br\/teste\/#website\"},\"datePublished\":\"2020-11-23T19:31:00+00:00\",\"dateModified\":\"2024-09-16T18:53:01+00:00\",\"breadcrumb\":{\"@id\":\"https:\/\/museudofutebol.org.br\/teste\/es\/visitas-exclusivas\/#breadcrumb\"},\"inLanguage\":\"pt-BR\",\"potentialAction\":[{\"@type\":\"ReadAction\",\"target\":[\"https:\/\/museudofutebol.org.br\/teste\/es\/visitas-exclusivas\/\"]}]},{\"@type\":\"BreadcrumbList\",\"@id\":\"https:\/\/museudofutebol.org.br\/teste\/es\/visitas-exclusivas\/#breadcrumb\",\"itemListElement\":[{\"@type\":\"ListItem\",\"position\":1,\"name\":\"In\u00edcio\",\"item\":\"https:\/\/museudofutebol.org.br\/teste\/\"},{\"@type\":\"ListItem\",\"position\":2,\"name\":\"Visitas exclusivas\"}]},{\"@type\":\"WebSite\",\"@id\":\"https:\/\/museudofutebol.org.br\/teste\/#website\",\"url\":\"https:\/\/museudofutebol.org.br\/teste\/\",\"name\":\"Museu do Futebol\",\"description\":\"\",\"potentialAction\":[{\"@type\":\"SearchAction\",\"target\":{\"@type\":\"EntryPoint\",\"urlTemplate\":\"https:\/\/museudofutebol.org.br\/teste\/?s={search_term_string}\"},\"query-input\":\"required name=search_term_string\"}],\"inLanguage\":\"pt-BR\"}]}<\/script>\n<!-- \/ Yoast SEO plugin. -->","yoast_head_json":{"title":"Visitas exclusivas - Museu do Futebol","robots":{"index":"index","follow":"follow","max-snippet":"max-snippet:-1","max-image-preview":"max-image-preview:large","max-video-preview":"max-video-preview:-1"},"canonical":"https:\/\/museudofutebol.org.br\/teste\/es\/visitas-exclusivas\/","og_locale":"pt_BR","og_type":"article","og_title":"Visitas exclusivas - Museu do Futebol","og_description":"[vc_row][vc_column width=&#8221;2\/3&#8243;][vc_column_text]Visitar el Museo del F\u00fatbol es recorrer la historia del f\u00fatbol brasile\u00f1o, con diversi\u00f3n y emoci\u00f3n, dentro de un estadio \u00fanico y lleno de historia, [\u2026]","og_url":"https:\/\/museudofutebol.org.br\/teste\/es\/visitas-exclusivas\/","og_site_name":"Museu do Futebol","article_publisher":"https:\/\/www.facebook.com\/museudofutebol","article_modified_time":"2024-09-16T18:53:01+00:00","twitter_card":"summary_large_image","twitter_site":"@museudofutebol","twitter_misc":{"Est. tempo de leitura":"1 minuto"},"schema":{"@context":"https:\/\/schema.org","@graph":[{"@type":"WebPage","@id":"https:\/\/museudofutebol.org.br\/teste\/es\/visitas-exclusivas\/","url":"https:\/\/museudofutebol.org.br\/teste\/es\/visitas-exclusivas\/","name":"Visitas exclusivas - Museu do Futebol","isPartOf":{"@id":"https:\/\/museudofutebol.org.br\/teste\/#website"},"datePublished":"2020-11-23T19:31:00+00:00","dateModified":"2024-09-16T18:53:01+00:00","breadcrumb":{"@id":"https:\/\/museudofutebol.org.br\/teste\/es\/visitas-exclusivas\/#breadcrumb"},"inLanguage":"pt-BR","potentialAction":[{"@type":"ReadAction","target":["https:\/\/museudofutebol.org.br\/teste\/es\/visitas-exclusivas\/"]}]},{"@type":"BreadcrumbList","@id":"https:\/\/museudofutebol.org.br\/teste\/es\/visitas-exclusivas\/#breadcrumb","itemListElement":[{"@type":"ListItem","position":1,"name":"In\u00edcio","item":"https:\/\/museudofutebol.org.br\/teste\/"},{"@type":"ListItem","position":2,"name":"Visitas exclusivas"}]},{"@type":"WebSite","@id":"https:\/\/museudofutebol.org.br\/teste\/#website","url":"https:\/\/museudofutebol.org.br\/teste\/","name":"Museu do Futebol","description":"","potentialAction":[{"@type":"SearchAction","target":{"@type":"EntryPoint","urlTemplate":"https:\/\/museudofutebol.org.br\/teste\/?s={search_term_string}"},"query-input":"required name=search_term_string"}],"inLanguage":"pt-BR"}]}},"_links":{"self":[{"href":"https:\/\/museudofutebol.org.br\/teste\/wp-json\/wp\/v2\/pages\/1991"}],"collection":[{"href":"https:\/\/museudofutebol.org.br\/teste\/wp-json\/wp\/v2\/pages"}],"about":[{"href":"https:\/\/museudofutebol.org.br\/teste\/wp-json\/wp\/v2\/types\/page"}],"author":[{"embeddable":true,"href":"https:\/\/museudofutebol.org.br\/teste\/wp-json\/wp\/v2\/users\/13"}],"replies":[{"embeddable":true,"href":"https:\/\/museudofutebol.org.br\/teste\/wp-json\/wp\/v2\/comments?post=1991"}],"version-history":[{"count":4,"href":"https:\/\/museudofutebol.org.br\/teste\/wp-json\/wp\/v2\/pages\/1991\/revisions"}],"predecessor-version":[{"id":13624,"href":"https:\/\/museudofutebol.org.br\/teste\/wp-json\/wp\/v2\/pages\/1991\/revisions\/13624"}],"wp:attachment":[{"href":"https:\/\/museudofutebol.org.br\/teste\/wp-json\/wp\/v2\/media?parent=1991"}],"curies":[{"name":"wp","href":"https:\/\/api.w.org\/{rel}","templated":true}]}}