{"id":1995,"date":"2020-11-23T16:46:48","date_gmt":"2020-11-23T19:46:48","guid":{"rendered":"https:\/\/museudofutebol.org.br\/teste\/?page_id=1995"},"modified":"2023-03-24T14:45:01","modified_gmt":"2023-03-24T17:45:01","slug":"patrocinadores-y-aliados","status":"publish","type":"page","link":"https:\/\/museudofutebol.org.br\/teste\/es\/patrocinadores-y-aliados\/","title":{"rendered":"Patrocinadores y aliados"},"content":{"rendered":"<div class=\"wpb-content-wrapper\"><p>[vc_row][vc_column width=&#8221;2\/3&#8243;][vc_empty_space][vc_column_text]Un gran desaf\u00edo para el Museo del F\u00fatbol es su sustentabilidad financiera. Patrocinios y alianzas con empresas e instituciones permiten la realizaci\u00f3n de exposiciones temporales de gran repercusi\u00f3n, as\u00ed como que nuestras actividades culturales y educativas alcancen m\u00e1s personas. Adem\u00e1s de ejercer responsabilidad social corporativa, las empresas y aliados que apoyan el Museo reciben contrapartidas de visibilidad de marca y de relaci\u00f3n con clientes, aliados de negocio y colaboradores.<\/p>\n<p>Entre en contacto:<br \/>\n<a href=\"mailto:apoie@museudofutebol.org.br\/teste\">apoie@museudofutebol.org.br\/teste<\/a>\u00a0 \u00a0|\u00a0 \u00a0+55 11 3664-3852\u00a0 I +55 11 98298-3533 (Carolina Bianchi)<\/p>\n<div class=\"gmail_default\"><strong>GRACIAS A LOS PATROCINADORES Y ALIADOS DE LA TEMPORADA 2023<\/strong><\/div>\n<p>[\/vc_column_text][vc_custom_heading text=&#8221;Leyes de incentivo&#8221; font_container=&#8221;tag:h4|text_align:left|color:%23ffffff&#8221; use_theme_fonts=&#8221;yes&#8221;][vc_row_inner][vc_column_inner width=&#8221;1\/5&#8243; css=&#8221;.vc_custom_1600896882097{padding-right: 0px !important;padding-left: 0px !important;}&#8221;][vc_single_image image=&#8221;8765&#8243; img_size=&#8221;full&#8221; onclick=&#8221;custom_link&#8221; img_link_target=&#8221;_blank&#8221;][\/vc_column_inner][vc_column_inner width=&#8221;1\/5&#8243; css=&#8221;.vc_custom_1600896888146{padding-right: 0px !important;padding-left: 0px !important;}&#8221;][vc_single_image image=&#8221;5146&#8243; img_size=&#8221;full&#8221; onclick=&#8221;custom_link&#8221;][\/vc_column_inner][vc_column_inner width=&#8221;1\/5&#8243; css=&#8221;.vc_custom_1600896966308{padding-right: 0px !important;padding-left: 0px !important;}&#8221;][vc_single_image image=&#8221;5113&#8243; img_size=&#8221;full&#8221; onclick=&#8221;custom_link&#8221; link=&#8221;http:\/\/www.proac.sp.gov.br&#8221;][\/vc_column_inner][\/vc_row_inner][vc_custom_heading text=&#8221;Patrocinio m\u00e1ster&#8221; font_container=&#8221;tag:h4|text_align:left&#8221; use_theme_fonts=&#8221;yes&#8221;][vc_row_inner][vc_column_inner width=&#8221;1\/3&#8243; css=&#8221;.vc_custom_1600896888146{padding-right: 0px !important;padding-left: 0px !important;}&#8221;][vc_single_image image=&#8221;8273&#8243; img_size=&#8221;full&#8221; onclick=&#8221;custom_link&#8221; link=&#8221;https:\/\/www.bancobmg.com.br&#8221;][\/vc_column_inner][\/vc_row_inner][vc_custom_heading text=&#8221;Patrocinio&#8221; font_container=&#8221;tag:h4|text_align:left&#8221; use_theme_fonts=&#8221;yes&#8221;][vc_row_inner][vc_column_inner width=&#8221;1\/4&#8243;][vc_single_image image=&#8221;8382&#8243; img_size=&#8221;full&#8221; onclick=&#8221;custom_link&#8221; link=&#8221;http:\/\/www.goodyear.com.br&#8221;][\/vc_column_inner][vc_column_inner width=&#8221;1\/4&#8243;][vc_single_image image=&#8221;8269&#8243; img_size=&#8221;full&#8221; onclick=&#8221;custom_link&#8221; link=&#8221;https:\/\/www.userede.com.br\/&#8221;][\/vc_column_inner][vc_column_inner width=&#8221;1\/4&#8243;][vc_single_image image=&#8221;8270&#8243; img_size=&#8221;full&#8221; onclick=&#8221;custom_link&#8221; link=&#8221;http:\/\/www.sabesp.org.br&#8221;][\/vc_column_inner][vc_column_inner width=&#8221;1\/4&#8243;][vc_single_image image=&#8221;8383&#8243; img_size=&#8221;full&#8221; onclick=&#8221;custom_link&#8221; link=&#8221;http:\/\/www.ems.com.br&#8221;][\/vc_column_inner][\/vc_row_inner][vc_custom_heading text=&#8221;Apoyo&#8221; font_container=&#8221;tag:h4|text_align:left&#8221; use_theme_fonts=&#8221;yes&#8221;][vc_row_inner][vc_column_inner width=&#8221;1\/4&#8243; css=&#8221;.vc_custom_1600896888146{padding-right: 0px !important;padding-left: 0px !important;}&#8221;][vc_single_image image=&#8221;8275&#8243; img_size=&#8221;full&#8221; onclick=&#8221;custom_link&#8221; link=&#8221;http:\/\/www.mercadolivre.com.br&#8221;][\/vc_column_inner][vc_column_inner width=&#8221;1\/4&#8243;][\/vc_column_inner][vc_column_inner width=&#8221;1\/4&#8243;][\/vc_column_inner][vc_column_inner width=&#8221;1\/4&#8243;][\/vc_column_inner][\/vc_row_inner][vc_custom_heading text=&#8221;Empresas aliadas&#8221; font_container=&#8221;tag:h4|text_align:left&#8221; use_theme_fonts=&#8221;yes&#8221;][vc_row_inner][vc_column_inner width=&#8221;1\/4&#8243; css=&#8221;.vc_custom_1600896888146{padding-right: 0px !important;padding-left: 0px !important;}&#8221;][vc_single_image image=&#8221;8276&#8243; img_size=&#8221;full&#8221; onclick=&#8221;custom_link&#8221; link=&#8221;https:\/\/www.evonik.com.br&#8221;][\/vc_column_inner][vc_column_inner width=&#8221;1\/4&#8243; css=&#8221;.vc_custom_1600896882097{padding-right: 0px !important;padding-left: 0px !important;}&#8221;][vc_single_image image=&#8221;8277&#8243; img_size=&#8221;full&#8221; onclick=&#8221;custom_link&#8221; img_link_target=&#8221;_blank&#8221; link=&#8221;https:\/\/www.safra.com.br\/&#8221;][\/vc_column_inner][\/vc_row_inner][vc_custom_heading text=&#8221;Aliados Ley del Deporte&#8221; font_container=&#8221;tag:h4|text_align:left&#8221; use_theme_fonts=&#8221;yes&#8221;][vc_row_inner][vc_column_inner width=&#8221;1\/4&#8243; css=&#8221;.vc_custom_1600896882097{padding-right: 0px !important;padding-left: 0px !important;}&#8221;][vc_single_image image=&#8221;8279&#8243; img_size=&#8221;full&#8221; onclick=&#8221;custom_link&#8221; img_link_target=&#8221;_blank&#8221; link=&#8221;https:\/\/www.braskem.com.br\/&#8221;][\/vc_column_inner][vc_column_inner width=&#8221;1\/4&#8243; css=&#8221;.vc_custom_1600896888146{padding-right: 0px !important;padding-left: 0px !important;}&#8221;][vc_single_image image=&#8221;8280&#8243; img_size=&#8221;full&#8221; onclick=&#8221;custom_link&#8221; link=&#8221;https:\/\/www.pinheironeto.com.br\/&#8221;][\/vc_column_inner][vc_column_inner width=&#8221;1\/4&#8243; css=&#8221;.vc_custom_1600896966308{padding-right: 0px !important;padding-left: 0px !important;}&#8221;][vc_single_image image=&#8221;8281&#8243; img_size=&#8221;full&#8221; onclick=&#8221;custom_link&#8221; link=&#8221;https:\/\/www.tcl.com\/br\/pt&#8221;][\/vc_column_inner][vc_column_inner width=&#8221;1\/4&#8243; css=&#8221;.vc_custom_1600896971290{padding-right: 0px !important;padding-left: 0px !important;}&#8221;][vc_single_image image=&#8221;8302&#8243; img_size=&#8221;full&#8221; onclick=&#8221;custom_link&#8221; img_link_target=&#8221;_blank&#8221; link=&#8221;https:\/\/goolaco.com.br\/&#8221;][\/vc_column_inner][\/vc_row_inner][vc_custom_heading text=&#8221;Aliados de media&#8221; font_container=&#8221;tag:h4|text_align:left&#8221; use_theme_fonts=&#8221;yes&#8221;][vc_row_inner][vc_column_inner width=&#8221;1\/4&#8243; css=&#8221;.vc_custom_1600896888146{padding-right: 0px !important;padding-left: 0px !important;}&#8221;][vc_single_image image=&#8221;8284&#8243; img_size=&#8221;full&#8221; onclick=&#8221;custom_link&#8221; link=&#8221;https:\/\/piaui.folha.uol.com.br\/&#8221;][\/vc_column_inner][vc_column_inner width=&#8221;1\/4&#8243; css=&#8221;.vc_custom_1600896971290{padding-right: 0px !important;padding-left: 0px !important;}&#8221;][vc_single_image image=&#8221;8285&#8243; img_size=&#8221;full&#8221; onclick=&#8221;custom_link&#8221; img_link_target=&#8221;_blank&#8221; link=&#8221;https:\/\/goolaco.com.br\/&#8221;][\/vc_column_inner][vc_column_inner width=&#8221;1\/4&#8243; css=&#8221;.vc_custom_1600896966308{padding-right: 0px !important;padding-left: 0px !important;}&#8221;][vc_single_image image=&#8221;8286&#8243; img_size=&#8221;full&#8221; onclick=&#8221;custom_link&#8221; link=&#8221;https:\/\/www.guiadasemana.com.br&#8221;][\/vc_column_inner][\/vc_row_inner][vc_row_inner][vc_column_inner width=&#8221;1\/4&#8243; css=&#8221;.vc_custom_1600896966308{padding-right: 0px !important;padding-left: 0px !important;}&#8221;][vc_single_image image=&#8221;8301&#8243; img_size=&#8221;full&#8221; onclick=&#8221;custom_link&#8221; link=&#8221;https:\/\/www.dinamize.com.br\/&#8221;][\/vc_column_inner][vc_column_inner width=&#8221;1\/4&#8243; css=&#8221;.vc_custom_1600896971290{padding-right: 0px !important;padding-left: 0px !important;}&#8221;][vc_single_image image=&#8221;8303&#8243; img_size=&#8221;full&#8221; onclick=&#8221;custom_link&#8221; link=&#8221;https:\/\/www.jcdecaux.com.br\/&#8221;][\/vc_column_inner][vc_column_inner width=&#8221;1\/4&#8243; css=&#8221;.vc_custom_1600896882097{padding-right: 0px !important;padding-left: 0px !important;}&#8221;][vc_single_image image=&#8221;8304&#8243; img_size=&#8221;full&#8221; onclick=&#8221;custom_link&#8221; link=&#8221;https:\/\/www.helloo.com.br\/&#8221;][\/vc_column_inner][\/vc_row_inner][vc_custom_heading text=&#8221;Aliados estrat\u00e9gicos&#8221; font_container=&#8221;tag:h4|text_align:left&#8221; use_theme_fonts=&#8221;yes&#8221;][vc_row_inner][vc_column_inner width=&#8221;1\/5&#8243; css=&#8221;.vc_custom_1600896882097{padding-right: 0px !important;padding-left: 0px !important;}&#8221;][vc_single_image image=&#8221;8287&#8243; img_size=&#8221;full&#8221; onclick=&#8221;custom_link&#8221; img_link_target=&#8221;_blank&#8221; link=&#8221;https:\/\/www.pacaembuoficial.com.br&#8221;][\/vc_column_inner][vc_column_inner width=&#8221;1\/5&#8243; css=&#8221;.vc_custom_1600896888146{padding-right: 0px !important;padding-left: 0px !important;}&#8221;][vc_single_image image=&#8221;8288&#8243; img_size=&#8221;full&#8221; onclick=&#8221;custom_link&#8221; link=&#8221;https:\/\/www.metro.sp.gov.br&#8221;][\/vc_column_inner][vc_column_inner width=&#8221;1\/5&#8243; css=&#8221;.vc_custom_1600896966308{padding-right: 0px !important;padding-left: 0px !important;}&#8221;][vc_single_image image=&#8221;8289&#8243; img_size=&#8221;full&#8221; onclick=&#8221;custom_link&#8221; link=&#8221;https:\/\/www.aceesp.org.br&#8221;][\/vc_column_inner][vc_column_inner width=&#8221;1\/5&#8243; css=&#8221;.vc_custom_1600896971290{padding-right: 0px !important;padding-left: 0px !important;}&#8221;][vc_single_image image=&#8221;8381&#8243; img_size=&#8221;full&#8221; onclick=&#8221;custom_link&#8221; img_link_target=&#8221;_blank&#8221; link=&#8221;https:\/\/www.aberje.org.br&#8221;][\/vc_column_inner][vc_column_inner width=&#8221;1\/5&#8243;][vc_single_image image=&#8221;8300&#8243; img_size=&#8221;full&#8221; onclick=&#8221;custom_link&#8221; img_link_target=&#8221;_blank&#8221; link=&#8221;https:\/\/www.agendor.org.br&#8221;][\/vc_column_inner][\/vc_row_inner][vc_custom_heading text=&#8221;Aliados institucionales&#8221; font_container=&#8221;tag:h4|text_align:left&#8221; use_theme_fonts=&#8221;yes&#8221;][vc_row_inner][vc_column_inner width=&#8221;1\/5&#8243; css=&#8221;.vc_custom_1600896882097{padding-right: 0px !important;padding-left: 0px !important;}&#8221;][vc_single_image image=&#8221;5157&#8243; img_size=&#8221;full&#8221; onclick=&#8221;custom_link&#8221; img_link_target=&#8221;_blank&#8221; link=&#8221;http:\/\/capital.sp.gov.br\/&#8221;][\/vc_column_inner][vc_column_inner width=&#8221;1\/5&#8243; css=&#8221;.vc_custom_1600896888146{padding-right: 0px !important;padding-left: 0px !important;}&#8221;][vc_single_image image=&#8221;5141&#8243; img_size=&#8221;full&#8221; onclick=&#8221;custom_link&#8221; link=&#8221;http:\/\/www.futebolpaulista.com.br\/Home\/&#8221;][\/vc_column_inner][vc_column_inner width=&#8221;1\/5&#8243;][\/vc_column_inner][vc_column_inner width=&#8221;1\/5&#8243;][\/vc_column_inner][vc_column_inner width=&#8221;1\/5&#8243;][\/vc_column_inner][\/vc_row_inner][vc_custom_heading text=&#8221;Realizado por&#8221; font_container=&#8221;tag:h4|text_align:left&#8221; use_theme_fonts=&#8221;yes&#8221;][vc_row_inner][vc_column_inner width=&#8221;1\/2&#8243; css=&#8221;.vc_custom_1601933456216{padding-right: 0px !important;padding-left: 0px !important;}&#8221;][vc_single_image image=&#8221;8766&#8243; img_size=&#8221;full&#8221; onclick=&#8221;custom_link&#8221; img_link_target=&#8221;_blank&#8221; link=&#8221;http:\/\/sp.gov.br&#8221;][\/vc_column_inner][vc_column_inner width=&#8221;1\/2&#8243;][vc_single_image image=&#8221;8767&#8243; img_size=&#8221;full&#8221; onclick=&#8221;custom_link&#8221;][\/vc_column_inner][\/vc_row_inner][\/vc_column][vc_column width=&#8221;1\/3&#8243;][vc_wp_custommenu nav_menu=&#8221;96&#8243;][\/vc_column][\/vc_row]<\/p>\n<\/div>","protected":false},"excerpt":{"rendered":"<p>[vc_row][vc_column width=&#8221;2\/3&#8243;][vc_empty_space][vc_column_text]Un gran desaf\u00edo para el Museo del F\u00fatbol es su sustentabilidad financiera. Patrocinios y alianzas con empresas e instituciones permiten la realizaci\u00f3n de exposiciones temporales<span class=\"excerpt-hellip\"> [\u2026]<\/span><\/p>\n","protected":false},"author":13,"featured_media":0,"parent":0,"menu_order":0,"comment_status":"closed","ping_status":"closed","template":"","meta":[],"acf":[],"yoast_head":"<!-- This site is optimized with the Yoast SEO plugin v20.8 - https:\/\/yoast.com\/wordpress\/plugins\/seo\/ -->\n<title>Patrocinadores y aliados - Museu do Futebol<\/title>\n<meta name=\"robots\" content=\"index, follow, max-snippet:-1, max-image-preview:large, max-video-preview:-1\" \/>\n<link rel=\"canonical\" href=\"https:\/\/museudofutebol.org.br\/teste\/es\/patrocinadores-y-aliados\/\" \/>\n<meta property=\"og:locale\" content=\"pt_BR\" \/>\n<meta property=\"og:type\" content=\"article\" \/>\n<meta property=\"og:title\" content=\"Patrocinadores y aliados - Museu do Futebol\" \/>\n<meta property=\"og:description\" content=\"[vc_row][vc_column width=&#8221;2\/3&#8243;][vc_empty_space][vc_column_text]Un gran desaf\u00edo para el Museo del F\u00fatbol es su sustentabilidad financiera. Patrocinios y alianzas con empresas e instituciones permiten la realizaci\u00f3n de exposiciones temporales [\u2026]\" \/>\n<meta property=\"og:url\" content=\"https:\/\/museudofutebol.org.br\/teste\/es\/patrocinadores-y-aliados\/\" \/>\n<meta property=\"og:site_name\" content=\"Museu do Futebol\" \/>\n<meta property=\"article:publisher\" content=\"https:\/\/www.facebook.com\/museudofutebol\" \/>\n<meta property=\"article:modified_time\" content=\"2023-03-24T17:45:01+00:00\" \/>\n<meta name=\"twitter:card\" content=\"summary_large_image\" \/>\n<meta name=\"twitter:site\" content=\"@museudofutebol\" \/>\n<meta name=\"twitter:label1\" content=\"Est. tempo de leitura\" \/>\n\t<meta name=\"twitter:data1\" content=\"3 minutos\" \/>\n<script type=\"application\/ld+json\" class=\"yoast-schema-graph\">{\"@context\":\"https:\/\/schema.org\",\"@graph\":[{\"@type\":\"WebPage\",\"@id\":\"https:\/\/museudofutebol.org.br\/teste\/es\/patrocinadores-y-aliados\/\",\"url\":\"https:\/\/museudofutebol.org.br\/teste\/es\/patrocinadores-y-aliados\/\",\"name\":\"Patrocinadores y aliados - Museu do Futebol\",\"isPartOf\":{\"@id\":\"https:\/\/museudofutebol.org.br\/teste\/#website\"},\"datePublished\":\"2020-11-23T19:46:48+00:00\",\"dateModified\":\"2023-03-24T17:45:01+00:00\",\"breadcrumb\":{\"@id\":\"https:\/\/museudofutebol.org.br\/teste\/es\/patrocinadores-y-aliados\/#breadcrumb\"},\"inLanguage\":\"pt-BR\",\"potentialAction\":[{\"@type\":\"ReadAction\",\"target\":[\"https:\/\/museudofutebol.org.br\/teste\/es\/patrocinadores-y-aliados\/\"]}]},{\"@type\":\"BreadcrumbList\",\"@id\":\"https:\/\/museudofutebol.org.br\/teste\/es\/patrocinadores-y-aliados\/#breadcrumb\",\"itemListElement\":[{\"@type\":\"ListItem\",\"position\":1,\"name\":\"In\u00edcio\",\"item\":\"https:\/\/museudofutebol.org.br\/teste\/\"},{\"@type\":\"ListItem\",\"position\":2,\"name\":\"Patrocinadores y aliados\"}]},{\"@type\":\"WebSite\",\"@id\":\"https:\/\/museudofutebol.org.br\/teste\/#website\",\"url\":\"https:\/\/museudofutebol.org.br\/teste\/\",\"name\":\"Museu do Futebol\",\"description\":\"\",\"potentialAction\":[{\"@type\":\"SearchAction\",\"target\":{\"@type\":\"EntryPoint\",\"urlTemplate\":\"https:\/\/museudofutebol.org.br\/teste\/?s={search_term_string}\"},\"query-input\":\"required name=search_term_string\"}],\"inLanguage\":\"pt-BR\"}]}<\/script>\n<!-- \/ Yoast SEO plugin. -->","yoast_head_json":{"title":"Patrocinadores y aliados - Museu do Futebol","robots":{"index":"index","follow":"follow","max-snippet":"max-snippet:-1","max-image-preview":"max-image-preview:large","max-video-preview":"max-video-preview:-1"},"canonical":"https:\/\/museudofutebol.org.br\/teste\/es\/patrocinadores-y-aliados\/","og_locale":"pt_BR","og_type":"article","og_title":"Patrocinadores y aliados - Museu do Futebol","og_description":"[vc_row][vc_column width=&#8221;2\/3&#8243;][vc_empty_space][vc_column_text]Un gran desaf\u00edo para el Museo del F\u00fatbol es su sustentabilidad financiera. Patrocinios y alianzas con empresas e instituciones permiten la realizaci\u00f3n de exposiciones temporales [\u2026]","og_url":"https:\/\/museudofutebol.org.br\/teste\/es\/patrocinadores-y-aliados\/","og_site_name":"Museu do Futebol","article_publisher":"https:\/\/www.facebook.com\/museudofutebol","article_modified_time":"2023-03-24T17:45:01+00:00","twitter_card":"summary_large_image","twitter_site":"@museudofutebol","twitter_misc":{"Est. tempo de leitura":"3 minutos"},"schema":{"@context":"https:\/\/schema.org","@graph":[{"@type":"WebPage","@id":"https:\/\/museudofutebol.org.br\/teste\/es\/patrocinadores-y-aliados\/","url":"https:\/\/museudofutebol.org.br\/teste\/es\/patrocinadores-y-aliados\/","name":"Patrocinadores y aliados - Museu do Futebol","isPartOf":{"@id":"https:\/\/museudofutebol.org.br\/teste\/#website"},"datePublished":"2020-11-23T19:46:48+00:00","dateModified":"2023-03-24T17:45:01+00:00","breadcrumb":{"@id":"https:\/\/museudofutebol.org.br\/teste\/es\/patrocinadores-y-aliados\/#breadcrumb"},"inLanguage":"pt-BR","potentialAction":[{"@type":"ReadAction","target":["https:\/\/museudofutebol.org.br\/teste\/es\/patrocinadores-y-aliados\/"]}]},{"@type":"BreadcrumbList","@id":"https:\/\/museudofutebol.org.br\/teste\/es\/patrocinadores-y-aliados\/#breadcrumb","itemListElement":[{"@type":"ListItem","position":1,"name":"In\u00edcio","item":"https:\/\/museudofutebol.org.br\/teste\/"},{"@type":"ListItem","position":2,"name":"Patrocinadores y aliados"}]},{"@type":"WebSite","@id":"https:\/\/museudofutebol.org.br\/teste\/#website","url":"https:\/\/museudofutebol.org.br\/teste\/","name":"Museu do Futebol","description":"","potentialAction":[{"@type":"SearchAction","target":{"@type":"EntryPoint","urlTemplate":"https:\/\/museudofutebol.org.br\/teste\/?s={search_term_string}"},"query-input":"required name=search_term_string"}],"inLanguage":"pt-BR"}]}},"_links":{"self":[{"href":"https:\/\/museudofutebol.org.br\/teste\/wp-json\/wp\/v2\/pages\/1995"}],"collection":[{"href":"https:\/\/museudofutebol.org.br\/teste\/wp-json\/wp\/v2\/pages"}],"about":[{"href":"https:\/\/museudofutebol.org.br\/teste\/wp-json\/wp\/v2\/types\/page"}],"author":[{"embeddable":true,"href":"https:\/\/museudofutebol.org.br\/teste\/wp-json\/wp\/v2\/users\/13"}],"replies":[{"embeddable":true,"href":"https:\/\/museudofutebol.org.br\/teste\/wp-json\/wp\/v2\/comments?post=1995"}],"version-history":[{"count":19,"href":"https:\/\/museudofutebol.org.br\/teste\/wp-json\/wp\/v2\/pages\/1995\/revisions"}],"predecessor-version":[{"id":8768,"href":"https:\/\/museudofutebol.org.br\/teste\/wp-json\/wp\/v2\/pages\/1995\/revisions\/8768"}],"wp:attachment":[{"href":"https:\/\/museudofutebol.org.br\/teste\/wp-json\/wp\/v2\/media?parent=1995"}],"curies":[{"name":"wp","href":"https:\/\/api.w.org\/{rel}","templated":true}]}}