{"id":2001,"date":"2020-11-23T17:02:20","date_gmt":"2020-11-23T20:02:20","guid":{"rendered":"https:\/\/museudofutebol.org.br\/teste\/?page_id=2001"},"modified":"2020-11-23T17:02:20","modified_gmt":"2020-11-23T20:02:20","slug":"apoye","status":"publish","type":"page","link":"https:\/\/museudofutebol.org.br\/teste\/es\/apoye\/","title":{"rendered":"Apoye"},"content":{"rendered":"<div class=\"wpb-content-wrapper\"><p>[vc_row][vc_column width=&#8221;2\/3&#8243;][vc_column_text]En todo el mundo, las instituciones culturales necesitan el comprometimiento de la sociedad civil para ampliar y mejorar sus actividades. Mismo cuando reciben recursos gubernamentales, como es el caso del Museo del F\u00fatbol, el apoyo de empresas y de personas f\u00edsicas permite que su trabajo tenga mayor efectividad, alcanzando un p\u00fablico mayor y m\u00e1s diversificado. Son muchas formas de ayudar el Museo del F\u00fatbol[\/vc_column_text][vc_custom_heading text=&#8221;Tengo una empresa. \u00bfC\u00f3mo puedo ayudar el Museo del F\u00fatbol?&#8221; font_container=&#8221;tag:h3|text_align:left&#8221; use_theme_fonts=&#8221;yes&#8221;][vc_column_text]<\/p>\n<ul>\n<li>Ser nuestro patrocinador por medio de leyes de incentivo a la cultura y al deporte -estamos inscritos en las Leyes federales, estadual y municipal.<\/li>\n<li>Hacer un patrocinio con recursos directos.<\/li>\n<li>Realizar alianzas en la forma de permuta de productos y servicios.<\/li>\n<li>Alquilar los espacios del Museo para eventos corporativos y filmaciones.<\/li>\n<\/ul>\n<p>[\/vc_column_text][vc_custom_heading text=&#8221;Quiero donar como persona f\u00edsica. \u00bfC\u00f3mo puedo hacer?&#8221; font_container=&#8221;tag:h3|text_align:left&#8221; use_theme_fonts=&#8221;yes&#8221;][vc_column_text]<\/p>\n<ul>\n<li>Hacer una donaci\u00f3n por medio de la Ley Federal de Incentivo a la Cultura. Si usted hace la declaraci\u00f3n completa de IR, podr\u00e1 recibir de vuelta el valor donado, hasta el l\u00edmite del 6% del IR debido. \u00a1Haga una simulaci\u00f3n! <a href=\"http:\/\/www.receita.fazenda.gov.br\/Aplicacoes\/ATRJO\/Simulador\/simulador.asp?tipoSim\">Haga clic aqu\u00ed<\/a>.<\/li>\n<li>Hacer una donaci\u00f3n directa, sin Ley de Incentivo, con una transferencia bancaria.<\/li>\n<li>Alquilar nuestros espacios para eventos.<\/li>\n<li>\u00a1Traer a los amigos y a la familia para visitar el Museo!<\/li>\n<\/ul>\n<p>[\/vc_column_text][vc_custom_heading text=&#8221;Por m\u00e1s informaci\u00f3n:&#8221; font_container=&#8221;tag:h3|text_align:left&#8221; use_theme_fonts=&#8221;yes&#8221;][vc_column_text]11 &#8211; 3664-3852 | 11-98298-3533<\/p>\n<p>apoie@museudofutebol.org.br\/teste<\/p>\n<p>Tendremos placer en atenderlo(a)[\/vc_column_text][vc_row_inner disable_element=&#8221;yes&#8221;][vc_column_inner width=&#8221;1\/6&#8243; css=&#8221;.vc_custom_1600896882097{padding-right: 0px !important;padding-left: 0px !important;}&#8221;][vc_single_image image=&#8221;682&#8243; img_size=&#8221;full&#8221; onclick=&#8221;custom_link&#8221; img_link_target=&#8221;_blank&#8221; link=&#8221;http:\/\/www.lge.com.br&#8221;][\/vc_column_inner][vc_column_inner width=&#8221;1\/6&#8243; css=&#8221;.vc_custom_1600896888146{padding-right: 0px !important;padding-left: 0px !important;}&#8221;][vc_single_image image=&#8221;681&#8243; img_size=&#8221;full&#8221;][\/vc_column_inner][vc_column_inner width=&#8221;1\/6&#8243; css=&#8221;.vc_custom_1600896966308{padding-right: 0px !important;padding-left: 0px !important;}&#8221;][vc_single_image image=&#8221;680&#8243; img_size=&#8221;full&#8221;][\/vc_column_inner][vc_column_inner width=&#8221;1\/6&#8243; css=&#8221;.vc_custom_1600896971290{padding-right: 0px !important;padding-left: 0px !important;}&#8221;][vc_single_image image=&#8221;679&#8243; img_size=&#8221;full&#8221;][\/vc_column_inner][vc_column_inner width=&#8221;1\/6&#8243; css=&#8221;.vc_custom_1600896976274{padding-right: 0px !important;padding-left: 0px !important;}&#8221;][vc_single_image image=&#8221;677&#8243; img_size=&#8221;full&#8221;][\/vc_column_inner][vc_column_inner width=&#8221;1\/6&#8243;][vc_single_image image=&#8221;674&#8243; img_size=&#8221;full&#8221;][\/vc_column_inner][\/vc_row_inner][vc_row_inner disable_element=&#8221;yes&#8221;][vc_column_inner width=&#8221;1\/5&#8243; css=&#8221;.vc_custom_1600896882097{padding-right: 0px !important;padding-left: 0px !important;}&#8221;][vc_single_image image=&#8221;682&#8243; img_size=&#8221;full&#8221; onclick=&#8221;custom_link&#8221; img_link_target=&#8221;_blank&#8221; link=&#8221;http:\/\/www.lge.com.br&#8221;][\/vc_column_inner][vc_column_inner width=&#8221;1\/5&#8243; css=&#8221;.vc_custom_1600896888146{padding-right: 0px !important;padding-left: 0px !important;}&#8221;][vc_single_image image=&#8221;681&#8243; img_size=&#8221;full&#8221;][\/vc_column_inner][vc_column_inner width=&#8221;1\/5&#8243; css=&#8221;.vc_custom_1600896966308{padding-right: 0px !important;padding-left: 0px !important;}&#8221;][vc_single_image image=&#8221;680&#8243; img_size=&#8221;full&#8221;][\/vc_column_inner][vc_column_inner width=&#8221;1\/5&#8243; css=&#8221;.vc_custom_1600896971290{padding-right: 0px !important;padding-left: 0px !important;}&#8221;][vc_single_image image=&#8221;679&#8243; img_size=&#8221;full&#8221;][\/vc_column_inner][vc_column_inner width=&#8221;1\/5&#8243; css=&#8221;.vc_custom_1600896976274{padding-right: 0px !important;padding-left: 0px !important;}&#8221;][vc_single_image image=&#8221;677&#8243; img_size=&#8221;full&#8221;][\/vc_column_inner][\/vc_row_inner][vc_row_inner disable_element=&#8221;yes&#8221;][vc_column_inner width=&#8221;1\/4&#8243; css=&#8221;.vc_custom_1600896882097{padding-right: 0px !important;padding-left: 0px !important;}&#8221;][vc_single_image image=&#8221;682&#8243; img_size=&#8221;full&#8221; onclick=&#8221;custom_link&#8221; img_link_target=&#8221;_blank&#8221; link=&#8221;http:\/\/www.lge.com.br&#8221;][\/vc_column_inner][vc_column_inner width=&#8221;1\/4&#8243; css=&#8221;.vc_custom_1600896888146{padding-right: 0px !important;padding-left: 0px !important;}&#8221;][vc_single_image image=&#8221;681&#8243; img_size=&#8221;full&#8221;][\/vc_column_inner][vc_column_inner width=&#8221;1\/4&#8243; css=&#8221;.vc_custom_1600896966308{padding-right: 0px !important;padding-left: 0px !important;}&#8221;][vc_single_image image=&#8221;680&#8243; img_size=&#8221;full&#8221;][\/vc_column_inner][vc_column_inner width=&#8221;1\/4&#8243; css=&#8221;.vc_custom_1600896971290{padding-right: 0px !important;padding-left: 0px !important;}&#8221;][vc_single_image image=&#8221;679&#8243; img_size=&#8221;full&#8221;][\/vc_column_inner][\/vc_row_inner][\/vc_column][vc_column width=&#8221;1\/3&#8243;][vc_wp_custommenu nav_menu=&#8221;26&#8243;][\/vc_column][\/vc_row]<\/p>\n<\/div>","protected":false},"excerpt":{"rendered":"<p>[vc_row][vc_column width=&#8221;2\/3&#8243;][vc_column_text]En todo el mundo, las instituciones culturales necesitan el comprometimiento de la sociedad civil para ampliar y mejorar sus actividades. Mismo cuando reciben recursos gubernamentales,<span class=\"excerpt-hellip\"> [\u2026]<\/span><\/p>\n","protected":false},"author":13,"featured_media":0,"parent":0,"menu_order":0,"comment_status":"closed","ping_status":"closed","template":"","meta":[],"acf":[],"yoast_head":"<!-- This site is optimized with the Yoast SEO plugin v20.8 - https:\/\/yoast.com\/wordpress\/plugins\/seo\/ -->\n<title>Apoye - Museu do Futebol<\/title>\n<meta name=\"robots\" content=\"index, follow, max-snippet:-1, max-image-preview:large, max-video-preview:-1\" \/>\n<link rel=\"canonical\" href=\"https:\/\/museudofutebol.org.br\/teste\/es\/apoye\/\" \/>\n<meta property=\"og:locale\" content=\"pt_BR\" \/>\n<meta property=\"og:type\" content=\"article\" \/>\n<meta property=\"og:title\" content=\"Apoye - Museu do Futebol\" \/>\n<meta property=\"og:description\" content=\"[vc_row][vc_column width=&#8221;2\/3&#8243;][vc_column_text]En todo el mundo, las instituciones culturales necesitan el comprometimiento de la sociedad civil para ampliar y mejorar sus actividades. Mismo cuando reciben recursos gubernamentales, [\u2026]\" \/>\n<meta property=\"og:url\" content=\"https:\/\/museudofutebol.org.br\/teste\/es\/apoye\/\" \/>\n<meta property=\"og:site_name\" content=\"Museu do Futebol\" \/>\n<meta property=\"article:publisher\" content=\"https:\/\/www.facebook.com\/museudofutebol\" \/>\n<meta name=\"twitter:card\" content=\"summary_large_image\" \/>\n<meta name=\"twitter:site\" content=\"@museudofutebol\" \/>\n<meta name=\"twitter:label1\" content=\"Est. tempo de leitura\" \/>\n\t<meta name=\"twitter:data1\" content=\"4 minutos\" \/>\n<script type=\"application\/ld+json\" class=\"yoast-schema-graph\">{\"@context\":\"https:\/\/schema.org\",\"@graph\":[{\"@type\":\"WebPage\",\"@id\":\"https:\/\/museudofutebol.org.br\/teste\/es\/apoye\/\",\"url\":\"https:\/\/museudofutebol.org.br\/teste\/es\/apoye\/\",\"name\":\"Apoye - Museu do Futebol\",\"isPartOf\":{\"@id\":\"https:\/\/museudofutebol.org.br\/teste\/#website\"},\"datePublished\":\"2020-11-23T20:02:20+00:00\",\"dateModified\":\"2020-11-23T20:02:20+00:00\",\"breadcrumb\":{\"@id\":\"https:\/\/museudofutebol.org.br\/teste\/es\/apoye\/#breadcrumb\"},\"inLanguage\":\"pt-BR\",\"potentialAction\":[{\"@type\":\"ReadAction\",\"target\":[\"https:\/\/museudofutebol.org.br\/teste\/es\/apoye\/\"]}]},{\"@type\":\"BreadcrumbList\",\"@id\":\"https:\/\/museudofutebol.org.br\/teste\/es\/apoye\/#breadcrumb\",\"itemListElement\":[{\"@type\":\"ListItem\",\"position\":1,\"name\":\"In\u00edcio\",\"item\":\"https:\/\/museudofutebol.org.br\/teste\/\"},{\"@type\":\"ListItem\",\"position\":2,\"name\":\"Apoye\"}]},{\"@type\":\"WebSite\",\"@id\":\"https:\/\/museudofutebol.org.br\/teste\/#website\",\"url\":\"https:\/\/museudofutebol.org.br\/teste\/\",\"name\":\"Museu do Futebol\",\"description\":\"\",\"potentialAction\":[{\"@type\":\"SearchAction\",\"target\":{\"@type\":\"EntryPoint\",\"urlTemplate\":\"https:\/\/museudofutebol.org.br\/teste\/?s={search_term_string}\"},\"query-input\":\"required name=search_term_string\"}],\"inLanguage\":\"pt-BR\"}]}<\/script>\n<!-- \/ Yoast SEO plugin. -->","yoast_head_json":{"title":"Apoye - Museu do Futebol","robots":{"index":"index","follow":"follow","max-snippet":"max-snippet:-1","max-image-preview":"max-image-preview:large","max-video-preview":"max-video-preview:-1"},"canonical":"https:\/\/museudofutebol.org.br\/teste\/es\/apoye\/","og_locale":"pt_BR","og_type":"article","og_title":"Apoye - Museu do Futebol","og_description":"[vc_row][vc_column width=&#8221;2\/3&#8243;][vc_column_text]En todo el mundo, las instituciones culturales necesitan el comprometimiento de la sociedad civil para ampliar y mejorar sus actividades. Mismo cuando reciben recursos gubernamentales, [\u2026]","og_url":"https:\/\/museudofutebol.org.br\/teste\/es\/apoye\/","og_site_name":"Museu do Futebol","article_publisher":"https:\/\/www.facebook.com\/museudofutebol","twitter_card":"summary_large_image","twitter_site":"@museudofutebol","twitter_misc":{"Est. tempo de leitura":"4 minutos"},"schema":{"@context":"https:\/\/schema.org","@graph":[{"@type":"WebPage","@id":"https:\/\/museudofutebol.org.br\/teste\/es\/apoye\/","url":"https:\/\/museudofutebol.org.br\/teste\/es\/apoye\/","name":"Apoye - Museu do Futebol","isPartOf":{"@id":"https:\/\/museudofutebol.org.br\/teste\/#website"},"datePublished":"2020-11-23T20:02:20+00:00","dateModified":"2020-11-23T20:02:20+00:00","breadcrumb":{"@id":"https:\/\/museudofutebol.org.br\/teste\/es\/apoye\/#breadcrumb"},"inLanguage":"pt-BR","potentialAction":[{"@type":"ReadAction","target":["https:\/\/museudofutebol.org.br\/teste\/es\/apoye\/"]}]},{"@type":"BreadcrumbList","@id":"https:\/\/museudofutebol.org.br\/teste\/es\/apoye\/#breadcrumb","itemListElement":[{"@type":"ListItem","position":1,"name":"In\u00edcio","item":"https:\/\/museudofutebol.org.br\/teste\/"},{"@type":"ListItem","position":2,"name":"Apoye"}]},{"@type":"WebSite","@id":"https:\/\/museudofutebol.org.br\/teste\/#website","url":"https:\/\/museudofutebol.org.br\/teste\/","name":"Museu do Futebol","description":"","potentialAction":[{"@type":"SearchAction","target":{"@type":"EntryPoint","urlTemplate":"https:\/\/museudofutebol.org.br\/teste\/?s={search_term_string}"},"query-input":"required name=search_term_string"}],"inLanguage":"pt-BR"}]}},"_links":{"self":[{"href":"https:\/\/museudofutebol.org.br\/teste\/wp-json\/wp\/v2\/pages\/2001"}],"collection":[{"href":"https:\/\/museudofutebol.org.br\/teste\/wp-json\/wp\/v2\/pages"}],"about":[{"href":"https:\/\/museudofutebol.org.br\/teste\/wp-json\/wp\/v2\/types\/page"}],"author":[{"embeddable":true,"href":"https:\/\/museudofutebol.org.br\/teste\/wp-json\/wp\/v2\/users\/13"}],"replies":[{"embeddable":true,"href":"https:\/\/museudofutebol.org.br\/teste\/wp-json\/wp\/v2\/comments?post=2001"}],"version-history":[{"count":1,"href":"https:\/\/museudofutebol.org.br\/teste\/wp-json\/wp\/v2\/pages\/2001\/revisions"}],"predecessor-version":[{"id":2002,"href":"https:\/\/museudofutebol.org.br\/teste\/wp-json\/wp\/v2\/pages\/2001\/revisions\/2002"}],"wp:attachment":[{"href":"https:\/\/museudofutebol.org.br\/teste\/wp-json\/wp\/v2\/media?parent=2001"}],"curies":[{"name":"wp","href":"https:\/\/api.w.org\/{rel}","templated":true}]}}