{"id":2072,"date":"2020-12-07T15:55:14","date_gmt":"2020-12-07T18:55:14","guid":{"rendered":"https:\/\/museudofutebol.org.br\/teste\/?page_id=2072"},"modified":"2022-02-23T18:38:31","modified_gmt":"2022-02-23T21:38:31","slug":"reviviendo-memorias","status":"publish","type":"page","link":"https:\/\/museudofutebol.org.br\/teste\/es\/reviviendo-memorias\/","title":{"rendered":"Reviviendo Memorias"},"content":{"rendered":"<div class=\"wpb-content-wrapper\"><p>[vc_row][vc_column width=&#8221;2\/3&#8243;][vc_column_text]<img decoding=\"async\" loading=\"lazy\" class=\"alignnone wp-image-2935 size-full\" src=\"https:\/\/museudofutebol.org.br\/teste\/wp-content\/uploads\/2020\/09\/IMG-20200331-WA0026.jpg\" alt=\"\" width=\"1024\" height=\"768\" srcset=\"https:\/\/museudofutebol.org.br\/teste\/wp-content\/uploads\/2020\/09\/IMG-20200331-WA0026.jpg 1024w, https:\/\/museudofutebol.org.br\/teste\/wp-content\/uploads\/2020\/09\/IMG-20200331-WA0026-300x225.jpg 300w, https:\/\/museudofutebol.org.br\/teste\/wp-content\/uploads\/2020\/09\/IMG-20200331-WA0026-768x576.jpg 768w, https:\/\/museudofutebol.org.br\/teste\/wp-content\/uploads\/2020\/09\/IMG-20200331-WA0026-195x146.jpg 195w, https:\/\/museudofutebol.org.br\/teste\/wp-content\/uploads\/2020\/09\/IMG-20200331-WA0026-50x38.jpg 50w, https:\/\/museudofutebol.org.br\/teste\/wp-content\/uploads\/2020\/09\/IMG-20200331-WA0026-100x75.jpg 100w, https:\/\/museudofutebol.org.br\/teste\/wp-content\/uploads\/2020\/09\/IMG-20200331-WA0026-960x720.jpg 960w\" sizes=\"(max-width:767px) 480px, (max-width:1024px) 100vw, 1024px\" \/><\/p>\n<p><span data-contrast=\"auto\">Realizado en asociaci\u00f3n con el Grupo de Neurolog\u00eda Cognitiva y Conductual del Hospital de las Cl\u00ednicas de S\u00e3o Paulo, el proyecto Reviviendo Memorias, parte del Programa Museo Amigos del Anciano, ofrece atenci\u00f3n a personas con la enfermedad de Alzheimer. Por medio de visitas mediadas y actividades grupales realizadas por el N\u00facleo Educativo y por profesionales del Hospital de las Cl\u00ednicas, los pacientes son estimulados a activar sus memorias afectivas relacionadas con los acervos de la exposici\u00f3n principal del museo y a socializar en el espacio. El objetivo del proyecto es promover los beneficios psicosociales, incluida la mejora del bienestar de las personas con Alzheimer, de sus familiares y cuidadores. El servicio es totalmente gratuito.<\/span><span data-ccp-props=\"{&quot;201341983&quot;:0,&quot;335559739&quot;:160,&quot;335559740&quot;:259}\">\u00a0<\/span><\/p>\n<p><span data-contrast=\"auto\"><strong><br \/>\nRevivendo Memorias #EnCasa <\/strong><br \/>\nDurante la pandemia de coronavirus, el proyecto fue adaptado para realizar atenci\u00f3n remota, por tel\u00e9fono y video-llamada. El N\u00facleo Educativo atiende ancianos con o sin Alzheimer, individualmente o por medio de instituciones sociales, incluyendo a las que trabajan con personas en situaci\u00f3n de vulnerabilidad; El equipo prepara actividades personalizadas para que la experiencia de las personas atendidas sea \u00fanica y estimulante. <\/span><span data-ccp-props=\"{&quot;201341983&quot;:0,&quot;335559739&quot;:160,&quot;335559740&quot;:259}\">\u00a0<\/span><\/p>\n<p><strong>Como\u00a0programar<br \/>\n<\/strong><span data-contrast=\"auto\">Por e-mail: agendamento@museudofutebol.org.br\/teste.<\/span><span data-ccp-props=\"{&quot;201341983&quot;:0,&quot;335559739&quot;:160,&quot;335559740&quot;:259}\">\u00a0<\/span><\/p>\n<p><span data-contrast=\"auto\">Informaciones necesarias<br \/>\n<\/span><span data-contrast=\"auto\">\u2013 Indicar d\u00eda y hora de preferencia<br \/>\n<\/span><span data-contrast=\"auto\">\u2013 Que medio de comunicaci\u00f3n desea (Google Meet, Zoom o Teams)<\/span><span data-ccp-props=\"{&quot;201341983&quot;:0,&quot;335559739&quot;:160,&quot;335559740&quot;:259}\"><br \/>\n<\/span><span data-contrast=\"auto\">\u2013 Entidades\u00a0deben\u00a0informar\u00a0el\u00a0perfil\u00a0del\u00a0p\u00fablico atendido y\u00a0cuantas\u00a0personas\u00a0participaran\u00a0de\u00a0la\u00a0actividad.\u00a0<\/span><span data-ccp-props=\"{&quot;201341983&quot;:0,&quot;335559739&quot;:160,&quot;335559740&quot;:259}\">\u00a0<\/span><\/p>\n<p><span data-contrast=\"auto\">El Museo\u00a0del\u00a0F\u00fatbol\u00a0entrar\u00e1\u00a0en\u00a0contacto para confirmar\u00a0la\u00a0programaci\u00f3n\u00a0<\/span><span data-ccp-props=\"{&quot;201341983&quot;:0,&quot;335559739&quot;:160,&quot;335559740&quot;:259}\">\u00a0<\/span><\/p>\n<p><span data-contrast=\"auto\">Por\u00a0tel\u00e9fono: (11) 99113-0226 (Lunes\u00a0a\u00a0viernes,\u00a0de\u00a0las\u00a09:00 a\u00a0las\u00a012:00 horas)<\/span><span data-ccp-props=\"{&quot;201341983&quot;:0,&quot;335559739&quot;:160,&quot;335559740&quot;:259}\">\u00a0<\/span>[\/vc_column_text][\/vc_column][vc_column width=&#8221;1\/3&#8243;][vc_wp_custommenu nav_menu=&#8221;93&#8243;][\/vc_column][\/vc_row]<\/p>\n<\/div>","protected":false},"excerpt":{"rendered":"<p>[vc_row][vc_column width=&#8221;2\/3&#8243;][vc_column_text] Realizado en asociaci\u00f3n con el Grupo de Neurolog\u00eda Cognitiva y Conductual del Hospital de las Cl\u00ednicas de S\u00e3o Paulo, el proyecto Reviviendo Memorias, parte<span class=\"excerpt-hellip\"> [\u2026]<\/span><\/p>\n","protected":false},"author":13,"featured_media":2663,"parent":0,"menu_order":0,"comment_status":"closed","ping_status":"closed","template":"","meta":[],"acf":[],"yoast_head":"<!-- This site is optimized with the Yoast SEO plugin v20.8 - https:\/\/yoast.com\/wordpress\/plugins\/seo\/ -->\n<title>Reviviendo Memorias - Museu do Futebol<\/title>\n<meta name=\"robots\" content=\"index, follow, max-snippet:-1, max-image-preview:large, max-video-preview:-1\" \/>\n<link rel=\"canonical\" href=\"https:\/\/museudofutebol.org.br\/teste\/es\/reviviendo-memorias\/\" \/>\n<meta property=\"og:locale\" content=\"pt_BR\" \/>\n<meta property=\"og:type\" content=\"article\" \/>\n<meta property=\"og:title\" content=\"Reviviendo Memorias - Museu do Futebol\" \/>\n<meta property=\"og:description\" content=\"[vc_row][vc_column width=&#8221;2\/3&#8243;][vc_column_text] Realizado en asociaci\u00f3n con el Grupo de Neurolog\u00eda Cognitiva y Conductual del Hospital de las Cl\u00ednicas de S\u00e3o Paulo, el proyecto Reviviendo Memorias, parte [\u2026]\" \/>\n<meta property=\"og:url\" content=\"https:\/\/museudofutebol.org.br\/teste\/es\/reviviendo-memorias\/\" \/>\n<meta property=\"og:site_name\" content=\"Museu do Futebol\" \/>\n<meta property=\"article:publisher\" content=\"https:\/\/www.facebook.com\/museudofutebol\" \/>\n<meta property=\"article:modified_time\" content=\"2022-02-23T21:38:31+00:00\" \/>\n<meta property=\"og:image\" content=\"https:\/\/museudofutebol.org.br\/teste\/wp-content\/uploads\/2020\/09\/try-2.jpg\" \/>\n\t<meta property=\"og:image:width\" content=\"424\" \/>\n\t<meta property=\"og:image:height\" content=\"292\" \/>\n\t<meta property=\"og:image:type\" content=\"image\/jpeg\" \/>\n<meta name=\"twitter:card\" content=\"summary_large_image\" \/>\n<meta name=\"twitter:site\" content=\"@museudofutebol\" \/>\n<meta name=\"twitter:label1\" content=\"Est. tempo de leitura\" \/>\n\t<meta name=\"twitter:data1\" content=\"2 minutos\" \/>\n<script type=\"application\/ld+json\" class=\"yoast-schema-graph\">{\"@context\":\"https:\/\/schema.org\",\"@graph\":[{\"@type\":\"WebPage\",\"@id\":\"https:\/\/museudofutebol.org.br\/teste\/es\/reviviendo-memorias\/\",\"url\":\"https:\/\/museudofutebol.org.br\/teste\/es\/reviviendo-memorias\/\",\"name\":\"Reviviendo Memorias - Museu do Futebol\",\"isPartOf\":{\"@id\":\"https:\/\/museudofutebol.org.br\/teste\/#website\"},\"datePublished\":\"2020-12-07T18:55:14+00:00\",\"dateModified\":\"2022-02-23T21:38:31+00:00\",\"breadcrumb\":{\"@id\":\"https:\/\/museudofutebol.org.br\/teste\/es\/reviviendo-memorias\/#breadcrumb\"},\"inLanguage\":\"pt-BR\",\"potentialAction\":[{\"@type\":\"ReadAction\",\"target\":[\"https:\/\/museudofutebol.org.br\/teste\/es\/reviviendo-memorias\/\"]}]},{\"@type\":\"BreadcrumbList\",\"@id\":\"https:\/\/museudofutebol.org.br\/teste\/es\/reviviendo-memorias\/#breadcrumb\",\"itemListElement\":[{\"@type\":\"ListItem\",\"position\":1,\"name\":\"In\u00edcio\",\"item\":\"https:\/\/museudofutebol.org.br\/teste\/\"},{\"@type\":\"ListItem\",\"position\":2,\"name\":\"Reviviendo Memorias\"}]},{\"@type\":\"WebSite\",\"@id\":\"https:\/\/museudofutebol.org.br\/teste\/#website\",\"url\":\"https:\/\/museudofutebol.org.br\/teste\/\",\"name\":\"Museu do Futebol\",\"description\":\"\",\"potentialAction\":[{\"@type\":\"SearchAction\",\"target\":{\"@type\":\"EntryPoint\",\"urlTemplate\":\"https:\/\/museudofutebol.org.br\/teste\/?s={search_term_string}\"},\"query-input\":\"required name=search_term_string\"}],\"inLanguage\":\"pt-BR\"}]}<\/script>\n<!-- \/ Yoast SEO plugin. -->","yoast_head_json":{"title":"Reviviendo Memorias - Museu do Futebol","robots":{"index":"index","follow":"follow","max-snippet":"max-snippet:-1","max-image-preview":"max-image-preview:large","max-video-preview":"max-video-preview:-1"},"canonical":"https:\/\/museudofutebol.org.br\/teste\/es\/reviviendo-memorias\/","og_locale":"pt_BR","og_type":"article","og_title":"Reviviendo Memorias - Museu do Futebol","og_description":"[vc_row][vc_column width=&#8221;2\/3&#8243;][vc_column_text] Realizado en asociaci\u00f3n con el Grupo de Neurolog\u00eda Cognitiva y Conductual del Hospital de las Cl\u00ednicas de S\u00e3o Paulo, el proyecto Reviviendo Memorias, parte [\u2026]","og_url":"https:\/\/museudofutebol.org.br\/teste\/es\/reviviendo-memorias\/","og_site_name":"Museu do Futebol","article_publisher":"https:\/\/www.facebook.com\/museudofutebol","article_modified_time":"2022-02-23T21:38:31+00:00","og_image":[{"width":424,"height":292,"url":"https:\/\/museudofutebol.org.br\/teste\/wp-content\/uploads\/2020\/09\/try-2.jpg","type":"image\/jpeg"}],"twitter_card":"summary_large_image","twitter_site":"@museudofutebol","twitter_misc":{"Est. tempo de leitura":"2 minutos"},"schema":{"@context":"https:\/\/schema.org","@graph":[{"@type":"WebPage","@id":"https:\/\/museudofutebol.org.br\/teste\/es\/reviviendo-memorias\/","url":"https:\/\/museudofutebol.org.br\/teste\/es\/reviviendo-memorias\/","name":"Reviviendo Memorias - Museu do Futebol","isPartOf":{"@id":"https:\/\/museudofutebol.org.br\/teste\/#website"},"datePublished":"2020-12-07T18:55:14+00:00","dateModified":"2022-02-23T21:38:31+00:00","breadcrumb":{"@id":"https:\/\/museudofutebol.org.br\/teste\/es\/reviviendo-memorias\/#breadcrumb"},"inLanguage":"pt-BR","potentialAction":[{"@type":"ReadAction","target":["https:\/\/museudofutebol.org.br\/teste\/es\/reviviendo-memorias\/"]}]},{"@type":"BreadcrumbList","@id":"https:\/\/museudofutebol.org.br\/teste\/es\/reviviendo-memorias\/#breadcrumb","itemListElement":[{"@type":"ListItem","position":1,"name":"In\u00edcio","item":"https:\/\/museudofutebol.org.br\/teste\/"},{"@type":"ListItem","position":2,"name":"Reviviendo Memorias"}]},{"@type":"WebSite","@id":"https:\/\/museudofutebol.org.br\/teste\/#website","url":"https:\/\/museudofutebol.org.br\/teste\/","name":"Museu do Futebol","description":"","potentialAction":[{"@type":"SearchAction","target":{"@type":"EntryPoint","urlTemplate":"https:\/\/museudofutebol.org.br\/teste\/?s={search_term_string}"},"query-input":"required name=search_term_string"}],"inLanguage":"pt-BR"}]}},"_links":{"self":[{"href":"https:\/\/museudofutebol.org.br\/teste\/wp-json\/wp\/v2\/pages\/2072"}],"collection":[{"href":"https:\/\/museudofutebol.org.br\/teste\/wp-json\/wp\/v2\/pages"}],"about":[{"href":"https:\/\/museudofutebol.org.br\/teste\/wp-json\/wp\/v2\/types\/page"}],"author":[{"embeddable":true,"href":"https:\/\/museudofutebol.org.br\/teste\/wp-json\/wp\/v2\/users\/13"}],"replies":[{"embeddable":true,"href":"https:\/\/museudofutebol.org.br\/teste\/wp-json\/wp\/v2\/comments?post=2072"}],"version-history":[{"count":7,"href":"https:\/\/museudofutebol.org.br\/teste\/wp-json\/wp\/v2\/pages\/2072\/revisions"}],"predecessor-version":[{"id":5181,"href":"https:\/\/museudofutebol.org.br\/teste\/wp-json\/wp\/v2\/pages\/2072\/revisions\/5181"}],"wp:featuredmedia":[{"embeddable":true,"href":"https:\/\/museudofutebol.org.br\/teste\/wp-json\/wp\/v2\/media\/2663"}],"wp:attachment":[{"href":"https:\/\/museudofutebol.org.br\/teste\/wp-json\/wp\/v2\/media?parent=2072"}],"curies":[{"name":"wp","href":"https:\/\/api.w.org\/{rel}","templated":true}]}}