{"id":2076,"date":"2020-12-07T16:04:00","date_gmt":"2020-12-07T19:04:00","guid":{"rendered":"https:\/\/museudofutebol.org.br\/teste\/?page_id=2076"},"modified":"2022-08-29T18:29:38","modified_gmt":"2022-08-29T21:29:38","slug":"accesibilidad","status":"publish","type":"page","link":"https:\/\/museudofutebol.org.br\/teste\/es\/accesibilidad\/","title":{"rendered":"Accesibilidad"},"content":{"rendered":"<div class=\"wpb-content-wrapper\"><p>[vc_row][vc_column width=&#8221;2\/3&#8243;][vc_column_text]<img decoding=\"async\" loading=\"lazy\" class=\"alignnone wp-image-3221 size-full\" src=\"https:\/\/museudofutebol.org.br\/teste\/wp-content\/uploads\/2020\/09\/Avaliacao_AudioGuia_Ze_Vicente.jpg\" alt=\"Um homem anda sobre o piso podot\u00e1til de uma das salas do Museu do Futebol usando um bast\u00e3o para orientar o percurso.\" width=\"800\" height=\"531\" srcset=\"https:\/\/museudofutebol.org.br\/teste\/wp-content\/uploads\/2020\/09\/Avaliacao_AudioGuia_Ze_Vicente.jpg 800w, https:\/\/museudofutebol.org.br\/teste\/wp-content\/uploads\/2020\/09\/Avaliacao_AudioGuia_Ze_Vicente-300x199.jpg 300w, https:\/\/museudofutebol.org.br\/teste\/wp-content\/uploads\/2020\/09\/Avaliacao_AudioGuia_Ze_Vicente-768x510.jpg 768w, https:\/\/museudofutebol.org.br\/teste\/wp-content\/uploads\/2020\/09\/Avaliacao_AudioGuia_Ze_Vicente-220x146.jpg 220w, https:\/\/museudofutebol.org.br\/teste\/wp-content\/uploads\/2020\/09\/Avaliacao_AudioGuia_Ze_Vicente-50x33.jpg 50w, https:\/\/museudofutebol.org.br\/teste\/wp-content\/uploads\/2020\/09\/Avaliacao_AudioGuia_Ze_Vicente-113x75.jpg 113w\" sizes=\"(max-width:767px) 480px, (max-width:800px) 100vw, 800px\" \/><\/p>\n<p>Un hombre anda sobre el piso podot\u00e1ctil de una de las salas del Museo del F\u00fatbol usando un bast\u00f3n para orientar el recorrido. Somos el primer museo del Estado de S\u00e3o Paulo planeado para ser totalmente accesible. Para nosotros, ser accesible significa propiciar que el mayor n\u00famero de personas, independiente de sus condiciones f\u00edsicas, sociales e intelectuales, puedan vivir experiencias inolvidables durante su visita.<\/p>\n<p>Para eso, el Museo del F\u00fatbol ofrece diversos recursos f\u00edsicos y de comunicaci\u00f3n, adem\u00e1s de profesionales calificados para atender a los m\u00e1s diferentes p\u00fablicos: brasile\u00f1os y extranjeros; de diversos or\u00edgenes sociales; personas con deficiencia f\u00edsica, intelectual y movilidad reducida; ni\u00f1os, j\u00f3venes, adultos y de edad.<\/p>\n<p>El Museo busca el constante celo y adaptaci\u00f3n de su expograf\u00eda, contenidos, lenguajes y, principalmente, el servicio humanizado y atento a las diferencias.<\/p>\n<p>Navegue por el men\u00fa al lado para conocer las iniciativas del Programa de Accesibilidad del Museo del F\u00fatbol.<\/p>\n<h3>Pr\u00eamios recebidos<\/h3>\n<div>\n<p><strong>2009<\/strong>\u00a0\u00a0 Certificado 5 estrellas en Accesibilidad, concedido por la Secretar\u00eda Municipal de Persona con Deficiencia y Movilidad Reducida de S\u00e3o Paulo<\/p>\n<p><strong>2012\u00a0\u00a0<\/strong> Premio Darcy Ribeiro, concedido por el IBRAM, por el proyecto educativo Deficiente Residente<\/p>\n<p><strong>2013\u00a0\u00a0<\/strong> 3\u00ba lugar en el Premio Iberoamericano de Educaci\u00f3n en Museos, por el Proyecto Educativo Deficiente Residente<\/p>\n<p><strong>2022<\/strong>\u00a0 Gran Premio de lo Festival F@IMP 2021-2022, promovido por AVICOM-ICOM, para el documental <a href=\"https:\/\/www.youtube.com\/watch?v=wC0N04OGp10\">documental Reviviendo Mem\u00f3rias<\/a><\/p>\n<div><\/div>\n<\/div>\n<p>[\/vc_column_text][\/vc_column][vc_column width=&#8221;1\/3&#8243;][vc_wp_custommenu nav_menu=&#8221;93&#8243;][\/vc_column][\/vc_row]<\/p>\n<\/div>","protected":false},"excerpt":{"rendered":"<p>[vc_row][vc_column width=&#8221;2\/3&#8243;][vc_column_text] Un hombre anda sobre el piso podot\u00e1ctil de una de las salas del Museo del F\u00fatbol usando un bast\u00f3n para orientar el recorrido. Somos<span class=\"excerpt-hellip\"> [\u2026]<\/span><\/p>\n","protected":false},"author":13,"featured_media":0,"parent":0,"menu_order":0,"comment_status":"closed","ping_status":"closed","template":"","meta":[],"acf":[],"yoast_head":"<!-- This site is optimized with the Yoast SEO plugin v20.8 - https:\/\/yoast.com\/wordpress\/plugins\/seo\/ -->\n<title>Accesibilidad - Museu do Futebol<\/title>\n<meta name=\"robots\" content=\"index, follow, max-snippet:-1, max-image-preview:large, max-video-preview:-1\" \/>\n<link rel=\"canonical\" href=\"https:\/\/museudofutebol.org.br\/teste\/es\/accesibilidad\/\" \/>\n<meta property=\"og:locale\" content=\"pt_BR\" \/>\n<meta property=\"og:type\" content=\"article\" \/>\n<meta property=\"og:title\" content=\"Accesibilidad - Museu do Futebol\" \/>\n<meta property=\"og:description\" content=\"[vc_row][vc_column width=&#8221;2\/3&#8243;][vc_column_text] Un hombre anda sobre el piso podot\u00e1ctil de una de las salas del Museo del F\u00fatbol usando un bast\u00f3n para orientar el recorrido. Somos [\u2026]\" \/>\n<meta property=\"og:url\" content=\"https:\/\/museudofutebol.org.br\/teste\/es\/accesibilidad\/\" \/>\n<meta property=\"og:site_name\" content=\"Museu do Futebol\" \/>\n<meta property=\"article:publisher\" content=\"https:\/\/www.facebook.com\/museudofutebol\" \/>\n<meta property=\"article:modified_time\" content=\"2022-08-29T21:29:38+00:00\" \/>\n<meta property=\"og:image\" content=\"https:\/\/museudofutebol.org.br\/teste\/wp-content\/uploads\/2020\/09\/Avaliacao_AudioGuia_Ze_Vicente.jpg\" \/>\n<meta name=\"twitter:card\" content=\"summary_large_image\" \/>\n<meta name=\"twitter:site\" content=\"@museudofutebol\" \/>\n<meta name=\"twitter:label1\" content=\"Est. tempo de leitura\" \/>\n\t<meta name=\"twitter:data1\" content=\"1 minuto\" \/>\n<script type=\"application\/ld+json\" class=\"yoast-schema-graph\">{\"@context\":\"https:\/\/schema.org\",\"@graph\":[{\"@type\":\"WebPage\",\"@id\":\"https:\/\/museudofutebol.org.br\/teste\/es\/accesibilidad\/\",\"url\":\"https:\/\/museudofutebol.org.br\/teste\/es\/accesibilidad\/\",\"name\":\"Accesibilidad - Museu do Futebol\",\"isPartOf\":{\"@id\":\"https:\/\/museudofutebol.org.br\/teste\/#website\"},\"datePublished\":\"2020-12-07T19:04:00+00:00\",\"dateModified\":\"2022-08-29T21:29:38+00:00\",\"breadcrumb\":{\"@id\":\"https:\/\/museudofutebol.org.br\/teste\/es\/accesibilidad\/#breadcrumb\"},\"inLanguage\":\"pt-BR\",\"potentialAction\":[{\"@type\":\"ReadAction\",\"target\":[\"https:\/\/museudofutebol.org.br\/teste\/es\/accesibilidad\/\"]}]},{\"@type\":\"BreadcrumbList\",\"@id\":\"https:\/\/museudofutebol.org.br\/teste\/es\/accesibilidad\/#breadcrumb\",\"itemListElement\":[{\"@type\":\"ListItem\",\"position\":1,\"name\":\"In\u00edcio\",\"item\":\"https:\/\/museudofutebol.org.br\/teste\/\"},{\"@type\":\"ListItem\",\"position\":2,\"name\":\"Accesibilidad\"}]},{\"@type\":\"WebSite\",\"@id\":\"https:\/\/museudofutebol.org.br\/teste\/#website\",\"url\":\"https:\/\/museudofutebol.org.br\/teste\/\",\"name\":\"Museu do Futebol\",\"description\":\"\",\"potentialAction\":[{\"@type\":\"SearchAction\",\"target\":{\"@type\":\"EntryPoint\",\"urlTemplate\":\"https:\/\/museudofutebol.org.br\/teste\/?s={search_term_string}\"},\"query-input\":\"required name=search_term_string\"}],\"inLanguage\":\"pt-BR\"}]}<\/script>\n<!-- \/ Yoast SEO plugin. -->","yoast_head_json":{"title":"Accesibilidad - Museu do Futebol","robots":{"index":"index","follow":"follow","max-snippet":"max-snippet:-1","max-image-preview":"max-image-preview:large","max-video-preview":"max-video-preview:-1"},"canonical":"https:\/\/museudofutebol.org.br\/teste\/es\/accesibilidad\/","og_locale":"pt_BR","og_type":"article","og_title":"Accesibilidad - Museu do Futebol","og_description":"[vc_row][vc_column width=&#8221;2\/3&#8243;][vc_column_text] Un hombre anda sobre el piso podot\u00e1ctil de una de las salas del Museo del F\u00fatbol usando un bast\u00f3n para orientar el recorrido. Somos [\u2026]","og_url":"https:\/\/museudofutebol.org.br\/teste\/es\/accesibilidad\/","og_site_name":"Museu do Futebol","article_publisher":"https:\/\/www.facebook.com\/museudofutebol","article_modified_time":"2022-08-29T21:29:38+00:00","og_image":[{"url":"https:\/\/museudofutebol.org.br\/teste\/wp-content\/uploads\/2020\/09\/Avaliacao_AudioGuia_Ze_Vicente.jpg"}],"twitter_card":"summary_large_image","twitter_site":"@museudofutebol","twitter_misc":{"Est. tempo de leitura":"1 minuto"},"schema":{"@context":"https:\/\/schema.org","@graph":[{"@type":"WebPage","@id":"https:\/\/museudofutebol.org.br\/teste\/es\/accesibilidad\/","url":"https:\/\/museudofutebol.org.br\/teste\/es\/accesibilidad\/","name":"Accesibilidad - Museu do Futebol","isPartOf":{"@id":"https:\/\/museudofutebol.org.br\/teste\/#website"},"datePublished":"2020-12-07T19:04:00+00:00","dateModified":"2022-08-29T21:29:38+00:00","breadcrumb":{"@id":"https:\/\/museudofutebol.org.br\/teste\/es\/accesibilidad\/#breadcrumb"},"inLanguage":"pt-BR","potentialAction":[{"@type":"ReadAction","target":["https:\/\/museudofutebol.org.br\/teste\/es\/accesibilidad\/"]}]},{"@type":"BreadcrumbList","@id":"https:\/\/museudofutebol.org.br\/teste\/es\/accesibilidad\/#breadcrumb","itemListElement":[{"@type":"ListItem","position":1,"name":"In\u00edcio","item":"https:\/\/museudofutebol.org.br\/teste\/"},{"@type":"ListItem","position":2,"name":"Accesibilidad"}]},{"@type":"WebSite","@id":"https:\/\/museudofutebol.org.br\/teste\/#website","url":"https:\/\/museudofutebol.org.br\/teste\/","name":"Museu do Futebol","description":"","potentialAction":[{"@type":"SearchAction","target":{"@type":"EntryPoint","urlTemplate":"https:\/\/museudofutebol.org.br\/teste\/?s={search_term_string}"},"query-input":"required name=search_term_string"}],"inLanguage":"pt-BR"}]}},"_links":{"self":[{"href":"https:\/\/museudofutebol.org.br\/teste\/wp-json\/wp\/v2\/pages\/2076"}],"collection":[{"href":"https:\/\/museudofutebol.org.br\/teste\/wp-json\/wp\/v2\/pages"}],"about":[{"href":"https:\/\/museudofutebol.org.br\/teste\/wp-json\/wp\/v2\/types\/page"}],"author":[{"embeddable":true,"href":"https:\/\/museudofutebol.org.br\/teste\/wp-json\/wp\/v2\/users\/13"}],"replies":[{"embeddable":true,"href":"https:\/\/museudofutebol.org.br\/teste\/wp-json\/wp\/v2\/comments?post=2076"}],"version-history":[{"count":3,"href":"https:\/\/museudofutebol.org.br\/teste\/wp-json\/wp\/v2\/pages\/2076\/revisions"}],"predecessor-version":[{"id":6968,"href":"https:\/\/museudofutebol.org.br\/teste\/wp-json\/wp\/v2\/pages\/2076\/revisions\/6968"}],"wp:attachment":[{"href":"https:\/\/museudofutebol.org.br\/teste\/wp-json\/wp\/v2\/media?parent=2076"}],"curies":[{"name":"wp","href":"https:\/\/api.w.org\/{rel}","templated":true}]}}