{"id":2081,"date":"2020-12-07T16:26:17","date_gmt":"2020-12-07T19:26:17","guid":{"rendered":"https:\/\/museudofutebol.org.br\/teste\/?page_id=2081"},"modified":"2023-03-08T14:39:47","modified_gmt":"2023-03-08T17:39:47","slug":"visitas-educativas","status":"publish","type":"page","link":"https:\/\/museudofutebol.org.br\/teste\/es\/visitas-educativas\/","title":{"rendered":"Visitas educativas"},"content":{"rendered":"<div class=\"wpb-content-wrapper\"><p>[vc_row][vc_column width=&#8221;2\/3&#8243;][vc_column_text]<strong><img decoding=\"async\" loading=\"lazy\" class=\"alignnone wp-image-3109 size-large\" src=\"https:\/\/museudofutebol.org.br\/teste\/wp-content\/uploads\/2020\/09\/Educativo_Jos\u00e9-Mota-1024x575.jpeg\" alt=\"Crian\u00e7as sentadas numa sala cercada por v\u00e1rias fotos antigas com molduras de madeira. Uma educadora com colete vermelho aponta uma das fotos e explica algo para o grupo.\" width=\"1024\" height=\"575\" srcset=\"https:\/\/museudofutebol.org.br\/teste\/wp-content\/uploads\/2020\/09\/Educativo_Jos\u00e9-Mota-1024x575.jpeg 1024w, https:\/\/museudofutebol.org.br\/teste\/wp-content\/uploads\/2020\/09\/Educativo_Jos\u00e9-Mota-300x169.jpeg 300w, https:\/\/museudofutebol.org.br\/teste\/wp-content\/uploads\/2020\/09\/Educativo_Jos\u00e9-Mota-768x431.jpeg 768w, https:\/\/museudofutebol.org.br\/teste\/wp-content\/uploads\/2020\/09\/Educativo_Jos\u00e9-Mota-260x146.jpeg 260w, https:\/\/museudofutebol.org.br\/teste\/wp-content\/uploads\/2020\/09\/Educativo_Jos\u00e9-Mota-50x28.jpeg 50w, https:\/\/museudofutebol.org.br\/teste\/wp-content\/uploads\/2020\/09\/Educativo_Jos\u00e9-Mota-134x75.jpeg 134w, https:\/\/museudofutebol.org.br\/teste\/wp-content\/uploads\/2020\/09\/Educativo_Jos\u00e9-Mota-1200x675.jpeg 1200w, https:\/\/museudofutebol.org.br\/teste\/wp-content\/uploads\/2020\/09\/Educativo_Jos\u00e9-Mota.jpeg 1280w\" sizes=\"(max-width:767px) 480px, (max-width:1024px) 100vw, 1024px\" \/><br \/>\n<\/strong><\/p>\n<p id=\"tw-target-text\" class=\"tw-data-text tw-text-large tw-ta\" dir=\"ltr\" data-placeholder=\"Translation\"><span class=\"Y2IQFc\" lang=\"es\">El Programa Educativo consiste en visitas marcadas con grupos escolares y instituciones, de martes a viernes, y visitas espont\u00e1neas con p\u00fablico los s\u00e1bados y domingos. <\/span><\/p>\n<p class=\"tw-data-text tw-text-large tw-ta\" dir=\"ltr\" data-placeholder=\"Translation\"><strong><span class=\"Y2IQFc\" lang=\"es\">VISITAS EDUCATIVAS PARA COLEGIOS Y ENTIDADES <\/span><\/strong><\/p>\n<p class=\"tw-data-text tw-text-large tw-ta\" dir=\"ltr\" data-placeholder=\"Translation\"><span class=\"Y2IQFc\" lang=\"es\">El Equipo Educativo prepara una visita especial para atender las demandas espec\u00edficas de grupos escolares o entidades sociales. <strong>La cita previa es obligatoria<\/strong>. Recomendamos a los grupos escolares el <strong>uso de mascarilla<\/strong>.<br \/>\nRevisa los detalles: <\/span><\/p>\n<p class=\"tw-data-text tw-text-large tw-ta\" dir=\"ltr\" data-placeholder=\"Translation\"><span class=\"Y2IQFc\" lang=\"es\"><strong>Horarios<\/strong>:<br \/>\nDe martes a viernes:<br \/>\n10:00 \u2013 Grupos hasta 40 personas<br \/>\n12:00 \u2013 Grupos hasta 40 personas<br \/>\n14:00 \u2013 Grupos hasta 40 personas<br \/>\n<\/span><\/p>\n<p dir=\"ltr\" data-placeholder=\"Translation\"><em>*El n\u00famero m\u00ednimo de personas por grupo es de 10.<\/em><\/p>\n<p class=\"tw-data-text tw-text-large tw-ta\" dir=\"ltr\" data-placeholder=\"Translation\"><a href=\"https:\/\/museudofutebol.org.br\/teste\/agendamento-de-visitas\/\"><span class=\"Y2IQFc\" lang=\"es\">Accede al formulario de citas. <\/span><\/a><\/p>\n<p class=\"tw-data-text tw-text-large tw-ta\" dir=\"ltr\" data-placeholder=\"Translation\"><strong><span class=\"Y2IQFc\" lang=\"es\">VISITAS PARA GRUPOS ESPONT\u00c1NEOS <\/span><\/strong><\/p>\n<p class=\"tw-data-text tw-text-large tw-ta\" dir=\"ltr\" data-placeholder=\"Translation\"><span class=\"Y2IQFc\" lang=\"es\">Estas visitas se realizan los fines de semana, acompa\u00f1ados por nuestro equipo de educadores. Cada educador atiende hasta 15 personas, en orden de llegada. El punto de encuentro es la &#8220;Sala Grande \u00c1rea&#8221;, a la entrada del Museo. <\/span><\/p>\n<p class=\"tw-data-text tw-text-large tw-ta\" dir=\"ltr\" data-placeholder=\"Translation\"><span class=\"Y2IQFc\" lang=\"es\"><strong>Horarios<\/strong>: S\u00e1bados y domingos, a las 11 y a las 14 horas. No se requiere cita previa. Los grupos se formar\u00e1n por orden de llegada.<\/span><\/p>\n<p><strong>\u00a0<\/strong>[\/vc_column_text][\/vc_column][vc_column width=&#8221;1\/3&#8243;][vc_wp_custommenu nav_menu=&#8221;92&#8243;][\/vc_column][\/vc_row]<\/p>\n<\/div>","protected":false},"excerpt":{"rendered":"<p>[vc_row][vc_column width=&#8221;2\/3&#8243;][vc_column_text] El Programa Educativo consiste en visitas marcadas con grupos escolares y instituciones, de martes a viernes, y visitas espont\u00e1neas con p\u00fablico los s\u00e1bados y<span class=\"excerpt-hellip\"> [\u2026]<\/span><\/p>\n","protected":false},"author":13,"featured_media":0,"parent":0,"menu_order":0,"comment_status":"closed","ping_status":"closed","template":"","meta":[],"acf":[],"yoast_head":"<!-- This site is optimized with the Yoast SEO plugin v20.8 - https:\/\/yoast.com\/wordpress\/plugins\/seo\/ -->\n<title>Visitas educativas - Museu do Futebol<\/title>\n<meta name=\"robots\" content=\"index, follow, max-snippet:-1, max-image-preview:large, max-video-preview:-1\" \/>\n<link rel=\"canonical\" href=\"https:\/\/museudofutebol.org.br\/teste\/es\/visitas-educativas\/\" \/>\n<meta property=\"og:locale\" content=\"pt_BR\" \/>\n<meta property=\"og:type\" content=\"article\" \/>\n<meta property=\"og:title\" content=\"Visitas educativas - Museu do Futebol\" \/>\n<meta property=\"og:description\" content=\"[vc_row][vc_column width=&#8221;2\/3&#8243;][vc_column_text] El Programa Educativo consiste en visitas marcadas con grupos escolares y instituciones, de martes a viernes, y visitas espont\u00e1neas con p\u00fablico los s\u00e1bados y [\u2026]\" \/>\n<meta property=\"og:url\" content=\"https:\/\/museudofutebol.org.br\/teste\/es\/visitas-educativas\/\" \/>\n<meta property=\"og:site_name\" content=\"Museu do Futebol\" \/>\n<meta property=\"article:publisher\" content=\"https:\/\/www.facebook.com\/museudofutebol\" \/>\n<meta property=\"article:modified_time\" content=\"2023-03-08T17:39:47+00:00\" \/>\n<meta name=\"twitter:card\" content=\"summary_large_image\" \/>\n<meta name=\"twitter:site\" content=\"@museudofutebol\" \/>\n<meta name=\"twitter:label1\" content=\"Est. tempo de leitura\" \/>\n\t<meta name=\"twitter:data1\" content=\"2 minutos\" \/>\n<script type=\"application\/ld+json\" class=\"yoast-schema-graph\">{\"@context\":\"https:\/\/schema.org\",\"@graph\":[{\"@type\":\"WebPage\",\"@id\":\"https:\/\/museudofutebol.org.br\/teste\/es\/visitas-educativas\/\",\"url\":\"https:\/\/museudofutebol.org.br\/teste\/es\/visitas-educativas\/\",\"name\":\"Visitas educativas - Museu do Futebol\",\"isPartOf\":{\"@id\":\"https:\/\/museudofutebol.org.br\/teste\/#website\"},\"datePublished\":\"2020-12-07T19:26:17+00:00\",\"dateModified\":\"2023-03-08T17:39:47+00:00\",\"breadcrumb\":{\"@id\":\"https:\/\/museudofutebol.org.br\/teste\/es\/visitas-educativas\/#breadcrumb\"},\"inLanguage\":\"pt-BR\",\"potentialAction\":[{\"@type\":\"ReadAction\",\"target\":[\"https:\/\/museudofutebol.org.br\/teste\/es\/visitas-educativas\/\"]}]},{\"@type\":\"BreadcrumbList\",\"@id\":\"https:\/\/museudofutebol.org.br\/teste\/es\/visitas-educativas\/#breadcrumb\",\"itemListElement\":[{\"@type\":\"ListItem\",\"position\":1,\"name\":\"In\u00edcio\",\"item\":\"https:\/\/museudofutebol.org.br\/teste\/\"},{\"@type\":\"ListItem\",\"position\":2,\"name\":\"Visitas educativas\"}]},{\"@type\":\"WebSite\",\"@id\":\"https:\/\/museudofutebol.org.br\/teste\/#website\",\"url\":\"https:\/\/museudofutebol.org.br\/teste\/\",\"name\":\"Museu do Futebol\",\"description\":\"\",\"potentialAction\":[{\"@type\":\"SearchAction\",\"target\":{\"@type\":\"EntryPoint\",\"urlTemplate\":\"https:\/\/museudofutebol.org.br\/teste\/?s={search_term_string}\"},\"query-input\":\"required name=search_term_string\"}],\"inLanguage\":\"pt-BR\"}]}<\/script>\n<!-- \/ Yoast SEO plugin. -->","yoast_head_json":{"title":"Visitas educativas - Museu do Futebol","robots":{"index":"index","follow":"follow","max-snippet":"max-snippet:-1","max-image-preview":"max-image-preview:large","max-video-preview":"max-video-preview:-1"},"canonical":"https:\/\/museudofutebol.org.br\/teste\/es\/visitas-educativas\/","og_locale":"pt_BR","og_type":"article","og_title":"Visitas educativas - Museu do Futebol","og_description":"[vc_row][vc_column width=&#8221;2\/3&#8243;][vc_column_text] El Programa Educativo consiste en visitas marcadas con grupos escolares y instituciones, de martes a viernes, y visitas espont\u00e1neas con p\u00fablico los s\u00e1bados y [\u2026]","og_url":"https:\/\/museudofutebol.org.br\/teste\/es\/visitas-educativas\/","og_site_name":"Museu do Futebol","article_publisher":"https:\/\/www.facebook.com\/museudofutebol","article_modified_time":"2023-03-08T17:39:47+00:00","twitter_card":"summary_large_image","twitter_site":"@museudofutebol","twitter_misc":{"Est. tempo de leitura":"2 minutos"},"schema":{"@context":"https:\/\/schema.org","@graph":[{"@type":"WebPage","@id":"https:\/\/museudofutebol.org.br\/teste\/es\/visitas-educativas\/","url":"https:\/\/museudofutebol.org.br\/teste\/es\/visitas-educativas\/","name":"Visitas educativas - Museu do Futebol","isPartOf":{"@id":"https:\/\/museudofutebol.org.br\/teste\/#website"},"datePublished":"2020-12-07T19:26:17+00:00","dateModified":"2023-03-08T17:39:47+00:00","breadcrumb":{"@id":"https:\/\/museudofutebol.org.br\/teste\/es\/visitas-educativas\/#breadcrumb"},"inLanguage":"pt-BR","potentialAction":[{"@type":"ReadAction","target":["https:\/\/museudofutebol.org.br\/teste\/es\/visitas-educativas\/"]}]},{"@type":"BreadcrumbList","@id":"https:\/\/museudofutebol.org.br\/teste\/es\/visitas-educativas\/#breadcrumb","itemListElement":[{"@type":"ListItem","position":1,"name":"In\u00edcio","item":"https:\/\/museudofutebol.org.br\/teste\/"},{"@type":"ListItem","position":2,"name":"Visitas educativas"}]},{"@type":"WebSite","@id":"https:\/\/museudofutebol.org.br\/teste\/#website","url":"https:\/\/museudofutebol.org.br\/teste\/","name":"Museu do Futebol","description":"","potentialAction":[{"@type":"SearchAction","target":{"@type":"EntryPoint","urlTemplate":"https:\/\/museudofutebol.org.br\/teste\/?s={search_term_string}"},"query-input":"required name=search_term_string"}],"inLanguage":"pt-BR"}]}},"_links":{"self":[{"href":"https:\/\/museudofutebol.org.br\/teste\/wp-json\/wp\/v2\/pages\/2081"}],"collection":[{"href":"https:\/\/museudofutebol.org.br\/teste\/wp-json\/wp\/v2\/pages"}],"about":[{"href":"https:\/\/museudofutebol.org.br\/teste\/wp-json\/wp\/v2\/types\/page"}],"author":[{"embeddable":true,"href":"https:\/\/museudofutebol.org.br\/teste\/wp-json\/wp\/v2\/users\/13"}],"replies":[{"embeddable":true,"href":"https:\/\/museudofutebol.org.br\/teste\/wp-json\/wp\/v2\/comments?post=2081"}],"version-history":[{"count":9,"href":"https:\/\/museudofutebol.org.br\/teste\/wp-json\/wp\/v2\/pages\/2081\/revisions"}],"predecessor-version":[{"id":8556,"href":"https:\/\/museudofutebol.org.br\/teste\/wp-json\/wp\/v2\/pages\/2081\/revisions\/8556"}],"wp:attachment":[{"href":"https:\/\/museudofutebol.org.br\/teste\/wp-json\/wp\/v2\/media?parent=2081"}],"curies":[{"name":"wp","href":"https:\/\/api.w.org\/{rel}","templated":true}]}}