{"id":2085,"date":"2020-12-07T16:41:58","date_gmt":"2020-12-07T19:41:58","guid":{"rendered":"https:\/\/museudofutebol.org.br\/teste\/?page_id=2085"},"modified":"2022-04-18T17:55:25","modified_gmt":"2022-04-18T20:55:25","slug":"educational-program","status":"publish","type":"page","link":"https:\/\/museudofutebol.org.br\/teste\/en\/educational-program\/","title":{"rendered":"Educational Program"},"content":{"rendered":"<div class=\"wpb-content-wrapper\"><p>[vc_row][vc_column width=&#8221;2\/3&#8243;][vc_column_text]<img decoding=\"async\" loading=\"lazy\" class=\"alignnone wp-image-3106 size-large\" src=\"https:\/\/museudofutebol.org.br\/teste\/wp-content\/uploads\/2020\/09\/Educativo_Jos\u00e9-Mota2-1024x575.jpeg\" alt=\"Grupo de crian\u00e7as sentada no ch\u00e3o de uma sala cheia de fotos em preto e branco. Elas escutam um rapaz de colete vermelho, educador do museu, que tamb\u00e9m est\u00e1 sentado no ch\u00e3o. \" width=\"1024\" height=\"575\" srcset=\"https:\/\/museudofutebol.org.br\/teste\/wp-content\/uploads\/2020\/09\/Educativo_Jos\u00e9-Mota2-1024x575.jpeg 1024w, https:\/\/museudofutebol.org.br\/teste\/wp-content\/uploads\/2020\/09\/Educativo_Jos\u00e9-Mota2-300x169.jpeg 300w, https:\/\/museudofutebol.org.br\/teste\/wp-content\/uploads\/2020\/09\/Educativo_Jos\u00e9-Mota2-768x431.jpeg 768w, https:\/\/museudofutebol.org.br\/teste\/wp-content\/uploads\/2020\/09\/Educativo_Jos\u00e9-Mota2-260x146.jpeg 260w, https:\/\/museudofutebol.org.br\/teste\/wp-content\/uploads\/2020\/09\/Educativo_Jos\u00e9-Mota2-50x28.jpeg 50w, https:\/\/museudofutebol.org.br\/teste\/wp-content\/uploads\/2020\/09\/Educativo_Jos\u00e9-Mota2-134x75.jpeg 134w, https:\/\/museudofutebol.org.br\/teste\/wp-content\/uploads\/2020\/09\/Educativo_Jos\u00e9-Mota2-1200x675.jpeg 1200w, https:\/\/museudofutebol.org.br\/teste\/wp-content\/uploads\/2020\/09\/Educativo_Jos\u00e9-Mota2.jpeg 1280w\" sizes=\"(max-width:767px) 480px, (max-width:1024px) 100vw, 1024px\" \/><\/p>\n<p>Group of children sitting on the floor of a room filled with black and white pictures. They listen to a young man in a red vest, museum educator, who is also sitting on the floor.<\/p>\n<p>The purpose of the Educational Program of the Football Museum is to welcome and educate visitors, contribute to the development of knowledge, spark sensibilities, and enable the inclusion of all audiences.<\/p>\n<p>The team counts on professionals from multidisciplinary backgrounds who are responsible for crating and developing recreational-pedagogical resources to allow establishing a dialog with the audience and mediation with the collection of the Football Museum. The activities propose reflections and spark curiosity, in order to crate an unique and pleasant experience for the visitors.<\/p>\n<p>The Center is also responsible for functional awareness measures and social inclusion projects.<\/p>\n<h4><strong>Educational visits<\/strong><\/h4>\n<p>The Educational Program consists of scheduled visits with school and institution groups, from Tuesday to Friday, and spontaneous visits with public on Saturdays and Sundays.<\/p>\n<h4><strong>Educational Content<\/strong><\/h4>\n<p>One of the works of the Educational Center includes the development of exclusive games for both the Football Museum and Internet. We have a website with most of this material. To access, <a href=\"http:\/\/www.museudofutebol.org.br\/teste\/educativo\">click here<\/a> (in portuguese).<\/p>\n<div>\n<p>&nbsp;<\/p>\n<\/div>\n<div>\n<h4><strong>\u00a0<\/strong><\/h4>\n<\/div>\n<div id=\"gtx-trans\" style=\"position: absolute; left: 515px; top: 882.25px;\">\n<div class=\"gtx-trans-icon\"><\/div>\n<\/div>\n<p>[\/vc_column_text][\/vc_column][vc_column width=&#8221;1\/3&#8243;][vc_wp_custommenu nav_menu=&#8221;91&#8243;][\/vc_column][\/vc_row]<\/p>\n<\/div>","protected":false},"excerpt":{"rendered":"<p>[vc_row][vc_column width=&#8221;2\/3&#8243;][vc_column_text] Group of children sitting on the floor of a room filled with black and white pictures. They listen to a young man in a<span class=\"excerpt-hellip\"> [\u2026]<\/span><\/p>\n","protected":false},"author":13,"featured_media":0,"parent":0,"menu_order":0,"comment_status":"closed","ping_status":"closed","template":"","meta":[],"acf":[],"yoast_head":"<!-- This site is optimized with the Yoast SEO plugin v20.8 - https:\/\/yoast.com\/wordpress\/plugins\/seo\/ -->\n<title>Educational Program - Museu do Futebol<\/title>\n<meta name=\"robots\" content=\"index, follow, max-snippet:-1, max-image-preview:large, max-video-preview:-1\" \/>\n<link rel=\"canonical\" href=\"https:\/\/museudofutebol.org.br\/teste\/en\/educational-program\/\" \/>\n<meta property=\"og:locale\" content=\"pt_BR\" \/>\n<meta property=\"og:type\" content=\"article\" \/>\n<meta property=\"og:title\" content=\"Educational Program - Museu do Futebol\" \/>\n<meta property=\"og:description\" content=\"[vc_row][vc_column width=&#8221;2\/3&#8243;][vc_column_text] Group of children sitting on the floor of a room filled with black and white pictures. They listen to a young man in a [\u2026]\" \/>\n<meta property=\"og:url\" content=\"https:\/\/museudofutebol.org.br\/teste\/en\/educational-program\/\" \/>\n<meta property=\"og:site_name\" content=\"Museu do Futebol\" \/>\n<meta property=\"article:publisher\" content=\"https:\/\/www.facebook.com\/museudofutebol\" \/>\n<meta property=\"article:modified_time\" content=\"2022-04-18T20:55:25+00:00\" \/>\n<meta name=\"twitter:card\" content=\"summary_large_image\" \/>\n<meta name=\"twitter:site\" content=\"@museudofutebol\" \/>\n<meta name=\"twitter:label1\" content=\"Est. tempo de leitura\" \/>\n\t<meta name=\"twitter:data1\" content=\"2 minutos\" \/>\n<script type=\"application\/ld+json\" class=\"yoast-schema-graph\">{\"@context\":\"https:\/\/schema.org\",\"@graph\":[{\"@type\":\"WebPage\",\"@id\":\"https:\/\/museudofutebol.org.br\/teste\/en\/educational-program\/\",\"url\":\"https:\/\/museudofutebol.org.br\/teste\/en\/educational-program\/\",\"name\":\"Educational Program - Museu do Futebol\",\"isPartOf\":{\"@id\":\"https:\/\/museudofutebol.org.br\/teste\/#website\"},\"datePublished\":\"2020-12-07T19:41:58+00:00\",\"dateModified\":\"2022-04-18T20:55:25+00:00\",\"breadcrumb\":{\"@id\":\"https:\/\/museudofutebol.org.br\/teste\/en\/educational-program\/#breadcrumb\"},\"inLanguage\":\"pt-BR\",\"potentialAction\":[{\"@type\":\"ReadAction\",\"target\":[\"https:\/\/museudofutebol.org.br\/teste\/en\/educational-program\/\"]}]},{\"@type\":\"BreadcrumbList\",\"@id\":\"https:\/\/museudofutebol.org.br\/teste\/en\/educational-program\/#breadcrumb\",\"itemListElement\":[{\"@type\":\"ListItem\",\"position\":1,\"name\":\"In\u00edcio\",\"item\":\"https:\/\/museudofutebol.org.br\/teste\/\"},{\"@type\":\"ListItem\",\"position\":2,\"name\":\"Educational Program\"}]},{\"@type\":\"WebSite\",\"@id\":\"https:\/\/museudofutebol.org.br\/teste\/#website\",\"url\":\"https:\/\/museudofutebol.org.br\/teste\/\",\"name\":\"Museu do Futebol\",\"description\":\"\",\"potentialAction\":[{\"@type\":\"SearchAction\",\"target\":{\"@type\":\"EntryPoint\",\"urlTemplate\":\"https:\/\/museudofutebol.org.br\/teste\/?s={search_term_string}\"},\"query-input\":\"required name=search_term_string\"}],\"inLanguage\":\"pt-BR\"}]}<\/script>\n<!-- \/ Yoast SEO plugin. -->","yoast_head_json":{"title":"Educational Program - Museu do Futebol","robots":{"index":"index","follow":"follow","max-snippet":"max-snippet:-1","max-image-preview":"max-image-preview:large","max-video-preview":"max-video-preview:-1"},"canonical":"https:\/\/museudofutebol.org.br\/teste\/en\/educational-program\/","og_locale":"pt_BR","og_type":"article","og_title":"Educational Program - Museu do Futebol","og_description":"[vc_row][vc_column width=&#8221;2\/3&#8243;][vc_column_text] Group of children sitting on the floor of a room filled with black and white pictures. They listen to a young man in a [\u2026]","og_url":"https:\/\/museudofutebol.org.br\/teste\/en\/educational-program\/","og_site_name":"Museu do Futebol","article_publisher":"https:\/\/www.facebook.com\/museudofutebol","article_modified_time":"2022-04-18T20:55:25+00:00","twitter_card":"summary_large_image","twitter_site":"@museudofutebol","twitter_misc":{"Est. tempo de leitura":"2 minutos"},"schema":{"@context":"https:\/\/schema.org","@graph":[{"@type":"WebPage","@id":"https:\/\/museudofutebol.org.br\/teste\/en\/educational-program\/","url":"https:\/\/museudofutebol.org.br\/teste\/en\/educational-program\/","name":"Educational Program - Museu do Futebol","isPartOf":{"@id":"https:\/\/museudofutebol.org.br\/teste\/#website"},"datePublished":"2020-12-07T19:41:58+00:00","dateModified":"2022-04-18T20:55:25+00:00","breadcrumb":{"@id":"https:\/\/museudofutebol.org.br\/teste\/en\/educational-program\/#breadcrumb"},"inLanguage":"pt-BR","potentialAction":[{"@type":"ReadAction","target":["https:\/\/museudofutebol.org.br\/teste\/en\/educational-program\/"]}]},{"@type":"BreadcrumbList","@id":"https:\/\/museudofutebol.org.br\/teste\/en\/educational-program\/#breadcrumb","itemListElement":[{"@type":"ListItem","position":1,"name":"In\u00edcio","item":"https:\/\/museudofutebol.org.br\/teste\/"},{"@type":"ListItem","position":2,"name":"Educational Program"}]},{"@type":"WebSite","@id":"https:\/\/museudofutebol.org.br\/teste\/#website","url":"https:\/\/museudofutebol.org.br\/teste\/","name":"Museu do Futebol","description":"","potentialAction":[{"@type":"SearchAction","target":{"@type":"EntryPoint","urlTemplate":"https:\/\/museudofutebol.org.br\/teste\/?s={search_term_string}"},"query-input":"required name=search_term_string"}],"inLanguage":"pt-BR"}]}},"_links":{"self":[{"href":"https:\/\/museudofutebol.org.br\/teste\/wp-json\/wp\/v2\/pages\/2085"}],"collection":[{"href":"https:\/\/museudofutebol.org.br\/teste\/wp-json\/wp\/v2\/pages"}],"about":[{"href":"https:\/\/museudofutebol.org.br\/teste\/wp-json\/wp\/v2\/types\/page"}],"author":[{"embeddable":true,"href":"https:\/\/museudofutebol.org.br\/teste\/wp-json\/wp\/v2\/users\/13"}],"replies":[{"embeddable":true,"href":"https:\/\/museudofutebol.org.br\/teste\/wp-json\/wp\/v2\/comments?post=2085"}],"version-history":[{"count":4,"href":"https:\/\/museudofutebol.org.br\/teste\/wp-json\/wp\/v2\/pages\/2085\/revisions"}],"predecessor-version":[{"id":5736,"href":"https:\/\/museudofutebol.org.br\/teste\/wp-json\/wp\/v2\/pages\/2085\/revisions\/5736"}],"wp:attachment":[{"href":"https:\/\/museudofutebol.org.br\/teste\/wp-json\/wp\/v2\/media?parent=2085"}],"curies":[{"name":"wp","href":"https:\/\/api.w.org\/{rel}","templated":true}]}}