{"id":2131,"date":"2020-12-11T15:40:25","date_gmt":"2020-12-11T18:40:25","guid":{"rendered":"https:\/\/museudofutebol.org.br\/teste\/?page_id=2131"},"modified":"2024-07-26T13:12:12","modified_gmt":"2024-07-26T16:12:12","slug":"opening-hours-and-tickets","status":"publish","type":"page","link":"https:\/\/museudofutebol.org.br\/teste\/en\/opening-hours-and-tickets\/","title":{"rendered":"Opening hours and Tickets"},"content":{"rendered":"<div class=\"wpb-content-wrapper\"><p>[vc_row][vc_column width=&#8221;2\/3&#8243;][vc_column_text][\/vc_column_text][vc_single_image image=&#8221;2976&#8243; img_size=&#8221;full&#8221;][\/vc_column][vc_column width=&#8221;1\/3&#8243;][\/vc_column][\/vc_row][vc_row][vc_column width=&#8221;2\/3&#8243;][vc_toggle title=&#8221;Opening hours&#8221; style=&#8221;simple&#8221; color=&#8221;black&#8221; size=&#8221;lg&#8221; custom_font_container=&#8221;tag:h3|text_align:left&#8221; custom_use_theme_fonts=&#8221;yes&#8221; use_custom_heading=&#8221;true&#8221;]<\/p>\n<p style=\"text-align: left;\">We open from Tuesday to Sunday, from 9:00 AM to 6:00 PM<br \/>\n(entry until 5:00 PM).<\/p>\n<p style=\"text-align: left;\"><strong>Night visit<\/strong><br \/>\nEvery first Tuesday of the month, from 9:00 AM to 9:00 PM<br \/>\n(entry until 8:00 PM)<\/p>\n<p style=\"text-align: left;\"><strong>Closed on Mondays.<\/strong><\/p>\n<p style=\"text-align: left;\"><strong>Municipal elections<\/strong><br \/>\nThe Museum will be closed on October 6, 2024, the first round of municipal elections in Brazil. If there is a second shift in the city of S\u00e3o Paulo, we will also close on October 27th.<\/p>\n<p style=\"text-align: left;\"><strong>Christmas and New Year&#8217;s Eve<\/strong><br \/>\nWe closed on December 24th, 25th, 30rd and January 1st.<br \/>\nClosed also on Mondays, as usual.<\/p>\n<p style=\"text-align: left;\">\n<p>[\/vc_toggle][vc_toggle title=&#8221;Tickets&#8221; style=&#8221;simple&#8221; color=&#8221;black&#8221; size=&#8221;lg&#8221; custom_font_container=&#8221;tag:h3|text_align:left&#8221; custom_use_theme_fonts=&#8221;yes&#8221; use_custom_heading=&#8221;true&#8221;]Tickets avaiable at our box office.<\/p>\n<p>Full Price\u00a0 \u00a0 \u00a0 R$ 24,00<br \/>\nStudents\u00a0 \u00a0 \u00a0 R$ 12,00<br \/>\nFree for children under 7 years old.<br \/>\nFree for all on Tuesdays<\/p>\n<p><strong><br \/>\nPayment methods in the box office<\/strong><br \/>\nCash (R$ only)<br \/>\nCards<\/p>\n<p><b><br \/>\nBuy online<br \/>\n<a href=\"https:\/\/bileto.sympla.com.br\/event\/96110\"><img decoding=\"async\" loading=\"lazy\" class=\"alignnone wp-image-12627\" src=\"https:\/\/museudofutebol.org.br\/teste\/wp-content\/uploads\/2024\/07\/Logo_Sympla_Azul_Digital-640x344.png\" alt=\"\" width=\"182\" height=\"98\" srcset=\"https:\/\/museudofutebol.org.br\/teste\/wp-content\/uploads\/2024\/07\/Logo_Sympla_Azul_Digital-640x344.png 640w, https:\/\/museudofutebol.org.br\/teste\/wp-content\/uploads\/2024\/07\/Logo_Sympla_Azul_Digital-768x413.png 768w, https:\/\/museudofutebol.org.br\/teste\/wp-content\/uploads\/2024\/07\/Logo_Sympla_Azul_Digital-260x140.png 260w, https:\/\/museudofutebol.org.br\/teste\/wp-content\/uploads\/2024\/07\/Logo_Sympla_Azul_Digital-50x27.png 50w, https:\/\/museudofutebol.org.br\/teste\/wp-content\/uploads\/2024\/07\/Logo_Sympla_Azul_Digital-140x75.png 140w, https:\/\/museudofutebol.org.br\/teste\/wp-content\/uploads\/2024\/07\/Logo_Sympla_Azul_Digital.png 930w\" sizes=\"(max-width:767px) 182px, 182px\" \/><\/a><br \/>\n<\/b><\/p>\n<p>&nbsp;<\/p>\n<div id=\"gtx-trans\" style=\"position: absolute; left: 250px; top: 280px;\"><\/div>\n<p>[\/vc_toggle][vc_toggle title=&#8221;Educational visits to schools and social entities&#8221; style=&#8221;simple&#8221; color=&#8221;black&#8221; size=&#8221;lg&#8221; custom_font_container=&#8221;tag:h3|text_align:left&#8221; custom_use_theme_fonts=&#8221;yes&#8221; use_custom_heading=&#8221;true&#8221;]Special visits to the Football Museum accompanied by our team of educators.<\/p>\n<p id=\"tw-target-text\" class=\"tw-data-text tw-text-large tw-ta\" dir=\"ltr\" data-placeholder=\"Translation\"><span class=\"Y2IQFc\" lang=\"en\"><strong>Schedules<\/strong>:<br \/>\n<\/span>From Tuesday to Friday:<br \/>\n<span class=\"Y2IQFc\" lang=\"en\">10:30 am \u2013 Groups up to 40 people<br \/>\n<\/span><span class=\"Y2IQFc\" lang=\"en\">2 pm \u2013 Groups up to 40 people<\/span><\/p>\n<p id=\"tw-target-text\" class=\"tw-data-text tw-text-large tw-ta\" dir=\"ltr\" data-placeholder=\"Translation\"><strong><span class=\"Y2IQFc\" lang=\"en\">Prior booking is required (<a href=\"https:\/\/docs.google.com\/forms\/d\/e\/1FAIpQLSdAobxuF53Jlj6pim9U11jHAovFpZtna8LJLHSm0OOz91mI8g\/viewform\">click here<\/a>)<\/span><\/strong><\/p>\n<p>[\/vc_toggle][vc_toggle title=&#8221;Group visits&#8221; style=&#8221;simple&#8221; color=&#8221;black&#8221; size=&#8221;lg&#8221; custom_font_container=&#8221;tag:h3|text_align:left&#8221; custom_use_theme_fonts=&#8221;yes&#8221; use_custom_heading=&#8221;true&#8221;]If you want to do a group visit to the Football Museum without being accompanied by our Educational Center, just purchase tickets for all participants at the Museum&#8217;s box office or in advance through the <a href=\"https:\/\/bileto.sympla.com.br\/event\/78348\/\">internet<\/a>. No specific appointment is required.[\/vc_toggle][vc_toggle title=&#8221;Accessibility&#8221; style=&#8221;simple&#8221; color=&#8221;black&#8221; size=&#8221;lg&#8221; custom_font_container=&#8221;tag:h3|text_align:left&#8221; custom_use_theme_fonts=&#8221;yes&#8221; use_custom_heading=&#8221;true&#8221;]The Football Museum welcomes all its visitors. During your tour, you will find:<\/p>\n<ul>\n<li>Gratuity for people with disabilities and one carer.<\/li>\n<li>Parking spots for people with disabilities at Pra\u00e7a Charles Miller.<\/li>\n<li>Tactile paving<\/li>\n<li>All floors are accessed by elevators and escalators.<\/li>\n<li>Scale models and touch panels<\/li>\n<li>Totems with information in Braille<\/li>\n<li>Audio guide for the blind and people with low sight<\/li>\n<li>Audio guide in Portuguese, English, and Spanish<\/li>\n<li>Video guide in Brazilian Sign Language<\/li>\n<li>Accessible games and materials<\/li>\n<li>Telecommunication device for the deaf (ground floor)<\/li>\n<li>Accessible restrooms and baby changing stations in unisex restrooms<\/li>\n<\/ul>\n<p>We have developed several other activities to continuously improve the services provided by the Football Museum to all audiences. Learn more about our Accessibility Program.[\/vc_toggle][vc_toggle title=&#8221;Directions and Parking&#8221; style=&#8221;simple&#8221; color=&#8221;black&#8221; size=&#8221;lg&#8221; custom_font_container=&#8221;tag:h3|text_align:left&#8221; custom_use_theme_fonts=&#8221;yes&#8221; use_custom_heading=&#8221;true&#8221;]<strong>ADDRESS<br \/>\n<\/strong>Pra\u00e7a Charles Miller, s\/n \u2013 S\u00e3o Paulo\/ SP \u2013 Brazil<br \/>\nEst\u00e1dio Paulo Machado de Carvalho \u2013 Pacaembu<br \/>\nS\u00e3o Paulo, SP \u2013 Brazil<br \/>\n<a href=\"https:\/\/www.google.com\/maps\/place\/Museu+do+Futebol\/@-23.547692,-46.6651364,15z\/data=!4m5!3m4!1s0x0:0xcfdec9e87c999ece!8m2!3d-23.547692!4d-46.6651364\">Google Maps<\/a><\/p>\n<p><strong><br \/>\nPARKING<br \/>\n<\/strong>Pra\u00e7a Charles Miller has hundreds of Zona Azul parking spots, right in front of the Museum.<br \/>\nThis is a special zone: a R$ 6.08 card is worth for 3 hours of parking.<br \/>\nDownload the official <a href=\"https:\/\/www.estapar.com.br\/novazonaazulsp?gclid=Cj0KCQiA_c-OBhDFARIsAIFg3ezhg7ijiv4T1ctah5eJTNr8wuzD4pNVHojFjO39y24axbriQYSQXuoaAidOEALw_wcB\">Zona Azul S\u00e3o Paulo app<\/a> and do not forget to select Pra\u00e7a Charles Milller before paying.[\/vc_toggle][vc_toggle title=&#8221;Public Transportation&#8221; style=&#8221;simple&#8221; color=&#8221;black&#8221; size=&#8221;lg&#8221; custom_font_container=&#8221;tag:h3|text_align:left&#8221; custom_use_theme_fonts=&#8221;yes&#8221; use_custom_heading=&#8221;true&#8221;]<\/p>\n<h3>MUNICIPAL BUSES<\/h3>\n<p><strong>Bus lines that stop at Pra\u00e7a Charles Miller:<\/strong><\/p>\n<p><strong>208M-10<\/strong> &#8211; Metr\u00f4 Santana\/Terminal Pinheiros<br \/>\nSantana, Barra Funda (CPTM, Metr\u00f4 e Terminal Rodovi\u00e1rio), Pacaembu, Sumar\u00e9, Vila Madalena, Pinheiros.<\/p>\n<p><strong>408A-10<\/strong> &#8211; Cardoso de Almeida\/Machado de Assis<br \/>\nPerdizes, Consola\u00e7\u00e3o, Rep\u00fablica, S\u00e9, Liberdade, Para\u00edso.<\/p>\n<p><strong>6232-10<\/strong> &#8211; Pinheiros-Vila Ida\/Metr\u00f4 Barra Funda<br \/>\nBarra Funda (CPTM, Metr\u00f4 e Terminal Rodovi\u00e1rio), Pacaembu, Perdizes, Pinheiros, Vila Madalena, Alto de Pinheiros.<\/p>\n<p><strong><br \/>\nBus lines that stop at Avenida Ang\u00e9lica (10-minute walk to the Museum):<br \/>\n<\/strong><\/p>\n<p><strong>177H-10<\/strong> &#8211; Metr\u00f4 Santana\/Cidade Universit\u00e1ria<br \/>\nSantana, Jardim S\u00e3o Bento, Casa Verde, Barra Funda, Santa Cec\u00edlia (Metr\u00f4 Marechal Deodoro), Higien\u00f3polis, Consola\u00e7\u00e3o, Pinheiros, Vila Madalena, Butant\u00e3.<\/p>\n<p><strong>508L-10<\/strong> &#8211; Terminal Princesa Isabel\/Aclima\u00e7\u00e3o<br \/>\nCampos El\u00edseos, Santa Ifig\u00eania, Rep\u00fablica, S\u00e9, Liberdade, Para\u00edso, Avenida Paulista.<\/p>\n<p><strong>719P-10<\/strong> &#8211; Terminal Pinheiros\/Terminal Princesa Isabel<br \/>\nPinheiros, Vila Madalena, Higien\u00f3polis, Santa Cec\u00edlia, Campos El\u00edsesos<\/p>\n<p><strong>719R-10<\/strong> &#8211; Rio Pequeno\/Metr\u00f4 Barra Funda<br \/>\nBarra Funda, Campos El\u00edseos, Santa Cec\u00edlia (Metr\u00f4 Marechal Deodoro), Higien\u00f3polis, Pinheiros, Vila Madalena, Butant\u00e3, Rio Pequeno<\/p>\n<p><strong>874T-10<\/strong> &#8211; Ipiranga\/Lapa<br \/>\nIpiranga, Vila Monumento, Cambuci, Aclima\u00e7\u00e3o, Jardim da Gl\u00f3ria, Para\u00edso, Avenida Paulista, Consola\u00e7\u00e3o, Higien\u00f3polis, Santa Cec\u00edlia (Metr\u00f4 Marechal Deodoro), Barra Funda, \u00c1gua Branca, Pomp\u00e9ia, Lapa.<\/p>\n<p><strong>877T-10<\/strong> &#8211; Vila Anast\u00e1cio\/Metr\u00f4 Para\u00edso<br \/>\nVila Anast\u00e1cio, Lapa, Pomp\u00e9ia, Barra Funda, \u00c1gua Branca, Santa Cec\u00edlia (Metr\u00f4 Marechal Deodoro), Higien\u00f3polis, Consola\u00e7\u00e3o, Avenida Paulista, Para\u00edso.<\/p>\n<p><strong>N840-11<\/strong> &#8211; Terminal Vila Mariana\/Santa Cec\u00edlia<br \/>\nVila Mariana, Para\u00edso, regi\u00e3o da Avenida Paulista (pela Alameda Santos), Consola\u00e7\u00e3o, Higien\u00f3polis, Santa Cec\u00edlia, Vila Buarque, Bixiga (Bela Vista).<\/p>\n<p>&nbsp;<\/p>\n<h4>INTER-MUNICIPAL BUSES<\/h4>\n<p><strong>308<\/strong> &#8211; Cotia (Atalaia)\/S\u00e3o Paulo (Terminal Rodovi\u00e1rio Barra Funda)<\/p>\n<p>&nbsp;<\/p>\n<h4>TOURIST BUS<\/h4>\n<p><strong>CT01-1<\/strong> &#8211; Circular\/Turismo<br \/>\nIbirapuera, Avenida Paulista, Liberdade, Centro, Consola\u00e7\u00e3o, Pacaembu<\/p>\n<p>&nbsp;<\/p>\n<h4>SUBWAY &#8211; Nearby stations<\/h4>\n<p><strong>Paulista<\/strong> (Line 4-Yellow) &#8211; 900-meter walk downhill tree-lined streets through the Pacaembu neighborhood. More or less 12 minutes.<\/p>\n<p><strong>Cl\u00ednicas<\/strong> (Line 2-Green) &#8211; 1,000-meter walk from the Station to the Museum, on a route with a steep hill. More or less 10 minutes.[\/vc_toggle][\/vc_column][vc_column width=&#8221;1\/3&#8243;][\/vc_column][\/vc_row][vc_row][vc_column][\/vc_column][\/vc_row]<\/p>\n<\/div>","protected":false},"excerpt":{"rendered":"<p>[vc_row][vc_column width=&#8221;2\/3&#8243;][vc_column_text][\/vc_column_text][vc_single_image image=&#8221;2976&#8243; img_size=&#8221;full&#8221;][\/vc_column][vc_column width=&#8221;1\/3&#8243;][\/vc_column][\/vc_row][vc_row][vc_column width=&#8221;2\/3&#8243;][vc_toggle title=&#8221;Opening hours&#8221; style=&#8221;simple&#8221; color=&#8221;black&#8221; size=&#8221;lg&#8221; custom_font_container=&#8221;tag:h3|text_align:left&#8221; custom_use_theme_fonts=&#8221;yes&#8221; use_custom_heading=&#8221;true&#8221;] We open from Tuesday to Sunday, from 9:00 AM to 6:00 PM<span class=\"excerpt-hellip\"> [\u2026]<\/span><\/p>\n","protected":false},"author":13,"featured_media":0,"parent":0,"menu_order":0,"comment_status":"closed","ping_status":"closed","template":"","meta":[],"acf":[],"yoast_head":"<!-- This site is optimized with the Yoast SEO plugin v20.8 - https:\/\/yoast.com\/wordpress\/plugins\/seo\/ -->\n<title>Opening hours and Tickets - Museu do Futebol<\/title>\n<meta name=\"description\" content=\"Confira todas as informa\u00e7\u00f5es e planeje com anteced\u00eancia sua visita o Museu do Futebol. Estamos em opera\u00e7\u00e3o especial em virtude da Covid-19.\" \/>\n<meta name=\"robots\" content=\"index, follow, max-snippet:-1, max-image-preview:large, max-video-preview:-1\" \/>\n<link rel=\"canonical\" href=\"https:\/\/museudofutebol.org.br\/teste\/en\/opening-hours-and-tickets\/\" \/>\n<meta property=\"og:locale\" content=\"pt_BR\" \/>\n<meta property=\"og:type\" content=\"article\" \/>\n<meta property=\"og:title\" content=\"Opening hours and Tickets - Museu do Futebol\" \/>\n<meta property=\"og:description\" content=\"Confira todas as informa\u00e7\u00f5es e planeje com anteced\u00eancia sua visita o Museu do Futebol. Estamos em opera\u00e7\u00e3o especial em virtude da Covid-19.\" \/>\n<meta property=\"og:url\" content=\"https:\/\/museudofutebol.org.br\/teste\/en\/opening-hours-and-tickets\/\" \/>\n<meta property=\"og:site_name\" content=\"Museu do Futebol\" \/>\n<meta property=\"article:publisher\" content=\"https:\/\/www.facebook.com\/museudofutebol\" \/>\n<meta property=\"article:modified_time\" content=\"2024-07-26T16:12:12+00:00\" \/>\n<meta property=\"og:image\" content=\"https:\/\/museudofutebol.org.br\/teste\/wp-content\/uploads\/2024\/07\/Logo_Sympla_Azul_Digital-640x344.png\" \/>\n<meta name=\"twitter:card\" content=\"summary_large_image\" \/>\n<meta name=\"twitter:site\" content=\"@museudofutebol\" \/>\n<meta name=\"twitter:label1\" content=\"Est. tempo de leitura\" \/>\n\t<meta name=\"twitter:data1\" content=\"5 minutos\" \/>\n<script type=\"application\/ld+json\" class=\"yoast-schema-graph\">{\"@context\":\"https:\/\/schema.org\",\"@graph\":[{\"@type\":\"WebPage\",\"@id\":\"https:\/\/museudofutebol.org.br\/teste\/en\/opening-hours-and-tickets\/\",\"url\":\"https:\/\/museudofutebol.org.br\/teste\/en\/opening-hours-and-tickets\/\",\"name\":\"Opening hours and Tickets - Museu do Futebol\",\"isPartOf\":{\"@id\":\"https:\/\/museudofutebol.org.br\/teste\/#website\"},\"datePublished\":\"2020-12-11T18:40:25+00:00\",\"dateModified\":\"2024-07-26T16:12:12+00:00\",\"description\":\"Confira todas as informa\u00e7\u00f5es e planeje com anteced\u00eancia sua visita o Museu do Futebol. Estamos em opera\u00e7\u00e3o especial em virtude da Covid-19.\",\"breadcrumb\":{\"@id\":\"https:\/\/museudofutebol.org.br\/teste\/en\/opening-hours-and-tickets\/#breadcrumb\"},\"inLanguage\":\"pt-BR\",\"potentialAction\":[{\"@type\":\"ReadAction\",\"target\":[\"https:\/\/museudofutebol.org.br\/teste\/en\/opening-hours-and-tickets\/\"]}]},{\"@type\":\"BreadcrumbList\",\"@id\":\"https:\/\/museudofutebol.org.br\/teste\/en\/opening-hours-and-tickets\/#breadcrumb\",\"itemListElement\":[{\"@type\":\"ListItem\",\"position\":1,\"name\":\"In\u00edcio\",\"item\":\"https:\/\/museudofutebol.org.br\/teste\/\"},{\"@type\":\"ListItem\",\"position\":2,\"name\":\"Opening hours and Tickets\"}]},{\"@type\":\"WebSite\",\"@id\":\"https:\/\/museudofutebol.org.br\/teste\/#website\",\"url\":\"https:\/\/museudofutebol.org.br\/teste\/\",\"name\":\"Museu do Futebol\",\"description\":\"\",\"potentialAction\":[{\"@type\":\"SearchAction\",\"target\":{\"@type\":\"EntryPoint\",\"urlTemplate\":\"https:\/\/museudofutebol.org.br\/teste\/?s={search_term_string}\"},\"query-input\":\"required name=search_term_string\"}],\"inLanguage\":\"pt-BR\"}]}<\/script>\n<!-- \/ Yoast SEO plugin. -->","yoast_head_json":{"title":"Opening hours and Tickets - Museu do Futebol","description":"Confira todas as informa\u00e7\u00f5es e planeje com anteced\u00eancia sua visita o Museu do Futebol. Estamos em opera\u00e7\u00e3o especial em virtude da Covid-19.","robots":{"index":"index","follow":"follow","max-snippet":"max-snippet:-1","max-image-preview":"max-image-preview:large","max-video-preview":"max-video-preview:-1"},"canonical":"https:\/\/museudofutebol.org.br\/teste\/en\/opening-hours-and-tickets\/","og_locale":"pt_BR","og_type":"article","og_title":"Opening hours and Tickets - Museu do Futebol","og_description":"Confira todas as informa\u00e7\u00f5es e planeje com anteced\u00eancia sua visita o Museu do Futebol. Estamos em opera\u00e7\u00e3o especial em virtude da Covid-19.","og_url":"https:\/\/museudofutebol.org.br\/teste\/en\/opening-hours-and-tickets\/","og_site_name":"Museu do Futebol","article_publisher":"https:\/\/www.facebook.com\/museudofutebol","article_modified_time":"2024-07-26T16:12:12+00:00","og_image":[{"url":"https:\/\/museudofutebol.org.br\/teste\/wp-content\/uploads\/2024\/07\/Logo_Sympla_Azul_Digital-640x344.png"}],"twitter_card":"summary_large_image","twitter_site":"@museudofutebol","twitter_misc":{"Est. tempo de leitura":"5 minutos"},"schema":{"@context":"https:\/\/schema.org","@graph":[{"@type":"WebPage","@id":"https:\/\/museudofutebol.org.br\/teste\/en\/opening-hours-and-tickets\/","url":"https:\/\/museudofutebol.org.br\/teste\/en\/opening-hours-and-tickets\/","name":"Opening hours and Tickets - Museu do Futebol","isPartOf":{"@id":"https:\/\/museudofutebol.org.br\/teste\/#website"},"datePublished":"2020-12-11T18:40:25+00:00","dateModified":"2024-07-26T16:12:12+00:00","description":"Confira todas as informa\u00e7\u00f5es e planeje com anteced\u00eancia sua visita o Museu do Futebol. Estamos em opera\u00e7\u00e3o especial em virtude da Covid-19.","breadcrumb":{"@id":"https:\/\/museudofutebol.org.br\/teste\/en\/opening-hours-and-tickets\/#breadcrumb"},"inLanguage":"pt-BR","potentialAction":[{"@type":"ReadAction","target":["https:\/\/museudofutebol.org.br\/teste\/en\/opening-hours-and-tickets\/"]}]},{"@type":"BreadcrumbList","@id":"https:\/\/museudofutebol.org.br\/teste\/en\/opening-hours-and-tickets\/#breadcrumb","itemListElement":[{"@type":"ListItem","position":1,"name":"In\u00edcio","item":"https:\/\/museudofutebol.org.br\/teste\/"},{"@type":"ListItem","position":2,"name":"Opening hours and Tickets"}]},{"@type":"WebSite","@id":"https:\/\/museudofutebol.org.br\/teste\/#website","url":"https:\/\/museudofutebol.org.br\/teste\/","name":"Museu do Futebol","description":"","potentialAction":[{"@type":"SearchAction","target":{"@type":"EntryPoint","urlTemplate":"https:\/\/museudofutebol.org.br\/teste\/?s={search_term_string}"},"query-input":"required name=search_term_string"}],"inLanguage":"pt-BR"}]}},"_links":{"self":[{"href":"https:\/\/museudofutebol.org.br\/teste\/wp-json\/wp\/v2\/pages\/2131"}],"collection":[{"href":"https:\/\/museudofutebol.org.br\/teste\/wp-json\/wp\/v2\/pages"}],"about":[{"href":"https:\/\/museudofutebol.org.br\/teste\/wp-json\/wp\/v2\/types\/page"}],"author":[{"embeddable":true,"href":"https:\/\/museudofutebol.org.br\/teste\/wp-json\/wp\/v2\/users\/13"}],"replies":[{"embeddable":true,"href":"https:\/\/museudofutebol.org.br\/teste\/wp-json\/wp\/v2\/comments?post=2131"}],"version-history":[{"count":46,"href":"https:\/\/museudofutebol.org.br\/teste\/wp-json\/wp\/v2\/pages\/2131\/revisions"}],"predecessor-version":[{"id":12859,"href":"https:\/\/museudofutebol.org.br\/teste\/wp-json\/wp\/v2\/pages\/2131\/revisions\/12859"}],"wp:attachment":[{"href":"https:\/\/museudofutebol.org.br\/teste\/wp-json\/wp\/v2\/media?parent=2131"}],"curies":[{"name":"wp","href":"https:\/\/api.w.org\/{rel}","templated":true}]}}