{"id":2133,"date":"2020-12-11T16:18:19","date_gmt":"2020-12-11T19:18:19","guid":{"rendered":"https:\/\/museudofutebol.org.br\/teste\/?page_id=2133"},"modified":"2024-07-26T13:19:54","modified_gmt":"2024-07-26T16:19:54","slug":"horas-y-entradas","status":"publish","type":"page","link":"https:\/\/museudofutebol.org.br\/teste\/es\/horas-y-entradas\/","title":{"rendered":"Horas y entradas"},"content":{"rendered":"<div class=\"wpb-content-wrapper\"><p>[vc_row][vc_column width=&#8221;2\/3&#8243;][vc_column_text][\/vc_column_text][vc_single_image image=&#8221;2977&#8243;][\/vc_column][vc_column width=&#8221;1\/3&#8243;][\/vc_column][\/vc_row][vc_row][vc_column width=&#8221;2\/3&#8243;][vc_toggle title=&#8221;Horas&#8221; style=&#8221;simple&#8221; color=&#8221;black&#8221; size=&#8221;lg&#8221; custom_font_container=&#8221;tag:h3|text_align:left&#8221; custom_use_theme_fonts=&#8221;yes&#8221; use_custom_heading=&#8221;true&#8221;]Abriremos de martes a domingo, de las 9:00 a las 18:00<br \/>\n(con entrada hasta las 17:00)<br \/>\n<span class=\"Y2IQFc\" lang=\"es\">Cerrado los lunes.<\/span><\/p>\n<p><strong>Visitas nocturnas\u00a0<\/strong><br \/>\nCada \u00faltimo martes del mes, de las 9:00 a las 21:00<br \/>\n(con entrada hasta las 20:00)<\/p>\n<p style=\"text-align: left;\"><strong>Elecciones municipales<\/strong><br \/>\nEl Museo permanecer\u00e1 cerrado el 6 de octubre de 2024, primera vuelta de las elecciones municipales en Brasil. Si hay segundo turno en la ciudad de S\u00e3o Paulo, tambi\u00e9n cerraremos el 27 de octubre.<\/p>\n<p><span class=\"Y2IQFc\" lang=\"es\"><strong>Navidad y Fin de A\u00f1o\u00a0<\/strong><br \/>\nEl museo cierra el 24\/12, 25\/12, 31\/12 y 1\/1.<\/span><\/p>\n<p>&nbsp;<\/p>\n<p style=\"text-align: center;\">\n<p>[\/vc_toggle][vc_toggle title=&#8221;Entradas&#8221; style=&#8221;simple&#8221; color=&#8221;black&#8221; size=&#8221;lg&#8221; custom_font_container=&#8221;tag:h3|text_align:left&#8221; custom_use_theme_fonts=&#8221;yes&#8221; use_custom_heading=&#8221;true&#8221;]Compra tus entradas directamente en taquilla.<\/p>\n<p><strong>Precios<\/strong><br \/>\nAdultos\u00a0 \u00a0 \u00a0 \u00a0 \u00a0 \u00a0R$ 24,00<br \/>\nEstudiantes\u00a0 \u00a0 R$ 12,00<br \/>\nGratis para ni\u00f1os hasta 7 a\u00f1os<br \/>\nGratis para todos los martes<\/p>\n<p><strong>Formas de pago en la taquilla<br \/>\n<\/strong>Efectivo (R$ apenas)<br \/>\nTarjetas<\/p>\n<p><strong><br \/>\nComprar en l\u00ednea<br \/>\n<a href=\"https:\/\/bileto.sympla.com.br\/event\/96110\"><img decoding=\"async\" loading=\"lazy\" class=\"alignnone wp-image-12628\" src=\"https:\/\/museudofutebol.org.br\/teste\/wp-content\/uploads\/2024\/07\/Logo_Sympla_Azul_Digital-640x344.png\" alt=\"\" width=\"182\" height=\"98\" srcset=\"https:\/\/museudofutebol.org.br\/teste\/wp-content\/uploads\/2024\/07\/Logo_Sympla_Azul_Digital-640x344.png 640w, https:\/\/museudofutebol.org.br\/teste\/wp-content\/uploads\/2024\/07\/Logo_Sympla_Azul_Digital-768x413.png 768w, https:\/\/museudofutebol.org.br\/teste\/wp-content\/uploads\/2024\/07\/Logo_Sympla_Azul_Digital-260x140.png 260w, https:\/\/museudofutebol.org.br\/teste\/wp-content\/uploads\/2024\/07\/Logo_Sympla_Azul_Digital-50x27.png 50w, https:\/\/museudofutebol.org.br\/teste\/wp-content\/uploads\/2024\/07\/Logo_Sympla_Azul_Digital-140x75.png 140w, https:\/\/museudofutebol.org.br\/teste\/wp-content\/uploads\/2024\/07\/Logo_Sympla_Azul_Digital.png 930w\" sizes=\"(max-width:767px) 182px, 182px\" \/><\/a>\u00a0<\/strong>[\/vc_toggle][vc_toggle title=&#8221;Visitas educativas para colegios y entidades sociales&#8221; style=&#8221;simple&#8221; color=&#8221;black&#8221; size=&#8221;lg&#8221; custom_font_container=&#8221;tag:h3|text_align:left&#8221; custom_use_theme_fonts=&#8221;yes&#8221; use_custom_heading=&#8221;true&#8221;]<\/p>\n<p id=\"tw-target-text\" class=\"tw-data-text tw-text-large tw-ta\" dir=\"ltr\" data-placeholder=\"Translation\"><span class=\"Y2IQFc\" lang=\"es\">Visitas especiales al Museo del F\u00fatbol acompa\u00f1ados de nuestro equipo de educadores.<\/span><\/p>\n<p id=\"tw-target-text\" class=\"tw-data-text tw-text-large tw-ta\" dir=\"ltr\" data-placeholder=\"Translation\"><span class=\"Y2IQFc\" lang=\"es\"><strong>Horarios<\/strong>:<br \/>\n<\/span><span class=\"Y2IQFc\" lang=\"es\">De martes a viernes:<br \/>\n<\/span><span class=\"Y2IQFc\" lang=\"es\">10:30 \u2013 Grupos de hasta 40 personas<br \/>\n14:00 \u2013 Grupos de hasta 40 personas <\/span><\/p>\n<p class=\"tw-data-text tw-text-large tw-ta\" dir=\"ltr\" data-placeholder=\"Translation\"><strong><span class=\"Y2IQFc\" lang=\"es\">Se requiere reserva previa (<a href=\"https:\/\/docs.google.com\/forms\/d\/e\/1FAIpQLSdAobxuF53Jlj6pim9U11jHAovFpZtna8LJLHSm0OOz91mI8g\/viewform\">clic aqu\u00ed<\/a>).<\/span><\/strong><\/p>\n<p>[\/vc_toggle][vc_toggle title=&#8221;Visitas en grupo&#8221; style=&#8221;simple&#8221; color=&#8221;black&#8221; size=&#8221;lg&#8221; custom_font_container=&#8221;tag:h3|text_align:left&#8221; custom_use_theme_fonts=&#8221;yes&#8221; use_custom_heading=&#8221;true&#8221;]Si quieres venir en grupo al Museo del F\u00fatbol sin estar acompa\u00f1ado por nuestro Centro Educativo, solo tienes que adquirir las entradas para todos los participantes en la taquilla del Museo o con antelaci\u00f3n a trav\u00e9s de la <a href=\"https:\/\/bileto.sympla.com.br\/event\/78348\/\">internet<\/a>. No se requiere cita espec\u00edfica.[\/vc_toggle][vc_toggle title=&#8221;Accesibilidad&#8221; style=&#8221;simple&#8221; color=&#8221;black&#8221; size=&#8221;lg&#8221; custom_font_container=&#8221;tag:h3|text_align:left&#8221; custom_use_theme_fonts=&#8221;yes&#8221; use_custom_heading=&#8221;true&#8221;]El Museo del F\u00fatbol recibe bien a todos sus visitantes. En su paseo, usted encontrar\u00e1:<\/p>\n<ul>\n<li>Gratuidad para personas con deficiencia y un acompa\u00f1ante<\/li>\n<li>Plazas para personas con deficiencia en la Plaza Charles Miller<\/li>\n<li>Piso podot\u00e1ctil<\/li>\n<li>Acceso a todos los pisos por ascensores y escaleras mec\u00e1nicas<\/li>\n<li>Maquetas y paneles t\u00e1ctiles<\/li>\n<li>T\u00f3tems con informaciones en Braille<\/li>\n<li>Audiogu\u00eda para personas ciegas o con baja visi\u00f3n<\/li>\n<li>Audiogu\u00eda en portugu\u00e9s, ingl\u00e9s y espa\u00f1ol<\/li>\n<li>Videogu\u00eda en Libras<\/li>\n<li>Juegos y materiales accesibles<\/li>\n<li>Tel\u00e9fono para sordos (en planta baja)<\/li>\n<li>Ba\u00f1os accesibles y sala de mam\u00e1s en los ba\u00f1os unisex<\/li>\n<li>Desarrollamos varias otras iniciativas para mejor siempre el servicio prestado por el Museo del F\u00fatbol a todos los p\u00fablicos. Conozca nuestro Programa de Accesibilidad.<\/li>\n<\/ul>\n<p>[\/vc_toggle][vc_toggle title=&#8221;Como llegar y Estacionamiento&#8221; style=&#8221;simple&#8221; color=&#8221;black&#8221; size=&#8221;lg&#8221; custom_font_container=&#8221;tag:h3|text_align:left&#8221; custom_use_theme_fonts=&#8221;yes&#8221; use_custom_heading=&#8221;true&#8221;]<strong>DIRECCI\u00d3N<br \/>\n<\/strong>Pra\u00e7a Charles Miller, s\/n \u2013 S\u00e3o Paulo\/ SP \u2013 Brasil<br \/>\nEst\u00e1dio Paulo Machado de Carvalho \u2013 Pacaembu<br \/>\nS\u00e3o Paulo, SP \u2013 Brasil<br \/>\n<a href=\"https:\/\/www.google.com\/maps\/place\/Museu+do+Futebol\/@-23.547692,-46.6651364,15z\/data=!4m5!3m4!1s0x0:0xcfdec9e87c999ece!8m2!3d-23.547692!4d-46.6651364\">Google Maps<\/a><\/p>\n<p>&nbsp;<\/p>\n<p><strong>ESTACIONAMIENTO<br \/>\n<\/strong>La Plaza Charles Miller tiene cientos de plazas de Zona Azul, adelante del Museo. Es una zona especial: una tarjeta de R$ 6,08 da derecho a tres horas de estacionamiento. Descargue <a href=\"https:\/\/www.estapar.com.br\/novazonaazulsp?gclid=Cj0KCQiA_c-OBhDFARIsAIFg3eylgD5r-Jw3x8S1GT55xbivgAnzQLGYcYXo4RKkWHsWOxeR6NS9KU4aAuktEALw_wcB\">lo aplicativo oficial<\/a> del Zona Azul S\u00e3o Paulo y no se olvide de seleccionar la plaza Charles Miller antes de pagar.[\/vc_toggle][vc_toggle title=&#8221;Transporte p\u00fablico&#8221; style=&#8221;simple&#8221; color=&#8221;black&#8221; size=&#8221;lg&#8221; custom_font_container=&#8221;tag:h3|text_align:left&#8221; custom_use_theme_fonts=&#8221;yes&#8221; use_custom_heading=&#8221;true&#8221;]<\/p>\n<h3>\u00d3MNIBUS MUNICIPALES<\/h3>\n<p><strong>L\u00edneas que paran en la Pra\u00e7a Charles Miller:<\/strong><\/p>\n<p><strong>208M-10<\/strong> &#8211; Metr\u00f4 Santana\/Terminal Pinheiros<br \/>\nSantana, Barra Funda (CPTM, Metr\u00f4 e Terminal Rodovi\u00e1rio), Pacaembu, Sumar\u00e9, Vila Madalena, Pinheiros.<\/p>\n<p><strong>408A-10<\/strong> &#8211; Cardoso de Almeida\/Machado de Assis<br \/>\nPerdizes, Consola\u00e7\u00e3o, Rep\u00fablica, S\u00e9, Liberdade, Para\u00edso.<\/p>\n<p><strong>6232-10<\/strong> &#8211; Pinheiros-Vila Ida\/Metr\u00f4 Barra Funda<br \/>\nBarra Funda (CPTM, Metr\u00f4 e Terminal Rodovi\u00e1rio), Pacaembu, Perdizes, Pinheiros, Vila Madalena, Alto de Pinheiros.<\/p>\n<p><strong>\u00a0<\/strong><\/p>\n<p><strong>L\u00edneas que paran en la Avenida Ang\u00e9lica (10 minutos de caminata hasta el Museo):<\/strong><\/p>\n<p><strong>177H-10<\/strong> &#8211; Metr\u00f4 Santana\/Cidade Universit\u00e1ria<br \/>\nSantana, Jardim S\u00e3o Bento, Casa Verde, Barra Funda, Santa Cec\u00edlia (Metr\u00f4 Marechal Deodoro), Higien\u00f3polis, Consola\u00e7\u00e3o, Pinheiros, Vila Madalena, Butant\u00e3.<\/p>\n<p><strong>508L-10<\/strong> &#8211; Terminal Princesa Isabel\/Aclima\u00e7\u00e3o<br \/>\nCampos El\u00edseos, Santa Ifig\u00eania, Rep\u00fablica, S\u00e9, Liberdade, Para\u00edso, Avenida Paulista.<\/p>\n<p><strong>719P-10<\/strong> &#8211; Terminal Pinheiros\/Terminal Princesa Isabel<br \/>\nPinheiros, Vila Madalena, Higien\u00f3polis, Santa Cec\u00edlia, Campos El\u00edsesos<\/p>\n<p><strong>719R-10<\/strong> &#8211; Rio Pequeno\/Metr\u00f4 Barra Funda<br \/>\nBarra Funda, Campos El\u00edseos, Santa Cec\u00edlia (Metr\u00f4 Marechal Deodoro), Higien\u00f3polis, Pinheiros, Vila Madalena, Butant\u00e3, Rio Pequeno<\/p>\n<p><strong>874T-10<\/strong> &#8211; Ipiranga\/Lapa<br \/>\nIpiranga, Vila Monumento, Cambuci, Aclima\u00e7\u00e3o, Jardim da Gl\u00f3ria, Para\u00edso, Avenida Paulista, Consola\u00e7\u00e3o, Higien\u00f3polis, Santa Cec\u00edlia (Metr\u00f4 Marechal Deodoro), Barra Funda, \u00c1gua Branca, Pomp\u00e9ia, Lapa.<\/p>\n<p><strong>877T-10<\/strong> &#8211; Vila Anast\u00e1cio\/Metr\u00f4 Para\u00edso<br \/>\nVila Anast\u00e1cio, Lapa, Pomp\u00e9ia, Barra Funda, \u00c1gua Branca, Santa Cec\u00edlia (Metr\u00f4 Marechal Deodoro), Higien\u00f3polis, Consola\u00e7\u00e3o, Avenida Paulista, Para\u00edso.<\/p>\n<p><strong>N840-11<\/strong> &#8211; Terminal Vila Mariana\/Santa Cec\u00edlia<br \/>\nVila Mariana, Para\u00edso, regi\u00e3o da Avenida Paulista (pela Alameda Santos), Consola\u00e7\u00e3o, Higien\u00f3polis, Santa Cec\u00edlia, Vila Buarque, Bixiga (Bela Vista).<\/p>\n<p>&nbsp;<\/p>\n<h4>\u00d3MNIBUS INTERMUNICIPAL<\/h4>\n<p><strong>308<\/strong> &#8211; Cotia (Atalaia)\/S\u00e3o Paulo (Terminal Rodovi\u00e1rio Barra Funda)<\/p>\n<p>&nbsp;<\/p>\n<h4>\u00d3MNIBUS TUR\u00cdSTICO<\/h4>\n<p><strong>CT01-1<\/strong> &#8211; Circular\/Turismo<br \/>\nIbirapuera, Avenida Paulista, Liberdade, Centro, Consola\u00e7\u00e3o, Pacaembu<\/p>\n<p>&nbsp;<\/p>\n<h4>METR\u00d4 &#8211; Estaciones pr\u00f3ximas<\/h4>\n<p><strong>Paulista<\/strong> (L\u00ednea 4-Amarilla) &#8211; 900 metros de caminata en bajada por calles con \u00e1rboles, por el barrio de Pacaembu. M\u00e1s o menos 12 minutos.<\/p>\n<p><strong>Cl\u00ednicas<\/strong> (L\u00ednea 2-Verde) &#8211; Son 1.000 metros de caminata de la Estaci\u00f3n al Museo, en rutacon bajadas muy inclinadas. M\u00e1s o menos 10 minutos de caminata.[\/vc_toggle][\/vc_column][vc_column width=&#8221;1\/3&#8243;][\/vc_column][\/vc_row][vc_row][vc_column][\/vc_column][\/vc_row]<\/p>\n<\/div>","protected":false},"excerpt":{"rendered":"<p>[vc_row][vc_column width=&#8221;2\/3&#8243;][vc_column_text][\/vc_column_text][vc_single_image image=&#8221;2977&#8243;][\/vc_column][vc_column width=&#8221;1\/3&#8243;][\/vc_column][\/vc_row][vc_row][vc_column width=&#8221;2\/3&#8243;][vc_toggle title=&#8221;Horas&#8221; style=&#8221;simple&#8221; color=&#8221;black&#8221; size=&#8221;lg&#8221; custom_font_container=&#8221;tag:h3|text_align:left&#8221; custom_use_theme_fonts=&#8221;yes&#8221; use_custom_heading=&#8221;true&#8221;]Abriremos de martes a domingo, de las 9:00 a las 18:00 (con entrada hasta las<span class=\"excerpt-hellip\"> [\u2026]<\/span><\/p>\n","protected":false},"author":13,"featured_media":0,"parent":0,"menu_order":0,"comment_status":"closed","ping_status":"closed","template":"","meta":[],"acf":[],"yoast_head":"<!-- This site is optimized with the Yoast SEO plugin v20.8 - https:\/\/yoast.com\/wordpress\/plugins\/seo\/ -->\n<title>Horas y entradas - Museu do Futebol<\/title>\n<meta name=\"description\" content=\"Confira todas as informa\u00e7\u00f5es e planeje com anteced\u00eancia sua visita o Museu do Futebol. Estamos em opera\u00e7\u00e3o especial em virtude da Covid-19.\" \/>\n<meta name=\"robots\" content=\"index, follow, max-snippet:-1, max-image-preview:large, max-video-preview:-1\" \/>\n<link rel=\"canonical\" href=\"https:\/\/museudofutebol.org.br\/teste\/es\/horas-y-entradas\/\" \/>\n<meta property=\"og:locale\" content=\"pt_BR\" \/>\n<meta property=\"og:type\" content=\"article\" \/>\n<meta property=\"og:title\" content=\"Horas y entradas - Museu do Futebol\" \/>\n<meta property=\"og:description\" content=\"Confira todas as informa\u00e7\u00f5es e planeje com anteced\u00eancia sua visita o Museu do Futebol. Estamos em opera\u00e7\u00e3o especial em virtude da Covid-19.\" \/>\n<meta property=\"og:url\" content=\"https:\/\/museudofutebol.org.br\/teste\/es\/horas-y-entradas\/\" \/>\n<meta property=\"og:site_name\" content=\"Museu do Futebol\" \/>\n<meta property=\"article:publisher\" content=\"https:\/\/www.facebook.com\/museudofutebol\" \/>\n<meta property=\"article:modified_time\" content=\"2024-07-26T16:19:54+00:00\" \/>\n<meta property=\"og:image\" content=\"https:\/\/museudofutebol.org.br\/teste\/wp-content\/uploads\/2024\/07\/Logo_Sympla_Azul_Digital-640x344.png\" \/>\n<meta name=\"twitter:card\" content=\"summary_large_image\" \/>\n<meta name=\"twitter:site\" content=\"@museudofutebol\" \/>\n<meta name=\"twitter:label1\" content=\"Est. tempo de leitura\" \/>\n\t<meta name=\"twitter:data1\" content=\"5 minutos\" \/>\n<script type=\"application\/ld+json\" class=\"yoast-schema-graph\">{\"@context\":\"https:\/\/schema.org\",\"@graph\":[{\"@type\":\"WebPage\",\"@id\":\"https:\/\/museudofutebol.org.br\/teste\/es\/horas-y-entradas\/\",\"url\":\"https:\/\/museudofutebol.org.br\/teste\/es\/horas-y-entradas\/\",\"name\":\"Horas y entradas - Museu do Futebol\",\"isPartOf\":{\"@id\":\"https:\/\/museudofutebol.org.br\/teste\/#website\"},\"datePublished\":\"2020-12-11T19:18:19+00:00\",\"dateModified\":\"2024-07-26T16:19:54+00:00\",\"description\":\"Confira todas as informa\u00e7\u00f5es e planeje com anteced\u00eancia sua visita o Museu do Futebol. Estamos em opera\u00e7\u00e3o especial em virtude da Covid-19.\",\"breadcrumb\":{\"@id\":\"https:\/\/museudofutebol.org.br\/teste\/es\/horas-y-entradas\/#breadcrumb\"},\"inLanguage\":\"pt-BR\",\"potentialAction\":[{\"@type\":\"ReadAction\",\"target\":[\"https:\/\/museudofutebol.org.br\/teste\/es\/horas-y-entradas\/\"]}]},{\"@type\":\"BreadcrumbList\",\"@id\":\"https:\/\/museudofutebol.org.br\/teste\/es\/horas-y-entradas\/#breadcrumb\",\"itemListElement\":[{\"@type\":\"ListItem\",\"position\":1,\"name\":\"In\u00edcio\",\"item\":\"https:\/\/museudofutebol.org.br\/teste\/\"},{\"@type\":\"ListItem\",\"position\":2,\"name\":\"Horas y entradas\"}]},{\"@type\":\"WebSite\",\"@id\":\"https:\/\/museudofutebol.org.br\/teste\/#website\",\"url\":\"https:\/\/museudofutebol.org.br\/teste\/\",\"name\":\"Museu do Futebol\",\"description\":\"\",\"potentialAction\":[{\"@type\":\"SearchAction\",\"target\":{\"@type\":\"EntryPoint\",\"urlTemplate\":\"https:\/\/museudofutebol.org.br\/teste\/?s={search_term_string}\"},\"query-input\":\"required name=search_term_string\"}],\"inLanguage\":\"pt-BR\"}]}<\/script>\n<!-- \/ Yoast SEO plugin. -->","yoast_head_json":{"title":"Horas y entradas - Museu do Futebol","description":"Confira todas as informa\u00e7\u00f5es e planeje com anteced\u00eancia sua visita o Museu do Futebol. Estamos em opera\u00e7\u00e3o especial em virtude da Covid-19.","robots":{"index":"index","follow":"follow","max-snippet":"max-snippet:-1","max-image-preview":"max-image-preview:large","max-video-preview":"max-video-preview:-1"},"canonical":"https:\/\/museudofutebol.org.br\/teste\/es\/horas-y-entradas\/","og_locale":"pt_BR","og_type":"article","og_title":"Horas y entradas - Museu do Futebol","og_description":"Confira todas as informa\u00e7\u00f5es e planeje com anteced\u00eancia sua visita o Museu do Futebol. Estamos em opera\u00e7\u00e3o especial em virtude da Covid-19.","og_url":"https:\/\/museudofutebol.org.br\/teste\/es\/horas-y-entradas\/","og_site_name":"Museu do Futebol","article_publisher":"https:\/\/www.facebook.com\/museudofutebol","article_modified_time":"2024-07-26T16:19:54+00:00","og_image":[{"url":"https:\/\/museudofutebol.org.br\/teste\/wp-content\/uploads\/2024\/07\/Logo_Sympla_Azul_Digital-640x344.png"}],"twitter_card":"summary_large_image","twitter_site":"@museudofutebol","twitter_misc":{"Est. tempo de leitura":"5 minutos"},"schema":{"@context":"https:\/\/schema.org","@graph":[{"@type":"WebPage","@id":"https:\/\/museudofutebol.org.br\/teste\/es\/horas-y-entradas\/","url":"https:\/\/museudofutebol.org.br\/teste\/es\/horas-y-entradas\/","name":"Horas y entradas - Museu do Futebol","isPartOf":{"@id":"https:\/\/museudofutebol.org.br\/teste\/#website"},"datePublished":"2020-12-11T19:18:19+00:00","dateModified":"2024-07-26T16:19:54+00:00","description":"Confira todas as informa\u00e7\u00f5es e planeje com anteced\u00eancia sua visita o Museu do Futebol. Estamos em opera\u00e7\u00e3o especial em virtude da Covid-19.","breadcrumb":{"@id":"https:\/\/museudofutebol.org.br\/teste\/es\/horas-y-entradas\/#breadcrumb"},"inLanguage":"pt-BR","potentialAction":[{"@type":"ReadAction","target":["https:\/\/museudofutebol.org.br\/teste\/es\/horas-y-entradas\/"]}]},{"@type":"BreadcrumbList","@id":"https:\/\/museudofutebol.org.br\/teste\/es\/horas-y-entradas\/#breadcrumb","itemListElement":[{"@type":"ListItem","position":1,"name":"In\u00edcio","item":"https:\/\/museudofutebol.org.br\/teste\/"},{"@type":"ListItem","position":2,"name":"Horas y entradas"}]},{"@type":"WebSite","@id":"https:\/\/museudofutebol.org.br\/teste\/#website","url":"https:\/\/museudofutebol.org.br\/teste\/","name":"Museu do Futebol","description":"","potentialAction":[{"@type":"SearchAction","target":{"@type":"EntryPoint","urlTemplate":"https:\/\/museudofutebol.org.br\/teste\/?s={search_term_string}"},"query-input":"required name=search_term_string"}],"inLanguage":"pt-BR"}]}},"_links":{"self":[{"href":"https:\/\/museudofutebol.org.br\/teste\/wp-json\/wp\/v2\/pages\/2133"}],"collection":[{"href":"https:\/\/museudofutebol.org.br\/teste\/wp-json\/wp\/v2\/pages"}],"about":[{"href":"https:\/\/museudofutebol.org.br\/teste\/wp-json\/wp\/v2\/types\/page"}],"author":[{"embeddable":true,"href":"https:\/\/museudofutebol.org.br\/teste\/wp-json\/wp\/v2\/users\/13"}],"replies":[{"embeddable":true,"href":"https:\/\/museudofutebol.org.br\/teste\/wp-json\/wp\/v2\/comments?post=2133"}],"version-history":[{"count":44,"href":"https:\/\/museudofutebol.org.br\/teste\/wp-json\/wp\/v2\/pages\/2133\/revisions"}],"predecessor-version":[{"id":12861,"href":"https:\/\/museudofutebol.org.br\/teste\/wp-json\/wp\/v2\/pages\/2133\/revisions\/12861"}],"wp:attachment":[{"href":"https:\/\/museudofutebol.org.br\/teste\/wp-json\/wp\/v2\/media?parent=2133"}],"curies":[{"name":"wp","href":"https:\/\/api.w.org\/{rel}","templated":true}]}}