{"id":2135,"date":"2020-12-11T16:25:54","date_gmt":"2020-12-11T19:25:54","guid":{"rendered":"https:\/\/museudofutebol.org.br\/teste\/?page_id=2135"},"modified":"2024-09-13T14:46:24","modified_gmt":"2024-09-13T17:46:24","slug":"biblioteca-2","status":"publish","type":"page","link":"https:\/\/museudofutebol.org.br\/teste\/es\/biblioteca-2\/","title":{"rendered":"Biblioteca"},"content":{"rendered":"<div class=\"wpb-content-wrapper\"><p>[vc_row][vc_column width=&#8221;2\/3&#8243;][vc_column_text]<img decoding=\"async\" loading=\"lazy\" class=\"alignnone wp-image-3147 size-large\" src=\"https:\/\/museudofutebol.org.br\/teste\/wp-content\/uploads\/2020\/09\/DSC_0127-1024x681.jpg\" alt=\"\" width=\"1024\" height=\"681\" srcset=\"https:\/\/museudofutebol.org.br\/teste\/wp-content\/uploads\/2020\/09\/DSC_0127-1024x681.jpg 1024w, https:\/\/museudofutebol.org.br\/teste\/wp-content\/uploads\/2020\/09\/DSC_0127-300x199.jpg 300w, https:\/\/museudofutebol.org.br\/teste\/wp-content\/uploads\/2020\/09\/DSC_0127-768x511.jpg 768w, https:\/\/museudofutebol.org.br\/teste\/wp-content\/uploads\/2020\/09\/DSC_0127-1536x1021.jpg 1536w, https:\/\/museudofutebol.org.br\/teste\/wp-content\/uploads\/2020\/09\/DSC_0127-2048x1362.jpg 2048w, https:\/\/museudofutebol.org.br\/teste\/wp-content\/uploads\/2020\/09\/DSC_0127-220x146.jpg 220w, https:\/\/museudofutebol.org.br\/teste\/wp-content\/uploads\/2020\/09\/DSC_0127-50x33.jpg 50w, https:\/\/museudofutebol.org.br\/teste\/wp-content\/uploads\/2020\/09\/DSC_0127-113x75.jpg 113w\" sizes=\"(max-width:767px) 480px, (max-width:1024px) 100vw, 1024px\" \/><\/p>\n<p>El Museo del F\u00fatbol tiene la primera biblioteca y mediateca p\u00fablica especializada en f\u00fatbol en Brasil. Adem\u00e1s de libros, deja disponible tesis, art\u00edculos, peri\u00f3dicos, cat\u00e1logos, pel\u00edculas y documentales en DVD, incluyendo las entrevistas de Historia Oral producidas por el Centro de Referencia del F\u00fatbol Brasile\u00f1o (CRFB). Al todo, son m\u00e1s de 14 mil \u00edtems, en un espacio que cuenta con mesadas para lectura, wi-fi gratuito y computadoras para uso compartido.<\/p>\n<h3><strong>\u00a1Visita!<\/strong><\/h3>\n<div class=\"x_elementToProof\">\n<p>La Biblioteca y Mediateca est\u00e1 abierta de martes a s\u00e1bado, de 10 a 17 horas.<\/p>\n<p><strong>\u00bfQuieres buscar algo espec\u00edfico?<\/strong><br \/>\nPrograme una cita por correo electr\u00f3nico a crfb@museudofutebol.org.br\/teste.<\/p>\n<p>&nbsp;<\/p>\n<\/div>\n<h3><strong>Destaques del acervo<\/strong><\/h3>\n<ul>\n<li>Principales obras de literatura, sociolog\u00eda e historia del f\u00fatbol. Libros sobre clubes, campeonatos, copas del mundo y olimpiadas. Ficci\u00f3n, Infancia y Biograf\u00edas de deportistas, entrenadores y directivos.<\/li>\n<li>\u00c1lbumes de figuras facs\u00edmiles, desde la d\u00e9cada de 1940, y originales, desde la d\u00e9cada de 1970.<\/li>\n<li>Colecci\u00f3n de peri\u00f3dicos con m\u00e1s de 500 \u00edtems: Placar, El Gr\u00e1fico, Manchete Esportiva, Sport Ilustrado, Gazeta Esportiva, Revista do Esporte, y muchos m\u00e1s\u2026<\/li>\n<li>M\u00e1s de 600 CD y DVD: documentales, pel\u00edculas, corto metrajes y grabaciones de Historia Oral hacen parte de esa colecci\u00f3n.<\/li>\n<\/ul>\n<p>[\/vc_column_text][\/vc_column][vc_column width=&#8221;1\/3&#8243;][vc_wp_custommenu nav_menu=&#8221;72&#8243;][\/vc_column][\/vc_row]<\/p>\n<\/div>","protected":false},"excerpt":{"rendered":"<p>[vc_row][vc_column width=&#8221;2\/3&#8243;][vc_column_text] El Museo del F\u00fatbol tiene la primera biblioteca y mediateca p\u00fablica especializada en f\u00fatbol en Brasil. Adem\u00e1s de libros, deja disponible tesis, art\u00edculos, peri\u00f3dicos,<span class=\"excerpt-hellip\"> [\u2026]<\/span><\/p>\n","protected":false},"author":13,"featured_media":3185,"parent":0,"menu_order":0,"comment_status":"closed","ping_status":"closed","template":"","meta":[],"acf":[],"yoast_head":"<!-- This site is optimized with the Yoast SEO plugin v20.8 - https:\/\/yoast.com\/wordpress\/plugins\/seo\/ -->\n<title>Biblioteca - Museu do Futebol<\/title>\n<meta name=\"robots\" content=\"index, follow, max-snippet:-1, max-image-preview:large, max-video-preview:-1\" \/>\n<link rel=\"canonical\" href=\"https:\/\/museudofutebol.org.br\/teste\/es\/biblioteca-2\/\" \/>\n<meta property=\"og:locale\" content=\"pt_BR\" \/>\n<meta property=\"og:type\" content=\"article\" \/>\n<meta property=\"og:title\" content=\"Biblioteca - Museu do Futebol\" \/>\n<meta property=\"og:description\" content=\"[vc_row][vc_column width=&#8221;2\/3&#8243;][vc_column_text] El Museo del F\u00fatbol tiene la primera biblioteca y mediateca p\u00fablica especializada en f\u00fatbol en Brasil. Adem\u00e1s de libros, deja disponible tesis, art\u00edculos, peri\u00f3dicos, [\u2026]\" \/>\n<meta property=\"og:url\" content=\"https:\/\/museudofutebol.org.br\/teste\/es\/biblioteca-2\/\" \/>\n<meta property=\"og:site_name\" content=\"Museu do Futebol\" \/>\n<meta property=\"article:publisher\" content=\"https:\/\/www.facebook.com\/museudofutebol\" \/>\n<meta property=\"article:modified_time\" content=\"2024-09-13T17:46:24+00:00\" \/>\n<meta property=\"og:image\" content=\"https:\/\/museudofutebol.org.br\/teste\/wp-content\/uploads\/2020\/12\/destaque_biblioteca.jpg\" \/>\n\t<meta property=\"og:image:width\" content=\"640\" \/>\n\t<meta property=\"og:image:height\" content=\"360\" \/>\n\t<meta property=\"og:image:type\" content=\"image\/jpeg\" \/>\n<meta name=\"twitter:card\" content=\"summary_large_image\" \/>\n<meta name=\"twitter:site\" content=\"@museudofutebol\" \/>\n<meta name=\"twitter:label1\" content=\"Est. tempo de leitura\" \/>\n\t<meta name=\"twitter:data1\" content=\"2 minutos\" \/>\n<script type=\"application\/ld+json\" class=\"yoast-schema-graph\">{\"@context\":\"https:\/\/schema.org\",\"@graph\":[{\"@type\":\"WebPage\",\"@id\":\"https:\/\/museudofutebol.org.br\/teste\/es\/biblioteca-2\/\",\"url\":\"https:\/\/museudofutebol.org.br\/teste\/es\/biblioteca-2\/\",\"name\":\"Biblioteca - Museu do Futebol\",\"isPartOf\":{\"@id\":\"https:\/\/museudofutebol.org.br\/teste\/#website\"},\"datePublished\":\"2020-12-11T19:25:54+00:00\",\"dateModified\":\"2024-09-13T17:46:24+00:00\",\"breadcrumb\":{\"@id\":\"https:\/\/museudofutebol.org.br\/teste\/es\/biblioteca-2\/#breadcrumb\"},\"inLanguage\":\"pt-BR\",\"potentialAction\":[{\"@type\":\"ReadAction\",\"target\":[\"https:\/\/museudofutebol.org.br\/teste\/es\/biblioteca-2\/\"]}]},{\"@type\":\"BreadcrumbList\",\"@id\":\"https:\/\/museudofutebol.org.br\/teste\/es\/biblioteca-2\/#breadcrumb\",\"itemListElement\":[{\"@type\":\"ListItem\",\"position\":1,\"name\":\"In\u00edcio\",\"item\":\"https:\/\/museudofutebol.org.br\/teste\/\"},{\"@type\":\"ListItem\",\"position\":2,\"name\":\"Biblioteca\"}]},{\"@type\":\"WebSite\",\"@id\":\"https:\/\/museudofutebol.org.br\/teste\/#website\",\"url\":\"https:\/\/museudofutebol.org.br\/teste\/\",\"name\":\"Museu do Futebol\",\"description\":\"\",\"potentialAction\":[{\"@type\":\"SearchAction\",\"target\":{\"@type\":\"EntryPoint\",\"urlTemplate\":\"https:\/\/museudofutebol.org.br\/teste\/?s={search_term_string}\"},\"query-input\":\"required name=search_term_string\"}],\"inLanguage\":\"pt-BR\"}]}<\/script>\n<!-- \/ Yoast SEO plugin. -->","yoast_head_json":{"title":"Biblioteca - Museu do Futebol","robots":{"index":"index","follow":"follow","max-snippet":"max-snippet:-1","max-image-preview":"max-image-preview:large","max-video-preview":"max-video-preview:-1"},"canonical":"https:\/\/museudofutebol.org.br\/teste\/es\/biblioteca-2\/","og_locale":"pt_BR","og_type":"article","og_title":"Biblioteca - Museu do Futebol","og_description":"[vc_row][vc_column width=&#8221;2\/3&#8243;][vc_column_text] El Museo del F\u00fatbol tiene la primera biblioteca y mediateca p\u00fablica especializada en f\u00fatbol en Brasil. Adem\u00e1s de libros, deja disponible tesis, art\u00edculos, peri\u00f3dicos, [\u2026]","og_url":"https:\/\/museudofutebol.org.br\/teste\/es\/biblioteca-2\/","og_site_name":"Museu do Futebol","article_publisher":"https:\/\/www.facebook.com\/museudofutebol","article_modified_time":"2024-09-13T17:46:24+00:00","og_image":[{"width":640,"height":360,"url":"https:\/\/museudofutebol.org.br\/teste\/wp-content\/uploads\/2020\/12\/destaque_biblioteca.jpg","type":"image\/jpeg"}],"twitter_card":"summary_large_image","twitter_site":"@museudofutebol","twitter_misc":{"Est. tempo de leitura":"2 minutos"},"schema":{"@context":"https:\/\/schema.org","@graph":[{"@type":"WebPage","@id":"https:\/\/museudofutebol.org.br\/teste\/es\/biblioteca-2\/","url":"https:\/\/museudofutebol.org.br\/teste\/es\/biblioteca-2\/","name":"Biblioteca - Museu do Futebol","isPartOf":{"@id":"https:\/\/museudofutebol.org.br\/teste\/#website"},"datePublished":"2020-12-11T19:25:54+00:00","dateModified":"2024-09-13T17:46:24+00:00","breadcrumb":{"@id":"https:\/\/museudofutebol.org.br\/teste\/es\/biblioteca-2\/#breadcrumb"},"inLanguage":"pt-BR","potentialAction":[{"@type":"ReadAction","target":["https:\/\/museudofutebol.org.br\/teste\/es\/biblioteca-2\/"]}]},{"@type":"BreadcrumbList","@id":"https:\/\/museudofutebol.org.br\/teste\/es\/biblioteca-2\/#breadcrumb","itemListElement":[{"@type":"ListItem","position":1,"name":"In\u00edcio","item":"https:\/\/museudofutebol.org.br\/teste\/"},{"@type":"ListItem","position":2,"name":"Biblioteca"}]},{"@type":"WebSite","@id":"https:\/\/museudofutebol.org.br\/teste\/#website","url":"https:\/\/museudofutebol.org.br\/teste\/","name":"Museu do Futebol","description":"","potentialAction":[{"@type":"SearchAction","target":{"@type":"EntryPoint","urlTemplate":"https:\/\/museudofutebol.org.br\/teste\/?s={search_term_string}"},"query-input":"required name=search_term_string"}],"inLanguage":"pt-BR"}]}},"_links":{"self":[{"href":"https:\/\/museudofutebol.org.br\/teste\/wp-json\/wp\/v2\/pages\/2135"}],"collection":[{"href":"https:\/\/museudofutebol.org.br\/teste\/wp-json\/wp\/v2\/pages"}],"about":[{"href":"https:\/\/museudofutebol.org.br\/teste\/wp-json\/wp\/v2\/types\/page"}],"author":[{"embeddable":true,"href":"https:\/\/museudofutebol.org.br\/teste\/wp-json\/wp\/v2\/users\/13"}],"replies":[{"embeddable":true,"href":"https:\/\/museudofutebol.org.br\/teste\/wp-json\/wp\/v2\/comments?post=2135"}],"version-history":[{"count":12,"href":"https:\/\/museudofutebol.org.br\/teste\/wp-json\/wp\/v2\/pages\/2135\/revisions"}],"predecessor-version":[{"id":13610,"href":"https:\/\/museudofutebol.org.br\/teste\/wp-json\/wp\/v2\/pages\/2135\/revisions\/13610"}],"wp:featuredmedia":[{"embeddable":true,"href":"https:\/\/museudofutebol.org.br\/teste\/wp-json\/wp\/v2\/media\/3185"}],"wp:attachment":[{"href":"https:\/\/museudofutebol.org.br\/teste\/wp-json\/wp\/v2\/media?parent=2135"}],"curies":[{"name":"wp","href":"https:\/\/api.w.org\/{rel}","templated":true}]}}