{"id":2139,"date":"2020-12-11T16:33:07","date_gmt":"2020-12-11T19:33:07","guid":{"rendered":"https:\/\/museudofutebol.org.br\/teste\/?page_id=2139"},"modified":"2022-10-24T12:51:24","modified_gmt":"2022-10-24T15:51:24","slug":"tienda-y-cafeteria","status":"publish","type":"page","link":"https:\/\/museudofutebol.org.br\/teste\/es\/tienda-y-cafeteria\/","title":{"rendered":"Tienda y cafeter\u00eda"},"content":{"rendered":"<div class=\"wpb-content-wrapper\"><p>[vc_row][vc_column][vc_column_text]<\/p>\n<h4><strong>BUBU Restaurante<\/strong><\/h4>\n<p>Opciones para caf\u00e9s, comidas y meriendas r\u00e1pidas en ambiente agradable con decoraci\u00f3n moderna y c\u00e1lida, localizado en una de las tarjetas postales de la ciudad.<\/p>\n<p>Martes a Domingos, 10h-18h<\/p>\n<p>+55 11 3539.8345\u00a0 |\u00a0 contato@buburestaurante.com.br<\/p>\n<p>&nbsp;<\/p>\n<h4><strong>Futebol Superstore<\/strong><\/h4>\n<p><img decoding=\"async\" loading=\"lazy\" class=\"alignnone wp-image-3273 size-large\" src=\"https:\/\/museudofutebol.org.br\/teste\/wp-content\/uploads\/2020\/09\/20190221_135822417_iOS-1024x768.jpg\" alt=\"\" width=\"1024\" height=\"768\" srcset=\"https:\/\/museudofutebol.org.br\/teste\/wp-content\/uploads\/2020\/09\/20190221_135822417_iOS-1024x768.jpg 1024w, https:\/\/museudofutebol.org.br\/teste\/wp-content\/uploads\/2020\/09\/20190221_135822417_iOS-300x225.jpg 300w, https:\/\/museudofutebol.org.br\/teste\/wp-content\/uploads\/2020\/09\/20190221_135822417_iOS-768x576.jpg 768w, https:\/\/museudofutebol.org.br\/teste\/wp-content\/uploads\/2020\/09\/20190221_135822417_iOS-1536x1152.jpg 1536w, https:\/\/museudofutebol.org.br\/teste\/wp-content\/uploads\/2020\/09\/20190221_135822417_iOS-2048x1536.jpg 2048w, https:\/\/museudofutebol.org.br\/teste\/wp-content\/uploads\/2020\/09\/20190221_135822417_iOS-195x146.jpg 195w, https:\/\/museudofutebol.org.br\/teste\/wp-content\/uploads\/2020\/09\/20190221_135822417_iOS-50x38.jpg 50w, https:\/\/museudofutebol.org.br\/teste\/wp-content\/uploads\/2020\/09\/20190221_135822417_iOS-100x75.jpg 100w, https:\/\/museudofutebol.org.br\/teste\/wp-content\/uploads\/2020\/09\/20190221_135822417_iOS-960x720.jpg 960w\" sizes=\"(max-width:767px) 480px, (max-width:1024px) 100vw, 1024px\" \/><\/p>\n<p>Aproveche su visita al Museo del F\u00fatbol para conocer los productos de la tienda F\u00fatbol SuperStore. Aqu\u00ed usted encuentra camisas de equipos brasile\u00f1os e internacionales, pelotas, accesorios y una enorme variedad de productos relacionados al f\u00fatbol.<\/p>\n<p>Martes a Jueves: 10h &#8211; 18h<br \/>\nViernes y S\u00e1bados:\u00a0 9h &#8211; 18h<br \/>\nDomingos: 10h &#8211; 18h<\/p>\n<p>+55 11 3667.3598[\/vc_column_text][\/vc_column][\/vc_row]<\/p>\n<\/div>","protected":false},"excerpt":{"rendered":"<p>[vc_row][vc_column][vc_column_text] BUBU Restaurante Opciones para caf\u00e9s, comidas y meriendas r\u00e1pidas en ambiente agradable con decoraci\u00f3n moderna y c\u00e1lida, localizado en una de las tarjetas postales de<span class=\"excerpt-hellip\"> [\u2026]<\/span><\/p>\n","protected":false},"author":13,"featured_media":0,"parent":0,"menu_order":0,"comment_status":"closed","ping_status":"closed","template":"","meta":[],"acf":[],"yoast_head":"<!-- This site is optimized with the Yoast SEO plugin v20.8 - https:\/\/yoast.com\/wordpress\/plugins\/seo\/ -->\n<title>Tienda y cafeter\u00eda - Museu do Futebol<\/title>\n<meta name=\"robots\" content=\"index, follow, max-snippet:-1, max-image-preview:large, max-video-preview:-1\" \/>\n<link rel=\"canonical\" href=\"https:\/\/museudofutebol.org.br\/teste\/es\/tienda-y-cafeteria\/\" \/>\n<meta property=\"og:locale\" content=\"pt_BR\" \/>\n<meta property=\"og:type\" content=\"article\" \/>\n<meta property=\"og:title\" content=\"Tienda y cafeter\u00eda - Museu do Futebol\" \/>\n<meta property=\"og:description\" content=\"[vc_row][vc_column][vc_column_text] BUBU Restaurante Opciones para caf\u00e9s, comidas y meriendas r\u00e1pidas en ambiente agradable con decoraci\u00f3n moderna y c\u00e1lida, localizado en una de las tarjetas postales de [\u2026]\" \/>\n<meta property=\"og:url\" content=\"https:\/\/museudofutebol.org.br\/teste\/es\/tienda-y-cafeteria\/\" \/>\n<meta property=\"og:site_name\" content=\"Museu do Futebol\" \/>\n<meta property=\"article:publisher\" content=\"https:\/\/www.facebook.com\/museudofutebol\" \/>\n<meta property=\"article:modified_time\" content=\"2022-10-24T15:51:24+00:00\" \/>\n<meta property=\"og:image\" content=\"https:\/\/museudofutebol.org.br\/teste\/wp-content\/uploads\/2020\/09\/20190221_135822417_iOS-1024x768.jpg\" \/>\n<meta name=\"twitter:card\" content=\"summary_large_image\" \/>\n<meta name=\"twitter:site\" content=\"@museudofutebol\" \/>\n<meta name=\"twitter:label1\" content=\"Est. tempo de leitura\" \/>\n\t<meta name=\"twitter:data1\" content=\"1 minuto\" \/>\n<script type=\"application\/ld+json\" class=\"yoast-schema-graph\">{\"@context\":\"https:\/\/schema.org\",\"@graph\":[{\"@type\":\"WebPage\",\"@id\":\"https:\/\/museudofutebol.org.br\/teste\/es\/tienda-y-cafeteria\/\",\"url\":\"https:\/\/museudofutebol.org.br\/teste\/es\/tienda-y-cafeteria\/\",\"name\":\"Tienda y cafeter\u00eda - Museu do Futebol\",\"isPartOf\":{\"@id\":\"https:\/\/museudofutebol.org.br\/teste\/#website\"},\"datePublished\":\"2020-12-11T19:33:07+00:00\",\"dateModified\":\"2022-10-24T15:51:24+00:00\",\"breadcrumb\":{\"@id\":\"https:\/\/museudofutebol.org.br\/teste\/es\/tienda-y-cafeteria\/#breadcrumb\"},\"inLanguage\":\"pt-BR\",\"potentialAction\":[{\"@type\":\"ReadAction\",\"target\":[\"https:\/\/museudofutebol.org.br\/teste\/es\/tienda-y-cafeteria\/\"]}]},{\"@type\":\"BreadcrumbList\",\"@id\":\"https:\/\/museudofutebol.org.br\/teste\/es\/tienda-y-cafeteria\/#breadcrumb\",\"itemListElement\":[{\"@type\":\"ListItem\",\"position\":1,\"name\":\"In\u00edcio\",\"item\":\"https:\/\/museudofutebol.org.br\/teste\/\"},{\"@type\":\"ListItem\",\"position\":2,\"name\":\"Tienda y cafeter\u00eda\"}]},{\"@type\":\"WebSite\",\"@id\":\"https:\/\/museudofutebol.org.br\/teste\/#website\",\"url\":\"https:\/\/museudofutebol.org.br\/teste\/\",\"name\":\"Museu do Futebol\",\"description\":\"\",\"potentialAction\":[{\"@type\":\"SearchAction\",\"target\":{\"@type\":\"EntryPoint\",\"urlTemplate\":\"https:\/\/museudofutebol.org.br\/teste\/?s={search_term_string}\"},\"query-input\":\"required name=search_term_string\"}],\"inLanguage\":\"pt-BR\"}]}<\/script>\n<!-- \/ Yoast SEO plugin. -->","yoast_head_json":{"title":"Tienda y cafeter\u00eda - Museu do Futebol","robots":{"index":"index","follow":"follow","max-snippet":"max-snippet:-1","max-image-preview":"max-image-preview:large","max-video-preview":"max-video-preview:-1"},"canonical":"https:\/\/museudofutebol.org.br\/teste\/es\/tienda-y-cafeteria\/","og_locale":"pt_BR","og_type":"article","og_title":"Tienda y cafeter\u00eda - Museu do Futebol","og_description":"[vc_row][vc_column][vc_column_text] BUBU Restaurante Opciones para caf\u00e9s, comidas y meriendas r\u00e1pidas en ambiente agradable con decoraci\u00f3n moderna y c\u00e1lida, localizado en una de las tarjetas postales de [\u2026]","og_url":"https:\/\/museudofutebol.org.br\/teste\/es\/tienda-y-cafeteria\/","og_site_name":"Museu do Futebol","article_publisher":"https:\/\/www.facebook.com\/museudofutebol","article_modified_time":"2022-10-24T15:51:24+00:00","og_image":[{"url":"https:\/\/museudofutebol.org.br\/teste\/wp-content\/uploads\/2020\/09\/20190221_135822417_iOS-1024x768.jpg"}],"twitter_card":"summary_large_image","twitter_site":"@museudofutebol","twitter_misc":{"Est. tempo de leitura":"1 minuto"},"schema":{"@context":"https:\/\/schema.org","@graph":[{"@type":"WebPage","@id":"https:\/\/museudofutebol.org.br\/teste\/es\/tienda-y-cafeteria\/","url":"https:\/\/museudofutebol.org.br\/teste\/es\/tienda-y-cafeteria\/","name":"Tienda y cafeter\u00eda - Museu do Futebol","isPartOf":{"@id":"https:\/\/museudofutebol.org.br\/teste\/#website"},"datePublished":"2020-12-11T19:33:07+00:00","dateModified":"2022-10-24T15:51:24+00:00","breadcrumb":{"@id":"https:\/\/museudofutebol.org.br\/teste\/es\/tienda-y-cafeteria\/#breadcrumb"},"inLanguage":"pt-BR","potentialAction":[{"@type":"ReadAction","target":["https:\/\/museudofutebol.org.br\/teste\/es\/tienda-y-cafeteria\/"]}]},{"@type":"BreadcrumbList","@id":"https:\/\/museudofutebol.org.br\/teste\/es\/tienda-y-cafeteria\/#breadcrumb","itemListElement":[{"@type":"ListItem","position":1,"name":"In\u00edcio","item":"https:\/\/museudofutebol.org.br\/teste\/"},{"@type":"ListItem","position":2,"name":"Tienda y cafeter\u00eda"}]},{"@type":"WebSite","@id":"https:\/\/museudofutebol.org.br\/teste\/#website","url":"https:\/\/museudofutebol.org.br\/teste\/","name":"Museu do Futebol","description":"","potentialAction":[{"@type":"SearchAction","target":{"@type":"EntryPoint","urlTemplate":"https:\/\/museudofutebol.org.br\/teste\/?s={search_term_string}"},"query-input":"required name=search_term_string"}],"inLanguage":"pt-BR"}]}},"_links":{"self":[{"href":"https:\/\/museudofutebol.org.br\/teste\/wp-json\/wp\/v2\/pages\/2139"}],"collection":[{"href":"https:\/\/museudofutebol.org.br\/teste\/wp-json\/wp\/v2\/pages"}],"about":[{"href":"https:\/\/museudofutebol.org.br\/teste\/wp-json\/wp\/v2\/types\/page"}],"author":[{"embeddable":true,"href":"https:\/\/museudofutebol.org.br\/teste\/wp-json\/wp\/v2\/users\/13"}],"replies":[{"embeddable":true,"href":"https:\/\/museudofutebol.org.br\/teste\/wp-json\/wp\/v2\/comments?post=2139"}],"version-history":[{"count":5,"href":"https:\/\/museudofutebol.org.br\/teste\/wp-json\/wp\/v2\/pages\/2139\/revisions"}],"predecessor-version":[{"id":7299,"href":"https:\/\/museudofutebol.org.br\/teste\/wp-json\/wp\/v2\/pages\/2139\/revisions\/7299"}],"wp:attachment":[{"href":"https:\/\/museudofutebol.org.br\/teste\/wp-json\/wp\/v2\/media?parent=2139"}],"curies":[{"name":"wp","href":"https:\/\/api.w.org\/{rel}","templated":true}]}}