{"id":2143,"date":"2020-12-11T16:40:20","date_gmt":"2020-12-11T19:40:20","guid":{"rendered":"https:\/\/museudofutebol.org.br\/teste\/?page_id=2143"},"modified":"2021-01-08T15:43:51","modified_gmt":"2021-01-08T18:43:51","slug":"colabore","status":"publish","type":"page","link":"https:\/\/museudofutebol.org.br\/teste\/es\/colabore\/","title":{"rendered":"Colabore"},"content":{"rendered":"<div class=\"wpb-content-wrapper\"><p>[vc_row][vc_column width=&#8221;2\/3&#8243;][vc_column_text]El Museo del F\u00fatbol acepta donaciones de libros, peri\u00f3dicos, cat\u00e1logos, tesis, art\u00edculos y material audiovisual (audio, fotos y v\u00eddeos). Sin embargo, hacemos una selecci\u00f3n basada en nuestra pol\u00edtica de acervo.<\/p>\n<p>No tenemos estructura para guardar y preservar apartados materiales, pero ofrecemos la digitalizaci\u00f3n de fotos y documentos relacionados con la historia del f\u00fatbol en Brasil.<\/p>\n<p>\u00bfConoce personas, lugares y eventos importantes para la memoria del f\u00fatbol? D\u00e9 la informaci\u00f3n para el Museo del F\u00fatbol. Su referencia puede entrar al acervo. Escriba a crfb@museudofutebol.org.br\/teste.<\/p>\n<p>&nbsp;<\/p>\n<h3><strong>Conservaci\u00f3n de acervos personales\u00a0<\/strong><\/h3>\n<p>Para los que buscan informaci\u00f3n sobre como conservar sus colecciones personales, disponemos una cartilla con orientaciones b\u00e1sicas.<\/p>\n<p>Descargue este enlace: <strong><a href=\"http:\/\/educar.museudofutebol.org.br\/teste\/wp-content\/uploads\/2020\/03\/Preserve-seu-Acervo.pdf\">Follheto Preserve su Colecci\u00f3n (en portugu\u00e9s)<\/a><\/strong>[\/vc_column_text][\/vc_column][vc_column width=&#8221;1\/3&#8243;][vc_wp_custommenu nav_menu=&#8221;72&#8243;][\/vc_column][\/vc_row]<\/p>\n<\/div>","protected":false},"excerpt":{"rendered":"<p>[vc_row][vc_column width=&#8221;2\/3&#8243;][vc_column_text]El Museo del F\u00fatbol acepta donaciones de libros, peri\u00f3dicos, cat\u00e1logos, tesis, art\u00edculos y material audiovisual (audio, fotos y v\u00eddeos). Sin embargo, hacemos una selecci\u00f3n basada<span class=\"excerpt-hellip\"> [\u2026]<\/span><\/p>\n","protected":false},"author":13,"featured_media":3183,"parent":0,"menu_order":0,"comment_status":"closed","ping_status":"closed","template":"","meta":[],"acf":[],"yoast_head":"<!-- This site is optimized with the Yoast SEO plugin v20.8 - https:\/\/yoast.com\/wordpress\/plugins\/seo\/ -->\n<title>Colabore - Museu do Futebol<\/title>\n<meta name=\"robots\" content=\"index, follow, max-snippet:-1, max-image-preview:large, max-video-preview:-1\" \/>\n<link rel=\"canonical\" href=\"https:\/\/museudofutebol.org.br\/teste\/es\/colabore\/\" \/>\n<meta property=\"og:locale\" content=\"pt_BR\" \/>\n<meta property=\"og:type\" content=\"article\" \/>\n<meta property=\"og:title\" content=\"Colabore - Museu do Futebol\" \/>\n<meta property=\"og:description\" content=\"[vc_row][vc_column width=&#8221;2\/3&#8243;][vc_column_text]El Museo del F\u00fatbol acepta donaciones de libros, peri\u00f3dicos, cat\u00e1logos, tesis, art\u00edculos y material audiovisual (audio, fotos y v\u00eddeos). Sin embargo, hacemos una selecci\u00f3n basada [\u2026]\" \/>\n<meta property=\"og:url\" content=\"https:\/\/museudofutebol.org.br\/teste\/es\/colabore\/\" \/>\n<meta property=\"og:site_name\" content=\"Museu do Futebol\" \/>\n<meta property=\"article:publisher\" content=\"https:\/\/www.facebook.com\/museudofutebol\" \/>\n<meta property=\"article:modified_time\" content=\"2021-01-08T18:43:51+00:00\" \/>\n<meta property=\"og:image\" content=\"https:\/\/museudofutebol.org.br\/teste\/wp-content\/uploads\/2020\/12\/destaque_colabore.jpg\" \/>\n\t<meta property=\"og:image:width\" content=\"640\" \/>\n\t<meta property=\"og:image:height\" content=\"360\" \/>\n\t<meta property=\"og:image:type\" content=\"image\/jpeg\" \/>\n<meta name=\"twitter:card\" content=\"summary_large_image\" \/>\n<meta name=\"twitter:site\" content=\"@museudofutebol\" \/>\n<meta name=\"twitter:label1\" content=\"Est. tempo de leitura\" \/>\n\t<meta name=\"twitter:data1\" content=\"1 minuto\" \/>\n<script type=\"application\/ld+json\" class=\"yoast-schema-graph\">{\"@context\":\"https:\/\/schema.org\",\"@graph\":[{\"@type\":\"WebPage\",\"@id\":\"https:\/\/museudofutebol.org.br\/teste\/es\/colabore\/\",\"url\":\"https:\/\/museudofutebol.org.br\/teste\/es\/colabore\/\",\"name\":\"Colabore - Museu do Futebol\",\"isPartOf\":{\"@id\":\"https:\/\/museudofutebol.org.br\/teste\/#website\"},\"datePublished\":\"2020-12-11T19:40:20+00:00\",\"dateModified\":\"2021-01-08T18:43:51+00:00\",\"breadcrumb\":{\"@id\":\"https:\/\/museudofutebol.org.br\/teste\/es\/colabore\/#breadcrumb\"},\"inLanguage\":\"pt-BR\",\"potentialAction\":[{\"@type\":\"ReadAction\",\"target\":[\"https:\/\/museudofutebol.org.br\/teste\/es\/colabore\/\"]}]},{\"@type\":\"BreadcrumbList\",\"@id\":\"https:\/\/museudofutebol.org.br\/teste\/es\/colabore\/#breadcrumb\",\"itemListElement\":[{\"@type\":\"ListItem\",\"position\":1,\"name\":\"In\u00edcio\",\"item\":\"https:\/\/museudofutebol.org.br\/teste\/\"},{\"@type\":\"ListItem\",\"position\":2,\"name\":\"Colabore\"}]},{\"@type\":\"WebSite\",\"@id\":\"https:\/\/museudofutebol.org.br\/teste\/#website\",\"url\":\"https:\/\/museudofutebol.org.br\/teste\/\",\"name\":\"Museu do Futebol\",\"description\":\"\",\"potentialAction\":[{\"@type\":\"SearchAction\",\"target\":{\"@type\":\"EntryPoint\",\"urlTemplate\":\"https:\/\/museudofutebol.org.br\/teste\/?s={search_term_string}\"},\"query-input\":\"required name=search_term_string\"}],\"inLanguage\":\"pt-BR\"}]}<\/script>\n<!-- \/ Yoast SEO plugin. -->","yoast_head_json":{"title":"Colabore - Museu do Futebol","robots":{"index":"index","follow":"follow","max-snippet":"max-snippet:-1","max-image-preview":"max-image-preview:large","max-video-preview":"max-video-preview:-1"},"canonical":"https:\/\/museudofutebol.org.br\/teste\/es\/colabore\/","og_locale":"pt_BR","og_type":"article","og_title":"Colabore - Museu do Futebol","og_description":"[vc_row][vc_column width=&#8221;2\/3&#8243;][vc_column_text]El Museo del F\u00fatbol acepta donaciones de libros, peri\u00f3dicos, cat\u00e1logos, tesis, art\u00edculos y material audiovisual (audio, fotos y v\u00eddeos). Sin embargo, hacemos una selecci\u00f3n basada [\u2026]","og_url":"https:\/\/museudofutebol.org.br\/teste\/es\/colabore\/","og_site_name":"Museu do Futebol","article_publisher":"https:\/\/www.facebook.com\/museudofutebol","article_modified_time":"2021-01-08T18:43:51+00:00","og_image":[{"width":640,"height":360,"url":"https:\/\/museudofutebol.org.br\/teste\/wp-content\/uploads\/2020\/12\/destaque_colabore.jpg","type":"image\/jpeg"}],"twitter_card":"summary_large_image","twitter_site":"@museudofutebol","twitter_misc":{"Est. tempo de leitura":"1 minuto"},"schema":{"@context":"https:\/\/schema.org","@graph":[{"@type":"WebPage","@id":"https:\/\/museudofutebol.org.br\/teste\/es\/colabore\/","url":"https:\/\/museudofutebol.org.br\/teste\/es\/colabore\/","name":"Colabore - Museu do Futebol","isPartOf":{"@id":"https:\/\/museudofutebol.org.br\/teste\/#website"},"datePublished":"2020-12-11T19:40:20+00:00","dateModified":"2021-01-08T18:43:51+00:00","breadcrumb":{"@id":"https:\/\/museudofutebol.org.br\/teste\/es\/colabore\/#breadcrumb"},"inLanguage":"pt-BR","potentialAction":[{"@type":"ReadAction","target":["https:\/\/museudofutebol.org.br\/teste\/es\/colabore\/"]}]},{"@type":"BreadcrumbList","@id":"https:\/\/museudofutebol.org.br\/teste\/es\/colabore\/#breadcrumb","itemListElement":[{"@type":"ListItem","position":1,"name":"In\u00edcio","item":"https:\/\/museudofutebol.org.br\/teste\/"},{"@type":"ListItem","position":2,"name":"Colabore"}]},{"@type":"WebSite","@id":"https:\/\/museudofutebol.org.br\/teste\/#website","url":"https:\/\/museudofutebol.org.br\/teste\/","name":"Museu do Futebol","description":"","potentialAction":[{"@type":"SearchAction","target":{"@type":"EntryPoint","urlTemplate":"https:\/\/museudofutebol.org.br\/teste\/?s={search_term_string}"},"query-input":"required name=search_term_string"}],"inLanguage":"pt-BR"}]}},"_links":{"self":[{"href":"https:\/\/museudofutebol.org.br\/teste\/wp-json\/wp\/v2\/pages\/2143"}],"collection":[{"href":"https:\/\/museudofutebol.org.br\/teste\/wp-json\/wp\/v2\/pages"}],"about":[{"href":"https:\/\/museudofutebol.org.br\/teste\/wp-json\/wp\/v2\/types\/page"}],"author":[{"embeddable":true,"href":"https:\/\/museudofutebol.org.br\/teste\/wp-json\/wp\/v2\/users\/13"}],"replies":[{"embeddable":true,"href":"https:\/\/museudofutebol.org.br\/teste\/wp-json\/wp\/v2\/comments?post=2143"}],"version-history":[{"count":2,"href":"https:\/\/museudofutebol.org.br\/teste\/wp-json\/wp\/v2\/pages\/2143\/revisions"}],"predecessor-version":[{"id":2323,"href":"https:\/\/museudofutebol.org.br\/teste\/wp-json\/wp\/v2\/pages\/2143\/revisions\/2323"}],"wp:featuredmedia":[{"embeddable":true,"href":"https:\/\/museudofutebol.org.br\/teste\/wp-json\/wp\/v2\/media\/3183"}],"wp:attachment":[{"href":"https:\/\/museudofutebol.org.br\/teste\/wp-json\/wp\/v2\/media?parent=2143"}],"curies":[{"name":"wp","href":"https:\/\/api.w.org\/{rel}","templated":true}]}}