{"id":3732,"date":"2021-04-05T17:31:12","date_gmt":"2021-04-05T20:31:12","guid":{"rendered":"https:\/\/museudofutebol.org.br\/teste\/?page_id=3732"},"modified":"2024-03-26T15:39:03","modified_gmt":"2024-03-26T18:39:03","slug":"fornecedores","status":"publish","type":"page","link":"https:\/\/museudofutebol.org.br\/teste\/fornecedores\/","title":{"rendered":"Rela\u00e7\u00e3o de Pagamentos de Fornecedores"},"content":{"rendered":"<div class=\"wpb-content-wrapper\"><p>[vc_row][vc_column width=&#8221;2\/3&#8243;][vc_toggle title=&#8221;Rela\u00e7\u00e3o de Pagamentos de Fornecedores&#8221;]<\/p>\n<ul>\n<li><a href=\"https:\/\/museudofutebol.org.br\/teste\/wp-content\/uploads\/2021\/04\/RELACAO-DE-CONTRATOS-2020.pdf\" target=\"_blank\" rel=\"noopener noreferrer\">Rela\u00e7\u00e3o de Contratos 2020 CG N\u00ba 04\/2016 &#8211; PDF<\/a><\/li>\n<li><a href=\"https:\/\/museudofutebol.org.br\/teste\/wp-content\/uploads\/2021\/04\/RELACAO-DE-CONTRATOS-2020.xlsx\" target=\"_blank\" rel=\"noopener noreferrer\">Rela\u00e7\u00e3o de Contratos 2020 CG N\u00ba 04\/2016 &#8211; XLSX<\/a><\/li>\n<li><a href=\"https:\/\/museudofutebol.org.br\/teste\/wp-content\/uploads\/2022\/03\/REL-CONT-04.2016.pdf\" target=\"_blank\" rel=\"noopener noreferrer\">Rela\u00e7\u00e3o de Contratos 2021 CG N\u00ba 04\/2016 &#8211; PDF<\/a><\/li>\n<li><a href=\"https:\/\/museudofutebol.org.br\/teste\/wp-content\/uploads\/2022\/03\/REL-CONT-04.2016.xlsx\" target=\"_blank\" rel=\"noopener noreferrer\">Rela\u00e7\u00e3o de Contratos 2021 CG N\u00ba 04\/2016 &#8211; XLSX<\/a><\/li>\n<li><a href=\"https:\/\/museudofutebol.org.br\/teste\/wp-content\/uploads\/2022\/03\/REL-CONT-03.2021.pdf\" target=\"_blank\" rel=\"noopener noreferrer\">Rela\u00e7\u00e3o de Contratos 2021 CG N\u00ba 03\/2021 &#8211; PDF<\/a><\/li>\n<li><a href=\"https:\/\/museudofutebol.org.br\/teste\/wp-content\/uploads\/2022\/03\/REL-CONT-03.2021.xlsx\" target=\"_blank\" rel=\"noopener noreferrer\">Rela\u00e7\u00e3o de Contratos 2021 CG N\u00ba 03\/2021 &#8211; XLSX<\/a><\/li>\n<li><a href=\"https:\/\/museudofutebol.org.br\/teste\/wp-content\/uploads\/2023\/03\/2_RELACAO-DE-CONTRATOS-2022-CG-No-03.2021-PDF.pdf\" target=\"_blank\" rel=\"noopener noreferrer\">Rela\u00e7\u00e3o de Contratos 2022 CG N\u00ba 03\/2021 &#8211; PDF<\/a><\/li>\n<li><a href=\"https:\/\/museudofutebol.org.br\/teste\/wp-content\/uploads\/2023\/03\/2_RELACAO-DE-CONTRATOS-2022-CG-No-03.2021-XLSX.xlsx\" target=\"_blank\" rel=\"noopener noreferrer\">Rela\u00e7\u00e3o de Contratos 2022 CG N\u00ba 03\/2021 &#8211; XLSX<\/a><\/li>\n<li><a href=\"https:\/\/museudofutebol.org.br\/teste\/wp-content\/uploads\/2024\/03\/RELACAO_CONTRATOS_2023_CG_03_2021.pdf\" target=\"_blank\" rel=\"noopener noreferrer\">Rela\u00e7\u00e3o de Contratos 2023 CG N\u00ba 03\/2021 &#8211; PDF<\/a><\/li>\n<li><a href=\"https:\/\/museudofutebol.org.br\/teste\/wp-content\/uploads\/2024\/03\/RELACAO_CONTRATOS_2023_CG_03_2021.xlsx\" target=\"_blank\" rel=\"noopener noreferrer\">Rela\u00e7\u00e3o de Contratos 2023 CG N\u00ba 03\/2021 &#8211; XLSX<\/a><\/li>\n<\/ul>\n<p>[\/vc_toggle][\/vc_column][vc_column width=&#8221;1\/3&#8243;][vc_wp_custommenu nav_menu=&#8221;22&#8243;][\/vc_column][\/vc_row]<\/p>\n<\/div>","protected":false},"excerpt":{"rendered":"<p>[vc_row][vc_column width=&#8221;2\/3&#8243;][vc_toggle title=&#8221;Rela\u00e7\u00e3o de Pagamentos de Fornecedores&#8221;] Rela\u00e7\u00e3o de Contratos 2020 CG N\u00ba 04\/2016 &#8211; PDF Rela\u00e7\u00e3o de Contratos 2020 CG N\u00ba 04\/2016 &#8211; XLSX Rela\u00e7\u00e3o<span class=\"excerpt-hellip\"> [\u2026]<\/span><\/p>\n","protected":false},"author":12,"featured_media":0,"parent":0,"menu_order":0,"comment_status":"closed","ping_status":"closed","template":"","meta":[],"acf":[],"yoast_head":"<!-- This site is optimized with the Yoast SEO plugin v20.8 - https:\/\/yoast.com\/wordpress\/plugins\/seo\/ -->\n<title>Rela\u00e7\u00e3o de Pagamentos de Fornecedores - Museu do Futebol<\/title>\n<meta name=\"robots\" content=\"index, follow, max-snippet:-1, max-image-preview:large, max-video-preview:-1\" \/>\n<link rel=\"canonical\" href=\"https:\/\/museudofutebol.org.br\/teste\/fornecedores\/\" \/>\n<meta property=\"og:locale\" content=\"pt_BR\" \/>\n<meta property=\"og:type\" content=\"article\" \/>\n<meta property=\"og:title\" content=\"Rela\u00e7\u00e3o de Pagamentos de Fornecedores - Museu do Futebol\" \/>\n<meta property=\"og:description\" content=\"[vc_row][vc_column width=&#8221;2\/3&#8243;][vc_toggle title=&#8221;Rela\u00e7\u00e3o de Pagamentos de Fornecedores&#8221;] Rela\u00e7\u00e3o de Contratos 2020 CG N\u00ba 04\/2016 &#8211; PDF Rela\u00e7\u00e3o de Contratos 2020 CG N\u00ba 04\/2016 &#8211; XLSX Rela\u00e7\u00e3o [\u2026]\" \/>\n<meta property=\"og:url\" content=\"https:\/\/museudofutebol.org.br\/teste\/fornecedores\/\" \/>\n<meta property=\"og:site_name\" content=\"Museu do Futebol\" \/>\n<meta property=\"article:publisher\" content=\"https:\/\/www.facebook.com\/museudofutebol\" \/>\n<meta property=\"article:modified_time\" content=\"2024-03-26T18:39:03+00:00\" \/>\n<meta name=\"twitter:card\" content=\"summary_large_image\" \/>\n<meta name=\"twitter:site\" content=\"@museudofutebol\" \/>\n<meta name=\"twitter:label1\" content=\"Est. tempo de leitura\" \/>\n\t<meta name=\"twitter:data1\" content=\"1 minuto\" \/>\n<script type=\"application\/ld+json\" class=\"yoast-schema-graph\">{\"@context\":\"https:\/\/schema.org\",\"@graph\":[{\"@type\":\"WebPage\",\"@id\":\"https:\/\/museudofutebol.org.br\/teste\/fornecedores\/\",\"url\":\"https:\/\/museudofutebol.org.br\/teste\/fornecedores\/\",\"name\":\"Rela\u00e7\u00e3o de Pagamentos de Fornecedores - Museu do Futebol\",\"isPartOf\":{\"@id\":\"https:\/\/museudofutebol.org.br\/teste\/#website\"},\"datePublished\":\"2021-04-05T20:31:12+00:00\",\"dateModified\":\"2024-03-26T18:39:03+00:00\",\"breadcrumb\":{\"@id\":\"https:\/\/museudofutebol.org.br\/teste\/fornecedores\/#breadcrumb\"},\"inLanguage\":\"pt-BR\",\"potentialAction\":[{\"@type\":\"ReadAction\",\"target\":[\"https:\/\/museudofutebol.org.br\/teste\/fornecedores\/\"]}]},{\"@type\":\"BreadcrumbList\",\"@id\":\"https:\/\/museudofutebol.org.br\/teste\/fornecedores\/#breadcrumb\",\"itemListElement\":[{\"@type\":\"ListItem\",\"position\":1,\"name\":\"In\u00edcio\",\"item\":\"https:\/\/museudofutebol.org.br\/teste\/\"},{\"@type\":\"ListItem\",\"position\":2,\"name\":\"Rela\u00e7\u00e3o de Pagamentos de Fornecedores\"}]},{\"@type\":\"WebSite\",\"@id\":\"https:\/\/museudofutebol.org.br\/teste\/#website\",\"url\":\"https:\/\/museudofutebol.org.br\/teste\/\",\"name\":\"Museu do Futebol\",\"description\":\"\",\"potentialAction\":[{\"@type\":\"SearchAction\",\"target\":{\"@type\":\"EntryPoint\",\"urlTemplate\":\"https:\/\/museudofutebol.org.br\/teste\/?s={search_term_string}\"},\"query-input\":\"required name=search_term_string\"}],\"inLanguage\":\"pt-BR\"}]}<\/script>\n<!-- \/ Yoast SEO plugin. -->","yoast_head_json":{"title":"Rela\u00e7\u00e3o de Pagamentos de Fornecedores - Museu do Futebol","robots":{"index":"index","follow":"follow","max-snippet":"max-snippet:-1","max-image-preview":"max-image-preview:large","max-video-preview":"max-video-preview:-1"},"canonical":"https:\/\/museudofutebol.org.br\/teste\/fornecedores\/","og_locale":"pt_BR","og_type":"article","og_title":"Rela\u00e7\u00e3o de Pagamentos de Fornecedores - Museu do Futebol","og_description":"[vc_row][vc_column width=&#8221;2\/3&#8243;][vc_toggle title=&#8221;Rela\u00e7\u00e3o de Pagamentos de Fornecedores&#8221;] Rela\u00e7\u00e3o de Contratos 2020 CG N\u00ba 04\/2016 &#8211; PDF Rela\u00e7\u00e3o de Contratos 2020 CG N\u00ba 04\/2016 &#8211; XLSX Rela\u00e7\u00e3o [\u2026]","og_url":"https:\/\/museudofutebol.org.br\/teste\/fornecedores\/","og_site_name":"Museu do Futebol","article_publisher":"https:\/\/www.facebook.com\/museudofutebol","article_modified_time":"2024-03-26T18:39:03+00:00","twitter_card":"summary_large_image","twitter_site":"@museudofutebol","twitter_misc":{"Est. tempo de leitura":"1 minuto"},"schema":{"@context":"https:\/\/schema.org","@graph":[{"@type":"WebPage","@id":"https:\/\/museudofutebol.org.br\/teste\/fornecedores\/","url":"https:\/\/museudofutebol.org.br\/teste\/fornecedores\/","name":"Rela\u00e7\u00e3o de Pagamentos de Fornecedores - Museu do Futebol","isPartOf":{"@id":"https:\/\/museudofutebol.org.br\/teste\/#website"},"datePublished":"2021-04-05T20:31:12+00:00","dateModified":"2024-03-26T18:39:03+00:00","breadcrumb":{"@id":"https:\/\/museudofutebol.org.br\/teste\/fornecedores\/#breadcrumb"},"inLanguage":"pt-BR","potentialAction":[{"@type":"ReadAction","target":["https:\/\/museudofutebol.org.br\/teste\/fornecedores\/"]}]},{"@type":"BreadcrumbList","@id":"https:\/\/museudofutebol.org.br\/teste\/fornecedores\/#breadcrumb","itemListElement":[{"@type":"ListItem","position":1,"name":"In\u00edcio","item":"https:\/\/museudofutebol.org.br\/teste\/"},{"@type":"ListItem","position":2,"name":"Rela\u00e7\u00e3o de Pagamentos de Fornecedores"}]},{"@type":"WebSite","@id":"https:\/\/museudofutebol.org.br\/teste\/#website","url":"https:\/\/museudofutebol.org.br\/teste\/","name":"Museu do Futebol","description":"","potentialAction":[{"@type":"SearchAction","target":{"@type":"EntryPoint","urlTemplate":"https:\/\/museudofutebol.org.br\/teste\/?s={search_term_string}"},"query-input":"required name=search_term_string"}],"inLanguage":"pt-BR"}]}},"_links":{"self":[{"href":"https:\/\/museudofutebol.org.br\/teste\/wp-json\/wp\/v2\/pages\/3732"}],"collection":[{"href":"https:\/\/museudofutebol.org.br\/teste\/wp-json\/wp\/v2\/pages"}],"about":[{"href":"https:\/\/museudofutebol.org.br\/teste\/wp-json\/wp\/v2\/types\/page"}],"author":[{"embeddable":true,"href":"https:\/\/museudofutebol.org.br\/teste\/wp-json\/wp\/v2\/users\/12"}],"replies":[{"embeddable":true,"href":"https:\/\/museudofutebol.org.br\/teste\/wp-json\/wp\/v2\/comments?post=3732"}],"version-history":[{"count":9,"href":"https:\/\/museudofutebol.org.br\/teste\/wp-json\/wp\/v2\/pages\/3732\/revisions"}],"predecessor-version":[{"id":11819,"href":"https:\/\/museudofutebol.org.br\/teste\/wp-json\/wp\/v2\/pages\/3732\/revisions\/11819"}],"wp:attachment":[{"href":"https:\/\/museudofutebol.org.br\/teste\/wp-json\/wp\/v2\/media?parent=3732"}],"curies":[{"name":"wp","href":"https:\/\/api.w.org\/{rel}","templated":true}]}}