{"id":3984,"date":"2021-06-16T21:04:14","date_gmt":"2021-06-17T00:04:14","guid":{"rendered":"https:\/\/museudofutebol.org.br\/teste\/?page_id=3984"},"modified":"2022-03-29T17:39:42","modified_gmt":"2022-03-29T20:39:42","slug":"marcelo-carvalho","status":"publish","type":"page","link":"https:\/\/museudofutebol.org.br\/teste\/marcelo-carvalho\/","title":{"rendered":"Marcelo Carvalho"},"content":{"rendered":"<div class=\"wpb-content-wrapper\"><p>[vc_row][vc_column][vc_column_text]<span style=\"font-weight: 400;\"><img decoding=\"async\" loading=\"lazy\" class=\"alignnone size-medium wp-image-4050\" src=\"https:\/\/museudofutebol.org.br\/teste\/wp-content\/uploads\/2021\/06\/mdf_0004_tdr_imagem_site_1024-x-704_Marcelo_ls-640x440.jpg\" alt=\"Marcelo Carvalho, um homem negro, numa foto em preto e branco em ambiente urbano, veste uma camisa onde est\u00e1 escrito &quot;Chega de discrimina\u00e7\u00e3o&quot;\" width=\"640\" height=\"440\" srcset=\"https:\/\/museudofutebol.org.br\/teste\/wp-content\/uploads\/2021\/06\/mdf_0004_tdr_imagem_site_1024-x-704_Marcelo_ls-640x440.jpg 640w, https:\/\/museudofutebol.org.br\/teste\/wp-content\/uploads\/2021\/06\/mdf_0004_tdr_imagem_site_1024-x-704_Marcelo_ls-768x528.jpg 768w, https:\/\/museudofutebol.org.br\/teste\/wp-content\/uploads\/2021\/06\/mdf_0004_tdr_imagem_site_1024-x-704_Marcelo_ls-212x146.jpg 212w, https:\/\/museudofutebol.org.br\/teste\/wp-content\/uploads\/2021\/06\/mdf_0004_tdr_imagem_site_1024-x-704_Marcelo_ls-50x34.jpg 50w, https:\/\/museudofutebol.org.br\/teste\/wp-content\/uploads\/2021\/06\/mdf_0004_tdr_imagem_site_1024-x-704_Marcelo_ls-109x75.jpg 109w, https:\/\/museudofutebol.org.br\/teste\/wp-content\/uploads\/2021\/06\/mdf_0004_tdr_imagem_site_1024-x-704_Marcelo_ls.jpg 1024w\" sizes=\"(max-width:767px) 480px, 640px\" \/><\/span><\/p>\n<p><span style=\"font-weight: 400;\">No imagin\u00e1rio de diversos meninos e meninas pretos e pobres que correm atr\u00e1s de uma bola em alguma rua, viela ou campinho de terra est\u00e1 o sonho de um dia se tornar um jogador de futebol, de ser o Pelezinho ou a Marta. Marcar um gol na final do campeonato, ser idolatrado e dar uma vida melhor a sua m\u00e3e. No imagin\u00e1rio de milhares de meninos e meninas a fama vai aplacar o racismo e o dinheiro vai afastar todas as dores do mundo.<\/span><\/p>\n<p><span style=\"font-weight: 400;\">Na imagina\u00e7\u00e3o, as dores causadas pela fome, pela cor de pele e pela completa aus\u00eancia do estado em dar uma vida digna a popula\u00e7\u00e3o mais pobre e vulner\u00e1vel vai desaparecer quando o sonho de ser jogador de futebol for realizado.\u00a0<\/span><\/p>\n<p><span style=\"font-weight: 400;\">As agruras e dificuldades de tornar o sonho em realidade ser\u00e3o dribladas com a ginga do corpo, com o sorriso de quem transforma uma bola de meia em uma pelota profissional. Afinal, na parede da sala da casa da sua av\u00f3 est\u00e1 a imagem de um time multicampe\u00e3o formado por jogadores brancos e pretos, por homens de diversas caracter\u00edsticas.\u00a0 As hist\u00f3rias daquele super time apresentam her\u00f3is que venceram tudo e chegaram l\u00e1.<\/span><\/p>\n<p><span style=\"font-weight: 400;\">A realidade do racismo que se apresenta quando na viagem do \u00f4nibus algu\u00e9m esconde a bolsa, ou levanta para n\u00e3o ter a companhia do menino negro ser\u00e1 passado quando a fama chegar. Ser\u00e1 mera lembran\u00e7a quando o dinheiro come\u00e7ar a se acumular na conta banc\u00e1ria. A\u00ed o \u00f4nibus ser\u00e1 substitu\u00eddo por um super carr\u00e3o do ano. A casa mal-acabada numa super mans\u00e3o com piscina.\u00a0 A discrimina\u00e7\u00e3o por conta da sua cor ou da origem social ser\u00e1 passado.<\/span><\/p>\n<p><span style=\"font-weight: 400;\">Mas essa realidade nunca vai chegar. <\/span><\/p>\n<h3><span style=\"font-weight: 400;\"><strong>A COR DA PELE SER\u00c1 SEMPRE LEMBRADA<\/strong>, SEJA QUANDO FOR PROCURAR UMA CASA, UM EMPREGO, UMA ESCOLA, <strong>UM CLUBE<\/strong>.\u00a0<\/span><\/h3>\n<p><span style=\"font-weight: 400;\">A cor da pele n\u00e3o ser\u00e1 esquecida nem mesmo se o sonho de se tornar um jogador de futebol profissional chegar. Nem mesmo com a fama ou com o gol da vit\u00f3ria que leva ao t\u00edtulo. A cor da pele ser\u00e1 lembrada quando da arquibancada algu\u00e9m gritar \u201cpega esse macaco\u201d.<\/span><\/p>\n<p><span style=\"font-weight: 400;\">A pele negra ser\u00e1 lembrada quando houver um erro, ou um pretenso erro, at\u00e9 mesmo quando n\u00e3o corresponder ao que o torcedor esperava. Vai descobrir ao longo da vida que o futebol jamais o aceitou por completo e que numa primeira falha v\u00e3o tratar de desumaniz\u00e1-lo.\u00a0<\/span><\/p>\n<p><span style=\"font-weight: 400;\">Ao ouvir um grito racista vai olhar para o juiz e n\u00e3o encontrar\u00e1 um aliado, que tamb\u00e9m n\u00e3o vai estar no banco de reserva, nem mesmo nas tribunas onde se encontram os dirigentes. O sonho que o dinheiro e a fama v\u00e3o esconder sua negritude vai se tornar um pesadelo, numa realidade nua e crua que vai se apresentar de forma inesperada e que poder\u00e1 vir at\u00e9 mesmo por um companheiro de equipe ou de um colega de profiss\u00e3o que joga na equipe advers\u00e1ria.<\/span><\/p>\n<p><span style=\"font-weight: 400;\">Talvez haja mil microfones em sua dire\u00e7\u00e3o questionando o que vai fazer ap\u00f3s sofrer com a viol\u00eancia do racismo, vai receber alguns tapinhas nas costas de apoio, contudo vai descobrir da forma mais dolorosa poss\u00edvel que aquela \u00e9 uma luta s\u00f3 sua. Talvez sua e de seu travesseiro no sil\u00eancio da noite, onde vai derramar l\u00e1grimas de tristeza escondido.<\/span><\/p>\n<p><span style=\"font-weight: 400;\">Tudo que sempre imaginou do futebol vai acabar da forma mais cruel poss\u00edvel. Assim \u00e9. Assim sempre foi. O futebol nunca aceitou completamente a presen\u00e7a de homens e mulheres negros. O futebol n\u00e3o acolheu esses corpos escuros na luta contra o racismo. Aceitou pela habilidade, pela possibilidade de vit\u00f3rias e t\u00edtulos.\u00a0<\/span><\/p>\n<p><span style=\"font-weight: 400;\">Casos de racismo s\u00e3o comuns desde que o futebol chegou ao Brasil, j\u00e1 foi muito pior quando n\u00e3o permitia que nenhum negro entrasse em campo. Se transformou um exemplo da democracia racial brasileira quando o futebol se tornou popular e idolatrou homens negros. Mas importante lembrar que a tal democracia racial n\u00e3o passou de um mito.<\/span><\/p>\n<p><span style=\"font-weight: 400;\">Mas foi cruel quando n\u00e3o levou para a sele\u00e7\u00e3o quem tinha a pele escura. Foi cruel quando silenciou e n\u00e3o defendeu quem foi insultado e foi completamente desumano quando sentenciou um homem negro \u00e0 pris\u00e3o perp\u00e9tua ap\u00f3s uma derrota.<\/span><\/p>\n<h3><span style=\"font-weight: 400;\">O FUTEBOL NOS D\u00c1 A ALEGRIA DA VIT\u00d3RIA E A DOR DA DERROTA E DE UNS ANOS PARA C\u00c1 EST\u00c1 NOS DANDO TAMB\u00c9M A POSSIBILIDADE DE TRANSFORMAR O ESPORTE MAIS POPULAR DO PLANETA EM UM <strong>ESPA\u00c7O DE LUTA<\/strong>.\u00a0<\/span><\/h3>\n<p><span style=\"font-weight: 400;\">O Observat\u00f3rio da Discrimina\u00e7\u00e3o Racial no Futebol ajudou o Brasil, seus clubes, dirigentes e entidades a transformarem seus espa\u00e7os em possibilidade de comunica\u00e7\u00e3o com seus torcedores, em possibilidade de usar de tamanha visibilidade para debater o racismo estrutural e recreativo.<\/span><\/p>\n<p><span style=\"font-weight: 400;\">O futebol est\u00e1 muito longe de ser o espa\u00e7o que meninos negros sonham e sonharam, mas um passo importante foi dado e hoje o debate ganha cada vez mais voz e vez. O debate ganhou os campos, arquibancadas, entrevistas coletivas e agora o Museu do Futebol.<\/span><\/p>\n<p><span style=\"font-weight: 400;\">Vida longa ao Observat\u00f3rio da Discrimina\u00e7\u00e3o Racial no Futebol. Vida longa aos que sonham em transformar um mundo num lugar melhor.<\/span><\/p>\n<p><b><br \/>\nMarcelo Medeiros Carvalho<br \/>\n<\/b>Observat\u00f3rio da Discrimina\u00e7\u00e3o Racial no Futebol<\/p>\n<p><em><br \/>\nVers\u00e3o completa do texto apresentado na exposi\u00e7\u00e3o Tempo de Rea\u00e7\u00e3o &#8211; 100 anos do goleiro Barbosa.<\/em>[\/vc_column_text][\/vc_column][\/vc_row]<\/p>\n<\/div>","protected":false},"excerpt":{"rendered":"<p>[vc_row][vc_column][vc_column_text] No imagin\u00e1rio de diversos meninos e meninas pretos e pobres que correm atr\u00e1s de uma bola em alguma rua, viela ou campinho de terra est\u00e1<span class=\"excerpt-hellip\"> [\u2026]<\/span><\/p>\n","protected":false},"author":13,"featured_media":4050,"parent":0,"menu_order":0,"comment_status":"closed","ping_status":"closed","template":"","meta":[],"acf":[],"yoast_head":"<!-- This site is optimized with the Yoast SEO plugin v20.8 - https:\/\/yoast.com\/wordpress\/plugins\/seo\/ -->\n<title>Marcelo Carvalho - Museu do Futebol<\/title>\n<meta name=\"robots\" content=\"index, follow, max-snippet:-1, max-image-preview:large, max-video-preview:-1\" \/>\n<link rel=\"canonical\" href=\"https:\/\/museudofutebol.org.br\/teste\/marcelo-carvalho\/\" \/>\n<meta property=\"og:locale\" content=\"pt_BR\" \/>\n<meta property=\"og:type\" content=\"article\" \/>\n<meta property=\"og:title\" content=\"Marcelo Carvalho - Museu do Futebol\" \/>\n<meta property=\"og:description\" content=\"[vc_row][vc_column][vc_column_text] No imagin\u00e1rio de diversos meninos e meninas pretos e pobres que correm atr\u00e1s de uma bola em alguma rua, viela ou campinho de terra est\u00e1 [\u2026]\" \/>\n<meta property=\"og:url\" content=\"https:\/\/museudofutebol.org.br\/teste\/marcelo-carvalho\/\" \/>\n<meta property=\"og:site_name\" content=\"Museu do Futebol\" \/>\n<meta property=\"article:publisher\" content=\"https:\/\/www.facebook.com\/museudofutebol\" \/>\n<meta property=\"article:modified_time\" content=\"2022-03-29T20:39:42+00:00\" \/>\n<meta property=\"og:image\" content=\"https:\/\/museudofutebol.org.br\/teste\/wp-content\/uploads\/2021\/06\/mdf_0004_tdr_imagem_site_1024-x-704_Marcelo_ls.jpg\" \/>\n\t<meta property=\"og:image:width\" content=\"1024\" \/>\n\t<meta property=\"og:image:height\" content=\"704\" \/>\n\t<meta property=\"og:image:type\" content=\"image\/jpeg\" \/>\n<meta name=\"twitter:card\" content=\"summary_large_image\" \/>\n<meta name=\"twitter:site\" content=\"@museudofutebol\" \/>\n<meta name=\"twitter:label1\" content=\"Est. tempo de leitura\" \/>\n\t<meta name=\"twitter:data1\" content=\"5 minutos\" \/>\n<script type=\"application\/ld+json\" class=\"yoast-schema-graph\">{\"@context\":\"https:\/\/schema.org\",\"@graph\":[{\"@type\":\"WebPage\",\"@id\":\"https:\/\/museudofutebol.org.br\/teste\/marcelo-carvalho\/\",\"url\":\"https:\/\/museudofutebol.org.br\/teste\/marcelo-carvalho\/\",\"name\":\"Marcelo Carvalho - Museu do Futebol\",\"isPartOf\":{\"@id\":\"https:\/\/museudofutebol.org.br\/teste\/#website\"},\"datePublished\":\"2021-06-17T00:04:14+00:00\",\"dateModified\":\"2022-03-29T20:39:42+00:00\",\"breadcrumb\":{\"@id\":\"https:\/\/museudofutebol.org.br\/teste\/marcelo-carvalho\/#breadcrumb\"},\"inLanguage\":\"pt-BR\",\"potentialAction\":[{\"@type\":\"ReadAction\",\"target\":[\"https:\/\/museudofutebol.org.br\/teste\/marcelo-carvalho\/\"]}]},{\"@type\":\"BreadcrumbList\",\"@id\":\"https:\/\/museudofutebol.org.br\/teste\/marcelo-carvalho\/#breadcrumb\",\"itemListElement\":[{\"@type\":\"ListItem\",\"position\":1,\"name\":\"In\u00edcio\",\"item\":\"https:\/\/museudofutebol.org.br\/teste\/\"},{\"@type\":\"ListItem\",\"position\":2,\"name\":\"Marcelo Carvalho\"}]},{\"@type\":\"WebSite\",\"@id\":\"https:\/\/museudofutebol.org.br\/teste\/#website\",\"url\":\"https:\/\/museudofutebol.org.br\/teste\/\",\"name\":\"Museu do Futebol\",\"description\":\"\",\"potentialAction\":[{\"@type\":\"SearchAction\",\"target\":{\"@type\":\"EntryPoint\",\"urlTemplate\":\"https:\/\/museudofutebol.org.br\/teste\/?s={search_term_string}\"},\"query-input\":\"required name=search_term_string\"}],\"inLanguage\":\"pt-BR\"}]}<\/script>\n<!-- \/ Yoast SEO plugin. -->","yoast_head_json":{"title":"Marcelo Carvalho - Museu do Futebol","robots":{"index":"index","follow":"follow","max-snippet":"max-snippet:-1","max-image-preview":"max-image-preview:large","max-video-preview":"max-video-preview:-1"},"canonical":"https:\/\/museudofutebol.org.br\/teste\/marcelo-carvalho\/","og_locale":"pt_BR","og_type":"article","og_title":"Marcelo Carvalho - Museu do Futebol","og_description":"[vc_row][vc_column][vc_column_text] No imagin\u00e1rio de diversos meninos e meninas pretos e pobres que correm atr\u00e1s de uma bola em alguma rua, viela ou campinho de terra est\u00e1 [\u2026]","og_url":"https:\/\/museudofutebol.org.br\/teste\/marcelo-carvalho\/","og_site_name":"Museu do Futebol","article_publisher":"https:\/\/www.facebook.com\/museudofutebol","article_modified_time":"2022-03-29T20:39:42+00:00","og_image":[{"width":1024,"height":704,"url":"https:\/\/museudofutebol.org.br\/teste\/wp-content\/uploads\/2021\/06\/mdf_0004_tdr_imagem_site_1024-x-704_Marcelo_ls.jpg","type":"image\/jpeg"}],"twitter_card":"summary_large_image","twitter_site":"@museudofutebol","twitter_misc":{"Est. tempo de leitura":"5 minutos"},"schema":{"@context":"https:\/\/schema.org","@graph":[{"@type":"WebPage","@id":"https:\/\/museudofutebol.org.br\/teste\/marcelo-carvalho\/","url":"https:\/\/museudofutebol.org.br\/teste\/marcelo-carvalho\/","name":"Marcelo Carvalho - Museu do Futebol","isPartOf":{"@id":"https:\/\/museudofutebol.org.br\/teste\/#website"},"datePublished":"2021-06-17T00:04:14+00:00","dateModified":"2022-03-29T20:39:42+00:00","breadcrumb":{"@id":"https:\/\/museudofutebol.org.br\/teste\/marcelo-carvalho\/#breadcrumb"},"inLanguage":"pt-BR","potentialAction":[{"@type":"ReadAction","target":["https:\/\/museudofutebol.org.br\/teste\/marcelo-carvalho\/"]}]},{"@type":"BreadcrumbList","@id":"https:\/\/museudofutebol.org.br\/teste\/marcelo-carvalho\/#breadcrumb","itemListElement":[{"@type":"ListItem","position":1,"name":"In\u00edcio","item":"https:\/\/museudofutebol.org.br\/teste\/"},{"@type":"ListItem","position":2,"name":"Marcelo Carvalho"}]},{"@type":"WebSite","@id":"https:\/\/museudofutebol.org.br\/teste\/#website","url":"https:\/\/museudofutebol.org.br\/teste\/","name":"Museu do Futebol","description":"","potentialAction":[{"@type":"SearchAction","target":{"@type":"EntryPoint","urlTemplate":"https:\/\/museudofutebol.org.br\/teste\/?s={search_term_string}"},"query-input":"required name=search_term_string"}],"inLanguage":"pt-BR"}]}},"_links":{"self":[{"href":"https:\/\/museudofutebol.org.br\/teste\/wp-json\/wp\/v2\/pages\/3984"}],"collection":[{"href":"https:\/\/museudofutebol.org.br\/teste\/wp-json\/wp\/v2\/pages"}],"about":[{"href":"https:\/\/museudofutebol.org.br\/teste\/wp-json\/wp\/v2\/types\/page"}],"author":[{"embeddable":true,"href":"https:\/\/museudofutebol.org.br\/teste\/wp-json\/wp\/v2\/users\/13"}],"replies":[{"embeddable":true,"href":"https:\/\/museudofutebol.org.br\/teste\/wp-json\/wp\/v2\/comments?post=3984"}],"version-history":[{"count":7,"href":"https:\/\/museudofutebol.org.br\/teste\/wp-json\/wp\/v2\/pages\/3984\/revisions"}],"predecessor-version":[{"id":5566,"href":"https:\/\/museudofutebol.org.br\/teste\/wp-json\/wp\/v2\/pages\/3984\/revisions\/5566"}],"wp:featuredmedia":[{"embeddable":true,"href":"https:\/\/museudofutebol.org.br\/teste\/wp-json\/wp\/v2\/media\/4050"}],"wp:attachment":[{"href":"https:\/\/museudofutebol.org.br\/teste\/wp-json\/wp\/v2\/media?parent=3984"}],"curies":[{"name":"wp","href":"https:\/\/api.w.org\/{rel}","templated":true}]}}