{"id":4043,"date":"2021-06-16T21:00:06","date_gmt":"2021-06-17T00:00:06","guid":{"rendered":"https:\/\/museudofutebol.org.br\/teste\/?page_id=4043"},"modified":"2021-06-17T16:36:18","modified_gmt":"2021-06-17T19:36:18","slug":"diogo-silva","status":"publish","type":"page","link":"https:\/\/museudofutebol.org.br\/teste\/diogo-silva\/","title":{"rendered":"Diogo Silva"},"content":{"rendered":"<div class=\"wpb-content-wrapper\"><p>[vc_row][vc_column][vc_column_text]<span style=\"font-weight: 400;\"><img decoding=\"async\" loading=\"lazy\" class=\"alignnone size-medium wp-image-4052\" src=\"https:\/\/museudofutebol.org.br\/teste\/wp-content\/uploads\/2021\/06\/mdf_0004_tdr_imagem_site_1024-x-704_Diogo_ls-640x440.jpg\" alt=\"Diogo Silva, um homem negro com cabelo preso atr\u00e1s da cabe\u00e7a e cavanhaque, fotografado de lado, em preto e branco. Sobre a foto h\u00e1 o desenho de uma grande interroga\u00e7\u00e3o preta e amarela.\" width=\"640\" height=\"440\" srcset=\"https:\/\/museudofutebol.org.br\/teste\/wp-content\/uploads\/2021\/06\/mdf_0004_tdr_imagem_site_1024-x-704_Diogo_ls-640x440.jpg 640w, https:\/\/museudofutebol.org.br\/teste\/wp-content\/uploads\/2021\/06\/mdf_0004_tdr_imagem_site_1024-x-704_Diogo_ls-768x528.jpg 768w, https:\/\/museudofutebol.org.br\/teste\/wp-content\/uploads\/2021\/06\/mdf_0004_tdr_imagem_site_1024-x-704_Diogo_ls-212x146.jpg 212w, https:\/\/museudofutebol.org.br\/teste\/wp-content\/uploads\/2021\/06\/mdf_0004_tdr_imagem_site_1024-x-704_Diogo_ls-50x34.jpg 50w, https:\/\/museudofutebol.org.br\/teste\/wp-content\/uploads\/2021\/06\/mdf_0004_tdr_imagem_site_1024-x-704_Diogo_ls-109x75.jpg 109w, https:\/\/museudofutebol.org.br\/teste\/wp-content\/uploads\/2021\/06\/mdf_0004_tdr_imagem_site_1024-x-704_Diogo_ls.jpg 1024w\" sizes=\"(max-width:767px) 480px, 640px\" \/><\/span><\/p>\n<p><span style=\"font-weight: 400;\">O ano de 2020 foi o marco do combate ao racismo no esporte, grandes estrelas como o brit\u00e2nico Lewis Hamilton da F\u00f3rmula 1, a nipo-haitiana Naomi Osaka do t\u00eanis e o astro da NBA, o americano LeBron James se ergueram em uma s\u00f3 voz e utilizaram suas imagens de sucesso para expor e cobrar as organiza\u00e7\u00f5es esportivas medidas de combate e enfrentamento ao racismo.<\/span><\/p>\n<p><span style=\"font-weight: 400;\">O movimento vidas negras importam, a press\u00e3o popular e a exposi\u00e7\u00e3o dos atletas conseguiram um feito in\u00e9dito.\u00a0 O Comit\u00ea Ol\u00edmpico Internacional (COI) pela primeira vez, solicitou uma pesquisa internacional para saber a opini\u00e3o de atletas de todo o mundo sobre a regra 50 da carta ol\u00edmpica. A carta ol\u00edmpica \u00e9 um marco regulat\u00f3rio do movimento ol\u00edmpico, e a regra 50 pro\u00edbe qualquer tipo de manifesta\u00e7\u00e3o de cunho racial, pol\u00edtico e religioso, bem como qualquer tipo de manifesta\u00e7\u00e3o de \u00f3dio no \u00e2mbito esportivo.<\/span><\/p>\n<p><span style=\"font-weight: 400;\">A revis\u00e3o e flexibiliza\u00e7\u00e3o da carta 50, criada na d\u00e9cada de 1940, vem para p\u00f4r fim, ou pelo menos criar uma zona de di\u00e1logo para n\u00e3o mais punir atletas que se manifestam a favor dos direitos humanos. O Comit\u00ea Ol\u00edmpico dos Estados Unidos veio a p\u00fablico pedir desculpas e reverter todas as puni\u00e7\u00f5es que impossibilitaram atletas americanos de seguir suas carreiras por defenderem com punhos cerrados ou ajoelhados durante o hino o direito \u00e0 vida.<\/span><\/p>\n<p><span style=\"font-weight: 400;\">No Brasil, a maior representatividade do esporte ol\u00edmpico, o Comit\u00ea Ol\u00edmpico do Brasil (COB) desenvolveu um programa educacional intitulado Esporte Antirracista, que contou com a mentoria da escritora e fil\u00f3sofa Djamila Ribeiro e do professor de direito Tiago Vin\u00edcius Andr\u00e9 dos Santos, para orientar atletas, t\u00e9cnicos e gestores sobre o racismo no Brasil. E, tamb\u00e9m, uma ouvidoria para acolher den\u00fancias de racismo sem expor a v\u00edtima.<\/span><\/p>\n<p><span style=\"font-weight: 400;\">Todas essas iniciativas marcam esse momento e prospecta no esporte um ambiente mais respeitoso, seguro e antirracista.<\/span><\/p>\n<h3><span style=\"font-weight: 400;\">O CENTEN\u00c1RIO DO <strong>GOLEIRO BARBOSA<\/strong> \u00c9 UM <strong>MARCO REPARAT\u00d3RIO<\/strong>, SIMB\u00d3LICO NA CRONOLOGIA DE UM ATLETA DE <strong>ALTA PERFORMANCE<\/strong>, <strong>VITORIOSO<\/strong>, QUE DEFENDEU A SELE\u00c7\u00c3O BRASILEIRA COMO <strong>TITULAR<\/strong>, O <strong>N\u00daMERO 1<\/strong>, NA POSI\u00c7\u00c3O DE CONFIAN\u00c7A <strong>ENTRE TRAVES<\/strong>.\u00a0<\/span><\/h3>\n<p><span style=\"font-weight: 400;\">Mesmo em branco e preto pod\u00edamos ver o brilho em seu sorriso e a coragem daquele que assumiu a responsabilidade de defender e proteger todo um time. Mesmo assim, Barbosa se tornou indefeso, entre os olhares que o julgaram. E n\u00e3o ouviu no sil\u00eancio da tristeza do gol sofrido uma s\u00f3 voz de motiva\u00e7\u00e3o, respeito e conforto.<\/span><\/p>\n<p><span style=\"font-weight: 400;\">O negro gato virou s\u00edmbolo de azar, m\u00e1 sorte e desconfian\u00e7a.\u00a0<\/span><\/p>\n<p><span style=\"font-weight: 400;\">A desconfian\u00e7a sombra que na luz do racismo orbitou de gera\u00e7\u00e3o em gera\u00e7\u00e3o at\u00e9 o rompimento do sil\u00eancio.<\/span><\/p>\n<p><span style=\"font-weight: 400;\">Levou d\u00e9cadas para reverter a imagem de fracasso em sucesso e ofertar o reconhecimento em cores \u00e0 hist\u00f3ria que a invisibilizou.<\/span><\/p>\n<p><span style=\"font-weight: 400;\">Mesmo que n\u00e3o fosse a voz da pr\u00f3pria boca que narrasse suas mem\u00f3rias, outros sons que ecoam pelo universo lhe dariam vida. Os novos Barbosas que n\u00e3o mais temer\u00e3o as luvas que o aprisionaram e sentir\u00e3o orgulho do seu legado.<\/span><\/p>\n<p><b>Diogo Silva<br \/>\n<\/b>Medalista ol\u00edmpico no Takewondo e\u00a0membro da Comiss\u00e3o dos Atletas do Comit\u00ea Ol\u00edmpico Brasileiro.<\/p>\n<p>&nbsp;<\/p>\n<p><em>Vers\u00e3o completa do texto apresentado na exposi\u00e7\u00e3o Tempo de Rea\u00e7\u00e3o &#8211; 100 anos do goleiro Barbosa.<\/em>[\/vc_column_text][\/vc_column][\/vc_row]<\/p>\n<\/div>","protected":false},"excerpt":{"rendered":"<p>[vc_row][vc_column][vc_column_text] O ano de 2020 foi o marco do combate ao racismo no esporte, grandes estrelas como o brit\u00e2nico Lewis Hamilton da F\u00f3rmula 1, a nipo-haitiana<span class=\"excerpt-hellip\"> [\u2026]<\/span><\/p>\n","protected":false},"author":11,"featured_media":4052,"parent":0,"menu_order":0,"comment_status":"closed","ping_status":"closed","template":"","meta":[],"acf":[],"yoast_head":"<!-- This site is optimized with the Yoast SEO plugin v20.8 - https:\/\/yoast.com\/wordpress\/plugins\/seo\/ -->\n<title>Diogo Silva - Museu do Futebol<\/title>\n<meta name=\"robots\" content=\"index, follow, max-snippet:-1, max-image-preview:large, max-video-preview:-1\" \/>\n<link rel=\"canonical\" href=\"https:\/\/museudofutebol.org.br\/teste\/diogo-silva\/\" \/>\n<meta property=\"og:locale\" content=\"pt_BR\" \/>\n<meta property=\"og:type\" content=\"article\" \/>\n<meta property=\"og:title\" content=\"Diogo Silva - Museu do Futebol\" \/>\n<meta property=\"og:description\" content=\"[vc_row][vc_column][vc_column_text] O ano de 2020 foi o marco do combate ao racismo no esporte, grandes estrelas como o brit\u00e2nico Lewis Hamilton da F\u00f3rmula 1, a nipo-haitiana [\u2026]\" \/>\n<meta property=\"og:url\" content=\"https:\/\/museudofutebol.org.br\/teste\/diogo-silva\/\" \/>\n<meta property=\"og:site_name\" content=\"Museu do Futebol\" \/>\n<meta property=\"article:publisher\" content=\"https:\/\/www.facebook.com\/museudofutebol\" \/>\n<meta property=\"article:modified_time\" content=\"2021-06-17T19:36:18+00:00\" \/>\n<meta property=\"og:image\" content=\"https:\/\/museudofutebol.org.br\/teste\/wp-content\/uploads\/2021\/06\/mdf_0004_tdr_imagem_site_1024-x-704_Diogo_ls.jpg\" \/>\n\t<meta property=\"og:image:width\" content=\"1024\" \/>\n\t<meta property=\"og:image:height\" content=\"704\" \/>\n\t<meta property=\"og:image:type\" content=\"image\/jpeg\" \/>\n<meta name=\"twitter:card\" content=\"summary_large_image\" \/>\n<meta name=\"twitter:site\" content=\"@museudofutebol\" \/>\n<meta name=\"twitter:label1\" content=\"Est. tempo de leitura\" \/>\n\t<meta name=\"twitter:data1\" content=\"3 minutos\" \/>\n<script type=\"application\/ld+json\" class=\"yoast-schema-graph\">{\"@context\":\"https:\/\/schema.org\",\"@graph\":[{\"@type\":\"WebPage\",\"@id\":\"https:\/\/museudofutebol.org.br\/teste\/diogo-silva\/\",\"url\":\"https:\/\/museudofutebol.org.br\/teste\/diogo-silva\/\",\"name\":\"Diogo Silva - Museu do Futebol\",\"isPartOf\":{\"@id\":\"https:\/\/museudofutebol.org.br\/teste\/#website\"},\"datePublished\":\"2021-06-17T00:00:06+00:00\",\"dateModified\":\"2021-06-17T19:36:18+00:00\",\"breadcrumb\":{\"@id\":\"https:\/\/museudofutebol.org.br\/teste\/diogo-silva\/#breadcrumb\"},\"inLanguage\":\"pt-BR\",\"potentialAction\":[{\"@type\":\"ReadAction\",\"target\":[\"https:\/\/museudofutebol.org.br\/teste\/diogo-silva\/\"]}]},{\"@type\":\"BreadcrumbList\",\"@id\":\"https:\/\/museudofutebol.org.br\/teste\/diogo-silva\/#breadcrumb\",\"itemListElement\":[{\"@type\":\"ListItem\",\"position\":1,\"name\":\"In\u00edcio\",\"item\":\"https:\/\/museudofutebol.org.br\/teste\/\"},{\"@type\":\"ListItem\",\"position\":2,\"name\":\"Diogo Silva\"}]},{\"@type\":\"WebSite\",\"@id\":\"https:\/\/museudofutebol.org.br\/teste\/#website\",\"url\":\"https:\/\/museudofutebol.org.br\/teste\/\",\"name\":\"Museu do Futebol\",\"description\":\"\",\"potentialAction\":[{\"@type\":\"SearchAction\",\"target\":{\"@type\":\"EntryPoint\",\"urlTemplate\":\"https:\/\/museudofutebol.org.br\/teste\/?s={search_term_string}\"},\"query-input\":\"required name=search_term_string\"}],\"inLanguage\":\"pt-BR\"}]}<\/script>\n<!-- \/ Yoast SEO plugin. -->","yoast_head_json":{"title":"Diogo Silva - Museu do Futebol","robots":{"index":"index","follow":"follow","max-snippet":"max-snippet:-1","max-image-preview":"max-image-preview:large","max-video-preview":"max-video-preview:-1"},"canonical":"https:\/\/museudofutebol.org.br\/teste\/diogo-silva\/","og_locale":"pt_BR","og_type":"article","og_title":"Diogo Silva - Museu do Futebol","og_description":"[vc_row][vc_column][vc_column_text] O ano de 2020 foi o marco do combate ao racismo no esporte, grandes estrelas como o brit\u00e2nico Lewis Hamilton da F\u00f3rmula 1, a nipo-haitiana [\u2026]","og_url":"https:\/\/museudofutebol.org.br\/teste\/diogo-silva\/","og_site_name":"Museu do Futebol","article_publisher":"https:\/\/www.facebook.com\/museudofutebol","article_modified_time":"2021-06-17T19:36:18+00:00","og_image":[{"width":1024,"height":704,"url":"https:\/\/museudofutebol.org.br\/teste\/wp-content\/uploads\/2021\/06\/mdf_0004_tdr_imagem_site_1024-x-704_Diogo_ls.jpg","type":"image\/jpeg"}],"twitter_card":"summary_large_image","twitter_site":"@museudofutebol","twitter_misc":{"Est. tempo de leitura":"3 minutos"},"schema":{"@context":"https:\/\/schema.org","@graph":[{"@type":"WebPage","@id":"https:\/\/museudofutebol.org.br\/teste\/diogo-silva\/","url":"https:\/\/museudofutebol.org.br\/teste\/diogo-silva\/","name":"Diogo Silva - Museu do Futebol","isPartOf":{"@id":"https:\/\/museudofutebol.org.br\/teste\/#website"},"datePublished":"2021-06-17T00:00:06+00:00","dateModified":"2021-06-17T19:36:18+00:00","breadcrumb":{"@id":"https:\/\/museudofutebol.org.br\/teste\/diogo-silva\/#breadcrumb"},"inLanguage":"pt-BR","potentialAction":[{"@type":"ReadAction","target":["https:\/\/museudofutebol.org.br\/teste\/diogo-silva\/"]}]},{"@type":"BreadcrumbList","@id":"https:\/\/museudofutebol.org.br\/teste\/diogo-silva\/#breadcrumb","itemListElement":[{"@type":"ListItem","position":1,"name":"In\u00edcio","item":"https:\/\/museudofutebol.org.br\/teste\/"},{"@type":"ListItem","position":2,"name":"Diogo Silva"}]},{"@type":"WebSite","@id":"https:\/\/museudofutebol.org.br\/teste\/#website","url":"https:\/\/museudofutebol.org.br\/teste\/","name":"Museu do Futebol","description":"","potentialAction":[{"@type":"SearchAction","target":{"@type":"EntryPoint","urlTemplate":"https:\/\/museudofutebol.org.br\/teste\/?s={search_term_string}"},"query-input":"required name=search_term_string"}],"inLanguage":"pt-BR"}]}},"_links":{"self":[{"href":"https:\/\/museudofutebol.org.br\/teste\/wp-json\/wp\/v2\/pages\/4043"}],"collection":[{"href":"https:\/\/museudofutebol.org.br\/teste\/wp-json\/wp\/v2\/pages"}],"about":[{"href":"https:\/\/museudofutebol.org.br\/teste\/wp-json\/wp\/v2\/types\/page"}],"author":[{"embeddable":true,"href":"https:\/\/museudofutebol.org.br\/teste\/wp-json\/wp\/v2\/users\/11"}],"replies":[{"embeddable":true,"href":"https:\/\/museudofutebol.org.br\/teste\/wp-json\/wp\/v2\/comments?post=4043"}],"version-history":[{"count":3,"href":"https:\/\/museudofutebol.org.br\/teste\/wp-json\/wp\/v2\/pages\/4043\/revisions"}],"predecessor-version":[{"id":4056,"href":"https:\/\/museudofutebol.org.br\/teste\/wp-json\/wp\/v2\/pages\/4043\/revisions\/4056"}],"wp:featuredmedia":[{"embeddable":true,"href":"https:\/\/museudofutebol.org.br\/teste\/wp-json\/wp\/v2\/media\/4052"}],"wp:attachment":[{"href":"https:\/\/museudofutebol.org.br\/teste\/wp-json\/wp\/v2\/media?parent=4043"}],"curies":[{"name":"wp","href":"https:\/\/api.w.org\/{rel}","templated":true}]}}