{"id":4066,"date":"2021-06-17T18:28:13","date_gmt":"2021-06-17T21:28:13","guid":{"rendered":"https:\/\/museudofutebol.org.br\/teste\/?page_id=4066"},"modified":"2021-06-17T18:58:09","modified_gmt":"2021-06-17T21:58:09","slug":"marcelo-carvalho-2","status":"publish","type":"page","link":"https:\/\/museudofutebol.org.br\/teste\/es\/marcelo-carvalho-2\/","title":{"rendered":"Marcelo Carvalho"},"content":{"rendered":"<div class=\"wpb-content-wrapper\"><p>[vc_row][vc_column][vc_column_text]<span style=\"font-weight: 400;\"><img decoding=\"async\" loading=\"lazy\" class=\"alignnone size-medium wp-image-4050\" src=\"https:\/\/museudofutebol.org.br\/teste\/wp-content\/uploads\/2021\/06\/mdf_0004_tdr_imagem_site_1024-x-704_Marcelo_ls-640x440.jpg\" alt=\"Marcelo Carvalho, um homem negro, numa foto em preto e branco em ambiente urbano, veste uma camisa onde est\u00e1 escrito &quot;Chega de discrimina\u00e7\u00e3o&quot;\" width=\"640\" height=\"440\" srcset=\"https:\/\/museudofutebol.org.br\/teste\/wp-content\/uploads\/2021\/06\/mdf_0004_tdr_imagem_site_1024-x-704_Marcelo_ls-640x440.jpg 640w, https:\/\/museudofutebol.org.br\/teste\/wp-content\/uploads\/2021\/06\/mdf_0004_tdr_imagem_site_1024-x-704_Marcelo_ls-768x528.jpg 768w, https:\/\/museudofutebol.org.br\/teste\/wp-content\/uploads\/2021\/06\/mdf_0004_tdr_imagem_site_1024-x-704_Marcelo_ls-212x146.jpg 212w, https:\/\/museudofutebol.org.br\/teste\/wp-content\/uploads\/2021\/06\/mdf_0004_tdr_imagem_site_1024-x-704_Marcelo_ls-50x34.jpg 50w, https:\/\/museudofutebol.org.br\/teste\/wp-content\/uploads\/2021\/06\/mdf_0004_tdr_imagem_site_1024-x-704_Marcelo_ls-109x75.jpg 109w, https:\/\/museudofutebol.org.br\/teste\/wp-content\/uploads\/2021\/06\/mdf_0004_tdr_imagem_site_1024-x-704_Marcelo_ls.jpg 1024w\" sizes=\"(max-width:767px) 480px, 640px\" \/><\/span><\/p>\n<p>En el imaginario de muchos ni\u00f1os y ni\u00f1as negros y pobres que corren detr\u00e1s de un bal\u00f3n en alguna calle, callej\u00f3n o campo de tierra est\u00e1 el sue\u00f1o de convertirse alg\u00fan d\u00eda en futbolista, de ser un Pelezito o Marta. Marcar un gol en la final del campeonato, ser idolatrado y dar a tu madre una vida mejor. En la imaginaci\u00f3n de miles de chicos y chicas, la fama aplacar\u00e1 el racismo y el dinero alejar\u00e1 todos los dolores del mundo.<\/p>\n<p>En la imaginaci\u00f3n, los dolores causados por el hambre, el color de la piel y la ausencia total del Estado para dar una vida digna a la poblaci\u00f3n m\u00e1s pobre y vulnerable desaparecer\u00e1n cuando el sue\u00f1o de ser jugador de f\u00fatbol sea realizado.<\/p>\n<p>Las penurias y dificultades para hacer realidad el sue\u00f1o ser\u00e1n regateadas con la ginga del cuerpo, con la sonrisa de quien convierte una pelota de calcet\u00edn en un bal\u00f3n profesional. Al final, en la pared del sal\u00f3n de la casa de tu abuela est\u00e1 la imagen de un equipo multicampe\u00f3n formado por jugadores negros y blancos, por hombres de diversas caracter\u00edsticas.\u00a0 Las historias de ese super equipo presentan a h\u00e9roes que se vencieron todo y llegaron hasta all\u00ed.<\/p>\n<p>La realidad del racismo que se presenta cuando en el viaje de autob\u00fas alguien esconde la bolsa o levanta para no tener la compa\u00f1\u00eda de un ni\u00f1o negro pasar\u00e1 cuando llegue la fama.\u00a0 Ser\u00e1 un mero recuerdo cuando el dinero comience a acumularse en la cuenta bancaria. Entonces el autob\u00fas ser\u00e1 sustituido por un supercoche del a\u00f1o. La casa en mal estado en una s\u00faper mansi\u00f3n con piscina.\u00a0 La discriminaci\u00f3n por su color u origen social ser\u00e1 pasado.<\/p>\n<p>Pero esa realidad nunca va a llegar.<\/p>\n<h3><strong>EL COLOR DE LA PIEL SIEMPRE SER\u00c1 RECORDADO<\/strong>, SEA CUANDO VAYA A BUSCAR UNA CASA, UN EMPLEO, UNA ESCUELA, UN CLUB.<\/h3>\n<p>El color de la piel no ser\u00e1 olvidado ni cuando llegue el sue\u00f1o de transformarse en un jugador de f\u00fatbol profesional.\u00a0 Ni a\u00fan con la fama o con el gol de la victoria que lleva al t\u00edtulo.\u00a0 El color de la piel ser\u00e1 recordado cuando de las gradas alguien grita \u201cagarra a ese mono\u201d.<\/p>\n<p>La piel negra ser\u00e1 recordada cuando haya un error, o un pretendido error, hasta cuando no corresponda a lo que el fan\u00e1tico esperaba.\u00a0 Va a descubrir a lo largo de la vida que el f\u00fatbol jam\u00e1s lo acept\u00f3 por completo y que en una primera falla van a tratar de deshumanizarlo.<\/p>\n<p>Al o\u00edr un grito racista va a mirar al juez y no encontrar\u00e1 un aliado, que tambi\u00e9n no va a estar en el banco de los suplentes, ni siquiera en las tribunas donde se encuentran los dirigentes.\u00a0 El sue\u00f1o que el dinero y la fama van a esconder su negritud va a tornarse una pesadilla, en una realidad desnuda y cruda que se va a presentar de forma inesperada y que podr\u00e1 venir hasta de un compa\u00f1ero de equipo o de un colega de profesi\u00f3n que juega en el equipo adversario.<\/p>\n<p>Tal vez haya mil micr\u00f3fonos en su direcci\u00f3n, cuestionando lo que va a hacer despu\u00e9s de sufrir con la violencia del racismo, va a recibir algunas palmaditas en la espalda en se\u00f1al de apoyo, pero descubrir\u00e1s de la manera m\u00e1s dolorosa posible que esa es una lucha propia. Tal vez la tuya y la de tu almohada en el silencio de la noche, donde derramar\u00e1s l\u00e1grimas de dolor oculto.<\/p>\n<p>Todo lo que imaginabas sobre el f\u00fatbol va a terminar de la forma m\u00e1s cruel posible. As\u00ed es. As\u00ed ha sido siempre. El f\u00fatbol nunca acept\u00f3 completamente la presencia de hombres y mujeres negras. El f\u00fatbol no acogi\u00f3 esos cuerpos oscuros en la lucha contra el racismo.\u00a0 Aceptado por la habilidad, por la posibilidad de victorias y t\u00edtulos.<\/p>\n<p>Casos de racismo son comunes desde que el f\u00fatbol lleg\u00f3 a Brasil, ya fue mucho peor cuando no permit\u00eda que ning\u00fan negro entrara en la cancha.\u00a0 Se transform\u00f3 en un ejemplo de democracia racial brasile\u00f1a cuando el f\u00fatbol se torn\u00f3 popular e idolatr\u00f3 hombres negros.\u00a0 Pero es importante recordar que la tal democracia racial no pas\u00f3 de un mito.<\/p>\n<p>Pero fue cruel cuando no llev\u00f3 a la selecci\u00f3n a quien ten\u00eda la piel oscura. Fue cruel cuando silenci\u00f3 y no defendi\u00f3 a quien fue insultado y fue completamente inhumano cuando conden\u00f3 a un negro a cadena perpetua tras una derrota.<\/p>\n<h3>EL F\u00daTBOL NOS DA LA ALEGR\u00cdA DE LA VICTORIA Y EL DOLOR DE LA DERROTA Y, DE UNOS A\u00d1OS PARA AC\u00c1, NOS EST\u00c1 DANDO LA POSIBILIDAD DE TRANSFORMAR EL DEPORTE M\u00c1S POPULAR DEL PLANETA EN UN <strong>ESPACIO DE LUCHA<\/strong>.<\/h3>\n<p>El Observatorio de Discriminaci\u00f3n Racial en el F\u00fatbol ayud\u00f3 a Brasil, sus clubes, dirigentes y entidades a transformar sus espacios en posibilidad de comunicaci\u00f3n con sus aficionados, en la posibilidad de usar tama\u00f1a visibilidad para debatir el racismo estructural y recreativo.<\/p>\n<p>El f\u00fatbol est\u00e1 muy lejos de ser el espacio en que muchachos negros sue\u00f1an y so\u00f1aran, pero un paso importante fue dado y hoy el debate gana cada vez m\u00e1s voz y vez. El debate gan\u00f3 los campos, gradas, entrevistas colectivas y ahora el Museo del F\u00fatbol.<\/p>\n<p>Larga vida al Observatorio de Discriminaci\u00f3n Racial en el F\u00fatbol. Larga vida a los que sue\u00f1an en transformar el mundo en un lugar mejor.<\/p>\n<p>&nbsp;<\/p>\n<p><strong>Marcelo Medeiros Carvalho<\/strong><br \/>\nObservatorio de la Discriminaci\u00f3n Racial en el F\u00fatbol[\/vc_column_text][\/vc_column][\/vc_row]<\/p>\n<\/div>","protected":false},"excerpt":{"rendered":"<p>[vc_row][vc_column][vc_column_text] En el imaginario de muchos ni\u00f1os y ni\u00f1as negros y pobres que corren detr\u00e1s de un bal\u00f3n en alguna calle, callej\u00f3n o campo de tierra<span class=\"excerpt-hellip\"> [\u2026]<\/span><\/p>\n","protected":false},"author":13,"featured_media":4050,"parent":0,"menu_order":0,"comment_status":"closed","ping_status":"closed","template":"","meta":[],"acf":[],"yoast_head":"<!-- This site is optimized with the Yoast SEO plugin v20.8 - https:\/\/yoast.com\/wordpress\/plugins\/seo\/ -->\n<title>Marcelo Carvalho - Museu do Futebol<\/title>\n<meta name=\"robots\" content=\"index, follow, max-snippet:-1, max-image-preview:large, max-video-preview:-1\" \/>\n<link rel=\"canonical\" href=\"https:\/\/museudofutebol.org.br\/teste\/es\/marcelo-carvalho-2\/\" \/>\n<meta property=\"og:locale\" content=\"pt_BR\" \/>\n<meta property=\"og:type\" content=\"article\" \/>\n<meta property=\"og:title\" content=\"Marcelo Carvalho - Museu do Futebol\" \/>\n<meta property=\"og:description\" content=\"[vc_row][vc_column][vc_column_text] En el imaginario de muchos ni\u00f1os y ni\u00f1as negros y pobres que corren detr\u00e1s de un bal\u00f3n en alguna calle, callej\u00f3n o campo de tierra [\u2026]\" \/>\n<meta property=\"og:url\" content=\"https:\/\/museudofutebol.org.br\/teste\/es\/marcelo-carvalho-2\/\" \/>\n<meta property=\"og:site_name\" content=\"Museu do Futebol\" \/>\n<meta property=\"article:publisher\" content=\"https:\/\/www.facebook.com\/museudofutebol\" \/>\n<meta property=\"article:modified_time\" content=\"2021-06-17T21:58:09+00:00\" \/>\n<meta property=\"og:image\" content=\"https:\/\/museudofutebol.org.br\/teste\/wp-content\/uploads\/2021\/06\/mdf_0004_tdr_imagem_site_1024-x-704_Marcelo_ls.jpg\" \/>\n\t<meta property=\"og:image:width\" content=\"1024\" \/>\n\t<meta property=\"og:image:height\" content=\"704\" \/>\n\t<meta property=\"og:image:type\" content=\"image\/jpeg\" \/>\n<meta name=\"twitter:card\" content=\"summary_large_image\" \/>\n<meta name=\"twitter:site\" content=\"@museudofutebol\" \/>\n<meta name=\"twitter:label1\" content=\"Est. tempo de leitura\" \/>\n\t<meta name=\"twitter:data1\" content=\"5 minutos\" \/>\n<script type=\"application\/ld+json\" class=\"yoast-schema-graph\">{\"@context\":\"https:\/\/schema.org\",\"@graph\":[{\"@type\":\"WebPage\",\"@id\":\"https:\/\/museudofutebol.org.br\/teste\/es\/marcelo-carvalho-2\/\",\"url\":\"https:\/\/museudofutebol.org.br\/teste\/es\/marcelo-carvalho-2\/\",\"name\":\"Marcelo Carvalho - Museu do Futebol\",\"isPartOf\":{\"@id\":\"https:\/\/museudofutebol.org.br\/teste\/#website\"},\"datePublished\":\"2021-06-17T21:28:13+00:00\",\"dateModified\":\"2021-06-17T21:58:09+00:00\",\"breadcrumb\":{\"@id\":\"https:\/\/museudofutebol.org.br\/teste\/es\/marcelo-carvalho-2\/#breadcrumb\"},\"inLanguage\":\"pt-BR\",\"potentialAction\":[{\"@type\":\"ReadAction\",\"target\":[\"https:\/\/museudofutebol.org.br\/teste\/es\/marcelo-carvalho-2\/\"]}]},{\"@type\":\"BreadcrumbList\",\"@id\":\"https:\/\/museudofutebol.org.br\/teste\/es\/marcelo-carvalho-2\/#breadcrumb\",\"itemListElement\":[{\"@type\":\"ListItem\",\"position\":1,\"name\":\"In\u00edcio\",\"item\":\"https:\/\/museudofutebol.org.br\/teste\/\"},{\"@type\":\"ListItem\",\"position\":2,\"name\":\"Marcelo Carvalho\"}]},{\"@type\":\"WebSite\",\"@id\":\"https:\/\/museudofutebol.org.br\/teste\/#website\",\"url\":\"https:\/\/museudofutebol.org.br\/teste\/\",\"name\":\"Museu do Futebol\",\"description\":\"\",\"potentialAction\":[{\"@type\":\"SearchAction\",\"target\":{\"@type\":\"EntryPoint\",\"urlTemplate\":\"https:\/\/museudofutebol.org.br\/teste\/?s={search_term_string}\"},\"query-input\":\"required name=search_term_string\"}],\"inLanguage\":\"pt-BR\"}]}<\/script>\n<!-- \/ Yoast SEO plugin. -->","yoast_head_json":{"title":"Marcelo Carvalho - Museu do Futebol","robots":{"index":"index","follow":"follow","max-snippet":"max-snippet:-1","max-image-preview":"max-image-preview:large","max-video-preview":"max-video-preview:-1"},"canonical":"https:\/\/museudofutebol.org.br\/teste\/es\/marcelo-carvalho-2\/","og_locale":"pt_BR","og_type":"article","og_title":"Marcelo Carvalho - Museu do Futebol","og_description":"[vc_row][vc_column][vc_column_text] En el imaginario de muchos ni\u00f1os y ni\u00f1as negros y pobres que corren detr\u00e1s de un bal\u00f3n en alguna calle, callej\u00f3n o campo de tierra [\u2026]","og_url":"https:\/\/museudofutebol.org.br\/teste\/es\/marcelo-carvalho-2\/","og_site_name":"Museu do Futebol","article_publisher":"https:\/\/www.facebook.com\/museudofutebol","article_modified_time":"2021-06-17T21:58:09+00:00","og_image":[{"width":1024,"height":704,"url":"https:\/\/museudofutebol.org.br\/teste\/wp-content\/uploads\/2021\/06\/mdf_0004_tdr_imagem_site_1024-x-704_Marcelo_ls.jpg","type":"image\/jpeg"}],"twitter_card":"summary_large_image","twitter_site":"@museudofutebol","twitter_misc":{"Est. tempo de leitura":"5 minutos"},"schema":{"@context":"https:\/\/schema.org","@graph":[{"@type":"WebPage","@id":"https:\/\/museudofutebol.org.br\/teste\/es\/marcelo-carvalho-2\/","url":"https:\/\/museudofutebol.org.br\/teste\/es\/marcelo-carvalho-2\/","name":"Marcelo Carvalho - Museu do Futebol","isPartOf":{"@id":"https:\/\/museudofutebol.org.br\/teste\/#website"},"datePublished":"2021-06-17T21:28:13+00:00","dateModified":"2021-06-17T21:58:09+00:00","breadcrumb":{"@id":"https:\/\/museudofutebol.org.br\/teste\/es\/marcelo-carvalho-2\/#breadcrumb"},"inLanguage":"pt-BR","potentialAction":[{"@type":"ReadAction","target":["https:\/\/museudofutebol.org.br\/teste\/es\/marcelo-carvalho-2\/"]}]},{"@type":"BreadcrumbList","@id":"https:\/\/museudofutebol.org.br\/teste\/es\/marcelo-carvalho-2\/#breadcrumb","itemListElement":[{"@type":"ListItem","position":1,"name":"In\u00edcio","item":"https:\/\/museudofutebol.org.br\/teste\/"},{"@type":"ListItem","position":2,"name":"Marcelo Carvalho"}]},{"@type":"WebSite","@id":"https:\/\/museudofutebol.org.br\/teste\/#website","url":"https:\/\/museudofutebol.org.br\/teste\/","name":"Museu do Futebol","description":"","potentialAction":[{"@type":"SearchAction","target":{"@type":"EntryPoint","urlTemplate":"https:\/\/museudofutebol.org.br\/teste\/?s={search_term_string}"},"query-input":"required name=search_term_string"}],"inLanguage":"pt-BR"}]}},"_links":{"self":[{"href":"https:\/\/museudofutebol.org.br\/teste\/wp-json\/wp\/v2\/pages\/4066"}],"collection":[{"href":"https:\/\/museudofutebol.org.br\/teste\/wp-json\/wp\/v2\/pages"}],"about":[{"href":"https:\/\/museudofutebol.org.br\/teste\/wp-json\/wp\/v2\/types\/page"}],"author":[{"embeddable":true,"href":"https:\/\/museudofutebol.org.br\/teste\/wp-json\/wp\/v2\/users\/13"}],"replies":[{"embeddable":true,"href":"https:\/\/museudofutebol.org.br\/teste\/wp-json\/wp\/v2\/comments?post=4066"}],"version-history":[{"count":5,"href":"https:\/\/museudofutebol.org.br\/teste\/wp-json\/wp\/v2\/pages\/4066\/revisions"}],"predecessor-version":[{"id":4076,"href":"https:\/\/museudofutebol.org.br\/teste\/wp-json\/wp\/v2\/pages\/4066\/revisions\/4076"}],"wp:featuredmedia":[{"embeddable":true,"href":"https:\/\/museudofutebol.org.br\/teste\/wp-json\/wp\/v2\/media\/4050"}],"wp:attachment":[{"href":"https:\/\/museudofutebol.org.br\/teste\/wp-json\/wp\/v2\/media?parent=4066"}],"curies":[{"name":"wp","href":"https:\/\/api.w.org\/{rel}","templated":true}]}}