{"id":4191,"date":"2021-08-09T18:01:54","date_gmt":"2021-08-09T21:01:54","guid":{"rendered":"https:\/\/museudofutebol.org.br\/teste\/?page_id=4191"},"modified":"2022-02-23T18:42:46","modified_gmt":"2022-02-23T21:42:46","slug":"educational-interactions-online","status":"publish","type":"page","link":"https:\/\/museudofutebol.org.br\/teste\/en\/educational-interactions-online\/","title":{"rendered":"Educational Interactions Online"},"content":{"rendered":"<div class=\"wpb-content-wrapper\"><p>[vc_row][vc_column width=&#8221;2\/3&#8243;][vc_column_text]<img decoding=\"async\" loading=\"lazy\" class=\"alignnone wp-image-1851 size-large\" src=\"https:\/\/museudofutebol.org.br\/teste\/wp-content\/uploads\/2020\/11\/IMG_070720_Maila_Filhos_Sobrinhos-2-1024x465.jpg\" alt=\"Tela de uma v\u00eddeo chamada que mostra tr\u00eas fotografias do est\u00e1dio do Pacaembu \u00e0 esquerda e as imagens das pessoas que participam da atividade em uma grade \u00e0 direita\" width=\"1024\" height=\"465\" \/><\/p>\n<p>Why not give your students a different kind of activity during the pandemic? With group visits currently suspended, the Football Museum has adopted an educational services format and is now open for interaction online.<\/p>\n<p>Groups can pre-schedule interactive sessions with Museum educators and learn more about the subjects they are studying through football. More entertaining lessons facilitate the learning process.<\/p>\n<p>Geography, History, Art, Physical Education and Portuguese are just some of examples of subjects that can be worked on by the Museum\u2019s multidisciplinary team of educators \u2013 all of whom have university degrees in various fields.<\/p>\n<p>Sign up by filling in the form below and wait for the Museum to contact you to schedule a session.<\/p>\n<p>&nbsp;<\/p>\n<p><strong>Plataform:<\/strong> Google Meets, Zoom or Microsoft Teams<\/p>\n<p><strong>Number of participants:<\/strong> maximum of 25 per group[\/vc_column_text][vc_custom_heading text=&#8221;Register here&#8221; font_container=&#8221;tag:h4|text_align:left&#8221; use_theme_fonts=&#8221;yes&#8221; link=&#8221;url:https%3A%2F%2Fforms.gle%2FxKVhj5gb5DJD8RP78|target:_blank&#8221; el_class=&#8221;header-secao&#8221;][\/vc_column][vc_column width=&#8221;1\/3&#8243;][vc_wp_custommenu nav_menu=&#8221;91&#8243;][\/vc_column][\/vc_row][vc_row][vc_column][vc_empty_space][\/vc_column][\/vc_row]<\/p>\n<\/div>","protected":false},"excerpt":{"rendered":"<p>[vc_row][vc_column width=&#8221;2\/3&#8243;][vc_column_text] Why not give your students a different kind of activity during the pandemic? With group visits currently suspended, the Football Museum has adopted an<span class=\"excerpt-hellip\"> [\u2026]<\/span><\/p>\n","protected":false},"author":13,"featured_media":1897,"parent":0,"menu_order":0,"comment_status":"closed","ping_status":"closed","template":"","meta":[],"acf":[],"yoast_head":"<!-- This site is optimized with the Yoast SEO plugin v20.8 - https:\/\/yoast.com\/wordpress\/plugins\/seo\/ -->\n<title>Educational Interactions Online - Museu do Futebol<\/title>\n<meta name=\"robots\" content=\"index, follow, max-snippet:-1, max-image-preview:large, max-video-preview:-1\" \/>\n<link rel=\"canonical\" href=\"https:\/\/museudofutebol.org.br\/teste\/en\/educational-interactions-online\/\" \/>\n<meta property=\"og:locale\" content=\"pt_BR\" \/>\n<meta property=\"og:type\" content=\"article\" \/>\n<meta property=\"og:title\" content=\"Educational Interactions Online - Museu do Futebol\" \/>\n<meta property=\"og:description\" content=\"[vc_row][vc_column width=&#8221;2\/3&#8243;][vc_column_text] Why not give your students a different kind of activity during the pandemic? With group visits currently suspended, the Football Museum has adopted an [\u2026]\" \/>\n<meta property=\"og:url\" content=\"https:\/\/museudofutebol.org.br\/teste\/en\/educational-interactions-online\/\" \/>\n<meta property=\"og:site_name\" content=\"Museu do Futebol\" \/>\n<meta property=\"article:publisher\" content=\"https:\/\/www.facebook.com\/museudofutebol\" \/>\n<meta property=\"article:modified_time\" content=\"2022-02-23T21:42:46+00:00\" \/>\n<meta property=\"og:image\" content=\"https:\/\/museudofutebol.org.br\/teste\/wp-content\/uploads\/2020\/11\/MF_Twitter.jpg\" \/>\n\t<meta property=\"og:image:width\" content=\"680\" \/>\n\t<meta property=\"og:image:height\" content=\"340\" \/>\n\t<meta property=\"og:image:type\" content=\"image\/jpeg\" \/>\n<meta name=\"twitter:card\" content=\"summary_large_image\" \/>\n<meta name=\"twitter:site\" content=\"@museudofutebol\" \/>\n<meta name=\"twitter:label1\" content=\"Est. tempo de leitura\" \/>\n\t<meta name=\"twitter:data1\" content=\"1 minuto\" \/>\n<script type=\"application\/ld+json\" class=\"yoast-schema-graph\">{\"@context\":\"https:\/\/schema.org\",\"@graph\":[{\"@type\":\"WebPage\",\"@id\":\"https:\/\/museudofutebol.org.br\/teste\/en\/educational-interactions-online\/\",\"url\":\"https:\/\/museudofutebol.org.br\/teste\/en\/educational-interactions-online\/\",\"name\":\"Educational Interactions Online - Museu do Futebol\",\"isPartOf\":{\"@id\":\"https:\/\/museudofutebol.org.br\/teste\/#website\"},\"datePublished\":\"2021-08-09T21:01:54+00:00\",\"dateModified\":\"2022-02-23T21:42:46+00:00\",\"breadcrumb\":{\"@id\":\"https:\/\/museudofutebol.org.br\/teste\/en\/educational-interactions-online\/#breadcrumb\"},\"inLanguage\":\"pt-BR\",\"potentialAction\":[{\"@type\":\"ReadAction\",\"target\":[\"https:\/\/museudofutebol.org.br\/teste\/en\/educational-interactions-online\/\"]}]},{\"@type\":\"BreadcrumbList\",\"@id\":\"https:\/\/museudofutebol.org.br\/teste\/en\/educational-interactions-online\/#breadcrumb\",\"itemListElement\":[{\"@type\":\"ListItem\",\"position\":1,\"name\":\"In\u00edcio\",\"item\":\"https:\/\/museudofutebol.org.br\/teste\/\"},{\"@type\":\"ListItem\",\"position\":2,\"name\":\"Educational Interactions Online\"}]},{\"@type\":\"WebSite\",\"@id\":\"https:\/\/museudofutebol.org.br\/teste\/#website\",\"url\":\"https:\/\/museudofutebol.org.br\/teste\/\",\"name\":\"Museu do Futebol\",\"description\":\"\",\"potentialAction\":[{\"@type\":\"SearchAction\",\"target\":{\"@type\":\"EntryPoint\",\"urlTemplate\":\"https:\/\/museudofutebol.org.br\/teste\/?s={search_term_string}\"},\"query-input\":\"required name=search_term_string\"}],\"inLanguage\":\"pt-BR\"}]}<\/script>\n<!-- \/ Yoast SEO plugin. -->","yoast_head_json":{"title":"Educational Interactions Online - Museu do Futebol","robots":{"index":"index","follow":"follow","max-snippet":"max-snippet:-1","max-image-preview":"max-image-preview:large","max-video-preview":"max-video-preview:-1"},"canonical":"https:\/\/museudofutebol.org.br\/teste\/en\/educational-interactions-online\/","og_locale":"pt_BR","og_type":"article","og_title":"Educational Interactions Online - Museu do Futebol","og_description":"[vc_row][vc_column width=&#8221;2\/3&#8243;][vc_column_text] Why not give your students a different kind of activity during the pandemic? With group visits currently suspended, the Football Museum has adopted an [\u2026]","og_url":"https:\/\/museudofutebol.org.br\/teste\/en\/educational-interactions-online\/","og_site_name":"Museu do Futebol","article_publisher":"https:\/\/www.facebook.com\/museudofutebol","article_modified_time":"2022-02-23T21:42:46+00:00","og_image":[{"width":680,"height":340,"url":"https:\/\/museudofutebol.org.br\/teste\/wp-content\/uploads\/2020\/11\/MF_Twitter.jpg","type":"image\/jpeg"}],"twitter_card":"summary_large_image","twitter_site":"@museudofutebol","twitter_misc":{"Est. tempo de leitura":"1 minuto"},"schema":{"@context":"https:\/\/schema.org","@graph":[{"@type":"WebPage","@id":"https:\/\/museudofutebol.org.br\/teste\/en\/educational-interactions-online\/","url":"https:\/\/museudofutebol.org.br\/teste\/en\/educational-interactions-online\/","name":"Educational Interactions Online - Museu do Futebol","isPartOf":{"@id":"https:\/\/museudofutebol.org.br\/teste\/#website"},"datePublished":"2021-08-09T21:01:54+00:00","dateModified":"2022-02-23T21:42:46+00:00","breadcrumb":{"@id":"https:\/\/museudofutebol.org.br\/teste\/en\/educational-interactions-online\/#breadcrumb"},"inLanguage":"pt-BR","potentialAction":[{"@type":"ReadAction","target":["https:\/\/museudofutebol.org.br\/teste\/en\/educational-interactions-online\/"]}]},{"@type":"BreadcrumbList","@id":"https:\/\/museudofutebol.org.br\/teste\/en\/educational-interactions-online\/#breadcrumb","itemListElement":[{"@type":"ListItem","position":1,"name":"In\u00edcio","item":"https:\/\/museudofutebol.org.br\/teste\/"},{"@type":"ListItem","position":2,"name":"Educational Interactions Online"}]},{"@type":"WebSite","@id":"https:\/\/museudofutebol.org.br\/teste\/#website","url":"https:\/\/museudofutebol.org.br\/teste\/","name":"Museu do Futebol","description":"","potentialAction":[{"@type":"SearchAction","target":{"@type":"EntryPoint","urlTemplate":"https:\/\/museudofutebol.org.br\/teste\/?s={search_term_string}"},"query-input":"required name=search_term_string"}],"inLanguage":"pt-BR"}]}},"_links":{"self":[{"href":"https:\/\/museudofutebol.org.br\/teste\/wp-json\/wp\/v2\/pages\/4191"}],"collection":[{"href":"https:\/\/museudofutebol.org.br\/teste\/wp-json\/wp\/v2\/pages"}],"about":[{"href":"https:\/\/museudofutebol.org.br\/teste\/wp-json\/wp\/v2\/types\/page"}],"author":[{"embeddable":true,"href":"https:\/\/museudofutebol.org.br\/teste\/wp-json\/wp\/v2\/users\/13"}],"replies":[{"embeddable":true,"href":"https:\/\/museudofutebol.org.br\/teste\/wp-json\/wp\/v2\/comments?post=4191"}],"version-history":[{"count":5,"href":"https:\/\/museudofutebol.org.br\/teste\/wp-json\/wp\/v2\/pages\/4191\/revisions"}],"predecessor-version":[{"id":5183,"href":"https:\/\/museudofutebol.org.br\/teste\/wp-json\/wp\/v2\/pages\/4191\/revisions\/5183"}],"wp:featuredmedia":[{"embeddable":true,"href":"https:\/\/museudofutebol.org.br\/teste\/wp-json\/wp\/v2\/media\/1897"}],"wp:attachment":[{"href":"https:\/\/museudofutebol.org.br\/teste\/wp-json\/wp\/v2\/media?parent=4191"}],"curies":[{"name":"wp","href":"https:\/\/api.w.org\/{rel}","templated":true}]}}