{"id":4193,"date":"2021-08-09T18:19:11","date_gmt":"2021-08-09T21:19:11","guid":{"rendered":"https:\/\/museudofutebol.org.br\/teste\/?page_id=4193"},"modified":"2022-02-23T18:43:33","modified_gmt":"2022-02-23T21:43:33","slug":"interaccion-educativa-en-linea","status":"publish","type":"page","link":"https:\/\/museudofutebol.org.br\/teste\/es\/interaccion-educativa-en-linea\/","title":{"rendered":"Interacci\u00f3n educativa en l\u00ednea"},"content":{"rendered":"<div class=\"wpb-content-wrapper\"><p>[vc_row][vc_column width=&#8221;2\/3&#8243;][vc_column_text]<img decoding=\"async\" loading=\"lazy\" class=\"alignnone wp-image-1851 size-large\" src=\"https:\/\/museudofutebol.org.br\/teste\/wp-content\/uploads\/2020\/11\/IMG_070720_Maila_Filhos_Sobrinhos-2-1024x465.jpg\" alt=\"Tela de uma v\u00eddeo chamada que mostra tr\u00eas fotografias do est\u00e1dio do Pacaembu \u00e0 esquerda e as imagens das pessoas que participam da atividade em uma grade \u00e0 direita\" width=\"1024\" height=\"465\" \/><\/p>\n<p>\u00bfQu\u00e9 te parece ofrecer una actividad diferente a tus alumnos durante la pandemia? Con las visitas en grupo a\u00fan suspendidas, el Museo del F\u00fatbol ha adaptado su formato de Servicio Educativo y ahora ofrece interacciones en l\u00ednea.<\/p>\n<p>Previo acuerdo, las clases pueden interactuar con los educadores del Museo y aprender m\u00e1s sobre los temas que est\u00e1n estudiando a trav\u00e9s del conocimiento del universo del f\u00fatbol. De este modo, las clases adquieren una extensi\u00f3n a trav\u00e9s de una actividad l\u00fadica, apoyando el proceso de aprendizaje.<\/p>\n<p>Asignaturas como geograf\u00eda, historia, artes, educaci\u00f3n f\u00edsica y lengua portuguesa son s\u00f3lo algunos de los ejemplos que pueden ser trabajados por el equipo multidisciplinario de educadores del museo, todos profesionales con estudios universitarios y con una formaci\u00f3n variada.<\/p>\n<p>Para inscribirse, s\u00f3lo tienes que rellenar el formulario de inscripci\u00f3n que aparece a continuaci\u00f3n y esperar a que el contacto del Museo finalice el programa.<\/p>\n<p>&nbsp;<\/p>\n<p><strong>Plataforma:<\/strong> Google Meets, Zoom o Microsoft Teams<\/p>\n<p><strong>N\u00famero de participantes:<\/strong> hasta 25 por grupo.[\/vc_column_text][vc_custom_heading text=&#8221;Inscr\u00edbete aqu\u00ed&#8221; font_container=&#8221;tag:h4|text_align:left&#8221; use_theme_fonts=&#8221;yes&#8221; link=&#8221;url:https%3A%2F%2Fforms.gle%2FxKVhj5gb5DJD8RP78|target:_blank&#8221; el_class=&#8221;header-secao&#8221;][\/vc_column][vc_column width=&#8221;1\/3&#8243;][vc_wp_custommenu nav_menu=&#8221;92&#8243;][\/vc_column][\/vc_row][vc_row][vc_column][vc_empty_space][\/vc_column][\/vc_row]<\/p>\n<\/div>","protected":false},"excerpt":{"rendered":"<p>[vc_row][vc_column width=&#8221;2\/3&#8243;][vc_column_text] \u00bfQu\u00e9 te parece ofrecer una actividad diferente a tus alumnos durante la pandemia? Con las visitas en grupo a\u00fan suspendidas, el Museo del F\u00fatbol<span class=\"excerpt-hellip\"> [\u2026]<\/span><\/p>\n","protected":false},"author":13,"featured_media":1897,"parent":0,"menu_order":0,"comment_status":"closed","ping_status":"closed","template":"","meta":[],"acf":[],"yoast_head":"<!-- This site is optimized with the Yoast SEO plugin v20.8 - https:\/\/yoast.com\/wordpress\/plugins\/seo\/ -->\n<title>Interacci\u00f3n educativa en l\u00ednea - Museu do Futebol<\/title>\n<meta name=\"robots\" content=\"index, follow, max-snippet:-1, max-image-preview:large, max-video-preview:-1\" \/>\n<link rel=\"canonical\" href=\"https:\/\/museudofutebol.org.br\/teste\/es\/interaccion-educativa-en-linea\/\" \/>\n<meta property=\"og:locale\" content=\"pt_BR\" \/>\n<meta property=\"og:type\" content=\"article\" \/>\n<meta property=\"og:title\" content=\"Interacci\u00f3n educativa en l\u00ednea - Museu do Futebol\" \/>\n<meta property=\"og:description\" content=\"[vc_row][vc_column width=&#8221;2\/3&#8243;][vc_column_text] \u00bfQu\u00e9 te parece ofrecer una actividad diferente a tus alumnos durante la pandemia? Con las visitas en grupo a\u00fan suspendidas, el Museo del F\u00fatbol [\u2026]\" \/>\n<meta property=\"og:url\" content=\"https:\/\/museudofutebol.org.br\/teste\/es\/interaccion-educativa-en-linea\/\" \/>\n<meta property=\"og:site_name\" content=\"Museu do Futebol\" \/>\n<meta property=\"article:publisher\" content=\"https:\/\/www.facebook.com\/museudofutebol\" \/>\n<meta property=\"article:modified_time\" content=\"2022-02-23T21:43:33+00:00\" \/>\n<meta property=\"og:image\" content=\"https:\/\/museudofutebol.org.br\/teste\/wp-content\/uploads\/2020\/11\/MF_Twitter.jpg\" \/>\n\t<meta property=\"og:image:width\" content=\"680\" \/>\n\t<meta property=\"og:image:height\" content=\"340\" \/>\n\t<meta property=\"og:image:type\" content=\"image\/jpeg\" \/>\n<meta name=\"twitter:card\" content=\"summary_large_image\" \/>\n<meta name=\"twitter:site\" content=\"@museudofutebol\" \/>\n<meta name=\"twitter:label1\" content=\"Est. tempo de leitura\" \/>\n\t<meta name=\"twitter:data1\" content=\"2 minutos\" \/>\n<script type=\"application\/ld+json\" class=\"yoast-schema-graph\">{\"@context\":\"https:\/\/schema.org\",\"@graph\":[{\"@type\":\"WebPage\",\"@id\":\"https:\/\/museudofutebol.org.br\/teste\/es\/interaccion-educativa-en-linea\/\",\"url\":\"https:\/\/museudofutebol.org.br\/teste\/es\/interaccion-educativa-en-linea\/\",\"name\":\"Interacci\u00f3n educativa en l\u00ednea - Museu do Futebol\",\"isPartOf\":{\"@id\":\"https:\/\/museudofutebol.org.br\/teste\/#website\"},\"datePublished\":\"2021-08-09T21:19:11+00:00\",\"dateModified\":\"2022-02-23T21:43:33+00:00\",\"breadcrumb\":{\"@id\":\"https:\/\/museudofutebol.org.br\/teste\/es\/interaccion-educativa-en-linea\/#breadcrumb\"},\"inLanguage\":\"pt-BR\",\"potentialAction\":[{\"@type\":\"ReadAction\",\"target\":[\"https:\/\/museudofutebol.org.br\/teste\/es\/interaccion-educativa-en-linea\/\"]}]},{\"@type\":\"BreadcrumbList\",\"@id\":\"https:\/\/museudofutebol.org.br\/teste\/es\/interaccion-educativa-en-linea\/#breadcrumb\",\"itemListElement\":[{\"@type\":\"ListItem\",\"position\":1,\"name\":\"In\u00edcio\",\"item\":\"https:\/\/museudofutebol.org.br\/teste\/\"},{\"@type\":\"ListItem\",\"position\":2,\"name\":\"Interacci\u00f3n educativa en l\u00ednea\"}]},{\"@type\":\"WebSite\",\"@id\":\"https:\/\/museudofutebol.org.br\/teste\/#website\",\"url\":\"https:\/\/museudofutebol.org.br\/teste\/\",\"name\":\"Museu do Futebol\",\"description\":\"\",\"potentialAction\":[{\"@type\":\"SearchAction\",\"target\":{\"@type\":\"EntryPoint\",\"urlTemplate\":\"https:\/\/museudofutebol.org.br\/teste\/?s={search_term_string}\"},\"query-input\":\"required name=search_term_string\"}],\"inLanguage\":\"pt-BR\"}]}<\/script>\n<!-- \/ Yoast SEO plugin. -->","yoast_head_json":{"title":"Interacci\u00f3n educativa en l\u00ednea - Museu do Futebol","robots":{"index":"index","follow":"follow","max-snippet":"max-snippet:-1","max-image-preview":"max-image-preview:large","max-video-preview":"max-video-preview:-1"},"canonical":"https:\/\/museudofutebol.org.br\/teste\/es\/interaccion-educativa-en-linea\/","og_locale":"pt_BR","og_type":"article","og_title":"Interacci\u00f3n educativa en l\u00ednea - Museu do Futebol","og_description":"[vc_row][vc_column width=&#8221;2\/3&#8243;][vc_column_text] \u00bfQu\u00e9 te parece ofrecer una actividad diferente a tus alumnos durante la pandemia? Con las visitas en grupo a\u00fan suspendidas, el Museo del F\u00fatbol [\u2026]","og_url":"https:\/\/museudofutebol.org.br\/teste\/es\/interaccion-educativa-en-linea\/","og_site_name":"Museu do Futebol","article_publisher":"https:\/\/www.facebook.com\/museudofutebol","article_modified_time":"2022-02-23T21:43:33+00:00","og_image":[{"width":680,"height":340,"url":"https:\/\/museudofutebol.org.br\/teste\/wp-content\/uploads\/2020\/11\/MF_Twitter.jpg","type":"image\/jpeg"}],"twitter_card":"summary_large_image","twitter_site":"@museudofutebol","twitter_misc":{"Est. tempo de leitura":"2 minutos"},"schema":{"@context":"https:\/\/schema.org","@graph":[{"@type":"WebPage","@id":"https:\/\/museudofutebol.org.br\/teste\/es\/interaccion-educativa-en-linea\/","url":"https:\/\/museudofutebol.org.br\/teste\/es\/interaccion-educativa-en-linea\/","name":"Interacci\u00f3n educativa en l\u00ednea - Museu do Futebol","isPartOf":{"@id":"https:\/\/museudofutebol.org.br\/teste\/#website"},"datePublished":"2021-08-09T21:19:11+00:00","dateModified":"2022-02-23T21:43:33+00:00","breadcrumb":{"@id":"https:\/\/museudofutebol.org.br\/teste\/es\/interaccion-educativa-en-linea\/#breadcrumb"},"inLanguage":"pt-BR","potentialAction":[{"@type":"ReadAction","target":["https:\/\/museudofutebol.org.br\/teste\/es\/interaccion-educativa-en-linea\/"]}]},{"@type":"BreadcrumbList","@id":"https:\/\/museudofutebol.org.br\/teste\/es\/interaccion-educativa-en-linea\/#breadcrumb","itemListElement":[{"@type":"ListItem","position":1,"name":"In\u00edcio","item":"https:\/\/museudofutebol.org.br\/teste\/"},{"@type":"ListItem","position":2,"name":"Interacci\u00f3n educativa en l\u00ednea"}]},{"@type":"WebSite","@id":"https:\/\/museudofutebol.org.br\/teste\/#website","url":"https:\/\/museudofutebol.org.br\/teste\/","name":"Museu do Futebol","description":"","potentialAction":[{"@type":"SearchAction","target":{"@type":"EntryPoint","urlTemplate":"https:\/\/museudofutebol.org.br\/teste\/?s={search_term_string}"},"query-input":"required name=search_term_string"}],"inLanguage":"pt-BR"}]}},"_links":{"self":[{"href":"https:\/\/museudofutebol.org.br\/teste\/wp-json\/wp\/v2\/pages\/4193"}],"collection":[{"href":"https:\/\/museudofutebol.org.br\/teste\/wp-json\/wp\/v2\/pages"}],"about":[{"href":"https:\/\/museudofutebol.org.br\/teste\/wp-json\/wp\/v2\/types\/page"}],"author":[{"embeddable":true,"href":"https:\/\/museudofutebol.org.br\/teste\/wp-json\/wp\/v2\/users\/13"}],"replies":[{"embeddable":true,"href":"https:\/\/museudofutebol.org.br\/teste\/wp-json\/wp\/v2\/comments?post=4193"}],"version-history":[{"count":6,"href":"https:\/\/museudofutebol.org.br\/teste\/wp-json\/wp\/v2\/pages\/4193\/revisions"}],"predecessor-version":[{"id":5184,"href":"https:\/\/museudofutebol.org.br\/teste\/wp-json\/wp\/v2\/pages\/4193\/revisions\/5184"}],"wp:featuredmedia":[{"embeddable":true,"href":"https:\/\/museudofutebol.org.br\/teste\/wp-json\/wp\/v2\/media\/1897"}],"wp:attachment":[{"href":"https:\/\/museudofutebol.org.br\/teste\/wp-json\/wp\/v2\/media?parent=4193"}],"curies":[{"name":"wp","href":"https:\/\/api.w.org\/{rel}","templated":true}]}}