{"id":4593,"date":"2021-12-12T02:17:41","date_gmt":"2021-12-12T05:17:41","guid":{"rendered":"https:\/\/museudofutebol.org.br\/teste\/?page_id=4593"},"modified":"2024-09-09T13:01:36","modified_gmt":"2024-09-09T16:01:36","slug":"educativo","status":"publish","type":"page","link":"https:\/\/museudofutebol.org.br\/teste\/educativo\/","title":{"rendered":"Educativo"},"content":{"rendered":"<div class=\"wpb-content-wrapper\"><p>[vc_row full_width=&#8221;stretch_row&#8221; css=&#8221;.vc_custom_1639325800311{background-color: #ffd400 !important;}&#8221;][vc_column width=&#8221;1\/3&#8243;][vc_single_image image=&#8221;5892&#8243; img_size=&#8221;full&#8221; css=&#8221;.vc_custom_1652799757145{margin-bottom: 0px !important;}&#8221;][vc_custom_heading text=&#8221;Livro &#8220;Di\u00e1logos em Campo&#8220;&#8221; font_container=&#8221;tag:h3|text_align:left&#8221; use_theme_fonts=&#8221;yes&#8221; link=&#8221;url:https%3A%2F%2Fmuseudofutebol.org.br\/teste%2Feducativo%2Flivro-dialogos-em-campo%2F|title:Livro%20%22Di%C3%A1logos%20em%20Campo%22|target:_blank&#8221;][vc_column_text]Baixe o livro produzido pelo N\u00facleo Educativo sobre as experi\u00eancias e mudan\u00e7as em museus durante a pandemia[\/vc_column_text][\/vc_column][vc_column width=&#8221;1\/3&#8243;][vc_single_image image=&#8221;12601&#8243; img_size=&#8221;full&#8221; css=&#8221;.vc_custom_1725897690873{margin-bottom: 0px !important;}&#8221;][vc_custom_heading text=&#8221;Visitas educativas&#8221; font_container=&#8221;tag:h3|text_align:left&#8221; use_theme_fonts=&#8221;yes&#8221; link=&#8221;url:https%3A%2F%2Fmuseudofutebol.org.br\/teste%2Fvisitas-educativas-2%2F|title:Visitas%20educativas&#8221;][vc_column_text]Visitas tem\u00e1ticas ao Museu do Futebol. Confira os hor\u00e1rios dispon\u00edveis.[\/vc_column_text][\/vc_column][vc_column width=&#8221;1\/3&#8243;][vc_single_image image=&#8221;13005&#8243; img_size=&#8221;full&#8221; css=&#8221;.vc_custom_1722445450973{margin-bottom: 0px !important;}&#8221;][vc_custom_heading text=&#8221;Programa educativo&#8221; font_container=&#8221;tag:h3|text_align:left&#8221; use_theme_fonts=&#8221;yes&#8221; link=&#8221;url:https%3A%2F%2Fmuseudofutebol.org.br\/teste%2Fprograma-educativo-2%2F|title:Programa%20educativo&#8221;][vc_column_text]Conhe\u00e7a o programa do Museu do Futebol que visa objetivo acolher e orientar os visitantes.[\/vc_column_text][\/vc_column][\/vc_row][vc_row][vc_column][vc_empty_space height=&#8221;8px&#8221;][vc_custom_heading text=&#8221;Conte\u00fados educativos&#8221; font_container=&#8221;tag:h3|text_align:left&#8221; use_theme_fonts=&#8221;yes&#8221;][vc_column_text]O N\u00facleo Educativo do Museu do Futebol produz jogos, brincadeiras e publica\u00e7\u00f5es voltados a p\u00fablicos variados &#8211; de crian\u00e7as pequenas a professores. Navegue e descubra! O conte\u00fado \u00e9 atualizado constantemente.[\/vc_column_text][vc_empty_space height=&#8221;8px&#8221;][\/vc_column][\/vc_row][vc_row][vc_column][vc_basic_grid post_type=&#8221;educativo&#8221; max_items=&#8221;-1&#8243; style=&#8221;lazy&#8221; items_per_page=&#8221;8&#8243; show_filter=&#8221;yes&#8221; element_width=&#8221;3&#8243; gap=&#8221;15&#8243; item=&#8221;4635&#8243; grid_id=&#8221;vc_gid:1725897642114-c1b0c554-2a10-6&#8243; filter_source=&#8221;tipo-conteudo-educativo&#8221;][\/vc_column][\/vc_row]<\/p>\n<\/div>","protected":false},"excerpt":{"rendered":"<p>[vc_row full_width=&#8221;stretch_row&#8221; css=&#8221;.vc_custom_1639325800311{background-color: #ffd400 !important;}&#8221;][vc_column width=&#8221;1\/3&#8243;][vc_single_image image=&#8221;5892&#8243; img_size=&#8221;full&#8221; css=&#8221;.vc_custom_1652799757145{margin-bottom: 0px !important;}&#8221;][vc_custom_heading text=&#8221;Livro &#8220;Di\u00e1logos em Campo&#8220;&#8221; font_container=&#8221;tag:h3|text_align:left&#8221; use_theme_fonts=&#8221;yes&#8221; link=&#8221;url:https%3A%2F%2Fmuseudofutebol.org.br\/teste%2Feducativo%2Flivro-dialogos-em-campo%2F|title:Livro%20%22Di%C3%A1logos%20em%20Campo%22|target:_blank&#8221;][vc_column_text]Baixe o livro produzido pelo N\u00facleo Educativo sobre as<span class=\"excerpt-hellip\"> [\u2026]<\/span><\/p>\n","protected":false},"author":2,"featured_media":0,"parent":0,"menu_order":0,"comment_status":"closed","ping_status":"closed","template":"","meta":[],"acf":[],"yoast_head":"<!-- This site is optimized with the Yoast SEO plugin v20.8 - https:\/\/yoast.com\/wordpress\/plugins\/seo\/ -->\n<title>Educativo - Museu do Futebol<\/title>\n<meta name=\"robots\" content=\"index, follow, max-snippet:-1, max-image-preview:large, max-video-preview:-1\" \/>\n<link rel=\"canonical\" href=\"https:\/\/museudofutebol.org.br\/teste\/educativo\/\" \/>\n<meta property=\"og:locale\" content=\"pt_BR\" \/>\n<meta property=\"og:type\" content=\"article\" \/>\n<meta property=\"og:title\" content=\"Educativo - Museu do Futebol\" \/>\n<meta property=\"og:description\" content=\"[vc_row full_width=&#8221;stretch_row&#8221; css=&#8221;.vc_custom_1639325800311{background-color: #ffd400 !important;}&#8221;][vc_column width=&#8221;1\/3&#8243;][vc_single_image image=&#8221;5892&#8243; img_size=&#8221;full&#8221; css=&#8221;.vc_custom_1652799757145{margin-bottom: 0px !important;}&#8221;][vc_custom_heading text=&#8221;Livro &#8220;Di\u00e1logos em Campo&#8220;&#8221; font_container=&#8221;tag:h3|text_align:left&#8221; use_theme_fonts=&#8221;yes&#8221; link=&#8221;url:https%3A%2F%2Fmuseudofutebol.org.br\/teste%2Feducativo%2Flivro-dialogos-em-campo%2F|title:Livro%20%22Di%C3%A1logos%20em%20Campo%22|target:_blank&#8221;][vc_column_text]Baixe o livro produzido pelo N\u00facleo Educativo sobre as [\u2026]\" \/>\n<meta property=\"og:url\" content=\"https:\/\/museudofutebol.org.br\/teste\/educativo\/\" \/>\n<meta property=\"og:site_name\" content=\"Museu do Futebol\" \/>\n<meta property=\"article:publisher\" content=\"https:\/\/www.facebook.com\/museudofutebol\" \/>\n<meta property=\"article:modified_time\" content=\"2024-09-09T16:01:36+00:00\" \/>\n<meta name=\"twitter:card\" content=\"summary_large_image\" \/>\n<meta name=\"twitter:site\" content=\"@museudofutebol\" \/>\n<meta name=\"twitter:label1\" content=\"Est. tempo de leitura\" \/>\n\t<meta name=\"twitter:data1\" content=\"1 minuto\" \/>\n<script type=\"application\/ld+json\" class=\"yoast-schema-graph\">{\"@context\":\"https:\/\/schema.org\",\"@graph\":[{\"@type\":\"WebPage\",\"@id\":\"https:\/\/museudofutebol.org.br\/teste\/educativo\/\",\"url\":\"https:\/\/museudofutebol.org.br\/teste\/educativo\/\",\"name\":\"Educativo - Museu do Futebol\",\"isPartOf\":{\"@id\":\"https:\/\/museudofutebol.org.br\/teste\/#website\"},\"datePublished\":\"2021-12-12T05:17:41+00:00\",\"dateModified\":\"2024-09-09T16:01:36+00:00\",\"breadcrumb\":{\"@id\":\"https:\/\/museudofutebol.org.br\/teste\/educativo\/#breadcrumb\"},\"inLanguage\":\"pt-BR\",\"potentialAction\":[{\"@type\":\"ReadAction\",\"target\":[\"https:\/\/museudofutebol.org.br\/teste\/educativo\/\"]}]},{\"@type\":\"BreadcrumbList\",\"@id\":\"https:\/\/museudofutebol.org.br\/teste\/educativo\/#breadcrumb\",\"itemListElement\":[{\"@type\":\"ListItem\",\"position\":1,\"name\":\"In\u00edcio\",\"item\":\"https:\/\/museudofutebol.org.br\/teste\/\"},{\"@type\":\"ListItem\",\"position\":2,\"name\":\"Educativo\"}]},{\"@type\":\"WebSite\",\"@id\":\"https:\/\/museudofutebol.org.br\/teste\/#website\",\"url\":\"https:\/\/museudofutebol.org.br\/teste\/\",\"name\":\"Museu do Futebol\",\"description\":\"\",\"potentialAction\":[{\"@type\":\"SearchAction\",\"target\":{\"@type\":\"EntryPoint\",\"urlTemplate\":\"https:\/\/museudofutebol.org.br\/teste\/?s={search_term_string}\"},\"query-input\":\"required name=search_term_string\"}],\"inLanguage\":\"pt-BR\"}]}<\/script>\n<!-- \/ Yoast SEO plugin. -->","yoast_head_json":{"title":"Educativo - Museu do Futebol","robots":{"index":"index","follow":"follow","max-snippet":"max-snippet:-1","max-image-preview":"max-image-preview:large","max-video-preview":"max-video-preview:-1"},"canonical":"https:\/\/museudofutebol.org.br\/teste\/educativo\/","og_locale":"pt_BR","og_type":"article","og_title":"Educativo - Museu do Futebol","og_description":"[vc_row full_width=&#8221;stretch_row&#8221; css=&#8221;.vc_custom_1639325800311{background-color: #ffd400 !important;}&#8221;][vc_column width=&#8221;1\/3&#8243;][vc_single_image image=&#8221;5892&#8243; img_size=&#8221;full&#8221; css=&#8221;.vc_custom_1652799757145{margin-bottom: 0px !important;}&#8221;][vc_custom_heading text=&#8221;Livro &#8220;Di\u00e1logos em Campo&#8220;&#8221; font_container=&#8221;tag:h3|text_align:left&#8221; use_theme_fonts=&#8221;yes&#8221; link=&#8221;url:https%3A%2F%2Fmuseudofutebol.org.br\/teste%2Feducativo%2Flivro-dialogos-em-campo%2F|title:Livro%20%22Di%C3%A1logos%20em%20Campo%22|target:_blank&#8221;][vc_column_text]Baixe o livro produzido pelo N\u00facleo Educativo sobre as [\u2026]","og_url":"https:\/\/museudofutebol.org.br\/teste\/educativo\/","og_site_name":"Museu do Futebol","article_publisher":"https:\/\/www.facebook.com\/museudofutebol","article_modified_time":"2024-09-09T16:01:36+00:00","twitter_card":"summary_large_image","twitter_site":"@museudofutebol","twitter_misc":{"Est. tempo de leitura":"1 minuto"},"schema":{"@context":"https:\/\/schema.org","@graph":[{"@type":"WebPage","@id":"https:\/\/museudofutebol.org.br\/teste\/educativo\/","url":"https:\/\/museudofutebol.org.br\/teste\/educativo\/","name":"Educativo - Museu do Futebol","isPartOf":{"@id":"https:\/\/museudofutebol.org.br\/teste\/#website"},"datePublished":"2021-12-12T05:17:41+00:00","dateModified":"2024-09-09T16:01:36+00:00","breadcrumb":{"@id":"https:\/\/museudofutebol.org.br\/teste\/educativo\/#breadcrumb"},"inLanguage":"pt-BR","potentialAction":[{"@type":"ReadAction","target":["https:\/\/museudofutebol.org.br\/teste\/educativo\/"]}]},{"@type":"BreadcrumbList","@id":"https:\/\/museudofutebol.org.br\/teste\/educativo\/#breadcrumb","itemListElement":[{"@type":"ListItem","position":1,"name":"In\u00edcio","item":"https:\/\/museudofutebol.org.br\/teste\/"},{"@type":"ListItem","position":2,"name":"Educativo"}]},{"@type":"WebSite","@id":"https:\/\/museudofutebol.org.br\/teste\/#website","url":"https:\/\/museudofutebol.org.br\/teste\/","name":"Museu do Futebol","description":"","potentialAction":[{"@type":"SearchAction","target":{"@type":"EntryPoint","urlTemplate":"https:\/\/museudofutebol.org.br\/teste\/?s={search_term_string}"},"query-input":"required name=search_term_string"}],"inLanguage":"pt-BR"}]}},"_links":{"self":[{"href":"https:\/\/museudofutebol.org.br\/teste\/wp-json\/wp\/v2\/pages\/4593"}],"collection":[{"href":"https:\/\/museudofutebol.org.br\/teste\/wp-json\/wp\/v2\/pages"}],"about":[{"href":"https:\/\/museudofutebol.org.br\/teste\/wp-json\/wp\/v2\/types\/page"}],"author":[{"embeddable":true,"href":"https:\/\/museudofutebol.org.br\/teste\/wp-json\/wp\/v2\/users\/2"}],"replies":[{"embeddable":true,"href":"https:\/\/museudofutebol.org.br\/teste\/wp-json\/wp\/v2\/comments?post=4593"}],"version-history":[{"count":46,"href":"https:\/\/museudofutebol.org.br\/teste\/wp-json\/wp\/v2\/pages\/4593\/revisions"}],"predecessor-version":[{"id":13515,"href":"https:\/\/museudofutebol.org.br\/teste\/wp-json\/wp\/v2\/pages\/4593\/revisions\/13515"}],"wp:attachment":[{"href":"https:\/\/museudofutebol.org.br\/teste\/wp-json\/wp\/v2\/media?parent=4593"}],"curies":[{"name":"wp","href":"https:\/\/api.w.org\/{rel}","templated":true}]}}