{"id":50,"date":"2020-03-24T02:24:17","date_gmt":"2020-03-24T05:24:17","guid":{"rendered":"https:\/\/museudofutebol.org.br\/teste\/?page_id=50"},"modified":"2024-07-16T14:43:18","modified_gmt":"2024-07-16T17:43:18","slug":"exposicoes","status":"publish","type":"page","link":"https:\/\/museudofutebol.org.br\/teste\/exposicoes\/","title":{"rendered":"Exposi\u00e7\u00f5es"},"content":{"rendered":"<div class=\"wpb-content-wrapper\"><p>[vc_row full_width=&#8221;stretch_row&#8221; disable_element=&#8221;yes&#8221; css=&#8221;.vc_custom_1677105049108{margin-bottom: 8px !important;background-color: #207f3e !important;}&#8221; el_class=&#8221;linha-vitrine&#8221;][vc_column width=&#8221;1\/3&#8243;][vc_custom_heading text=&#8221;22 em Campo&#8221; font_container=&#8221;tag:h2|font_size:44px|text_align:left|color:%23ffffff|line_height:44px&#8221; use_theme_fonts=&#8221;yes&#8221; link=&#8221;url:https%3A%2F%2Fmuseudofutebol.org.br\/teste%2Fexposicoes%2F22-em-campo%2F|title:Contra-Ataque&#8221; css=&#8221;.vc_custom_1672943526396{margin-bottom: 8px !important;}&#8221;][vc_custom_heading text=&#8221;15 de julho de 2022 a 29 de janeiro de 2023&#8243; font_container=&#8221;tag:div|font_size:20px|text_align:left|color:%23ffffff|line_height:28px&#8221; google_fonts=&#8221;font_family:Montserrat%3Aregular%2C700|font_style:700%20bold%20regular%3A700%3Anormal&#8221; link=&#8221;url:https%3A%2F%2Fmuseudofutebol.org.br\/teste%2Fexposicoes%2F22-em-campo%2F|title:Contra-Ataque&#8221;][vc_column_text css=&#8221;.vc_custom_1672943542372{margin-bottom: 4px !important;}&#8221; el_class=&#8221;tipo-destaque&#8221;]<a href=\"https:\/\/museudofutebol.org.br\/teste\/exposicoes\/22-em-campo\/\"><span style=\"color: #ffffff;\">EXPOSI\u00c7\u00c3O TEMPOR\u00c1RIA<\/span><\/a>[\/vc_column_text][\/vc_column][vc_column width=&#8221;2\/3&#8243; el_class=&#8221;.imgctr&#8221; css=&#8221;.vc_custom_1657743990584{background-image: url(https:\/\/museudofutebol.org.br\/teste\/wp-content\/uploads\/2022\/07\/22emcampo_web_capa_site_MF.png?id=6588) !important;}&#8221;][vc_empty_space height=&#8221;290px&#8221;][\/vc_column][\/vc_row][vc_row full_width=&#8221;stretch_row_content&#8221; disable_element=&#8221;yes&#8221; css=&#8221;.vc_custom_1721151929560{margin-bottom: 8px !important;background-color: #31604e !important;}&#8221; el_class=&#8221;linha-vitrine-sangrada&#8221;][vc_column width=&#8221;1\/2&#8243;][vc_custom_heading text=&#8221;Futebol de Brinquedo&#8221; font_container=&#8221;tag:h2|font_size:44px|text_align:left|color:%23ffffff|line_height:44px&#8221; use_theme_fonts=&#8221;yes&#8221; link=&#8221;url:https%3A%2F%2Fmuseudofutebol.org.br\/teste%2Fexposicoes%2Ffutebol-de-brinquedo%2F|title:Museu%20do%20Futebol&#8221; css=&#8221;.vc_custom_1699284086674{margin-bottom: 8px !important;}&#8221;][vc_custom_heading text=&#8221;Em cartaz&#8221; font_container=&#8221;tag:div|font_size:20px|text_align:left|color:%23ffffff|line_height:26px&#8221; google_fonts=&#8221;font_family:Montserrat%3Aregular%2C700|font_style:700%20bold%20regular%3A700%3Anormal&#8221; link=&#8221;url:%20http%3A%2F%2Fmuseudofutebol.org.br\/teste%2Fexposicoes%2Fmuseu-do-futebol%2F|title:Museu%20do%20Futebol||&#8221;][vc_column_text css=&#8221;.vc_custom_1699283944560{margin-bottom: 4px !important;}&#8221; el_class=&#8221;tipo-destaque&#8221;]<span style=\"color: #ffffff;\"><b>EXPOSI\u00c7\u00c3O TEMPOR\u00c1RIA<\/b><\/span>[\/vc_column_text][\/vc_column][vc_column width=&#8221;1\/2&#8243; el_class=&#8221;.imgctr&#8221; css=&#8221;.vc_custom_1699283612228{background-image: url(https:\/\/museudofutebol.org.br\/teste\/wp-content\/uploads\/2023\/10\/FUTEBOL_DE_BRINQUEDO_-_DESTAQUE_SITE.png?id=10221) !important;}&#8221;][vc_empty_space height=&#8221;290px&#8221;][\/vc_column][\/vc_row][vc_row][vc_column][vc_basic_grid post_type=&#8221;exposicao&#8221; max_items=&#8221;-1&#8243; show_filter=&#8221;yes&#8221; gap=&#8221;10&#8243; item=&#8221;428&#8243; grid_id=&#8221;vc_gid:1721151917697-36dd2c4a-03a1-9&#8243; filter_source=&#8221;tipo-exposicao&#8221;][\/vc_column][\/vc_row]<\/p>\n<\/div>","protected":false},"excerpt":{"rendered":"<p>[vc_row full_width=&#8221;stretch_row&#8221; disable_element=&#8221;yes&#8221; css=&#8221;.vc_custom_1677105049108{margin-bottom: 8px !important;background-color: #207f3e !important;}&#8221; el_class=&#8221;linha-vitrine&#8221;][vc_column width=&#8221;1\/3&#8243;][vc_custom_heading text=&#8221;22 em Campo&#8221; font_container=&#8221;tag:h2|font_size:44px|text_align:left|color:%23ffffff|line_height:44px&#8221; use_theme_fonts=&#8221;yes&#8221; link=&#8221;url:https%3A%2F%2Fmuseudofutebol.org.br\/teste%2Fexposicoes%2F22-em-campo%2F|title:Contra-Ataque&#8221; css=&#8221;.vc_custom_1672943526396{margin-bottom: 8px !important;}&#8221;][vc_custom_heading text=&#8221;15 de julho de 2022 a 29<span class=\"excerpt-hellip\"> [\u2026]<\/span><\/p>\n","protected":false},"author":2,"featured_media":0,"parent":0,"menu_order":0,"comment_status":"closed","ping_status":"closed","template":"","meta":[],"acf":[],"yoast_head":"<!-- This site is optimized with the Yoast SEO plugin v20.8 - https:\/\/yoast.com\/wordpress\/plugins\/seo\/ -->\n<title>Exposi\u00e7\u00f5es - Museu do Futebol<\/title>\n<meta name=\"robots\" content=\"index, follow, max-snippet:-1, max-image-preview:large, max-video-preview:-1\" \/>\n<link rel=\"canonical\" href=\"https:\/\/museudofutebol.org.br\/teste\/exposicoes\/\" \/>\n<meta property=\"og:locale\" content=\"pt_BR\" \/>\n<meta property=\"og:type\" content=\"article\" \/>\n<meta property=\"og:title\" content=\"Exposi\u00e7\u00f5es - Museu do Futebol\" \/>\n<meta property=\"og:description\" content=\"[vc_row full_width=&#8221;stretch_row&#8221; disable_element=&#8221;yes&#8221; css=&#8221;.vc_custom_1677105049108{margin-bottom: 8px !important;background-color: #207f3e !important;}&#8221; el_class=&#8221;linha-vitrine&#8221;][vc_column width=&#8221;1\/3&#8243;][vc_custom_heading text=&#8221;22 em Campo&#8221; font_container=&#8221;tag:h2|font_size:44px|text_align:left|color:%23ffffff|line_height:44px&#8221; use_theme_fonts=&#8221;yes&#8221; link=&#8221;url:https%3A%2F%2Fmuseudofutebol.org.br\/teste%2Fexposicoes%2F22-em-campo%2F|title:Contra-Ataque&#8221; css=&#8221;.vc_custom_1672943526396{margin-bottom: 8px !important;}&#8221;][vc_custom_heading text=&#8221;15 de julho de 2022 a 29 [\u2026]\" \/>\n<meta property=\"og:url\" content=\"https:\/\/museudofutebol.org.br\/teste\/exposicoes\/\" \/>\n<meta property=\"og:site_name\" content=\"Museu do Futebol\" \/>\n<meta property=\"article:publisher\" content=\"https:\/\/www.facebook.com\/museudofutebol\" \/>\n<meta property=\"article:modified_time\" content=\"2024-07-16T17:43:18+00:00\" \/>\n<meta name=\"twitter:card\" content=\"summary_large_image\" \/>\n<meta name=\"twitter:site\" content=\"@museudofutebol\" \/>\n<meta name=\"twitter:label1\" content=\"Est. tempo de leitura\" \/>\n\t<meta name=\"twitter:data1\" content=\"1 minuto\" \/>\n<script type=\"application\/ld+json\" class=\"yoast-schema-graph\">{\"@context\":\"https:\/\/schema.org\",\"@graph\":[{\"@type\":\"WebPage\",\"@id\":\"https:\/\/museudofutebol.org.br\/teste\/exposicoes\/\",\"url\":\"https:\/\/museudofutebol.org.br\/teste\/exposicoes\/\",\"name\":\"Exposi\u00e7\u00f5es - Museu do Futebol\",\"isPartOf\":{\"@id\":\"https:\/\/museudofutebol.org.br\/teste\/#website\"},\"datePublished\":\"2020-03-24T05:24:17+00:00\",\"dateModified\":\"2024-07-16T17:43:18+00:00\",\"breadcrumb\":{\"@id\":\"https:\/\/museudofutebol.org.br\/teste\/exposicoes\/#breadcrumb\"},\"inLanguage\":\"pt-BR\",\"potentialAction\":[{\"@type\":\"ReadAction\",\"target\":[\"https:\/\/museudofutebol.org.br\/teste\/exposicoes\/\"]}]},{\"@type\":\"BreadcrumbList\",\"@id\":\"https:\/\/museudofutebol.org.br\/teste\/exposicoes\/#breadcrumb\",\"itemListElement\":[{\"@type\":\"ListItem\",\"position\":1,\"name\":\"In\u00edcio\",\"item\":\"https:\/\/museudofutebol.org.br\/teste\/\"},{\"@type\":\"ListItem\",\"position\":2,\"name\":\"Exposi\u00e7\u00f5es\"}]},{\"@type\":\"WebSite\",\"@id\":\"https:\/\/museudofutebol.org.br\/teste\/#website\",\"url\":\"https:\/\/museudofutebol.org.br\/teste\/\",\"name\":\"Museu do Futebol\",\"description\":\"\",\"potentialAction\":[{\"@type\":\"SearchAction\",\"target\":{\"@type\":\"EntryPoint\",\"urlTemplate\":\"https:\/\/museudofutebol.org.br\/teste\/?s={search_term_string}\"},\"query-input\":\"required name=search_term_string\"}],\"inLanguage\":\"pt-BR\"}]}<\/script>\n<!-- \/ Yoast SEO plugin. -->","yoast_head_json":{"title":"Exposi\u00e7\u00f5es - Museu do Futebol","robots":{"index":"index","follow":"follow","max-snippet":"max-snippet:-1","max-image-preview":"max-image-preview:large","max-video-preview":"max-video-preview:-1"},"canonical":"https:\/\/museudofutebol.org.br\/teste\/exposicoes\/","og_locale":"pt_BR","og_type":"article","og_title":"Exposi\u00e7\u00f5es - Museu do Futebol","og_description":"[vc_row full_width=&#8221;stretch_row&#8221; disable_element=&#8221;yes&#8221; css=&#8221;.vc_custom_1677105049108{margin-bottom: 8px !important;background-color: #207f3e !important;}&#8221; el_class=&#8221;linha-vitrine&#8221;][vc_column width=&#8221;1\/3&#8243;][vc_custom_heading text=&#8221;22 em Campo&#8221; font_container=&#8221;tag:h2|font_size:44px|text_align:left|color:%23ffffff|line_height:44px&#8221; use_theme_fonts=&#8221;yes&#8221; link=&#8221;url:https%3A%2F%2Fmuseudofutebol.org.br\/teste%2Fexposicoes%2F22-em-campo%2F|title:Contra-Ataque&#8221; css=&#8221;.vc_custom_1672943526396{margin-bottom: 8px !important;}&#8221;][vc_custom_heading text=&#8221;15 de julho de 2022 a 29 [\u2026]","og_url":"https:\/\/museudofutebol.org.br\/teste\/exposicoes\/","og_site_name":"Museu do Futebol","article_publisher":"https:\/\/www.facebook.com\/museudofutebol","article_modified_time":"2024-07-16T17:43:18+00:00","twitter_card":"summary_large_image","twitter_site":"@museudofutebol","twitter_misc":{"Est. tempo de leitura":"1 minuto"},"schema":{"@context":"https:\/\/schema.org","@graph":[{"@type":"WebPage","@id":"https:\/\/museudofutebol.org.br\/teste\/exposicoes\/","url":"https:\/\/museudofutebol.org.br\/teste\/exposicoes\/","name":"Exposi\u00e7\u00f5es - Museu do Futebol","isPartOf":{"@id":"https:\/\/museudofutebol.org.br\/teste\/#website"},"datePublished":"2020-03-24T05:24:17+00:00","dateModified":"2024-07-16T17:43:18+00:00","breadcrumb":{"@id":"https:\/\/museudofutebol.org.br\/teste\/exposicoes\/#breadcrumb"},"inLanguage":"pt-BR","potentialAction":[{"@type":"ReadAction","target":["https:\/\/museudofutebol.org.br\/teste\/exposicoes\/"]}]},{"@type":"BreadcrumbList","@id":"https:\/\/museudofutebol.org.br\/teste\/exposicoes\/#breadcrumb","itemListElement":[{"@type":"ListItem","position":1,"name":"In\u00edcio","item":"https:\/\/museudofutebol.org.br\/teste\/"},{"@type":"ListItem","position":2,"name":"Exposi\u00e7\u00f5es"}]},{"@type":"WebSite","@id":"https:\/\/museudofutebol.org.br\/teste\/#website","url":"https:\/\/museudofutebol.org.br\/teste\/","name":"Museu do Futebol","description":"","potentialAction":[{"@type":"SearchAction","target":{"@type":"EntryPoint","urlTemplate":"https:\/\/museudofutebol.org.br\/teste\/?s={search_term_string}"},"query-input":"required name=search_term_string"}],"inLanguage":"pt-BR"}]}},"_links":{"self":[{"href":"https:\/\/museudofutebol.org.br\/teste\/wp-json\/wp\/v2\/pages\/50"}],"collection":[{"href":"https:\/\/museudofutebol.org.br\/teste\/wp-json\/wp\/v2\/pages"}],"about":[{"href":"https:\/\/museudofutebol.org.br\/teste\/wp-json\/wp\/v2\/types\/page"}],"author":[{"embeddable":true,"href":"https:\/\/museudofutebol.org.br\/teste\/wp-json\/wp\/v2\/users\/2"}],"replies":[{"embeddable":true,"href":"https:\/\/museudofutebol.org.br\/teste\/wp-json\/wp\/v2\/comments?post=50"}],"version-history":[{"count":38,"href":"https:\/\/museudofutebol.org.br\/teste\/wp-json\/wp\/v2\/pages\/50\/revisions"}],"predecessor-version":[{"id":12702,"href":"https:\/\/museudofutebol.org.br\/teste\/wp-json\/wp\/v2\/pages\/50\/revisions\/12702"}],"wp:attachment":[{"href":"https:\/\/museudofutebol.org.br\/teste\/wp-json\/wp\/v2\/media?parent=50"}],"curies":[{"name":"wp","href":"https:\/\/api.w.org\/{rel}","templated":true}]}}