{"id":57,"date":"2020-03-24T02:26:37","date_gmt":"2020-03-24T05:26:37","guid":{"rendered":"https:\/\/museudofutebol.org.br\/teste\/?page_id=57"},"modified":"2021-02-12T13:51:19","modified_gmt":"2021-02-12T16:51:19","slug":"crfb","status":"publish","type":"page","link":"https:\/\/museudofutebol.org.br\/teste\/crfb\/","title":{"rendered":"Sobre o CRFB"},"content":{"rendered":"<div class=\"wpb-content-wrapper\"><p>[vc_row][vc_column width=&#8221;2\/3&#8243;][vc_column_text]<img decoding=\"async\" loading=\"lazy\" class=\"alignnone wp-image-892 size-large\" src=\"https:\/\/museudofutebol.org.br\/teste\/wp-content\/uploads\/2020\/09\/DSC_0118-1024x681.jpg\" alt=\"\" width=\"1024\" height=\"681\" srcset=\"https:\/\/museudofutebol.org.br\/teste\/wp-content\/uploads\/2020\/09\/DSC_0118-1024x681.jpg 1024w, https:\/\/museudofutebol.org.br\/teste\/wp-content\/uploads\/2020\/09\/DSC_0118-300x199.jpg 300w, https:\/\/museudofutebol.org.br\/teste\/wp-content\/uploads\/2020\/09\/DSC_0118-768x511.jpg 768w, https:\/\/museudofutebol.org.br\/teste\/wp-content\/uploads\/2020\/09\/DSC_0118-1536x1021.jpg 1536w, https:\/\/museudofutebol.org.br\/teste\/wp-content\/uploads\/2020\/09\/DSC_0118-2048x1362.jpg 2048w, https:\/\/museudofutebol.org.br\/teste\/wp-content\/uploads\/2020\/09\/DSC_0118-220x146.jpg 220w, https:\/\/museudofutebol.org.br\/teste\/wp-content\/uploads\/2020\/09\/DSC_0118-50x33.jpg 50w, https:\/\/museudofutebol.org.br\/teste\/wp-content\/uploads\/2020\/09\/DSC_0118-113x75.jpg 113w\" sizes=\"(max-width:767px) 480px, (max-width:1024px) 100vw, 1024px\" \/><\/p>\n<p>O\u00a0<strong>Centro de Refer\u00eancia do Futebol Brasileiro (CRFB)<\/strong>\u00a0\u00e9 setor respons\u00e1vel por pesquisar e documentar diferentes express\u00f5es do futebol no Brasil, com vistas \u00e0 constitui\u00e7\u00e3o do acervo do Museu do Futebol. O CRFB possui equipe dedicada \u00e0 pesquisa, \u00e0 documenta\u00e7\u00e3o e \u00e0 gest\u00e3o de uma biblioteca e midiateca. Esta possui um dos maiores acervos de livros e peri\u00f3dicos, al\u00e9m de cole\u00e7\u00e3o de filmes, document\u00e1rios, cat\u00e1logos e obras de refer\u00eancia sobre o tema.<\/p>\n<p>Inaugurado em outubro de 2013, o CRFB come\u00e7ou a ser idealizado desde a concep\u00e7\u00e3o do Museu do Futebol. Sua implanta\u00e7\u00e3o foi iniciada em 2011 e contou com recursos da FINEP \u2013 Ag\u00eancia Brasileira de Inova\u00e7\u00e3o e parceria com o N\u00facleo de Antropologia Urbana da Universidade de S\u00e3o Paulo (LabNAU\/USP).<\/p>\n<p>O CRFB desenvolve pesquisas, estabelece parcerias com museus, memoriais, centros e grupos de pesquisas em universidades, promove palestras, semin\u00e1rios e encontros com o objetivo de contribuir com a troca, amplia\u00e7\u00e3o e divulga\u00e7\u00e3o de conhecimentos sobre futebol. Realiza a digitaliza\u00e7\u00e3o de fotos e documentos e contribui para a preserva\u00e7\u00e3o de cole\u00e7\u00f5es sobre futebol.<\/p>\n<p>[\/vc_column_text][\/vc_column][vc_column width=&#8221;1\/3&#8243;][vc_wp_custommenu nav_menu=&#8221;23&#8243;][\/vc_column][\/vc_row][vc_row][vc_column width=&#8221;2\/3&#8243;][vc_video link=&#8221;https:\/\/www.youtube.com\/watch?time_continue=545&amp;v=IctELI-Vp5o&amp;feature=emb_logo&#8221;][\/vc_column][vc_column width=&#8221;1\/3&#8243;][\/vc_column][\/vc_row][vc_row][vc_column][\/vc_column][\/vc_row]<\/p>\n<\/div>","protected":false},"excerpt":{"rendered":"<p>[vc_row][vc_column width=&#8221;2\/3&#8243;][vc_column_text] O\u00a0Centro de Refer\u00eancia do Futebol Brasileiro (CRFB)\u00a0\u00e9 setor respons\u00e1vel por pesquisar e documentar diferentes express\u00f5es do futebol no Brasil, com vistas \u00e0 constitui\u00e7\u00e3o do<span class=\"excerpt-hellip\"> [\u2026]<\/span><\/p>\n","protected":false},"author":2,"featured_media":0,"parent":0,"menu_order":0,"comment_status":"closed","ping_status":"closed","template":"","meta":[],"acf":[],"yoast_head":"<!-- This site is optimized with the Yoast SEO plugin v20.8 - https:\/\/yoast.com\/wordpress\/plugins\/seo\/ -->\n<title>Sobre o CRFB - Museu do Futebol<\/title>\n<meta name=\"robots\" content=\"index, follow, max-snippet:-1, max-image-preview:large, max-video-preview:-1\" \/>\n<link rel=\"canonical\" href=\"https:\/\/museudofutebol.org.br\/teste\/crfb\/\" \/>\n<meta property=\"og:locale\" content=\"pt_BR\" \/>\n<meta property=\"og:type\" content=\"article\" \/>\n<meta property=\"og:title\" content=\"Sobre o CRFB - Museu do Futebol\" \/>\n<meta property=\"og:description\" content=\"[vc_row][vc_column width=&#8221;2\/3&#8243;][vc_column_text] O\u00a0Centro de Refer\u00eancia do Futebol Brasileiro (CRFB)\u00a0\u00e9 setor respons\u00e1vel por pesquisar e documentar diferentes express\u00f5es do futebol no Brasil, com vistas \u00e0 constitui\u00e7\u00e3o do [\u2026]\" \/>\n<meta property=\"og:url\" content=\"https:\/\/museudofutebol.org.br\/teste\/crfb\/\" \/>\n<meta property=\"og:site_name\" content=\"Museu do Futebol\" \/>\n<meta property=\"article:publisher\" content=\"https:\/\/www.facebook.com\/museudofutebol\" \/>\n<meta property=\"article:modified_time\" content=\"2021-02-12T16:51:19+00:00\" \/>\n<meta property=\"og:image\" content=\"https:\/\/museudofutebol.org.br\/teste\/wp-content\/uploads\/2020\/09\/DSC_0118-1024x681.jpg\" \/>\n<meta name=\"twitter:card\" content=\"summary_large_image\" \/>\n<meta name=\"twitter:site\" content=\"@museudofutebol\" \/>\n<meta name=\"twitter:label1\" content=\"Est. tempo de leitura\" \/>\n\t<meta name=\"twitter:data1\" content=\"1 minuto\" \/>\n<script type=\"application\/ld+json\" class=\"yoast-schema-graph\">{\"@context\":\"https:\/\/schema.org\",\"@graph\":[{\"@type\":\"WebPage\",\"@id\":\"https:\/\/museudofutebol.org.br\/teste\/crfb\/\",\"url\":\"https:\/\/museudofutebol.org.br\/teste\/crfb\/\",\"name\":\"Sobre o CRFB - Museu do Futebol\",\"isPartOf\":{\"@id\":\"https:\/\/museudofutebol.org.br\/teste\/#website\"},\"datePublished\":\"2020-03-24T05:26:37+00:00\",\"dateModified\":\"2021-02-12T16:51:19+00:00\",\"breadcrumb\":{\"@id\":\"https:\/\/museudofutebol.org.br\/teste\/crfb\/#breadcrumb\"},\"inLanguage\":\"pt-BR\",\"potentialAction\":[{\"@type\":\"ReadAction\",\"target\":[\"https:\/\/museudofutebol.org.br\/teste\/crfb\/\"]}]},{\"@type\":\"BreadcrumbList\",\"@id\":\"https:\/\/museudofutebol.org.br\/teste\/crfb\/#breadcrumb\",\"itemListElement\":[{\"@type\":\"ListItem\",\"position\":1,\"name\":\"In\u00edcio\",\"item\":\"https:\/\/museudofutebol.org.br\/teste\/\"},{\"@type\":\"ListItem\",\"position\":2,\"name\":\"Sobre o CRFB\"}]},{\"@type\":\"WebSite\",\"@id\":\"https:\/\/museudofutebol.org.br\/teste\/#website\",\"url\":\"https:\/\/museudofutebol.org.br\/teste\/\",\"name\":\"Museu do Futebol\",\"description\":\"\",\"potentialAction\":[{\"@type\":\"SearchAction\",\"target\":{\"@type\":\"EntryPoint\",\"urlTemplate\":\"https:\/\/museudofutebol.org.br\/teste\/?s={search_term_string}\"},\"query-input\":\"required name=search_term_string\"}],\"inLanguage\":\"pt-BR\"}]}<\/script>\n<!-- \/ Yoast SEO plugin. -->","yoast_head_json":{"title":"Sobre o CRFB - Museu do Futebol","robots":{"index":"index","follow":"follow","max-snippet":"max-snippet:-1","max-image-preview":"max-image-preview:large","max-video-preview":"max-video-preview:-1"},"canonical":"https:\/\/museudofutebol.org.br\/teste\/crfb\/","og_locale":"pt_BR","og_type":"article","og_title":"Sobre o CRFB - Museu do Futebol","og_description":"[vc_row][vc_column width=&#8221;2\/3&#8243;][vc_column_text] O\u00a0Centro de Refer\u00eancia do Futebol Brasileiro (CRFB)\u00a0\u00e9 setor respons\u00e1vel por pesquisar e documentar diferentes express\u00f5es do futebol no Brasil, com vistas \u00e0 constitui\u00e7\u00e3o do [\u2026]","og_url":"https:\/\/museudofutebol.org.br\/teste\/crfb\/","og_site_name":"Museu do Futebol","article_publisher":"https:\/\/www.facebook.com\/museudofutebol","article_modified_time":"2021-02-12T16:51:19+00:00","og_image":[{"url":"https:\/\/museudofutebol.org.br\/teste\/wp-content\/uploads\/2020\/09\/DSC_0118-1024x681.jpg"}],"twitter_card":"summary_large_image","twitter_site":"@museudofutebol","twitter_misc":{"Est. tempo de leitura":"1 minuto"},"schema":{"@context":"https:\/\/schema.org","@graph":[{"@type":"WebPage","@id":"https:\/\/museudofutebol.org.br\/teste\/crfb\/","url":"https:\/\/museudofutebol.org.br\/teste\/crfb\/","name":"Sobre o CRFB - Museu do Futebol","isPartOf":{"@id":"https:\/\/museudofutebol.org.br\/teste\/#website"},"datePublished":"2020-03-24T05:26:37+00:00","dateModified":"2021-02-12T16:51:19+00:00","breadcrumb":{"@id":"https:\/\/museudofutebol.org.br\/teste\/crfb\/#breadcrumb"},"inLanguage":"pt-BR","potentialAction":[{"@type":"ReadAction","target":["https:\/\/museudofutebol.org.br\/teste\/crfb\/"]}]},{"@type":"BreadcrumbList","@id":"https:\/\/museudofutebol.org.br\/teste\/crfb\/#breadcrumb","itemListElement":[{"@type":"ListItem","position":1,"name":"In\u00edcio","item":"https:\/\/museudofutebol.org.br\/teste\/"},{"@type":"ListItem","position":2,"name":"Sobre o CRFB"}]},{"@type":"WebSite","@id":"https:\/\/museudofutebol.org.br\/teste\/#website","url":"https:\/\/museudofutebol.org.br\/teste\/","name":"Museu do Futebol","description":"","potentialAction":[{"@type":"SearchAction","target":{"@type":"EntryPoint","urlTemplate":"https:\/\/museudofutebol.org.br\/teste\/?s={search_term_string}"},"query-input":"required name=search_term_string"}],"inLanguage":"pt-BR"}]}},"_links":{"self":[{"href":"https:\/\/museudofutebol.org.br\/teste\/wp-json\/wp\/v2\/pages\/57"}],"collection":[{"href":"https:\/\/museudofutebol.org.br\/teste\/wp-json\/wp\/v2\/pages"}],"about":[{"href":"https:\/\/museudofutebol.org.br\/teste\/wp-json\/wp\/v2\/types\/page"}],"author":[{"embeddable":true,"href":"https:\/\/museudofutebol.org.br\/teste\/wp-json\/wp\/v2\/users\/2"}],"replies":[{"embeddable":true,"href":"https:\/\/museudofutebol.org.br\/teste\/wp-json\/wp\/v2\/comments?post=57"}],"version-history":[{"count":11,"href":"https:\/\/museudofutebol.org.br\/teste\/wp-json\/wp\/v2\/pages\/57\/revisions"}],"predecessor-version":[{"id":3510,"href":"https:\/\/museudofutebol.org.br\/teste\/wp-json\/wp\/v2\/pages\/57\/revisions\/3510"}],"wp:attachment":[{"href":"https:\/\/museudofutebol.org.br\/teste\/wp-json\/wp\/v2\/media?parent=57"}],"curies":[{"name":"wp","href":"https:\/\/api.w.org\/{rel}","templated":true}]}}