{"id":6,"date":"2020-03-10T00:11:28","date_gmt":"2020-03-10T03:11:28","guid":{"rendered":"https:\/\/museudofutebol.org.br\/teste\/?page_id=6"},"modified":"2025-01-15T12:43:24","modified_gmt":"2025-01-15T15:43:24","slug":"agendamento-de-visitas","status":"publish","type":"page","link":"https:\/\/museudofutebol.org.br\/teste\/agendamento-de-visitas\/","title":{"rendered":"Visitas Educativas &#8211; AGENDAMENTO"},"content":{"rendered":"<div class=\"wpb-content-wrapper\"><p>[vc_row][vc_column][vc_column_text]<\/p>\r\n<p><span lang=\"pt-BR\">O Museu do Futebol, por meio do seu N\u00facleo Educativo, oferece visitas mediadas para grupos conduzidas por educadores formados em diversas \u00e1reas do conhecimento. A media\u00e7\u00e3o \u00e9 a metodologia utilizada para que a viv\u00eancia e a troca entre o educador e visitantes sejam uma experi\u00eancia singular, acolhedora<\/span><span lang=\"pt-BR\">\u00a0<\/span><span lang=\"pt-BR\">e\u00a0l\u00fadica.\u00a0<\/span><\/p>\r\n<ul type=\"disc\">\r\n<li class=\"x_MsoListParagraph\">Dura\u00e7\u00e3o: m\u00e9dia de 1h e 30 minutos<\/li>\r\n<li class=\"x_MsoListParagraph\">Valor: sem custo adicional ao valor do ingresso<\/li>\r\n<li class=\"x_MsoListParagraph\">P\u00fablico-alvo: escolas e institui\u00e7\u00f5es em geral<\/li>\r\n<li class=\"x_MsoListParagraph\">Hor\u00e1rios para visitas: 10h30, 12h, 13h e 14h<\/li>\r\n<li class=\"x_MsoListParagraph\">Capacidade m\u00e1xima de atendimento: 40 pessoas + 4 respons\u00e1veis por hor\u00e1rio<\/li>\r\n<li class=\"x_MsoListParagraph\">N\u00famero m\u00ednimo de pessoas por grupo: 10 pessoas.<\/li>\r\n<\/ul>\r\n<p class=\"x_MsoNormal\"><em>*Essa capacidade pode sofrer altera\u00e7\u00f5es.<br \/><\/em><em>*Limite de agendamento por institui\u00e7\u00e3o: at\u00e9 2 hor\u00e1rios por semana e at\u00e9 4 hor\u00e1rios por m\u00eas.<\/em><\/p>\r\n<p><em>Importante: <i>\u00a0o calend\u00e1rio de visita\u00e7\u00e3o \u00e9 aberto no quinto dia \u00fatil de cada m\u00eas, com possibilidade de agendamento at\u00e9 o \u00faltimo dia do m\u00eas seguinte. Por exemplo: no quinto dia \u00fatil de setembro, a agenda ser\u00e1 aberta para novos agendamentos at\u00e9 o dia 31 de outubro.<\/i><\/em><\/p>\r\n<p>[\/vc_column_text][vc_custom_heading text=&#8221;Como programar a sua visita educativa?&#8221; font_container=&#8221;tag:h3|text_align:left&#8221; use_theme_fonts=&#8221;yes&#8221; el_class=&#8221;header-secao&#8221;][vc_column_text]<\/p>\r\n<div>\r\n<p>Antes de iniciar o processo de agendamento:<\/p>\r\n<\/div>\r\n<div>\r\n<ul type=\"1\">\r\n<li>Verifique previamente a disponibilidade e interesse do grupo em participar da visita educativa a fim de evitar cancelamentos por falta de ades\u00e3o.<\/li>\r\n<li>O transporte \u00e9 de responsabilidade do grupo visitante. Organize com anteced\u00eancia para garantir que o transporte estar\u00e1 dispon\u00edvel na data e hor\u00e1rio em que o grupo pretende realizar a visita.<\/li>\r\n<li>Verifique se n\u00e3o h\u00e1 outros compromissos na mesma data que impossibilitem que o grupo esteja presente no hor\u00e1rio marcado.<\/li>\r\n<li>Caso haja outros passeios agendados para mesma data, certifique-se que o tempo de locomo\u00e7\u00e3o ser\u00e1 o suficiente, considerando o tr\u00e2nsito ou qualquer inconveniente que possa ocorrer no caminho. Programe-se para chegar com anteced\u00eancia.<\/li>\r\n<li>Sempre tenha uma segunda op\u00e7\u00e3o de data e hor\u00e1rio, caso a primeira data que voc\u00ea queira j\u00e1 n\u00e3o esteja mais dispon\u00edvel em nossa agenda.<\/li>\r\n<\/ul>\r\n<\/div>\r\n<p>[\/vc_column_text][vc_custom_heading text=&#8221;Como agendar?&#8221; font_container=&#8221;tag:h3|text_align:left&#8221; use_theme_fonts=&#8221;yes&#8221; el_class=&#8221;header-secao&#8221;][vc_column_text]<\/p>\r\n<ol start=\"1\" type=\"1\">\r\n<li>Acesse o calend\u00e1rio de agendamento do Museu, localizado no final desta p\u00e1gina.<\/li>\r\n<li>Clique nas datas para saber a nossa disponibilidade para cada dia. Se n\u00e3o for poss\u00edvel acessar a informa\u00e7\u00e3o, isso quer dizer que\u00a0<b><u>toda as vagas<\/u><\/b>\u00a0para aquele dia foram preenchidas por outras institui\u00e7\u00f5es.<\/li>\r\n<li>Ap\u00f3s encontrar o dia e hor\u00e1rio desejado, deixe o seu contato na solicita\u00e7\u00e3o. Encaminharemos o formul\u00e1rio de agendamento por e-mail, que deve ser preenchido para que nossa equipe consiga concluir o processo de agendamento.<\/li>\r\n<li>Depois de preencher o formul\u00e1rio, aguarde o nosso contato por e-mail ou whats app para a confirma\u00e7\u00e3o.<\/li>\r\n<\/ol>\r\n<p>[\/vc_column_text][vc_custom_heading text=&#8221;O que fazer se n\u00e3o encontrar as datas que gostaria?&#8221; font_container=&#8221;tag:h3|text_align:left&#8221; use_theme_fonts=&#8221;yes&#8221; el_class=&#8221;header-secao&#8221;][vc_column_text]<\/p>\r\n<ul type=\"1\">\r\n<li><strong>Visita livre\/Espont\u00e2nea:<\/strong><br \/>Se voc\u00ea n\u00e3o pode esperar, ou n\u00e3o tem necessidade do acompanhamento dos nossos educadores, sugerimos que fa\u00e7a uma visita livre\/espont\u00e2nea. \u00a0N\u00e3o \u00e9 necess\u00e1rio agendar e n\u00e3o h\u00e1 limita\u00e7\u00f5es de pessoas. O seu grupo pode comparecer em qualquer dia e hor\u00e1rio de funcionamento do Museu.<\/li>\r\n<li><strong>\u00a0Lista de espera<\/strong>:<br \/>Caso tenhamos algum cancelamento de um grupo que foi agendado, entraremos em contato com os inscritos em nossa lista de espera para verificar a possibilidade do agendamento. Se voc\u00ea estiver inscrito nesta lista, e o dia e hor\u00e1rio vago for o dia que voc\u00ea procura para visitar o Museu, entraremos em contato com voc\u00ea. Mas aten\u00e7\u00e3o: <em>o preenchimento deste formul\u00e1rio n\u00e3o garante que o agendamento ser\u00e1 efetivado.<\/em> A cada m\u00eas, ser\u00e3o abertas novas vagas no agendamento e a inscri\u00e7\u00e3o na lista de espera n\u00e3o significa que os inscritos ter\u00e3o prioridade para o agendamento ou vagas garantidas. Acompanhe sempre nossa agenda. Voc\u00ea pode acessar a lista de espera <strong><a title=\"https:\/\/docs.google.com\/forms\/d\/e\/1FAIpQLSclfVplecHBww9u42Bec4J_hiiORKI-ofn-0EUW43JGjZWuPg\/viewform\" href=\"https:\/\/docs.google.com\/forms\/d\/e\/1FAIpQLScSAMDLhtqYdUnymAMjM0NVNDStQyO-YFinTssLDfgmSnopkA\/viewform\" target=\"_blank\" rel=\"noopener noreferrer\" data-auth=\"NotApplicable\" data-safelink=\"true\" data-linkindex=\"1\">clicando aqui.<\/a><\/strong><\/li>\r\n<\/ul>\r\n<p>[\/vc_column_text][\/vc_column][\/vc_row][vc_row][vc_column][vc_column_text]<!-- \/wp:paragraph --><\/p>\r\n<p><!-- wp:shortcode --><div class=\"booked-calendar-shortcode-wrap\"><div class=\"booked-calendar-wrap large\"><div class=\"booked-calendar\" data-calendar-id=\"2\" data-calendar-date=\"2026-05-01\">\n\t\t<div class=\"bc-head\">\n\n\t\t\t\n\t\t\t<div class=\"bc-row top\">\n\t\t\t\t<div class=\"bc-col\">\n\t\t\t\t\t\t\t\t\t\t<span class=\"calendarSavingState\">\n\t\t\t\t\t\t<i class=\"fa-solid fa-circle-notch fa-spin\"><\/i>\n\t\t\t\t\t<\/span>\n\t\t\t\t\t<span class=\"monthName\">\n\t\t\t\t\t\tmaio 2026\t\t\t\t\t\t\t\t\t\t\t<\/span>\n\t\t\t\t\t\t\t\t\t<\/div>\n\t\t\t<\/div>\n\t\t\t<div class=\"bc-row days\">\n\t\t\t\t<div class=\"bc-col\">dom<\/div>\t\t\t\t<div class=\"bc-col\">seg<\/div>\n\t\t\t\t<div class=\"bc-col\">ter<\/div>\n\t\t\t\t<div class=\"bc-col\">qua<\/div>\n\t\t\t\t<div class=\"bc-col\">qui<\/div>\n\t\t\t\t<div class=\"bc-col\">sex<\/div>\n\t\t\t\t<div class=\"bc-col\">s\u00e1b<\/div>\t\t\t\t\t\t\t<\/div>\n\t\t<\/div>\n\t\t<div class=\"bc-body\"><div class=\"bc-row week\"><div data-date=\"2026-04-26\" class=\"bc-col prev-month prev-date\"><span class=\"date\"><span class=\"number\">26<\/span><\/span><\/div><div data-date=\"2026-04-27\" class=\"bc-col prev-month prev-date\"><span class=\"date\"><span class=\"number\">27<\/span><\/span><\/div><div data-date=\"2026-04-28\" class=\"bc-col prev-month prev-date\"><span class=\"date\"><span class=\"number\">28<\/span><\/span><\/div><div data-date=\"2026-04-29\" class=\"bc-col prev-month prev-date\"><span class=\"date\"><span class=\"number\">29<\/span><\/span><\/div><div data-date=\"2026-04-30\" class=\"bc-col prev-month prev-date\"><span class=\"date\"><span class=\"number\">30<\/span><\/span><\/div><div data-date=\"2026-05-1\" class=\"bc-col today prev-date\"><span class=\"date\"><span class=\"number\">1<\/span><\/span><\/div><div data-date=\"2026-05-2\" class=\"bc-col prev-date\"><span class=\"date\"><span class=\"number\">2<\/span><\/span><\/div><\/div><div class=\"bc-row week\"><div data-date=\"2026-05-3\" class=\"bc-col prev-date\"><span class=\"date\"><span class=\"number\">3<\/span><\/span><\/div><div data-date=\"2026-05-4\" class=\"bc-col prev-date\"><span class=\"date\"><span class=\"number\">4<\/span><\/span><\/div><div data-date=\"2026-05-5\" class=\"bc-col prev-date\"><span class=\"date\"><span class=\"number\">5<\/span><\/span><\/div><div data-date=\"2026-05-6\" class=\"bc-col prev-date\"><span class=\"date\"><span class=\"number\">6<\/span><\/span><\/div><div data-date=\"2026-05-7\" class=\"bc-col prev-date\"><span class=\"date\"><span class=\"number\">7<\/span><\/span><\/div><div data-date=\"2026-05-8\" class=\"bc-col prev-date\"><span class=\"date\"><span class=\"number\">8<\/span><\/span><\/div><div data-date=\"2026-05-9\" class=\"bc-col prev-date\"><span class=\"date\"><span class=\"number\">9<\/span><\/span><\/div><\/div><div class=\"bc-row week\"><div data-date=\"2026-05-10\" class=\"bc-col prev-date\"><span class=\"date\"><span class=\"number\">10<\/span><\/span><\/div><div data-date=\"2026-05-11\" class=\"bc-col prev-date\"><span class=\"date\"><span class=\"number\">11<\/span><\/span><\/div><div data-date=\"2026-05-12\" class=\"bc-col prev-date\"><span class=\"date\"><span class=\"number\">12<\/span><\/span><\/div><div data-date=\"2026-05-13\" class=\"bc-col prev-date\"><span class=\"date\"><span class=\"number\">13<\/span><\/span><\/div><div data-date=\"2026-05-14\" class=\"bc-col prev-date\"><span class=\"date\"><span class=\"number\">14<\/span><\/span><\/div><div data-date=\"2026-05-15\" class=\"bc-col prev-date\"><span class=\"date\"><span class=\"number\">15<\/span><\/span><\/div><div data-date=\"2026-05-16\" class=\"bc-col prev-date\"><span class=\"date\"><span class=\"number\">16<\/span><\/span><\/div><\/div><div class=\"bc-row week\"><div data-date=\"2026-05-17\" class=\"bc-col prev-date\"><span class=\"date\"><span class=\"number\">17<\/span><\/span><\/div><div data-date=\"2026-05-18\" class=\"bc-col prev-date\"><span class=\"date\"><span class=\"number\">18<\/span><\/span><\/div><div data-date=\"2026-05-19\" class=\"bc-col prev-date\"><span class=\"date\"><span class=\"number\">19<\/span><\/span><\/div><div data-date=\"2026-05-20\" class=\"bc-col prev-date\"><span class=\"date\"><span class=\"number\">20<\/span><\/span><\/div><div data-date=\"2026-05-21\" class=\"bc-col prev-date\"><span class=\"date\"><span class=\"number\">21<\/span><\/span><\/div><div data-date=\"2026-05-22\" class=\"bc-col prev-date\"><span class=\"date\"><span class=\"number\">22<\/span><\/span><\/div><div data-date=\"2026-05-23\" class=\"bc-col prev-date\"><span class=\"date\"><span class=\"number\">23<\/span><\/span><\/div><\/div><div class=\"bc-row week\"><div data-date=\"2026-05-24\" class=\"bc-col prev-date\"><span class=\"date\"><span class=\"number\">24<\/span><\/span><\/div><div data-date=\"2026-05-25\" class=\"bc-col prev-date\"><span class=\"date\"><span class=\"number\">25<\/span><\/span><\/div><div data-date=\"2026-05-26\" class=\"bc-col prev-date\"><span class=\"date\"><span class=\"number\">26<\/span><\/span><\/div><div data-date=\"2026-05-27\" class=\"bc-col prev-date\"><span class=\"date\"><span class=\"number\">27<\/span><\/span><\/div><div data-date=\"2026-05-28\" class=\"bc-col prev-date\"><span class=\"date\"><span class=\"number\">28<\/span><\/span><\/div><div data-date=\"2026-05-29\" class=\"bc-col prev-date\"><span class=\"date\"><span class=\"number\">29<\/span><\/span><\/div><div data-date=\"2026-05-30\" class=\"bc-col prev-date\"><span class=\"date\"><span class=\"number\">30<\/span><\/span><\/div><\/div><div class=\"bc-row week\"><div data-date=\"2026-05-31\" class=\"bc-col prev-date\"><span class=\"date\"><span class=\"number\">31<\/span><\/span><\/div><div data-date=\"2026-06-1\" class=\"bc-col next-month prev-date\"><span class=\"date\"><span class=\"number\">1<\/span><\/span><\/div><div data-date=\"2026-06-2\" class=\"bc-col next-month prev-date\"><span class=\"date\"><span class=\"number\">2<\/span><\/span><\/div><div data-date=\"2026-06-3\" class=\"bc-col next-month prev-date\"><span class=\"date\"><span class=\"number\">3<\/span><\/span><\/div><div data-date=\"2026-06-4\" class=\"bc-col next-month prev-date\"><span class=\"date\"><span class=\"number\">4<\/span><\/span><\/div><div data-date=\"2026-06-5\" class=\"bc-col next-month prev-date\"><span class=\"date\"><span class=\"number\">5<\/span><\/span><\/div><div data-date=\"2026-06-6\" class=\"bc-col next-month prev-date\"><span class=\"date\"><span class=\"number\">6<\/span><\/span><\/div><\/div>\t\t<\/div>\n\t<\/div><\/div><\/div>\r\n<p><!-- \/wp:shortcode -->[\/vc_column_text][\/vc_column][\/vc_row][vc_row][vc_column][vc_custom_heading text=&#8221;Fique atento!&#8221; font_container=&#8221;tag:h3|text_align:left&#8221; use_theme_fonts=&#8221;yes&#8221; el_class=&#8221;header-secao&#8221;][vc_column_text]<\/p>\r\n<p><span lang=\"pt-BR\">Datas ou hor\u00e1rios disponibilizados poder\u00e3o sofrer altera\u00e7\u00f5es. Antes de visitar o Museu, verifique nosso site.<\/span><\/p>\r\n<p>[\/vc_column_text][\/vc_column][\/vc_row]<\/p><\/div>","protected":false},"excerpt":{"rendered":"<p>[vc_row][vc_column][vc_column_text] O Museu do Futebol, por meio do seu N\u00facleo Educativo, oferece visitas mediadas para grupos conduzidas por educadores formados em diversas \u00e1reas do conhecimento. A<span class=\"excerpt-hellip\"> [\u2026]<\/span><\/p>\n","protected":false},"author":1,"featured_media":0,"parent":0,"menu_order":0,"comment_status":"closed","ping_status":"closed","template":"","meta":[],"acf":[],"yoast_head":"<!-- This site is optimized with the Yoast SEO plugin v20.8 - https:\/\/yoast.com\/wordpress\/plugins\/seo\/ -->\n<title>Visitas Educativas - AGENDAMENTO - Museu do Futebol<\/title>\n<meta name=\"robots\" content=\"index, follow, max-snippet:-1, max-image-preview:large, max-video-preview:-1\" \/>\n<link rel=\"canonical\" href=\"https:\/\/museudofutebol.org.br\/teste\/agendamento-de-visitas\/\" \/>\n<meta property=\"og:locale\" content=\"pt_BR\" \/>\n<meta property=\"og:type\" content=\"article\" \/>\n<meta property=\"og:title\" content=\"Visitas Educativas - AGENDAMENTO - Museu do Futebol\" \/>\n<meta property=\"og:description\" content=\"[vc_row][vc_column][vc_column_text] O Museu do Futebol, por meio do seu N\u00facleo Educativo, oferece visitas mediadas para grupos conduzidas por educadores formados em diversas \u00e1reas do conhecimento. A [\u2026]\" \/>\n<meta property=\"og:url\" content=\"https:\/\/museudofutebol.org.br\/teste\/agendamento-de-visitas\/\" \/>\n<meta property=\"og:site_name\" content=\"Museu do Futebol\" \/>\n<meta property=\"article:publisher\" content=\"https:\/\/www.facebook.com\/museudofutebol\" \/>\n<meta property=\"article:modified_time\" content=\"2025-01-15T15:43:24+00:00\" \/>\n<meta name=\"twitter:card\" content=\"summary_large_image\" \/>\n<meta name=\"twitter:site\" content=\"@museudofutebol\" \/>\n<meta name=\"twitter:label1\" content=\"Est. tempo de leitura\" \/>\n\t<meta name=\"twitter:data1\" content=\"4 minutos\" \/>\n<script type=\"application\/ld+json\" class=\"yoast-schema-graph\">{\"@context\":\"https:\/\/schema.org\",\"@graph\":[{\"@type\":\"WebPage\",\"@id\":\"https:\/\/museudofutebol.org.br\/teste\/agendamento-de-visitas\/\",\"url\":\"https:\/\/museudofutebol.org.br\/teste\/agendamento-de-visitas\/\",\"name\":\"Visitas Educativas - AGENDAMENTO - Museu do Futebol\",\"isPartOf\":{\"@id\":\"https:\/\/museudofutebol.org.br\/teste\/#website\"},\"datePublished\":\"2020-03-10T03:11:28+00:00\",\"dateModified\":\"2025-01-15T15:43:24+00:00\",\"breadcrumb\":{\"@id\":\"https:\/\/museudofutebol.org.br\/teste\/agendamento-de-visitas\/#breadcrumb\"},\"inLanguage\":\"pt-BR\",\"potentialAction\":[{\"@type\":\"ReadAction\",\"target\":[\"https:\/\/museudofutebol.org.br\/teste\/agendamento-de-visitas\/\"]}]},{\"@type\":\"BreadcrumbList\",\"@id\":\"https:\/\/museudofutebol.org.br\/teste\/agendamento-de-visitas\/#breadcrumb\",\"itemListElement\":[{\"@type\":\"ListItem\",\"position\":1,\"name\":\"In\u00edcio\",\"item\":\"https:\/\/museudofutebol.org.br\/teste\/\"},{\"@type\":\"ListItem\",\"position\":2,\"name\":\"Visitas Educativas &#8211; AGENDAMENTO\"}]},{\"@type\":\"WebSite\",\"@id\":\"https:\/\/museudofutebol.org.br\/teste\/#website\",\"url\":\"https:\/\/museudofutebol.org.br\/teste\/\",\"name\":\"Museu do Futebol\",\"description\":\"\",\"potentialAction\":[{\"@type\":\"SearchAction\",\"target\":{\"@type\":\"EntryPoint\",\"urlTemplate\":\"https:\/\/museudofutebol.org.br\/teste\/?s={search_term_string}\"},\"query-input\":\"required name=search_term_string\"}],\"inLanguage\":\"pt-BR\"}]}<\/script>\n<!-- \/ Yoast SEO plugin. -->","yoast_head_json":{"title":"Visitas Educativas - AGENDAMENTO - Museu do Futebol","robots":{"index":"index","follow":"follow","max-snippet":"max-snippet:-1","max-image-preview":"max-image-preview:large","max-video-preview":"max-video-preview:-1"},"canonical":"https:\/\/museudofutebol.org.br\/teste\/agendamento-de-visitas\/","og_locale":"pt_BR","og_type":"article","og_title":"Visitas Educativas - AGENDAMENTO - Museu do Futebol","og_description":"[vc_row][vc_column][vc_column_text] O Museu do Futebol, por meio do seu N\u00facleo Educativo, oferece visitas mediadas para grupos conduzidas por educadores formados em diversas \u00e1reas do conhecimento. A [\u2026]","og_url":"https:\/\/museudofutebol.org.br\/teste\/agendamento-de-visitas\/","og_site_name":"Museu do Futebol","article_publisher":"https:\/\/www.facebook.com\/museudofutebol","article_modified_time":"2025-01-15T15:43:24+00:00","twitter_card":"summary_large_image","twitter_site":"@museudofutebol","twitter_misc":{"Est. tempo de leitura":"4 minutos"},"schema":{"@context":"https:\/\/schema.org","@graph":[{"@type":"WebPage","@id":"https:\/\/museudofutebol.org.br\/teste\/agendamento-de-visitas\/","url":"https:\/\/museudofutebol.org.br\/teste\/agendamento-de-visitas\/","name":"Visitas Educativas - AGENDAMENTO - Museu do Futebol","isPartOf":{"@id":"https:\/\/museudofutebol.org.br\/teste\/#website"},"datePublished":"2020-03-10T03:11:28+00:00","dateModified":"2025-01-15T15:43:24+00:00","breadcrumb":{"@id":"https:\/\/museudofutebol.org.br\/teste\/agendamento-de-visitas\/#breadcrumb"},"inLanguage":"pt-BR","potentialAction":[{"@type":"ReadAction","target":["https:\/\/museudofutebol.org.br\/teste\/agendamento-de-visitas\/"]}]},{"@type":"BreadcrumbList","@id":"https:\/\/museudofutebol.org.br\/teste\/agendamento-de-visitas\/#breadcrumb","itemListElement":[{"@type":"ListItem","position":1,"name":"In\u00edcio","item":"https:\/\/museudofutebol.org.br\/teste\/"},{"@type":"ListItem","position":2,"name":"Visitas Educativas &#8211; AGENDAMENTO"}]},{"@type":"WebSite","@id":"https:\/\/museudofutebol.org.br\/teste\/#website","url":"https:\/\/museudofutebol.org.br\/teste\/","name":"Museu do Futebol","description":"","potentialAction":[{"@type":"SearchAction","target":{"@type":"EntryPoint","urlTemplate":"https:\/\/museudofutebol.org.br\/teste\/?s={search_term_string}"},"query-input":"required name=search_term_string"}],"inLanguage":"pt-BR"}]}},"_links":{"self":[{"href":"https:\/\/museudofutebol.org.br\/teste\/wp-json\/wp\/v2\/pages\/6"}],"collection":[{"href":"https:\/\/museudofutebol.org.br\/teste\/wp-json\/wp\/v2\/pages"}],"about":[{"href":"https:\/\/museudofutebol.org.br\/teste\/wp-json\/wp\/v2\/types\/page"}],"author":[{"embeddable":true,"href":"https:\/\/museudofutebol.org.br\/teste\/wp-json\/wp\/v2\/users\/1"}],"replies":[{"embeddable":true,"href":"https:\/\/museudofutebol.org.br\/teste\/wp-json\/wp\/v2\/comments?post=6"}],"version-history":[{"count":48,"href":"https:\/\/museudofutebol.org.br\/teste\/wp-json\/wp\/v2\/pages\/6\/revisions"}],"predecessor-version":[{"id":14774,"href":"https:\/\/museudofutebol.org.br\/teste\/wp-json\/wp\/v2\/pages\/6\/revisions\/14774"}],"wp:attachment":[{"href":"https:\/\/museudofutebol.org.br\/teste\/wp-json\/wp\/v2\/media?parent=6"}],"curies":[{"name":"wp","href":"https:\/\/api.w.org\/{rel}","templated":true}]}}