{"id":624,"date":"2020-07-09T14:54:47","date_gmt":"2020-07-09T17:54:47","guid":{"rendered":"https:\/\/museudofutebol.org.br\/teste\/?page_id=624"},"modified":"2025-01-31T12:54:21","modified_gmt":"2025-01-31T15:54:21","slug":"equipe","status":"publish","type":"page","link":"https:\/\/museudofutebol.org.br\/teste\/institucional-pt\/equipe\/","title":{"rendered":"Equipe"},"content":{"rendered":"<div class=\"wpb-content-wrapper\"><p>[vc_row][vc_column width=&#8221;2\/3&#8243;][vc_custom_heading text=&#8221;Governo do Estado de S\u00e3o Paulo&#8221; font_container=&#8221;tag:h3|text_align:left&#8221; use_theme_fonts=&#8221;yes&#8221;][vc_column_text]Governador | Tarc\u00edsio Gomes de Freitas<br \/>\nVice-Governador | Fel\u00edcio Ramuth[\/vc_column_text][vc_custom_heading text=&#8221;Secretaria Secretaria da Cultura, Economia e Ind\u00fastria Criativas&#8221; font_container=&#8221;tag:h4|text_align:left&#8221; use_theme_fonts=&#8221;yes&#8221;][vc_column_text css=&#8221;&#8221;]Secret\u00e1ria | Marilia Marton<\/p>\n<p>Secret\u00e1rio Executivo | Marcelo Assis<\/p>\n<p>Chefe de Gabinete | Daniel Scheiblich Rodrigues<\/p>\n<p>Coordenadora da Unidade de Preserva\u00e7\u00e3o do Patrim\u00f4nio Museol\u00f3gico | <span style=\"font-weight: 400;\">Mirian Midori Peres Yagui<\/span><\/p>\n<p>Diretora do Grupo T\u00e9cnico de Coordena\u00e7\u00e3o do Sistema Estadual de Museus<span style=\"font-weight: 400;\"> | Sofia Gon\u00e7alez<\/span><\/p>\n<p>Diretora do N\u00facleo de Apoio Administrativo<span style=\"font-weight: 400;\"> | Regiane Lima Justino<\/span><\/p>\n<p>Diretora do Grupo de Preserva\u00e7\u00e3o do Patrim\u00f4nio Museol\u00f3gico <span style=\"font-weight: 400;\">| Luana Vieira<\/span><\/p>\n<p><b>Equipe t\u00e9cnica da Unidade de Preserva\u00e7\u00e3o do Patrim\u00f4nio Museol\u00f3gico\u00a0<\/b><\/p>\n<p><span style=\"font-weight: 400;\">Angelita Soraia Fantagussi\u00a0<\/span><\/p>\n<p><span style=\"font-weight: 400;\">Dayane Rosalina Ribeiro\u00a0<\/span><\/p>\n<p><span style=\"font-weight: 400;\">Eleonora Maria Fincato Fleury<\/span><\/p>\n<p><span style=\"font-weight: 400;\">Marcia Pisaneschi Sorrentino\u00a0<\/span><\/p>\n<p><span style=\"font-weight: 400;\">Marcos Ant\u00f4nio Nogueira da Silva\u00a0<\/span><\/p>\n<p><span style=\"font-weight: 400;\">Roberta Martins Silva\u00a0<\/span><\/p>\n<p><span style=\"font-weight: 400;\">Tayna da Silva Rios<\/span><\/p>\n<p><span style=\"font-weight: 400;\">Thiago Brand\u00e3o Xavier\u00a0<\/span>[\/vc_column_text][vc_custom_heading text=&#8221;IDBrasil Cultura, Educa\u00e7\u00e3o e Esporte&#8221; font_container=&#8221;tag:h3|text_align:left&#8221; use_theme_fonts=&#8221;yes&#8221;][vc_column_text]Organiza\u00e7\u00e3o Social de Cultura[\/vc_column_text][vc_custom_heading text=&#8221;Conselho de Administra\u00e7\u00e3o&#8221; font_container=&#8221;tag:h4|text_align:left&#8221; use_theme_fonts=&#8221;yes&#8221;][vc_column_text css=&#8221;&#8221;]Conselheiros |\u00a0 Dalton Pastore Junior (Presidente), Matheus Gregorini Costa (Vice-presidente), Esmeralda Vailati Negr\u00e3o,\u00a0 Fernando Jos\u00e9 de Almeida, Francisco Vidal Luna, Gustavo Normanton Delbin, Haim Franco, Julia Paccanaro Rosa, Larissa Torres Gra\u00e7a, Luiz Laurent Bloch, Marina de Mello e Souza, Nelson Savioli,\u00a0 Silvia Alice Antibas.<\/p>\n<p>Conselho Fiscal | Andr\u00e9 de Ara\u00fajo Souza (Presidente), Raul Antonio Correa da Silva, Vicente de Paula de Oliveira.<\/p>\n<p>Conselho Consultivo | Ant\u00f4nio Goulart dos Reis, Caio Luiz Cibella de Carvalho, Carlos Antonio Luque, Carlos Augusto Barros e Silva, Clara de Assun\u00e7\u00e3o Azevedo, Eduardo Alfano Vieira, Eduardo Machado Barella, Elizabeth Ponte de Freitas, Felipe Artur Pie Abib Andery, H\u00e9lio de Seixas Guimar\u00e3es, Ligia Ferreira, Luiz Francisco de Sales, Marcos Ribeiro de Mendon\u00e7a, Maria Luiza de Souza Dias, Mauro da Silva, Ophir Toledo, Waltely de Oliveira Longo.[\/vc_column_text][vc_custom_heading text=&#8221;Diretoria&#8221; font_container=&#8221;tag:h4|text_align:left&#8221; use_theme_fonts=&#8221;yes&#8221;][vc_column_text css=&#8221;&#8221;]Diretora Executiva | Renata Vieira da Motta<\/p>\n<p>Diretora Administrativa e Financeira | Vit\u00f3ria Boldrin<\/p>\n<p>Assessoria Museol\u00f3gica | Luiz Fernando Mizukami (Assessor de Museologia),\u00a0 Carolina Rocha (Assistente T\u00e9cnica), Karina Macedo (Produtora) e Vilma Campos (Assistente de Diretoria)<\/p>\n<p>Assistente de Diretoria | Ellen Nicolau e Naiah Mendon\u00e7a[\/vc_column_text][vc_custom_heading text=&#8221;Museu do Futebol&#8221; font_container=&#8221;tag:h3|text_align:left&#8221; use_theme_fonts=&#8221;yes&#8221;][vc_column_text]Diretora T\u00e9cnica\u00a0| Mar\u00edlia Bonas[\/vc_column_text][vc_custom_heading text=&#8221;N\u00facleo de Comunica\u00e7\u00e3o&#8221; font_container=&#8221;tag:h4|text_align:left&#8221; use_theme_fonts=&#8221;yes&#8221;][vc_column_text css=&#8221;&#8221;]Renata Beltr\u00e3o (Coordenadora), L\u00edvia Albernaz e Simone Hozawa (Analistas de Comunica\u00e7\u00e3o), Hugo Takeyama (Designer) e Dom\u00eanica Luciano (Estagi\u00e1ria)[\/vc_column_text][vc_custom_heading text=&#8221;N\u00facleo de Desenvolvimento Institucional&#8221; font_container=&#8221;tag:h4|text_align:left&#8221; use_theme_fonts=&#8221;yes&#8221;][vc_column_text]Carolina Bianchi (Coordenadora),\u00a0 Ariana Marassi (Supervisora de Desenvolvimento Institucional), Carolina Gomes, Fl\u00e1via Macedo e Mariana de Andrade (T\u00e9cnicas em Desenvolvimento Institucional)[\/vc_column_text][vc_custom_heading text=&#8221;N\u00facleo de Exposi\u00e7\u00f5es e Programa\u00e7\u00e3o Cultural&#8221; font_container=&#8221;tag:h4|text_align:left&#8221; use_theme_fonts=&#8221;yes&#8221;][vc_column_text css=&#8221;&#8221;]Ma\u00edra Correa Machado (Coordenadora), Fl\u00e1vio Benatti e Robson Mendes (Produtores).<\/p>\n<div id=\"gtx-trans\" style=\"position: absolute; left: -3px; top: 37px;\">\n<div class=\"gtx-trans-icon\"><\/div>\n<\/div>\n<p>[\/vc_column_text][vc_custom_heading text=&#8221;N\u00facleo de Gest\u00e3o Administrativa e Financeira&#8221; font_container=&#8221;tag:h4|text_align:left&#8221; use_theme_fonts=&#8221;yes&#8221;][vc_column_text css=&#8221;&#8221;]Jos\u00e9 Roberto Nascimento (Coordenador), Luciane Maringolo Vallilo (Analista Administrativo), Eduardo Zambianco, Elaine Fernandes Miralha,\u00a0 Everton Luiz Morelli Santos, Leticia Boregio, Manoel Nuriega e Renata Alves Silva (Analistas Administrativo e Financeiro), Margarete dos Santos Sousa (Supervisora de Bilheteria), Elizandra Souza, Guilherme Felix Moreira, Kevin Alves Sousa e Osvaldo Rodrigues (Bilheteiros)[\/vc_column_text][vc_custom_heading text=&#8221;N\u00facleo de Gest\u00e3o de Recursos Humanos&#8221; font_container=&#8221;tag:h4|text_align:left&#8221; use_theme_fonts=&#8221;yes&#8221;][vc_column_text css=&#8221;&#8221;]Paulo Silva (Coordenador), Andreza Lima, Joseane Barbosa, Karolina Ferreira, Thalyta Ramos e Sergio Louren\u00e7o (Analistas de Recursos Humanos) e Daniely Sanches (Aprendiz)[\/vc_column_text][vc_custom_heading text=&#8221;N\u00facleo de Opera\u00e7\u00f5es e Infraestrutura&#8221; font_container=&#8221;tag:h4|text_align:left&#8221; use_theme_fonts=&#8221;yes&#8221; css=&#8221;&#8221;][vc_column_text]Luis Marcatto (Coordenador), Rui C. Ara\u00fajo Tucunduva (Assistente de Coordena\u00e7\u00e3o), Jos\u00e9 Iz\u00eddio Silva (Assistente de Servi\u00e7os Operacionais), Weslley Souza de Almeida (Assistente Administrativo), Carlito P. Santos, Douglas Pe\u00e7anha, Jean dos Santos Silva e Jorge Ubiratan A. Santos (Auxiliares de Servi\u00e7o de Manuten\u00e7\u00e3o)[\/vc_column_text][vc_custom_heading text=&#8221;N\u00facleo de Tecnologia&#8221; font_container=&#8221;tag:h4|text_align:left&#8221; use_theme_fonts=&#8221;yes&#8221;][vc_column_text]Felipe Macchiaverni (Coordenador), Anselmo Ricardo de Macedo, Diego Roberto Bueno, Eduardo Gomes da Silva, Luiz Felipe Montoni e Pedro Henrique de Ara\u00fajo (Analistas de Tecnologia) e Gabriel Santos (Aprendiz)[\/vc_column_text][vc_custom_heading text=&#8221;N\u00facleo do Centro de Refer\u00eancia do Futebol Brasileiro&#8221; font_container=&#8221;tag:h4|text_align:left&#8221; use_theme_fonts=&#8221;yes&#8221;][vc_column_text]Fiorela Bugatti Isolan (Coordenadora), Ademir Massayoshi Takara (Bibliotec\u00e1rio), D\u00f3ris Regis das Virgens (T\u00e9cnica em Documenta\u00e7\u00e3o), Fabiana Neves (Assistente de Documenta\u00e7\u00e3o) e Everton Cassimiro Apolin\u00e1rio e Marcel Tonini (Pesquisadores)[\/vc_column_text][vc_custom_heading text=&#8221;N\u00facleo Educativo&#8221; font_container=&#8221;tag:h4|text_align:left&#8221; use_theme_fonts=&#8221;yes&#8221;][vc_column_text css=&#8221;&#8221;]Marcelo Continelli (Coordenador), D\u00e9bora Henrique de Oliveira (Assistente de Coordena\u00e7\u00e3o do Educativo), Emerson Prata (Assistente de Forma\u00e7\u00e3o e Conte\u00fado),\u00a0 Cl\u00e1udia Correia da Silva e J\u00falia Paccanaro Rosa (Assistente Administrativo)<\/p>\n<p>Ademir Alves Soares (Supervisor do Educativo), Amaury Brito, Ana Pacheco, Andr\u00e9 Benazzi Piranda, Ang\u00e9lica dos Santos Angelo, Brunno Costa,\u00a0 Denis Oliveira, Denis Silveira , Isabela Rossi, Leandro Watanabe, Matheus Alves Vilela, Vin\u00edcius Leite, Yasmin Amorim. (Educadores\/as)<\/p>\n<p>Amanda Freitas, Ana Pacheco, Anderson Novaes da Silva, Bianca Arocho, Carlos Garzin, Clodildes Maris, Danilo Garcia, Eduardi Sousa, Kyna Couto, Gabriel Castro, Ian Santana De Souza, Julia Guimar\u00e3es, Julia Torres, Kayc Rabello, Laryssa Santos, Mauro Alves de Almeida, Nicolly Afonso, Patr\u00edcia Vieira Alves, Raul Montecinos, Samuel Pelaquim, Sarah Costa, Stefano Volpini, Vit\u00f3ria Ananias e Vin\u00edcius Amaral (Orientadores\/as de P\u00fablico)[\/vc_column_text][\/vc_column][vc_column width=&#8221;1\/3&#8243;][vc_wp_custommenu nav_menu=&#8221;16&#8243;][\/vc_column][\/vc_row]<\/p>\n<\/div>","protected":false},"excerpt":{"rendered":"<p>[vc_row][vc_column width=&#8221;2\/3&#8243;][vc_custom_heading text=&#8221;Governo do Estado de S\u00e3o Paulo&#8221; font_container=&#8221;tag:h3|text_align:left&#8221; use_theme_fonts=&#8221;yes&#8221;][vc_column_text]Governador | Tarc\u00edsio Gomes de Freitas Vice-Governador | Fel\u00edcio Ramuth[\/vc_column_text][vc_custom_heading text=&#8221;Secretaria Secretaria da Cultura, Economia e Ind\u00fastria<span class=\"excerpt-hellip\"> [\u2026]<\/span><\/p>\n","protected":false},"author":2,"featured_media":0,"parent":79,"menu_order":0,"comment_status":"closed","ping_status":"closed","template":"","meta":[],"acf":[],"yoast_head":"<!-- This site is optimized with the Yoast SEO plugin v20.8 - https:\/\/yoast.com\/wordpress\/plugins\/seo\/ -->\n<title>Equipe - Museu do Futebol<\/title>\n<meta name=\"robots\" content=\"index, follow, max-snippet:-1, max-image-preview:large, max-video-preview:-1\" \/>\n<link rel=\"canonical\" href=\"https:\/\/museudofutebol.org.br\/teste\/institucional-pt\/equipe\/\" \/>\n<meta property=\"og:locale\" content=\"pt_BR\" \/>\n<meta property=\"og:type\" content=\"article\" \/>\n<meta property=\"og:title\" content=\"Equipe - Museu do Futebol\" \/>\n<meta property=\"og:description\" content=\"[vc_row][vc_column width=&#8221;2\/3&#8243;][vc_custom_heading text=&#8221;Governo do Estado de S\u00e3o Paulo&#8221; font_container=&#8221;tag:h3|text_align:left&#8221; use_theme_fonts=&#8221;yes&#8221;][vc_column_text]Governador | Tarc\u00edsio Gomes de Freitas Vice-Governador | Fel\u00edcio Ramuth[\/vc_column_text][vc_custom_heading text=&#8221;Secretaria Secretaria da Cultura, Economia e Ind\u00fastria [\u2026]\" \/>\n<meta property=\"og:url\" content=\"https:\/\/museudofutebol.org.br\/teste\/institucional-pt\/equipe\/\" \/>\n<meta property=\"og:site_name\" content=\"Museu do Futebol\" \/>\n<meta property=\"article:publisher\" content=\"https:\/\/www.facebook.com\/museudofutebol\" \/>\n<meta property=\"article:modified_time\" content=\"2025-01-31T15:54:21+00:00\" \/>\n<meta name=\"twitter:card\" content=\"summary_large_image\" \/>\n<meta name=\"twitter:site\" content=\"@museudofutebol\" \/>\n<meta name=\"twitter:label1\" content=\"Est. tempo de leitura\" \/>\n\t<meta name=\"twitter:data1\" content=\"5 minutos\" \/>\n<script type=\"application\/ld+json\" class=\"yoast-schema-graph\">{\"@context\":\"https:\/\/schema.org\",\"@graph\":[{\"@type\":\"WebPage\",\"@id\":\"https:\/\/museudofutebol.org.br\/teste\/institucional-pt\/equipe\/\",\"url\":\"https:\/\/museudofutebol.org.br\/teste\/institucional-pt\/equipe\/\",\"name\":\"Equipe - Museu do Futebol\",\"isPartOf\":{\"@id\":\"https:\/\/museudofutebol.org.br\/teste\/#website\"},\"datePublished\":\"2020-07-09T17:54:47+00:00\",\"dateModified\":\"2025-01-31T15:54:21+00:00\",\"breadcrumb\":{\"@id\":\"https:\/\/museudofutebol.org.br\/teste\/institucional-pt\/equipe\/#breadcrumb\"},\"inLanguage\":\"pt-BR\",\"potentialAction\":[{\"@type\":\"ReadAction\",\"target\":[\"https:\/\/museudofutebol.org.br\/teste\/institucional-pt\/equipe\/\"]}]},{\"@type\":\"BreadcrumbList\",\"@id\":\"https:\/\/museudofutebol.org.br\/teste\/institucional-pt\/equipe\/#breadcrumb\",\"itemListElement\":[{\"@type\":\"ListItem\",\"position\":1,\"name\":\"In\u00edcio\",\"item\":\"https:\/\/museudofutebol.org.br\/teste\/\"},{\"@type\":\"ListItem\",\"position\":2,\"name\":\"Institucional\",\"item\":\"https:\/\/museudofutebol.org.br\/teste\/institucional-pt\/\"},{\"@type\":\"ListItem\",\"position\":3,\"name\":\"Equipe\"}]},{\"@type\":\"WebSite\",\"@id\":\"https:\/\/museudofutebol.org.br\/teste\/#website\",\"url\":\"https:\/\/museudofutebol.org.br\/teste\/\",\"name\":\"Museu do Futebol\",\"description\":\"\",\"potentialAction\":[{\"@type\":\"SearchAction\",\"target\":{\"@type\":\"EntryPoint\",\"urlTemplate\":\"https:\/\/museudofutebol.org.br\/teste\/?s={search_term_string}\"},\"query-input\":\"required name=search_term_string\"}],\"inLanguage\":\"pt-BR\"}]}<\/script>\n<!-- \/ Yoast SEO plugin. -->","yoast_head_json":{"title":"Equipe - Museu do Futebol","robots":{"index":"index","follow":"follow","max-snippet":"max-snippet:-1","max-image-preview":"max-image-preview:large","max-video-preview":"max-video-preview:-1"},"canonical":"https:\/\/museudofutebol.org.br\/teste\/institucional-pt\/equipe\/","og_locale":"pt_BR","og_type":"article","og_title":"Equipe - Museu do Futebol","og_description":"[vc_row][vc_column width=&#8221;2\/3&#8243;][vc_custom_heading text=&#8221;Governo do Estado de S\u00e3o Paulo&#8221; font_container=&#8221;tag:h3|text_align:left&#8221; use_theme_fonts=&#8221;yes&#8221;][vc_column_text]Governador | Tarc\u00edsio Gomes de Freitas Vice-Governador | Fel\u00edcio Ramuth[\/vc_column_text][vc_custom_heading text=&#8221;Secretaria Secretaria da Cultura, Economia e Ind\u00fastria [\u2026]","og_url":"https:\/\/museudofutebol.org.br\/teste\/institucional-pt\/equipe\/","og_site_name":"Museu do Futebol","article_publisher":"https:\/\/www.facebook.com\/museudofutebol","article_modified_time":"2025-01-31T15:54:21+00:00","twitter_card":"summary_large_image","twitter_site":"@museudofutebol","twitter_misc":{"Est. tempo de leitura":"5 minutos"},"schema":{"@context":"https:\/\/schema.org","@graph":[{"@type":"WebPage","@id":"https:\/\/museudofutebol.org.br\/teste\/institucional-pt\/equipe\/","url":"https:\/\/museudofutebol.org.br\/teste\/institucional-pt\/equipe\/","name":"Equipe - Museu do Futebol","isPartOf":{"@id":"https:\/\/museudofutebol.org.br\/teste\/#website"},"datePublished":"2020-07-09T17:54:47+00:00","dateModified":"2025-01-31T15:54:21+00:00","breadcrumb":{"@id":"https:\/\/museudofutebol.org.br\/teste\/institucional-pt\/equipe\/#breadcrumb"},"inLanguage":"pt-BR","potentialAction":[{"@type":"ReadAction","target":["https:\/\/museudofutebol.org.br\/teste\/institucional-pt\/equipe\/"]}]},{"@type":"BreadcrumbList","@id":"https:\/\/museudofutebol.org.br\/teste\/institucional-pt\/equipe\/#breadcrumb","itemListElement":[{"@type":"ListItem","position":1,"name":"In\u00edcio","item":"https:\/\/museudofutebol.org.br\/teste\/"},{"@type":"ListItem","position":2,"name":"Institucional","item":"https:\/\/museudofutebol.org.br\/teste\/institucional-pt\/"},{"@type":"ListItem","position":3,"name":"Equipe"}]},{"@type":"WebSite","@id":"https:\/\/museudofutebol.org.br\/teste\/#website","url":"https:\/\/museudofutebol.org.br\/teste\/","name":"Museu do Futebol","description":"","potentialAction":[{"@type":"SearchAction","target":{"@type":"EntryPoint","urlTemplate":"https:\/\/museudofutebol.org.br\/teste\/?s={search_term_string}"},"query-input":"required name=search_term_string"}],"inLanguage":"pt-BR"}]}},"_links":{"self":[{"href":"https:\/\/museudofutebol.org.br\/teste\/wp-json\/wp\/v2\/pages\/624"}],"collection":[{"href":"https:\/\/museudofutebol.org.br\/teste\/wp-json\/wp\/v2\/pages"}],"about":[{"href":"https:\/\/museudofutebol.org.br\/teste\/wp-json\/wp\/v2\/types\/page"}],"author":[{"embeddable":true,"href":"https:\/\/museudofutebol.org.br\/teste\/wp-json\/wp\/v2\/users\/2"}],"replies":[{"embeddable":true,"href":"https:\/\/museudofutebol.org.br\/teste\/wp-json\/wp\/v2\/comments?post=624"}],"version-history":[{"count":98,"href":"https:\/\/museudofutebol.org.br\/teste\/wp-json\/wp\/v2\/pages\/624\/revisions"}],"predecessor-version":[{"id":14896,"href":"https:\/\/museudofutebol.org.br\/teste\/wp-json\/wp\/v2\/pages\/624\/revisions\/14896"}],"up":[{"embeddable":true,"href":"https:\/\/museudofutebol.org.br\/teste\/wp-json\/wp\/v2\/pages\/79"}],"wp:attachment":[{"href":"https:\/\/museudofutebol.org.br\/teste\/wp-json\/wp\/v2\/media?parent=624"}],"curies":[{"name":"wp","href":"https:\/\/api.w.org\/{rel}","templated":true}]}}