{"id":6861,"date":"2022-08-12T18:57:40","date_gmt":"2022-08-12T21:57:40","guid":{"rendered":"https:\/\/museudofutebol.org.br\/teste\/?page_id=6861"},"modified":"2022-08-15T12:05:03","modified_gmt":"2022-08-15T15:05:03","slug":"gostaria-de-te-lo-aqui","status":"publish","type":"page","link":"https:\/\/museudofutebol.org.br\/teste\/gostaria-de-te-lo-aqui\/","title":{"rendered":"Gostaria de t\u00ea-lo aqui"},"content":{"rendered":"<div class=\"wpb-content-wrapper\"><p>[vc_row][vc_column][vc_single_image image=&#8221;6871&#8243; img_size=&#8221;full&#8221;][vc_column_text]Por <strong>Stephanie Calazans<\/strong><\/p>\n<p>O dia n\u00e3o era dos mais bonitos, mas papai insistia em me tirar de baixo das cobertas. Eu entendo a preocupa\u00e7\u00e3o dele. \u00c9 raro me ver fora da cama e eu nem sei mesmo se os dias est\u00e3o nublados ou se sou eu que estou.<\/p>\n<p>\u00c9 assim desde que meu irm\u00e3o morreu. As \u00faltimas palavras que vociferei, quando aconteceu, foram gritos de uma dor negacionista que se recusava a aceitar que agora, para encontr\u00e1-lo, s\u00f3 no cemit\u00e9rio. \u201cPrefiro n\u00e3o sair nunca mais\u201d.<\/p>\n<p>Entretanto, ele j\u00e1 tentou me levar ao parque. \u00c0 sorveteria. At\u00e9 a uma feirinha de ado\u00e7\u00e3o, em uma tentativa desesperada de fazer alguma coisa brotar dentro de mim.<\/p>\n<p>N\u00e3o \u00e9 culpa dele.<\/p>\n<p>Mas me esfor\u00e7o para fazer sua vontade. De alguma forma, me sinto ainda mais culpada por v\u00ea-lo tentando tanto me arrancar um sorriso. Ele n\u00e3o aceita que j\u00e1 estou fria por dentro.<\/p>\n<p>Levanto sem perguntar para onde vamos. N\u00e3o faz diferen\u00e7a. Em poucos minutos j\u00e1 estarei lutando contra as l\u00e1grimas que insistir\u00e3o em cair do meu rosto quando alguma coisa, qualquer coisa, me fizer lembrar dele.<\/p>\n<p>E ent\u00e3o percebo que meu pai enlouqueceu de vez. Por um instante cheguei a pensar que ele estaria me levando para um show e me tremi ao imaginar quantas horas passaria ali, ouvindo m\u00fasicas que fatalmente me lembrariam de meu irm\u00e3o. Mas \u00e9 pior. \u00c9 um est\u00e1dio de futebol.<\/p>\n<p>Era o programa preferido dos dois. \u00c9 t\u00e3o \u00f3bvio que tudo isso colocar\u00e1 n\u00f3s dois em prantos: lembrar do meu irm\u00e3o cantando a plenos pulm\u00f5es, incentivando aqueles homens como se sua vida dependesse disso. O que deu no meu pai?<\/p>\n<p>Decido n\u00e3o contestar. N\u00e3o \u00e9 justo estragar uma mem\u00f3ria boa. Mas n\u00e3o consigo parar de me perguntar, por que isso era t\u00e3o importante para ele? Homens correndo atr\u00e1s de uma bola.<\/p>\n<p>Meu pai come\u00e7a a entoar um canto e me sinto constrangida em n\u00e3o acompanhar. A letra \u00e9 f\u00e1cil. Ent\u00e3o, quando vejo, j\u00e1 me juntei timidamente \u00e0quele mar branco de gente que tem um \u00fanico objetivo: n\u00e3o se deixar vencer.<\/p>\n<p>\u00c9 divertido ver aquelas pessoas t\u00e3o irritadas com um jogo. \u201cSe esse fosse o maior dos meus problemas\u201d, penso.<\/p>\n<p>No fim, percebo que a vida ali \u00e9 mais simples. A pipoca est\u00e1 murcha, o refrigerante est\u00e1 sem g\u00e1s, mas n\u00e3o importa. A miss\u00e3o \u00e9 apenas uma e todos ali est\u00e3o juntos por ela. Ningu\u00e9m vai aceitar a derrota.<\/p>\n<p>Depois de aproveitar da sensa\u00e7\u00e3o consoladora de gritar e xingar descontroladamente pessoas para quem a minha descarga emocional nem\u00a0estava direcionada, sinto minhas m\u00e3os suadas. Meu cora\u00e7\u00e3o acelera e h\u00e1 pulsa\u00e7\u00e3o.<\/p>\n<p>O grito de gol veio do nada e saiu com tanta for\u00e7a, tanta energia, que aqueceu o resto do meu corpo por completo.<\/p>\n<p>Os sinalizadores dificultam a minha respira\u00e7\u00e3o, mas eu n\u00e3o me importo. Vejo, entre a fuma\u00e7a, que come\u00e7a um movimento de \u201cola\u201d l\u00e1 na outra ponta da arquibancada. Ela vem acompanhando um fio de luz que brilha no sinalizador.\u00a0Parece que algu\u00e9m corre entre os degraus, porque ela vem cada vez mais na minha dire\u00e7\u00e3o e, quanto mais chega perto, mais cresce o calor dentro de mim.<\/p>\n<p>\u00c9 ent\u00e3o que me viro para meu pai, com l\u00e1grimas nos olhos, e pergunto porque ele decidiu me trazer para o lugar que mais me lembra meu irm\u00e3o.<br \/>\n\u201cVoc\u00ea j\u00e1 est\u00e1 sentindo, filha?\u201d, perguntou ele, os olhos marejados. \u201cEste lugar n\u00e3o te lembra seu irm\u00e3o. Este lugar guarda seu irm\u00e3o. Ele est\u00e1 aqui agora. Correndo quente nas veias do seu corpo. Voc\u00ea j\u00e1 est\u00e1 sentindo?\u201d.<\/p>\n<p><em>3\u00ba lugar no Concurso de Cr\u00f4nicas do Museu do Futebol &#8211; 2022<\/em>[\/vc_column_text][\/vc_column][\/vc_row]<\/p>\n<\/div>","protected":false},"excerpt":{"rendered":"<p>[vc_row][vc_column][vc_single_image image=&#8221;6871&#8243; img_size=&#8221;full&#8221;][vc_column_text]Por Stephanie Calazans O dia n\u00e3o era dos mais bonitos, mas papai insistia em me tirar de baixo das cobertas. Eu entendo a preocupa\u00e7\u00e3o<span class=\"excerpt-hellip\"> [\u2026]<\/span><\/p>\n","protected":false},"author":13,"featured_media":6871,"parent":0,"menu_order":0,"comment_status":"closed","ping_status":"closed","template":"","meta":[],"acf":[],"yoast_head":"<!-- This site is optimized with the Yoast SEO plugin v20.8 - https:\/\/yoast.com\/wordpress\/plugins\/seo\/ -->\n<title>Gostaria de t\u00ea-lo aqui - Museu do Futebol<\/title>\n<meta name=\"robots\" content=\"index, follow, max-snippet:-1, max-image-preview:large, max-video-preview:-1\" \/>\n<link rel=\"canonical\" href=\"https:\/\/museudofutebol.org.br\/teste\/gostaria-de-te-lo-aqui\/\" \/>\n<meta property=\"og:locale\" content=\"pt_BR\" \/>\n<meta property=\"og:type\" content=\"article\" \/>\n<meta property=\"og:title\" content=\"Gostaria de t\u00ea-lo aqui - Museu do Futebol\" \/>\n<meta property=\"og:description\" content=\"[vc_row][vc_column][vc_single_image image=&#8221;6871&#8243; img_size=&#8221;full&#8221;][vc_column_text]Por Stephanie Calazans O dia n\u00e3o era dos mais bonitos, mas papai insistia em me tirar de baixo das cobertas. Eu entendo a preocupa\u00e7\u00e3o [\u2026]\" \/>\n<meta property=\"og:url\" content=\"https:\/\/museudofutebol.org.br\/teste\/gostaria-de-te-lo-aqui\/\" \/>\n<meta property=\"og:site_name\" content=\"Museu do Futebol\" \/>\n<meta property=\"article:publisher\" content=\"https:\/\/www.facebook.com\/museudofutebol\" \/>\n<meta property=\"article:modified_time\" content=\"2022-08-15T15:05:03+00:00\" \/>\n<meta property=\"og:image\" content=\"https:\/\/museudofutebol.org.br\/teste\/wp-content\/uploads\/2022\/08\/Stephanie_Calazans.png\" \/>\n\t<meta property=\"og:image:width\" content=\"480\" \/>\n\t<meta property=\"og:image:height\" content=\"330\" \/>\n\t<meta property=\"og:image:type\" content=\"image\/png\" \/>\n<meta name=\"twitter:card\" content=\"summary_large_image\" \/>\n<meta name=\"twitter:site\" content=\"@museudofutebol\" \/>\n<meta name=\"twitter:label1\" content=\"Est. tempo de leitura\" \/>\n\t<meta name=\"twitter:data1\" content=\"4 minutos\" \/>\n<script type=\"application\/ld+json\" class=\"yoast-schema-graph\">{\"@context\":\"https:\/\/schema.org\",\"@graph\":[{\"@type\":\"WebPage\",\"@id\":\"https:\/\/museudofutebol.org.br\/teste\/gostaria-de-te-lo-aqui\/\",\"url\":\"https:\/\/museudofutebol.org.br\/teste\/gostaria-de-te-lo-aqui\/\",\"name\":\"Gostaria de t\u00ea-lo aqui - Museu do Futebol\",\"isPartOf\":{\"@id\":\"https:\/\/museudofutebol.org.br\/teste\/#website\"},\"datePublished\":\"2022-08-12T21:57:40+00:00\",\"dateModified\":\"2022-08-15T15:05:03+00:00\",\"breadcrumb\":{\"@id\":\"https:\/\/museudofutebol.org.br\/teste\/gostaria-de-te-lo-aqui\/#breadcrumb\"},\"inLanguage\":\"pt-BR\",\"potentialAction\":[{\"@type\":\"ReadAction\",\"target\":[\"https:\/\/museudofutebol.org.br\/teste\/gostaria-de-te-lo-aqui\/\"]}]},{\"@type\":\"BreadcrumbList\",\"@id\":\"https:\/\/museudofutebol.org.br\/teste\/gostaria-de-te-lo-aqui\/#breadcrumb\",\"itemListElement\":[{\"@type\":\"ListItem\",\"position\":1,\"name\":\"In\u00edcio\",\"item\":\"https:\/\/museudofutebol.org.br\/teste\/\"},{\"@type\":\"ListItem\",\"position\":2,\"name\":\"Gostaria de t\u00ea-lo aqui\"}]},{\"@type\":\"WebSite\",\"@id\":\"https:\/\/museudofutebol.org.br\/teste\/#website\",\"url\":\"https:\/\/museudofutebol.org.br\/teste\/\",\"name\":\"Museu do Futebol\",\"description\":\"\",\"potentialAction\":[{\"@type\":\"SearchAction\",\"target\":{\"@type\":\"EntryPoint\",\"urlTemplate\":\"https:\/\/museudofutebol.org.br\/teste\/?s={search_term_string}\"},\"query-input\":\"required name=search_term_string\"}],\"inLanguage\":\"pt-BR\"}]}<\/script>\n<!-- \/ Yoast SEO plugin. -->","yoast_head_json":{"title":"Gostaria de t\u00ea-lo aqui - Museu do Futebol","robots":{"index":"index","follow":"follow","max-snippet":"max-snippet:-1","max-image-preview":"max-image-preview:large","max-video-preview":"max-video-preview:-1"},"canonical":"https:\/\/museudofutebol.org.br\/teste\/gostaria-de-te-lo-aqui\/","og_locale":"pt_BR","og_type":"article","og_title":"Gostaria de t\u00ea-lo aqui - Museu do Futebol","og_description":"[vc_row][vc_column][vc_single_image image=&#8221;6871&#8243; img_size=&#8221;full&#8221;][vc_column_text]Por Stephanie Calazans O dia n\u00e3o era dos mais bonitos, mas papai insistia em me tirar de baixo das cobertas. Eu entendo a preocupa\u00e7\u00e3o [\u2026]","og_url":"https:\/\/museudofutebol.org.br\/teste\/gostaria-de-te-lo-aqui\/","og_site_name":"Museu do Futebol","article_publisher":"https:\/\/www.facebook.com\/museudofutebol","article_modified_time":"2022-08-15T15:05:03+00:00","og_image":[{"width":480,"height":330,"url":"https:\/\/museudofutebol.org.br\/teste\/wp-content\/uploads\/2022\/08\/Stephanie_Calazans.png","type":"image\/png"}],"twitter_card":"summary_large_image","twitter_site":"@museudofutebol","twitter_misc":{"Est. tempo de leitura":"4 minutos"},"schema":{"@context":"https:\/\/schema.org","@graph":[{"@type":"WebPage","@id":"https:\/\/museudofutebol.org.br\/teste\/gostaria-de-te-lo-aqui\/","url":"https:\/\/museudofutebol.org.br\/teste\/gostaria-de-te-lo-aqui\/","name":"Gostaria de t\u00ea-lo aqui - Museu do Futebol","isPartOf":{"@id":"https:\/\/museudofutebol.org.br\/teste\/#website"},"datePublished":"2022-08-12T21:57:40+00:00","dateModified":"2022-08-15T15:05:03+00:00","breadcrumb":{"@id":"https:\/\/museudofutebol.org.br\/teste\/gostaria-de-te-lo-aqui\/#breadcrumb"},"inLanguage":"pt-BR","potentialAction":[{"@type":"ReadAction","target":["https:\/\/museudofutebol.org.br\/teste\/gostaria-de-te-lo-aqui\/"]}]},{"@type":"BreadcrumbList","@id":"https:\/\/museudofutebol.org.br\/teste\/gostaria-de-te-lo-aqui\/#breadcrumb","itemListElement":[{"@type":"ListItem","position":1,"name":"In\u00edcio","item":"https:\/\/museudofutebol.org.br\/teste\/"},{"@type":"ListItem","position":2,"name":"Gostaria de t\u00ea-lo aqui"}]},{"@type":"WebSite","@id":"https:\/\/museudofutebol.org.br\/teste\/#website","url":"https:\/\/museudofutebol.org.br\/teste\/","name":"Museu do Futebol","description":"","potentialAction":[{"@type":"SearchAction","target":{"@type":"EntryPoint","urlTemplate":"https:\/\/museudofutebol.org.br\/teste\/?s={search_term_string}"},"query-input":"required name=search_term_string"}],"inLanguage":"pt-BR"}]}},"_links":{"self":[{"href":"https:\/\/museudofutebol.org.br\/teste\/wp-json\/wp\/v2\/pages\/6861"}],"collection":[{"href":"https:\/\/museudofutebol.org.br\/teste\/wp-json\/wp\/v2\/pages"}],"about":[{"href":"https:\/\/museudofutebol.org.br\/teste\/wp-json\/wp\/v2\/types\/page"}],"author":[{"embeddable":true,"href":"https:\/\/museudofutebol.org.br\/teste\/wp-json\/wp\/v2\/users\/13"}],"replies":[{"embeddable":true,"href":"https:\/\/museudofutebol.org.br\/teste\/wp-json\/wp\/v2\/comments?post=6861"}],"version-history":[{"count":2,"href":"https:\/\/museudofutebol.org.br\/teste\/wp-json\/wp\/v2\/pages\/6861\/revisions"}],"predecessor-version":[{"id":6878,"href":"https:\/\/museudofutebol.org.br\/teste\/wp-json\/wp\/v2\/pages\/6861\/revisions\/6878"}],"wp:featuredmedia":[{"embeddable":true,"href":"https:\/\/museudofutebol.org.br\/teste\/wp-json\/wp\/v2\/media\/6871"}],"wp:attachment":[{"href":"https:\/\/museudofutebol.org.br\/teste\/wp-json\/wp\/v2\/media?parent=6861"}],"curies":[{"name":"wp","href":"https:\/\/api.w.org\/{rel}","templated":true}]}}