{"id":6864,"date":"2022-08-15T13:31:54","date_gmt":"2022-08-15T16:31:54","guid":{"rendered":"https:\/\/museudofutebol.org.br\/teste\/?page_id=6864"},"modified":"2022-08-15T13:31:54","modified_gmt":"2022-08-15T16:31:54","slug":"torcedor-por-adocao","status":"publish","type":"page","link":"https:\/\/museudofutebol.org.br\/teste\/torcedor-por-adocao\/","title":{"rendered":"Torcedor por ado\u00e7\u00e3o"},"content":{"rendered":"<div class=\"wpb-content-wrapper\"><p>[vc_row][vc_column][vc_column_text]Por <strong>Luciano S. R. Dias<\/strong><\/p>\n<p>14 de abril de 2022, quinta-feira, quatro anos, sete meses e quinze dias da emiss\u00e3o do \u201cCertificado de Habilita\u00e7\u00e3o para Ado\u00e7\u00e3o\u201d, o celular deixado \u00e0 mesa de centro da sala de estar toca. Atendo. Do outro lado da linha uma voz impessoal informa: sai solid\u00e3o, entra menino de 7 anos.<\/p>\n<p>O cora\u00e7\u00e3o da torcida de uma pessoa s\u00f3 acelera. O candidato a pai dribla a in\u00e9rcia, acelera em dire\u00e7\u00e3o \u00e0 igreja, tabela com o Divino, passa pela Quinta-feira Santa, pela Sexta-feira da Paix\u00e3o, pelo S\u00e1bado de Aleluia, pelo Domingo P\u00e1scoa\u2026 na Segunda-feira Especial, liga para o abrigo onde vive o pequeno torcedor Cl\u00e1udio, e marca uma visita.<\/p>\n<p>Uma eternidade de sete dias passada e vou ao encontro do futuro. \u00c9 25 de abril, dia de festa. Bolo, doces e cachorro-quente para comemorar o anivers\u00e1rio do coleguinha de abrigo Jorge.<\/p>\n<p>Antes dos parab\u00e9ns, visto a camisa de tio e entro em campo para jogar futebol tot\u00f3 com Cl\u00e1udio. Parte menos talentosa da dupla, apenas corujo. Renuncio \u00e0 concentra\u00e7\u00e3o pela felicidade de admirar a destreza do goleador nato. Talento \u00fanico no comando das varetas e nos chutes perfeitos em giros de 180 e 360 graus. Vencemos com 6 gols dele a 5 frangos meus.<\/p>\n<p>Antes do fim da partida, arrisco e lan\u00e7o a pergunta 100 milh\u00f5es de euros: \u201cqual o seu time, Cl\u00e1udio?\u201d.<\/p>\n<p>A certeza de ouvir \u201cFluminense\u201d n\u00e3o dura dois segundos. \u201cVasco\u201d, responde sem tirar os olhos da bolinha. Sigo o manual do bom adotante e, escondendo minha frustra\u00e7\u00e3o, digo apenas \u201cVasco, que legal!\u201d.<\/p>\n<p>Fim de jogo. Me despe\u00e7o do time dos tios.<\/p>\n<p>Ter\u00e7a, 26 de abril, renas\u00e7o pelas m\u00e3os do filho. O centroavante do tot\u00f3 me convoca para ser pai.<\/p>\n<p>Haaaaaja cora\u00e7\u00e3o.<\/p>\n<p>\u00c9 s\u00f3 alegria. N\u00e3o.<\/p>\n<p>Existe um navegador portugu\u00eas entre n\u00f3s. Uma espinha de bacalhau entalada na garganta.<\/p>\n<p>Tudo quase perfeito. Meu filho, um menino lindo, saud\u00e1vel, am\u00e1vel, rei do tot\u00f3 e do bafo bafo, pipeiro de primeira e\u2026 vasca\u00edno. Mas a nau lusitana iria naufragar. Algo me dizia que Cl\u00e1udio, no calor da partida, se confundiu. Minha intui\u00e7\u00e3o n\u00e3o falhou.<\/p>\n<p>Sexta, 29 de abril, reformulo a pergunta: \u201cVoc\u00ea \u00e9 mesmo vasca\u00edno, filho?\u201d<\/p>\n<p>&#8220;N\u00e3o. Sou Flamengo. Adoro o Gabigol\u201d.<\/p>\n<p>Fiquei rubro e quase infartei. Mantive a eleg\u00e2ncia tricolor diante da espontaneidade da frase do agora filho e da presen\u00e7a da assistente social, que, animada, completou: \u201cainda tem o Bruno Henrique\u201d.<\/p>\n<p>Conformado. Ou melhor, inconformado, passei dias pensando: \u201ccomo o meu filho pode ser vasca\u00edno um dia e flamenguista no outro\u201d. Na semana seguinte, ter\u00e7a, 3 de maio, recorro ao VAR. No fim da tarde, no gramado nos fundos do abrigo, sentado ao lado de Cl\u00e1udio e da sua amiga, a Cristina, quis tirar a prova dos nove.<\/p>\n<p>\u201cFilho, afinal de contas, voc\u00ea torce para o Vasco, para o Flamengo, para\u2026\u201d. Antes de pronunciar Fluminense, Cristina mostra o cart\u00e3o vermelho e, com a frieza de um juiz alem\u00e3o, afunda minha cren\u00e7a em milagre: \u201cEle era Vasco e trocou para o Flamengo\u201d.<\/p>\n<p>Sil\u00eancio na arquibancada. Recolho minha bandeira. Mas, aos 44 minutos do segundo tempo, o ex-vasca\u00edno troca a emo\u00e7\u00e3o pelo afeto e confirma a minha f\u00e9 na humanidade:<\/p>\n<p>\u201cPosso ser tricolor se voc\u00ea quiser, pai\u201d.<\/p>\n<p>Sil\u00eancio na arquibancada. O pai abra\u00e7a o filho e troca a emo\u00e7\u00e3o pela liberdade de escolha. \u201cN\u00e3o, meu filho. Voc\u00ea pode ser o time que quiser\u2026 at\u00e9 Flamengo\u201d.<\/p>\n<p>&nbsp;<\/p>\n<p><em>Men\u00e7\u00e3o honrosa no Concurso de Cr\u00f4nicas do Museu do Futebol &#8211; 2022\u00a0<\/em>[\/vc_column_text][vc_single_image image=&#8221;6873&#8243; img_size=&#8221;full&#8221;][\/vc_column][\/vc_row]<\/p>\n<\/div>","protected":false},"excerpt":{"rendered":"<p>[vc_row][vc_column][vc_column_text]Por Luciano S. R. Dias 14 de abril de 2022, quinta-feira, quatro anos, sete meses e quinze dias da emiss\u00e3o do \u201cCertificado de Habilita\u00e7\u00e3o para Ado\u00e7\u00e3o\u201d,<span class=\"excerpt-hellip\"> [\u2026]<\/span><\/p>\n","protected":false},"author":13,"featured_media":6873,"parent":0,"menu_order":0,"comment_status":"closed","ping_status":"closed","template":"","meta":[],"acf":[],"yoast_head":"<!-- This site is optimized with the Yoast SEO plugin v20.8 - https:\/\/yoast.com\/wordpress\/plugins\/seo\/ -->\n<title>Torcedor por ado\u00e7\u00e3o - Museu do Futebol<\/title>\n<meta name=\"robots\" content=\"index, follow, max-snippet:-1, max-image-preview:large, max-video-preview:-1\" \/>\n<link rel=\"canonical\" href=\"https:\/\/museudofutebol.org.br\/teste\/torcedor-por-adocao\/\" \/>\n<meta property=\"og:locale\" content=\"pt_BR\" \/>\n<meta property=\"og:type\" content=\"article\" \/>\n<meta property=\"og:title\" content=\"Torcedor por ado\u00e7\u00e3o - Museu do Futebol\" \/>\n<meta property=\"og:description\" content=\"[vc_row][vc_column][vc_column_text]Por Luciano S. R. Dias 14 de abril de 2022, quinta-feira, quatro anos, sete meses e quinze dias da emiss\u00e3o do \u201cCertificado de Habilita\u00e7\u00e3o para Ado\u00e7\u00e3o\u201d, [\u2026]\" \/>\n<meta property=\"og:url\" content=\"https:\/\/museudofutebol.org.br\/teste\/torcedor-por-adocao\/\" \/>\n<meta property=\"og:site_name\" content=\"Museu do Futebol\" \/>\n<meta property=\"article:publisher\" content=\"https:\/\/www.facebook.com\/museudofutebol\" \/>\n<meta property=\"og:image\" content=\"https:\/\/museudofutebol.org.br\/teste\/wp-content\/uploads\/2022\/08\/Luciano_Dias.png\" \/>\n\t<meta property=\"og:image:width\" content=\"481\" \/>\n\t<meta property=\"og:image:height\" content=\"331\" \/>\n\t<meta property=\"og:image:type\" content=\"image\/png\" \/>\n<meta name=\"twitter:card\" content=\"summary_large_image\" \/>\n<meta name=\"twitter:site\" content=\"@museudofutebol\" \/>\n<meta name=\"twitter:label1\" content=\"Est. tempo de leitura\" \/>\n\t<meta name=\"twitter:data1\" content=\"4 minutos\" \/>\n<script type=\"application\/ld+json\" class=\"yoast-schema-graph\">{\"@context\":\"https:\/\/schema.org\",\"@graph\":[{\"@type\":\"WebPage\",\"@id\":\"https:\/\/museudofutebol.org.br\/teste\/torcedor-por-adocao\/\",\"url\":\"https:\/\/museudofutebol.org.br\/teste\/torcedor-por-adocao\/\",\"name\":\"Torcedor por ado\u00e7\u00e3o - Museu do Futebol\",\"isPartOf\":{\"@id\":\"https:\/\/museudofutebol.org.br\/teste\/#website\"},\"datePublished\":\"2022-08-15T16:31:54+00:00\",\"dateModified\":\"2022-08-15T16:31:54+00:00\",\"breadcrumb\":{\"@id\":\"https:\/\/museudofutebol.org.br\/teste\/torcedor-por-adocao\/#breadcrumb\"},\"inLanguage\":\"pt-BR\",\"potentialAction\":[{\"@type\":\"ReadAction\",\"target\":[\"https:\/\/museudofutebol.org.br\/teste\/torcedor-por-adocao\/\"]}]},{\"@type\":\"BreadcrumbList\",\"@id\":\"https:\/\/museudofutebol.org.br\/teste\/torcedor-por-adocao\/#breadcrumb\",\"itemListElement\":[{\"@type\":\"ListItem\",\"position\":1,\"name\":\"In\u00edcio\",\"item\":\"https:\/\/museudofutebol.org.br\/teste\/\"},{\"@type\":\"ListItem\",\"position\":2,\"name\":\"Torcedor por ado\u00e7\u00e3o\"}]},{\"@type\":\"WebSite\",\"@id\":\"https:\/\/museudofutebol.org.br\/teste\/#website\",\"url\":\"https:\/\/museudofutebol.org.br\/teste\/\",\"name\":\"Museu do Futebol\",\"description\":\"\",\"potentialAction\":[{\"@type\":\"SearchAction\",\"target\":{\"@type\":\"EntryPoint\",\"urlTemplate\":\"https:\/\/museudofutebol.org.br\/teste\/?s={search_term_string}\"},\"query-input\":\"required name=search_term_string\"}],\"inLanguage\":\"pt-BR\"}]}<\/script>\n<!-- \/ Yoast SEO plugin. -->","yoast_head_json":{"title":"Torcedor por ado\u00e7\u00e3o - Museu do Futebol","robots":{"index":"index","follow":"follow","max-snippet":"max-snippet:-1","max-image-preview":"max-image-preview:large","max-video-preview":"max-video-preview:-1"},"canonical":"https:\/\/museudofutebol.org.br\/teste\/torcedor-por-adocao\/","og_locale":"pt_BR","og_type":"article","og_title":"Torcedor por ado\u00e7\u00e3o - Museu do Futebol","og_description":"[vc_row][vc_column][vc_column_text]Por Luciano S. R. Dias 14 de abril de 2022, quinta-feira, quatro anos, sete meses e quinze dias da emiss\u00e3o do \u201cCertificado de Habilita\u00e7\u00e3o para Ado\u00e7\u00e3o\u201d, [\u2026]","og_url":"https:\/\/museudofutebol.org.br\/teste\/torcedor-por-adocao\/","og_site_name":"Museu do Futebol","article_publisher":"https:\/\/www.facebook.com\/museudofutebol","og_image":[{"width":481,"height":331,"url":"https:\/\/museudofutebol.org.br\/teste\/wp-content\/uploads\/2022\/08\/Luciano_Dias.png","type":"image\/png"}],"twitter_card":"summary_large_image","twitter_site":"@museudofutebol","twitter_misc":{"Est. tempo de leitura":"4 minutos"},"schema":{"@context":"https:\/\/schema.org","@graph":[{"@type":"WebPage","@id":"https:\/\/museudofutebol.org.br\/teste\/torcedor-por-adocao\/","url":"https:\/\/museudofutebol.org.br\/teste\/torcedor-por-adocao\/","name":"Torcedor por ado\u00e7\u00e3o - Museu do Futebol","isPartOf":{"@id":"https:\/\/museudofutebol.org.br\/teste\/#website"},"datePublished":"2022-08-15T16:31:54+00:00","dateModified":"2022-08-15T16:31:54+00:00","breadcrumb":{"@id":"https:\/\/museudofutebol.org.br\/teste\/torcedor-por-adocao\/#breadcrumb"},"inLanguage":"pt-BR","potentialAction":[{"@type":"ReadAction","target":["https:\/\/museudofutebol.org.br\/teste\/torcedor-por-adocao\/"]}]},{"@type":"BreadcrumbList","@id":"https:\/\/museudofutebol.org.br\/teste\/torcedor-por-adocao\/#breadcrumb","itemListElement":[{"@type":"ListItem","position":1,"name":"In\u00edcio","item":"https:\/\/museudofutebol.org.br\/teste\/"},{"@type":"ListItem","position":2,"name":"Torcedor por ado\u00e7\u00e3o"}]},{"@type":"WebSite","@id":"https:\/\/museudofutebol.org.br\/teste\/#website","url":"https:\/\/museudofutebol.org.br\/teste\/","name":"Museu do Futebol","description":"","potentialAction":[{"@type":"SearchAction","target":{"@type":"EntryPoint","urlTemplate":"https:\/\/museudofutebol.org.br\/teste\/?s={search_term_string}"},"query-input":"required name=search_term_string"}],"inLanguage":"pt-BR"}]}},"_links":{"self":[{"href":"https:\/\/museudofutebol.org.br\/teste\/wp-json\/wp\/v2\/pages\/6864"}],"collection":[{"href":"https:\/\/museudofutebol.org.br\/teste\/wp-json\/wp\/v2\/pages"}],"about":[{"href":"https:\/\/museudofutebol.org.br\/teste\/wp-json\/wp\/v2\/types\/page"}],"author":[{"embeddable":true,"href":"https:\/\/museudofutebol.org.br\/teste\/wp-json\/wp\/v2\/users\/13"}],"replies":[{"embeddable":true,"href":"https:\/\/museudofutebol.org.br\/teste\/wp-json\/wp\/v2\/comments?post=6864"}],"version-history":[{"count":3,"href":"https:\/\/museudofutebol.org.br\/teste\/wp-json\/wp\/v2\/pages\/6864\/revisions"}],"predecessor-version":[{"id":6882,"href":"https:\/\/museudofutebol.org.br\/teste\/wp-json\/wp\/v2\/pages\/6864\/revisions\/6882"}],"wp:featuredmedia":[{"embeddable":true,"href":"https:\/\/museudofutebol.org.br\/teste\/wp-json\/wp\/v2\/media\/6873"}],"wp:attachment":[{"href":"https:\/\/museudofutebol.org.br\/teste\/wp-json\/wp\/v2\/media?parent=6864"}],"curies":[{"name":"wp","href":"https:\/\/api.w.org\/{rel}","templated":true}]}}