{"id":6866,"date":"2022-08-12T18:51:55","date_gmt":"2022-08-12T21:51:55","guid":{"rendered":"https:\/\/museudofutebol.org.br\/teste\/?page_id=6866"},"modified":"2022-08-15T12:10:22","modified_gmt":"2022-08-15T15:10:22","slug":"um-ilustre-torcedor","status":"publish","type":"page","link":"https:\/\/museudofutebol.org.br\/teste\/um-ilustre-torcedor\/","title":{"rendered":"Um ilustre torcedor"},"content":{"rendered":"<div class=\"wpb-content-wrapper\"><p>[vc_row][vc_column][vc_single_image image=&#8221;6874&#8243; img_size=&#8221;full&#8221;][vc_column_text]Por <strong>Matheus Dias<\/strong><\/p>\n<p>A rua est\u00e1 mais vazia que de costume, mas dessa vez ele sabe porqu\u00ea. Deve estar quase na hora. H\u00e1 que ritualizar, preparar seu sal\u00e3o. Disp\u00f5e o espa\u00e7o de praticamente um metro quadrado, escondido entre dois canteiros de concreto e um carro estacionado atr\u00e1s. Um inoportuno poste num canto esquerdo a tomar-lhe 20 cent\u00edmetros (mediu uma vez) e um bueiro &#8211;\u00a0 que testou sua f\u00e9 na \u00e9poca que eles se transformaram em bombas rel\u00f3gio &#8211; comp\u00f5em a estrutura da casa improvisada numa estreita rua da zona sul do Rio de Janeiro. Gosta desse cantinho, especificamente, apesar dos pesares e da falta de cobertura atrapalhar em dias de chuva.<\/p>\n<p>Ama o futebol como qualquer outro e bem sente falta de n\u00e3o poder se meter em descompromissadas peladas pela orla da praia. Culpa dum ferimento maltratado na perna direita, de quando morou uns dias numa obra mal fiscalizada. Quando o pegaram, teve de correr em meio aos entulhos e uma viga de a\u00e7o enferrujada lhe atravessou a canela. Era um bom ala quando n\u00e3o estava de porre e nos dias que almo\u00e7ava.<\/p>\n<p>A peleja deve estar pra come\u00e7ar, quem n\u00e3o est\u00e1 em casa escolheu um bar para acompanhar. Ele senta em sua poltrona de praia, estende em um dos canteiros a surrada camisa do Flamengo, cuidadosamente retirada de seu arm\u00e1rio de al\u00e7as, e cruza as m\u00e3os. Resta esperar. N\u00e3o consegue ver o jogo sem tomar um pilequinho, e dado o nervosismo desse em especial, pelo que ouviu de taxistas no ponto do bicho, ningu\u00e9m lhe ouvir\u00e1 as<br \/>\ns\u00faplicas enquanto o cron\u00f4metro estiver rodando. Mais vale acompanhar por gritos desesperados vindos das janelas ou apressados moradores que passem pelo seu quintal, sempre conferindo o rel\u00f3gio ao perceberem o olhar:<\/p>\n<p>&#8211; Quanto t\u00e1 o jogo?<\/p>\n<p>&#8211; N\u00e3o sei.<\/p>\n<p>Sempre atrasados a um compromisso.<\/p>\n<p>Anoitecendo, finda a batalha, ele rodearia os bares a colher os louros da vit\u00f3ria ou a trag\u00e9dia da derrota. Vestido como todos, n\u00e3o seriam grandes as dificuldades de conseguir uma dose com um porteiro aqui, outra com um doutor ali. Estava pronto a encarnar o papel que o destino escolhesse. Derrotado, vai chorar entre solu\u00e7os de marmanjos e donzelas abra\u00e7ados, repassando cada detalhe dos erros cometidos por hesitosas pernas trope\u00e7ando pela grama. Vai fazer sess\u00f5es de an\u00e1lise em tormentosas almas esvaziadas pela perda irrepar\u00e1vel. Mas se viesse a vit\u00f3ria. Ah, se vier a vit\u00f3ria! Sua cabe\u00e7a rolando pelo Maracan\u00e3! Vai sambar por todos os becos, vai acompanhar os infinitos replays a cada parada, vai fazer milhares de amigos pela noite. Ningu\u00e9m tira a festa desse ilustre torcedor.<\/p>\n<p>&nbsp;<\/p>\n<p><em>2\u00ba lugar no Concurso de Cr\u00f4nicas do Museu do Futebol &#8211; 2022<\/em>[\/vc_column_text][\/vc_column][\/vc_row]<\/p>\n<\/div>","protected":false},"excerpt":{"rendered":"<p>[vc_row][vc_column][vc_single_image image=&#8221;6874&#8243; img_size=&#8221;full&#8221;][vc_column_text]Por Matheus Dias A rua est\u00e1 mais vazia que de costume, mas dessa vez ele sabe porqu\u00ea. Deve estar quase na hora. H\u00e1 que<span class=\"excerpt-hellip\"> [\u2026]<\/span><\/p>\n","protected":false},"author":13,"featured_media":6874,"parent":0,"menu_order":0,"comment_status":"closed","ping_status":"closed","template":"","meta":[],"acf":[],"yoast_head":"<!-- This site is optimized with the Yoast SEO plugin v20.8 - https:\/\/yoast.com\/wordpress\/plugins\/seo\/ -->\n<title>Um ilustre torcedor - Museu do Futebol<\/title>\n<meta name=\"robots\" content=\"index, follow, max-snippet:-1, max-image-preview:large, max-video-preview:-1\" \/>\n<link rel=\"canonical\" href=\"https:\/\/museudofutebol.org.br\/teste\/um-ilustre-torcedor\/\" \/>\n<meta property=\"og:locale\" content=\"pt_BR\" \/>\n<meta property=\"og:type\" content=\"article\" \/>\n<meta property=\"og:title\" content=\"Um ilustre torcedor - Museu do Futebol\" \/>\n<meta property=\"og:description\" content=\"[vc_row][vc_column][vc_single_image image=&#8221;6874&#8243; img_size=&#8221;full&#8221;][vc_column_text]Por Matheus Dias A rua est\u00e1 mais vazia que de costume, mas dessa vez ele sabe porqu\u00ea. Deve estar quase na hora. H\u00e1 que [\u2026]\" \/>\n<meta property=\"og:url\" content=\"https:\/\/museudofutebol.org.br\/teste\/um-ilustre-torcedor\/\" \/>\n<meta property=\"og:site_name\" content=\"Museu do Futebol\" \/>\n<meta property=\"article:publisher\" content=\"https:\/\/www.facebook.com\/museudofutebol\" \/>\n<meta property=\"article:modified_time\" content=\"2022-08-15T15:10:22+00:00\" \/>\n<meta property=\"og:image\" content=\"https:\/\/museudofutebol.org.br\/teste\/wp-content\/uploads\/2022\/08\/Matheus_Rafare_Dias.png\" \/>\n\t<meta property=\"og:image:width\" content=\"481\" \/>\n\t<meta property=\"og:image:height\" content=\"331\" \/>\n\t<meta property=\"og:image:type\" content=\"image\/png\" \/>\n<meta name=\"twitter:card\" content=\"summary_large_image\" \/>\n<meta name=\"twitter:site\" content=\"@museudofutebol\" \/>\n<meta name=\"twitter:label1\" content=\"Est. tempo de leitura\" \/>\n\t<meta name=\"twitter:data1\" content=\"3 minutos\" \/>\n<script type=\"application\/ld+json\" class=\"yoast-schema-graph\">{\"@context\":\"https:\/\/schema.org\",\"@graph\":[{\"@type\":\"WebPage\",\"@id\":\"https:\/\/museudofutebol.org.br\/teste\/um-ilustre-torcedor\/\",\"url\":\"https:\/\/museudofutebol.org.br\/teste\/um-ilustre-torcedor\/\",\"name\":\"Um ilustre torcedor - Museu do Futebol\",\"isPartOf\":{\"@id\":\"https:\/\/museudofutebol.org.br\/teste\/#website\"},\"datePublished\":\"2022-08-12T21:51:55+00:00\",\"dateModified\":\"2022-08-15T15:10:22+00:00\",\"breadcrumb\":{\"@id\":\"https:\/\/museudofutebol.org.br\/teste\/um-ilustre-torcedor\/#breadcrumb\"},\"inLanguage\":\"pt-BR\",\"potentialAction\":[{\"@type\":\"ReadAction\",\"target\":[\"https:\/\/museudofutebol.org.br\/teste\/um-ilustre-torcedor\/\"]}]},{\"@type\":\"BreadcrumbList\",\"@id\":\"https:\/\/museudofutebol.org.br\/teste\/um-ilustre-torcedor\/#breadcrumb\",\"itemListElement\":[{\"@type\":\"ListItem\",\"position\":1,\"name\":\"In\u00edcio\",\"item\":\"https:\/\/museudofutebol.org.br\/teste\/\"},{\"@type\":\"ListItem\",\"position\":2,\"name\":\"Um ilustre torcedor\"}]},{\"@type\":\"WebSite\",\"@id\":\"https:\/\/museudofutebol.org.br\/teste\/#website\",\"url\":\"https:\/\/museudofutebol.org.br\/teste\/\",\"name\":\"Museu do Futebol\",\"description\":\"\",\"potentialAction\":[{\"@type\":\"SearchAction\",\"target\":{\"@type\":\"EntryPoint\",\"urlTemplate\":\"https:\/\/museudofutebol.org.br\/teste\/?s={search_term_string}\"},\"query-input\":\"required name=search_term_string\"}],\"inLanguage\":\"pt-BR\"}]}<\/script>\n<!-- \/ Yoast SEO plugin. -->","yoast_head_json":{"title":"Um ilustre torcedor - Museu do Futebol","robots":{"index":"index","follow":"follow","max-snippet":"max-snippet:-1","max-image-preview":"max-image-preview:large","max-video-preview":"max-video-preview:-1"},"canonical":"https:\/\/museudofutebol.org.br\/teste\/um-ilustre-torcedor\/","og_locale":"pt_BR","og_type":"article","og_title":"Um ilustre torcedor - Museu do Futebol","og_description":"[vc_row][vc_column][vc_single_image image=&#8221;6874&#8243; img_size=&#8221;full&#8221;][vc_column_text]Por Matheus Dias A rua est\u00e1 mais vazia que de costume, mas dessa vez ele sabe porqu\u00ea. Deve estar quase na hora. H\u00e1 que [\u2026]","og_url":"https:\/\/museudofutebol.org.br\/teste\/um-ilustre-torcedor\/","og_site_name":"Museu do Futebol","article_publisher":"https:\/\/www.facebook.com\/museudofutebol","article_modified_time":"2022-08-15T15:10:22+00:00","og_image":[{"width":481,"height":331,"url":"https:\/\/museudofutebol.org.br\/teste\/wp-content\/uploads\/2022\/08\/Matheus_Rafare_Dias.png","type":"image\/png"}],"twitter_card":"summary_large_image","twitter_site":"@museudofutebol","twitter_misc":{"Est. tempo de leitura":"3 minutos"},"schema":{"@context":"https:\/\/schema.org","@graph":[{"@type":"WebPage","@id":"https:\/\/museudofutebol.org.br\/teste\/um-ilustre-torcedor\/","url":"https:\/\/museudofutebol.org.br\/teste\/um-ilustre-torcedor\/","name":"Um ilustre torcedor - Museu do Futebol","isPartOf":{"@id":"https:\/\/museudofutebol.org.br\/teste\/#website"},"datePublished":"2022-08-12T21:51:55+00:00","dateModified":"2022-08-15T15:10:22+00:00","breadcrumb":{"@id":"https:\/\/museudofutebol.org.br\/teste\/um-ilustre-torcedor\/#breadcrumb"},"inLanguage":"pt-BR","potentialAction":[{"@type":"ReadAction","target":["https:\/\/museudofutebol.org.br\/teste\/um-ilustre-torcedor\/"]}]},{"@type":"BreadcrumbList","@id":"https:\/\/museudofutebol.org.br\/teste\/um-ilustre-torcedor\/#breadcrumb","itemListElement":[{"@type":"ListItem","position":1,"name":"In\u00edcio","item":"https:\/\/museudofutebol.org.br\/teste\/"},{"@type":"ListItem","position":2,"name":"Um ilustre torcedor"}]},{"@type":"WebSite","@id":"https:\/\/museudofutebol.org.br\/teste\/#website","url":"https:\/\/museudofutebol.org.br\/teste\/","name":"Museu do Futebol","description":"","potentialAction":[{"@type":"SearchAction","target":{"@type":"EntryPoint","urlTemplate":"https:\/\/museudofutebol.org.br\/teste\/?s={search_term_string}"},"query-input":"required name=search_term_string"}],"inLanguage":"pt-BR"}]}},"_links":{"self":[{"href":"https:\/\/museudofutebol.org.br\/teste\/wp-json\/wp\/v2\/pages\/6866"}],"collection":[{"href":"https:\/\/museudofutebol.org.br\/teste\/wp-json\/wp\/v2\/pages"}],"about":[{"href":"https:\/\/museudofutebol.org.br\/teste\/wp-json\/wp\/v2\/types\/page"}],"author":[{"embeddable":true,"href":"https:\/\/museudofutebol.org.br\/teste\/wp-json\/wp\/v2\/users\/13"}],"replies":[{"embeddable":true,"href":"https:\/\/museudofutebol.org.br\/teste\/wp-json\/wp\/v2\/comments?post=6866"}],"version-history":[{"count":3,"href":"https:\/\/museudofutebol.org.br\/teste\/wp-json\/wp\/v2\/pages\/6866\/revisions"}],"predecessor-version":[{"id":6876,"href":"https:\/\/museudofutebol.org.br\/teste\/wp-json\/wp\/v2\/pages\/6866\/revisions\/6876"}],"wp:featuredmedia":[{"embeddable":true,"href":"https:\/\/museudofutebol.org.br\/teste\/wp-json\/wp\/v2\/media\/6874"}],"wp:attachment":[{"href":"https:\/\/museudofutebol.org.br\/teste\/wp-json\/wp\/v2\/media?parent=6866"}],"curies":[{"name":"wp","href":"https:\/\/api.w.org\/{rel}","templated":true}]}}