{"id":707,"date":"2020-07-16T15:33:34","date_gmt":"2020-07-16T18:33:34","guid":{"rendered":"https:\/\/museudofutebol.org.br\/teste\/?page_id=707"},"modified":"2020-09-18T17:39:11","modified_gmt":"2020-09-18T20:39:11","slug":"projeto-deficiente-residente","status":"publish","type":"page","link":"https:\/\/museudofutebol.org.br\/teste\/acessibilidade\/projeto-deficiente-residente\/","title":{"rendered":"Projeto Deficiente Residente"},"content":{"rendered":"<div class=\"wpb-content-wrapper\"><p>[vc_row][vc_column width=&#8221;2\/3&#8243;][vc_column_text]O Projeto Deficiente Residente tem o objetivo de qualificar o atendimento \u00e0s pessoas com defici\u00eancia que visitam o Museu do Futebol.<\/p>\n<p>Periodicamente, chamamos pessoas com defici\u00eancia para trabalhar conosco, convivendo com a equipe para quebrar as barreiras de atitude e comunica\u00e7\u00e3o que acabam sendo obst\u00e1culos \u00e0 verdadeira inclus\u00e3o.<\/p>\n<p>Nossos residentes nos ajudam a aprimorar os recursos de acessibilidade disponibilizados pelo Museu, a desenvolver jogos educativos inclusivos, e a e a promover pequenos ajustes no espa\u00e7o expositivo para que as visitas sejam realmente acess\u00edveis para todos.<\/p>\n<p>O projeto teve in\u00edcio em 2010 e \u00e9 refer\u00eancia nacional em acessibilidade para Museus. Em 2019, pela primeira vez tivemos um residente atleta: Alex Firmino, jogador de Futebol de Amputados.<\/p>\n<p>A cada resid\u00eancia, desenvolvemos junto com o participante um produto educativo baseado na experi\u00eancia.[\/vc_column_text][vc_single_image image=&#8221;1040&#8243; img_size=&#8221;full&#8221;][vc_custom_heading text=&#8221;Nossos residentes&#8221; font_container=&#8221;tag:h3|text_align:left&#8221; use_theme_fonts=&#8221;yes&#8221;][vc_column_text]<strong>2010<\/strong> Defici\u00eancia Visual I Residentes: Jos\u00e9 Vicente de Paula e Paulo Pitombo<\/p>\n<p><strong>2011<\/strong>\u00a0 \u00a0Defici\u00eancia Intelectual I Residentes: Andr\u00e9 Pinheiro e Mario Paulo Greggio<\/p>\n<p><strong>2012<\/strong>\u00a0 \u00a0Defici\u00eancia Auditiva I Residentes: Edvaldo Santos e Luana Milani<\/p>\n<p><strong>2013<\/strong>\u00a0 \u00a0Defici\u00eancia F\u00edsica I Residentes: Fernanda Bucci e Rafael Hentschel<\/p>\n<p><strong>2014<\/strong>\u00a0 \u00a0Sa\u00fade Mental I Residentes: Luis Felipe Lima<\/p>\n<p><strong>2015<\/strong>\u00a0 \u00a0Todos os residentes das edi\u00e7\u00f5es passadas voltaram ao programa neste ano.<\/p>\n<p><strong>2017<\/strong>\u00a0 \u00a0Defici\u00eancia Intelectual (S\u00edndrome de Down) I Residente: Estela Pereira de Almeida<\/p>\n<p><strong>2018<\/strong>\u00a0 \u00a0Defici\u00eancia Auditiva I Residente: Fernando Emerson de Araujo Costa<\/p>\n<p><strong>2019<\/strong>\u00a0 \u00a0Amputa\u00e7\u00e3o | Residente: Alex Firmino dos Santos[\/vc_column_text][vc_custom_heading text=&#8221;Produtos desenvolvidos&#8221; font_container=&#8221;tag:h3|text_align:left&#8221; use_theme_fonts=&#8221;yes&#8221;][vc_custom_heading text=&#8221;Cartilhas Museu do Futebol para Todos&#8221; font_container=&#8221;tag:h4|text_align:left&#8221; use_theme_fonts=&#8221;yes&#8221;][vc_column_text]<a href=\"https:\/\/educar.museudofutebol.org.br\/teste\/2020\/08\/06\/museu-do-futebol-para-todos-vol-1\/\"><img decoding=\"async\" loading=\"lazy\" class=\"alignnone wp-image-833\" src=\"https:\/\/museudofutebol.org.br\/teste\/wp-content\/uploads\/2020\/09\/Museu-do-Futebol-para-Todos-1-204x300.png\" alt=\"\" width=\"150\" height=\"220\" srcset=\"https:\/\/museudofutebol.org.br\/teste\/wp-content\/uploads\/2020\/09\/Museu-do-Futebol-para-Todos-1-204x300.png 204w, https:\/\/museudofutebol.org.br\/teste\/wp-content\/uploads\/2020\/09\/Museu-do-Futebol-para-Todos-1-99x146.png 99w, https:\/\/museudofutebol.org.br\/teste\/wp-content\/uploads\/2020\/09\/Museu-do-Futebol-para-Todos-1-34x50.png 34w, https:\/\/museudofutebol.org.br\/teste\/wp-content\/uploads\/2020\/09\/Museu-do-Futebol-para-Todos-1-51x75.png 51w, https:\/\/museudofutebol.org.br\/teste\/wp-content\/uploads\/2020\/09\/Museu-do-Futebol-para-Todos-1.png 522w\" sizes=\"(max-width:767px) 150px, 150px\" \/><\/a>\u00a0 \u00a0 \u00a0 \u00a0 \u00a0 \u00a0<a href=\"https:\/\/educar.museudofutebol.org.br\/teste\/2020\/09\/09\/museu-do-futebol-para-todos-vol-2\/\"><img decoding=\"async\" loading=\"lazy\" class=\"alignnone wp-image-843\" src=\"https:\/\/museudofutebol.org.br\/teste\/wp-content\/uploads\/2020\/09\/Capa_Volume-2-300x300.png\" alt=\"\" width=\"150\" height=\"150\" srcset=\"https:\/\/museudofutebol.org.br\/teste\/wp-content\/uploads\/2020\/09\/Capa_Volume-2-300x300.png 300w, https:\/\/museudofutebol.org.br\/teste\/wp-content\/uploads\/2020\/09\/Capa_Volume-2-1024x1024.png 1024w, https:\/\/museudofutebol.org.br\/teste\/wp-content\/uploads\/2020\/09\/Capa_Volume-2-150x150.png 150w, https:\/\/museudofutebol.org.br\/teste\/wp-content\/uploads\/2020\/09\/Capa_Volume-2-768x768.png 768w, https:\/\/museudofutebol.org.br\/teste\/wp-content\/uploads\/2020\/09\/Capa_Volume-2-1536x1536.png 1536w, https:\/\/museudofutebol.org.br\/teste\/wp-content\/uploads\/2020\/09\/Capa_Volume-2-146x146.png 146w, https:\/\/museudofutebol.org.br\/teste\/wp-content\/uploads\/2020\/09\/Capa_Volume-2-50x50.png 50w, https:\/\/museudofutebol.org.br\/teste\/wp-content\/uploads\/2020\/09\/Capa_Volume-2-75x75.png 75w, https:\/\/museudofutebol.org.br\/teste\/wp-content\/uploads\/2020\/09\/Capa_Volume-2-85x85.png 85w, https:\/\/museudofutebol.org.br\/teste\/wp-content\/uploads\/2020\/09\/Capa_Volume-2-80x80.png 80w, https:\/\/museudofutebol.org.br\/teste\/wp-content\/uploads\/2020\/09\/Capa_Volume-2.png 1908w\" sizes=\"(max-width:767px) 150px, 150px\" \/><\/a> \u00a0 \u00a0 \u00a0 \u00a0 \u00a0<a href=\"https:\/\/educar.museudofutebol.org.br\/teste\/2020\/08\/28\/734\/\"><img decoding=\"async\" loading=\"lazy\" class=\"alignnone wp-image-834\" src=\"https:\/\/museudofutebol.org.br\/teste\/wp-content\/uploads\/2020\/09\/Museu-do-Futebol-para-Todos-3-211x300.png\" alt=\"\" width=\"150\" height=\"213\" srcset=\"https:\/\/museudofutebol.org.br\/teste\/wp-content\/uploads\/2020\/09\/Museu-do-Futebol-para-Todos-3-211x300.png 211w, https:\/\/museudofutebol.org.br\/teste\/wp-content\/uploads\/2020\/09\/Museu-do-Futebol-para-Todos-3-103x146.png 103w, https:\/\/museudofutebol.org.br\/teste\/wp-content\/uploads\/2020\/09\/Museu-do-Futebol-para-Todos-3-35x50.png 35w, https:\/\/museudofutebol.org.br\/teste\/wp-content\/uploads\/2020\/09\/Museu-do-Futebol-para-Todos-3-53x75.png 53w, https:\/\/museudofutebol.org.br\/teste\/wp-content\/uploads\/2020\/09\/Museu-do-Futebol-para-Todos-3.png 393w\" sizes=\"(max-width:767px) 150px, 150px\" \/><\/a>[\/vc_column_text][vc_custom_heading text=&#8221;Document\u00e1rio sobre o Projeto Deficiente Residente (2016)&#8221; font_container=&#8221;tag:h4|text_align:left&#8221; use_theme_fonts=&#8221;yes&#8221;][vc_video link=&#8221;https:\/\/www.youtube.com\/watch?v=Lk9B-q3S-B4&#8243;][vc_custom_heading text=&#8221;Muito Al\u00e9m do Futebol \u2013 um guia em Libras&#8221; font_container=&#8221;tag:h4|text_align:left&#8221; use_theme_fonts=&#8221;yes&#8221;][vc_video link=&#8221;https:\/\/www.youtube.com\/watch?v=3xPyvxebJFE&amp;t=119s&#8221;][vc_custom_heading text=&#8221;Galeria de imagens&#8221; font_container=&#8221;tag:h4|text_align:left&#8221; use_theme_fonts=&#8221;yes&#8221;][vc_column_text]<\/p>\n\n\t\t\t<style type='text\/css'>\n\t\t\t\t#sc_gallery-1 {\n\t\t\t\t\tmargin: auto;\n\t\t\t\t}\n\t\t\t\t#sc_gallery-1 .gallery-item {\n\t\t\t\t\tfloat: left;\n\t\t\t\t\ttext-align: center;\n\t\t\t\t\twidth: 19.99%;\n\t\t\t\t}\n\t\t\t\t#sc_gallery-1 img {\n\t\t\t\t\tborder: 2px solid #cfcfcf;\n\t\t\t\t}\n\t\t\t\t\/* see sc_gallery() in functions\/theme-shortcodes.php *\/\n\t\t\t<\/style>\n\t\t<div id='sc_gallery-1' class='gallery galleryid-707 gallery-columns-5 gallery-size-thumbnail file gallery-default'><dl class='gallery-item'  data-title='DR' data-description=''><div class='gallery-item-wrapper'>\n\t\t\t\t<dt class='gallery-icon landscape'>\n\t\t\t\t\t<a href='https:\/\/museudofutebol.org.br\/teste\/wp-content\/uploads\/2020\/09\/DR.jpg'><img width=\"150\" height=\"150\" src=\"https:\/\/museudofutebol.org.br\/teste\/wp-content\/uploads\/2020\/09\/DR-150x150.jpg\" class=\"attachment-thumbnail size-thumbnail\" alt=\"Pessoas sentadas no ch\u00e3o em uma sala colorida do Museu do Futebol. Est\u00e3o montando um grande quebra cabe\u00e7as\" decoding=\"async\" loading=\"lazy\" srcset=\"https:\/\/museudofutebol.org.br\/teste\/wp-content\/uploads\/2020\/09\/DR-150x150.jpg 150w, https:\/\/museudofutebol.org.br\/teste\/wp-content\/uploads\/2020\/09\/DR-85x85.jpg 85w, https:\/\/museudofutebol.org.br\/teste\/wp-content\/uploads\/2020\/09\/DR-80x80.jpg 80w\" sizes=\"(max-width:767px) 150px, 150px\" \/><\/a>\n\t\t\t\t<\/dt><\/div><\/dl><dl class='gallery-item'  data-title='projeto-deficiente-residente-85' data-description=''><div class='gallery-item-wrapper'>\n\t\t\t\t<dt class='gallery-icon landscape'>\n\t\t\t\t\t<a href='https:\/\/museudofutebol.org.br\/teste\/wp-content\/uploads\/2020\/09\/projeto-deficiente-residente-85.jpg'><img width=\"150\" height=\"150\" src=\"https:\/\/museudofutebol.org.br\/teste\/wp-content\/uploads\/2020\/09\/projeto-deficiente-residente-85-150x150.jpg\" class=\"attachment-thumbnail size-thumbnail\" alt=\"Funcion\u00e1rio do Educativo do Museu auxiliando uma mulher com cadeira de rodas a entrar no elevador enquanto outro rapaz tamb\u00e9m de cadeira de rodas, segura a porta do elevador\" decoding=\"async\" loading=\"lazy\" srcset=\"https:\/\/museudofutebol.org.br\/teste\/wp-content\/uploads\/2020\/09\/projeto-deficiente-residente-85-150x150.jpg 150w, https:\/\/museudofutebol.org.br\/teste\/wp-content\/uploads\/2020\/09\/projeto-deficiente-residente-85-85x85.jpg 85w, https:\/\/museudofutebol.org.br\/teste\/wp-content\/uploads\/2020\/09\/projeto-deficiente-residente-85-80x80.jpg 80w\" sizes=\"(max-width:767px) 150px, 150px\" \/><\/a>\n\t\t\t\t<\/dt><\/div><\/dl><dl class='gallery-item'  data-title='projeto-deficiente-residente-89' data-description=''><div class='gallery-item-wrapper'>\n\t\t\t\t<dt class='gallery-icon portrait'>\n\t\t\t\t\t<a href='https:\/\/museudofutebol.org.br\/teste\/wp-content\/uploads\/2020\/09\/projeto-deficiente-residente-89.jpg'><img width=\"150\" height=\"150\" src=\"https:\/\/museudofutebol.org.br\/teste\/wp-content\/uploads\/2020\/09\/projeto-deficiente-residente-89-150x150.jpg\" class=\"attachment-thumbnail size-thumbnail\" alt=\"Tr\u00eas pessoas na foto. Um educador auxiliando um outro rapaz a tocar na maquete do est\u00e1dio do Pacaembu com crian\u00e7as no fundo.\" decoding=\"async\" loading=\"lazy\" srcset=\"https:\/\/museudofutebol.org.br\/teste\/wp-content\/uploads\/2020\/09\/projeto-deficiente-residente-89-150x150.jpg 150w, https:\/\/museudofutebol.org.br\/teste\/wp-content\/uploads\/2020\/09\/projeto-deficiente-residente-89-85x85.jpg 85w, https:\/\/museudofutebol.org.br\/teste\/wp-content\/uploads\/2020\/09\/projeto-deficiente-residente-89-80x80.jpg 80w\" sizes=\"(max-width:767px) 150px, 150px\" \/><\/a>\n\t\t\t\t<\/dt><\/div><\/dl><dl class='gallery-item'  data-title='projeto-deficiente-residente-91' data-description=''><div class='gallery-item-wrapper'>\n\t\t\t\t<dt class='gallery-icon landscape'>\n\t\t\t\t\t<a href='https:\/\/museudofutebol.org.br\/teste\/wp-content\/uploads\/2020\/09\/projeto-deficiente-residente-91.jpg'><img width=\"150\" height=\"150\" src=\"https:\/\/museudofutebol.org.br\/teste\/wp-content\/uploads\/2020\/09\/projeto-deficiente-residente-91-150x150.jpg\" class=\"attachment-thumbnail size-thumbnail\" alt=\"CriCrian\u00e7as sentadas em c\u00edrculo ouvindo atentamente uma mulher falando.\" decoding=\"async\" loading=\"lazy\" srcset=\"https:\/\/museudofutebol.org.br\/teste\/wp-content\/uploads\/2020\/09\/projeto-deficiente-residente-91-150x150.jpg 150w, https:\/\/museudofutebol.org.br\/teste\/wp-content\/uploads\/2020\/09\/projeto-deficiente-residente-91-85x85.jpg 85w, https:\/\/museudofutebol.org.br\/teste\/wp-content\/uploads\/2020\/09\/projeto-deficiente-residente-91-80x80.jpg 80w\" sizes=\"(max-width:767px) 150px, 150px\" \/><\/a>\n\t\t\t\t<\/dt><\/div><\/dl><dl class='gallery-item'  data-title='projeto-deficiente-residente-92' data-description=''><div class='gallery-item-wrapper'>\n\t\t\t\t<dt class='gallery-icon landscape'>\n\t\t\t\t\t<a href='https:\/\/museudofutebol.org.br\/teste\/wp-content\/uploads\/2020\/09\/projeto-deficiente-residente-92.jpg'><img width=\"150\" height=\"150\" src=\"https:\/\/museudofutebol.org.br\/teste\/wp-content\/uploads\/2020\/09\/projeto-deficiente-residente-92-150x150.jpg\" class=\"attachment-thumbnail size-thumbnail\" alt=\"Tr\u00eas pessoas sentadas no ch\u00e3o, uma delas mostra uma planta do est\u00e1dio do Pacaembu enquanto um homem e uma mulher ouvem atentamente.\" decoding=\"async\" loading=\"lazy\" srcset=\"https:\/\/museudofutebol.org.br\/teste\/wp-content\/uploads\/2020\/09\/projeto-deficiente-residente-92-150x150.jpg 150w, https:\/\/museudofutebol.org.br\/teste\/wp-content\/uploads\/2020\/09\/projeto-deficiente-residente-92-85x85.jpg 85w, https:\/\/museudofutebol.org.br\/teste\/wp-content\/uploads\/2020\/09\/projeto-deficiente-residente-92-80x80.jpg 80w\" sizes=\"(max-width:767px) 150px, 150px\" \/><\/a>\n\t\t\t\t<\/dt><\/div><\/dl><br style=\"clear: both\" \/>\n\t\t\t<\/div>\n\n<p>[\/vc_column_text][\/vc_column][vc_column width=&#8221;1\/3&#8243;][vc_wp_custommenu nav_menu=&#8221;18&#8243;][\/vc_column][\/vc_row]<\/p>\n<\/div>","protected":false},"excerpt":{"rendered":"<p>[vc_row][vc_column width=&#8221;2\/3&#8243;][vc_column_text]O Projeto Deficiente Residente tem o objetivo de qualificar o atendimento \u00e0s pessoas com defici\u00eancia que visitam o Museu do Futebol. Periodicamente, chamamos pessoas com<span class=\"excerpt-hellip\"> [\u2026]<\/span><\/p>\n","protected":false},"author":2,"featured_media":0,"parent":696,"menu_order":0,"comment_status":"closed","ping_status":"closed","template":"","meta":[],"acf":[],"yoast_head":"<!-- This site is optimized with the Yoast SEO plugin v20.8 - https:\/\/yoast.com\/wordpress\/plugins\/seo\/ -->\n<title>Projeto Deficiente Residente - Museu do Futebol<\/title>\n<meta name=\"robots\" content=\"index, follow, max-snippet:-1, max-image-preview:large, max-video-preview:-1\" \/>\n<link rel=\"canonical\" href=\"https:\/\/museudofutebol.org.br\/teste\/acessibilidade\/projeto-deficiente-residente\/\" \/>\n<meta property=\"og:locale\" content=\"pt_BR\" \/>\n<meta property=\"og:type\" content=\"article\" \/>\n<meta property=\"og:title\" content=\"Projeto Deficiente Residente - Museu do Futebol\" \/>\n<meta property=\"og:description\" content=\"[vc_row][vc_column width=&#8221;2\/3&#8243;][vc_column_text]O Projeto Deficiente Residente tem o objetivo de qualificar o atendimento \u00e0s pessoas com defici\u00eancia que visitam o Museu do Futebol. Periodicamente, chamamos pessoas com [\u2026]\" \/>\n<meta property=\"og:url\" content=\"https:\/\/museudofutebol.org.br\/teste\/acessibilidade\/projeto-deficiente-residente\/\" \/>\n<meta property=\"og:site_name\" content=\"Museu do Futebol\" \/>\n<meta property=\"article:publisher\" content=\"https:\/\/www.facebook.com\/museudofutebol\" \/>\n<meta property=\"article:modified_time\" content=\"2020-09-18T20:39:11+00:00\" \/>\n<meta property=\"og:image\" content=\"https:\/\/museudofutebol.org.br\/teste\/wp-content\/uploads\/2020\/09\/Museu-do-Futebol-para-Todos-1-204x300.png\" \/>\n<meta name=\"twitter:card\" content=\"summary_large_image\" \/>\n<meta name=\"twitter:site\" content=\"@museudofutebol\" \/>\n<meta name=\"twitter:label1\" content=\"Est. tempo de leitura\" \/>\n\t<meta name=\"twitter:data1\" content=\"2 minutos\" \/>\n<script type=\"application\/ld+json\" class=\"yoast-schema-graph\">{\"@context\":\"https:\/\/schema.org\",\"@graph\":[{\"@type\":\"WebPage\",\"@id\":\"https:\/\/museudofutebol.org.br\/teste\/acessibilidade\/projeto-deficiente-residente\/\",\"url\":\"https:\/\/museudofutebol.org.br\/teste\/acessibilidade\/projeto-deficiente-residente\/\",\"name\":\"Projeto Deficiente Residente - Museu do Futebol\",\"isPartOf\":{\"@id\":\"https:\/\/museudofutebol.org.br\/teste\/#website\"},\"datePublished\":\"2020-07-16T18:33:34+00:00\",\"dateModified\":\"2020-09-18T20:39:11+00:00\",\"breadcrumb\":{\"@id\":\"https:\/\/museudofutebol.org.br\/teste\/acessibilidade\/projeto-deficiente-residente\/#breadcrumb\"},\"inLanguage\":\"pt-BR\",\"potentialAction\":[{\"@type\":\"ReadAction\",\"target\":[\"https:\/\/museudofutebol.org.br\/teste\/acessibilidade\/projeto-deficiente-residente\/\"]}]},{\"@type\":\"BreadcrumbList\",\"@id\":\"https:\/\/museudofutebol.org.br\/teste\/acessibilidade\/projeto-deficiente-residente\/#breadcrumb\",\"itemListElement\":[{\"@type\":\"ListItem\",\"position\":1,\"name\":\"In\u00edcio\",\"item\":\"https:\/\/museudofutebol.org.br\/teste\/\"},{\"@type\":\"ListItem\",\"position\":2,\"name\":\"Acessibilidade\",\"item\":\"https:\/\/museudofutebol.org.br\/teste\/acessibilidade\/\"},{\"@type\":\"ListItem\",\"position\":3,\"name\":\"Projeto Deficiente Residente\"}]},{\"@type\":\"WebSite\",\"@id\":\"https:\/\/museudofutebol.org.br\/teste\/#website\",\"url\":\"https:\/\/museudofutebol.org.br\/teste\/\",\"name\":\"Museu do Futebol\",\"description\":\"\",\"potentialAction\":[{\"@type\":\"SearchAction\",\"target\":{\"@type\":\"EntryPoint\",\"urlTemplate\":\"https:\/\/museudofutebol.org.br\/teste\/?s={search_term_string}\"},\"query-input\":\"required name=search_term_string\"}],\"inLanguage\":\"pt-BR\"}]}<\/script>\n<!-- \/ Yoast SEO plugin. -->","yoast_head_json":{"title":"Projeto Deficiente Residente - Museu do Futebol","robots":{"index":"index","follow":"follow","max-snippet":"max-snippet:-1","max-image-preview":"max-image-preview:large","max-video-preview":"max-video-preview:-1"},"canonical":"https:\/\/museudofutebol.org.br\/teste\/acessibilidade\/projeto-deficiente-residente\/","og_locale":"pt_BR","og_type":"article","og_title":"Projeto Deficiente Residente - Museu do Futebol","og_description":"[vc_row][vc_column width=&#8221;2\/3&#8243;][vc_column_text]O Projeto Deficiente Residente tem o objetivo de qualificar o atendimento \u00e0s pessoas com defici\u00eancia que visitam o Museu do Futebol. Periodicamente, chamamos pessoas com [\u2026]","og_url":"https:\/\/museudofutebol.org.br\/teste\/acessibilidade\/projeto-deficiente-residente\/","og_site_name":"Museu do Futebol","article_publisher":"https:\/\/www.facebook.com\/museudofutebol","article_modified_time":"2020-09-18T20:39:11+00:00","og_image":[{"url":"https:\/\/museudofutebol.org.br\/teste\/wp-content\/uploads\/2020\/09\/Museu-do-Futebol-para-Todos-1-204x300.png"}],"twitter_card":"summary_large_image","twitter_site":"@museudofutebol","twitter_misc":{"Est. tempo de leitura":"2 minutos"},"schema":{"@context":"https:\/\/schema.org","@graph":[{"@type":"WebPage","@id":"https:\/\/museudofutebol.org.br\/teste\/acessibilidade\/projeto-deficiente-residente\/","url":"https:\/\/museudofutebol.org.br\/teste\/acessibilidade\/projeto-deficiente-residente\/","name":"Projeto Deficiente Residente - Museu do Futebol","isPartOf":{"@id":"https:\/\/museudofutebol.org.br\/teste\/#website"},"datePublished":"2020-07-16T18:33:34+00:00","dateModified":"2020-09-18T20:39:11+00:00","breadcrumb":{"@id":"https:\/\/museudofutebol.org.br\/teste\/acessibilidade\/projeto-deficiente-residente\/#breadcrumb"},"inLanguage":"pt-BR","potentialAction":[{"@type":"ReadAction","target":["https:\/\/museudofutebol.org.br\/teste\/acessibilidade\/projeto-deficiente-residente\/"]}]},{"@type":"BreadcrumbList","@id":"https:\/\/museudofutebol.org.br\/teste\/acessibilidade\/projeto-deficiente-residente\/#breadcrumb","itemListElement":[{"@type":"ListItem","position":1,"name":"In\u00edcio","item":"https:\/\/museudofutebol.org.br\/teste\/"},{"@type":"ListItem","position":2,"name":"Acessibilidade","item":"https:\/\/museudofutebol.org.br\/teste\/acessibilidade\/"},{"@type":"ListItem","position":3,"name":"Projeto Deficiente Residente"}]},{"@type":"WebSite","@id":"https:\/\/museudofutebol.org.br\/teste\/#website","url":"https:\/\/museudofutebol.org.br\/teste\/","name":"Museu do Futebol","description":"","potentialAction":[{"@type":"SearchAction","target":{"@type":"EntryPoint","urlTemplate":"https:\/\/museudofutebol.org.br\/teste\/?s={search_term_string}"},"query-input":"required name=search_term_string"}],"inLanguage":"pt-BR"}]}},"_links":{"self":[{"href":"https:\/\/museudofutebol.org.br\/teste\/wp-json\/wp\/v2\/pages\/707"}],"collection":[{"href":"https:\/\/museudofutebol.org.br\/teste\/wp-json\/wp\/v2\/pages"}],"about":[{"href":"https:\/\/museudofutebol.org.br\/teste\/wp-json\/wp\/v2\/types\/page"}],"author":[{"embeddable":true,"href":"https:\/\/museudofutebol.org.br\/teste\/wp-json\/wp\/v2\/users\/2"}],"replies":[{"embeddable":true,"href":"https:\/\/museudofutebol.org.br\/teste\/wp-json\/wp\/v2\/comments?post=707"}],"version-history":[{"count":16,"href":"https:\/\/museudofutebol.org.br\/teste\/wp-json\/wp\/v2\/pages\/707\/revisions"}],"predecessor-version":[{"id":1139,"href":"https:\/\/museudofutebol.org.br\/teste\/wp-json\/wp\/v2\/pages\/707\/revisions\/1139"}],"up":[{"embeddable":true,"href":"https:\/\/museudofutebol.org.br\/teste\/wp-json\/wp\/v2\/pages\/696"}],"wp:attachment":[{"href":"https:\/\/museudofutebol.org.br\/teste\/wp-json\/wp\/v2\/media?parent=707"}],"curies":[{"name":"wp","href":"https:\/\/api.w.org\/{rel}","templated":true}]}}