{"id":71,"date":"2020-03-24T02:29:19","date_gmt":"2020-03-24T05:29:19","guid":{"rendered":"https:\/\/museudofutebol.org.br\/teste\/?page_id=71"},"modified":"2022-10-24T12:46:05","modified_gmt":"2022-10-24T15:46:05","slug":"cafe-e-loja","status":"publish","type":"page","link":"https:\/\/museudofutebol.org.br\/teste\/cafe-e-loja\/","title":{"rendered":"Loja e Caf\u00e9"},"content":{"rendered":"<div class=\"wpb-content-wrapper\"><p>[vc_row][vc_column][vc_column_text]<\/p>\n<h4><strong>BUBU Restaurante<\/strong><\/h4>\n<p>Op\u00e7\u00f5es para caf\u00e9s e refei\u00e7\u00f5es em ambiente agrad\u00e1vel com decora\u00e7\u00e3o moderna e aconchegante, localizado em um dos cart\u00f5es postais da cidade. BUBU celebra os pratos que, mesmo atravessando gera\u00e7\u00f5es copiados \u00e0 m\u00e3o nos cadernos de receitas, d\u00e3o sempre um jeito de sair renovados da cozinha.<\/p>\n<p>Ter\u00e7a e quarta, das 12h \u00e0s 19h.<br \/>\nQuinta e sexta, das 11h \u00e0s 19h.<br \/>\nS\u00e1bado e domingo, das 10h \u00e0s 19h.<\/p>\n<p>+55 11 3539.8345\u00a0 |\u00a0 contato@buburestaurante.com.br<\/p>\n<p>&nbsp;<\/p>\n<h4><strong>Loja Futebol Superstore<\/strong><\/h4>\n<p><img decoding=\"async\" loading=\"lazy\" class=\"alignnone wp-image-1439 size-large\" src=\"https:\/\/museudofutebol.org.br\/teste\/wp-content\/uploads\/2020\/09\/20190221_135822417_iOS-1024x768.jpg\" alt=\"\" width=\"1024\" height=\"768\" srcset=\"https:\/\/museudofutebol.org.br\/teste\/wp-content\/uploads\/2020\/09\/20190221_135822417_iOS-1024x768.jpg 1024w, https:\/\/museudofutebol.org.br\/teste\/wp-content\/uploads\/2020\/09\/20190221_135822417_iOS-300x225.jpg 300w, https:\/\/museudofutebol.org.br\/teste\/wp-content\/uploads\/2020\/09\/20190221_135822417_iOS-768x576.jpg 768w, https:\/\/museudofutebol.org.br\/teste\/wp-content\/uploads\/2020\/09\/20190221_135822417_iOS-1536x1152.jpg 1536w, https:\/\/museudofutebol.org.br\/teste\/wp-content\/uploads\/2020\/09\/20190221_135822417_iOS-2048x1536.jpg 2048w, https:\/\/museudofutebol.org.br\/teste\/wp-content\/uploads\/2020\/09\/20190221_135822417_iOS-195x146.jpg 195w, https:\/\/museudofutebol.org.br\/teste\/wp-content\/uploads\/2020\/09\/20190221_135822417_iOS-50x38.jpg 50w, https:\/\/museudofutebol.org.br\/teste\/wp-content\/uploads\/2020\/09\/20190221_135822417_iOS-100x75.jpg 100w, https:\/\/museudofutebol.org.br\/teste\/wp-content\/uploads\/2020\/09\/20190221_135822417_iOS-960x720.jpg 960w\" sizes=\"(max-width:767px) 480px, (max-width:1024px) 100vw, 1024px\" \/><\/p>\n<p>Aproveite sua visita ao Museu do Futebol para conhecer os produtos da loja Futebol SuperStore. Aqui voc\u00ea encontra camisas de times brasileiros e internacionais, bolas, acess\u00f3rios e uma enorme variedade de produtos ligados ao futebol!<\/p>\n<p>Ter\u00e7a a quinta, das 10h \u00e0s 18h<br \/>\nSexta e s\u00e1bado, das 9h \u00e0s 18h<br \/>\nDomingo, das 10h \u00e0s 18h<\/p>\n<p>+55 11 3667.3598[\/vc_column_text][\/vc_column][\/vc_row]<\/p>\n<\/div>","protected":false},"excerpt":{"rendered":"<p>[vc_row][vc_column][vc_column_text] BUBU Restaurante Op\u00e7\u00f5es para caf\u00e9s e refei\u00e7\u00f5es em ambiente agrad\u00e1vel com decora\u00e7\u00e3o moderna e aconchegante, localizado em um dos cart\u00f5es postais da cidade. BUBU celebra<span class=\"excerpt-hellip\"> [\u2026]<\/span><\/p>\n","protected":false},"author":2,"featured_media":0,"parent":0,"menu_order":0,"comment_status":"closed","ping_status":"closed","template":"","meta":[],"acf":[],"yoast_head":"<!-- This site is optimized with the Yoast SEO plugin v20.8 - https:\/\/yoast.com\/wordpress\/plugins\/seo\/ -->\n<title>Loja e Caf\u00e9 - Museu do Futebol<\/title>\n<meta name=\"robots\" content=\"index, follow, max-snippet:-1, max-image-preview:large, max-video-preview:-1\" \/>\n<link rel=\"canonical\" href=\"https:\/\/museudofutebol.org.br\/teste\/cafe-e-loja\/\" \/>\n<meta property=\"og:locale\" content=\"pt_BR\" \/>\n<meta property=\"og:type\" content=\"article\" \/>\n<meta property=\"og:title\" content=\"Loja e Caf\u00e9 - Museu do Futebol\" \/>\n<meta property=\"og:description\" content=\"[vc_row][vc_column][vc_column_text] BUBU Restaurante Op\u00e7\u00f5es para caf\u00e9s e refei\u00e7\u00f5es em ambiente agrad\u00e1vel com decora\u00e7\u00e3o moderna e aconchegante, localizado em um dos cart\u00f5es postais da cidade. BUBU celebra [\u2026]\" \/>\n<meta property=\"og:url\" content=\"https:\/\/museudofutebol.org.br\/teste\/cafe-e-loja\/\" \/>\n<meta property=\"og:site_name\" content=\"Museu do Futebol\" \/>\n<meta property=\"article:publisher\" content=\"https:\/\/www.facebook.com\/museudofutebol\" \/>\n<meta property=\"article:modified_time\" content=\"2022-10-24T15:46:05+00:00\" \/>\n<meta property=\"og:image\" content=\"https:\/\/museudofutebol.org.br\/teste\/wp-content\/uploads\/2020\/09\/20190221_135822417_iOS-1024x768.jpg\" \/>\n<meta name=\"twitter:card\" content=\"summary_large_image\" \/>\n<meta name=\"twitter:site\" content=\"@museudofutebol\" \/>\n<meta name=\"twitter:label1\" content=\"Est. tempo de leitura\" \/>\n\t<meta name=\"twitter:data1\" content=\"1 minuto\" \/>\n<script type=\"application\/ld+json\" class=\"yoast-schema-graph\">{\"@context\":\"https:\/\/schema.org\",\"@graph\":[{\"@type\":\"WebPage\",\"@id\":\"https:\/\/museudofutebol.org.br\/teste\/cafe-e-loja\/\",\"url\":\"https:\/\/museudofutebol.org.br\/teste\/cafe-e-loja\/\",\"name\":\"Loja e Caf\u00e9 - Museu do Futebol\",\"isPartOf\":{\"@id\":\"https:\/\/museudofutebol.org.br\/teste\/#website\"},\"datePublished\":\"2020-03-24T05:29:19+00:00\",\"dateModified\":\"2022-10-24T15:46:05+00:00\",\"breadcrumb\":{\"@id\":\"https:\/\/museudofutebol.org.br\/teste\/cafe-e-loja\/#breadcrumb\"},\"inLanguage\":\"pt-BR\",\"potentialAction\":[{\"@type\":\"ReadAction\",\"target\":[\"https:\/\/museudofutebol.org.br\/teste\/cafe-e-loja\/\"]}]},{\"@type\":\"BreadcrumbList\",\"@id\":\"https:\/\/museudofutebol.org.br\/teste\/cafe-e-loja\/#breadcrumb\",\"itemListElement\":[{\"@type\":\"ListItem\",\"position\":1,\"name\":\"In\u00edcio\",\"item\":\"https:\/\/museudofutebol.org.br\/teste\/\"},{\"@type\":\"ListItem\",\"position\":2,\"name\":\"Loja e Caf\u00e9\"}]},{\"@type\":\"WebSite\",\"@id\":\"https:\/\/museudofutebol.org.br\/teste\/#website\",\"url\":\"https:\/\/museudofutebol.org.br\/teste\/\",\"name\":\"Museu do Futebol\",\"description\":\"\",\"potentialAction\":[{\"@type\":\"SearchAction\",\"target\":{\"@type\":\"EntryPoint\",\"urlTemplate\":\"https:\/\/museudofutebol.org.br\/teste\/?s={search_term_string}\"},\"query-input\":\"required name=search_term_string\"}],\"inLanguage\":\"pt-BR\"}]}<\/script>\n<!-- \/ Yoast SEO plugin. -->","yoast_head_json":{"title":"Loja e Caf\u00e9 - Museu do Futebol","robots":{"index":"index","follow":"follow","max-snippet":"max-snippet:-1","max-image-preview":"max-image-preview:large","max-video-preview":"max-video-preview:-1"},"canonical":"https:\/\/museudofutebol.org.br\/teste\/cafe-e-loja\/","og_locale":"pt_BR","og_type":"article","og_title":"Loja e Caf\u00e9 - Museu do Futebol","og_description":"[vc_row][vc_column][vc_column_text] BUBU Restaurante Op\u00e7\u00f5es para caf\u00e9s e refei\u00e7\u00f5es em ambiente agrad\u00e1vel com decora\u00e7\u00e3o moderna e aconchegante, localizado em um dos cart\u00f5es postais da cidade. BUBU celebra [\u2026]","og_url":"https:\/\/museudofutebol.org.br\/teste\/cafe-e-loja\/","og_site_name":"Museu do Futebol","article_publisher":"https:\/\/www.facebook.com\/museudofutebol","article_modified_time":"2022-10-24T15:46:05+00:00","og_image":[{"url":"https:\/\/museudofutebol.org.br\/teste\/wp-content\/uploads\/2020\/09\/20190221_135822417_iOS-1024x768.jpg"}],"twitter_card":"summary_large_image","twitter_site":"@museudofutebol","twitter_misc":{"Est. tempo de leitura":"1 minuto"},"schema":{"@context":"https:\/\/schema.org","@graph":[{"@type":"WebPage","@id":"https:\/\/museudofutebol.org.br\/teste\/cafe-e-loja\/","url":"https:\/\/museudofutebol.org.br\/teste\/cafe-e-loja\/","name":"Loja e Caf\u00e9 - Museu do Futebol","isPartOf":{"@id":"https:\/\/museudofutebol.org.br\/teste\/#website"},"datePublished":"2020-03-24T05:29:19+00:00","dateModified":"2022-10-24T15:46:05+00:00","breadcrumb":{"@id":"https:\/\/museudofutebol.org.br\/teste\/cafe-e-loja\/#breadcrumb"},"inLanguage":"pt-BR","potentialAction":[{"@type":"ReadAction","target":["https:\/\/museudofutebol.org.br\/teste\/cafe-e-loja\/"]}]},{"@type":"BreadcrumbList","@id":"https:\/\/museudofutebol.org.br\/teste\/cafe-e-loja\/#breadcrumb","itemListElement":[{"@type":"ListItem","position":1,"name":"In\u00edcio","item":"https:\/\/museudofutebol.org.br\/teste\/"},{"@type":"ListItem","position":2,"name":"Loja e Caf\u00e9"}]},{"@type":"WebSite","@id":"https:\/\/museudofutebol.org.br\/teste\/#website","url":"https:\/\/museudofutebol.org.br\/teste\/","name":"Museu do Futebol","description":"","potentialAction":[{"@type":"SearchAction","target":{"@type":"EntryPoint","urlTemplate":"https:\/\/museudofutebol.org.br\/teste\/?s={search_term_string}"},"query-input":"required name=search_term_string"}],"inLanguage":"pt-BR"}]}},"_links":{"self":[{"href":"https:\/\/museudofutebol.org.br\/teste\/wp-json\/wp\/v2\/pages\/71"}],"collection":[{"href":"https:\/\/museudofutebol.org.br\/teste\/wp-json\/wp\/v2\/pages"}],"about":[{"href":"https:\/\/museudofutebol.org.br\/teste\/wp-json\/wp\/v2\/types\/page"}],"author":[{"embeddable":true,"href":"https:\/\/museudofutebol.org.br\/teste\/wp-json\/wp\/v2\/users\/2"}],"replies":[{"embeddable":true,"href":"https:\/\/museudofutebol.org.br\/teste\/wp-json\/wp\/v2\/comments?post=71"}],"version-history":[{"count":12,"href":"https:\/\/museudofutebol.org.br\/teste\/wp-json\/wp\/v2\/pages\/71\/revisions"}],"predecessor-version":[{"id":7296,"href":"https:\/\/museudofutebol.org.br\/teste\/wp-json\/wp\/v2\/pages\/71\/revisions\/7296"}],"wp:attachment":[{"href":"https:\/\/museudofutebol.org.br\/teste\/wp-json\/wp\/v2\/media?parent=71"}],"curies":[{"name":"wp","href":"https:\/\/api.w.org\/{rel}","templated":true}]}}