{"id":75,"date":"2020-03-24T02:30:10","date_gmt":"2020-03-24T05:30:10","guid":{"rendered":"https:\/\/museudofutebol.org.br\/teste\/?page_id=75"},"modified":"2025-01-31T10:19:45","modified_gmt":"2025-01-31T13:19:45","slug":"apoie","status":"publish","type":"page","link":"https:\/\/museudofutebol.org.br\/teste\/apoie\/","title":{"rendered":"Apoie"},"content":{"rendered":"<div class=\"wpb-content-wrapper\"><p>[vc_row][vc_column width=&#8221;2\/3&#8243;][vc_column_text]<span class=\"TextRun SCXW249401989 BCX0\" lang=\"PT-BR\" xml:lang=\"PT-BR\" data-contrast=\"none\"><span class=\"NormalTextRun SCXW249401989 BCX0\">Em todo o mundo, as institui\u00e7\u00f5es culturais necessitam do engajamento da sociedade civil para ampliar e aprimorar suas atividades. Mesmo quando recebem recursos governamentais, como \u00e9 o caso do Museu do Futebol, o apoio de empresas e de pessoas f\u00edsicas permite que seu trabalho tenha maior efetividade, alcan\u00e7ando um p\u00fablico maior e mais diversificado. S\u00e3o muitas formas de ajudar o Museu do Futebol:<\/span><\/span><span class=\"EOP SCXW249401989 BCX0\" data-ccp-props=\"{&quot;201341983&quot;:0,&quot;335559739&quot;:0,&quot;335559740&quot;:240}\">\u00a0<\/span>[\/vc_column_text][vc_custom_heading text=&#8221;Tenho uma empresa. Como posso ajudar o Museu do Futebol?&#8221; font_container=&#8221;tag:h3|text_align:left&#8221; use_theme_fonts=&#8221;yes&#8221;][vc_column_text css=&#8221;&#8221;]<\/p>\n<ul>\n<li>Sendo nosso patrocinador por meio da lei de incentivo \u00e0 cultura.<\/li>\n<li>Fazendo um patroc\u00ednio com recursos diretos.<\/li>\n<li>Realizando parcerias na forma de permuta de produtos e servi\u00e7os.<\/li>\n<li>Alugando os espa\u00e7os do Museu para <a href=\"https:\/\/museudofutebol.org.br\/teste\/seu-evento-aqui\/\">eventos<\/a> corporativos e filmagens.<\/li>\n<\/ul>\n<p>[\/vc_column_text][vc_custom_heading text=&#8221;Quero doar como pessoa f\u00edsica. Como posso fazer?&#8221; font_container=&#8221;tag:h3|text_align:left&#8221; use_theme_fonts=&#8221;yes&#8221;][vc_column_text css=&#8221;&#8221;]<\/p>\n<ul>\n<li>Fazendo uma doa\u00e7\u00e3o por meio da Lei Federal de Incentivo \u00e0 Cultura. Se voc\u00ea faz a declara\u00e7\u00e3o completa de IR, poder\u00e1 deduzir o valor doado at\u00e9 o limite de 6% do IR devido. Fa\u00e7a uma simula\u00e7\u00e3o! ou <a href=\"https:\/\/www.evoe.cc\/parceiro\/museu-do-futebol\/bem-vindo\">clique aqui para doar<\/a>.<\/li>\n<li><span class=\"TextRun SCXW84367287 BCX0\" lang=\"PT-BR\" xml:lang=\"PT-BR\" data-contrast=\"none\"><span class=\"NormalTextRun SCXW84367287 BCX0\">Fazendo uma doa\u00e7\u00e3o direta, sem Lei de Incentivo.<\/span><\/span><\/li>\n<li>Alugando nossos espa\u00e7os para <a href=\"https:\/\/museudofutebol.org.br\/teste\/seu-evento-aqui\/\">eventos<\/a> <span class=\"TrackChangeTextInsertion TrackedChange SCXW260170337 BCX0\"><span class=\"TextRun SCXW260170337 BCX0\" lang=\"PT-BR\" xml:lang=\"PT-BR\" data-contrast=\"none\"><span class=\"NormalTextRun SCXW260170337 BCX0\">sociais<\/span><\/span><\/span><span class=\"TrackChangeTextInsertion TrackedChange SCXW260170337 BCX0\"><span class=\"TextRun SCXW260170337 BCX0\" lang=\"PT-BR\" xml:lang=\"PT-BR\" data-contrast=\"none\"><span class=\"NormalTextRun SCXW260170337 BCX0\"> (anivers\u00e1rio, casamento<\/span><\/span><\/span><span class=\"TrackChangeTextInsertion TrackedChange SCXW260170337 BCX0\"><span class=\"TextRun SCXW260170337 BCX0\" lang=\"PT-BR\" xml:lang=\"PT-BR\" data-contrast=\"none\"><span class=\"NormalTextRun SCXW260170337 BCX0\">, outros).<\/span><\/span><\/span><\/li>\n<li>Trazendo os amigos e a fam\u00edlia para visitar o Museu!<\/li>\n<\/ul>\n<p>[\/vc_column_text][vc_custom_heading text=&#8221;Para mais informa\u00e7\u00f5es:&#8221; font_container=&#8221;tag:h3|text_align:left&#8221; use_theme_fonts=&#8221;yes&#8221;][vc_column_text]<span data-contrast=\"none\">11 \u2013 3664-3852 | 11-98298-3533<\/span><span data-contrast=\"none\"> (Carolina Bianchi)<\/span><span data-ccp-props=\"{&quot;201341983&quot;:0,&quot;335559739&quot;:0,&quot;335559740&quot;:240}\">\u00a0<\/span><\/p>\n<p><span data-contrast=\"none\">apoie@museudofutebol.org.br\/teste<\/span><span data-ccp-props=\"{&quot;201341983&quot;:0,&quot;335559739&quot;:0,&quot;335559740&quot;:240}\">\u00a0<\/span><\/p>\n<p><span data-contrast=\"none\">Teremos prazer em atend\u00ea-lo(a)!<\/span><span data-ccp-props=\"{&quot;201341983&quot;:0,&quot;335559739&quot;:0,&quot;335559740&quot;:240}\">\u00a0<\/span>[\/vc_column_text][vc_row_inner disable_element=&#8221;yes&#8221;][vc_column_inner width=&#8221;1\/6&#8243; css=&#8221;.vc_custom_1600896882097{padding-right: 0px !important;padding-left: 0px !important;}&#8221;][vc_single_image image=&#8221;682&#8243; img_size=&#8221;full&#8221; onclick=&#8221;custom_link&#8221; img_link_target=&#8221;_blank&#8221; link=&#8221;http:\/\/www.lge.com.br&#8221;][\/vc_column_inner][vc_column_inner width=&#8221;1\/6&#8243; css=&#8221;.vc_custom_1600896888146{padding-right: 0px !important;padding-left: 0px !important;}&#8221;][vc_single_image image=&#8221;681&#8243; img_size=&#8221;full&#8221;][\/vc_column_inner][vc_column_inner width=&#8221;1\/6&#8243; css=&#8221;.vc_custom_1600896966308{padding-right: 0px !important;padding-left: 0px !important;}&#8221;][vc_single_image image=&#8221;680&#8243; img_size=&#8221;full&#8221;][\/vc_column_inner][vc_column_inner width=&#8221;1\/6&#8243; css=&#8221;.vc_custom_1600896971290{padding-right: 0px !important;padding-left: 0px !important;}&#8221;][vc_single_image image=&#8221;679&#8243; img_size=&#8221;full&#8221;][\/vc_column_inner][vc_column_inner width=&#8221;1\/6&#8243; css=&#8221;.vc_custom_1600896976274{padding-right: 0px !important;padding-left: 0px !important;}&#8221;][vc_single_image image=&#8221;677&#8243; img_size=&#8221;full&#8221;][\/vc_column_inner][vc_column_inner width=&#8221;1\/6&#8243;][vc_single_image image=&#8221;674&#8243; img_size=&#8221;full&#8221;][\/vc_column_inner][\/vc_row_inner][vc_row_inner disable_element=&#8221;yes&#8221;][vc_column_inner width=&#8221;1\/5&#8243; css=&#8221;.vc_custom_1600896882097{padding-right: 0px !important;padding-left: 0px !important;}&#8221;][vc_single_image image=&#8221;682&#8243; img_size=&#8221;full&#8221; onclick=&#8221;custom_link&#8221; img_link_target=&#8221;_blank&#8221; link=&#8221;http:\/\/www.lge.com.br&#8221;][\/vc_column_inner][vc_column_inner width=&#8221;1\/5&#8243; css=&#8221;.vc_custom_1600896888146{padding-right: 0px !important;padding-left: 0px !important;}&#8221;][vc_single_image image=&#8221;681&#8243; img_size=&#8221;full&#8221;][\/vc_column_inner][vc_column_inner width=&#8221;1\/5&#8243; css=&#8221;.vc_custom_1600896966308{padding-right: 0px !important;padding-left: 0px !important;}&#8221;][vc_single_image image=&#8221;680&#8243; img_size=&#8221;full&#8221;][\/vc_column_inner][vc_column_inner width=&#8221;1\/5&#8243; css=&#8221;.vc_custom_1600896971290{padding-right: 0px !important;padding-left: 0px !important;}&#8221;][vc_single_image image=&#8221;679&#8243; img_size=&#8221;full&#8221;][\/vc_column_inner][vc_column_inner width=&#8221;1\/5&#8243; css=&#8221;.vc_custom_1600896976274{padding-right: 0px !important;padding-left: 0px !important;}&#8221;][vc_single_image image=&#8221;677&#8243; img_size=&#8221;full&#8221;][\/vc_column_inner][\/vc_row_inner][vc_row_inner disable_element=&#8221;yes&#8221;][vc_column_inner width=&#8221;1\/4&#8243; css=&#8221;.vc_custom_1600896882097{padding-right: 0px !important;padding-left: 0px !important;}&#8221;][vc_single_image image=&#8221;682&#8243; img_size=&#8221;full&#8221; onclick=&#8221;custom_link&#8221; img_link_target=&#8221;_blank&#8221; link=&#8221;http:\/\/www.lge.com.br&#8221;][\/vc_column_inner][vc_column_inner width=&#8221;1\/4&#8243; css=&#8221;.vc_custom_1600896888146{padding-right: 0px !important;padding-left: 0px !important;}&#8221;][vc_single_image image=&#8221;681&#8243; img_size=&#8221;full&#8221;][\/vc_column_inner][vc_column_inner width=&#8221;1\/4&#8243; css=&#8221;.vc_custom_1600896966308{padding-right: 0px !important;padding-left: 0px !important;}&#8221;][vc_single_image image=&#8221;680&#8243; img_size=&#8221;full&#8221;][\/vc_column_inner][vc_column_inner width=&#8221;1\/4&#8243; css=&#8221;.vc_custom_1600896971290{padding-right: 0px !important;padding-left: 0px !important;}&#8221;][vc_single_image image=&#8221;679&#8243; img_size=&#8221;full&#8221;][\/vc_column_inner][\/vc_row_inner][\/vc_column][vc_column width=&#8221;1\/3&#8243;][vc_wp_custommenu nav_menu=&#8221;26&#8243;][\/vc_column][\/vc_row]<\/p>\n<\/div>","protected":false},"excerpt":{"rendered":"<p>[vc_row][vc_column width=&#8221;2\/3&#8243;][vc_column_text]Em todo o mundo, as institui\u00e7\u00f5es culturais necessitam do engajamento da sociedade civil para ampliar e aprimorar suas atividades. Mesmo quando recebem recursos governamentais, como<span class=\"excerpt-hellip\"> [\u2026]<\/span><\/p>\n","protected":false},"author":2,"featured_media":0,"parent":0,"menu_order":0,"comment_status":"closed","ping_status":"closed","template":"","meta":[],"acf":[],"yoast_head":"<!-- This site is optimized with the Yoast SEO plugin v20.8 - https:\/\/yoast.com\/wordpress\/plugins\/seo\/ -->\n<title>Apoie - Museu do Futebol<\/title>\n<meta name=\"robots\" content=\"index, follow, max-snippet:-1, max-image-preview:large, max-video-preview:-1\" \/>\n<link rel=\"canonical\" href=\"https:\/\/museudofutebol.org.br\/teste\/apoie\/\" \/>\n<meta property=\"og:locale\" content=\"pt_BR\" \/>\n<meta property=\"og:type\" content=\"article\" \/>\n<meta property=\"og:title\" content=\"Apoie - Museu do Futebol\" \/>\n<meta property=\"og:description\" content=\"[vc_row][vc_column width=&#8221;2\/3&#8243;][vc_column_text]Em todo o mundo, as institui\u00e7\u00f5es culturais necessitam do engajamento da sociedade civil para ampliar e aprimorar suas atividades. Mesmo quando recebem recursos governamentais, como [\u2026]\" \/>\n<meta property=\"og:url\" content=\"https:\/\/museudofutebol.org.br\/teste\/apoie\/\" \/>\n<meta property=\"og:site_name\" content=\"Museu do Futebol\" \/>\n<meta property=\"article:publisher\" content=\"https:\/\/www.facebook.com\/museudofutebol\" \/>\n<meta property=\"article:modified_time\" content=\"2025-01-31T13:19:45+00:00\" \/>\n<meta name=\"twitter:card\" content=\"summary_large_image\" \/>\n<meta name=\"twitter:site\" content=\"@museudofutebol\" \/>\n<meta name=\"twitter:label1\" content=\"Est. tempo de leitura\" \/>\n\t<meta name=\"twitter:data1\" content=\"2 minutos\" \/>\n<script type=\"application\/ld+json\" class=\"yoast-schema-graph\">{\"@context\":\"https:\/\/schema.org\",\"@graph\":[{\"@type\":\"WebPage\",\"@id\":\"https:\/\/museudofutebol.org.br\/teste\/apoie\/\",\"url\":\"https:\/\/museudofutebol.org.br\/teste\/apoie\/\",\"name\":\"Apoie - Museu do Futebol\",\"isPartOf\":{\"@id\":\"https:\/\/museudofutebol.org.br\/teste\/#website\"},\"datePublished\":\"2020-03-24T05:30:10+00:00\",\"dateModified\":\"2025-01-31T13:19:45+00:00\",\"breadcrumb\":{\"@id\":\"https:\/\/museudofutebol.org.br\/teste\/apoie\/#breadcrumb\"},\"inLanguage\":\"pt-BR\",\"potentialAction\":[{\"@type\":\"ReadAction\",\"target\":[\"https:\/\/museudofutebol.org.br\/teste\/apoie\/\"]}]},{\"@type\":\"BreadcrumbList\",\"@id\":\"https:\/\/museudofutebol.org.br\/teste\/apoie\/#breadcrumb\",\"itemListElement\":[{\"@type\":\"ListItem\",\"position\":1,\"name\":\"In\u00edcio\",\"item\":\"https:\/\/museudofutebol.org.br\/teste\/\"},{\"@type\":\"ListItem\",\"position\":2,\"name\":\"Apoie\"}]},{\"@type\":\"WebSite\",\"@id\":\"https:\/\/museudofutebol.org.br\/teste\/#website\",\"url\":\"https:\/\/museudofutebol.org.br\/teste\/\",\"name\":\"Museu do Futebol\",\"description\":\"\",\"potentialAction\":[{\"@type\":\"SearchAction\",\"target\":{\"@type\":\"EntryPoint\",\"urlTemplate\":\"https:\/\/museudofutebol.org.br\/teste\/?s={search_term_string}\"},\"query-input\":\"required name=search_term_string\"}],\"inLanguage\":\"pt-BR\"}]}<\/script>\n<!-- \/ Yoast SEO plugin. -->","yoast_head_json":{"title":"Apoie - Museu do Futebol","robots":{"index":"index","follow":"follow","max-snippet":"max-snippet:-1","max-image-preview":"max-image-preview:large","max-video-preview":"max-video-preview:-1"},"canonical":"https:\/\/museudofutebol.org.br\/teste\/apoie\/","og_locale":"pt_BR","og_type":"article","og_title":"Apoie - Museu do Futebol","og_description":"[vc_row][vc_column width=&#8221;2\/3&#8243;][vc_column_text]Em todo o mundo, as institui\u00e7\u00f5es culturais necessitam do engajamento da sociedade civil para ampliar e aprimorar suas atividades. Mesmo quando recebem recursos governamentais, como [\u2026]","og_url":"https:\/\/museudofutebol.org.br\/teste\/apoie\/","og_site_name":"Museu do Futebol","article_publisher":"https:\/\/www.facebook.com\/museudofutebol","article_modified_time":"2025-01-31T13:19:45+00:00","twitter_card":"summary_large_image","twitter_site":"@museudofutebol","twitter_misc":{"Est. tempo de leitura":"2 minutos"},"schema":{"@context":"https:\/\/schema.org","@graph":[{"@type":"WebPage","@id":"https:\/\/museudofutebol.org.br\/teste\/apoie\/","url":"https:\/\/museudofutebol.org.br\/teste\/apoie\/","name":"Apoie - Museu do Futebol","isPartOf":{"@id":"https:\/\/museudofutebol.org.br\/teste\/#website"},"datePublished":"2020-03-24T05:30:10+00:00","dateModified":"2025-01-31T13:19:45+00:00","breadcrumb":{"@id":"https:\/\/museudofutebol.org.br\/teste\/apoie\/#breadcrumb"},"inLanguage":"pt-BR","potentialAction":[{"@type":"ReadAction","target":["https:\/\/museudofutebol.org.br\/teste\/apoie\/"]}]},{"@type":"BreadcrumbList","@id":"https:\/\/museudofutebol.org.br\/teste\/apoie\/#breadcrumb","itemListElement":[{"@type":"ListItem","position":1,"name":"In\u00edcio","item":"https:\/\/museudofutebol.org.br\/teste\/"},{"@type":"ListItem","position":2,"name":"Apoie"}]},{"@type":"WebSite","@id":"https:\/\/museudofutebol.org.br\/teste\/#website","url":"https:\/\/museudofutebol.org.br\/teste\/","name":"Museu do Futebol","description":"","potentialAction":[{"@type":"SearchAction","target":{"@type":"EntryPoint","urlTemplate":"https:\/\/museudofutebol.org.br\/teste\/?s={search_term_string}"},"query-input":"required name=search_term_string"}],"inLanguage":"pt-BR"}]}},"_links":{"self":[{"href":"https:\/\/museudofutebol.org.br\/teste\/wp-json\/wp\/v2\/pages\/75"}],"collection":[{"href":"https:\/\/museudofutebol.org.br\/teste\/wp-json\/wp\/v2\/pages"}],"about":[{"href":"https:\/\/museudofutebol.org.br\/teste\/wp-json\/wp\/v2\/types\/page"}],"author":[{"embeddable":true,"href":"https:\/\/museudofutebol.org.br\/teste\/wp-json\/wp\/v2\/users\/2"}],"replies":[{"embeddable":true,"href":"https:\/\/museudofutebol.org.br\/teste\/wp-json\/wp\/v2\/comments?post=75"}],"version-history":[{"count":27,"href":"https:\/\/museudofutebol.org.br\/teste\/wp-json\/wp\/v2\/pages\/75\/revisions"}],"predecessor-version":[{"id":14890,"href":"https:\/\/museudofutebol.org.br\/teste\/wp-json\/wp\/v2\/pages\/75\/revisions\/14890"}],"wp:attachment":[{"href":"https:\/\/museudofutebol.org.br\/teste\/wp-json\/wp\/v2\/media?parent=75"}],"curies":[{"name":"wp","href":"https:\/\/api.w.org\/{rel}","templated":true}]}}