{"id":781,"date":"2020-09-03T14:26:38","date_gmt":"2020-09-03T17:26:38","guid":{"rendered":"https:\/\/museudofutebol.org.br\/teste\/?page_id=781"},"modified":"2024-09-09T13:37:08","modified_gmt":"2024-09-09T16:37:08","slug":"visitas-educativas-2","status":"publish","type":"page","link":"https:\/\/museudofutebol.org.br\/teste\/visitas-educativas-2\/","title":{"rendered":"Visitas educativas"},"content":{"rendered":"<div class=\"wpb-content-wrapper\"><p>[vc_row][vc_column width=&#8221;2\/3&#8243;][vc_column_text]<strong><img decoding=\"async\" loading=\"lazy\" class=\"alignnone wp-image-817 size-large\" src=\"https:\/\/museudofutebol.org.br\/teste\/wp-content\/uploads\/2020\/09\/Educativo_Jos\u00e9-Mota-1024x575.jpeg\" alt=\"Crian\u00e7as sentadas numa sala cercada por v\u00e1rias fotos antigas com molduras de madeira. Uma educadora com colete vermelho aponta uma das fotos e explica algo para o grupo.\" width=\"1024\" height=\"575\" srcset=\"https:\/\/museudofutebol.org.br\/teste\/wp-content\/uploads\/2020\/09\/Educativo_Jos\u00e9-Mota-1024x575.jpeg 1024w, https:\/\/museudofutebol.org.br\/teste\/wp-content\/uploads\/2020\/09\/Educativo_Jos\u00e9-Mota-300x169.jpeg 300w, https:\/\/museudofutebol.org.br\/teste\/wp-content\/uploads\/2020\/09\/Educativo_Jos\u00e9-Mota-768x431.jpeg 768w, https:\/\/museudofutebol.org.br\/teste\/wp-content\/uploads\/2020\/09\/Educativo_Jos\u00e9-Mota-260x146.jpeg 260w, https:\/\/museudofutebol.org.br\/teste\/wp-content\/uploads\/2020\/09\/Educativo_Jos\u00e9-Mota-50x28.jpeg 50w, https:\/\/museudofutebol.org.br\/teste\/wp-content\/uploads\/2020\/09\/Educativo_Jos\u00e9-Mota-134x75.jpeg 134w, https:\/\/museudofutebol.org.br\/teste\/wp-content\/uploads\/2020\/09\/Educativo_Jos\u00e9-Mota-1200x675.jpeg 1200w, https:\/\/museudofutebol.org.br\/teste\/wp-content\/uploads\/2020\/09\/Educativo_Jos\u00e9-Mota.jpeg 1280w\" sizes=\"(max-width:767px) 480px, (max-width:1024px) 100vw, 1024px\" \/><br \/>\n<\/strong>O Museu do Futebol trabalha com duas modalidades de visitas educativas &#8211; para grupos agendados de ter\u00e7a a sexta-feira e para grupos espont\u00e2neos, no fim de semana.<\/p>\n<p><strong>VISITAS EDUCATIVAS PARA ESCOLAS E ENTIDADES<br \/>\n<\/strong>O N\u00facleo Educativo do Museu do Futebol prepara uma visita especial para atender as demandas espec\u00edficas dos grupos escolares ou de entidades sociais. <strong>\u00c9 obrigat\u00f3rio o agendamento pr\u00e9vio<\/strong>.\u00a0 Confira os detalhes:<\/p>\n<p><strong><img decoding=\"async\" loading=\"lazy\" class=\"size-medium wp-image-11447 aligncenter\" src=\"https:\/\/museudofutebol.org.br\/teste\/wp-content\/uploads\/2024\/02\/d04ca939-676c-458a-9203-be4968ab4cd2-640x426.jpg\" alt=\"\" width=\"640\" height=\"426\" srcset=\"https:\/\/museudofutebol.org.br\/teste\/wp-content\/uploads\/2024\/02\/d04ca939-676c-458a-9203-be4968ab4cd2-640x426.jpg 640w, https:\/\/museudofutebol.org.br\/teste\/wp-content\/uploads\/2024\/02\/d04ca939-676c-458a-9203-be4968ab4cd2-1024x682.jpg 1024w, https:\/\/museudofutebol.org.br\/teste\/wp-content\/uploads\/2024\/02\/d04ca939-676c-458a-9203-be4968ab4cd2-768x511.jpg 768w, https:\/\/museudofutebol.org.br\/teste\/wp-content\/uploads\/2024\/02\/d04ca939-676c-458a-9203-be4968ab4cd2-219x146.jpg 219w, https:\/\/museudofutebol.org.br\/teste\/wp-content\/uploads\/2024\/02\/d04ca939-676c-458a-9203-be4968ab4cd2-50x33.jpg 50w, https:\/\/museudofutebol.org.br\/teste\/wp-content\/uploads\/2024\/02\/d04ca939-676c-458a-9203-be4968ab4cd2-113x75.jpg 113w, https:\/\/museudofutebol.org.br\/teste\/wp-content\/uploads\/2024\/02\/d04ca939-676c-458a-9203-be4968ab4cd2.jpg 1221w\" sizes=\"(max-width:767px) 480px, 640px\" \/><\/strong><\/p>\n<p><strong>Hor\u00e1rios:<\/strong><br \/>\nDe ter\u00e7a a sexta<\/p>\n<p class=\"selectable-text copyable-text x15bjb6t x1n2onr6\" dir=\"ltr\"><span class=\"selectable-text copyable-text\">10h30 \u2013 grupos com at\u00e9 40 pessoas<\/span><\/p>\n<p class=\"selectable-text copyable-text x15bjb6t x1n2onr6\" dir=\"ltr\"><span class=\"selectable-text copyable-text\">12h &#8211; grupos com at\u00e9 40 pessoas<\/span><\/p>\n<p class=\"selectable-text copyable-text x15bjb6t x1n2onr6\" dir=\"ltr\"><span class=\"selectable-text copyable-text\">13h &#8211; grupos com at\u00e9 40 pessoas<\/span><\/p>\n<p class=\"selectable-text copyable-text x15bjb6t x1n2onr6\" dir=\"ltr\"><span class=\"selectable-text copyable-text\">14h \u2013 grupos com at\u00e9 40 pessoas<\/span><\/p>\n<p><em><span lang=\"pt-BR\" data-raofz=\"16\">*O n\u00famero m\u00ednimo de pessoas por grupo \u00e9 10.<\/span><\/em><\/p>\n<p>Acesse a <a href=\"https:\/\/museudofutebol.org.br\/teste\/agendamento-de-visitas\/\">p\u00e1gina de agendamento<\/a> para buscar uma data dispon\u00edvel.<\/p>\n<p><strong>T\u00eam direito a entrada gratuita:<\/strong><br \/>\n\u2013 Grupos de escolas p\u00fablicas<br \/>\n\u2013 Institui\u00e7\u00f5es sociais sem finalidades lucrativas que atuam com pessoas com defici\u00eancia e\/ou em situa\u00e7\u00e3o de vulnerabilidade social.<\/p>\n<p>Durante o processo de agendamento, ser\u00e1 solicitada a documenta\u00e7\u00e3o comprobat\u00f3ria para concess\u00e3o da gratuidade.<\/p>\n<p><strong>VISITAS PARA GRUPOS ESPONT\u00c2NEOS<br \/>\n<\/strong>S\u00e3o as visitas realizadas no fim de semana com acompanhamento dos educadores e educadoras. Cada educador atende at\u00e9 15 pessoas, por ordem de chegada. O ponto de encontro \u00e9 a Sala Grande \u00c1rea, na entrada do Museu.<\/p>\n<p><img decoding=\"async\" loading=\"lazy\" class=\"size-medium wp-image-11446\" src=\"https:\/\/museudofutebol.org.br\/teste\/wp-content\/uploads\/2024\/02\/01-640x426.jpg\" alt=\"\" width=\"640\" height=\"426\" srcset=\"https:\/\/museudofutebol.org.br\/teste\/wp-content\/uploads\/2024\/02\/01-640x426.jpg 640w, https:\/\/museudofutebol.org.br\/teste\/wp-content\/uploads\/2024\/02\/01-1024x682.jpg 1024w, https:\/\/museudofutebol.org.br\/teste\/wp-content\/uploads\/2024\/02\/01-768x512.jpg 768w, https:\/\/museudofutebol.org.br\/teste\/wp-content\/uploads\/2024\/02\/01-219x146.jpg 219w, https:\/\/museudofutebol.org.br\/teste\/wp-content\/uploads\/2024\/02\/01-50x33.jpg 50w, https:\/\/museudofutebol.org.br\/teste\/wp-content\/uploads\/2024\/02\/01-113x75.jpg 113w, https:\/\/museudofutebol.org.br\/teste\/wp-content\/uploads\/2024\/02\/01.jpg 1222w\" sizes=\"(max-width:767px) 480px, 640px\" \/><\/p>\n<p><strong>Hor\u00e1rios:<br \/>\n<\/strong>S\u00e1bados e domingos, \u00e0s 11h e \u00e0s 14h.<\/p>\n<p>N\u00e3o \u00e9 necess\u00e1rio agendamento pr\u00e9vio. Os grupos ser\u00e3o formados por ordem de chegada.[\/vc_column_text][\/vc_column][vc_column width=&#8221;1\/3&#8243;][vc_wp_custommenu nav_menu=&#8221;17&#8243;][\/vc_column][\/vc_row]<\/p>\n<\/div>","protected":false},"excerpt":{"rendered":"<p>[vc_row][vc_column width=&#8221;2\/3&#8243;][vc_column_text] O Museu do Futebol trabalha com duas modalidades de visitas educativas &#8211; para grupos agendados de ter\u00e7a a sexta-feira e para grupos espont\u00e2neos, no<span class=\"excerpt-hellip\"> [\u2026]<\/span><\/p>\n","protected":false},"author":1,"featured_media":13152,"parent":0,"menu_order":0,"comment_status":"closed","ping_status":"closed","template":"","meta":[],"acf":[],"yoast_head":"<!-- This site is optimized with the Yoast SEO plugin v20.8 - https:\/\/yoast.com\/wordpress\/plugins\/seo\/ -->\n<title>Visitas educativas - Museu do Futebol<\/title>\n<meta name=\"robots\" content=\"index, follow, max-snippet:-1, max-image-preview:large, max-video-preview:-1\" \/>\n<link rel=\"canonical\" href=\"https:\/\/museudofutebol.org.br\/teste\/visitas-educativas-2\/\" \/>\n<meta property=\"og:locale\" content=\"pt_BR\" \/>\n<meta property=\"og:type\" content=\"article\" \/>\n<meta property=\"og:title\" content=\"Visitas educativas - Museu do Futebol\" \/>\n<meta property=\"og:description\" content=\"[vc_row][vc_column width=&#8221;2\/3&#8243;][vc_column_text] O Museu do Futebol trabalha com duas modalidades de visitas educativas &#8211; para grupos agendados de ter\u00e7a a sexta-feira e para grupos espont\u00e2neos, no [\u2026]\" \/>\n<meta property=\"og:url\" content=\"https:\/\/museudofutebol.org.br\/teste\/visitas-educativas-2\/\" \/>\n<meta property=\"og:site_name\" content=\"Museu do Futebol\" \/>\n<meta property=\"article:publisher\" content=\"https:\/\/www.facebook.com\/museudofutebol\" \/>\n<meta property=\"article:modified_time\" content=\"2024-09-09T16:37:08+00:00\" \/>\n<meta property=\"og:image\" content=\"https:\/\/museudofutebol.org.br\/teste\/wp-content\/uploads\/2024\/08\/MG_1658-1-scaled.jpg\" \/>\n\t<meta property=\"og:image:width\" content=\"2560\" \/>\n\t<meta property=\"og:image:height\" content=\"1438\" \/>\n\t<meta property=\"og:image:type\" content=\"image\/jpeg\" \/>\n<meta name=\"twitter:card\" content=\"summary_large_image\" \/>\n<meta name=\"twitter:site\" content=\"@museudofutebol\" \/>\n<meta name=\"twitter:label1\" content=\"Est. tempo de leitura\" \/>\n\t<meta name=\"twitter:data1\" content=\"2 minutos\" \/>\n<script type=\"application\/ld+json\" class=\"yoast-schema-graph\">{\"@context\":\"https:\/\/schema.org\",\"@graph\":[{\"@type\":\"WebPage\",\"@id\":\"https:\/\/museudofutebol.org.br\/teste\/visitas-educativas-2\/\",\"url\":\"https:\/\/museudofutebol.org.br\/teste\/visitas-educativas-2\/\",\"name\":\"Visitas educativas - Museu do Futebol\",\"isPartOf\":{\"@id\":\"https:\/\/museudofutebol.org.br\/teste\/#website\"},\"datePublished\":\"2020-09-03T17:26:38+00:00\",\"dateModified\":\"2024-09-09T16:37:08+00:00\",\"breadcrumb\":{\"@id\":\"https:\/\/museudofutebol.org.br\/teste\/visitas-educativas-2\/#breadcrumb\"},\"inLanguage\":\"pt-BR\",\"potentialAction\":[{\"@type\":\"ReadAction\",\"target\":[\"https:\/\/museudofutebol.org.br\/teste\/visitas-educativas-2\/\"]}]},{\"@type\":\"BreadcrumbList\",\"@id\":\"https:\/\/museudofutebol.org.br\/teste\/visitas-educativas-2\/#breadcrumb\",\"itemListElement\":[{\"@type\":\"ListItem\",\"position\":1,\"name\":\"In\u00edcio\",\"item\":\"https:\/\/museudofutebol.org.br\/teste\/\"},{\"@type\":\"ListItem\",\"position\":2,\"name\":\"Visitas educativas\"}]},{\"@type\":\"WebSite\",\"@id\":\"https:\/\/museudofutebol.org.br\/teste\/#website\",\"url\":\"https:\/\/museudofutebol.org.br\/teste\/\",\"name\":\"Museu do Futebol\",\"description\":\"\",\"potentialAction\":[{\"@type\":\"SearchAction\",\"target\":{\"@type\":\"EntryPoint\",\"urlTemplate\":\"https:\/\/museudofutebol.org.br\/teste\/?s={search_term_string}\"},\"query-input\":\"required name=search_term_string\"}],\"inLanguage\":\"pt-BR\"}]}<\/script>\n<!-- \/ Yoast SEO plugin. -->","yoast_head_json":{"title":"Visitas educativas - Museu do Futebol","robots":{"index":"index","follow":"follow","max-snippet":"max-snippet:-1","max-image-preview":"max-image-preview:large","max-video-preview":"max-video-preview:-1"},"canonical":"https:\/\/museudofutebol.org.br\/teste\/visitas-educativas-2\/","og_locale":"pt_BR","og_type":"article","og_title":"Visitas educativas - Museu do Futebol","og_description":"[vc_row][vc_column width=&#8221;2\/3&#8243;][vc_column_text] O Museu do Futebol trabalha com duas modalidades de visitas educativas &#8211; para grupos agendados de ter\u00e7a a sexta-feira e para grupos espont\u00e2neos, no [\u2026]","og_url":"https:\/\/museudofutebol.org.br\/teste\/visitas-educativas-2\/","og_site_name":"Museu do Futebol","article_publisher":"https:\/\/www.facebook.com\/museudofutebol","article_modified_time":"2024-09-09T16:37:08+00:00","og_image":[{"width":2560,"height":1438,"url":"https:\/\/museudofutebol.org.br\/teste\/wp-content\/uploads\/2024\/08\/MG_1658-1-scaled.jpg","type":"image\/jpeg"}],"twitter_card":"summary_large_image","twitter_site":"@museudofutebol","twitter_misc":{"Est. tempo de leitura":"2 minutos"},"schema":{"@context":"https:\/\/schema.org","@graph":[{"@type":"WebPage","@id":"https:\/\/museudofutebol.org.br\/teste\/visitas-educativas-2\/","url":"https:\/\/museudofutebol.org.br\/teste\/visitas-educativas-2\/","name":"Visitas educativas - Museu do Futebol","isPartOf":{"@id":"https:\/\/museudofutebol.org.br\/teste\/#website"},"datePublished":"2020-09-03T17:26:38+00:00","dateModified":"2024-09-09T16:37:08+00:00","breadcrumb":{"@id":"https:\/\/museudofutebol.org.br\/teste\/visitas-educativas-2\/#breadcrumb"},"inLanguage":"pt-BR","potentialAction":[{"@type":"ReadAction","target":["https:\/\/museudofutebol.org.br\/teste\/visitas-educativas-2\/"]}]},{"@type":"BreadcrumbList","@id":"https:\/\/museudofutebol.org.br\/teste\/visitas-educativas-2\/#breadcrumb","itemListElement":[{"@type":"ListItem","position":1,"name":"In\u00edcio","item":"https:\/\/museudofutebol.org.br\/teste\/"},{"@type":"ListItem","position":2,"name":"Visitas educativas"}]},{"@type":"WebSite","@id":"https:\/\/museudofutebol.org.br\/teste\/#website","url":"https:\/\/museudofutebol.org.br\/teste\/","name":"Museu do Futebol","description":"","potentialAction":[{"@type":"SearchAction","target":{"@type":"EntryPoint","urlTemplate":"https:\/\/museudofutebol.org.br\/teste\/?s={search_term_string}"},"query-input":"required name=search_term_string"}],"inLanguage":"pt-BR"}]}},"_links":{"self":[{"href":"https:\/\/museudofutebol.org.br\/teste\/wp-json\/wp\/v2\/pages\/781"}],"collection":[{"href":"https:\/\/museudofutebol.org.br\/teste\/wp-json\/wp\/v2\/pages"}],"about":[{"href":"https:\/\/museudofutebol.org.br\/teste\/wp-json\/wp\/v2\/types\/page"}],"author":[{"embeddable":true,"href":"https:\/\/museudofutebol.org.br\/teste\/wp-json\/wp\/v2\/users\/1"}],"replies":[{"embeddable":true,"href":"https:\/\/museudofutebol.org.br\/teste\/wp-json\/wp\/v2\/comments?post=781"}],"version-history":[{"count":28,"href":"https:\/\/museudofutebol.org.br\/teste\/wp-json\/wp\/v2\/pages\/781\/revisions"}],"predecessor-version":[{"id":13521,"href":"https:\/\/museudofutebol.org.br\/teste\/wp-json\/wp\/v2\/pages\/781\/revisions\/13521"}],"wp:featuredmedia":[{"embeddable":true,"href":"https:\/\/museudofutebol.org.br\/teste\/wp-json\/wp\/v2\/media\/13152"}],"wp:attachment":[{"href":"https:\/\/museudofutebol.org.br\/teste\/wp-json\/wp\/v2\/media?parent=781"}],"curies":[{"name":"wp","href":"https:\/\/api.w.org\/{rel}","templated":true}]}}