{"id":81,"date":"2020-03-24T02:31:14","date_gmt":"2020-03-24T05:31:14","guid":{"rendered":"https:\/\/museudofutebol.org.br\/teste\/?page_id=81"},"modified":"2024-09-09T15:30:45","modified_gmt":"2024-09-09T18:30:45","slug":"missao-visao-valores","status":"publish","type":"page","link":"https:\/\/museudofutebol.org.br\/teste\/institucional-pt\/missao-visao-valores\/","title":{"rendered":"Miss\u00e3o, vis\u00e3o e valores"},"content":{"rendered":"<div class=\"wpb-content-wrapper\"><p>[vc_row][vc_column width=&#8221;2\/3&#8243;][vc_column_text]<strong>Miss\u00e3o<\/strong><\/p>\n<p>Preservar, pesquisar e comunicar o futebol no Brasil, em suas dimens\u00f5es e express\u00f5es hist\u00f3ricas e culturais, para os mais diversos p\u00fablicos. Educar a partir dos afetos, da empatia e da inclus\u00e3o. Incentivar a pr\u00e1tica do esporte, colaborando para torn\u00e1-lo mais inclusivo.<\/p>\n<p><strong>Vis\u00e3o<\/strong><\/p>\n<p>Ser um ambiente de empatia, inclus\u00e3o, conviv\u00eancia e di\u00e1logo com todos os p\u00fablicos, refer\u00eancia no respeito \u00e0 diversidade cultural, em acessibilidade e na musealiza\u00e7\u00e3o do futebol em suas m\u00faltiplas express\u00f5es.<\/p>\n<p>&nbsp;<\/p>\n<p><strong>Valores<\/strong><\/p>\n<ul>\n<li dir=\"ltr\">\n<p dir=\"ltr\">DI\u00c1LOGO: Ser um territ\u00f3rio permanente de trocas;<\/p>\n<\/li>\n<li dir=\"ltr\">\n<p dir=\"ltr\">INOVA\u00c7\u00c3O: Estimular a criatividade e as novas formas do fazer;<\/p>\n<\/li>\n<li dir=\"ltr\">\n<p dir=\"ltr\">\u00c9TICA: Atuar de acordo com os preceitos da cidadania e da solidariedade;<\/p>\n<\/li>\n<li dir=\"ltr\">\n<p dir=\"ltr\">TRANSPAR\u00caNCIA: Tornar p\u00fablicos todos os processos e resultados;<\/p>\n<\/li>\n<li dir=\"ltr\">\n<p dir=\"ltr\">INCLUS\u00c3O: Acolher toda a diversidade e promover o acesso;<\/p>\n<\/li>\n<li dir=\"ltr\">\n<p dir=\"ltr\">CONHECIMENTO: Formatar o conhecimento e a aprendizagem;<\/p>\n<\/li>\n<li dir=\"ltr\">\n<p dir=\"ltr\">SUSTENTABILIDADE: Atuar em prol dos desafios do desenvolvimento sustent\u00e1vel.<\/p>\n<\/li>\n<\/ul>\n<p>[\/vc_column_text][\/vc_column][vc_column width=&#8221;1\/3&#8243;][vc_wp_custommenu nav_menu=&#8221;16&#8243;][\/vc_column][\/vc_row]<\/p>\n<\/div>","protected":false},"excerpt":{"rendered":"<p>[vc_row][vc_column width=&#8221;2\/3&#8243;][vc_column_text]Miss\u00e3o Preservar, pesquisar e comunicar o futebol no Brasil, em suas dimens\u00f5es e express\u00f5es hist\u00f3ricas e culturais, para os mais diversos p\u00fablicos. Educar a partir<span class=\"excerpt-hellip\"> [\u2026]<\/span><\/p>\n","protected":false},"author":2,"featured_media":0,"parent":79,"menu_order":0,"comment_status":"closed","ping_status":"closed","template":"","meta":[],"acf":[],"yoast_head":"<!-- This site is optimized with the Yoast SEO plugin v20.8 - https:\/\/yoast.com\/wordpress\/plugins\/seo\/ -->\n<title>Miss\u00e3o, vis\u00e3o e valores - Museu do Futebol<\/title>\n<meta name=\"robots\" content=\"index, follow, max-snippet:-1, max-image-preview:large, max-video-preview:-1\" \/>\n<link rel=\"canonical\" href=\"https:\/\/museudofutebol.org.br\/teste\/institucional-pt\/missao-visao-valores\/\" \/>\n<meta property=\"og:locale\" content=\"pt_BR\" \/>\n<meta property=\"og:type\" content=\"article\" \/>\n<meta property=\"og:title\" content=\"Miss\u00e3o, vis\u00e3o e valores - Museu do Futebol\" \/>\n<meta property=\"og:description\" content=\"[vc_row][vc_column width=&#8221;2\/3&#8243;][vc_column_text]Miss\u00e3o Preservar, pesquisar e comunicar o futebol no Brasil, em suas dimens\u00f5es e express\u00f5es hist\u00f3ricas e culturais, para os mais diversos p\u00fablicos. Educar a partir [\u2026]\" \/>\n<meta property=\"og:url\" content=\"https:\/\/museudofutebol.org.br\/teste\/institucional-pt\/missao-visao-valores\/\" \/>\n<meta property=\"og:site_name\" content=\"Museu do Futebol\" \/>\n<meta property=\"article:publisher\" content=\"https:\/\/www.facebook.com\/museudofutebol\" \/>\n<meta property=\"article:modified_time\" content=\"2024-09-09T18:30:45+00:00\" \/>\n<meta name=\"twitter:card\" content=\"summary_large_image\" \/>\n<meta name=\"twitter:site\" content=\"@museudofutebol\" \/>\n<meta name=\"twitter:label1\" content=\"Est. tempo de leitura\" \/>\n\t<meta name=\"twitter:data1\" content=\"1 minuto\" \/>\n<script type=\"application\/ld+json\" class=\"yoast-schema-graph\">{\"@context\":\"https:\/\/schema.org\",\"@graph\":[{\"@type\":\"WebPage\",\"@id\":\"https:\/\/museudofutebol.org.br\/teste\/institucional-pt\/missao-visao-valores\/\",\"url\":\"https:\/\/museudofutebol.org.br\/teste\/institucional-pt\/missao-visao-valores\/\",\"name\":\"Miss\u00e3o, vis\u00e3o e valores - Museu do Futebol\",\"isPartOf\":{\"@id\":\"https:\/\/museudofutebol.org.br\/teste\/#website\"},\"datePublished\":\"2020-03-24T05:31:14+00:00\",\"dateModified\":\"2024-09-09T18:30:45+00:00\",\"breadcrumb\":{\"@id\":\"https:\/\/museudofutebol.org.br\/teste\/institucional-pt\/missao-visao-valores\/#breadcrumb\"},\"inLanguage\":\"pt-BR\",\"potentialAction\":[{\"@type\":\"ReadAction\",\"target\":[\"https:\/\/museudofutebol.org.br\/teste\/institucional-pt\/missao-visao-valores\/\"]}]},{\"@type\":\"BreadcrumbList\",\"@id\":\"https:\/\/museudofutebol.org.br\/teste\/institucional-pt\/missao-visao-valores\/#breadcrumb\",\"itemListElement\":[{\"@type\":\"ListItem\",\"position\":1,\"name\":\"In\u00edcio\",\"item\":\"https:\/\/museudofutebol.org.br\/teste\/\"},{\"@type\":\"ListItem\",\"position\":2,\"name\":\"Institucional\",\"item\":\"https:\/\/museudofutebol.org.br\/teste\/institucional-pt\/\"},{\"@type\":\"ListItem\",\"position\":3,\"name\":\"Miss\u00e3o, vis\u00e3o e valores\"}]},{\"@type\":\"WebSite\",\"@id\":\"https:\/\/museudofutebol.org.br\/teste\/#website\",\"url\":\"https:\/\/museudofutebol.org.br\/teste\/\",\"name\":\"Museu do Futebol\",\"description\":\"\",\"potentialAction\":[{\"@type\":\"SearchAction\",\"target\":{\"@type\":\"EntryPoint\",\"urlTemplate\":\"https:\/\/museudofutebol.org.br\/teste\/?s={search_term_string}\"},\"query-input\":\"required name=search_term_string\"}],\"inLanguage\":\"pt-BR\"}]}<\/script>\n<!-- \/ Yoast SEO plugin. -->","yoast_head_json":{"title":"Miss\u00e3o, vis\u00e3o e valores - Museu do Futebol","robots":{"index":"index","follow":"follow","max-snippet":"max-snippet:-1","max-image-preview":"max-image-preview:large","max-video-preview":"max-video-preview:-1"},"canonical":"https:\/\/museudofutebol.org.br\/teste\/institucional-pt\/missao-visao-valores\/","og_locale":"pt_BR","og_type":"article","og_title":"Miss\u00e3o, vis\u00e3o e valores - Museu do Futebol","og_description":"[vc_row][vc_column width=&#8221;2\/3&#8243;][vc_column_text]Miss\u00e3o Preservar, pesquisar e comunicar o futebol no Brasil, em suas dimens\u00f5es e express\u00f5es hist\u00f3ricas e culturais, para os mais diversos p\u00fablicos. Educar a partir [\u2026]","og_url":"https:\/\/museudofutebol.org.br\/teste\/institucional-pt\/missao-visao-valores\/","og_site_name":"Museu do Futebol","article_publisher":"https:\/\/www.facebook.com\/museudofutebol","article_modified_time":"2024-09-09T18:30:45+00:00","twitter_card":"summary_large_image","twitter_site":"@museudofutebol","twitter_misc":{"Est. tempo de leitura":"1 minuto"},"schema":{"@context":"https:\/\/schema.org","@graph":[{"@type":"WebPage","@id":"https:\/\/museudofutebol.org.br\/teste\/institucional-pt\/missao-visao-valores\/","url":"https:\/\/museudofutebol.org.br\/teste\/institucional-pt\/missao-visao-valores\/","name":"Miss\u00e3o, vis\u00e3o e valores - Museu do Futebol","isPartOf":{"@id":"https:\/\/museudofutebol.org.br\/teste\/#website"},"datePublished":"2020-03-24T05:31:14+00:00","dateModified":"2024-09-09T18:30:45+00:00","breadcrumb":{"@id":"https:\/\/museudofutebol.org.br\/teste\/institucional-pt\/missao-visao-valores\/#breadcrumb"},"inLanguage":"pt-BR","potentialAction":[{"@type":"ReadAction","target":["https:\/\/museudofutebol.org.br\/teste\/institucional-pt\/missao-visao-valores\/"]}]},{"@type":"BreadcrumbList","@id":"https:\/\/museudofutebol.org.br\/teste\/institucional-pt\/missao-visao-valores\/#breadcrumb","itemListElement":[{"@type":"ListItem","position":1,"name":"In\u00edcio","item":"https:\/\/museudofutebol.org.br\/teste\/"},{"@type":"ListItem","position":2,"name":"Institucional","item":"https:\/\/museudofutebol.org.br\/teste\/institucional-pt\/"},{"@type":"ListItem","position":3,"name":"Miss\u00e3o, vis\u00e3o e valores"}]},{"@type":"WebSite","@id":"https:\/\/museudofutebol.org.br\/teste\/#website","url":"https:\/\/museudofutebol.org.br\/teste\/","name":"Museu do Futebol","description":"","potentialAction":[{"@type":"SearchAction","target":{"@type":"EntryPoint","urlTemplate":"https:\/\/museudofutebol.org.br\/teste\/?s={search_term_string}"},"query-input":"required name=search_term_string"}],"inLanguage":"pt-BR"}]}},"_links":{"self":[{"href":"https:\/\/museudofutebol.org.br\/teste\/wp-json\/wp\/v2\/pages\/81"}],"collection":[{"href":"https:\/\/museudofutebol.org.br\/teste\/wp-json\/wp\/v2\/pages"}],"about":[{"href":"https:\/\/museudofutebol.org.br\/teste\/wp-json\/wp\/v2\/types\/page"}],"author":[{"embeddable":true,"href":"https:\/\/museudofutebol.org.br\/teste\/wp-json\/wp\/v2\/users\/2"}],"replies":[{"embeddable":true,"href":"https:\/\/museudofutebol.org.br\/teste\/wp-json\/wp\/v2\/comments?post=81"}],"version-history":[{"count":5,"href":"https:\/\/museudofutebol.org.br\/teste\/wp-json\/wp\/v2\/pages\/81\/revisions"}],"predecessor-version":[{"id":3861,"href":"https:\/\/museudofutebol.org.br\/teste\/wp-json\/wp\/v2\/pages\/81\/revisions\/3861"}],"up":[{"embeddable":true,"href":"https:\/\/museudofutebol.org.br\/teste\/wp-json\/wp\/v2\/pages\/79"}],"wp:attachment":[{"href":"https:\/\/museudofutebol.org.br\/teste\/wp-json\/wp\/v2\/media?parent=81"}],"curies":[{"name":"wp","href":"https:\/\/api.w.org\/{rel}","templated":true}]}}