{"id":8329,"date":"2023-02-13T12:41:08","date_gmt":"2023-02-13T15:41:08","guid":{"rendered":"https:\/\/museudofutebol.org.br\/teste\/?page_id=8329"},"modified":"2024-09-09T15:32:35","modified_gmt":"2024-09-09T18:32:35","slug":"voluntariado","status":"publish","type":"page","link":"https:\/\/museudofutebol.org.br\/teste\/institucional-pt\/voluntariado\/","title":{"rendered":"Programa de voluntariado"},"content":{"rendered":"<div class=\"wpb-content-wrapper\"><p>[vc_row][vc_column width=&#8221;2\/3&#8243;][vc_column_text]A Organiza\u00e7\u00e3o Social <a href=\"http:\/\/www.idbr.org.br\/\" target=\"_blank\" rel=\"noopener noreferrer\">IDBrasil Cultura, Educa\u00e7\u00e3o e Esporte,<\/a> gestora do Museu do Futebol, mant\u00e9m um Programa de Voluntariado com o objetivo estimular a pr\u00e1tica cidada\u0303 e o esp\u00edrito de responsabilidade social. O Programa \u00e9 gerenciado pelo N\u00facleo de Recursos Humanos, com a participa\u00e7\u00e3o e apoio das coordena\u00e7\u00f5es dos demais n\u00facleos. As vagas dispon\u00edveis ser\u00e3o divulgadas no site do IDBrasil, com o descritivo das atividades e requisitos t\u00e9cnicos necess\u00e1rios para execu\u00e7\u00e3o dos trabalhos.<\/p>\n<p><a href=\"https:\/\/www.idbr.org.br\/wp-content\/uploads\/2022\/12\/Politica-Programa-Voluntariado-IDBrasil.pdf\"><strong>Pol\u00edtica do Programa de Voluntariado IDBrasil<\/strong><\/a><\/p>\n<p>Confira as <a href=\"https:\/\/www.idbr.org.br\/category\/voluntariado-vagas-abertas\/\">oportunidades dispon\u00edveis<\/a>.[\/vc_column_text][\/vc_column][vc_column width=&#8221;1\/3&#8243;][vc_wp_custommenu nav_menu=&#8221;16&#8243;][\/vc_column][\/vc_row]<\/p>\n<\/div>","protected":false},"excerpt":{"rendered":"<p>[vc_row][vc_column width=&#8221;2\/3&#8243;][vc_column_text]A Organiza\u00e7\u00e3o Social IDBrasil Cultura, Educa\u00e7\u00e3o e Esporte, gestora do Museu do Futebol, mant\u00e9m um Programa de Voluntariado com o objetivo estimular a pr\u00e1tica cidada\u0303<span class=\"excerpt-hellip\"> [\u2026]<\/span><\/p>\n","protected":false},"author":13,"featured_media":0,"parent":79,"menu_order":0,"comment_status":"closed","ping_status":"closed","template":"","meta":[],"acf":[],"yoast_head":"<!-- This site is optimized with the Yoast SEO plugin v20.8 - https:\/\/yoast.com\/wordpress\/plugins\/seo\/ -->\n<title>Programa de voluntariado - Museu do Futebol<\/title>\n<meta name=\"robots\" content=\"index, follow, max-snippet:-1, max-image-preview:large, max-video-preview:-1\" \/>\n<link rel=\"canonical\" href=\"https:\/\/museudofutebol.org.br\/teste\/institucional-pt\/voluntariado\/\" \/>\n<meta property=\"og:locale\" content=\"pt_BR\" \/>\n<meta property=\"og:type\" content=\"article\" \/>\n<meta property=\"og:title\" content=\"Programa de voluntariado - Museu do Futebol\" \/>\n<meta property=\"og:description\" content=\"[vc_row][vc_column width=&#8221;2\/3&#8243;][vc_column_text]A Organiza\u00e7\u00e3o Social IDBrasil Cultura, Educa\u00e7\u00e3o e Esporte, gestora do Museu do Futebol, mant\u00e9m um Programa de Voluntariado com o objetivo estimular a pr\u00e1tica cidada\u0303 [\u2026]\" \/>\n<meta property=\"og:url\" content=\"https:\/\/museudofutebol.org.br\/teste\/institucional-pt\/voluntariado\/\" \/>\n<meta property=\"og:site_name\" content=\"Museu do Futebol\" \/>\n<meta property=\"article:publisher\" content=\"https:\/\/www.facebook.com\/museudofutebol\" \/>\n<meta property=\"article:modified_time\" content=\"2024-09-09T18:32:35+00:00\" \/>\n<meta name=\"twitter:card\" content=\"summary_large_image\" \/>\n<meta name=\"twitter:site\" content=\"@museudofutebol\" \/>\n<meta name=\"twitter:label1\" content=\"Est. tempo de leitura\" \/>\n\t<meta name=\"twitter:data1\" content=\"1 minuto\" \/>\n<script type=\"application\/ld+json\" class=\"yoast-schema-graph\">{\"@context\":\"https:\/\/schema.org\",\"@graph\":[{\"@type\":\"WebPage\",\"@id\":\"https:\/\/museudofutebol.org.br\/teste\/institucional-pt\/voluntariado\/\",\"url\":\"https:\/\/museudofutebol.org.br\/teste\/institucional-pt\/voluntariado\/\",\"name\":\"Programa de voluntariado - Museu do Futebol\",\"isPartOf\":{\"@id\":\"https:\/\/museudofutebol.org.br\/teste\/#website\"},\"datePublished\":\"2023-02-13T15:41:08+00:00\",\"dateModified\":\"2024-09-09T18:32:35+00:00\",\"breadcrumb\":{\"@id\":\"https:\/\/museudofutebol.org.br\/teste\/institucional-pt\/voluntariado\/#breadcrumb\"},\"inLanguage\":\"pt-BR\",\"potentialAction\":[{\"@type\":\"ReadAction\",\"target\":[\"https:\/\/museudofutebol.org.br\/teste\/institucional-pt\/voluntariado\/\"]}]},{\"@type\":\"BreadcrumbList\",\"@id\":\"https:\/\/museudofutebol.org.br\/teste\/institucional-pt\/voluntariado\/#breadcrumb\",\"itemListElement\":[{\"@type\":\"ListItem\",\"position\":1,\"name\":\"In\u00edcio\",\"item\":\"https:\/\/museudofutebol.org.br\/teste\/\"},{\"@type\":\"ListItem\",\"position\":2,\"name\":\"Institucional\",\"item\":\"https:\/\/museudofutebol.org.br\/teste\/institucional-pt\/\"},{\"@type\":\"ListItem\",\"position\":3,\"name\":\"Programa de voluntariado\"}]},{\"@type\":\"WebSite\",\"@id\":\"https:\/\/museudofutebol.org.br\/teste\/#website\",\"url\":\"https:\/\/museudofutebol.org.br\/teste\/\",\"name\":\"Museu do Futebol\",\"description\":\"\",\"potentialAction\":[{\"@type\":\"SearchAction\",\"target\":{\"@type\":\"EntryPoint\",\"urlTemplate\":\"https:\/\/museudofutebol.org.br\/teste\/?s={search_term_string}\"},\"query-input\":\"required name=search_term_string\"}],\"inLanguage\":\"pt-BR\"}]}<\/script>\n<!-- \/ Yoast SEO plugin. -->","yoast_head_json":{"title":"Programa de voluntariado - Museu do Futebol","robots":{"index":"index","follow":"follow","max-snippet":"max-snippet:-1","max-image-preview":"max-image-preview:large","max-video-preview":"max-video-preview:-1"},"canonical":"https:\/\/museudofutebol.org.br\/teste\/institucional-pt\/voluntariado\/","og_locale":"pt_BR","og_type":"article","og_title":"Programa de voluntariado - Museu do Futebol","og_description":"[vc_row][vc_column width=&#8221;2\/3&#8243;][vc_column_text]A Organiza\u00e7\u00e3o Social IDBrasil Cultura, Educa\u00e7\u00e3o e Esporte, gestora do Museu do Futebol, mant\u00e9m um Programa de Voluntariado com o objetivo estimular a pr\u00e1tica cidada\u0303 [\u2026]","og_url":"https:\/\/museudofutebol.org.br\/teste\/institucional-pt\/voluntariado\/","og_site_name":"Museu do Futebol","article_publisher":"https:\/\/www.facebook.com\/museudofutebol","article_modified_time":"2024-09-09T18:32:35+00:00","twitter_card":"summary_large_image","twitter_site":"@museudofutebol","twitter_misc":{"Est. tempo de leitura":"1 minuto"},"schema":{"@context":"https:\/\/schema.org","@graph":[{"@type":"WebPage","@id":"https:\/\/museudofutebol.org.br\/teste\/institucional-pt\/voluntariado\/","url":"https:\/\/museudofutebol.org.br\/teste\/institucional-pt\/voluntariado\/","name":"Programa de voluntariado - Museu do Futebol","isPartOf":{"@id":"https:\/\/museudofutebol.org.br\/teste\/#website"},"datePublished":"2023-02-13T15:41:08+00:00","dateModified":"2024-09-09T18:32:35+00:00","breadcrumb":{"@id":"https:\/\/museudofutebol.org.br\/teste\/institucional-pt\/voluntariado\/#breadcrumb"},"inLanguage":"pt-BR","potentialAction":[{"@type":"ReadAction","target":["https:\/\/museudofutebol.org.br\/teste\/institucional-pt\/voluntariado\/"]}]},{"@type":"BreadcrumbList","@id":"https:\/\/museudofutebol.org.br\/teste\/institucional-pt\/voluntariado\/#breadcrumb","itemListElement":[{"@type":"ListItem","position":1,"name":"In\u00edcio","item":"https:\/\/museudofutebol.org.br\/teste\/"},{"@type":"ListItem","position":2,"name":"Institucional","item":"https:\/\/museudofutebol.org.br\/teste\/institucional-pt\/"},{"@type":"ListItem","position":3,"name":"Programa de voluntariado"}]},{"@type":"WebSite","@id":"https:\/\/museudofutebol.org.br\/teste\/#website","url":"https:\/\/museudofutebol.org.br\/teste\/","name":"Museu do Futebol","description":"","potentialAction":[{"@type":"SearchAction","target":{"@type":"EntryPoint","urlTemplate":"https:\/\/museudofutebol.org.br\/teste\/?s={search_term_string}"},"query-input":"required name=search_term_string"}],"inLanguage":"pt-BR"}]}},"_links":{"self":[{"href":"https:\/\/museudofutebol.org.br\/teste\/wp-json\/wp\/v2\/pages\/8329"}],"collection":[{"href":"https:\/\/museudofutebol.org.br\/teste\/wp-json\/wp\/v2\/pages"}],"about":[{"href":"https:\/\/museudofutebol.org.br\/teste\/wp-json\/wp\/v2\/types\/page"}],"author":[{"embeddable":true,"href":"https:\/\/museudofutebol.org.br\/teste\/wp-json\/wp\/v2\/users\/13"}],"replies":[{"embeddable":true,"href":"https:\/\/museudofutebol.org.br\/teste\/wp-json\/wp\/v2\/comments?post=8329"}],"version-history":[{"count":3,"href":"https:\/\/museudofutebol.org.br\/teste\/wp-json\/wp\/v2\/pages\/8329\/revisions"}],"predecessor-version":[{"id":8388,"href":"https:\/\/museudofutebol.org.br\/teste\/wp-json\/wp\/v2\/pages\/8329\/revisions\/8388"}],"up":[{"embeddable":true,"href":"https:\/\/museudofutebol.org.br\/teste\/wp-json\/wp\/v2\/pages\/79"}],"wp:attachment":[{"href":"https:\/\/museudofutebol.org.br\/teste\/wp-json\/wp\/v2\/media?parent=8329"}],"curies":[{"name":"wp","href":"https:\/\/api.w.org\/{rel}","templated":true}]}}