{"id":855,"date":"2020-09-09T18:00:09","date_gmt":"2020-09-09T21:00:09","guid":{"rendered":"https:\/\/museudofutebol.org.br\/teste\/?page_id=855"},"modified":"2022-02-23T18:36:28","modified_gmt":"2022-02-23T21:36:28","slug":"revivendo-memorias","status":"publish","type":"page","link":"https:\/\/museudofutebol.org.br\/teste\/acessibilidade\/revivendo-memorias\/","title":{"rendered":"Revivendo Mem\u00f3rias"},"content":{"rendered":"<div class=\"wpb-content-wrapper\"><p>[vc_row][vc_column width=&#8221;2\/3&#8243;][vc_column_text]<img decoding=\"async\" loading=\"lazy\" class=\"alignnone wp-image-941 size-full\" src=\"https:\/\/museudofutebol.org.br\/teste\/wp-content\/uploads\/2020\/09\/IMG-20200331-WA0026.jpg\" alt=\"\" width=\"1024\" height=\"768\" srcset=\"https:\/\/museudofutebol.org.br\/teste\/wp-content\/uploads\/2020\/09\/IMG-20200331-WA0026.jpg 1024w, https:\/\/museudofutebol.org.br\/teste\/wp-content\/uploads\/2020\/09\/IMG-20200331-WA0026-300x225.jpg 300w, https:\/\/museudofutebol.org.br\/teste\/wp-content\/uploads\/2020\/09\/IMG-20200331-WA0026-768x576.jpg 768w, https:\/\/museudofutebol.org.br\/teste\/wp-content\/uploads\/2020\/09\/IMG-20200331-WA0026-195x146.jpg 195w, https:\/\/museudofutebol.org.br\/teste\/wp-content\/uploads\/2020\/09\/IMG-20200331-WA0026-50x38.jpg 50w, https:\/\/museudofutebol.org.br\/teste\/wp-content\/uploads\/2020\/09\/IMG-20200331-WA0026-100x75.jpg 100w, https:\/\/museudofutebol.org.br\/teste\/wp-content\/uploads\/2020\/09\/IMG-20200331-WA0026-960x720.jpg 960w\" sizes=\"(max-width:767px) 480px, (max-width:1024px) 100vw, 1024px\" \/><\/p>\n<p>Realizado em parceria com o Grupo de Neurologia Cognitiva e do Comportamento Hospital das Cl\u00ednicas de S\u00e3o Paulo, o projeto Revivendo Mem\u00f3rias, parte do Programa Museu Amigo do Idoso, proporciona o atendimento a pessoas com a Doen\u00e7a de Alzheimer. Por meio de visitas mediadas e atividades em grupo realizadas pelo N\u00facleo Educativo e por profissionais do Hospital das Cl\u00ednicas, os pacientes s\u00e3o estimulados a ativar suas mem\u00f3rias afetivas relacionadas aos acervos da exposi\u00e7\u00e3o principal do museu e a socializar no espa\u00e7o. O objetivo do projeto \u00e9 promover benef\u00edcios psicossociais, incluindo melhora do bem-estar de indiv\u00edduos com Alzheimer, de seus familiares e cuidadores . O atendimento \u00e9 totalmente gratuito.<\/p>\n<p><strong>#EmCasa &#8211; <\/strong>Durante a pandemia de coronav\u00edrus, o projeto foi adaptado para realizar atendimentos remotos, por telefone e v\u00eddeo chamada. O N\u00facleo Educativo atende idosos com ou sem Alzheimer, individualmente ou por meio de institui\u00e7\u00f5es sociais, inclusive as que trabalham com pessoas em situa\u00e7\u00e3o de vulnerabilidade. A equipe prepara atividades personalizadas para que a experi\u00eancia das pessoas atendidas seja \u00fanica e estimulante.<\/p>\n<p>&nbsp;<\/p>\n<h3><b>Como agendar <\/b><\/h3>\n<p>Por e-mail: <a href=\"mailto:agendamento@museudofutebol.org.br\/teste\">agendamento@museudofutebol.org.br\/teste<\/a>.<br \/>\nInforma\u00e7\u00f5es necess\u00e1rias:<\/p>\n<p>&#8211; Indicar dia e hora de prefer\u00eancia<br \/>\n&#8211; Que meio de comunica\u00e7\u00e3o desejada (Google Meet, Zoom ou Teams)<br \/>\n&#8211; Entidades devem informar perfil do p\u00fablico atendido e quantas pessoas participar\u00e3o da atividade.<\/p>\n<p>O Museu do Futebol entrar\u00e1 em contato para confirmar o agendamento.<\/p>\n<p>Por telefone: (11) 99113-0226 (segunda a sexta, das 9h \u00e0s 12h)[\/vc_column_text][vc_custom_heading text=&#8221;Parceiros&#8221; font_container=&#8221;tag:h3|text_align:left&#8221; use_theme_fonts=&#8221;yes&#8221; el_class=&#8221;header-secao&#8221;][vc_column_text]<span class=\"TextRun SCXW223972276 BCX0\" lang=\"PT-BR\" xml:lang=\"PT-BR\" data-contrast=\"auto\"><span class=\"NormalTextRun SCXW223972276 BCX0\" data-ccp-parastyle=\"paragraph\" data-ccp-parastyle-defn=\"{&quot;ObjectId&quot;:&quot;89552e48-87bb-413a-9396-6ec1b36e2d2a|41&quot;,&quot;ClassId&quot;:1073872969,&quot;Properties&quot;:[469775450,&quot;paragraph&quot;,201340122,&quot;2&quot;,134233614,&quot;true&quot;,469778129,&quot;paragraph&quot;,335572020,&quot;1&quot;,469777841,&quot;Times New Roman&quot;,469777842,&quot;Times New Roman&quot;,469777843,&quot;Times New Roman&quot;,469777844,&quot;Times New Roman&quot;,469769226,&quot;Times New Roman&quot;,268442635,&quot;24&quot;,335559705,&quot;1046&quot;,335559740,&quot;240&quot;,201341983,&quot;0&quot;,134233118,&quot;true&quot;,134233117,&quot;true&quot;,469778324,&quot;Normal&quot;]}\">O programa Museu Amigo do Idoso conta com o patroc\u00ednio <\/span><span class=\"NormalTextRun SCXW223972276 BCX0\" data-ccp-parastyle=\"paragraph\">d<\/span><span class=\"NormalTextRun SCXW223972276 BCX0\" data-ccp-parastyle=\"paragraph\">o Grupo <\/span><span class=\"NormalTextRun SpellingErrorV2 SCXW223972276 BCX0\" data-ccp-parastyle=\"paragraph\">Eurofarma<\/span><span class=\"NormalTextRun SCXW223972276 BCX0\" data-ccp-parastyle=\"paragraph\"> por meio da Lei Federal de Incentivo \u00e0 Cultura. <\/span><span class=\"NormalTextRun SCXW223972276 BCX0\" data-ccp-charstyle=\"eop\" data-ccp-charstyle-defn=\"{&quot;ObjectId&quot;:&quot;89552e48-87bb-413a-9396-6ec1b36e2d2a|42&quot;,&quot;ClassId&quot;:1073872969,&quot;Properties&quot;:[469775450,&quot;eop&quot;,201340122,&quot;1&quot;,134233614,&quot;true&quot;,469778129,&quot;eop&quot;,335572020,&quot;1&quot;,469778324,&quot;Default Paragraph Font&quot;]}\">Os atendimentos a pessoas com Alzheimer<\/span> <span class=\"NormalTextRun SCXW223972276 BCX0\" data-ccp-charstyle=\"eop\">s\u00e3o realizados em parceria com o Grupo de Neurologia Cognitiva e do Comportamento<\/span><span class=\"NormalTextRun SCXW223972276 BCX0\" data-ccp-charstyle=\"eop\"> do<\/span><span class=\"NormalTextRun SCXW223972276 BCX0\" data-ccp-charstyle=\"eop\"> Hospital das Cl\u00ednicas de S\u00e3o Paulo.<\/span><\/span><span class=\"EOP SCXW223972276 BCX0\" data-ccp-props=\"{&quot;134233117&quot;:true,&quot;134233118&quot;:true,&quot;201341983&quot;:0,&quot;335559740&quot;:240}\">\u00a0<\/span>[\/vc_column_text][\/vc_column][vc_column width=&#8221;1\/3&#8243;][vc_wp_custommenu nav_menu=&#8221;18&#8243;][\/vc_column][\/vc_row]<\/p>\n<\/div>","protected":false},"excerpt":{"rendered":"<p>[vc_row][vc_column width=&#8221;2\/3&#8243;][vc_column_text] Realizado em parceria com o Grupo de Neurologia Cognitiva e do Comportamento Hospital das Cl\u00ednicas de S\u00e3o Paulo, o projeto Revivendo Mem\u00f3rias, parte do<span class=\"excerpt-hellip\"> [\u2026]<\/span><\/p>\n","protected":false},"author":4,"featured_media":1511,"parent":696,"menu_order":0,"comment_status":"closed","ping_status":"closed","template":"","meta":[],"acf":[],"yoast_head":"<!-- This site is optimized with the Yoast SEO plugin v20.8 - https:\/\/yoast.com\/wordpress\/plugins\/seo\/ -->\n<title>Revivendo Mem\u00f3rias - Museu do Futebol<\/title>\n<meta name=\"robots\" content=\"index, follow, max-snippet:-1, max-image-preview:large, max-video-preview:-1\" \/>\n<link rel=\"canonical\" href=\"https:\/\/museudofutebol.org.br\/teste\/acessibilidade\/revivendo-memorias\/\" \/>\n<meta property=\"og:locale\" content=\"pt_BR\" \/>\n<meta property=\"og:type\" content=\"article\" \/>\n<meta property=\"og:title\" content=\"Revivendo Mem\u00f3rias - Museu do Futebol\" \/>\n<meta property=\"og:description\" content=\"[vc_row][vc_column width=&#8221;2\/3&#8243;][vc_column_text] Realizado em parceria com o Grupo de Neurologia Cognitiva e do Comportamento Hospital das Cl\u00ednicas de S\u00e3o Paulo, o projeto Revivendo Mem\u00f3rias, parte do [\u2026]\" \/>\n<meta property=\"og:url\" content=\"https:\/\/museudofutebol.org.br\/teste\/acessibilidade\/revivendo-memorias\/\" \/>\n<meta property=\"og:site_name\" content=\"Museu do Futebol\" \/>\n<meta property=\"article:publisher\" content=\"https:\/\/www.facebook.com\/museudofutebol\" \/>\n<meta property=\"article:modified_time\" content=\"2022-02-23T21:36:28+00:00\" \/>\n<meta property=\"og:image\" content=\"https:\/\/museudofutebol.org.br\/teste\/wp-content\/uploads\/2020\/09\/try-2.jpg\" \/>\n\t<meta property=\"og:image:width\" content=\"424\" \/>\n\t<meta property=\"og:image:height\" content=\"292\" \/>\n\t<meta property=\"og:image:type\" content=\"image\/jpeg\" \/>\n<meta name=\"twitter:card\" content=\"summary_large_image\" \/>\n<meta name=\"twitter:site\" content=\"@museudofutebol\" \/>\n<meta name=\"twitter:label1\" content=\"Est. tempo de leitura\" \/>\n\t<meta name=\"twitter:data1\" content=\"2 minutos\" \/>\n<script type=\"application\/ld+json\" class=\"yoast-schema-graph\">{\"@context\":\"https:\/\/schema.org\",\"@graph\":[{\"@type\":\"WebPage\",\"@id\":\"https:\/\/museudofutebol.org.br\/teste\/acessibilidade\/revivendo-memorias\/\",\"url\":\"https:\/\/museudofutebol.org.br\/teste\/acessibilidade\/revivendo-memorias\/\",\"name\":\"Revivendo Mem\u00f3rias - Museu do Futebol\",\"isPartOf\":{\"@id\":\"https:\/\/museudofutebol.org.br\/teste\/#website\"},\"datePublished\":\"2020-09-09T21:00:09+00:00\",\"dateModified\":\"2022-02-23T21:36:28+00:00\",\"breadcrumb\":{\"@id\":\"https:\/\/museudofutebol.org.br\/teste\/acessibilidade\/revivendo-memorias\/#breadcrumb\"},\"inLanguage\":\"pt-BR\",\"potentialAction\":[{\"@type\":\"ReadAction\",\"target\":[\"https:\/\/museudofutebol.org.br\/teste\/acessibilidade\/revivendo-memorias\/\"]}]},{\"@type\":\"BreadcrumbList\",\"@id\":\"https:\/\/museudofutebol.org.br\/teste\/acessibilidade\/revivendo-memorias\/#breadcrumb\",\"itemListElement\":[{\"@type\":\"ListItem\",\"position\":1,\"name\":\"In\u00edcio\",\"item\":\"https:\/\/museudofutebol.org.br\/teste\/\"},{\"@type\":\"ListItem\",\"position\":2,\"name\":\"Acessibilidade\",\"item\":\"https:\/\/museudofutebol.org.br\/teste\/acessibilidade\/\"},{\"@type\":\"ListItem\",\"position\":3,\"name\":\"Revivendo Mem\u00f3rias\"}]},{\"@type\":\"WebSite\",\"@id\":\"https:\/\/museudofutebol.org.br\/teste\/#website\",\"url\":\"https:\/\/museudofutebol.org.br\/teste\/\",\"name\":\"Museu do Futebol\",\"description\":\"\",\"potentialAction\":[{\"@type\":\"SearchAction\",\"target\":{\"@type\":\"EntryPoint\",\"urlTemplate\":\"https:\/\/museudofutebol.org.br\/teste\/?s={search_term_string}\"},\"query-input\":\"required name=search_term_string\"}],\"inLanguage\":\"pt-BR\"}]}<\/script>\n<!-- \/ Yoast SEO plugin. -->","yoast_head_json":{"title":"Revivendo Mem\u00f3rias - Museu do Futebol","robots":{"index":"index","follow":"follow","max-snippet":"max-snippet:-1","max-image-preview":"max-image-preview:large","max-video-preview":"max-video-preview:-1"},"canonical":"https:\/\/museudofutebol.org.br\/teste\/acessibilidade\/revivendo-memorias\/","og_locale":"pt_BR","og_type":"article","og_title":"Revivendo Mem\u00f3rias - Museu do Futebol","og_description":"[vc_row][vc_column width=&#8221;2\/3&#8243;][vc_column_text] Realizado em parceria com o Grupo de Neurologia Cognitiva e do Comportamento Hospital das Cl\u00ednicas de S\u00e3o Paulo, o projeto Revivendo Mem\u00f3rias, parte do [\u2026]","og_url":"https:\/\/museudofutebol.org.br\/teste\/acessibilidade\/revivendo-memorias\/","og_site_name":"Museu do Futebol","article_publisher":"https:\/\/www.facebook.com\/museudofutebol","article_modified_time":"2022-02-23T21:36:28+00:00","og_image":[{"width":424,"height":292,"url":"https:\/\/museudofutebol.org.br\/teste\/wp-content\/uploads\/2020\/09\/try-2.jpg","type":"image\/jpeg"}],"twitter_card":"summary_large_image","twitter_site":"@museudofutebol","twitter_misc":{"Est. tempo de leitura":"2 minutos"},"schema":{"@context":"https:\/\/schema.org","@graph":[{"@type":"WebPage","@id":"https:\/\/museudofutebol.org.br\/teste\/acessibilidade\/revivendo-memorias\/","url":"https:\/\/museudofutebol.org.br\/teste\/acessibilidade\/revivendo-memorias\/","name":"Revivendo Mem\u00f3rias - Museu do Futebol","isPartOf":{"@id":"https:\/\/museudofutebol.org.br\/teste\/#website"},"datePublished":"2020-09-09T21:00:09+00:00","dateModified":"2022-02-23T21:36:28+00:00","breadcrumb":{"@id":"https:\/\/museudofutebol.org.br\/teste\/acessibilidade\/revivendo-memorias\/#breadcrumb"},"inLanguage":"pt-BR","potentialAction":[{"@type":"ReadAction","target":["https:\/\/museudofutebol.org.br\/teste\/acessibilidade\/revivendo-memorias\/"]}]},{"@type":"BreadcrumbList","@id":"https:\/\/museudofutebol.org.br\/teste\/acessibilidade\/revivendo-memorias\/#breadcrumb","itemListElement":[{"@type":"ListItem","position":1,"name":"In\u00edcio","item":"https:\/\/museudofutebol.org.br\/teste\/"},{"@type":"ListItem","position":2,"name":"Acessibilidade","item":"https:\/\/museudofutebol.org.br\/teste\/acessibilidade\/"},{"@type":"ListItem","position":3,"name":"Revivendo Mem\u00f3rias"}]},{"@type":"WebSite","@id":"https:\/\/museudofutebol.org.br\/teste\/#website","url":"https:\/\/museudofutebol.org.br\/teste\/","name":"Museu do Futebol","description":"","potentialAction":[{"@type":"SearchAction","target":{"@type":"EntryPoint","urlTemplate":"https:\/\/museudofutebol.org.br\/teste\/?s={search_term_string}"},"query-input":"required name=search_term_string"}],"inLanguage":"pt-BR"}]}},"_links":{"self":[{"href":"https:\/\/museudofutebol.org.br\/teste\/wp-json\/wp\/v2\/pages\/855"}],"collection":[{"href":"https:\/\/museudofutebol.org.br\/teste\/wp-json\/wp\/v2\/pages"}],"about":[{"href":"https:\/\/museudofutebol.org.br\/teste\/wp-json\/wp\/v2\/types\/page"}],"author":[{"embeddable":true,"href":"https:\/\/museudofutebol.org.br\/teste\/wp-json\/wp\/v2\/users\/4"}],"replies":[{"embeddable":true,"href":"https:\/\/museudofutebol.org.br\/teste\/wp-json\/wp\/v2\/comments?post=855"}],"version-history":[{"count":10,"href":"https:\/\/museudofutebol.org.br\/teste\/wp-json\/wp\/v2\/pages\/855\/revisions"}],"predecessor-version":[{"id":5179,"href":"https:\/\/museudofutebol.org.br\/teste\/wp-json\/wp\/v2\/pages\/855\/revisions\/5179"}],"up":[{"embeddable":true,"href":"https:\/\/museudofutebol.org.br\/teste\/wp-json\/wp\/v2\/pages\/696"}],"wp:featuredmedia":[{"embeddable":true,"href":"https:\/\/museudofutebol.org.br\/teste\/wp-json\/wp\/v2\/media\/1511"}],"wp:attachment":[{"href":"https:\/\/museudofutebol.org.br\/teste\/wp-json\/wp\/v2\/media?parent=855"}],"curies":[{"name":"wp","href":"https:\/\/api.w.org\/{rel}","templated":true}]}}