{"id":8850,"date":"2023-04-14T10:17:03","date_gmt":"2023-04-14T13:17:03","guid":{"rendered":"https:\/\/museudofutebol.org.br\/teste\/?page_id=8850"},"modified":"2023-04-14T10:17:03","modified_gmt":"2023-04-14T13:17:03","slug":"2o-concurso-de-cronicas","status":"publish","type":"page","link":"https:\/\/museudofutebol.org.br\/teste\/2o-concurso-de-cronicas\/","title":{"rendered":"2\u00ba Concurso de Cr\u00f4nicas"},"content":{"rendered":"<div class=\"wpb-content-wrapper\"><p>[vc_row][vc_column width=&#8221;2\/3&#8243;][vc_single_image image=&#8221;8851&#8243; img_size=&#8221;full&#8221;][vc_column_text]<span class=\"TextRun SCXW10594002 BCX0\" lang=\"PT-BR\" xml:lang=\"PT-BR\" data-contrast=\"auto\"><span class=\"NormalTextRun SCXW10594002 BCX0\">Depois do sucesso da primeira edi\u00e7\u00e3o, que teve 444 inscritos de todos os estados do Brasil, o <strong>Museu do Futebol lan\u00e7a o 2\u00ba Concurso de Cr\u00f4nicas, em parceria com a Revista Placar. <\/strong>Confira abaixo todos os detalhes.<\/span><\/span><\/p>\n<p>&nbsp;<\/p>\n<h2>Inscri\u00e7\u00f5es<\/h2>\n<p><span class=\"TextRun SCXW32405730 BCX0\" lang=\"PT-BR\" xml:lang=\"PT-BR\" data-contrast=\"auto\"><span class=\"NormalTextRun SCXW32405730 BCX0\">As inscri\u00e7\u00f5es para o concurso ficam abertas de<strong> 14 de abril a 14 de maio<\/strong>, e devem ser feitas exclusivamente por meio do formul\u00e1rio eletr\u00f4nico dispon\u00edvel <\/span><\/span><a class=\"Hyperlink SCXW32405730 BCX0\" href=\"https:\/\/bit.ly\/ConcursoCronicas2023\" target=\"_blank\" rel=\"noreferrer noopener\"><span class=\"TextRun Underlined SCXW32405730 BCX0\" lang=\"PT-BR\" xml:lang=\"PT-BR\" data-contrast=\"none\"><span class=\"NormalTextRun SCXW32405730 BCX0\" data-ccp-charstyle=\"Hyperlink\">neste link<\/span><span class=\"NormalTextRun SCXW32405730 BCX0\" data-ccp-charstyle=\"Hyperlink\">.<\/span><\/span><\/a> <span class=\"EOP SCXW32405730 BCX0\" data-ccp-props=\"{&quot;134233117&quot;:false,&quot;134233118&quot;:false,&quot;201341983&quot;:0,&quot;335551550&quot;:6,&quot;335551620&quot;:6,&quot;335559685&quot;:0,&quot;335559737&quot;:0,&quot;335559738&quot;:0,&quot;335559739&quot;:160,&quot;335559740&quot;:259}\">\u00a0<\/span><\/p>\n<p>&nbsp;<\/p>\n<h2>Premia\u00e7\u00e3o<\/h2>\n<p><span class=\"TextRun SCXW18359691 BCX0\" lang=\"PT-BR\" xml:lang=\"PT-BR\" data-contrast=\"auto\"><span class=\"NormalTextRun SCXW18359691 BCX0\">O concurso <\/span><span class=\"NormalTextRun SCXW18359691 BCX0\">conceder\u00e1 <\/span><\/span><span class=\"TextRun SCXW18359691 BCX0\" lang=\"PT-BR\" xml:lang=\"PT-BR\" data-contrast=\"auto\"><span class=\"NormalTextRun SCXW18359691 BCX0\">pr\u00eamios de <strong>R$ 2.000, R$ 1.500 e R$ 1.000<\/strong><\/span><\/span><span class=\"TextRun SCXW18359691 BCX0\" lang=\"PT-BR\" xml:lang=\"PT-BR\" data-contrast=\"auto\"><span class=\"NormalTextRun SCXW18359691 BCX0\"> para as tr\u00eas pessoas que enviarem os melhores textos. As cr\u00f4nicas vencedoras ser\u00e3o publicadas nos sites do Museu do Futebol e Placar, e <strong>o primeiro<\/strong><\/span><strong><span class=\"NormalTextRun SCXW18359691 BCX0\"> lugar sair\u00e1 tamb\u00e9m em uma edi\u00e7\u00e3o impressa da revista. <\/span><\/strong><\/span><strong><span class=\"EOP SCXW18359691 BCX0\" data-ccp-props=\"{&quot;134233117&quot;:false,&quot;134233118&quot;:false,&quot;201341983&quot;:0,&quot;335551550&quot;:6,&quot;335551620&quot;:6,&quot;335559685&quot;:0,&quot;335559737&quot;:0,&quot;335559738&quot;:0,&quot;335559739&quot;:160,&quot;335559740&quot;:259}\">\u00a0<\/span><\/strong><\/p>\n<p>&nbsp;<\/p>\n<h2>Tema<\/h2>\n<p><span class=\"TextRun SCXW238582641 BCX0\" lang=\"PT-BR\" xml:lang=\"PT-BR\" data-contrast=\"auto\"><span class=\"NormalTextRun SCXW238582641 BCX0\">Em ano de Copa do Mundo de Futebol Feminino, <strong>o tema do concurso ser\u00e1 <\/strong><\/span><\/span><strong><span class=\"TextRun SCXW238582641 BCX0\" lang=\"PT-BR\" xml:lang=\"PT-BR\" data-contrast=\"auto\"><span class=\"NormalTextRun SCXW238582641 BCX0\">Mulheres e o Futebol<\/span><\/span><\/strong><span class=\"TextRun SCXW238582641 BCX0\" lang=\"PT-BR\" xml:lang=\"PT-BR\" data-contrast=\"auto\"><strong><span class=\"NormalTextRun SCXW238582641 BCX0\">.<\/span> <\/strong><span class=\"NormalTextRun SCXW238582641 BCX0\">E<\/span><span class=\"NormalTextRun SCXW238582641 BCX0\">mbora muitas vezes descrito como \u201co esporte mais democr\u00e1tico do mundo\u201d,<\/span> <span class=\"NormalTextRun SCXW238582641 BCX0\">o futebol <\/span><span class=\"NormalTextRun SCXW238582641 BCX0\">acaba sendo excludente e hostil para muitas pessoas, incluindo as mulheres<\/span><span class=\"NormalTextRun SCXW238582641 BCX0\">. Mesmo assim, elas encontram caminhos para exercer sua paix\u00e3o &#8211; como torcedoras, jogadoras, profissionais<\/span><span class=\"NormalTextRun SCXW238582641 BCX0\">, dirigentes entre muitos pap\u00e9is poss\u00edveis.\u00a0<\/span><\/span><span class=\"EOP SCXW238582641 BCX0\" data-ccp-props=\"{&quot;134233117&quot;:false,&quot;134233118&quot;:false,&quot;201341983&quot;:0,&quot;335551550&quot;:6,&quot;335551620&quot;:6,&quot;335559685&quot;:0,&quot;335559737&quot;:0,&quot;335559738&quot;:0,&quot;335559739&quot;:160,&quot;335559740&quot;:259}\">\u00a0<\/span><\/p>\n<p>&nbsp;<\/p>\n<h2>Quem pode participar<\/h2>\n<p><span class=\"TextRun SCXW159185346 BCX0\" lang=\"PT-BR\" xml:lang=\"PT-BR\" data-contrast=\"auto\"><span class=\"NormalTextRun SCXW159185346 BCX0\">Qualquer pessoa pode participar, profissionais, estudantes ou amadoras, <\/span><span class=\"NormalTextRun SCXW159185346 BCX0\">sendo que todas concorrem em categoria \u00fanica. \u00c9 permitida tamb\u00e9m a participa\u00e7\u00e3o de menores de 18 anos, desde que com autoriza\u00e7\u00e3o dos pais ou respons\u00e1veis.<\/span> <span class=\"NormalTextRun SCXW159185346 BCX0\">Os textos devem ser <\/span><\/span><strong><span class=\"TextRun SCXW159185346 BCX0\" lang=\"PT-BR\" xml:lang=\"PT-BR\" data-contrast=\"auto\"><span class=\"NormalTextRun SCXW159185346 BCX0\">in\u00e9ditos<\/span><\/span><\/strong><span class=\"TextRun SCXW159185346 BCX0\" lang=\"PT-BR\" xml:lang=\"PT-BR\" data-contrast=\"auto\"><span class=\"NormalTextRun SCXW159185346 BCX0\"> &#8211; ou seja, jamais publicados &#8211; e ter <strong>tamanho <\/strong><\/span><\/span><strong><span class=\"TextRun SCXW159185346 BCX0\" lang=\"PT-BR\" xml:lang=\"PT-BR\" data-contrast=\"auto\"><span class=\"NormalTextRun SCXW159185346 BCX0\">m\u00e1ximo de 3.300 caracteres com espa\u00e7o<\/span><\/span><\/strong><span class=\"TextRun SCXW159185346 BCX0\" lang=\"PT-BR\" xml:lang=\"PT-BR\" data-contrast=\"auto\"><span class=\"NormalTextRun SCXW159185346 BCX0\">, incluindo, obrigatoriamente, t\u00edtulo e nome da autora ou autor<\/span><span class=\"NormalTextRun SCXW159185346 BCX0\">. O <\/span><span class=\"NormalTextRun SCXW159185346 BCX0\">regulamento do concurso<\/span> <span class=\"NormalTextRun SCXW159185346 BCX0\">est\u00e1 dispon\u00edvel <\/span><\/span><a class=\"Hyperlink SCXW159185346 BCX0\" href=\"https:\/\/www.idbr.org.br\/2o-concurso-de-cronicas-do-museu-do-futebol\/\" target=\"_blank\" rel=\"noreferrer noopener\"><span class=\"TextRun Underlined SCXW159185346 BCX0\" lang=\"PT-BR\" xml:lang=\"PT-BR\" data-contrast=\"none\"><span class=\"NormalTextRun SCXW159185346 BCX0\" data-ccp-charstyle=\"Hyperlink\">aqui<\/span><span class=\"NormalTextRun SCXW159185346 BCX0\" data-ccp-charstyle=\"Hyperlink\">.<\/span><\/span><\/a><span class=\"EOP SCXW159185346 BCX0\" data-ccp-props=\"{&quot;134233117&quot;:false,&quot;134233118&quot;:false,&quot;201341983&quot;:0,&quot;335551550&quot;:6,&quot;335551620&quot;:6,&quot;335559685&quot;:0,&quot;335559737&quot;:0,&quot;335559738&quot;:0,&quot;335559739&quot;:160,&quot;335559740&quot;:259}\">\u00a0<\/span><\/p>\n<p><span class=\"TextRun SCXW160754993 BCX0\" lang=\"PT-BR\" xml:lang=\"PT-BR\" data-contrast=\"auto\"><span class=\"NormalTextRun SCXW160754993 BCX0\">A cr\u00f4nica \u00e9 um g\u00eanero esportivo muit<\/span><span class=\"NormalTextRun SCXW160754993 BCX0\">o difundido no Brasil e que tem como caracter\u00edstica ser uma narrativa curta, entre o jornalismo e a literatura<\/span><span class=\"NormalTextRun SCXW160754993 BCX0\">, que expressa a livre interpreta\u00e7\u00e3o da autora ou do autor sobre um <\/span><span class=\"NormalTextRun SCXW160754993 BCX0\">fato do cotidiano. A cr\u00f4nica pode inclusive <\/span><span class=\"NormalTextRun SCXW160754993 BCX0\">aludir a situa\u00e7\u00f5es ficcionais, desde que estas mantenham verossimilhan\u00e7a com o ambiente esportivo.<\/span><\/span><span class=\"EOP SCXW160754993 BCX0\" data-ccp-props=\"{&quot;134233117&quot;:false,&quot;134233118&quot;:false,&quot;201341983&quot;:0,&quot;335551550&quot;:6,&quot;335551620&quot;:6,&quot;335559685&quot;:0,&quot;335559737&quot;:0,&quot;335559738&quot;:0,&quot;335559739&quot;:160,&quot;335559740&quot;:259}\">\u00a0<\/span><\/p>\n<p>&nbsp;<\/p>\n<h2>Resultado<\/h2>\n<p><span class=\"TextRun SCXW243990938 BCX0\" lang=\"PT-BR\" xml:lang=\"PT-BR\" data-contrast=\"auto\"><span class=\"NormalTextRun SCXW243990938 BCX0\">O resultado ser\u00e1 divulgado no site do Museu do Futebol e nas redes sociais <strong>at\u00e9 o dia <\/strong><\/span><strong><span class=\"NormalTextRun SCXW243990938 BCX0\">16 de junho.<\/span><\/strong><\/span><strong><span class=\"EOP SCXW243990938 BCX0\" data-ccp-props=\"{&quot;134233117&quot;:false,&quot;134233118&quot;:false,&quot;201341983&quot;:0,&quot;335551550&quot;:6,&quot;335551620&quot;:6,&quot;335559685&quot;:0,&quot;335559737&quot;:0,&quot;335559738&quot;:0,&quot;335559739&quot;:160,&quot;335559740&quot;:259}\">\u00a0<\/span><\/strong>[\/vc_column_text][vc_btn title=&#8221;FA\u00c7A SUA INSCRI\u00c7\u00c3O AQUI&#8221; color=&#8221;warning&#8221; size=&#8221;lg&#8221; align=&#8221;left&#8221; link=&#8221;url:https%3A%2F%2Fbit.ly%2FConcursoCronicas2023&#8243;][\/vc_column][vc_column width=&#8221;1\/3&#8243;][\/vc_column][\/vc_row]<\/p>\n<\/div>","protected":false},"excerpt":{"rendered":"<p>[vc_row][vc_column width=&#8221;2\/3&#8243;][vc_single_image image=&#8221;8851&#8243; img_size=&#8221;full&#8221;][vc_column_text]Depois do sucesso da primeira edi\u00e7\u00e3o, que teve 444 inscritos de todos os estados do Brasil, o Museu do Futebol lan\u00e7a o 2\u00ba<span class=\"excerpt-hellip\"> [\u2026]<\/span><\/p>\n","protected":false},"author":13,"featured_media":0,"parent":0,"menu_order":0,"comment_status":"closed","ping_status":"closed","template":"","meta":[],"acf":[],"yoast_head":"<!-- This site is optimized with the Yoast SEO plugin v20.8 - https:\/\/yoast.com\/wordpress\/plugins\/seo\/ -->\n<title>2\u00ba Concurso de Cr\u00f4nicas - Museu do Futebol<\/title>\n<meta name=\"description\" content=\"Participe do 2\u00ba Concurso de Cr\u00f4nicas do Museu do Futebol, em parceria com a Revista Placar. Veja os pr\u00eamios\" \/>\n<meta name=\"robots\" content=\"index, follow, max-snippet:-1, max-image-preview:large, max-video-preview:-1\" \/>\n<link rel=\"canonical\" href=\"https:\/\/museudofutebol.org.br\/teste\/2o-concurso-de-cronicas\/\" \/>\n<meta property=\"og:locale\" content=\"pt_BR\" \/>\n<meta property=\"og:type\" content=\"article\" \/>\n<meta property=\"og:title\" content=\"2\u00ba Concurso de Cr\u00f4nicas - Museu do Futebol\" \/>\n<meta property=\"og:description\" content=\"Participe do 2\u00ba Concurso de Cr\u00f4nicas do Museu do Futebol, em parceria com a Revista Placar. Veja os pr\u00eamios\" \/>\n<meta property=\"og:url\" content=\"https:\/\/museudofutebol.org.br\/teste\/2o-concurso-de-cronicas\/\" \/>\n<meta property=\"og:site_name\" content=\"Museu do Futebol\" \/>\n<meta property=\"article:publisher\" content=\"https:\/\/www.facebook.com\/museudofutebol\" \/>\n<meta name=\"twitter:card\" content=\"summary_large_image\" \/>\n<meta name=\"twitter:site\" content=\"@museudofutebol\" \/>\n<meta name=\"twitter:label1\" content=\"Est. tempo de leitura\" \/>\n\t<meta name=\"twitter:data1\" content=\"2 minutos\" \/>\n<script type=\"application\/ld+json\" class=\"yoast-schema-graph\">{\"@context\":\"https:\/\/schema.org\",\"@graph\":[{\"@type\":\"WebPage\",\"@id\":\"https:\/\/museudofutebol.org.br\/teste\/2o-concurso-de-cronicas\/\",\"url\":\"https:\/\/museudofutebol.org.br\/teste\/2o-concurso-de-cronicas\/\",\"name\":\"2\u00ba Concurso de Cr\u00f4nicas - Museu do Futebol\",\"isPartOf\":{\"@id\":\"https:\/\/museudofutebol.org.br\/teste\/#website\"},\"datePublished\":\"2023-04-14T13:17:03+00:00\",\"dateModified\":\"2023-04-14T13:17:03+00:00\",\"description\":\"Participe do 2\u00ba Concurso de Cr\u00f4nicas do Museu do Futebol, em parceria com a Revista Placar. Veja os pr\u00eamios\",\"breadcrumb\":{\"@id\":\"https:\/\/museudofutebol.org.br\/teste\/2o-concurso-de-cronicas\/#breadcrumb\"},\"inLanguage\":\"pt-BR\",\"potentialAction\":[{\"@type\":\"ReadAction\",\"target\":[\"https:\/\/museudofutebol.org.br\/teste\/2o-concurso-de-cronicas\/\"]}]},{\"@type\":\"BreadcrumbList\",\"@id\":\"https:\/\/museudofutebol.org.br\/teste\/2o-concurso-de-cronicas\/#breadcrumb\",\"itemListElement\":[{\"@type\":\"ListItem\",\"position\":1,\"name\":\"In\u00edcio\",\"item\":\"https:\/\/museudofutebol.org.br\/teste\/\"},{\"@type\":\"ListItem\",\"position\":2,\"name\":\"2\u00ba Concurso de Cr\u00f4nicas\"}]},{\"@type\":\"WebSite\",\"@id\":\"https:\/\/museudofutebol.org.br\/teste\/#website\",\"url\":\"https:\/\/museudofutebol.org.br\/teste\/\",\"name\":\"Museu do Futebol\",\"description\":\"\",\"potentialAction\":[{\"@type\":\"SearchAction\",\"target\":{\"@type\":\"EntryPoint\",\"urlTemplate\":\"https:\/\/museudofutebol.org.br\/teste\/?s={search_term_string}\"},\"query-input\":\"required name=search_term_string\"}],\"inLanguage\":\"pt-BR\"}]}<\/script>\n<!-- \/ Yoast SEO plugin. -->","yoast_head_json":{"title":"2\u00ba Concurso de Cr\u00f4nicas - Museu do Futebol","description":"Participe do 2\u00ba Concurso de Cr\u00f4nicas do Museu do Futebol, em parceria com a Revista Placar. Veja os pr\u00eamios","robots":{"index":"index","follow":"follow","max-snippet":"max-snippet:-1","max-image-preview":"max-image-preview:large","max-video-preview":"max-video-preview:-1"},"canonical":"https:\/\/museudofutebol.org.br\/teste\/2o-concurso-de-cronicas\/","og_locale":"pt_BR","og_type":"article","og_title":"2\u00ba Concurso de Cr\u00f4nicas - Museu do Futebol","og_description":"Participe do 2\u00ba Concurso de Cr\u00f4nicas do Museu do Futebol, em parceria com a Revista Placar. Veja os pr\u00eamios","og_url":"https:\/\/museudofutebol.org.br\/teste\/2o-concurso-de-cronicas\/","og_site_name":"Museu do Futebol","article_publisher":"https:\/\/www.facebook.com\/museudofutebol","twitter_card":"summary_large_image","twitter_site":"@museudofutebol","twitter_misc":{"Est. tempo de leitura":"2 minutos"},"schema":{"@context":"https:\/\/schema.org","@graph":[{"@type":"WebPage","@id":"https:\/\/museudofutebol.org.br\/teste\/2o-concurso-de-cronicas\/","url":"https:\/\/museudofutebol.org.br\/teste\/2o-concurso-de-cronicas\/","name":"2\u00ba Concurso de Cr\u00f4nicas - Museu do Futebol","isPartOf":{"@id":"https:\/\/museudofutebol.org.br\/teste\/#website"},"datePublished":"2023-04-14T13:17:03+00:00","dateModified":"2023-04-14T13:17:03+00:00","description":"Participe do 2\u00ba Concurso de Cr\u00f4nicas do Museu do Futebol, em parceria com a Revista Placar. Veja os pr\u00eamios","breadcrumb":{"@id":"https:\/\/museudofutebol.org.br\/teste\/2o-concurso-de-cronicas\/#breadcrumb"},"inLanguage":"pt-BR","potentialAction":[{"@type":"ReadAction","target":["https:\/\/museudofutebol.org.br\/teste\/2o-concurso-de-cronicas\/"]}]},{"@type":"BreadcrumbList","@id":"https:\/\/museudofutebol.org.br\/teste\/2o-concurso-de-cronicas\/#breadcrumb","itemListElement":[{"@type":"ListItem","position":1,"name":"In\u00edcio","item":"https:\/\/museudofutebol.org.br\/teste\/"},{"@type":"ListItem","position":2,"name":"2\u00ba Concurso de Cr\u00f4nicas"}]},{"@type":"WebSite","@id":"https:\/\/museudofutebol.org.br\/teste\/#website","url":"https:\/\/museudofutebol.org.br\/teste\/","name":"Museu do Futebol","description":"","potentialAction":[{"@type":"SearchAction","target":{"@type":"EntryPoint","urlTemplate":"https:\/\/museudofutebol.org.br\/teste\/?s={search_term_string}"},"query-input":"required name=search_term_string"}],"inLanguage":"pt-BR"}]}},"_links":{"self":[{"href":"https:\/\/museudofutebol.org.br\/teste\/wp-json\/wp\/v2\/pages\/8850"}],"collection":[{"href":"https:\/\/museudofutebol.org.br\/teste\/wp-json\/wp\/v2\/pages"}],"about":[{"href":"https:\/\/museudofutebol.org.br\/teste\/wp-json\/wp\/v2\/types\/page"}],"author":[{"embeddable":true,"href":"https:\/\/museudofutebol.org.br\/teste\/wp-json\/wp\/v2\/users\/13"}],"replies":[{"embeddable":true,"href":"https:\/\/museudofutebol.org.br\/teste\/wp-json\/wp\/v2\/comments?post=8850"}],"version-history":[{"count":4,"href":"https:\/\/museudofutebol.org.br\/teste\/wp-json\/wp\/v2\/pages\/8850\/revisions"}],"predecessor-version":[{"id":8859,"href":"https:\/\/museudofutebol.org.br\/teste\/wp-json\/wp\/v2\/pages\/8850\/revisions\/8859"}],"wp:attachment":[{"href":"https:\/\/museudofutebol.org.br\/teste\/wp-json\/wp\/v2\/media?parent=8850"}],"curies":[{"name":"wp","href":"https:\/\/api.w.org\/{rel}","templated":true}]}}