{"id":895,"date":"2020-09-10T18:06:08","date_gmt":"2020-09-10T21:06:08","guid":{"rendered":"https:\/\/museudofutebol.org.br\/teste\/?page_id=895"},"modified":"2020-12-10T17:57:41","modified_gmt":"2020-12-10T20:57:41","slug":"colabore","status":"publish","type":"page","link":"https:\/\/museudofutebol.org.br\/teste\/crfb\/colabore\/","title":{"rendered":"Colabore"},"content":{"rendered":"<div class=\"wpb-content-wrapper\"><p>[vc_row][vc_column width=&#8221;2\/3&#8243;][vc_column_text]O Museu do Futebol aceita doa\u00e7\u00f5es de livros, peri\u00f3dicos, cat\u00e1logos, teses, artigos e material audiovisual (\u00e1udio, fotos e v\u00eddeos). Por\u00e9m, fazemos uma sele\u00e7\u00e3o baseada em nossa pol\u00edtica de acervo.<\/p>\n<p>N\u00e3o temos estrutura para a guarda e preserva\u00e7\u00e3o de itens materiais, mas oferecemos a digitaliza\u00e7\u00e3o de fotos e documentos relacionados com a hist\u00f3ria do futebol no Brasil.<\/p>\n<p>Voc\u00ea conhece pessoas, lugares e eventos importantes para a mem\u00f3ria do futebol? D\u00ea a dica para o Museu do Futebol. Sua refer\u00eancia pode entrar para o acervo. Escreva para <a href=\"mailto:crfb@museudofutebol.org.br\/teste\">crfb@museudofutebol.org.br\/teste<\/a><\/p>\n<p>&nbsp;<\/p>\n<h3><strong>Conserva\u00e7\u00e3o de acervos pessoais<\/strong><\/h3>\n<p>Para aqueles que buscam dicas sobre como conservar suas cole\u00e7\u00f5es pessoais, preparamos uma cartilha com orienta\u00e7\u00f5es b\u00e1sicas.<\/p>\n<p>Baixe neste link: <strong><a href=\"http:\/\/educar.museudofutebol.org.br\/teste\/wp-content\/uploads\/2020\/03\/Preserve-seu-Acervo.pdf\">Cartilha Preserve seu Acervo<\/a><\/strong>[\/vc_column_text][\/vc_column][vc_column width=&#8221;1\/3&#8243;][vc_wp_custommenu nav_menu=&#8221;23&#8243;][\/vc_column][\/vc_row]<\/p>\n<\/div>","protected":false},"excerpt":{"rendered":"<p>[vc_row][vc_column width=&#8221;2\/3&#8243;][vc_column_text]O Museu do Futebol aceita doa\u00e7\u00f5es de livros, peri\u00f3dicos, cat\u00e1logos, teses, artigos e material audiovisual (\u00e1udio, fotos e v\u00eddeos). Por\u00e9m, fazemos uma sele\u00e7\u00e3o baseada em<span class=\"excerpt-hellip\"> [\u2026]<\/span><\/p>\n","protected":false},"author":4,"featured_media":2111,"parent":57,"menu_order":0,"comment_status":"closed","ping_status":"closed","template":"","meta":[],"acf":[],"yoast_head":"<!-- This site is optimized with the Yoast SEO plugin v20.8 - https:\/\/yoast.com\/wordpress\/plugins\/seo\/ -->\n<title>Colabore - Museu do Futebol<\/title>\n<meta name=\"robots\" content=\"index, follow, max-snippet:-1, max-image-preview:large, max-video-preview:-1\" \/>\n<link rel=\"canonical\" href=\"https:\/\/museudofutebol.org.br\/teste\/crfb\/colabore\/\" \/>\n<meta property=\"og:locale\" content=\"pt_BR\" \/>\n<meta property=\"og:type\" content=\"article\" \/>\n<meta property=\"og:title\" content=\"Colabore - Museu do Futebol\" \/>\n<meta property=\"og:description\" content=\"[vc_row][vc_column width=&#8221;2\/3&#8243;][vc_column_text]O Museu do Futebol aceita doa\u00e7\u00f5es de livros, peri\u00f3dicos, cat\u00e1logos, teses, artigos e material audiovisual (\u00e1udio, fotos e v\u00eddeos). Por\u00e9m, fazemos uma sele\u00e7\u00e3o baseada em [\u2026]\" \/>\n<meta property=\"og:url\" content=\"https:\/\/museudofutebol.org.br\/teste\/crfb\/colabore\/\" \/>\n<meta property=\"og:site_name\" content=\"Museu do Futebol\" \/>\n<meta property=\"article:publisher\" content=\"https:\/\/www.facebook.com\/museudofutebol\" \/>\n<meta property=\"article:modified_time\" content=\"2020-12-10T20:57:41+00:00\" \/>\n<meta property=\"og:image\" content=\"https:\/\/museudofutebol.org.br\/teste\/wp-content\/uploads\/2020\/12\/destaque_colabore.jpg\" \/>\n\t<meta property=\"og:image:width\" content=\"640\" \/>\n\t<meta property=\"og:image:height\" content=\"360\" \/>\n\t<meta property=\"og:image:type\" content=\"image\/jpeg\" \/>\n<meta name=\"twitter:card\" content=\"summary_large_image\" \/>\n<meta name=\"twitter:site\" content=\"@museudofutebol\" \/>\n<meta name=\"twitter:label1\" content=\"Est. tempo de leitura\" \/>\n\t<meta name=\"twitter:data1\" content=\"1 minuto\" \/>\n<script type=\"application\/ld+json\" class=\"yoast-schema-graph\">{\"@context\":\"https:\/\/schema.org\",\"@graph\":[{\"@type\":\"WebPage\",\"@id\":\"https:\/\/museudofutebol.org.br\/teste\/crfb\/colabore\/\",\"url\":\"https:\/\/museudofutebol.org.br\/teste\/crfb\/colabore\/\",\"name\":\"Colabore - Museu do Futebol\",\"isPartOf\":{\"@id\":\"https:\/\/museudofutebol.org.br\/teste\/#website\"},\"datePublished\":\"2020-09-10T21:06:08+00:00\",\"dateModified\":\"2020-12-10T20:57:41+00:00\",\"breadcrumb\":{\"@id\":\"https:\/\/museudofutebol.org.br\/teste\/crfb\/colabore\/#breadcrumb\"},\"inLanguage\":\"pt-BR\",\"potentialAction\":[{\"@type\":\"ReadAction\",\"target\":[\"https:\/\/museudofutebol.org.br\/teste\/crfb\/colabore\/\"]}]},{\"@type\":\"BreadcrumbList\",\"@id\":\"https:\/\/museudofutebol.org.br\/teste\/crfb\/colabore\/#breadcrumb\",\"itemListElement\":[{\"@type\":\"ListItem\",\"position\":1,\"name\":\"In\u00edcio\",\"item\":\"https:\/\/museudofutebol.org.br\/teste\/\"},{\"@type\":\"ListItem\",\"position\":2,\"name\":\"Sobre o CRFB\",\"item\":\"https:\/\/museudofutebol.org.br\/teste\/crfb\/\"},{\"@type\":\"ListItem\",\"position\":3,\"name\":\"Colabore\"}]},{\"@type\":\"WebSite\",\"@id\":\"https:\/\/museudofutebol.org.br\/teste\/#website\",\"url\":\"https:\/\/museudofutebol.org.br\/teste\/\",\"name\":\"Museu do Futebol\",\"description\":\"\",\"potentialAction\":[{\"@type\":\"SearchAction\",\"target\":{\"@type\":\"EntryPoint\",\"urlTemplate\":\"https:\/\/museudofutebol.org.br\/teste\/?s={search_term_string}\"},\"query-input\":\"required name=search_term_string\"}],\"inLanguage\":\"pt-BR\"}]}<\/script>\n<!-- \/ Yoast SEO plugin. -->","yoast_head_json":{"title":"Colabore - Museu do Futebol","robots":{"index":"index","follow":"follow","max-snippet":"max-snippet:-1","max-image-preview":"max-image-preview:large","max-video-preview":"max-video-preview:-1"},"canonical":"https:\/\/museudofutebol.org.br\/teste\/crfb\/colabore\/","og_locale":"pt_BR","og_type":"article","og_title":"Colabore - Museu do Futebol","og_description":"[vc_row][vc_column width=&#8221;2\/3&#8243;][vc_column_text]O Museu do Futebol aceita doa\u00e7\u00f5es de livros, peri\u00f3dicos, cat\u00e1logos, teses, artigos e material audiovisual (\u00e1udio, fotos e v\u00eddeos). Por\u00e9m, fazemos uma sele\u00e7\u00e3o baseada em [\u2026]","og_url":"https:\/\/museudofutebol.org.br\/teste\/crfb\/colabore\/","og_site_name":"Museu do Futebol","article_publisher":"https:\/\/www.facebook.com\/museudofutebol","article_modified_time":"2020-12-10T20:57:41+00:00","og_image":[{"width":640,"height":360,"url":"https:\/\/museudofutebol.org.br\/teste\/wp-content\/uploads\/2020\/12\/destaque_colabore.jpg","type":"image\/jpeg"}],"twitter_card":"summary_large_image","twitter_site":"@museudofutebol","twitter_misc":{"Est. tempo de leitura":"1 minuto"},"schema":{"@context":"https:\/\/schema.org","@graph":[{"@type":"WebPage","@id":"https:\/\/museudofutebol.org.br\/teste\/crfb\/colabore\/","url":"https:\/\/museudofutebol.org.br\/teste\/crfb\/colabore\/","name":"Colabore - Museu do Futebol","isPartOf":{"@id":"https:\/\/museudofutebol.org.br\/teste\/#website"},"datePublished":"2020-09-10T21:06:08+00:00","dateModified":"2020-12-10T20:57:41+00:00","breadcrumb":{"@id":"https:\/\/museudofutebol.org.br\/teste\/crfb\/colabore\/#breadcrumb"},"inLanguage":"pt-BR","potentialAction":[{"@type":"ReadAction","target":["https:\/\/museudofutebol.org.br\/teste\/crfb\/colabore\/"]}]},{"@type":"BreadcrumbList","@id":"https:\/\/museudofutebol.org.br\/teste\/crfb\/colabore\/#breadcrumb","itemListElement":[{"@type":"ListItem","position":1,"name":"In\u00edcio","item":"https:\/\/museudofutebol.org.br\/teste\/"},{"@type":"ListItem","position":2,"name":"Sobre o CRFB","item":"https:\/\/museudofutebol.org.br\/teste\/crfb\/"},{"@type":"ListItem","position":3,"name":"Colabore"}]},{"@type":"WebSite","@id":"https:\/\/museudofutebol.org.br\/teste\/#website","url":"https:\/\/museudofutebol.org.br\/teste\/","name":"Museu do Futebol","description":"","potentialAction":[{"@type":"SearchAction","target":{"@type":"EntryPoint","urlTemplate":"https:\/\/museudofutebol.org.br\/teste\/?s={search_term_string}"},"query-input":"required name=search_term_string"}],"inLanguage":"pt-BR"}]}},"_links":{"self":[{"href":"https:\/\/museudofutebol.org.br\/teste\/wp-json\/wp\/v2\/pages\/895"}],"collection":[{"href":"https:\/\/museudofutebol.org.br\/teste\/wp-json\/wp\/v2\/pages"}],"about":[{"href":"https:\/\/museudofutebol.org.br\/teste\/wp-json\/wp\/v2\/types\/page"}],"author":[{"embeddable":true,"href":"https:\/\/museudofutebol.org.br\/teste\/wp-json\/wp\/v2\/users\/4"}],"replies":[{"embeddable":true,"href":"https:\/\/museudofutebol.org.br\/teste\/wp-json\/wp\/v2\/comments?post=895"}],"version-history":[{"count":3,"href":"https:\/\/museudofutebol.org.br\/teste\/wp-json\/wp\/v2\/pages\/895\/revisions"}],"predecessor-version":[{"id":1810,"href":"https:\/\/museudofutebol.org.br\/teste\/wp-json\/wp\/v2\/pages\/895\/revisions\/1810"}],"up":[{"embeddable":true,"href":"https:\/\/museudofutebol.org.br\/teste\/wp-json\/wp\/v2\/pages\/57"}],"wp:featuredmedia":[{"embeddable":true,"href":"https:\/\/museudofutebol.org.br\/teste\/wp-json\/wp\/v2\/media\/2111"}],"wp:attachment":[{"href":"https:\/\/museudofutebol.org.br\/teste\/wp-json\/wp\/v2\/media?parent=895"}],"curies":[{"name":"wp","href":"https:\/\/api.w.org\/{rel}","templated":true}]}}