{"id":897,"date":"2020-09-10T18:18:37","date_gmt":"2020-09-10T21:18:37","guid":{"rendered":"https:\/\/museudofutebol.org.br\/teste\/?page_id=897"},"modified":"2024-09-13T14:45:10","modified_gmt":"2024-09-13T17:45:10","slug":"biblioteca","status":"publish","type":"page","link":"https:\/\/museudofutebol.org.br\/teste\/biblioteca\/","title":{"rendered":"Biblioteca"},"content":{"rendered":"<div class=\"wpb-content-wrapper\"><p>[vc_row][vc_column width=&#8221;2\/3&#8243;][vc_column_text]<img decoding=\"async\" loading=\"lazy\" class=\"alignnone wp-image-898 size-large\" src=\"https:\/\/museudofutebol.org.br\/teste\/wp-content\/uploads\/2020\/09\/DSC_0127-1024x681.jpg\" alt=\"\" width=\"1024\" height=\"681\" srcset=\"https:\/\/museudofutebol.org.br\/teste\/wp-content\/uploads\/2020\/09\/DSC_0127-1024x681.jpg 1024w, https:\/\/museudofutebol.org.br\/teste\/wp-content\/uploads\/2020\/09\/DSC_0127-300x199.jpg 300w, https:\/\/museudofutebol.org.br\/teste\/wp-content\/uploads\/2020\/09\/DSC_0127-768x511.jpg 768w, https:\/\/museudofutebol.org.br\/teste\/wp-content\/uploads\/2020\/09\/DSC_0127-1536x1021.jpg 1536w, https:\/\/museudofutebol.org.br\/teste\/wp-content\/uploads\/2020\/09\/DSC_0127-2048x1362.jpg 2048w, https:\/\/museudofutebol.org.br\/teste\/wp-content\/uploads\/2020\/09\/DSC_0127-220x146.jpg 220w, https:\/\/museudofutebol.org.br\/teste\/wp-content\/uploads\/2020\/09\/DSC_0127-50x33.jpg 50w, https:\/\/museudofutebol.org.br\/teste\/wp-content\/uploads\/2020\/09\/DSC_0127-113x75.jpg 113w\" sizes=\"(max-width:767px) 480px, (max-width:1024px) 100vw, 1024px\" \/><\/p>\n<p>O Museu do Futebol tem a <strong>primeira biblioteca e midiateca p\u00fablica especializada em futebol no Brasil<\/strong>. Al\u00e9m de livros, disponibiliza teses, artigos, peri\u00f3dicos, cat\u00e1logos, filmes e document\u00e1rios em DVDs, incluindo as entrevistas de Hist\u00f3ria Oral produzidas pelo Centro de Refer\u00eancia do Futebol Brasileiro (CRFB). Ao todo, s\u00e3o mais de 14 mil itens, em um espa\u00e7o que conta com bancadas para leitura, wi-fi gratuito e computadores para uso compartilhado.<\/p>\n<h3><strong>Visite!\u00a0<\/strong><\/h3>\n<p>A Biblioteca e M\u00eddiateca fica aberta de <strong>ter\u00e7a a s\u00e1bado, das 10h \u00e0s 17h<\/strong>.<\/p>\n<p><strong>Quer pesquisar algo espec\u00edfico?<br \/>\n<\/strong>Agende um hor\u00e1rio pelo e-mail <strong>crfb@museudofutebol.org.br\/teste.<\/strong><\/p>\n<h4><strong>Destaques do acervo<\/strong><\/h4>\n<ul>\n<li>Principais obras de Literatura, Sociologia e Hist\u00f3ria do futebol. Livros sobre Clubes, Campeonatos, Copas do Mundo e Olimp\u00edadas. Fic\u00e7\u00e3o, Infantil e Biografias de atletas, t\u00e9cnicos e dirigentes.<\/li>\n<li>\u00c1lbuns de figurinhas fac-s\u00edmiles, desde a d\u00e9cada de 1940, e originais, desde a d\u00e9cada de 1970.<\/li>\n<li>Cole\u00e7\u00e3o de peri\u00f3dicos com mais de 500 itens: Placar, El Gr\u00e1fico, Manchete Esportiva, Sport Ilustrado, Gazeta Esportiva, Revista do Esporte, e muitos outros.<\/li>\n<li>Mais de 600 CDs e DVDs: document\u00e1rios, filmes, curta metragens e grava\u00e7\u00f5es de Hist\u00f3ria Oral s\u00e3o parte dessa cole\u00e7\u00e3o.<\/li>\n<\/ul>\n<p>[\/vc_column_text][\/vc_column][vc_column width=&#8221;1\/3&#8243;][vc_wp_custommenu nav_menu=&#8221;23&#8243;][\/vc_column][\/vc_row]<\/p>\n<\/div>","protected":false},"excerpt":{"rendered":"<p>[vc_row][vc_column width=&#8221;2\/3&#8243;][vc_column_text] O Museu do Futebol tem a primeira biblioteca e midiateca p\u00fablica especializada em futebol no Brasil. Al\u00e9m de livros, disponibiliza teses, artigos, peri\u00f3dicos, cat\u00e1logos,<span class=\"excerpt-hellip\"> [\u2026]<\/span><\/p>\n","protected":false},"author":4,"featured_media":2110,"parent":0,"menu_order":0,"comment_status":"closed","ping_status":"closed","template":"","meta":[],"acf":[],"yoast_head":"<!-- This site is optimized with the Yoast SEO plugin v20.8 - https:\/\/yoast.com\/wordpress\/plugins\/seo\/ -->\n<title>Biblioteca - Museu do Futebol<\/title>\n<meta name=\"robots\" content=\"index, follow, max-snippet:-1, max-image-preview:large, max-video-preview:-1\" \/>\n<link rel=\"canonical\" href=\"https:\/\/museudofutebol.org.br\/teste\/biblioteca\/\" \/>\n<meta property=\"og:locale\" content=\"pt_BR\" \/>\n<meta property=\"og:type\" content=\"article\" \/>\n<meta property=\"og:title\" content=\"Biblioteca - Museu do Futebol\" \/>\n<meta property=\"og:description\" content=\"[vc_row][vc_column width=&#8221;2\/3&#8243;][vc_column_text] O Museu do Futebol tem a primeira biblioteca e midiateca p\u00fablica especializada em futebol no Brasil. Al\u00e9m de livros, disponibiliza teses, artigos, peri\u00f3dicos, cat\u00e1logos, [\u2026]\" \/>\n<meta property=\"og:url\" content=\"https:\/\/museudofutebol.org.br\/teste\/biblioteca\/\" \/>\n<meta property=\"og:site_name\" content=\"Museu do Futebol\" \/>\n<meta property=\"article:publisher\" content=\"https:\/\/www.facebook.com\/museudofutebol\" \/>\n<meta property=\"article:modified_time\" content=\"2024-09-13T17:45:10+00:00\" \/>\n<meta property=\"og:image\" content=\"https:\/\/museudofutebol.org.br\/teste\/wp-content\/uploads\/2020\/12\/destaque_biblioteca.jpg\" \/>\n\t<meta property=\"og:image:width\" content=\"640\" \/>\n\t<meta property=\"og:image:height\" content=\"360\" \/>\n\t<meta property=\"og:image:type\" content=\"image\/jpeg\" \/>\n<meta name=\"twitter:card\" content=\"summary_large_image\" \/>\n<meta name=\"twitter:site\" content=\"@museudofutebol\" \/>\n<meta name=\"twitter:label1\" content=\"Est. tempo de leitura\" \/>\n\t<meta name=\"twitter:data1\" content=\"2 minutos\" \/>\n<script type=\"application\/ld+json\" class=\"yoast-schema-graph\">{\"@context\":\"https:\/\/schema.org\",\"@graph\":[{\"@type\":\"WebPage\",\"@id\":\"https:\/\/museudofutebol.org.br\/teste\/biblioteca\/\",\"url\":\"https:\/\/museudofutebol.org.br\/teste\/biblioteca\/\",\"name\":\"Biblioteca - Museu do Futebol\",\"isPartOf\":{\"@id\":\"https:\/\/museudofutebol.org.br\/teste\/#website\"},\"datePublished\":\"2020-09-10T21:18:37+00:00\",\"dateModified\":\"2024-09-13T17:45:10+00:00\",\"breadcrumb\":{\"@id\":\"https:\/\/museudofutebol.org.br\/teste\/biblioteca\/#breadcrumb\"},\"inLanguage\":\"pt-BR\",\"potentialAction\":[{\"@type\":\"ReadAction\",\"target\":[\"https:\/\/museudofutebol.org.br\/teste\/biblioteca\/\"]}]},{\"@type\":\"BreadcrumbList\",\"@id\":\"https:\/\/museudofutebol.org.br\/teste\/biblioteca\/#breadcrumb\",\"itemListElement\":[{\"@type\":\"ListItem\",\"position\":1,\"name\":\"In\u00edcio\",\"item\":\"https:\/\/museudofutebol.org.br\/teste\/\"},{\"@type\":\"ListItem\",\"position\":2,\"name\":\"Biblioteca\"}]},{\"@type\":\"WebSite\",\"@id\":\"https:\/\/museudofutebol.org.br\/teste\/#website\",\"url\":\"https:\/\/museudofutebol.org.br\/teste\/\",\"name\":\"Museu do Futebol\",\"description\":\"\",\"potentialAction\":[{\"@type\":\"SearchAction\",\"target\":{\"@type\":\"EntryPoint\",\"urlTemplate\":\"https:\/\/museudofutebol.org.br\/teste\/?s={search_term_string}\"},\"query-input\":\"required name=search_term_string\"}],\"inLanguage\":\"pt-BR\"}]}<\/script>\n<!-- \/ Yoast SEO plugin. -->","yoast_head_json":{"title":"Biblioteca - Museu do Futebol","robots":{"index":"index","follow":"follow","max-snippet":"max-snippet:-1","max-image-preview":"max-image-preview:large","max-video-preview":"max-video-preview:-1"},"canonical":"https:\/\/museudofutebol.org.br\/teste\/biblioteca\/","og_locale":"pt_BR","og_type":"article","og_title":"Biblioteca - Museu do Futebol","og_description":"[vc_row][vc_column width=&#8221;2\/3&#8243;][vc_column_text] O Museu do Futebol tem a primeira biblioteca e midiateca p\u00fablica especializada em futebol no Brasil. Al\u00e9m de livros, disponibiliza teses, artigos, peri\u00f3dicos, cat\u00e1logos, [\u2026]","og_url":"https:\/\/museudofutebol.org.br\/teste\/biblioteca\/","og_site_name":"Museu do Futebol","article_publisher":"https:\/\/www.facebook.com\/museudofutebol","article_modified_time":"2024-09-13T17:45:10+00:00","og_image":[{"width":640,"height":360,"url":"https:\/\/museudofutebol.org.br\/teste\/wp-content\/uploads\/2020\/12\/destaque_biblioteca.jpg","type":"image\/jpeg"}],"twitter_card":"summary_large_image","twitter_site":"@museudofutebol","twitter_misc":{"Est. tempo de leitura":"2 minutos"},"schema":{"@context":"https:\/\/schema.org","@graph":[{"@type":"WebPage","@id":"https:\/\/museudofutebol.org.br\/teste\/biblioteca\/","url":"https:\/\/museudofutebol.org.br\/teste\/biblioteca\/","name":"Biblioteca - Museu do Futebol","isPartOf":{"@id":"https:\/\/museudofutebol.org.br\/teste\/#website"},"datePublished":"2020-09-10T21:18:37+00:00","dateModified":"2024-09-13T17:45:10+00:00","breadcrumb":{"@id":"https:\/\/museudofutebol.org.br\/teste\/biblioteca\/#breadcrumb"},"inLanguage":"pt-BR","potentialAction":[{"@type":"ReadAction","target":["https:\/\/museudofutebol.org.br\/teste\/biblioteca\/"]}]},{"@type":"BreadcrumbList","@id":"https:\/\/museudofutebol.org.br\/teste\/biblioteca\/#breadcrumb","itemListElement":[{"@type":"ListItem","position":1,"name":"In\u00edcio","item":"https:\/\/museudofutebol.org.br\/teste\/"},{"@type":"ListItem","position":2,"name":"Biblioteca"}]},{"@type":"WebSite","@id":"https:\/\/museudofutebol.org.br\/teste\/#website","url":"https:\/\/museudofutebol.org.br\/teste\/","name":"Museu do Futebol","description":"","potentialAction":[{"@type":"SearchAction","target":{"@type":"EntryPoint","urlTemplate":"https:\/\/museudofutebol.org.br\/teste\/?s={search_term_string}"},"query-input":"required name=search_term_string"}],"inLanguage":"pt-BR"}]}},"_links":{"self":[{"href":"https:\/\/museudofutebol.org.br\/teste\/wp-json\/wp\/v2\/pages\/897"}],"collection":[{"href":"https:\/\/museudofutebol.org.br\/teste\/wp-json\/wp\/v2\/pages"}],"about":[{"href":"https:\/\/museudofutebol.org.br\/teste\/wp-json\/wp\/v2\/types\/page"}],"author":[{"embeddable":true,"href":"https:\/\/museudofutebol.org.br\/teste\/wp-json\/wp\/v2\/users\/4"}],"replies":[{"embeddable":true,"href":"https:\/\/museudofutebol.org.br\/teste\/wp-json\/wp\/v2\/comments?post=897"}],"version-history":[{"count":17,"href":"https:\/\/museudofutebol.org.br\/teste\/wp-json\/wp\/v2\/pages\/897\/revisions"}],"predecessor-version":[{"id":13608,"href":"https:\/\/museudofutebol.org.br\/teste\/wp-json\/wp\/v2\/pages\/897\/revisions\/13608"}],"wp:featuredmedia":[{"embeddable":true,"href":"https:\/\/museudofutebol.org.br\/teste\/wp-json\/wp\/v2\/media\/2110"}],"wp:attachment":[{"href":"https:\/\/museudofutebol.org.br\/teste\/wp-json\/wp\/v2\/media?parent=897"}],"curies":[{"name":"wp","href":"https:\/\/api.w.org\/{rel}","templated":true}]}}