{"id":92,"date":"2020-03-24T02:33:34","date_gmt":"2020-03-24T05:33:34","guid":{"rendered":"https:\/\/museudofutebol.org.br\/teste\/?page_id=92"},"modified":"2020-09-29T12:00:19","modified_gmt":"2020-09-29T15:00:19","slug":"imprensa","status":"publish","type":"page","link":"https:\/\/museudofutebol.org.br\/teste\/imprensa\/","title":{"rendered":"Imprensa"},"content":{"rendered":"<div class=\"wpb-content-wrapper\"><p>[vc_row][vc_column][vc_column_text]O Museu do Futebol conta com uma Assessoria de Comunica\u00e7\u00e3o e Marketing respons\u00e1vel pelo atendimento a imprensa e a influenciadores digitais. Para falar conosco, escreva para: <a href=\"mailto:contato@museudofutebol.org.br\/teste\">contato@museudofutebol.org.br\/teste<\/a>.<\/p>\n<p>&nbsp;<\/p>\n<p><strong>Como agendar realiza\u00e7\u00e3o de mat\u00e9rias e entrevistas no Museu do Futebol?<\/strong><br \/>\n\u00c9 obrigat\u00f3rio o agendamento pr\u00e9vio com a Assessoria de Imprensa do Museu, pelo email\u00a0<a href=\"mailto:contato@museudofutebol.org.br\/teste\">contato@museudofutebol.org.br\/teste<\/a>, em tempo h\u00e1bil. Informe o ve\u00edculo, o motivo da pauta, qual o perfil do porta-voz desejado e o deadline. Em caso de grava\u00e7\u00e3o, indique tamb\u00e9m o tamanho da equipe e o tempo de dura\u00e7\u00e3o.<\/p>\n<p><strong><br \/>\nSou influenciador. Posso gravar dentro do Museu para o meu canal digital?<br \/>\n<\/strong>Sim, desde que voc\u00ea entre em contato previamente com a Assessoria de Imprensa do Museu, pelo email\u00a0<a href=\"mailto:contato@museudofutebol.org.br\/teste\">contato@museudofutebol.org.br\/teste<\/a>, em tempo h\u00e1bil. Informe o endere\u00e7o do seu canal, o perfil, qual a ideia da pauta e o dia\/hor\u00e1rio desejado para a visita. Nossa equipe ir\u00e1 avaliar a proposta e dar\u00e1 um retorno.<\/p>\n<p><strong><br \/>\nO Museu do Futebol faz parceria com influenciadores?<br \/>\n<\/strong>Sim. Envie sua proposta de parceria para contato@museudofutebol.org.br\/teste. N\u00e3o esque\u00e7a de informar o endere\u00e7o do seu canal, qual o perfil de postagens e de p\u00fablico, dentre outras informa\u00e7\u00f5es que considerar relevantes.<\/p>\n<p>&nbsp;<\/p>\n<p>&nbsp;<\/p>\n<p>[\/vc_column_text][\/vc_column][\/vc_row]<\/p>\n<\/div>","protected":false},"excerpt":{"rendered":"<p>[vc_row][vc_column][vc_column_text]O Museu do Futebol conta com uma Assessoria de Comunica\u00e7\u00e3o e Marketing respons\u00e1vel pelo atendimento a imprensa e a influenciadores digitais. Para falar conosco, escreva para:<span class=\"excerpt-hellip\"> [\u2026]<\/span><\/p>\n","protected":false},"author":2,"featured_media":0,"parent":0,"menu_order":0,"comment_status":"closed","ping_status":"closed","template":"","meta":[],"acf":[],"yoast_head":"<!-- This site is optimized with the Yoast SEO plugin v20.8 - https:\/\/yoast.com\/wordpress\/plugins\/seo\/ -->\n<title>Imprensa - Museu do Futebol<\/title>\n<meta name=\"robots\" content=\"index, follow, max-snippet:-1, max-image-preview:large, max-video-preview:-1\" \/>\n<link rel=\"canonical\" href=\"https:\/\/museudofutebol.org.br\/teste\/imprensa\/\" \/>\n<meta property=\"og:locale\" content=\"pt_BR\" \/>\n<meta property=\"og:type\" content=\"article\" \/>\n<meta property=\"og:title\" content=\"Imprensa - Museu do Futebol\" \/>\n<meta property=\"og:description\" content=\"[vc_row][vc_column][vc_column_text]O Museu do Futebol conta com uma Assessoria de Comunica\u00e7\u00e3o e Marketing respons\u00e1vel pelo atendimento a imprensa e a influenciadores digitais. Para falar conosco, escreva para: [\u2026]\" \/>\n<meta property=\"og:url\" content=\"https:\/\/museudofutebol.org.br\/teste\/imprensa\/\" \/>\n<meta property=\"og:site_name\" content=\"Museu do Futebol\" \/>\n<meta property=\"article:publisher\" content=\"https:\/\/www.facebook.com\/museudofutebol\" \/>\n<meta property=\"article:modified_time\" content=\"2020-09-29T15:00:19+00:00\" \/>\n<meta name=\"twitter:card\" content=\"summary_large_image\" \/>\n<meta name=\"twitter:site\" content=\"@museudofutebol\" \/>\n<meta name=\"twitter:label1\" content=\"Est. tempo de leitura\" \/>\n\t<meta name=\"twitter:data1\" content=\"1 minuto\" \/>\n<script type=\"application\/ld+json\" class=\"yoast-schema-graph\">{\"@context\":\"https:\/\/schema.org\",\"@graph\":[{\"@type\":\"WebPage\",\"@id\":\"https:\/\/museudofutebol.org.br\/teste\/imprensa\/\",\"url\":\"https:\/\/museudofutebol.org.br\/teste\/imprensa\/\",\"name\":\"Imprensa - Museu do Futebol\",\"isPartOf\":{\"@id\":\"https:\/\/museudofutebol.org.br\/teste\/#website\"},\"datePublished\":\"2020-03-24T05:33:34+00:00\",\"dateModified\":\"2020-09-29T15:00:19+00:00\",\"breadcrumb\":{\"@id\":\"https:\/\/museudofutebol.org.br\/teste\/imprensa\/#breadcrumb\"},\"inLanguage\":\"pt-BR\",\"potentialAction\":[{\"@type\":\"ReadAction\",\"target\":[\"https:\/\/museudofutebol.org.br\/teste\/imprensa\/\"]}]},{\"@type\":\"BreadcrumbList\",\"@id\":\"https:\/\/museudofutebol.org.br\/teste\/imprensa\/#breadcrumb\",\"itemListElement\":[{\"@type\":\"ListItem\",\"position\":1,\"name\":\"In\u00edcio\",\"item\":\"https:\/\/museudofutebol.org.br\/teste\/\"},{\"@type\":\"ListItem\",\"position\":2,\"name\":\"Imprensa\"}]},{\"@type\":\"WebSite\",\"@id\":\"https:\/\/museudofutebol.org.br\/teste\/#website\",\"url\":\"https:\/\/museudofutebol.org.br\/teste\/\",\"name\":\"Museu do Futebol\",\"description\":\"\",\"potentialAction\":[{\"@type\":\"SearchAction\",\"target\":{\"@type\":\"EntryPoint\",\"urlTemplate\":\"https:\/\/museudofutebol.org.br\/teste\/?s={search_term_string}\"},\"query-input\":\"required name=search_term_string\"}],\"inLanguage\":\"pt-BR\"}]}<\/script>\n<!-- \/ Yoast SEO plugin. -->","yoast_head_json":{"title":"Imprensa - Museu do Futebol","robots":{"index":"index","follow":"follow","max-snippet":"max-snippet:-1","max-image-preview":"max-image-preview:large","max-video-preview":"max-video-preview:-1"},"canonical":"https:\/\/museudofutebol.org.br\/teste\/imprensa\/","og_locale":"pt_BR","og_type":"article","og_title":"Imprensa - Museu do Futebol","og_description":"[vc_row][vc_column][vc_column_text]O Museu do Futebol conta com uma Assessoria de Comunica\u00e7\u00e3o e Marketing respons\u00e1vel pelo atendimento a imprensa e a influenciadores digitais. Para falar conosco, escreva para: [\u2026]","og_url":"https:\/\/museudofutebol.org.br\/teste\/imprensa\/","og_site_name":"Museu do Futebol","article_publisher":"https:\/\/www.facebook.com\/museudofutebol","article_modified_time":"2020-09-29T15:00:19+00:00","twitter_card":"summary_large_image","twitter_site":"@museudofutebol","twitter_misc":{"Est. tempo de leitura":"1 minuto"},"schema":{"@context":"https:\/\/schema.org","@graph":[{"@type":"WebPage","@id":"https:\/\/museudofutebol.org.br\/teste\/imprensa\/","url":"https:\/\/museudofutebol.org.br\/teste\/imprensa\/","name":"Imprensa - Museu do Futebol","isPartOf":{"@id":"https:\/\/museudofutebol.org.br\/teste\/#website"},"datePublished":"2020-03-24T05:33:34+00:00","dateModified":"2020-09-29T15:00:19+00:00","breadcrumb":{"@id":"https:\/\/museudofutebol.org.br\/teste\/imprensa\/#breadcrumb"},"inLanguage":"pt-BR","potentialAction":[{"@type":"ReadAction","target":["https:\/\/museudofutebol.org.br\/teste\/imprensa\/"]}]},{"@type":"BreadcrumbList","@id":"https:\/\/museudofutebol.org.br\/teste\/imprensa\/#breadcrumb","itemListElement":[{"@type":"ListItem","position":1,"name":"In\u00edcio","item":"https:\/\/museudofutebol.org.br\/teste\/"},{"@type":"ListItem","position":2,"name":"Imprensa"}]},{"@type":"WebSite","@id":"https:\/\/museudofutebol.org.br\/teste\/#website","url":"https:\/\/museudofutebol.org.br\/teste\/","name":"Museu do Futebol","description":"","potentialAction":[{"@type":"SearchAction","target":{"@type":"EntryPoint","urlTemplate":"https:\/\/museudofutebol.org.br\/teste\/?s={search_term_string}"},"query-input":"required name=search_term_string"}],"inLanguage":"pt-BR"}]}},"_links":{"self":[{"href":"https:\/\/museudofutebol.org.br\/teste\/wp-json\/wp\/v2\/pages\/92"}],"collection":[{"href":"https:\/\/museudofutebol.org.br\/teste\/wp-json\/wp\/v2\/pages"}],"about":[{"href":"https:\/\/museudofutebol.org.br\/teste\/wp-json\/wp\/v2\/types\/page"}],"author":[{"embeddable":true,"href":"https:\/\/museudofutebol.org.br\/teste\/wp-json\/wp\/v2\/users\/2"}],"replies":[{"embeddable":true,"href":"https:\/\/museudofutebol.org.br\/teste\/wp-json\/wp\/v2\/comments?post=92"}],"version-history":[{"count":14,"href":"https:\/\/museudofutebol.org.br\/teste\/wp-json\/wp\/v2\/pages\/92\/revisions"}],"predecessor-version":[{"id":1449,"href":"https:\/\/museudofutebol.org.br\/teste\/wp-json\/wp\/v2\/pages\/92\/revisions\/1449"}],"wp:attachment":[{"href":"https:\/\/museudofutebol.org.br\/teste\/wp-json\/wp\/v2\/media?parent=92"}],"curies":[{"name":"wp","href":"https:\/\/api.w.org\/{rel}","templated":true}]}}