{"id":9289,"date":"2023-06-15T11:10:35","date_gmt":"2023-06-15T14:10:35","guid":{"rendered":"https:\/\/museudofutebol.org.br\/teste\/?page_id=9289"},"modified":"2023-06-15T11:19:26","modified_gmt":"2023-06-15T14:19:26","slug":"mina-boleira","status":"publish","type":"page","link":"https:\/\/museudofutebol.org.br\/teste\/mina-boleira\/","title":{"rendered":"Mina boleira"},"content":{"rendered":"<p><em><img decoding=\"async\" loading=\"lazy\" class=\"alignnone size-medium wp-image-9290\" src=\"https:\/\/museudofutebol.org.br\/teste\/wp-content\/uploads\/2023\/06\/SITE_01_CRONICAS-640x302.png\" alt=\"Ilustra\u00e7\u00e3o roxa com desenho em tra\u00e7os brancos e finos, mostra uma camisa de futebol, com um cora\u00e7\u00e3o do lado esquerdo. No fundo um avi\u00e3o decola.\" width=\"640\" height=\"302\" srcset=\"https:\/\/museudofutebol.org.br\/teste\/wp-content\/uploads\/2023\/06\/SITE_01_CRONICAS-640x302.png 640w, https:\/\/museudofutebol.org.br\/teste\/wp-content\/uploads\/2023\/06\/SITE_01_CRONICAS-260x123.png 260w, https:\/\/museudofutebol.org.br\/teste\/wp-content\/uploads\/2023\/06\/SITE_01_CRONICAS-50x24.png 50w, https:\/\/museudofutebol.org.br\/teste\/wp-content\/uploads\/2023\/06\/SITE_01_CRONICAS-150x71.png 150w, https:\/\/museudofutebol.org.br\/teste\/wp-content\/uploads\/2023\/06\/SITE_01_CRONICAS.png 681w\" sizes=\"(max-width:767px) 480px, 640px\" \/><\/p>\n<p>Por Cl\u00e9lia Marques Gorski<br \/>\nPrimeiro lugar\u00a0 no 2\u00ba Concurso de Cr\u00f4nicas do Museu do Futebol\u00a0 &#8211; 2023<\/em><\/p>\n<p>&nbsp;<\/p>\n<p><span data-contrast=\"auto\">Olho pra ela feliz da vida com a compra que ela mesma acabara de fazer, a passagem para a Austr\u00e1lia para assistir \u00e0 Copa do Mundo de Futebol Feminino, e logo penso na final do Campeonato Paulista de 1995: por que afinal n\u00e3o comprei a camisa do Corinthians pra ela tamb\u00e9m, al\u00e9m de ter comprado para seu irm\u00e3o? O Corinthians venceu, mas eu perdi uma chance clara de gol com a minha filha&#8230;<\/span><span data-ccp-props=\"{&quot;201341983&quot;:0,&quot;335559739&quot;:160,&quot;335559740&quot;:259}\">\u00a0<\/span><\/p>\n<p><span data-contrast=\"auto\">S\u00e3o paix\u00f5es de torcedores! Ainda bem que aquela pisada de bola n\u00e3o tirou minha filha das arquibancadas. E olha que hoje ela \u00e9 uma mina boleira de fins de semana e quem fica na arquibancada sou eu quando ela joga.<\/span><span data-ccp-props=\"{&quot;201341983&quot;:0,&quot;335559739&quot;:160,&quot;335559740&quot;:259}\">\u00a0<\/span><\/p>\n<p><span data-contrast=\"auto\">Pois bem&#8230; Estou agora num verdadeiro tapete verde pra jogar uma boa partida com minha filha e eu n\u00e3o posso perder esse lance de jeito nenhum: pergunto se j\u00e1 tem a camisa oficial da nossa Sele\u00e7\u00e3o Feminina e ela, sem pipocar, responde de pronto: \u201cainda n\u00e3o, m\u00e3e!\u201d.<\/span><span data-ccp-props=\"{&quot;201341983&quot;:0,&quot;335559739&quot;:160,&quot;335559740&quot;:259}\">\u00a0<\/span><\/p>\n<p><span data-contrast=\"auto\">Pensei em fazer cera para valorizar ainda mais o passe, mas n\u00e3o a ponto de levar \u00e0 prorroga\u00e7\u00e3o: agora era a hora de colocar em jogo meu esquema t\u00e1tico de pedido de desculpas.<\/span><span data-ccp-props=\"{&quot;201341983&quot;:0,&quot;335559739&quot;:160,&quot;335559740&quot;:259}\">\u00a0<\/span><\/p>\n<p><span data-contrast=\"auto\">Est\u00e1vamos com o est\u00e1dio vazio, s\u00f3 eu e ela, e tudo o que eu queria era v\u00ea-la ainda mais feliz, deixando pra tr\u00e1s de uma vez aquela imagem dela chorando por n\u00e3o ter a camisa do seu time do cora\u00e7\u00e3o pra comemorar.<\/span><span data-ccp-props=\"{&quot;201341983&quot;:0,&quot;335559739&quot;:160,&quot;335559740&quot;:259}\">\u00a0<\/span><\/p>\n<p><span data-contrast=\"auto\">Ent\u00e3o, na dividida entre apostar que ela iria adorar receber a camisa de presente ou temer que ela lembrasse daquela comemora\u00e7\u00e3o na final de 1995 e marcasse penalidade m\u00e1xima, fiquei eu como uma pipoqueira, pensando no melhor drible da situa\u00e7\u00e3o.<\/span><span data-ccp-props=\"{&quot;201341983&quot;:0,&quot;335559739&quot;:160,&quot;335559740&quot;:259}\">\u00a0<\/span><\/p>\n<p><span data-contrast=\"auto\">Minha filha \u00e9 craque: no futebol e na vida! Logo percebeu que eu estava fazendo firula e j\u00e1 isolou a bola: \u201cvou tirar meu time de campo, m\u00e3e, j\u00e1 \u00e9 tarde\u201d.<\/span><span data-ccp-props=\"{&quot;201341983&quot;:0,&quot;335559739&quot;:160,&quot;335559740&quot;:259}\">\u00a0<\/span><\/p>\n<p><span data-contrast=\"auto\">E me deu um beijo de despedida.<\/span><span data-ccp-props=\"{&quot;201341983&quot;:0,&quot;335559739&quot;:160,&quot;335559740&quot;:259}\">\u00a0<\/span><\/p>\n<p><span data-contrast=\"auto\">Ora, essa! N\u00e3o podia perder a oportunidade por WO, at\u00e9 porque n\u00f3s duas jogamos no mesmo time!<\/span><span data-ccp-props=\"{&quot;201341983&quot;:0,&quot;335559739&quot;:160,&quot;335559740&quot;:259}\">\u00a0<\/span><\/p>\n<p><span data-contrast=\"auto\">Ent\u00e3o, quando ela se virou em dire\u00e7\u00e3o \u00e0 porta, matei no peito e mandei de bicicleta: \u201ceu vou te dar de presente a camisa oficial da Sele\u00e7\u00e3o feminina, filha!\u201d.<\/span><span data-ccp-props=\"{&quot;201341983&quot;:0,&quot;335559739&quot;:160,&quot;335559740&quot;:259}\">\u00a0<\/span><\/p>\n<p><span data-contrast=\"auto\">De imediato, ela virou-se de volta em minha dire\u00e7\u00e3o, colocou sua mochila no ch\u00e3o e tirou de l\u00e1 um papel. Levantou, caminhou at\u00e9 mim e falou enquanto me entregava o bilhete: \u201cmas vai ter que comprar mais uma camisa&#8230; e pra voc\u00ea, m\u00e3e! Porque este papel que acabei de lhe dar \u00e9 a sua passagem pra ir assistir \u00e0 Copa do Mundo de Futebol Feminino na Austr\u00e1lia comigo!\u201d.<\/span><span data-ccp-props=\"{&quot;201341983&quot;:0,&quot;335559739&quot;:160,&quot;335559740&quot;:259}\">\u00a0<\/span><\/p>\n<p><span data-contrast=\"auto\">\u201cFoi um gol de anjo, um verdadeiro gol de placa\u201d, num jogo de ganha-ganha, daqueles pra se comemorar a vida inteira. Afinal, a bola entrou onde a coruja faz o ninho e, neste caso, o tiramba\u00e7o acertou meu cora\u00e7\u00e3o!<\/span><span data-ccp-props=\"{&quot;201341983&quot;:0,&quot;335559739&quot;:160,&quot;335559740&quot;:259}\">\u00a0<\/span><\/p>\n","protected":false},"excerpt":{"rendered":"<p>Por Cl\u00e9lia Marques Gorski Primeiro lugar\u00a0 no 2\u00ba Concurso de Cr\u00f4nicas do Museu do Futebol\u00a0 &#8211; 2023 &nbsp; Olho pra ela feliz da vida com a<span class=\"excerpt-hellip\"> [\u2026]<\/span><\/p>\n","protected":false},"author":13,"featured_media":9290,"parent":0,"menu_order":0,"comment_status":"closed","ping_status":"closed","template":"","meta":[],"acf":[],"yoast_head":"<!-- This site is optimized with the Yoast SEO plugin v20.8 - https:\/\/yoast.com\/wordpress\/plugins\/seo\/ -->\n<title>Mina boleira - Museu do Futebol<\/title>\n<meta name=\"description\" content=\"Primeiro lugar no 2\u00ba Concurso de Cr\u00f4nicas do Museu do Futebol. Por Cl\u00e9lia Marques Gorski\u00a0\" \/>\n<meta name=\"robots\" content=\"index, follow, max-snippet:-1, max-image-preview:large, max-video-preview:-1\" \/>\n<link rel=\"canonical\" href=\"https:\/\/museudofutebol.org.br\/teste\/mina-boleira\/\" \/>\n<meta property=\"og:locale\" content=\"pt_BR\" \/>\n<meta property=\"og:type\" content=\"article\" \/>\n<meta property=\"og:title\" content=\"Mina boleira - Museu do Futebol\" \/>\n<meta property=\"og:description\" content=\"Primeiro lugar no 2\u00ba Concurso de Cr\u00f4nicas do Museu do Futebol. Por Cl\u00e9lia Marques Gorski\u00a0\" \/>\n<meta property=\"og:url\" content=\"https:\/\/museudofutebol.org.br\/teste\/mina-boleira\/\" \/>\n<meta property=\"og:site_name\" content=\"Museu do Futebol\" \/>\n<meta property=\"article:publisher\" content=\"https:\/\/www.facebook.com\/museudofutebol\" \/>\n<meta property=\"article:modified_time\" content=\"2023-06-15T14:19:26+00:00\" \/>\n<meta property=\"og:image\" content=\"https:\/\/museudofutebol.org.br\/teste\/wp-content\/uploads\/2023\/06\/SITE_01_CRONICAS.png\" \/>\n\t<meta property=\"og:image:width\" content=\"681\" \/>\n\t<meta property=\"og:image:height\" content=\"321\" \/>\n\t<meta property=\"og:image:type\" content=\"image\/png\" \/>\n<meta name=\"twitter:card\" content=\"summary_large_image\" \/>\n<meta name=\"twitter:site\" content=\"@museudofutebol\" \/>\n<meta name=\"twitter:label1\" content=\"Est. tempo de leitura\" \/>\n\t<meta name=\"twitter:data1\" content=\"3 minutos\" \/>\n<script type=\"application\/ld+json\" class=\"yoast-schema-graph\">{\"@context\":\"https:\/\/schema.org\",\"@graph\":[{\"@type\":\"WebPage\",\"@id\":\"https:\/\/museudofutebol.org.br\/teste\/mina-boleira\/\",\"url\":\"https:\/\/museudofutebol.org.br\/teste\/mina-boleira\/\",\"name\":\"Mina boleira - Museu do Futebol\",\"isPartOf\":{\"@id\":\"https:\/\/museudofutebol.org.br\/teste\/#website\"},\"datePublished\":\"2023-06-15T14:10:35+00:00\",\"dateModified\":\"2023-06-15T14:19:26+00:00\",\"description\":\"Primeiro lugar no 2\u00ba Concurso de Cr\u00f4nicas do Museu do Futebol. Por Cl\u00e9lia Marques Gorski\u00a0\",\"breadcrumb\":{\"@id\":\"https:\/\/museudofutebol.org.br\/teste\/mina-boleira\/#breadcrumb\"},\"inLanguage\":\"pt-BR\",\"potentialAction\":[{\"@type\":\"ReadAction\",\"target\":[\"https:\/\/museudofutebol.org.br\/teste\/mina-boleira\/\"]}]},{\"@type\":\"BreadcrumbList\",\"@id\":\"https:\/\/museudofutebol.org.br\/teste\/mina-boleira\/#breadcrumb\",\"itemListElement\":[{\"@type\":\"ListItem\",\"position\":1,\"name\":\"In\u00edcio\",\"item\":\"https:\/\/museudofutebol.org.br\/teste\/\"},{\"@type\":\"ListItem\",\"position\":2,\"name\":\"Mina boleira\"}]},{\"@type\":\"WebSite\",\"@id\":\"https:\/\/museudofutebol.org.br\/teste\/#website\",\"url\":\"https:\/\/museudofutebol.org.br\/teste\/\",\"name\":\"Museu do Futebol\",\"description\":\"\",\"potentialAction\":[{\"@type\":\"SearchAction\",\"target\":{\"@type\":\"EntryPoint\",\"urlTemplate\":\"https:\/\/museudofutebol.org.br\/teste\/?s={search_term_string}\"},\"query-input\":\"required name=search_term_string\"}],\"inLanguage\":\"pt-BR\"}]}<\/script>\n<!-- \/ Yoast SEO plugin. -->","yoast_head_json":{"title":"Mina boleira - Museu do Futebol","description":"Primeiro lugar no 2\u00ba Concurso de Cr\u00f4nicas do Museu do Futebol. Por Cl\u00e9lia Marques Gorski\u00a0","robots":{"index":"index","follow":"follow","max-snippet":"max-snippet:-1","max-image-preview":"max-image-preview:large","max-video-preview":"max-video-preview:-1"},"canonical":"https:\/\/museudofutebol.org.br\/teste\/mina-boleira\/","og_locale":"pt_BR","og_type":"article","og_title":"Mina boleira - Museu do Futebol","og_description":"Primeiro lugar no 2\u00ba Concurso de Cr\u00f4nicas do Museu do Futebol. Por Cl\u00e9lia Marques Gorski\u00a0","og_url":"https:\/\/museudofutebol.org.br\/teste\/mina-boleira\/","og_site_name":"Museu do Futebol","article_publisher":"https:\/\/www.facebook.com\/museudofutebol","article_modified_time":"2023-06-15T14:19:26+00:00","og_image":[{"width":681,"height":321,"url":"https:\/\/museudofutebol.org.br\/teste\/wp-content\/uploads\/2023\/06\/SITE_01_CRONICAS.png","type":"image\/png"}],"twitter_card":"summary_large_image","twitter_site":"@museudofutebol","twitter_misc":{"Est. tempo de leitura":"3 minutos"},"schema":{"@context":"https:\/\/schema.org","@graph":[{"@type":"WebPage","@id":"https:\/\/museudofutebol.org.br\/teste\/mina-boleira\/","url":"https:\/\/museudofutebol.org.br\/teste\/mina-boleira\/","name":"Mina boleira - Museu do Futebol","isPartOf":{"@id":"https:\/\/museudofutebol.org.br\/teste\/#website"},"datePublished":"2023-06-15T14:10:35+00:00","dateModified":"2023-06-15T14:19:26+00:00","description":"Primeiro lugar no 2\u00ba Concurso de Cr\u00f4nicas do Museu do Futebol. Por Cl\u00e9lia Marques Gorski\u00a0","breadcrumb":{"@id":"https:\/\/museudofutebol.org.br\/teste\/mina-boleira\/#breadcrumb"},"inLanguage":"pt-BR","potentialAction":[{"@type":"ReadAction","target":["https:\/\/museudofutebol.org.br\/teste\/mina-boleira\/"]}]},{"@type":"BreadcrumbList","@id":"https:\/\/museudofutebol.org.br\/teste\/mina-boleira\/#breadcrumb","itemListElement":[{"@type":"ListItem","position":1,"name":"In\u00edcio","item":"https:\/\/museudofutebol.org.br\/teste\/"},{"@type":"ListItem","position":2,"name":"Mina boleira"}]},{"@type":"WebSite","@id":"https:\/\/museudofutebol.org.br\/teste\/#website","url":"https:\/\/museudofutebol.org.br\/teste\/","name":"Museu do Futebol","description":"","potentialAction":[{"@type":"SearchAction","target":{"@type":"EntryPoint","urlTemplate":"https:\/\/museudofutebol.org.br\/teste\/?s={search_term_string}"},"query-input":"required name=search_term_string"}],"inLanguage":"pt-BR"}]}},"_links":{"self":[{"href":"https:\/\/museudofutebol.org.br\/teste\/wp-json\/wp\/v2\/pages\/9289"}],"collection":[{"href":"https:\/\/museudofutebol.org.br\/teste\/wp-json\/wp\/v2\/pages"}],"about":[{"href":"https:\/\/museudofutebol.org.br\/teste\/wp-json\/wp\/v2\/types\/page"}],"author":[{"embeddable":true,"href":"https:\/\/museudofutebol.org.br\/teste\/wp-json\/wp\/v2\/users\/13"}],"replies":[{"embeddable":true,"href":"https:\/\/museudofutebol.org.br\/teste\/wp-json\/wp\/v2\/comments?post=9289"}],"version-history":[{"count":2,"href":"https:\/\/museudofutebol.org.br\/teste\/wp-json\/wp\/v2\/pages\/9289\/revisions"}],"predecessor-version":[{"id":9295,"href":"https:\/\/museudofutebol.org.br\/teste\/wp-json\/wp\/v2\/pages\/9289\/revisions\/9295"}],"wp:featuredmedia":[{"embeddable":true,"href":"https:\/\/museudofutebol.org.br\/teste\/wp-json\/wp\/v2\/media\/9290"}],"wp:attachment":[{"href":"https:\/\/museudofutebol.org.br\/teste\/wp-json\/wp\/v2\/media?parent=9289"}],"curies":[{"name":"wp","href":"https:\/\/api.w.org\/{rel}","templated":true}]}}