{"id":9292,"date":"2023-06-15T11:17:52","date_gmt":"2023-06-15T14:17:52","guid":{"rendered":"https:\/\/museudofutebol.org.br\/teste\/?page_id=9292"},"modified":"2023-06-15T11:17:52","modified_gmt":"2023-06-15T14:17:52","slug":"penalti","status":"publish","type":"page","link":"https:\/\/museudofutebol.org.br\/teste\/penalti\/","title":{"rendered":"P\u00eanalti"},"content":{"rendered":"<p><em><img decoding=\"async\" loading=\"lazy\" class=\"alignnone size-medium wp-image-9293\" src=\"https:\/\/museudofutebol.org.br\/teste\/wp-content\/uploads\/2023\/06\/SITE_02_CRONICAS-640x302.png\" alt=\"Ilustra\u00e7\u00e3o roxa com desenho em tra\u00e7os brancos finos, mostrando um osso humano, um teclado e uma montanha russa.\" width=\"640\" height=\"302\" srcset=\"https:\/\/museudofutebol.org.br\/teste\/wp-content\/uploads\/2023\/06\/SITE_02_CRONICAS-640x302.png 640w, https:\/\/museudofutebol.org.br\/teste\/wp-content\/uploads\/2023\/06\/SITE_02_CRONICAS-260x123.png 260w, https:\/\/museudofutebol.org.br\/teste\/wp-content\/uploads\/2023\/06\/SITE_02_CRONICAS-50x24.png 50w, https:\/\/museudofutebol.org.br\/teste\/wp-content\/uploads\/2023\/06\/SITE_02_CRONICAS-150x71.png 150w, https:\/\/museudofutebol.org.br\/teste\/wp-content\/uploads\/2023\/06\/SITE_02_CRONICAS.png 681w\" sizes=\"(max-width:767px) 480px, 640px\" \/><\/p>\n<p>Por Julia Leite<br \/>\nSegundo lugar no 2\u00ba Concurso de Cr\u00f4nicas do Museu do Futebol &#8211; 2023\u00a0<\/em><\/p>\n<p><span data-contrast=\"none\">Qual \u00e9 a velocidade de um gol? Chutando um n\u00famero: 100 km\/h. O equivalente a um guepardo correndo. Um furac\u00e3o. Uma rolha de champanhe voando no ano novo. Uma montanha russa. Um frio na barriga. A velocidade de um gol \u00e9 exatamente a mesma velocidade com que o discurso de Marta na elimina\u00e7\u00e3o da Copa em 2019 atinge meu peito: \u201co futebol feminino depende de voc\u00eas para sobreviver\u201d. 100 km\/h \u00e9 a velocidade da minha autoestima. A velocidade do <\/span><i><span data-contrast=\"none\">meu <\/span><\/i><span data-contrast=\"none\">gol \u00e9 a mesma fra\u00e7\u00e3o de instantes com que a boca dos meninos que desmereciam meu futebol se cala. A velocidade de um gol \u00e9 a velocidade de uma gl\u00f3ria florescendo num campo.<\/span><span data-ccp-props=\"{&quot;201341983&quot;:0,&quot;335559739&quot;:0,&quot;335559740&quot;:240}\">\u00a0<\/span><\/p>\n<p><span data-contrast=\"none\">N\u00e3o consegui medir a velocidade da interrup\u00e7\u00e3o. Foi t\u00e3o r\u00e1pido quanto cortar um par\u00e1grafo <\/span><span data-contrast=\"none\">\u2013 <\/span><span data-contrast=\"none\">mas eu queria ter continuado na linha, jogando. 100 km\/h foi a pressa do meu pai no carro quando contei que havia me lesionado. Sei que no instante em que a ruptura acontece, cabe um grito de dor e 3 vislumbres: o raio X da perna torta de Garrincha, Neymar saindo com o tornozelo inchado da \u00faltima Copa e<\/span> <span data-contrast=\"none\">a Marta emocionada ao jogar pela primeira vez ap\u00f3s a recupera\u00e7\u00e3o de 11 meses de<\/span><span data-ccp-props=\"{&quot;201341983&quot;:0,&quot;335559739&quot;:0,&quot;335559740&quot;:240}\">\u00a0<\/span><span data-contrast=\"none\">uma les\u00e3o. S\u00e3o imagens que me assustam, mas me convocam.<\/span><span data-ccp-props=\"{&quot;201341983&quot;:0,&quot;335559739&quot;:0,&quot;335559740&quot;:240}\">\u00a0<\/span><\/p>\n<p><span data-contrast=\"none\">H\u00e1 um m\u00eas rompi completamente dois ligamentos e desde ent\u00e3o venho me esfor\u00e7ando para me recuperar. A\u00ed perguntam: \u201cpor que voc\u00ea n\u00e3o tenta jogar t\u00eanis ou andar de bike?\u201d Nada contra, mas a bicicleta que conhe\u00e7o \u00e9 o mortal de costas que voc\u00ea d\u00e1 para chutar a bola. Jogar futebol \u00e9 como um idioma, voc\u00ea n\u00e3o vai entender se n\u00e3o for fluente. E certas sensa\u00e7\u00f5es n\u00e3o t\u00eam tradu\u00e7\u00e3o em outra l\u00edngua. Eu posso falar \u201cI miss you\u201d ou \u201cte echo de menos\u201d, mas nenhuma express\u00e3o enche minha boca como \u201csaudade\u201d. Futebol \u00e9 minha \u201csaudade\u201d guardada na ponta da l\u00edngua. Na ponta do p\u00e9. Eu gosto de acordar feliz numa segunda porque vou jogar, de escolher qual das minhas camisas do Brasil vestirei: a da sele\u00e7\u00e3o de 94 \u2013 ano em que nasci \u2013 ou a de 70 \u2013 \u201cano que Pel\u00e9 brilhou, quem sabe n\u00e3o brilho hoje tamb\u00e9m?\u201d -, gosto de fazer um passe decisivo para outra pessoa brilhar, de ser elogiada por correr muito, do cheiro de amaciante dos coletes toda vez que algu\u00e9m traz de casa, gosto de fazer gol no time do garoto que ningu\u00e9m consegue parar porque ele tem 2 metros de perna, gosto da Pabllo Vittar cantando \u201cseu amor me pegou\u201d na caixa de som \u2013 hino de torcida s\u00e9ria \u2013, gosto de dedicar mentalmente meus gols a pessoas que amo como se bolas fossem estrelas cadentes e, por mais que eu odeie me lesionar, gosto da forma como meus colegas me carregam com cuidado para seguir em frente.<\/span><span data-ccp-props=\"{&quot;201341983&quot;:0,&quot;335559739&quot;:0,&quot;335559740&quot;:240}\">\u00a0<\/span><\/p>\n<p><span data-contrast=\"none\">Eu diria que essa \u00e9 uma carta a todos que me perguntaram recentemente se eu vou continuar jogando. Pois saibam: eu j\u00e1 jogo. A Marta declama com as pernas o que eu driblo com os dedos. Aqui, posso fazer uma palavra dar trivela e encontrar algum canto em algu\u00e9m. Sim, a p\u00e1gina \u00e9 um p\u00eanalti pronto para te atravessar.\u00a0<\/span><span data-ccp-props=\"{&quot;201341983&quot;:0,&quot;335559739&quot;:0,&quot;335559740&quot;:240}\">\u00a0<\/span><\/p>\n<p><span data-contrast=\"none\">Autoriza o \u00e1rbitro.<\/span><span data-ccp-props=\"{&quot;201341983&quot;:0,&quot;335559739&quot;:0,&quot;335559740&quot;:240}\">\u00a0<\/span><\/p>\n<p><span data-ccp-props=\"{&quot;201341983&quot;:0,&quot;335559739&quot;:0,&quot;335559740&quot;:240}\">\u00a0<\/span><\/p>\n<p style=\"text-align: center;\"><span data-contrast=\"none\">quando meu p\u00e9<\/span><span data-ccp-props=\"{&quot;201341983&quot;:0,&quot;335551550&quot;:2,&quot;335551620&quot;:2,&quot;335559739&quot;:0,&quot;335559740&quot;:240}\"><br \/>\n<\/span><span data-contrast=\"none\">n\u00e3o for o suficiente<\/span><span data-ccp-props=\"{&quot;201341983&quot;:0,&quot;335551550&quot;:2,&quot;335551620&quot;:2,&quot;335559739&quot;:0,&quot;335559740&quot;:240}\"><br \/>\n<\/span><span data-contrast=\"none\">meus dedos<\/span><span data-ccp-props=\"{&quot;201341983&quot;:0,&quot;335551550&quot;:2,&quot;335551620&quot;:2,&quot;335559739&quot;:0,&quot;335559740&quot;:240}\"><br \/>\n<\/span><span data-contrast=\"none\">me tornar\u00e3o<br \/>\n<\/span><span data-contrast=\"none\">desimpedida<br \/>\n<\/span><span data-contrast=\"none\">na boca do gol<br \/>\n<\/span><span data-contrast=\"none\">na boca do povo<br \/>\n<\/span><span data-contrast=\"none\">chuto palavras<br \/>\n<\/span><span data-contrast=\"none\">preencho vazios<br \/>\n<\/span><span data-contrast=\"none\">a 100 km\/h<br \/>\n<\/span><span data-contrast=\"none\">|\u00a0\u00a0\u00a0\u00a0\u00a0\u00a0\u00a0\u00a0\u00a0\u00a0\u00a0\u00a0\u00a0\u00a0\u00a0\u00a0\u00a0\u00a0\u00a0\u00a0\u00a0\u00a0\u00a0\u00a0\u00a0\u00a0\u00a0\u00a0\u00a0\u00a0\u00a0\u00a0\u00a0\u00a0\u00a0\u00a0\u00a0\u00a0\u00a0\u00a0 |<\/span><span data-ccp-props=\"{&quot;201341983&quot;:0,&quot;335551550&quot;:2,&quot;335551620&quot;:2,&quot;335559739&quot;:0,&quot;335559740&quot;:240}\">\u00a0<\/span><\/p>\n","protected":false},"excerpt":{"rendered":"<p>Por Julia Leite Segundo lugar no 2\u00ba Concurso de Cr\u00f4nicas do Museu do Futebol &#8211; 2023\u00a0 Qual \u00e9 a velocidade de um gol? Chutando um n\u00famero:<span class=\"excerpt-hellip\"> [\u2026]<\/span><\/p>\n","protected":false},"author":13,"featured_media":9293,"parent":0,"menu_order":0,"comment_status":"closed","ping_status":"closed","template":"","meta":[],"acf":[],"yoast_head":"<!-- This site is optimized with the Yoast SEO plugin v20.8 - https:\/\/yoast.com\/wordpress\/plugins\/seo\/ -->\n<title>P\u00eanalti - Museu do Futebol<\/title>\n<meta name=\"robots\" content=\"index, follow, max-snippet:-1, max-image-preview:large, max-video-preview:-1\" \/>\n<link rel=\"canonical\" href=\"https:\/\/museudofutebol.org.br\/teste\/penalti\/\" \/>\n<meta property=\"og:locale\" content=\"pt_BR\" \/>\n<meta property=\"og:type\" content=\"article\" \/>\n<meta property=\"og:title\" content=\"P\u00eanalti - Museu do Futebol\" \/>\n<meta property=\"og:description\" content=\"Por Julia Leite Segundo lugar no 2\u00ba Concurso de Cr\u00f4nicas do Museu do Futebol &#8211; 2023\u00a0 Qual \u00e9 a velocidade de um gol? Chutando um n\u00famero: [\u2026]\" \/>\n<meta property=\"og:url\" content=\"https:\/\/museudofutebol.org.br\/teste\/penalti\/\" \/>\n<meta property=\"og:site_name\" content=\"Museu do Futebol\" \/>\n<meta property=\"article:publisher\" content=\"https:\/\/www.facebook.com\/museudofutebol\" \/>\n<meta property=\"og:image\" content=\"https:\/\/museudofutebol.org.br\/teste\/wp-content\/uploads\/2023\/06\/SITE_02_CRONICAS.png\" \/>\n\t<meta property=\"og:image:width\" content=\"681\" \/>\n\t<meta property=\"og:image:height\" content=\"321\" \/>\n\t<meta property=\"og:image:type\" content=\"image\/png\" \/>\n<meta name=\"twitter:card\" content=\"summary_large_image\" \/>\n<meta name=\"twitter:site\" content=\"@museudofutebol\" \/>\n<meta name=\"twitter:label1\" content=\"Est. tempo de leitura\" \/>\n\t<meta name=\"twitter:data1\" content=\"4 minutos\" \/>\n<script type=\"application\/ld+json\" class=\"yoast-schema-graph\">{\"@context\":\"https:\/\/schema.org\",\"@graph\":[{\"@type\":\"WebPage\",\"@id\":\"https:\/\/museudofutebol.org.br\/teste\/penalti\/\",\"url\":\"https:\/\/museudofutebol.org.br\/teste\/penalti\/\",\"name\":\"P\u00eanalti - Museu do Futebol\",\"isPartOf\":{\"@id\":\"https:\/\/museudofutebol.org.br\/teste\/#website\"},\"datePublished\":\"2023-06-15T14:17:52+00:00\",\"dateModified\":\"2023-06-15T14:17:52+00:00\",\"breadcrumb\":{\"@id\":\"https:\/\/museudofutebol.org.br\/teste\/penalti\/#breadcrumb\"},\"inLanguage\":\"pt-BR\",\"potentialAction\":[{\"@type\":\"ReadAction\",\"target\":[\"https:\/\/museudofutebol.org.br\/teste\/penalti\/\"]}]},{\"@type\":\"BreadcrumbList\",\"@id\":\"https:\/\/museudofutebol.org.br\/teste\/penalti\/#breadcrumb\",\"itemListElement\":[{\"@type\":\"ListItem\",\"position\":1,\"name\":\"In\u00edcio\",\"item\":\"https:\/\/museudofutebol.org.br\/teste\/\"},{\"@type\":\"ListItem\",\"position\":2,\"name\":\"P\u00eanalti\"}]},{\"@type\":\"WebSite\",\"@id\":\"https:\/\/museudofutebol.org.br\/teste\/#website\",\"url\":\"https:\/\/museudofutebol.org.br\/teste\/\",\"name\":\"Museu do Futebol\",\"description\":\"\",\"potentialAction\":[{\"@type\":\"SearchAction\",\"target\":{\"@type\":\"EntryPoint\",\"urlTemplate\":\"https:\/\/museudofutebol.org.br\/teste\/?s={search_term_string}\"},\"query-input\":\"required name=search_term_string\"}],\"inLanguage\":\"pt-BR\"}]}<\/script>\n<!-- \/ Yoast SEO plugin. -->","yoast_head_json":{"title":"P\u00eanalti - Museu do Futebol","robots":{"index":"index","follow":"follow","max-snippet":"max-snippet:-1","max-image-preview":"max-image-preview:large","max-video-preview":"max-video-preview:-1"},"canonical":"https:\/\/museudofutebol.org.br\/teste\/penalti\/","og_locale":"pt_BR","og_type":"article","og_title":"P\u00eanalti - Museu do Futebol","og_description":"Por Julia Leite Segundo lugar no 2\u00ba Concurso de Cr\u00f4nicas do Museu do Futebol &#8211; 2023\u00a0 Qual \u00e9 a velocidade de um gol? Chutando um n\u00famero: [\u2026]","og_url":"https:\/\/museudofutebol.org.br\/teste\/penalti\/","og_site_name":"Museu do Futebol","article_publisher":"https:\/\/www.facebook.com\/museudofutebol","og_image":[{"width":681,"height":321,"url":"https:\/\/museudofutebol.org.br\/teste\/wp-content\/uploads\/2023\/06\/SITE_02_CRONICAS.png","type":"image\/png"}],"twitter_card":"summary_large_image","twitter_site":"@museudofutebol","twitter_misc":{"Est. tempo de leitura":"4 minutos"},"schema":{"@context":"https:\/\/schema.org","@graph":[{"@type":"WebPage","@id":"https:\/\/museudofutebol.org.br\/teste\/penalti\/","url":"https:\/\/museudofutebol.org.br\/teste\/penalti\/","name":"P\u00eanalti - Museu do Futebol","isPartOf":{"@id":"https:\/\/museudofutebol.org.br\/teste\/#website"},"datePublished":"2023-06-15T14:17:52+00:00","dateModified":"2023-06-15T14:17:52+00:00","breadcrumb":{"@id":"https:\/\/museudofutebol.org.br\/teste\/penalti\/#breadcrumb"},"inLanguage":"pt-BR","potentialAction":[{"@type":"ReadAction","target":["https:\/\/museudofutebol.org.br\/teste\/penalti\/"]}]},{"@type":"BreadcrumbList","@id":"https:\/\/museudofutebol.org.br\/teste\/penalti\/#breadcrumb","itemListElement":[{"@type":"ListItem","position":1,"name":"In\u00edcio","item":"https:\/\/museudofutebol.org.br\/teste\/"},{"@type":"ListItem","position":2,"name":"P\u00eanalti"}]},{"@type":"WebSite","@id":"https:\/\/museudofutebol.org.br\/teste\/#website","url":"https:\/\/museudofutebol.org.br\/teste\/","name":"Museu do Futebol","description":"","potentialAction":[{"@type":"SearchAction","target":{"@type":"EntryPoint","urlTemplate":"https:\/\/museudofutebol.org.br\/teste\/?s={search_term_string}"},"query-input":"required name=search_term_string"}],"inLanguage":"pt-BR"}]}},"_links":{"self":[{"href":"https:\/\/museudofutebol.org.br\/teste\/wp-json\/wp\/v2\/pages\/9292"}],"collection":[{"href":"https:\/\/museudofutebol.org.br\/teste\/wp-json\/wp\/v2\/pages"}],"about":[{"href":"https:\/\/museudofutebol.org.br\/teste\/wp-json\/wp\/v2\/types\/page"}],"author":[{"embeddable":true,"href":"https:\/\/museudofutebol.org.br\/teste\/wp-json\/wp\/v2\/users\/13"}],"replies":[{"embeddable":true,"href":"https:\/\/museudofutebol.org.br\/teste\/wp-json\/wp\/v2\/comments?post=9292"}],"version-history":[{"count":1,"href":"https:\/\/museudofutebol.org.br\/teste\/wp-json\/wp\/v2\/pages\/9292\/revisions"}],"predecessor-version":[{"id":9294,"href":"https:\/\/museudofutebol.org.br\/teste\/wp-json\/wp\/v2\/pages\/9292\/revisions\/9294"}],"wp:featuredmedia":[{"embeddable":true,"href":"https:\/\/museudofutebol.org.br\/teste\/wp-json\/wp\/v2\/media\/9293"}],"wp:attachment":[{"href":"https:\/\/museudofutebol.org.br\/teste\/wp-json\/wp\/v2\/media?parent=9292"}],"curies":[{"name":"wp","href":"https:\/\/api.w.org\/{rel}","templated":true}]}}