{"id":9296,"date":"2023-06-15T11:25:53","date_gmt":"2023-06-15T14:25:53","guid":{"rendered":"https:\/\/museudofutebol.org.br\/teste\/?page_id=9296"},"modified":"2023-06-15T11:25:53","modified_gmt":"2023-06-15T14:25:53","slug":"dona-ketu-onde-e-que-a-coruja-dorme","status":"publish","type":"page","link":"https:\/\/museudofutebol.org.br\/teste\/dona-ketu-onde-e-que-a-coruja-dorme\/","title":{"rendered":"\u201cDona Ketu, onde \u00e9 que a coruja dorme?\u201d\u00a0"},"content":{"rendered":"<p><em><img decoding=\"async\" loading=\"lazy\" class=\"alignnone size-medium wp-image-9297\" src=\"https:\/\/museudofutebol.org.br\/teste\/wp-content\/uploads\/2023\/06\/SITE_03_CRONICAS-640x302.png\" alt=\"Ilustra\u00e7\u00e3o roxa com desenhos em tra\u00e7o branco bem fino, mostrando uma TV com palha de a\u00e7o na antena, uma bola sendo chutada no \u00e2ngulo e um morro ocupado por casebres.\" width=\"640\" height=\"302\" srcset=\"https:\/\/museudofutebol.org.br\/teste\/wp-content\/uploads\/2023\/06\/SITE_03_CRONICAS-640x302.png 640w, https:\/\/museudofutebol.org.br\/teste\/wp-content\/uploads\/2023\/06\/SITE_03_CRONICAS-260x123.png 260w, https:\/\/museudofutebol.org.br\/teste\/wp-content\/uploads\/2023\/06\/SITE_03_CRONICAS-50x24.png 50w, https:\/\/museudofutebol.org.br\/teste\/wp-content\/uploads\/2023\/06\/SITE_03_CRONICAS-150x71.png 150w, https:\/\/museudofutebol.org.br\/teste\/wp-content\/uploads\/2023\/06\/SITE_03_CRONICAS.png 681w\" sizes=\"(max-width:767px) 480px, 640px\" \/><\/p>\n<p>Por Juliana do Nascimento Correia<br \/>\nTerceiro lugar no 2\u00ba Concurso de Cr\u00f4nicas do Museu do Futebol &#8211; 2023\u00a0<\/em><\/p>\n<p><span data-ccp-props=\"{&quot;201341983&quot;:0,&quot;335559739&quot;:0,&quot;335559740&quot;:240}\">\u00a0<\/span><\/p>\n<p><span data-contrast=\"auto\">Manh\u00e3 de domingo de ver\u00e3o carioca, em 2023. No campinho de futebol, um minuto de sil\u00eancio antes da partida foi o suficiente para eu sofrer de saudade. Agradeci a exist\u00eancia de dona Ketu, mulher preta, enfermeira aposentada do hospital municipal que funciona no bairro. Vi\u00fava, n\u00e3o teve filhos, mas foi a grande matriarca aqui da comunidade.<\/span><span data-ccp-props=\"{&quot;201341983&quot;:0,&quot;335559739&quot;:0,&quot;335559740&quot;:240}\">\u00a0<\/span><\/p>\n<p><span data-contrast=\"auto\">Engajada em tudo o que trouxesse melhorias \u00e0s nossas vidas, costum\u00e1vamos dizer que ela era tamb\u00e9m \u00e1rbitra, t\u00e9cnica, preparadora f\u00edsica e torcedora hist\u00f3rica dos times de futebol que se multiplicaram no alto do morro. Tudo ao mesmo tempo. Apaixonada por futebol, sempre incentivou as meninas para que tamb\u00e9m jogassem no campo de terra batida. Mediou tens\u00f5es entre os garotos, inclusive os mais temidos, famosos n\u00e3o necessariamente por serem craques da bola.<\/span><span data-ccp-props=\"{&quot;201341983&quot;:0,&quot;335559739&quot;:0,&quot;335559740&quot;:240}\">\u00a0<\/span><\/p>\n<p><span data-contrast=\"auto\">Dias antes, minha m\u00e3e contou que toda a comunidade se reunia em volta da televis\u00e3o de dona Ketu para acompanhar os jogos da Copa do Mundo de 1962. Ela ganhou o aparelho de uma m\u00e9dica do hospital onde labutava, tornando-se a primeira moradora do morro a ter uma TV. E colocava o aparelho para fora de casa para que toda a vizinhan\u00e7a acompanhasse as partidas. Enquanto o povo se aglomerava, dona Ketu enrolava um peda\u00e7o de esponja de palha de a\u00e7o \u00e0 antena do televisor, tentando garantir a transmiss\u00e3o. A esta altura, as crian\u00e7as se deliciavam com a pipoca preparada por ela, dispon\u00edvel em uma grande bacia de pl\u00e1stico que circulava de m\u00e3o em m\u00e3o.<\/span><span data-ccp-props=\"{&quot;201341983&quot;:0,&quot;335559739&quot;:0,&quot;335559740&quot;:240}\">\u00a0<\/span><\/p>\n<p><span data-contrast=\"auto\">Quando a Sele\u00e7\u00e3o Brasileira marcava um gol, a euforia era geral. At\u00e9 quem estivesse brigado se abra\u00e7ava, comemorando.<\/span><span data-ccp-props=\"{&quot;201341983&quot;:0,&quot;335559739&quot;:0,&quot;335559740&quot;:240}\">\u00a0<\/span><\/p>\n<p><span data-contrast=\"auto\">Ela viu nascer e crescer muitas gera\u00e7\u00f5es de pessoas aqui do morro. Faz parte da vida de cada um de n\u00f3s. N\u00e3o havia quem n\u00e3o lhe respeitasse, quem n\u00e3o lhe tomasse a b\u00ean\u00e7\u00e3o. N\u00e3o havia quem n\u00e3o tivesse uma boa lembran\u00e7a e n\u00e3o estivesse em l\u00e1grimas, assim como eu, durante aquele minuto de sil\u00eancio.<\/span><span data-ccp-props=\"{&quot;201341983&quot;:0,&quot;335559739&quot;:0,&quot;335559740&quot;:240}\">\u00a0<\/span><\/p>\n<p><span data-contrast=\"auto\">Em 1990, estive pela primeira vez no Maracan\u00e3. Eu tinha apenas 8 anos de idade e, gra\u00e7as aos passeios organizados por ela, entrei no maior est\u00e1dio do mundo (\u00e0 \u00e9poca). Dona Ketu conhecia muita gente no hospital, recebia convites para visita\u00e7\u00f5es e eventos, mas n\u00e3o aceitava ir sozinha. Fazia quest\u00e3o de levar a comunidade junto, da forma que fosse poss\u00edvel. No caso do Maracan\u00e3, n\u00e3o era diferente: ia sempre acompanhada por um grupo de crian\u00e7as e adolescentes do morro.<\/span><span data-ccp-props=\"{&quot;201341983&quot;:0,&quot;335559739&quot;:0,&quot;335559740&quot;:240}\">\u00a0<\/span><\/p>\n<p><span data-contrast=\"auto\">Tal passeio ficou marcado em meu cora\u00e7\u00e3o: lembro dos vesti\u00e1rios, das fotografias e camisas expostas. Sem contar a hora de pisar aquele gramado, palco de grandes momentos do futebol. Na ocasi\u00e3o, nos foi permitido cobrar um p\u00eanalti. Ela, que n\u00e3o perdia a oportunidade de nos educar, se aproximou de mim e disse para que eu chutasse a bola l\u00e1 onde a coruja dorme.<\/span><span data-ccp-props=\"{&quot;201341983&quot;:0,&quot;335559739&quot;:0,&quot;335559740&quot;:240}\">\u00a0<\/span><\/p>\n<p><span data-contrast=\"auto\">&#8211; Dona Ketu, onde \u00e9 que a coruja dorme?, questionei.<\/span><span data-ccp-props=\"{&quot;201341983&quot;:0,&quot;335559739&quot;:0,&quot;335559740&quot;:240}\">\u00a0<\/span><\/p>\n<p><span data-contrast=\"auto\">Ela gargalhou alto. De repente, ficou bem s\u00e9ria, correu, deu um bico na bola com toda for\u00e7a que alcan\u00e7ou o \u00e2ngulo superior esquerdo do gol. A rede balan\u00e7ou logo em seguida.\u00a0<\/span><span data-ccp-props=\"{&quot;201341983&quot;:0,&quot;335559739&quot;:0,&quot;335559740&quot;:240}\">\u00a0<\/span><\/p>\n<p><span data-contrast=\"auto\">&#8211; Viu?, ela me respondeu, sorrindo.<\/span><span data-ccp-props=\"{&quot;201341983&quot;:0,&quot;335559739&quot;:0,&quot;335559740&quot;:240}\">\u00a0<\/span><\/p>\n<p><span data-contrast=\"auto\">Dona Ketu continuar\u00e1 viva em meu cora\u00e7\u00e3o. Em cada detalhe na ornamenta\u00e7\u00e3o da favela nas pr\u00f3ximas copas, em cada drible no campinho e nos desafios cotidianos, em cada vez que um gol for marcado l\u00e1, no \u00e2ngulo entre a trave e o travess\u00e3o. Bem onde a coruja dorme.<\/span><span data-ccp-props=\"{&quot;201341983&quot;:0,&quot;335559739&quot;:0,&quot;335559740&quot;:240}\">\u00a0<\/span><\/p>\n","protected":false},"excerpt":{"rendered":"<p>Por Juliana do Nascimento Correia Terceiro lugar no 2\u00ba Concurso de Cr\u00f4nicas do Museu do Futebol &#8211; 2023\u00a0 \u00a0 Manh\u00e3 de domingo de ver\u00e3o carioca, em<span class=\"excerpt-hellip\"> [\u2026]<\/span><\/p>\n","protected":false},"author":13,"featured_media":9297,"parent":0,"menu_order":0,"comment_status":"closed","ping_status":"closed","template":"","meta":[],"acf":[],"yoast_head":"<!-- This site is optimized with the Yoast SEO plugin v20.8 - https:\/\/yoast.com\/wordpress\/plugins\/seo\/ -->\n<title>\u201cDona Ketu, onde \u00e9 que a coruja dorme?\u201d\u00a0 - Museu do Futebol<\/title>\n<meta name=\"robots\" content=\"index, follow, max-snippet:-1, max-image-preview:large, max-video-preview:-1\" \/>\n<link rel=\"canonical\" href=\"https:\/\/museudofutebol.org.br\/teste\/dona-ketu-onde-e-que-a-coruja-dorme\/\" \/>\n<meta property=\"og:locale\" content=\"pt_BR\" \/>\n<meta property=\"og:type\" content=\"article\" \/>\n<meta property=\"og:title\" content=\"\u201cDona Ketu, onde \u00e9 que a coruja dorme?\u201d\u00a0 - Museu do Futebol\" \/>\n<meta property=\"og:description\" content=\"Por Juliana do Nascimento Correia Terceiro lugar no 2\u00ba Concurso de Cr\u00f4nicas do Museu do Futebol &#8211; 2023\u00a0 \u00a0 Manh\u00e3 de domingo de ver\u00e3o carioca, em [\u2026]\" \/>\n<meta property=\"og:url\" content=\"https:\/\/museudofutebol.org.br\/teste\/dona-ketu-onde-e-que-a-coruja-dorme\/\" \/>\n<meta property=\"og:site_name\" content=\"Museu do Futebol\" \/>\n<meta property=\"article:publisher\" content=\"https:\/\/www.facebook.com\/museudofutebol\" \/>\n<meta property=\"og:image\" content=\"https:\/\/museudofutebol.org.br\/teste\/wp-content\/uploads\/2023\/06\/SITE_03_CRONICAS.png\" \/>\n\t<meta property=\"og:image:width\" content=\"681\" \/>\n\t<meta property=\"og:image:height\" content=\"321\" \/>\n\t<meta property=\"og:image:type\" content=\"image\/png\" \/>\n<meta name=\"twitter:card\" content=\"summary_large_image\" \/>\n<meta name=\"twitter:site\" content=\"@museudofutebol\" \/>\n<meta name=\"twitter:label1\" content=\"Est. tempo de leitura\" \/>\n\t<meta name=\"twitter:data1\" content=\"4 minutos\" \/>\n<script type=\"application\/ld+json\" class=\"yoast-schema-graph\">{\"@context\":\"https:\/\/schema.org\",\"@graph\":[{\"@type\":\"WebPage\",\"@id\":\"https:\/\/museudofutebol.org.br\/teste\/dona-ketu-onde-e-que-a-coruja-dorme\/\",\"url\":\"https:\/\/museudofutebol.org.br\/teste\/dona-ketu-onde-e-que-a-coruja-dorme\/\",\"name\":\"\u201cDona Ketu, onde \u00e9 que a coruja dorme?\u201d\u00a0 - Museu do Futebol\",\"isPartOf\":{\"@id\":\"https:\/\/museudofutebol.org.br\/teste\/#website\"},\"datePublished\":\"2023-06-15T14:25:53+00:00\",\"dateModified\":\"2023-06-15T14:25:53+00:00\",\"breadcrumb\":{\"@id\":\"https:\/\/museudofutebol.org.br\/teste\/dona-ketu-onde-e-que-a-coruja-dorme\/#breadcrumb\"},\"inLanguage\":\"pt-BR\",\"potentialAction\":[{\"@type\":\"ReadAction\",\"target\":[\"https:\/\/museudofutebol.org.br\/teste\/dona-ketu-onde-e-que-a-coruja-dorme\/\"]}]},{\"@type\":\"BreadcrumbList\",\"@id\":\"https:\/\/museudofutebol.org.br\/teste\/dona-ketu-onde-e-que-a-coruja-dorme\/#breadcrumb\",\"itemListElement\":[{\"@type\":\"ListItem\",\"position\":1,\"name\":\"In\u00edcio\",\"item\":\"https:\/\/museudofutebol.org.br\/teste\/\"},{\"@type\":\"ListItem\",\"position\":2,\"name\":\"\u201cDona Ketu, onde \u00e9 que a coruja dorme?\u201d\u00a0\"}]},{\"@type\":\"WebSite\",\"@id\":\"https:\/\/museudofutebol.org.br\/teste\/#website\",\"url\":\"https:\/\/museudofutebol.org.br\/teste\/\",\"name\":\"Museu do Futebol\",\"description\":\"\",\"potentialAction\":[{\"@type\":\"SearchAction\",\"target\":{\"@type\":\"EntryPoint\",\"urlTemplate\":\"https:\/\/museudofutebol.org.br\/teste\/?s={search_term_string}\"},\"query-input\":\"required name=search_term_string\"}],\"inLanguage\":\"pt-BR\"}]}<\/script>\n<!-- \/ Yoast SEO plugin. -->","yoast_head_json":{"title":"\u201cDona Ketu, onde \u00e9 que a coruja dorme?\u201d\u00a0 - Museu do Futebol","robots":{"index":"index","follow":"follow","max-snippet":"max-snippet:-1","max-image-preview":"max-image-preview:large","max-video-preview":"max-video-preview:-1"},"canonical":"https:\/\/museudofutebol.org.br\/teste\/dona-ketu-onde-e-que-a-coruja-dorme\/","og_locale":"pt_BR","og_type":"article","og_title":"\u201cDona Ketu, onde \u00e9 que a coruja dorme?\u201d\u00a0 - Museu do Futebol","og_description":"Por Juliana do Nascimento Correia Terceiro lugar no 2\u00ba Concurso de Cr\u00f4nicas do Museu do Futebol &#8211; 2023\u00a0 \u00a0 Manh\u00e3 de domingo de ver\u00e3o carioca, em [\u2026]","og_url":"https:\/\/museudofutebol.org.br\/teste\/dona-ketu-onde-e-que-a-coruja-dorme\/","og_site_name":"Museu do Futebol","article_publisher":"https:\/\/www.facebook.com\/museudofutebol","og_image":[{"width":681,"height":321,"url":"https:\/\/museudofutebol.org.br\/teste\/wp-content\/uploads\/2023\/06\/SITE_03_CRONICAS.png","type":"image\/png"}],"twitter_card":"summary_large_image","twitter_site":"@museudofutebol","twitter_misc":{"Est. tempo de leitura":"4 minutos"},"schema":{"@context":"https:\/\/schema.org","@graph":[{"@type":"WebPage","@id":"https:\/\/museudofutebol.org.br\/teste\/dona-ketu-onde-e-que-a-coruja-dorme\/","url":"https:\/\/museudofutebol.org.br\/teste\/dona-ketu-onde-e-que-a-coruja-dorme\/","name":"\u201cDona Ketu, onde \u00e9 que a coruja dorme?\u201d\u00a0 - Museu do Futebol","isPartOf":{"@id":"https:\/\/museudofutebol.org.br\/teste\/#website"},"datePublished":"2023-06-15T14:25:53+00:00","dateModified":"2023-06-15T14:25:53+00:00","breadcrumb":{"@id":"https:\/\/museudofutebol.org.br\/teste\/dona-ketu-onde-e-que-a-coruja-dorme\/#breadcrumb"},"inLanguage":"pt-BR","potentialAction":[{"@type":"ReadAction","target":["https:\/\/museudofutebol.org.br\/teste\/dona-ketu-onde-e-que-a-coruja-dorme\/"]}]},{"@type":"BreadcrumbList","@id":"https:\/\/museudofutebol.org.br\/teste\/dona-ketu-onde-e-que-a-coruja-dorme\/#breadcrumb","itemListElement":[{"@type":"ListItem","position":1,"name":"In\u00edcio","item":"https:\/\/museudofutebol.org.br\/teste\/"},{"@type":"ListItem","position":2,"name":"\u201cDona Ketu, onde \u00e9 que a coruja dorme?\u201d\u00a0"}]},{"@type":"WebSite","@id":"https:\/\/museudofutebol.org.br\/teste\/#website","url":"https:\/\/museudofutebol.org.br\/teste\/","name":"Museu do Futebol","description":"","potentialAction":[{"@type":"SearchAction","target":{"@type":"EntryPoint","urlTemplate":"https:\/\/museudofutebol.org.br\/teste\/?s={search_term_string}"},"query-input":"required name=search_term_string"}],"inLanguage":"pt-BR"}]}},"_links":{"self":[{"href":"https:\/\/museudofutebol.org.br\/teste\/wp-json\/wp\/v2\/pages\/9296"}],"collection":[{"href":"https:\/\/museudofutebol.org.br\/teste\/wp-json\/wp\/v2\/pages"}],"about":[{"href":"https:\/\/museudofutebol.org.br\/teste\/wp-json\/wp\/v2\/types\/page"}],"author":[{"embeddable":true,"href":"https:\/\/museudofutebol.org.br\/teste\/wp-json\/wp\/v2\/users\/13"}],"replies":[{"embeddable":true,"href":"https:\/\/museudofutebol.org.br\/teste\/wp-json\/wp\/v2\/comments?post=9296"}],"version-history":[{"count":1,"href":"https:\/\/museudofutebol.org.br\/teste\/wp-json\/wp\/v2\/pages\/9296\/revisions"}],"predecessor-version":[{"id":9298,"href":"https:\/\/museudofutebol.org.br\/teste\/wp-json\/wp\/v2\/pages\/9296\/revisions\/9298"}],"wp:featuredmedia":[{"embeddable":true,"href":"https:\/\/museudofutebol.org.br\/teste\/wp-json\/wp\/v2\/media\/9297"}],"wp:attachment":[{"href":"https:\/\/museudofutebol.org.br\/teste\/wp-json\/wp\/v2\/media?parent=9296"}],"curies":[{"name":"wp","href":"https:\/\/api.w.org\/{rel}","templated":true}]}}